{"id":274010,"date":"2025-10-24T00:32:30","date_gmt":"2025-10-24T00:32:30","guid":{"rendered":"https:\/\/fashiongold.lt\/papuosalas\/muljetavaldav-smaragd-valgest-kullast-sormus-smaragdi-ja-teemantidega-296-ct\/"},"modified":"2025-10-24T00:32:30","modified_gmt":"2025-10-24T00:32:30","slug":"muljetavaldav-smaragd-valgest-kullast-sormus-smaragdi-ja-teemantidega-296-ct","status":"publish","type":"product","link":"https:\/\/fashiongold.lt\/et\/papuosalas\/muljetavaldav-smaragd-valgest-kullast-sormus-smaragdi-ja-teemantidega-296-ct\/","title":{"rendered":"Muljetavaldav smaragd &#8211; valgest kullast s\u00f5rmus smaragdi ja teemantidega (2,96 ct)"},"content":{"rendered":"<p style=\"box-sizing: inherit; margin: 0px; color: #777777; font-family: Roboto; font-size: 16px; background-color: #fbfbfb;\" data-mce-style=\"box-sizing: inherit; margin: 0px; color: #777777; font-family: Roboto; font-size: 16px; background-color: #fbfbfb;\">Valmistatud Saksamaal kvaliteetsetest v\u00e4\u00e4riskividest. Suurep\u00e4rane valik stiilsele naisele. Smaragdi maagiline j\u00f5ud \u2013 toimib amuleti v\u00f5i talismanina, annab omanikule tervist, energiat, toob edu \u00e4ris, t\u00f6\u00f6l ja isiklikus elus. Smaragd sobib S\u00f5nnile, Kaksikutele, L\u00f5vile, V\u00e4hile, Kaladele, Amburile.&nbsp; &#038;nbsp<\/p>\n<p style=\"box-sizing: inherit; margin: 0px; color: #777777; font-family: Roboto; font-size: 16px; background-color: #fbfbfb;\" data-mce-style=\"box-sizing: inherit; margin: 0px; color: #777777; font-family: Roboto; font-size: 16px; background-color: #fbfbfb;\">\u2022 S\u00f5rmuse kuld: 18 karaati (proov 750)&nbsp; &#038;nbsp<\/p>\n<p style=\"box-sizing: inherit; margin: 0px; color: #777777; font-family: Roboto; font-size: 16px; background-color: #fbfbfb;\" data-mce-style=\"box-sizing: inherit; margin: 0px; color: #777777; font-family: Roboto; font-size: 16px; background-color: #fbfbfb;\">\u2022 S\u00f5rmuse v\u00e4rvus: kollane kuld&nbsp; &nbsp; &nbsp; &#038;nbsp<\/p>\n<p style=\"box-sizing: inherit; margin: 0px; color: #777777; font-family: Roboto; font-size: 16px; background-color: #fbfbfb;\" data-mce-style=\"box-sizing: inherit; margin: 0px; color: #777777; font-family: Roboto; font-size: 16px; background-color: #fbfbfb;\">\u2022 S\u00f5rmuse kaal: umbes 3,50 &#8211; 4,00 g&nbsp; &nbsp; &nbsp; &#038;nbsp<\/p>\n<p style=\"box-sizing: inherit; margin: 0px; color: #777777; font-family: Roboto; font-size: 16px; background-color: #fbfbfb;\" data-mce-style=\"box-sizing: inherit; margin: 0px; color: #777777; font-family: Roboto; font-size: 16px; background-color: #fbfbfb;\">\u2022 Teemandi t\u00fc\u00fcp: Looduslik teemant&nbsp; &nbsp; &#038;nbsp<\/p>\n<p style=\"box-sizing: inherit; margin: 0px; color: #777777; font-family: Roboto; font-size: 16px; background-color: #fbfbfb;\" data-mce-style=\"box-sizing: inherit; margin: 0px; color: #777777; font-family: Roboto; font-size: 16px; background-color: #fbfbfb;\">\u2022 Teemandi kuju: Ristk\u00fclikukujuline (Emerald cut)&nbsp; &nbsp; &#038;nbsp<\/p>\n<p style=\"box-sizing: inherit; margin: 0px; color: #777777; font-family: Roboto; font-size: 16px; background-color: #fbfbfb;\" data-mce-style=\"box-sizing: inherit; margin: 0px; color: #777777; font-family: Roboto; font-size: 16px; background-color: #fbfbfb;\">\u2022 Teemandi omadused: 0,40 ct, v\u00e4rvus G-H (RW-W); puhtus SI&nbsp; &nbsp; &#038;nbsp<\/p>\n<p style=\"box-sizing: inherit; margin: 0px; color: #777777; font-family: Roboto; font-size: 16px; background-color: #fbfbfb;\" data-mce-style=\"box-sizing: inherit; margin: 0px; color: #777777; font-family: Roboto; font-size: 16px; background-color: #fbfbfb;\">\u2022 Keskne kivi: ristk\u00fclikukujuline tsitriin &#8211; 2,56 ct&nbsp; &nbsp; &nbsp; &#038;nbsp<\/p>\n<p style=\"box-sizing: inherit; margin: 0px; color: #777777; font-family: Roboto; font-size: 16px; background-color: #fbfbfb;\" data-mce-style=\"box-sizing: inherit; margin: 0px; color: #777777; font-family: Roboto; font-size: 16px; background-color: #fbfbfb;\">\u2022 Sertifikaat: Leedu Proovikoda (LPR)&nbsp; &nbsp; &nbsp; &#038;nbsp<\/p>\n<p style=\"box-sizing: inherit; margin: 0px; color: #777777; font-family: Roboto; font-size: 16px; background-color: #fbfbfb;\" data-mce-style=\"box-sizing: inherit; margin: 0px; color: #777777; font-family: Roboto; font-size: 16px; background-color: #fbfbfb;\">\u2022 S\u00f5rmuse m\u00f5\u00f5tmed:&nbsp; &#038;nbsp<\/p>\n<p style=\"box-sizing: inherit; margin: 0px; color: #777777; font-family: Roboto; font-size: 16px; background-color: #fbfbfb;\" data-mce-style=\"box-sizing: inherit; margin: 0px; color: #777777; font-family: Roboto; font-size: 16px; background-color: #fbfbfb;\">\u2022 Tasuta graveerimine&nbsp; &nbsp; &#038;nbsp<\/p>\n<p style=\"box-sizing: inherit; margin: 0px; color: #777777; font-family: Roboto; font-size: 16px; background-color: #fbfbfb;\" data-mce-style=\"box-sizing: inherit; margin: 0px; color: #777777; font-family: Roboto; font-size: 16px; background-color: #fbfbfb;\">\u2022 \u00dchekordne tasuta s\u00f5rmuse suuruse muutmise garantii&nbsp; &nbsp; &#038;nbsp<\/p>\n<p style=\"box-sizing: inherit; margin: 0px; color: #777777; font-family: Roboto; font-size: 16px; background-color: #fbfbfb;\" data-mce-style=\"box-sizing: inherit; margin: 0px; color: #777777; font-family: Roboto; font-size: 16px; background-color: #fbfbfb;\">\u2022 Valmistamise ja tarne t\u00e4htaeg alates 14 t\u00f6\u00f6p\u00e4evast, kiirkorras 3 t\u00f6\u00f6p\u00e4eva jooksul.&#038;nbsp<\/p>\n<p style=\"box-sizing: inherit; margin: 0px; color: #777777; font-family: Roboto; font-size: 16px; background-color: #fbfbfb;\" data-mce-style=\"box-sizing: inherit; margin: 0px; color: #777777; font-family: Roboto; font-size: 16px; background-color: #fbfbfb;\"><strong>On teil oma kulda? V\u00f5tke \u00fchendust, arvutame hinna \u00fcmber \u2013 maksate vaid s\u00f5rmuse valmistamise eest.<\/strong><\/p>\n","protected":false},"excerpt":{"rendered":"<p>Muljetavaldav, klassikalise disainiga valgest kullast s\u00f5rmus loodusliku k\u00f5rgekvaliteedilise ristk\u00fclikukujulise smaragdi ja teemantidega. Smaragd on keskel, ristk\u00fclikukujulised teemandid on asetatud m\u00f5lemale poole. Eriline s\u00f5rmus stiilsele naisele. Sobib suurep\u00e4raselt kihlumiseks ja igap\u00e4evaseks kandmiseks, lisades teie stiilile luksust.&#038;nbsp<\/p>\n","protected":false},"featured_media":250739,"template":"","meta":{"site-sidebar-layout":"","site-content-layout":"","ast-site-content-layout":"","site-content-style":"","site-sidebar-style":"","ast-global-header-display":"","ast-banner-title-visibility":"","ast-main-header-display":"","ast-hfb-above-header-display":"","ast-hfb-below-header-display":"","ast-hfb-mobile-header-display":"","site-post-title":"","ast-breadcrumbs-content":"","ast-featured-img":"","footer-sml-layout":"","ast-disable-related-posts":"","theme-transparent-header-meta":"","adv-header-id-meta":"","stick-header-meta":"","header-above-stick-meta":"","header-main-stick-meta":"","header-below-stick-meta":"","astra-migrate-meta-layouts":"default","ast-page-background-enabled":"default","ast-page-background-meta":{"desktop":{"background-color":"var(--ast-global-color-4)","background-image":"","background-repeat":"repeat","background-position":"center center","background-size":"auto","background-attachment":"scroll","background-type":"","background-media":"","overlay-type":"","overlay-color":"","overlay-opacity":"","overlay-gradient":""},"tablet":{"background-color":"","background-image":"","background-repeat":"repeat","background-position":"center center","background-size":"auto","background-attachment":"scroll","background-type":"","background-media":"","overlay-type":"","overlay-color":"","overlay-opacity":"","overlay-gradient":""},"mobile":{"background-color":"","background-image":"","background-repeat":"repeat","background-position":"center center","background-size":"auto","background-attachment":"scroll","background-type":"","background-media":"","overlay-type":"","overlay-color":"","overlay-opacity":"","overlay-gradient":""}},"ast-content-background-meta":{"desktop":{"background-color":"var(--ast-global-color-5)","background-image":"","background-repeat":"repeat","background-position":"center center","background-size":"auto","background-attachment":"scroll","background-type":"","background-media":"","overlay-type":"","overlay-color":"","overlay-opacity":"","overlay-gradient":""},"tablet":{"background-color":"var(--ast-global-color-5)","background-image":"","background-repeat":"repeat","background-position":"center center","background-size":"auto","background-attachment":"scroll","background-type":"","background-media":"","overlay-type":"","overlay-color":"","overlay-opacity":"","overlay-gradient":""},"mobile":{"background-color":"var(--ast-global-color-5)","background-image":"","background-repeat":"repeat","background-position":"center center","background-size":"auto","background-attachment":"scroll","background-type":"","background-media":"","overlay-type":"","overlay-color":"","overlay-opacity":"","overlay-gradient":""}}},"product_brand":[],"product_cat":[3058,2830,2826,3422,3421,3423,2823,2828,2822,2824,3392,2821,3493,3494,2845,2848,2827],"product_tag":[],"class_list":{"0":"post-274010","1":"product","2":"type-product","3":"status-publish","4":"has-post-thumbnail","6":"product_cat-ehted","7":"product_cat-emadepaeva-kingitused","8":"product_cat-joulukingid","9":"product_cat-kihlasormused","10":"product_cat-kihlasormused-smaragdiga","11":"product_cat-kihlasormused-vaariskividega","12":"product_cat-kingitused-lapse-sunni-puhul","13":"product_cat-kingitused-lopetamise-puhul","14":"product_cat-kingitused-naistele","15":"product_cat-kingitused-pulma-aastapaeva-puhul","16":"product_cat-kingitused-pulmade-puhul","17":"product_cat-kingitused-sunnipaevaks","18":"product_cat-smaragd-smaragdiga-ehted","19":"product_cat-smaragd-smaragdiga-sormused","20":"product_cat-sobrapaeva-kingitused","21":"product_cat-vaariskividega-sormused","22":"product_cat-valgest-kullast-ehted","23":"desktop-align-center","24":"tablet-align-left","25":"mobile-align-left","26":"ast-product-gallery-layout-horizontal-slider","27":"ast-product-gallery-with-no-image","28":"ast-product-single-variable","29":"ast-product-tabs-layout-accordion","30":"ast-qv-on-image","32":"first","33":"instock","34":"taxable","35":"shipping-taxable","36":"purchasable","37":"product-type-variable"},"yoast_head":"<!-- This site is optimized with the Yoast SEO plugin v26.6 - https:\/\/yoast.com\/wordpress\/plugins\/seo\/ -->\n<title>V\u00f5rratu Smaragd - valgest kullast s\u00f5rmus smaragdi ja teemantidega<\/title>\n<meta name=\"description\" content=\"Muljetavaldav, klassikalise disainiga s\u00f5rmus loodusliku k\u00f5rgekvaliteedilise ristk\u00fclikukujulise smaragdi ja teemantidega. Eksklusiivne s\u00f5rmus stiilsele naisele.\" \/>\n<meta name=\"robots\" content=\"index, follow, max-snippet:-1, max-image-preview:large, max-video-preview:-1\" \/>\n<link rel=\"canonical\" href=\"https:\/\/fashiongold.lt\/et\/papuosalas\/muljetavaldav-smaragd-valgest-kullast-sormus-smaragdi-ja-teemantidega-296-ct\/\" \/>\n<meta property=\"og:locale\" content=\"et_EE\" \/>\n<meta property=\"og:type\" content=\"article\" \/>\n<meta property=\"og:title\" content=\"V\u00f5rratu Smaragd - valgest kullast s\u00f5rmus smaragdi ja teemantidega\" \/>\n<meta property=\"og:description\" content=\"Muljetavaldav, klassikalise disainiga s\u00f5rmus loodusliku k\u00f5rgekvaliteedilise ristk\u00fclikukujulise smaragdi ja teemantidega. Eksklusiivne s\u00f5rmus stiilsele naisele.\" \/>\n<meta property=\"og:url\" content=\"https:\/\/fashiongold.lt\/et\/papuosalas\/muljetavaldav-smaragd-valgest-kullast-sormus-smaragdi-ja-teemantidega-296-ct\/\" \/>\n<meta property=\"og:site_name\" content=\"FashionGold.lt\" \/>\n<meta property=\"og:image\" content=\"https:\/\/fashiongold.lt\/wp-content\/uploads\/2025\/10\/11605-7e8-Ispudingas-Smaragdas-balto-aukso-ziedas-su-smaragdu-ir-deimantais.webp\" \/>\n\t<meta property=\"og:image:width\" content=\"1000\" \/>\n\t<meta property=\"og:image:height\" content=\"1000\" \/>\n\t<meta property=\"og:image:type\" content=\"image\/png\" \/>\n<meta name=\"twitter:card\" content=\"summary_large_image\" \/>\n<meta name=\"twitter:label1\" content=\"Est. reading time\" \/>\n\t<meta name=\"twitter:data1\" content=\"1 minut\" \/>\n<script type=\"application\/ld+json\" class=\"yoast-schema-graph\">{\"@context\":\"https:\/\/schema.org\",\"@graph\":[{\"@type\":\"WebPage\",\"@id\":\"https:\/\/fashiongold.lt\/et\/papuosalas\/muljetavaldav-smaragd-valgest-kullast-sormus-smaragdi-ja-teemantidega-296-ct\/\",\"url\":\"https:\/\/fashiongold.lt\/et\/papuosalas\/muljetavaldav-smaragd-valgest-kullast-sormus-smaragdi-ja-teemantidega-296-ct\/\",\"name\":\"V\u00f5rratu Smaragd - valgest kullast s\u00f5rmus smaragdi ja teemantidega\",\"isPartOf\":{\"@id\":\"https:\/\/fashiongold.lt\/et\/#website\"},\"primaryImageOfPage\":{\"@id\":\"https:\/\/fashiongold.lt\/et\/papuosalas\/muljetavaldav-smaragd-valgest-kullast-sormus-smaragdi-ja-teemantidega-296-ct\/#primaryimage\"},\"image\":{\"@id\":\"https:\/\/fashiongold.lt\/et\/papuosalas\/muljetavaldav-smaragd-valgest-kullast-sormus-smaragdi-ja-teemantidega-296-ct\/#primaryimage\"},\"thumbnailUrl\":\"https:\/\/fashiongold.lt\/wp-content\/uploads\/2025\/10\/11605-7e8-Ispudingas-Smaragdas-balto-aukso-ziedas-su-smaragdu-ir-deimantais.png\",\"datePublished\":\"2025-10-24T00:32:30+00:00\",\"description\":\"Muljetavaldav, klassikalise disainiga s\u00f5rmus loodusliku k\u00f5rgekvaliteedilise ristk\u00fclikukujulise smaragdi ja teemantidega. Eksklusiivne s\u00f5rmus stiilsele naisele.\",\"breadcrumb\":{\"@id\":\"https:\/\/fashiongold.lt\/et\/papuosalas\/muljetavaldav-smaragd-valgest-kullast-sormus-smaragdi-ja-teemantidega-296-ct\/#breadcrumb\"},\"inLanguage\":\"et\",\"potentialAction\":[{\"@type\":\"ReadAction\",\"target\":[\"https:\/\/fashiongold.lt\/et\/papuosalas\/muljetavaldav-smaragd-valgest-kullast-sormus-smaragdi-ja-teemantidega-296-ct\/\"]}]},{\"@type\":\"ImageObject\",\"inLanguage\":\"et\",\"@id\":\"https:\/\/fashiongold.lt\/et\/papuosalas\/muljetavaldav-smaragd-valgest-kullast-sormus-smaragdi-ja-teemantidega-296-ct\/#primaryimage\",\"url\":\"https:\/\/fashiongold.lt\/wp-content\/uploads\/2025\/10\/11605-7e8-Ispudingas-Smaragdas-balto-aukso-ziedas-su-smaragdu-ir-deimantais.png\",\"contentUrl\":\"https:\/\/fashiongold.lt\/wp-content\/uploads\/2025\/10\/11605-7e8-Ispudingas-Smaragdas-balto-aukso-ziedas-su-smaragdu-ir-deimantais.png\",\"width\":1000,\"height\":1000},{\"@type\":\"BreadcrumbList\",\"@id\":\"https:\/\/fashiongold.lt\/et\/papuosalas\/muljetavaldav-smaragd-valgest-kullast-sormus-smaragdi-ja-teemantidega-296-ct\/#breadcrumb\",\"itemListElement\":[{\"@type\":\"ListItem\",\"position\":1,\"name\":\"Home\",\"item\":\"https:\/\/fashiongold.lt\/et\/\"},{\"@type\":\"ListItem\",\"position\":2,\"name\":\"Teemantide pood Fashiongold.lt\",\"item\":\"https:\/\/fashiongold.lt\/shop-2\/\"},{\"@type\":\"ListItem\",\"position\":3,\"name\":\"Muljetavaldav smaragd &#8211; valgest kullast s\u00f5rmus smaragdi ja teemantidega (2,96 ct)\"}]},{\"@type\":\"WebSite\",\"@id\":\"https:\/\/fashiongold.lt\/et\/#website\",\"url\":\"https:\/\/fashiongold.lt\/et\/\",\"name\":\"Fashion Gold\",\"description\":\"Juvelyrikos namai\",\"publisher\":{\"@id\":\"https:\/\/fashiongold.lt\/et\/#organization\"},\"potentialAction\":[{\"@type\":\"SearchAction\",\"target\":{\"@type\":\"EntryPoint\",\"urlTemplate\":\"https:\/\/fashiongold.lt\/et\/?s={search_term_string}\"},\"query-input\":{\"@type\":\"PropertyValueSpecification\",\"valueRequired\":true,\"valueName\":\"search_term_string\"}}],\"inLanguage\":\"et\"},{\"@type\":\"Organization\",\"@id\":\"https:\/\/fashiongold.lt\/et\/#organization\",\"name\":\"Topdiamonds Online\",\"url\":\"https:\/\/fashiongold.lt\/et\/\",\"logo\":{\"@type\":\"ImageObject\",\"inLanguage\":\"et\",\"@id\":\"https:\/\/fashiongold.lt\/et\/#\/schema\/logo\/image\/\",\"url\":\"https:\/\/fashiongold.lt\/wp-content\/uploads\/2025\/04\/cropped-fashion_gold_logotipas2-scaled-1.png\",\"contentUrl\":\"https:\/\/fashiongold.lt\/wp-content\/uploads\/2025\/04\/cropped-fashion_gold_logotipas2-scaled-1.png\",\"width\":2559,\"height\":421,\"caption\":\"Topdiamonds Online\"},\"image\":{\"@id\":\"https:\/\/fashiongold.lt\/et\/#\/schema\/logo\/image\/\"}}]}<\/script>\n<!-- \/ Yoast SEO plugin. -->","yoast_head_json":{"title":"V\u00f5rratu Smaragd - valgest kullast s\u00f5rmus smaragdi ja teemantidega","description":"Muljetavaldav, klassikalise disainiga s\u00f5rmus loodusliku k\u00f5rgekvaliteedilise ristk\u00fclikukujulise smaragdi ja teemantidega. Eksklusiivne s\u00f5rmus stiilsele naisele.","robots":{"index":"index","follow":"follow","max-snippet":"max-snippet:-1","max-image-preview":"max-image-preview:large","max-video-preview":"max-video-preview:-1"},"canonical":"https:\/\/fashiongold.lt\/et\/papuosalas\/muljetavaldav-smaragd-valgest-kullast-sormus-smaragdi-ja-teemantidega-296-ct\/","og_locale":"et_EE","og_type":"article","og_title":"V\u00f5rratu Smaragd - valgest kullast s\u00f5rmus smaragdi ja teemantidega","og_description":"Muljetavaldav, klassikalise disainiga s\u00f5rmus loodusliku k\u00f5rgekvaliteedilise ristk\u00fclikukujulise smaragdi ja teemantidega. Eksklusiivne s\u00f5rmus stiilsele naisele.","og_url":"https:\/\/fashiongold.lt\/et\/papuosalas\/muljetavaldav-smaragd-valgest-kullast-sormus-smaragdi-ja-teemantidega-296-ct\/","og_site_name":"FashionGold.lt","og_image":[{"width":1000,"height":1000,"url":"https:\/\/fashiongold.lt\/wp-content\/uploads\/2025\/10\/11605-7e8-Ispudingas-Smaragdas-balto-aukso-ziedas-su-smaragdu-ir-deimantais.webp","type":"image\/png"}],"twitter_card":"summary_large_image","twitter_misc":{"Est. reading time":"1 minut"},"schema":{"@context":"https:\/\/schema.org","@graph":[{"@type":"WebPage","@id":"https:\/\/fashiongold.lt\/et\/papuosalas\/muljetavaldav-smaragd-valgest-kullast-sormus-smaragdi-ja-teemantidega-296-ct\/","url":"https:\/\/fashiongold.lt\/et\/papuosalas\/muljetavaldav-smaragd-valgest-kullast-sormus-smaragdi-ja-teemantidega-296-ct\/","name":"V\u00f5rratu Smaragd - valgest kullast s\u00f5rmus smaragdi ja teemantidega","isPartOf":{"@id":"https:\/\/fashiongold.lt\/et\/#website"},"primaryImageOfPage":{"@id":"https:\/\/fashiongold.lt\/et\/papuosalas\/muljetavaldav-smaragd-valgest-kullast-sormus-smaragdi-ja-teemantidega-296-ct\/#primaryimage"},"image":{"@id":"https:\/\/fashiongold.lt\/et\/papuosalas\/muljetavaldav-smaragd-valgest-kullast-sormus-smaragdi-ja-teemantidega-296-ct\/#primaryimage"},"thumbnailUrl":"https:\/\/fashiongold.lt\/wp-content\/uploads\/2025\/10\/11605-7e8-Ispudingas-Smaragdas-balto-aukso-ziedas-su-smaragdu-ir-deimantais.png","datePublished":"2025-10-24T00:32:30+00:00","description":"Muljetavaldav, klassikalise disainiga s\u00f5rmus loodusliku k\u00f5rgekvaliteedilise ristk\u00fclikukujulise smaragdi ja teemantidega. Eksklusiivne s\u00f5rmus stiilsele naisele.","breadcrumb":{"@id":"https:\/\/fashiongold.lt\/et\/papuosalas\/muljetavaldav-smaragd-valgest-kullast-sormus-smaragdi-ja-teemantidega-296-ct\/#breadcrumb"},"inLanguage":"et","potentialAction":[{"@type":"ReadAction","target":["https:\/\/fashiongold.lt\/et\/papuosalas\/muljetavaldav-smaragd-valgest-kullast-sormus-smaragdi-ja-teemantidega-296-ct\/"]}]},{"@type":"ImageObject","inLanguage":"et","@id":"https:\/\/fashiongold.lt\/et\/papuosalas\/muljetavaldav-smaragd-valgest-kullast-sormus-smaragdi-ja-teemantidega-296-ct\/#primaryimage","url":"https:\/\/fashiongold.lt\/wp-content\/uploads\/2025\/10\/11605-7e8-Ispudingas-Smaragdas-balto-aukso-ziedas-su-smaragdu-ir-deimantais.png","contentUrl":"https:\/\/fashiongold.lt\/wp-content\/uploads\/2025\/10\/11605-7e8-Ispudingas-Smaragdas-balto-aukso-ziedas-su-smaragdu-ir-deimantais.png","width":1000,"height":1000},{"@type":"BreadcrumbList","@id":"https:\/\/fashiongold.lt\/et\/papuosalas\/muljetavaldav-smaragd-valgest-kullast-sormus-smaragdi-ja-teemantidega-296-ct\/#breadcrumb","itemListElement":[{"@type":"ListItem","position":1,"name":"Home","item":"https:\/\/fashiongold.lt\/et\/"},{"@type":"ListItem","position":2,"name":"Teemantide pood Fashiongold.lt","item":"https:\/\/fashiongold.lt\/shop-2\/"},{"@type":"ListItem","position":3,"name":"Muljetavaldav smaragd &#8211; valgest kullast s\u00f5rmus smaragdi ja teemantidega (2,96 ct)"}]},{"@type":"WebSite","@id":"https:\/\/fashiongold.lt\/et\/#website","url":"https:\/\/fashiongold.lt\/et\/","name":"Fashion Gold","description":"Juvelyrikos namai","publisher":{"@id":"https:\/\/fashiongold.lt\/et\/#organization"},"potentialAction":[{"@type":"SearchAction","target":{"@type":"EntryPoint","urlTemplate":"https:\/\/fashiongold.lt\/et\/?s={search_term_string}"},"query-input":{"@type":"PropertyValueSpecification","valueRequired":true,"valueName":"search_term_string"}}],"inLanguage":"et"},{"@type":"Organization","@id":"https:\/\/fashiongold.lt\/et\/#organization","name":"Topdiamonds Online","url":"https:\/\/fashiongold.lt\/et\/","logo":{"@type":"ImageObject","inLanguage":"et","@id":"https:\/\/fashiongold.lt\/et\/#\/schema\/logo\/image\/","url":"https:\/\/fashiongold.lt\/wp-content\/uploads\/2025\/04\/cropped-fashion_gold_logotipas2-scaled-1.png","contentUrl":"https:\/\/fashiongold.lt\/wp-content\/uploads\/2025\/04\/cropped-fashion_gold_logotipas2-scaled-1.png","width":2559,"height":421,"caption":"Topdiamonds Online"},"image":{"@id":"https:\/\/fashiongold.lt\/et\/#\/schema\/logo\/image\/"}}]}},"_links":{"self":[{"href":"https:\/\/fashiongold.lt\/et\/wp-json\/wp\/v2\/product\/274010","targetHints":{"allow":["GET"]}}],"collection":[{"href":"https:\/\/fashiongold.lt\/et\/wp-json\/wp\/v2\/product"}],"about":[{"href":"https:\/\/fashiongold.lt\/et\/wp-json\/wp\/v2\/types\/product"}],"version-history":[{"count":0,"href":"https:\/\/fashiongold.lt\/et\/wp-json\/wp\/v2\/product\/274010\/revisions"}],"wp:featuredmedia":[{"embeddable":true,"href":"https:\/\/fashiongold.lt\/et\/wp-json\/wp\/v2\/media\/250739"}],"wp:attachment":[{"href":"https:\/\/fashiongold.lt\/et\/wp-json\/wp\/v2\/media?parent=274010"}],"wp:term":[{"taxonomy":"product_brand","embeddable":true,"href":"https:\/\/fashiongold.lt\/et\/wp-json\/wp\/v2\/product_brand?post=274010"},{"taxonomy":"product_cat","embeddable":true,"href":"https:\/\/fashiongold.lt\/et\/wp-json\/wp\/v2\/product_cat?post=274010"},{"taxonomy":"product_tag","embeddable":true,"href":"https:\/\/fashiongold.lt\/et\/wp-json\/wp\/v2\/product_tag?post=274010"}],"curies":[{"name":"wp","href":"https:\/\/api.w.org\/{rel}","templated":true}]}}