{"id":274037,"date":"2025-12-27T13:26:36","date_gmt":"2025-12-27T13:26:36","guid":{"rendered":"https:\/\/fashiongold.lt\/papuosalas\/peridoot-peridoodi-ja-teemantidega-ripats-ai-juveliir\/"},"modified":"2025-12-27T13:26:36","modified_gmt":"2025-12-27T13:26:36","slug":"peridoot-peridoodi-ja-teemantidega-ripats-ai-juveliir","status":"publish","type":"product","link":"https:\/\/fashiongold.lt\/et\/papuosalas\/peridoot-peridoodi-ja-teemantidega-ripats-ai-juveliir\/","title":{"rendered":"Peridoot &#8211; Peridoodi ja teemantidega ripats. AI Juveliir"},"content":{"rendered":"<h2 data-start=\"209\" data-end=\"300\">AI Juveliir: <strong data-start=\"108\" data-end=\"183\">peridoodiga ripats \u2013 valmistamine eritellimusena<\/strong><\/h2>\n<p data-start=\"185\" data-end=\"732\">See rohelise peridoodiga ripats on juveliiri loodud ja valmistatud eritellimusprojekt, kus iga detail on l\u00e4bi m\u00f5eldud vastavalt valitud v\u00e4\u00e4riskivile \u2013 peridoodile. Tegemist ei ole seeriatootega, vaid t\u00f5elise juveelit\u00f6\u00f6ga, mis saab alguse ideest ja l\u00f5peb k\u00e4sitsi valminud ainulaadse ripatsiga. Juveliir valmistab lisaks ripatsitele ka k\u00f5rvar\u00f5ngaid ja muid ehteid eritellimusel, r\u00f5hutades nende kvaliteeti ja eksklusiivsust. Peridoodi, selle varjundite ja omaduste kohta saate rohkem lugeda eraldi kirjeldusest.<\/p>\n<p data-start=\"734\" data-end=\"1192\">Peridoodiga ripatsit projekteerides hindab juveliir esmalt selle v\u00e4\u00e4riskivi omadusi \u2013 selle kirgast rohelist v\u00e4rvi, l\u00e4bipaistvust, kuju ja proportsioone. Just konkreetse peridoodi j\u00e4rgi luuakse kogu disain: krooni k\u00f5rgus, halo-teemantide asetus, ripatsi laius ja kuju. Iga ripats ja muu ehe n\u00f5uab erakordselt hoolikat ja professionaalset t\u00f6\u00f6d, mis v\u00f5imaldab saavutada t\u00e4iusliku tasakaalu esteetika, mugavuse ja vastupidavuse vahel.<\/p>\n<p data-start=\"1194\" data-end=\"1297\">Rohelise peridoodiga ripats valmistatakse eritellimusena, seega saame kohandada:<\/p>\n<ul>\n<li>mis tahes <a href=\"https:\/\/fashiongold.lt\/et\/patarimai-et\/kulla-varv-mida-tasub-teada-erinevate-varjundite-ja-nende-omaduste-kohta\/\" target=\"_self\" rel=\"noopener noreferrer\">kullatooni<\/a> (valge, kollane v\u00f5i punane),<\/li>\n<li><a href=\"https:\/\/fashiongold.lt\/et\/patarimai-et\/kulla-proov-ehetele-kuidas-valida-oiget\/\" target=\"_self\" rel=\"noopener noreferrer\">soovitud kullaproovi 585 v\u00f5i 750<\/a>,<\/li>\n<li>teemantide erinevat suurust ja asetust,<\/li>\n<li>peridoodi individuaalset varjundit \u2013 \u00f5rnast heledast rohelisest kuni s\u00fcgavama oliivi- v\u00f5i kollakasrohelise toonini.<span style=\"font-size: 16px;\">\u00a0<\/span><\/li>\n<\/ul>\n<p>Valides ripatsit v\u00f5i muud ehet eritellimusena, on k\u00f5ige olulisem see, mis vastab teie isiksusele, stiilile ja vajadustele.<\/p>\n<p>Selles mudelis on valitud halo-disain, mis r\u00f5hutab delikaatselt peridoodi s\u00e4ra ning annab ripatsile t\u00e4iendavat luksust ja eksklusiivsust. V\u00e4ikesed teemandid raamivad elegantselt keskset kivi ja tugevdavad valguse m\u00e4ngu, samas kui v\u00e4\u00e4riskivi ise \u2013 peridoot \u2013 muutub peamiseks visuaalseks aktsendiks. Eksklusiivsete v\u00e4\u00e4riskivide seas tasub mainida ka <a href=\"https:\/\/fashiongold.lt\/et\/safiir-tarkuse-rahu-ja-truuduse-kivi-ehtekunstis\/\"><strong data-start=\"2216\" data-end=\"2228\">safiiri<\/strong><\/a>, kuid morganiit paistab silma oma \u00f5rna, romantilise ja kaasaegse esteetikaga.<\/p>\n<p>K\u00f5ik s\u00f5rmused ja <a href=\"https:\/\/fashiongold.lt\/et\/kategorija\/pidulikud-korvarongad\/\" target=\"_self\" rel=\"noopener noreferrer\">muud ehted<\/a> on valmistatud Leedus ja neil on Leedu proovikoja sertifikaadid.<\/p>\n<p>See on <a href=\"https:\/\/fashiongold.lt\/et\/patarimai-et\/juveliir-kui-teie-unistus-saab-kulla-kuju\/\" target=\"_self\" rel=\"noopener noreferrer\">juveliiri valmistatud eritellimusprojekt<\/a> neile, kes otsivad lisaks ripatsile ka isiklikku lugu, mis on loodud kullast, teemantidest ja peridoodist. Iga selline ripats on ainulaadne, kohandatud just teile ja teie valitud v\u00e4\u00e4riskivile. Iga selline ripats on ainulaadne, kohandatud just teile ja teie valitud v\u00e4\u00e4riskivile, ning individuaalne disain v\u00f5imaldab peenelt paljastada teie isiklikku esteetikat ja v\u00e4\u00e4rtusi.<\/p>\n<h4>Meie teenused<\/h4>\n<p>Pakume <a href=\"https:\/\/fashiongold.lt\/et\/kategorija\/ehete-valmistamine\/\" target=\"_self\" rel=\"noopener noreferrer\">individuaalset disaini, kus iga ehe luuakse vastavalt teie ideedele ja visioonile<\/a>. Teostame ka restaureerimist, et teie kallid ehted s\u00e4raksid taas nagu uued. Iga meie looming on enamat kui lihtsalt ehe \u2013 see on teie isiksuse peegeldus. Iga meie t\u00f6\u00f6 on t\u00f5estus sellest, et kvaliteet ja loovus saavad k\u00e4ia k\u00e4sik\u00e4es.<\/p>\n<h4>Avatus ja garantii<\/h4>\n<p>Meie l\u00e4henemisviis on avatus ja siiras suhtlus iga kliendiga. Alates esimesest konsultatsioonist kuni ehte k\u00e4ttesaamiseni oleme teie jaoks olemas, et aidata k\u00f5igi k\u00fcsimuste korral. Pakume k\u00f5igile oma toodetele 5-aastast kvaliteedigarantii, nii et v\u00f5ite olla kindlad nende t\u00f6\u00f6kindluses ja vastupidavuses. Meie garantii h\u00f5lmab k\u00f5iki tootmiskvaliteedi aspekte, et saaksite ehteid muretult nautida aastaid. Hoolitseme selle eest, et iga meie klient tunneks end kindlalt ja teaks, et meie ehted on usaldust v\u00e4\u00e4rt.<\/p>\n<h4>Tellimused ja konsultatsioonid<\/h4>\n<p>Kui soovite tellida individuaalset ehet v\u00f5i konsulteerida oma ideede osas, on meie meeskond alati valmis teid aitama. Konsultatsiooni k\u00e4igus arutame teie visiooni ja soove ning pakume parimaid lahendusi, et valmistada teie ootustele vastavad ehted. P\u00f6\u00f6rame igale tellimusele erilist t\u00e4helepanu, mist\u00f5ttu saame pakkuda individuaalseid lahendusi nii kihlas\u00f5rmuste kui ka muude ehete puhul. Ehete valmistamine kestab tavaliselt umbes 5 n\u00e4dalat, kuid anname alati parima, et teie ehted valmiksid v\u00f5imalikult kiiresti. V\u00f5tke meiega \u00fchendust \u2013 koos loome ehted, mis saavad osaks teie loost.<\/p>\n","protected":false},"excerpt":{"rendered":"<p>AI Juveliir: peridoodiga ripats \u2013 valmistamine eritellimusena See rohelise peridoodiga ripats on juveliiri loodud ja valmistatud eritellimusprojekt, kus iga detail [&hellip;]<\/p>\n","protected":false},"featured_media":265167,"template":"","meta":{"site-sidebar-layout":"default","site-content-layout":"","ast-site-content-layout":"default","site-content-style":"default","site-sidebar-style":"default","ast-global-header-display":"","ast-banner-title-visibility":"","ast-main-header-display":"","ast-hfb-above-header-display":"","ast-hfb-below-header-display":"","ast-hfb-mobile-header-display":"","site-post-title":"","ast-breadcrumbs-content":"","ast-featured-img":"","footer-sml-layout":"","ast-disable-related-posts":"","theme-transparent-header-meta":"default","adv-header-id-meta":"","stick-header-meta":"","header-above-stick-meta":"","header-main-stick-meta":"","header-below-stick-meta":"","astra-migrate-meta-layouts":"default","ast-page-background-enabled":"default","ast-page-background-meta":{"desktop":{"background-color":"var(--ast-global-color-4)","background-image":"","background-repeat":"repeat","background-position":"center center","background-size":"auto","background-attachment":"scroll","background-type":"","background-media":"","overlay-type":"","overlay-color":"","overlay-opacity":"","overlay-gradient":""},"tablet":{"background-color":"","background-image":"","background-repeat":"repeat","background-position":"center center","background-size":"auto","background-attachment":"scroll","background-type":"","background-media":"","overlay-type":"","overlay-color":"","overlay-opacity":"","overlay-gradient":""},"mobile":{"background-color":"","background-image":"","background-repeat":"repeat","background-position":"center center","background-size":"auto","background-attachment":"scroll","background-type":"","background-media":"","overlay-type":"","overlay-color":"","overlay-opacity":"","overlay-gradient":""}},"ast-content-background-meta":{"desktop":{"background-color":"var(--ast-global-color-5)","background-image":"","background-repeat":"repeat","background-position":"center center","background-size":"auto","background-attachment":"scroll","background-type":"","background-media":"","overlay-type":"","overlay-color":"","overlay-opacity":"","overlay-gradient":""},"tablet":{"background-color":"var(--ast-global-color-5)","background-image":"","background-repeat":"repeat","background-position":"center center","background-size":"auto","background-attachment":"scroll","background-type":"","background-media":"","overlay-type":"","overlay-color":"","overlay-opacity":"","overlay-gradient":""},"mobile":{"background-color":"var(--ast-global-color-5)","background-image":"","background-repeat":"repeat","background-position":"center center","background-size":"auto","background-attachment":"scroll","background-type":"","background-media":"","overlay-type":"","overlay-color":"","overlay-opacity":"","overlay-gradient":""}}},"product_brand":[],"product_cat":[2838,2839],"product_tag":[],"class_list":{"0":"post-274037","1":"product","2":"type-product","3":"status-publish","4":"has-post-thumbnail","6":"product_cat-ehete-valmistamine","7":"product_cat-juveliir","8":"desktop-align-center","9":"tablet-align-left","10":"mobile-align-left","11":"ast-product-gallery-layout-horizontal-slider","12":"ast-product-tabs-layout-accordion","13":"ast-qv-on-image","15":"first","16":"onbackorder","17":"taxable","18":"shipping-taxable","19":"purchasable","20":"product-type-simple"},"yoast_head":"<!-- This site is optimized with the Yoast SEO plugin v26.6 - https:\/\/yoast.com\/wordpress\/plugins\/seo\/ -->\n<title>Juveliir: Peridoodiga ripats \u2013 individuaalne valmistamine<\/title>\n<meta name=\"description\" content=\"Rohelise peridoodiga ripats, mis valmistatakse eritellimusel. Valige kulla v\u00e4rv, proov, teemandid ja peridoodi varjund.\" \/>\n<meta name=\"robots\" content=\"index, follow, max-snippet:-1, max-image-preview:large, max-video-preview:-1\" \/>\n<link rel=\"canonical\" href=\"https:\/\/fashiongold.lt\/et\/papuosalas\/peridoot-peridoodi-ja-teemantidega-ripats-ai-juveliir\/\" \/>\n<meta property=\"og:locale\" content=\"et_EE\" \/>\n<meta property=\"og:type\" content=\"article\" \/>\n<meta property=\"og:title\" content=\"Juveliir: Peridoodiga ripats \u2013 individuaalne valmistamine\" \/>\n<meta property=\"og:description\" content=\"Rohelise peridoodiga ripats, mis valmistatakse eritellimusel. Valige kulla v\u00e4rv, proov, teemandid ja peridoodi varjund.\" \/>\n<meta property=\"og:url\" content=\"https:\/\/fashiongold.lt\/et\/papuosalas\/peridoot-peridoodi-ja-teemantidega-ripats-ai-juveliir\/\" \/>\n<meta property=\"og:site_name\" content=\"FashionGold.lt\" \/>\n<meta property=\"og:image\" content=\"https:\/\/fashiongold.lt\/wp-content\/uploads\/2025\/12\/Juvelyro-eskizas-halo-dizaino-pakabukas-su-laso-formos-peridotu-centre-ir-smulkiais-deimantais-1024x683.png\" \/>\n\t<meta property=\"og:image:width\" content=\"1024\" \/>\n\t<meta property=\"og:image:height\" content=\"683\" \/>\n\t<meta property=\"og:image:type\" content=\"image\/png\" \/>\n<meta name=\"twitter:card\" content=\"summary_large_image\" \/>\n<meta name=\"twitter:label1\" content=\"Est. reading time\" \/>\n\t<meta name=\"twitter:data1\" content=\"3 minutit\" \/>\n<script type=\"application\/ld+json\" class=\"yoast-schema-graph\">{\"@context\":\"https:\/\/schema.org\",\"@graph\":[{\"@type\":\"WebPage\",\"@id\":\"https:\/\/fashiongold.lt\/et\/papuosalas\/peridoot-peridoodi-ja-teemantidega-ripats-ai-juveliir\/\",\"url\":\"https:\/\/fashiongold.lt\/et\/papuosalas\/peridoot-peridoodi-ja-teemantidega-ripats-ai-juveliir\/\",\"name\":\"Juveliir: Peridoodiga ripats \u2013 individuaalne valmistamine\",\"isPartOf\":{\"@id\":\"https:\/\/fashiongold.lt\/et\/#website\"},\"primaryImageOfPage\":{\"@id\":\"https:\/\/fashiongold.lt\/et\/papuosalas\/peridoot-peridoodi-ja-teemantidega-ripats-ai-juveliir\/#primaryimage\"},\"image\":{\"@id\":\"https:\/\/fashiongold.lt\/et\/papuosalas\/peridoot-peridoodi-ja-teemantidega-ripats-ai-juveliir\/#primaryimage\"},\"thumbnailUrl\":\"https:\/\/fashiongold.lt\/wp-content\/uploads\/2025\/12\/Juvelyro-eskizas-halo-dizaino-pakabukas-su-laso-formos-peridotu-centre-ir-smulkiais-deimantais.png\",\"datePublished\":\"2025-12-27T13:26:36+00:00\",\"description\":\"Rohelise peridoodiga ripats, mis valmistatakse eritellimusel. Valige kulla v\u00e4rv, proov, teemandid ja peridoodi varjund.\",\"breadcrumb\":{\"@id\":\"https:\/\/fashiongold.lt\/et\/papuosalas\/peridoot-peridoodi-ja-teemantidega-ripats-ai-juveliir\/#breadcrumb\"},\"inLanguage\":\"et\",\"potentialAction\":[{\"@type\":\"ReadAction\",\"target\":[\"https:\/\/fashiongold.lt\/et\/papuosalas\/peridoot-peridoodi-ja-teemantidega-ripats-ai-juveliir\/\"]}]},{\"@type\":\"ImageObject\",\"inLanguage\":\"et\",\"@id\":\"https:\/\/fashiongold.lt\/et\/papuosalas\/peridoot-peridoodi-ja-teemantidega-ripats-ai-juveliir\/#primaryimage\",\"url\":\"https:\/\/fashiongold.lt\/wp-content\/uploads\/2025\/12\/Juvelyro-eskizas-halo-dizaino-pakabukas-su-laso-formos-peridotu-centre-ir-smulkiais-deimantais.png\",\"contentUrl\":\"https:\/\/fashiongold.lt\/wp-content\/uploads\/2025\/12\/Juvelyro-eskizas-halo-dizaino-pakabukas-su-laso-formos-peridotu-centre-ir-smulkiais-deimantais.png\",\"width\":1536,\"height\":1024,\"caption\":\"Juvelyro eskizas, halo dizaino pakabukas su la\u0161o formos peridotu centre ir smulkiais deimantais\"},{\"@type\":\"BreadcrumbList\",\"@id\":\"https:\/\/fashiongold.lt\/et\/papuosalas\/peridoot-peridoodi-ja-teemantidega-ripats-ai-juveliir\/#breadcrumb\",\"itemListElement\":[{\"@type\":\"ListItem\",\"position\":1,\"name\":\"Home\",\"item\":\"https:\/\/fashiongold.lt\/et\/\"},{\"@type\":\"ListItem\",\"position\":2,\"name\":\"Teemantide pood Fashiongold.lt\",\"item\":\"https:\/\/fashiongold.lt\/shop-2\/\"},{\"@type\":\"ListItem\",\"position\":3,\"name\":\"Peridoot &#8211; Peridoodi ja teemantidega ripats. AI Juveliir\"}]},{\"@type\":\"WebSite\",\"@id\":\"https:\/\/fashiongold.lt\/et\/#website\",\"url\":\"https:\/\/fashiongold.lt\/et\/\",\"name\":\"Fashion Gold\",\"description\":\"Juvelyrikos namai\",\"publisher\":{\"@id\":\"https:\/\/fashiongold.lt\/et\/#organization\"},\"potentialAction\":[{\"@type\":\"SearchAction\",\"target\":{\"@type\":\"EntryPoint\",\"urlTemplate\":\"https:\/\/fashiongold.lt\/et\/?s={search_term_string}\"},\"query-input\":{\"@type\":\"PropertyValueSpecification\",\"valueRequired\":true,\"valueName\":\"search_term_string\"}}],\"inLanguage\":\"et\"},{\"@type\":\"Organization\",\"@id\":\"https:\/\/fashiongold.lt\/et\/#organization\",\"name\":\"Topdiamonds Online\",\"url\":\"https:\/\/fashiongold.lt\/et\/\",\"logo\":{\"@type\":\"ImageObject\",\"inLanguage\":\"et\",\"@id\":\"https:\/\/fashiongold.lt\/et\/#\/schema\/logo\/image\/\",\"url\":\"https:\/\/fashiongold.lt\/wp-content\/uploads\/2025\/04\/cropped-fashion_gold_logotipas2-scaled-1.png\",\"contentUrl\":\"https:\/\/fashiongold.lt\/wp-content\/uploads\/2025\/04\/cropped-fashion_gold_logotipas2-scaled-1.png\",\"width\":2559,\"height\":421,\"caption\":\"Topdiamonds Online\"},\"image\":{\"@id\":\"https:\/\/fashiongold.lt\/et\/#\/schema\/logo\/image\/\"}}]}<\/script>\n<!-- \/ Yoast SEO plugin. -->","yoast_head_json":{"title":"Juveliir: Peridoodiga ripats \u2013 individuaalne valmistamine","description":"Rohelise peridoodiga ripats, mis valmistatakse eritellimusel. Valige kulla v\u00e4rv, proov, teemandid ja peridoodi varjund.","robots":{"index":"index","follow":"follow","max-snippet":"max-snippet:-1","max-image-preview":"max-image-preview:large","max-video-preview":"max-video-preview:-1"},"canonical":"https:\/\/fashiongold.lt\/et\/papuosalas\/peridoot-peridoodi-ja-teemantidega-ripats-ai-juveliir\/","og_locale":"et_EE","og_type":"article","og_title":"Juveliir: Peridoodiga ripats \u2013 individuaalne valmistamine","og_description":"Rohelise peridoodiga ripats, mis valmistatakse eritellimusel. Valige kulla v\u00e4rv, proov, teemandid ja peridoodi varjund.","og_url":"https:\/\/fashiongold.lt\/et\/papuosalas\/peridoot-peridoodi-ja-teemantidega-ripats-ai-juveliir\/","og_site_name":"FashionGold.lt","og_image":[{"width":1024,"height":683,"url":"https:\/\/fashiongold.lt\/wp-content\/uploads\/2025\/12\/Juvelyro-eskizas-halo-dizaino-pakabukas-su-laso-formos-peridotu-centre-ir-smulkiais-deimantais-1024x683.png","type":"image\/png"}],"twitter_card":"summary_large_image","twitter_misc":{"Est. reading time":"3 minutit"},"schema":{"@context":"https:\/\/schema.org","@graph":[{"@type":"WebPage","@id":"https:\/\/fashiongold.lt\/et\/papuosalas\/peridoot-peridoodi-ja-teemantidega-ripats-ai-juveliir\/","url":"https:\/\/fashiongold.lt\/et\/papuosalas\/peridoot-peridoodi-ja-teemantidega-ripats-ai-juveliir\/","name":"Juveliir: Peridoodiga ripats \u2013 individuaalne valmistamine","isPartOf":{"@id":"https:\/\/fashiongold.lt\/et\/#website"},"primaryImageOfPage":{"@id":"https:\/\/fashiongold.lt\/et\/papuosalas\/peridoot-peridoodi-ja-teemantidega-ripats-ai-juveliir\/#primaryimage"},"image":{"@id":"https:\/\/fashiongold.lt\/et\/papuosalas\/peridoot-peridoodi-ja-teemantidega-ripats-ai-juveliir\/#primaryimage"},"thumbnailUrl":"https:\/\/fashiongold.lt\/wp-content\/uploads\/2025\/12\/Juvelyro-eskizas-halo-dizaino-pakabukas-su-laso-formos-peridotu-centre-ir-smulkiais-deimantais.png","datePublished":"2025-12-27T13:26:36+00:00","description":"Rohelise peridoodiga ripats, mis valmistatakse eritellimusel. Valige kulla v\u00e4rv, proov, teemandid ja peridoodi varjund.","breadcrumb":{"@id":"https:\/\/fashiongold.lt\/et\/papuosalas\/peridoot-peridoodi-ja-teemantidega-ripats-ai-juveliir\/#breadcrumb"},"inLanguage":"et","potentialAction":[{"@type":"ReadAction","target":["https:\/\/fashiongold.lt\/et\/papuosalas\/peridoot-peridoodi-ja-teemantidega-ripats-ai-juveliir\/"]}]},{"@type":"ImageObject","inLanguage":"et","@id":"https:\/\/fashiongold.lt\/et\/papuosalas\/peridoot-peridoodi-ja-teemantidega-ripats-ai-juveliir\/#primaryimage","url":"https:\/\/fashiongold.lt\/wp-content\/uploads\/2025\/12\/Juvelyro-eskizas-halo-dizaino-pakabukas-su-laso-formos-peridotu-centre-ir-smulkiais-deimantais.png","contentUrl":"https:\/\/fashiongold.lt\/wp-content\/uploads\/2025\/12\/Juvelyro-eskizas-halo-dizaino-pakabukas-su-laso-formos-peridotu-centre-ir-smulkiais-deimantais.png","width":1536,"height":1024,"caption":"Juvelyro eskizas, halo dizaino pakabukas su la\u0161o formos peridotu centre ir smulkiais deimantais"},{"@type":"BreadcrumbList","@id":"https:\/\/fashiongold.lt\/et\/papuosalas\/peridoot-peridoodi-ja-teemantidega-ripats-ai-juveliir\/#breadcrumb","itemListElement":[{"@type":"ListItem","position":1,"name":"Home","item":"https:\/\/fashiongold.lt\/et\/"},{"@type":"ListItem","position":2,"name":"Teemantide pood Fashiongold.lt","item":"https:\/\/fashiongold.lt\/shop-2\/"},{"@type":"ListItem","position":3,"name":"Peridoot &#8211; Peridoodi ja teemantidega ripats. AI Juveliir"}]},{"@type":"WebSite","@id":"https:\/\/fashiongold.lt\/et\/#website","url":"https:\/\/fashiongold.lt\/et\/","name":"Fashion Gold","description":"Juvelyrikos namai","publisher":{"@id":"https:\/\/fashiongold.lt\/et\/#organization"},"potentialAction":[{"@type":"SearchAction","target":{"@type":"EntryPoint","urlTemplate":"https:\/\/fashiongold.lt\/et\/?s={search_term_string}"},"query-input":{"@type":"PropertyValueSpecification","valueRequired":true,"valueName":"search_term_string"}}],"inLanguage":"et"},{"@type":"Organization","@id":"https:\/\/fashiongold.lt\/et\/#organization","name":"Topdiamonds Online","url":"https:\/\/fashiongold.lt\/et\/","logo":{"@type":"ImageObject","inLanguage":"et","@id":"https:\/\/fashiongold.lt\/et\/#\/schema\/logo\/image\/","url":"https:\/\/fashiongold.lt\/wp-content\/uploads\/2025\/04\/cropped-fashion_gold_logotipas2-scaled-1.png","contentUrl":"https:\/\/fashiongold.lt\/wp-content\/uploads\/2025\/04\/cropped-fashion_gold_logotipas2-scaled-1.png","width":2559,"height":421,"caption":"Topdiamonds Online"},"image":{"@id":"https:\/\/fashiongold.lt\/et\/#\/schema\/logo\/image\/"}}]}},"_links":{"self":[{"href":"https:\/\/fashiongold.lt\/et\/wp-json\/wp\/v2\/product\/274037","targetHints":{"allow":["GET"]}}],"collection":[{"href":"https:\/\/fashiongold.lt\/et\/wp-json\/wp\/v2\/product"}],"about":[{"href":"https:\/\/fashiongold.lt\/et\/wp-json\/wp\/v2\/types\/product"}],"version-history":[{"count":0,"href":"https:\/\/fashiongold.lt\/et\/wp-json\/wp\/v2\/product\/274037\/revisions"}],"wp:featuredmedia":[{"embeddable":true,"href":"https:\/\/fashiongold.lt\/et\/wp-json\/wp\/v2\/media\/265167"}],"wp:attachment":[{"href":"https:\/\/fashiongold.lt\/et\/wp-json\/wp\/v2\/media?parent=274037"}],"wp:term":[{"taxonomy":"product_brand","embeddable":true,"href":"https:\/\/fashiongold.lt\/et\/wp-json\/wp\/v2\/product_brand?post=274037"},{"taxonomy":"product_cat","embeddable":true,"href":"https:\/\/fashiongold.lt\/et\/wp-json\/wp\/v2\/product_cat?post=274037"},{"taxonomy":"product_tag","embeddable":true,"href":"https:\/\/fashiongold.lt\/et\/wp-json\/wp\/v2\/product_tag?post=274037"}],"curies":[{"name":"wp","href":"https:\/\/api.w.org\/{rel}","templated":true}]}}