{"id":274067,"date":"2025-10-24T03:49:01","date_gmt":"2025-10-24T03:49:01","guid":{"rendered":"https:\/\/fashiongold.lt\/papuosalas\/kaasaegne-teemantidega-kihlasormus-precious-035-ct\/"},"modified":"2025-10-24T03:49:01","modified_gmt":"2025-10-24T03:49:01","slug":"kaasaegne-teemantidega-kihlasormus-precious-035-ct","status":"publish","type":"product","link":"https:\/\/fashiongold.lt\/et\/toode\/kaasaegne-teemantidega-kihlasormus-precious-035-ct\/","title":{"rendered":"Kaasaegne teemantidega kihlas\u00f5rmus &#8211; Precious (0,35 ct)"},"content":{"rendered":"<h2>Teemantidega kihlas\u00f5rmus &#8211; Precious (0,35 ct)<\/h2>\n<h3>Kaasaegne teemantidega kihlas\u00f5rmus. Maksimaalne mugavus. Teemantide kogukaal 0,35 karaati. Looduslikud teemandid.<span style=\"font-size: 11px;\">&nbsp;<\/span><\/h3>\n<p>Valmistatud Leedus k\u00f5rgeimate standardite kohaselt. S\u00f5rmust saab valmistada tellimust\u00f6\u00f6na: lisatasu eest k\u00f5rgema kvaliteediga teemantide v\u00f5i teemantidega.<\/p>\n<p>\u2022 S\u00f5rmuse metall: 14K (proov 585), saame valmistada ka 10K (proov 375), 18K (proov 750), 950 plaatina&nbsp; &nbsp; &nbsp; &nbsp;<\/p>\n<p>\u2022 S\u00f5rmuse v\u00e4rvus: valge, punane, kollane&nbsp;<\/p>\n<p>\u2022 S\u00f5rmuse kaal (s\u00f5ltub suurusest): umbes 2,70 &#8211; 3,10 g&nbsp; &nbsp; &nbsp; &nbsp; &nbsp; &nbsp;<\/p>\n<p>\u2022 S\u00f5rmuse m\u00f5\u00f5tmed: krooni laius &#8211; umbes 4,85 mm, v\u00f5ru laius &#8211; umbes 3,50 mm (m\u00f5\u00f5tmed on ligikaudsed ja v\u00f5ivad erineda s\u00f5ltuvalt s\u00f5rmuse suurusest)&nbsp; &nbsp;&nbsp;<\/p>\n<p>\u2022 S\u00f5rmuse mugavustsoon (comfort fit): on olemas&nbsp; &nbsp; &nbsp;<\/p>\n<p>\u2022 Teemandi t\u00fc\u00fcp: Looduslik teemant<\/p>\n<p>\u2022 Teemandi kuju: \u00dcmar lihv (Round cut)&nbsp; &nbsp; &nbsp; &nbsp;<\/p>\n<p>\u2022 Teemandi omadused: 0,15 ct keskne teemant, v\u00e4ikesed teemandid 0,20 ct (v\u00e4rvus H, puhtus SI2) (v\u00f5imalik muuta)&nbsp; &nbsp; &nbsp; &nbsp;<\/p>\n<p>\u2022 Sertifikaat: Leedu Proovikoda (LPR)<\/p>\n<p>\u2022 Graveerimine tasuta&nbsp; &nbsp;<\/p>\n<p>\u2022 \u00dchekordne tasuta s\u00f5rmuse suuruse muutmise garantii (v\u00f5imaluse korral)&nbsp; &nbsp;<\/p>\n<p>\u2022 Valmistamise ja tarne t\u00e4htaeg alates 14 t\u00f6\u00f6p\u00e4evast, kiirtellimusel 7 t\u00f6\u00f6p\u00e4eva jooksul.&nbsp; &nbsp;<\/p>\n<p><strong>Kas teil on oma v\u00e4\u00e4riskivi? V\u00f5tke \u00fchendust, arvutame hinna \u00fcmber \u2013 maksate ainult s\u00f5rmuse valmistamise eest.<\/strong><\/p>\n","protected":false},"excerpt":{"rendered":"<p>Moodne kihlusermus \u00fcmarasse krooni kinnitatud teemandiga, mida \u00fcmbritseb m\u00f5lemalt poolt v\u00e4ikeste teemantidega kaunistatud s\u00f5rmusev\u00f5ru. Teemantide kogukaal on 0,35 karaati. Mugav ja elegantne valik kihlumiseks ja erilisteks s\u00fcndmusteks. S\u00f5rmuse k\u00f5rgeim kvaliteet. Maksimaalne mugavus.<\/p>\n","protected":false},"featured_media":255322,"template":"","meta":{"site-sidebar-layout":"","site-content-layout":"","ast-site-content-layout":"","site-content-style":"","site-sidebar-style":"","ast-global-header-display":"","ast-banner-title-visibility":"","ast-main-header-display":"","ast-hfb-above-header-display":"","ast-hfb-below-header-display":"","ast-hfb-mobile-header-display":"","site-post-title":"","ast-breadcrumbs-content":"","ast-featured-img":"","footer-sml-layout":"","ast-disable-related-posts":"","theme-transparent-header-meta":"","adv-header-id-meta":"","stick-header-meta":"","header-above-stick-meta":"","header-main-stick-meta":"","header-below-stick-meta":"","astra-migrate-meta-layouts":"default","ast-page-background-enabled":"default","ast-page-background-meta":{"desktop":{"background-color":"var(--ast-global-color-4)","background-image":"","background-repeat":"repeat","background-position":"center center","background-size":"auto","background-attachment":"scroll","background-type":"","background-media":"","overlay-type":"","overlay-color":"","overlay-opacity":"","overlay-gradient":""},"tablet":{"background-color":"","background-image":"","background-repeat":"repeat","background-position":"center center","background-size":"auto","background-attachment":"scroll","background-type":"","background-media":"","overlay-type":"","overlay-color":"","overlay-opacity":"","overlay-gradient":""},"mobile":{"background-color":"","background-image":"","background-repeat":"repeat","background-position":"center center","background-size":"auto","background-attachment":"scroll","background-type":"","background-media":"","overlay-type":"","overlay-color":"","overlay-opacity":"","overlay-gradient":""}},"ast-content-background-meta":{"desktop":{"background-color":"var(--ast-global-color-5)","background-image":"","background-repeat":"repeat","background-position":"center center","background-size":"auto","background-attachment":"scroll","background-type":"","background-media":"","overlay-type":"","overlay-color":"","overlay-opacity":"","overlay-gradient":""},"tablet":{"background-color":"var(--ast-global-color-5)","background-image":"","background-repeat":"repeat","background-position":"center center","background-size":"auto","background-attachment":"scroll","background-type":"","background-media":"","overlay-type":"","overlay-color":"","overlay-opacity":"","overlay-gradient":""},"mobile":{"background-color":"var(--ast-global-color-5)","background-image":"","background-repeat":"repeat","background-position":"center center","background-size":"auto","background-attachment":"scroll","background-type":"","background-media":"","overlay-type":"","overlay-color":"","overlay-opacity":"","overlay-gradient":""}}},"product_brand":[],"product_cat":[3058,3422,2829,2823,2822,3425,3449,3426,2845,3466,2827,3424],"product_tag":[],"class_list":{"0":"post-274067","1":"product","2":"type-product","3":"status-publish","4":"has-post-thumbnail","6":"product_cat-ehted","7":"product_cat-kihlasormused","8":"product_cat-kingitused-erilisteks-puhkudeks","9":"product_cat-kingitused-lapse-sunni-puhul","10":"product_cat-kingitused-naistele","11":"product_cat-kollasest-kullast-kihlasormused","12":"product_cat-modernsed-kihlasormused","13":"product_cat-punasest-kullast-kihlasormused","14":"product_cat-sobrapaeva-kingitused","15":"product_cat-teemantsormused","16":"product_cat-valgest-kullast-ehted","17":"product_cat-valgest-kullast-kihlasormused","18":"desktop-align-center","19":"tablet-align-left","20":"mobile-align-left","21":"ast-product-gallery-layout-horizontal-slider","22":"ast-product-gallery-with-no-image","23":"ast-product-single-variable","24":"ast-product-tabs-layout-accordion","25":"ast-qv-on-image","27":"first","28":"instock","29":"taxable","30":"shipping-taxable","31":"purchasable","32":"product-type-variable"},"yoast_head":"<!-- This site is optimized with the Yoast SEO plugin v26.6 - https:\/\/yoast.com\/wordpress\/plugins\/seo\/ -->\n<title>Modernne teemantitega kihlas\u00f5rmus - Precious (0,35 ct)<\/title>\n<meta name=\"description\" content=\"Kihlas\u00f5rmus teemandiga, mis on istutatud \u00fcmarasse krooni ja \u00fcmbritsetud m\u00f5lemalt poolt v\u00e4ikeste teemantidega kaunistatud s\u00f5rmusekaarega. Suurep\u00e4rane valik kihluseks.\" \/>\n<meta name=\"robots\" content=\"index, follow, max-snippet:-1, max-image-preview:large, max-video-preview:-1\" \/>\n<link rel=\"canonical\" href=\"https:\/\/fashiongold.lt\/et\/toode\/kaasaegne-teemantidega-kihlasormus-precious-035-ct\/\" \/>\n<meta property=\"og:locale\" content=\"et_EE\" \/>\n<meta property=\"og:type\" content=\"article\" \/>\n<meta property=\"og:title\" content=\"Modernne teemantitega kihlas\u00f5rmus - Precious (0,35 ct)\" \/>\n<meta property=\"og:description\" content=\"Kihlas\u00f5rmus teemandiga, mis on istutatud \u00fcmarasse krooni ja \u00fcmbritsetud m\u00f5lemalt poolt v\u00e4ikeste teemantidega kaunistatud s\u00f5rmusekaarega. Suurep\u00e4rane valik kihluseks.\" \/>\n<meta property=\"og:url\" content=\"https:\/\/fashiongold.lt\/et\/toode\/kaasaegne-teemantidega-kihlasormus-precious-035-ct\/\" \/>\n<meta property=\"og:site_name\" content=\"FashionGold.lt\" \/>\n<meta property=\"og:image\" content=\"https:\/\/fashiongold.lt\/wp-content\/uploads\/2025\/10\/23318-363-Geltono-aukso-modernus-suzadetuviu-ziedas-su-deimantais-Precious-035-ct.webp\" \/>\n\t<meta property=\"og:image:width\" content=\"1000\" \/>\n\t<meta property=\"og:image:height\" content=\"1000\" \/>\n\t<meta property=\"og:image:type\" content=\"image\/png\" \/>\n<meta name=\"twitter:card\" content=\"summary_large_image\" \/>\n<meta name=\"twitter:label1\" content=\"Est. reading time\" \/>\n\t<meta name=\"twitter:data1\" content=\"1 minut\" \/>\n<script type=\"application\/ld+json\" class=\"yoast-schema-graph\">{\"@context\":\"https:\/\/schema.org\",\"@graph\":[{\"@type\":\"WebPage\",\"@id\":\"https:\/\/fashiongold.lt\/et\/toode\/kaasaegne-teemantidega-kihlasormus-precious-035-ct\/\",\"url\":\"https:\/\/fashiongold.lt\/et\/toode\/kaasaegne-teemantidega-kihlasormus-precious-035-ct\/\",\"name\":\"Modernne teemantitega kihlas\u00f5rmus - Precious (0,35 ct)\",\"isPartOf\":{\"@id\":\"https:\/\/fashiongold.lt\/et\/#website\"},\"primaryImageOfPage\":{\"@id\":\"https:\/\/fashiongold.lt\/et\/toode\/kaasaegne-teemantidega-kihlasormus-precious-035-ct\/#primaryimage\"},\"image\":{\"@id\":\"https:\/\/fashiongold.lt\/et\/toode\/kaasaegne-teemantidega-kihlasormus-precious-035-ct\/#primaryimage\"},\"thumbnailUrl\":\"https:\/\/fashiongold.lt\/wp-content\/uploads\/2025\/10\/23318-363-Geltono-aukso-modernus-suzadetuviu-ziedas-su-deimantais-Precious-035-ct.png\",\"datePublished\":\"2025-10-24T03:49:01+00:00\",\"description\":\"Kihlas\u00f5rmus teemandiga, mis on istutatud \u00fcmarasse krooni ja \u00fcmbritsetud m\u00f5lemalt poolt v\u00e4ikeste teemantidega kaunistatud s\u00f5rmusekaarega. Suurep\u00e4rane valik kihluseks.\",\"breadcrumb\":{\"@id\":\"https:\/\/fashiongold.lt\/et\/toode\/kaasaegne-teemantidega-kihlasormus-precious-035-ct\/#breadcrumb\"},\"inLanguage\":\"et\",\"potentialAction\":[{\"@type\":\"ReadAction\",\"target\":[\"https:\/\/fashiongold.lt\/et\/toode\/kaasaegne-teemantidega-kihlasormus-precious-035-ct\/\"]}]},{\"@type\":\"ImageObject\",\"inLanguage\":\"et\",\"@id\":\"https:\/\/fashiongold.lt\/et\/toode\/kaasaegne-teemantidega-kihlasormus-precious-035-ct\/#primaryimage\",\"url\":\"https:\/\/fashiongold.lt\/wp-content\/uploads\/2025\/10\/23318-363-Geltono-aukso-modernus-suzadetuviu-ziedas-su-deimantais-Precious-035-ct.png\",\"contentUrl\":\"https:\/\/fashiongold.lt\/wp-content\/uploads\/2025\/10\/23318-363-Geltono-aukso-modernus-suzadetuviu-ziedas-su-deimantais-Precious-035-ct.png\",\"width\":1000,\"height\":1000},{\"@type\":\"BreadcrumbList\",\"@id\":\"https:\/\/fashiongold.lt\/et\/toode\/kaasaegne-teemantidega-kihlasormus-precious-035-ct\/#breadcrumb\",\"itemListElement\":[{\"@type\":\"ListItem\",\"position\":1,\"name\":\"Home\",\"item\":\"https:\/\/fashiongold.lt\/et\/\"},{\"@type\":\"ListItem\",\"position\":2,\"name\":\"Teemantide pood Fashiongold.lt\",\"item\":\"https:\/\/fashiongold.lt\/shop-2\/\"},{\"@type\":\"ListItem\",\"position\":3,\"name\":\"Kaasaegne teemantidega kihlas\u00f5rmus &#8211; Precious (0,35 ct)\"}]},{\"@type\":\"WebSite\",\"@id\":\"https:\/\/fashiongold.lt\/et\/#website\",\"url\":\"https:\/\/fashiongold.lt\/et\/\",\"name\":\"Fashion Gold\",\"description\":\"Ehtemaja\",\"publisher\":{\"@id\":\"https:\/\/fashiongold.lt\/et\/#organization\"},\"potentialAction\":[{\"@type\":\"SearchAction\",\"target\":{\"@type\":\"EntryPoint\",\"urlTemplate\":\"https:\/\/fashiongold.lt\/et\/?s={search_term_string}\"},\"query-input\":{\"@type\":\"PropertyValueSpecification\",\"valueRequired\":true,\"valueName\":\"search_term_string\"}}],\"inLanguage\":\"et\"},{\"@type\":\"Organization\",\"@id\":\"https:\/\/fashiongold.lt\/et\/#organization\",\"name\":\"Topdiamonds Online\",\"url\":\"https:\/\/fashiongold.lt\/et\/\",\"logo\":{\"@type\":\"ImageObject\",\"inLanguage\":\"et\",\"@id\":\"https:\/\/fashiongold.lt\/et\/#\/schema\/logo\/image\/\",\"url\":\"https:\/\/fashiongold.lt\/wp-content\/uploads\/2025\/04\/cropped-fashion_gold_logotipas2-scaled-1.png\",\"contentUrl\":\"https:\/\/fashiongold.lt\/wp-content\/uploads\/2025\/04\/cropped-fashion_gold_logotipas2-scaled-1.png\",\"width\":2559,\"height\":421,\"caption\":\"Topdiamonds Online\"},\"image\":{\"@id\":\"https:\/\/fashiongold.lt\/et\/#\/schema\/logo\/image\/\"}}]}<\/script>\n<!-- \/ Yoast SEO plugin. -->","yoast_head_json":{"title":"Modernne teemantitega kihlas\u00f5rmus - Precious (0,35 ct)","description":"Kihlas\u00f5rmus teemandiga, mis on istutatud \u00fcmarasse krooni ja \u00fcmbritsetud m\u00f5lemalt poolt v\u00e4ikeste teemantidega kaunistatud s\u00f5rmusekaarega. Suurep\u00e4rane valik kihluseks.","robots":{"index":"index","follow":"follow","max-snippet":"max-snippet:-1","max-image-preview":"max-image-preview:large","max-video-preview":"max-video-preview:-1"},"canonical":"https:\/\/fashiongold.lt\/et\/toode\/kaasaegne-teemantidega-kihlasormus-precious-035-ct\/","og_locale":"et_EE","og_type":"article","og_title":"Modernne teemantitega kihlas\u00f5rmus - Precious (0,35 ct)","og_description":"Kihlas\u00f5rmus teemandiga, mis on istutatud \u00fcmarasse krooni ja \u00fcmbritsetud m\u00f5lemalt poolt v\u00e4ikeste teemantidega kaunistatud s\u00f5rmusekaarega. Suurep\u00e4rane valik kihluseks.","og_url":"https:\/\/fashiongold.lt\/et\/toode\/kaasaegne-teemantidega-kihlasormus-precious-035-ct\/","og_site_name":"FashionGold.lt","og_image":[{"width":1000,"height":1000,"url":"https:\/\/fashiongold.lt\/wp-content\/uploads\/2025\/10\/23318-363-Geltono-aukso-modernus-suzadetuviu-ziedas-su-deimantais-Precious-035-ct.webp","type":"image\/png"}],"twitter_card":"summary_large_image","twitter_misc":{"Est. reading time":"1 minut"},"schema":{"@context":"https:\/\/schema.org","@graph":[{"@type":"WebPage","@id":"https:\/\/fashiongold.lt\/et\/toode\/kaasaegne-teemantidega-kihlasormus-precious-035-ct\/","url":"https:\/\/fashiongold.lt\/et\/toode\/kaasaegne-teemantidega-kihlasormus-precious-035-ct\/","name":"Modernne teemantitega kihlas\u00f5rmus - Precious (0,35 ct)","isPartOf":{"@id":"https:\/\/fashiongold.lt\/et\/#website"},"primaryImageOfPage":{"@id":"https:\/\/fashiongold.lt\/et\/toode\/kaasaegne-teemantidega-kihlasormus-precious-035-ct\/#primaryimage"},"image":{"@id":"https:\/\/fashiongold.lt\/et\/toode\/kaasaegne-teemantidega-kihlasormus-precious-035-ct\/#primaryimage"},"thumbnailUrl":"https:\/\/fashiongold.lt\/wp-content\/uploads\/2025\/10\/23318-363-Geltono-aukso-modernus-suzadetuviu-ziedas-su-deimantais-Precious-035-ct.png","datePublished":"2025-10-24T03:49:01+00:00","description":"Kihlas\u00f5rmus teemandiga, mis on istutatud \u00fcmarasse krooni ja \u00fcmbritsetud m\u00f5lemalt poolt v\u00e4ikeste teemantidega kaunistatud s\u00f5rmusekaarega. Suurep\u00e4rane valik kihluseks.","breadcrumb":{"@id":"https:\/\/fashiongold.lt\/et\/toode\/kaasaegne-teemantidega-kihlasormus-precious-035-ct\/#breadcrumb"},"inLanguage":"et","potentialAction":[{"@type":"ReadAction","target":["https:\/\/fashiongold.lt\/et\/toode\/kaasaegne-teemantidega-kihlasormus-precious-035-ct\/"]}]},{"@type":"ImageObject","inLanguage":"et","@id":"https:\/\/fashiongold.lt\/et\/toode\/kaasaegne-teemantidega-kihlasormus-precious-035-ct\/#primaryimage","url":"https:\/\/fashiongold.lt\/wp-content\/uploads\/2025\/10\/23318-363-Geltono-aukso-modernus-suzadetuviu-ziedas-su-deimantais-Precious-035-ct.png","contentUrl":"https:\/\/fashiongold.lt\/wp-content\/uploads\/2025\/10\/23318-363-Geltono-aukso-modernus-suzadetuviu-ziedas-su-deimantais-Precious-035-ct.png","width":1000,"height":1000},{"@type":"BreadcrumbList","@id":"https:\/\/fashiongold.lt\/et\/toode\/kaasaegne-teemantidega-kihlasormus-precious-035-ct\/#breadcrumb","itemListElement":[{"@type":"ListItem","position":1,"name":"Home","item":"https:\/\/fashiongold.lt\/et\/"},{"@type":"ListItem","position":2,"name":"Teemantide pood Fashiongold.lt","item":"https:\/\/fashiongold.lt\/shop-2\/"},{"@type":"ListItem","position":3,"name":"Kaasaegne teemantidega kihlas\u00f5rmus &#8211; Precious (0,35 ct)"}]},{"@type":"WebSite","@id":"https:\/\/fashiongold.lt\/et\/#website","url":"https:\/\/fashiongold.lt\/et\/","name":"Fashion Gold","description":"Ehtemaja","publisher":{"@id":"https:\/\/fashiongold.lt\/et\/#organization"},"potentialAction":[{"@type":"SearchAction","target":{"@type":"EntryPoint","urlTemplate":"https:\/\/fashiongold.lt\/et\/?s={search_term_string}"},"query-input":{"@type":"PropertyValueSpecification","valueRequired":true,"valueName":"search_term_string"}}],"inLanguage":"et"},{"@type":"Organization","@id":"https:\/\/fashiongold.lt\/et\/#organization","name":"Topdiamonds Online","url":"https:\/\/fashiongold.lt\/et\/","logo":{"@type":"ImageObject","inLanguage":"et","@id":"https:\/\/fashiongold.lt\/et\/#\/schema\/logo\/image\/","url":"https:\/\/fashiongold.lt\/wp-content\/uploads\/2025\/04\/cropped-fashion_gold_logotipas2-scaled-1.png","contentUrl":"https:\/\/fashiongold.lt\/wp-content\/uploads\/2025\/04\/cropped-fashion_gold_logotipas2-scaled-1.png","width":2559,"height":421,"caption":"Topdiamonds Online"},"image":{"@id":"https:\/\/fashiongold.lt\/et\/#\/schema\/logo\/image\/"}}]}},"_links":{"self":[{"href":"https:\/\/fashiongold.lt\/et\/wp-json\/wp\/v2\/product\/274067","targetHints":{"allow":["GET"]}}],"collection":[{"href":"https:\/\/fashiongold.lt\/et\/wp-json\/wp\/v2\/product"}],"about":[{"href":"https:\/\/fashiongold.lt\/et\/wp-json\/wp\/v2\/types\/product"}],"version-history":[{"count":0,"href":"https:\/\/fashiongold.lt\/et\/wp-json\/wp\/v2\/product\/274067\/revisions"}],"wp:featuredmedia":[{"embeddable":true,"href":"https:\/\/fashiongold.lt\/et\/wp-json\/wp\/v2\/media\/255322"}],"wp:attachment":[{"href":"https:\/\/fashiongold.lt\/et\/wp-json\/wp\/v2\/media?parent=274067"}],"wp:term":[{"taxonomy":"product_brand","embeddable":true,"href":"https:\/\/fashiongold.lt\/et\/wp-json\/wp\/v2\/product_brand?post=274067"},{"taxonomy":"product_cat","embeddable":true,"href":"https:\/\/fashiongold.lt\/et\/wp-json\/wp\/v2\/product_cat?post=274067"},{"taxonomy":"product_tag","embeddable":true,"href":"https:\/\/fashiongold.lt\/et\/wp-json\/wp\/v2\/product_tag?post=274067"}],"curies":[{"name":"wp","href":"https:\/\/api.w.org\/{rel}","templated":true}]}}