{"id":274104,"date":"2025-10-23T14:42:16","date_gmt":"2025-10-23T14:42:16","guid":{"rendered":"https:\/\/fashiongold.lt\/papuosalas\/kihlasormus-1-00-ct-pisarakujulise-teemandiga\/"},"modified":"2025-10-23T14:42:16","modified_gmt":"2025-10-23T14:42:16","slug":"kihlasormus-1-00-ct-pisarakujulise-teemandiga","status":"publish","type":"product","link":"https:\/\/fashiongold.lt\/et\/papuosalas\/kihlasormus-1-00-ct-pisarakujulise-teemandiga\/","title":{"rendered":"Kihlas\u00f5rmus 1.00 ct pisarakujulise teemandiga"},"content":{"rendered":"<p><span data-sheets-root=\"1\">V\u00e4ljendusrikas kihluses\u00f5rmus pirnikujulise teemandiga, mida \u00fcmbritseb v\u00e4iksemate briljantide s\u00e4ra. Lihtne ja elegantne s\u00f5rmusev\u00f5ru r\u00f5hutab peenelt peaaktsenti \u2013 1,00-karaadist laboris kasvatatud v\u00f5i looduslikku teemanti, mis loob luksuse ja romantika harmoonia.<\/span><\/p>\n<p>Valmistatud Leedus, j\u00e4rgides k\u00f5rgeimaid juveelitootmise standardeid. S\u00f5rmust saab valmistada eritellimusel: lisatasu eest k\u00f5rgema kvaliteediga teemandi v\u00f5i teemantidega.<\/p>\n<p>&nbsp;<\/p>\n<p>\u2022 <strong>S\u00f5rmuse metallid:<\/strong> 14K (proov 585), 18K (proov 750), 900 plaatina<br \/>\n\u2022 <strong>S\u00f5rmuse v\u00e4rvus:<\/strong> valge, punane, kollane<br \/>\n\u2022 <strong>S\u00f5rmuse kaal:<\/strong> (s\u00f5ltub suurusest): umbes 3,00 &#8211; 3,50 g<br \/>\n\u2022 <strong>S\u00f5rmuse m\u00f5\u00f5tmed:<\/strong> krooni laius umbes<br \/>\n\u2022 <strong>S\u00f5rmuse mugavustsoon:<\/strong> olemas<br \/>\n\u2022 <strong>Teemantide t\u00fc\u00fcbid:<\/strong> Laboris kasvatatud teemandid v\u00f5i looduslikud teemandid<br \/>\n\u2022 <strong>Teemantide kujud:<\/strong> Pirnikujuline (Pear cut), \u00fcmar (Round cut)<br \/>\n\u2022 <strong>Teemandi omadused:<\/strong> 1.00 ct teemant (v\u00e4rvus E, puhtus VVS2) (v\u00f5imalik muuta)<br \/>\n\u2022 <strong>Sertifikaat:<\/strong> Leedu Proovikoda (LPR), IGI sertifikaat<br \/>\n\u2022 <strong>Tasuta graveerimine<\/strong><br \/>\n\u2022 <strong>\u00dchekordne tasuta s\u00f5rmuse suuruse muutmise garantii<\/strong><br \/>\n\u2022 <strong>Valmistamis- ja tarneaeg:<\/strong> alates 14 t\u00f6\u00f6p\u00e4evast, kiirtellimusena 7 t\u00f6\u00f6p\u00e4eva jooksul.<\/p>\n<p>&nbsp;<\/p>\n<p><span data-sheets-root=\"1\">Kas teil on oma v\u00e4\u00e4riskivi v\u00f5i kuld? V\u00f5tke meiega \u00fchendust \u2013 arvutame hinna \u00fcmber ja maksate ainult s\u00f5rmuse valmistamise eest. Leiate laia valiku kihluses\u00f5rmuseid, mis vastavad erinevatele maitsetele, eelarvetele ja personaliseerimissoovidele.<\/span><\/p>\n","protected":false},"excerpt":{"rendered":"<p style=\"text-align: left;\"><span data-sheets-root=\"1\">Laske armastusel s\u00e4rada meie pisarakujulise kihlas\u00f5rmusega.<br \/>\nIlmekas 1,00-karadine teemant, mis on elegantselt asetatud peenesse krooni ja \u00fcmbritsetud v\u00e4iksemate briljantidega, tagab maksimaalse s\u00e4ra ja eksklusiivsuse, s\u00fcmboliseerides v\u00f5rratut ilu ning igavest p\u00fchendumust.<\/span><\/p>\n<p style=\"text-align: left;\">See s\u00f5rmus on vastutustundlik ja j\u00e4tkusuutlik valik kaasaegsele paarile, kes hindab esteetikat. See ei ole lihtsalt ehe. See on igavene armastuse, elegantsi ja vastutustunde s\u00fcmbol.<\/p>\n","protected":false},"featured_media":33936,"template":"","meta":{"site-sidebar-layout":"default","site-content-layout":"","ast-site-content-layout":"default","site-content-style":"default","site-sidebar-style":"default","ast-global-header-display":"","ast-banner-title-visibility":"","ast-main-header-display":"","ast-hfb-above-header-display":"","ast-hfb-below-header-display":"","ast-hfb-mobile-header-display":"","site-post-title":"","ast-breadcrumbs-content":"","ast-featured-img":"","footer-sml-layout":"","ast-disable-related-posts":"","theme-transparent-header-meta":"default","adv-header-id-meta":"","stick-header-meta":"","header-above-stick-meta":"","header-main-stick-meta":"","header-below-stick-meta":"","astra-migrate-meta-layouts":"default","ast-page-background-enabled":"default","ast-page-background-meta":{"desktop":{"background-color":"var(--ast-global-color-4)","background-image":"","background-repeat":"repeat","background-position":"center center","background-size":"auto","background-attachment":"scroll","background-type":"","background-media":"","overlay-type":"","overlay-color":"","overlay-opacity":"","overlay-gradient":""},"tablet":{"background-color":"","background-image":"","background-repeat":"repeat","background-position":"center center","background-size":"auto","background-attachment":"scroll","background-type":"","background-media":"","overlay-type":"","overlay-color":"","overlay-opacity":"","overlay-gradient":""},"mobile":{"background-color":"","background-image":"","background-repeat":"repeat","background-position":"center center","background-size":"auto","background-attachment":"scroll","background-type":"","background-media":"","overlay-type":"","overlay-color":"","overlay-opacity":"","overlay-gradient":""}},"ast-content-background-meta":{"desktop":{"background-color":"var(--ast-global-color-5)","background-image":"","background-repeat":"repeat","background-position":"center center","background-size":"auto","background-attachment":"scroll","background-type":"","background-media":"","overlay-type":"","overlay-color":"","overlay-opacity":"","overlay-gradient":""},"tablet":{"background-color":"var(--ast-global-color-5)","background-image":"","background-repeat":"repeat","background-position":"center center","background-size":"auto","background-attachment":"scroll","background-type":"","background-media":"","overlay-type":"","overlay-color":"","overlay-opacity":"","overlay-gradient":""},"mobile":{"background-color":"var(--ast-global-color-5)","background-image":"","background-repeat":"repeat","background-position":"center center","background-size":"auto","background-attachment":"scroll","background-type":"","background-media":"","overlay-type":"","overlay-color":"","overlay-opacity":"","overlay-gradient":""}}},"product_brand":[],"product_cat":[3444],"product_tag":[],"class_list":{"0":"post-274104","1":"product","2":"type-product","3":"status-publish","4":"has-post-thumbnail","6":"product_cat-klasikalised-kihlusesormused","7":"desktop-align-center","8":"tablet-align-left","9":"mobile-align-left","10":"ast-product-gallery-layout-horizontal-slider","11":"ast-product-single-variable","12":"ast-product-tabs-layout-accordion","13":"ast-qv-on-image","15":"first","16":"instock","17":"taxable","18":"shipping-taxable","19":"purchasable","20":"product-type-variable"},"yoast_head":"<!-- This site is optimized with the Yoast SEO plugin v26.6 - https:\/\/yoast.com\/wordpress\/plugins\/seo\/ -->\n<title>Ilmekas kihlas\u00f5rmus 1,00 ct pisarakujulise teemandiga<\/title>\n<meta name=\"description\" content=\"Ilmekas kihlas\u00f5rmus 1,00 ct pisarakujulise teemandi ja s\u00e4ravate briljantidega. J\u00e4tkusuutlik valik, loodud t\u00f5elise armastuse jaoks.\" \/>\n<meta name=\"robots\" content=\"index, follow, max-snippet:-1, max-image-preview:large, max-video-preview:-1\" \/>\n<link rel=\"canonical\" href=\"https:\/\/fashiongold.lt\/et\/papuosalas\/kihlasormus-1-00-ct-pisarakujulise-teemandiga\/\" \/>\n<meta property=\"og:locale\" content=\"et_EE\" \/>\n<meta property=\"og:type\" content=\"article\" \/>\n<meta property=\"og:title\" content=\"Ilmekas kihlas\u00f5rmus 1,00 ct pisarakujulise teemandiga\" \/>\n<meta property=\"og:description\" content=\"Ilmekas kihlas\u00f5rmus 1,00 ct pisarakujulise teemandi ja s\u00e4ravate briljantidega. J\u00e4tkusuutlik valik, loodud t\u00f5elise armastuse jaoks.\" \/>\n<meta property=\"og:url\" content=\"https:\/\/fashiongold.lt\/et\/papuosalas\/kihlasormus-1-00-ct-pisarakujulise-teemandiga\/\" \/>\n<meta property=\"og:site_name\" content=\"FashionGold.lt\" \/>\n<meta property=\"og:image\" content=\"https:\/\/fashiongold.lt\/wp-content\/uploads\/2025\/10\/suzadetuviu-ziedas-su-laso-formos-deimantu-2.webp\" \/>\n\t<meta property=\"og:image:width\" content=\"800\" \/>\n\t<meta property=\"og:image:height\" content=\"800\" \/>\n\t<meta property=\"og:image:type\" content=\"image\/jpeg\" \/>\n<meta name=\"twitter:card\" content=\"summary_large_image\" \/>\n<meta name=\"twitter:label1\" content=\"Est. reading time\" \/>\n\t<meta name=\"twitter:data1\" content=\"1 minut\" \/>\n<script type=\"application\/ld+json\" class=\"yoast-schema-graph\">{\"@context\":\"https:\/\/schema.org\",\"@graph\":[{\"@type\":\"WebPage\",\"@id\":\"https:\/\/fashiongold.lt\/et\/papuosalas\/kihlasormus-1-00-ct-pisarakujulise-teemandiga\/\",\"url\":\"https:\/\/fashiongold.lt\/et\/papuosalas\/kihlasormus-1-00-ct-pisarakujulise-teemandiga\/\",\"name\":\"Ilmekas kihlas\u00f5rmus 1,00 ct pisarakujulise teemandiga\",\"isPartOf\":{\"@id\":\"https:\/\/fashiongold.lt\/et\/#website\"},\"primaryImageOfPage\":{\"@id\":\"https:\/\/fashiongold.lt\/et\/papuosalas\/kihlasormus-1-00-ct-pisarakujulise-teemandiga\/#primaryimage\"},\"image\":{\"@id\":\"https:\/\/fashiongold.lt\/et\/papuosalas\/kihlasormus-1-00-ct-pisarakujulise-teemandiga\/#primaryimage\"},\"thumbnailUrl\":\"https:\/\/fashiongold.lt\/wp-content\/uploads\/2025\/10\/suzadetuviu-ziedas-su-laso-formos-deimantu-2.jpg\",\"datePublished\":\"2025-10-23T14:42:16+00:00\",\"description\":\"Ilmekas kihlas\u00f5rmus 1,00 ct pisarakujulise teemandi ja s\u00e4ravate briljantidega. J\u00e4tkusuutlik valik, loodud t\u00f5elise armastuse jaoks.\",\"breadcrumb\":{\"@id\":\"https:\/\/fashiongold.lt\/et\/papuosalas\/kihlasormus-1-00-ct-pisarakujulise-teemandiga\/#breadcrumb\"},\"inLanguage\":\"et\",\"potentialAction\":[{\"@type\":\"ReadAction\",\"target\":[\"https:\/\/fashiongold.lt\/et\/papuosalas\/kihlasormus-1-00-ct-pisarakujulise-teemandiga\/\"]}]},{\"@type\":\"ImageObject\",\"inLanguage\":\"et\",\"@id\":\"https:\/\/fashiongold.lt\/et\/papuosalas\/kihlasormus-1-00-ct-pisarakujulise-teemandiga\/#primaryimage\",\"url\":\"https:\/\/fashiongold.lt\/wp-content\/uploads\/2025\/10\/suzadetuviu-ziedas-su-laso-formos-deimantu-2.jpg\",\"contentUrl\":\"https:\/\/fashiongold.lt\/wp-content\/uploads\/2025\/10\/suzadetuviu-ziedas-su-laso-formos-deimantu-2.jpg\",\"width\":800,\"height\":800},{\"@type\":\"BreadcrumbList\",\"@id\":\"https:\/\/fashiongold.lt\/et\/papuosalas\/kihlasormus-1-00-ct-pisarakujulise-teemandiga\/#breadcrumb\",\"itemListElement\":[{\"@type\":\"ListItem\",\"position\":1,\"name\":\"Home\",\"item\":\"https:\/\/fashiongold.lt\/et\/\"},{\"@type\":\"ListItem\",\"position\":2,\"name\":\"Teemantide pood Fashiongold.lt\",\"item\":\"https:\/\/fashiongold.lt\/shop-2\/\"},{\"@type\":\"ListItem\",\"position\":3,\"name\":\"Kihlas\u00f5rmus 1.00 ct pisarakujulise teemandiga\"}]},{\"@type\":\"WebSite\",\"@id\":\"https:\/\/fashiongold.lt\/et\/#website\",\"url\":\"https:\/\/fashiongold.lt\/et\/\",\"name\":\"Fashion Gold\",\"description\":\"Juvelyrikos namai\",\"publisher\":{\"@id\":\"https:\/\/fashiongold.lt\/et\/#organization\"},\"potentialAction\":[{\"@type\":\"SearchAction\",\"target\":{\"@type\":\"EntryPoint\",\"urlTemplate\":\"https:\/\/fashiongold.lt\/et\/?s={search_term_string}\"},\"query-input\":{\"@type\":\"PropertyValueSpecification\",\"valueRequired\":true,\"valueName\":\"search_term_string\"}}],\"inLanguage\":\"et\"},{\"@type\":\"Organization\",\"@id\":\"https:\/\/fashiongold.lt\/et\/#organization\",\"name\":\"Topdiamonds Online\",\"url\":\"https:\/\/fashiongold.lt\/et\/\",\"logo\":{\"@type\":\"ImageObject\",\"inLanguage\":\"et\",\"@id\":\"https:\/\/fashiongold.lt\/et\/#\/schema\/logo\/image\/\",\"url\":\"https:\/\/fashiongold.lt\/wp-content\/uploads\/2025\/04\/cropped-fashion_gold_logotipas2-scaled-1.png\",\"contentUrl\":\"https:\/\/fashiongold.lt\/wp-content\/uploads\/2025\/04\/cropped-fashion_gold_logotipas2-scaled-1.png\",\"width\":2559,\"height\":421,\"caption\":\"Topdiamonds Online\"},\"image\":{\"@id\":\"https:\/\/fashiongold.lt\/et\/#\/schema\/logo\/image\/\"}}]}<\/script>\n<!-- \/ Yoast SEO plugin. -->","yoast_head_json":{"title":"Ilmekas kihlas\u00f5rmus 1,00 ct pisarakujulise teemandiga","description":"Ilmekas kihlas\u00f5rmus 1,00 ct pisarakujulise teemandi ja s\u00e4ravate briljantidega. J\u00e4tkusuutlik valik, loodud t\u00f5elise armastuse jaoks.","robots":{"index":"index","follow":"follow","max-snippet":"max-snippet:-1","max-image-preview":"max-image-preview:large","max-video-preview":"max-video-preview:-1"},"canonical":"https:\/\/fashiongold.lt\/et\/papuosalas\/kihlasormus-1-00-ct-pisarakujulise-teemandiga\/","og_locale":"et_EE","og_type":"article","og_title":"Ilmekas kihlas\u00f5rmus 1,00 ct pisarakujulise teemandiga","og_description":"Ilmekas kihlas\u00f5rmus 1,00 ct pisarakujulise teemandi ja s\u00e4ravate briljantidega. J\u00e4tkusuutlik valik, loodud t\u00f5elise armastuse jaoks.","og_url":"https:\/\/fashiongold.lt\/et\/papuosalas\/kihlasormus-1-00-ct-pisarakujulise-teemandiga\/","og_site_name":"FashionGold.lt","og_image":[{"width":800,"height":800,"url":"https:\/\/fashiongold.lt\/wp-content\/uploads\/2025\/10\/suzadetuviu-ziedas-su-laso-formos-deimantu-2.webp","type":"image\/jpeg"}],"twitter_card":"summary_large_image","twitter_misc":{"Est. reading time":"1 minut"},"schema":{"@context":"https:\/\/schema.org","@graph":[{"@type":"WebPage","@id":"https:\/\/fashiongold.lt\/et\/papuosalas\/kihlasormus-1-00-ct-pisarakujulise-teemandiga\/","url":"https:\/\/fashiongold.lt\/et\/papuosalas\/kihlasormus-1-00-ct-pisarakujulise-teemandiga\/","name":"Ilmekas kihlas\u00f5rmus 1,00 ct pisarakujulise teemandiga","isPartOf":{"@id":"https:\/\/fashiongold.lt\/et\/#website"},"primaryImageOfPage":{"@id":"https:\/\/fashiongold.lt\/et\/papuosalas\/kihlasormus-1-00-ct-pisarakujulise-teemandiga\/#primaryimage"},"image":{"@id":"https:\/\/fashiongold.lt\/et\/papuosalas\/kihlasormus-1-00-ct-pisarakujulise-teemandiga\/#primaryimage"},"thumbnailUrl":"https:\/\/fashiongold.lt\/wp-content\/uploads\/2025\/10\/suzadetuviu-ziedas-su-laso-formos-deimantu-2.jpg","datePublished":"2025-10-23T14:42:16+00:00","description":"Ilmekas kihlas\u00f5rmus 1,00 ct pisarakujulise teemandi ja s\u00e4ravate briljantidega. J\u00e4tkusuutlik valik, loodud t\u00f5elise armastuse jaoks.","breadcrumb":{"@id":"https:\/\/fashiongold.lt\/et\/papuosalas\/kihlasormus-1-00-ct-pisarakujulise-teemandiga\/#breadcrumb"},"inLanguage":"et","potentialAction":[{"@type":"ReadAction","target":["https:\/\/fashiongold.lt\/et\/papuosalas\/kihlasormus-1-00-ct-pisarakujulise-teemandiga\/"]}]},{"@type":"ImageObject","inLanguage":"et","@id":"https:\/\/fashiongold.lt\/et\/papuosalas\/kihlasormus-1-00-ct-pisarakujulise-teemandiga\/#primaryimage","url":"https:\/\/fashiongold.lt\/wp-content\/uploads\/2025\/10\/suzadetuviu-ziedas-su-laso-formos-deimantu-2.jpg","contentUrl":"https:\/\/fashiongold.lt\/wp-content\/uploads\/2025\/10\/suzadetuviu-ziedas-su-laso-formos-deimantu-2.jpg","width":800,"height":800},{"@type":"BreadcrumbList","@id":"https:\/\/fashiongold.lt\/et\/papuosalas\/kihlasormus-1-00-ct-pisarakujulise-teemandiga\/#breadcrumb","itemListElement":[{"@type":"ListItem","position":1,"name":"Home","item":"https:\/\/fashiongold.lt\/et\/"},{"@type":"ListItem","position":2,"name":"Teemantide pood Fashiongold.lt","item":"https:\/\/fashiongold.lt\/shop-2\/"},{"@type":"ListItem","position":3,"name":"Kihlas\u00f5rmus 1.00 ct pisarakujulise teemandiga"}]},{"@type":"WebSite","@id":"https:\/\/fashiongold.lt\/et\/#website","url":"https:\/\/fashiongold.lt\/et\/","name":"Fashion Gold","description":"Juvelyrikos namai","publisher":{"@id":"https:\/\/fashiongold.lt\/et\/#organization"},"potentialAction":[{"@type":"SearchAction","target":{"@type":"EntryPoint","urlTemplate":"https:\/\/fashiongold.lt\/et\/?s={search_term_string}"},"query-input":{"@type":"PropertyValueSpecification","valueRequired":true,"valueName":"search_term_string"}}],"inLanguage":"et"},{"@type":"Organization","@id":"https:\/\/fashiongold.lt\/et\/#organization","name":"Topdiamonds Online","url":"https:\/\/fashiongold.lt\/et\/","logo":{"@type":"ImageObject","inLanguage":"et","@id":"https:\/\/fashiongold.lt\/et\/#\/schema\/logo\/image\/","url":"https:\/\/fashiongold.lt\/wp-content\/uploads\/2025\/04\/cropped-fashion_gold_logotipas2-scaled-1.png","contentUrl":"https:\/\/fashiongold.lt\/wp-content\/uploads\/2025\/04\/cropped-fashion_gold_logotipas2-scaled-1.png","width":2559,"height":421,"caption":"Topdiamonds Online"},"image":{"@id":"https:\/\/fashiongold.lt\/et\/#\/schema\/logo\/image\/"}}]}},"_links":{"self":[{"href":"https:\/\/fashiongold.lt\/et\/wp-json\/wp\/v2\/product\/274104","targetHints":{"allow":["GET"]}}],"collection":[{"href":"https:\/\/fashiongold.lt\/et\/wp-json\/wp\/v2\/product"}],"about":[{"href":"https:\/\/fashiongold.lt\/et\/wp-json\/wp\/v2\/types\/product"}],"version-history":[{"count":0,"href":"https:\/\/fashiongold.lt\/et\/wp-json\/wp\/v2\/product\/274104\/revisions"}],"wp:featuredmedia":[{"embeddable":true,"href":"https:\/\/fashiongold.lt\/et\/wp-json\/wp\/v2\/media\/33936"}],"wp:attachment":[{"href":"https:\/\/fashiongold.lt\/et\/wp-json\/wp\/v2\/media?parent=274104"}],"wp:term":[{"taxonomy":"product_brand","embeddable":true,"href":"https:\/\/fashiongold.lt\/et\/wp-json\/wp\/v2\/product_brand?post=274104"},{"taxonomy":"product_cat","embeddable":true,"href":"https:\/\/fashiongold.lt\/et\/wp-json\/wp\/v2\/product_cat?post=274104"},{"taxonomy":"product_tag","embeddable":true,"href":"https:\/\/fashiongold.lt\/et\/wp-json\/wp\/v2\/product_tag?post=274104"}],"curies":[{"name":"wp","href":"https:\/\/api.w.org\/{rel}","templated":true}]}}