{"id":274137,"date":"2025-10-24T07:25:17","date_gmt":"2025-10-24T07:25:17","guid":{"rendered":"https:\/\/fashiongold.lt\/papuosalas\/teemandiga-kihlasormus-diamante-030-ct\/"},"modified":"2025-10-24T07:25:17","modified_gmt":"2025-10-24T07:25:17","slug":"teemandiga-kihlasormus-diamante-030-ct","status":"publish","type":"product","link":"https:\/\/fashiongold.lt\/et\/papuosalas\/teemandiga-kihlasormus-diamante-030-ct\/","title":{"rendered":"Teemandiga kihlas\u00f5rmus &#8211; Diamante (0,30 ct)"},"content":{"rendered":"<h2><span style=\"font-size: 12.87px;\">Teemandiga kihlas\u00f5rmus &#8211; Diamante (0,30 ct)<\/span><\/h2>\n<h3><span style=\"font-size: 11px;\">Klassikaline 0,30-karaatise teemandiga kihlas\u00f5rmus &#8211; Diamante. Looduslik teemant. Tasuta graveerimine.<\/span><\/h3>\n<p>Valmistatud Leedus, j\u00e4rgides k\u00f5rgeimaid standardeid. S\u00f5rmust saab valmistada eritellimusel: lisatasu eest k\u00f5rgema kvaliteediga teemandi v\u00f5i teemantidega.<\/p>\n<p>\u2022 S\u00f5rmuse metall: 14K (proov 585), saame valmistada 10K (proov 375), 18K (proov 750), 950 plaatinast<\/p>\n<p>\u2022 S\u00f5rmuse v\u00e4rvus: valge, punane, kollane<\/p>\n<p>\u2022 S\u00f5rmuse kaal (s\u00f5ltub suurusest): umbes 1,30 &#8211; 1,70 g<\/p>\n<p>\u2022 S\u00f5rmuse m\u00f5\u00f5tmed: krooni laius &#8211; umbes 5,80 mm (m\u00f5\u00f5tmed on ligikaudsed ja v\u00f5ivad erineda s\u00f5ltuvalt s\u00f5rmuse suurusest)<\/p>\n<p>\u2022 S\u00f5rmuse mugavusprofiil (comfort fit): olemas<\/p>\n<p>\u2022 Teemandi t\u00fc\u00fcp: Looduslik teemant<\/p>\n<p>\u2022 Teemandi kuju: \u00dcmar lihv (Round cut)<\/p>\n<p>\u2022 Teemandi omadused: 0,30 ct keskne kivi (v\u00e4rvus H, puhtus SI2) (v\u00f5imalik muuta)<\/p>\n<p>\u2022 Sertifikaat: Leedu Proovikoda (LPR)<\/p>\n<p>\u2022 Tasuta graveerimine<\/p>\n<p>\u2022 \u00dchekordne tasuta s\u00f5rmuse suuruse muutmise garantii (vastavalt v\u00f5imalustele)<\/p>\n<p>\u2022 Valmistamis- ja tarneaeg alates 14 t\u00f6\u00f6p\u00e4evast, kiirtellimusena 7 t\u00f6\u00f6p\u00e4eva jooksul<\/p>\n<p><strong>Teil on oma v\u00e4\u00e4riskivi? V\u00f5tke \u00fchendust, arvutame hinna \u00fcmber &#8211; maksate vaid s\u00f5rmuse valmistamise eest.<\/strong><\/p>\n","protected":false},"excerpt":{"rendered":"<p>Klassikaline teemandiga kihlas\u00f5rmus. Ehtne teemant on asetatud lillekujulisse krooni, s\u00f5rmusev\u00f5ru on selle juurest kergitatud, tagades kandmismugavuse. Eksklusiivne ja elegantne valik kihluseks!<\/p>\n","protected":false},"featured_media":228815,"template":"","meta":{"site-sidebar-layout":"","site-content-layout":"","ast-site-content-layout":"","site-content-style":"","site-sidebar-style":"","ast-global-header-display":"","ast-banner-title-visibility":"","ast-main-header-display":"","ast-hfb-above-header-display":"","ast-hfb-below-header-display":"","ast-hfb-mobile-header-display":"","site-post-title":"","ast-breadcrumbs-content":"","ast-featured-img":"","footer-sml-layout":"","ast-disable-related-posts":"","theme-transparent-header-meta":"","adv-header-id-meta":"","stick-header-meta":"","header-above-stick-meta":"","header-main-stick-meta":"","header-below-stick-meta":"","astra-migrate-meta-layouts":"default","ast-page-background-enabled":"default","ast-page-background-meta":{"desktop":{"background-color":"var(--ast-global-color-4)","background-image":"","background-repeat":"repeat","background-position":"center center","background-size":"auto","background-attachment":"scroll","background-type":"","background-media":"","overlay-type":"","overlay-color":"","overlay-opacity":"","overlay-gradient":""},"tablet":{"background-color":"","background-image":"","background-repeat":"repeat","background-position":"center center","background-size":"auto","background-attachment":"scroll","background-type":"","background-media":"","overlay-type":"","overlay-color":"","overlay-opacity":"","overlay-gradient":""},"mobile":{"background-color":"","background-image":"","background-repeat":"repeat","background-position":"center center","background-size":"auto","background-attachment":"scroll","background-type":"","background-media":"","overlay-type":"","overlay-color":"","overlay-opacity":"","overlay-gradient":""}},"ast-content-background-meta":{"desktop":{"background-color":"var(--ast-global-color-5)","background-image":"","background-repeat":"repeat","background-position":"center center","background-size":"auto","background-attachment":"scroll","background-type":"","background-media":"","overlay-type":"","overlay-color":"","overlay-opacity":"","overlay-gradient":""},"tablet":{"background-color":"var(--ast-global-color-5)","background-image":"","background-repeat":"repeat","background-position":"center center","background-size":"auto","background-attachment":"scroll","background-type":"","background-media":"","overlay-type":"","overlay-color":"","overlay-opacity":"","overlay-gradient":""},"mobile":{"background-color":"var(--ast-global-color-5)","background-image":"","background-repeat":"repeat","background-position":"center center","background-size":"auto","background-attachment":"scroll","background-type":"","background-media":"","overlay-type":"","overlay-color":"","overlay-opacity":"","overlay-gradient":""}}},"product_brand":[],"product_cat":[3422,2823,2822,2824,3392,3444,3425,3426,2845,3445,3424],"product_tag":[],"class_list":{"0":"post-274137","1":"product","2":"type-product","3":"status-publish","4":"has-post-thumbnail","6":"product_cat-kihlasormused","7":"product_cat-kingitused-lapse-sunni-puhul","8":"product_cat-kingitused-naistele","9":"product_cat-kingitused-pulma-aastapaeva-puhul","10":"product_cat-kingitused-pulmade-puhul","11":"product_cat-klasikalised-kihlusesormused","12":"product_cat-kollasest-kullast-kihlasormused","13":"product_cat-punasest-kullast-kihlasormused","14":"product_cat-sobrapaeva-kingitused","15":"product_cat-top-kihlasormused","16":"product_cat-valgest-kullast-kihlasormused","17":"desktop-align-center","18":"tablet-align-left","19":"mobile-align-left","20":"ast-product-gallery-layout-horizontal-slider","21":"ast-product-gallery-with-no-image","22":"ast-product-single-variable","23":"ast-product-tabs-layout-accordion","24":"ast-qv-on-image","26":"first","27":"instock","28":"taxable","29":"shipping-taxable","30":"purchasable","31":"product-type-variable"},"yoast_head":"<!-- This site is optimized with the Yoast SEO plugin v26.6 - https:\/\/yoast.com\/wordpress\/plugins\/seo\/ -->\n<title>Kihlas\u00f5rmus 0,30-karaadise teemandiga - Diamante<\/title>\n<meta name=\"description\" content=\"Kihlas\u00f5rmus 0,30-karaadise teemandiga. Ehtne teemant on asetatud lillekujulisse krooni, mille suunas on t\u00f5stetud ka s\u00f5rmuse v\u00f5ru, tagades kandmisel mugavuse.\" \/>\n<meta name=\"robots\" content=\"index, follow, max-snippet:-1, max-image-preview:large, max-video-preview:-1\" \/>\n<link rel=\"canonical\" href=\"https:\/\/fashiongold.lt\/et\/papuosalas\/teemandiga-kihlasormus-diamante-030-ct\/\" \/>\n<meta property=\"og:locale\" content=\"et_EE\" \/>\n<meta property=\"og:type\" content=\"article\" \/>\n<meta property=\"og:title\" content=\"Kihlas\u00f5rmus 0,30-karaadise teemandiga - Diamante\" \/>\n<meta property=\"og:description\" content=\"Kihlas\u00f5rmus 0,30-karaadise teemandiga. Ehtne teemant on asetatud lillekujulisse krooni, mille suunas on t\u00f5stetud ka s\u00f5rmuse v\u00f5ru, tagades kandmisel mugavuse.\" \/>\n<meta property=\"og:url\" content=\"https:\/\/fashiongold.lt\/et\/papuosalas\/teemandiga-kihlasormus-diamante-030-ct\/\" \/>\n<meta property=\"og:site_name\" content=\"FashionGold.lt\" \/>\n<meta property=\"og:image\" content=\"https:\/\/fashiongold.lt\/wp-content\/uploads\/2025\/10\/25532-93c-Balto-aukso-suzadetuviu-ziedas-su-0.30-karato-deimantu-Diamante.webp\" \/>\n\t<meta property=\"og:image:width\" content=\"1000\" \/>\n\t<meta property=\"og:image:height\" content=\"1000\" \/>\n\t<meta property=\"og:image:type\" content=\"image\/png\" \/>\n<meta name=\"twitter:card\" content=\"summary_large_image\" \/>\n<meta name=\"twitter:label1\" content=\"Est. reading time\" \/>\n\t<meta name=\"twitter:data1\" content=\"1 minut\" \/>\n<script type=\"application\/ld+json\" class=\"yoast-schema-graph\">{\"@context\":\"https:\/\/schema.org\",\"@graph\":[{\"@type\":\"WebPage\",\"@id\":\"https:\/\/fashiongold.lt\/et\/papuosalas\/teemandiga-kihlasormus-diamante-030-ct\/\",\"url\":\"https:\/\/fashiongold.lt\/et\/papuosalas\/teemandiga-kihlasormus-diamante-030-ct\/\",\"name\":\"Kihlas\u00f5rmus 0,30-karaadise teemandiga - Diamante\",\"isPartOf\":{\"@id\":\"https:\/\/fashiongold.lt\/et\/#website\"},\"primaryImageOfPage\":{\"@id\":\"https:\/\/fashiongold.lt\/et\/papuosalas\/teemandiga-kihlasormus-diamante-030-ct\/#primaryimage\"},\"image\":{\"@id\":\"https:\/\/fashiongold.lt\/et\/papuosalas\/teemandiga-kihlasormus-diamante-030-ct\/#primaryimage\"},\"thumbnailUrl\":\"https:\/\/fashiongold.lt\/wp-content\/uploads\/2025\/10\/25532-93c-Balto-aukso-suzadetuviu-ziedas-su-0.30-karato-deimantu-Diamante.png\",\"datePublished\":\"2025-10-24T07:25:17+00:00\",\"description\":\"Kihlas\u00f5rmus 0,30-karaadise teemandiga. Ehtne teemant on asetatud lillekujulisse krooni, mille suunas on t\u00f5stetud ka s\u00f5rmuse v\u00f5ru, tagades kandmisel mugavuse.\",\"breadcrumb\":{\"@id\":\"https:\/\/fashiongold.lt\/et\/papuosalas\/teemandiga-kihlasormus-diamante-030-ct\/#breadcrumb\"},\"inLanguage\":\"et\",\"potentialAction\":[{\"@type\":\"ReadAction\",\"target\":[\"https:\/\/fashiongold.lt\/et\/papuosalas\/teemandiga-kihlasormus-diamante-030-ct\/\"]}]},{\"@type\":\"ImageObject\",\"inLanguage\":\"et\",\"@id\":\"https:\/\/fashiongold.lt\/et\/papuosalas\/teemandiga-kihlasormus-diamante-030-ct\/#primaryimage\",\"url\":\"https:\/\/fashiongold.lt\/wp-content\/uploads\/2025\/10\/25532-93c-Balto-aukso-suzadetuviu-ziedas-su-0.30-karato-deimantu-Diamante.png\",\"contentUrl\":\"https:\/\/fashiongold.lt\/wp-content\/uploads\/2025\/10\/25532-93c-Balto-aukso-suzadetuviu-ziedas-su-0.30-karato-deimantu-Diamante.png\",\"width\":1000,\"height\":1000},{\"@type\":\"BreadcrumbList\",\"@id\":\"https:\/\/fashiongold.lt\/et\/papuosalas\/teemandiga-kihlasormus-diamante-030-ct\/#breadcrumb\",\"itemListElement\":[{\"@type\":\"ListItem\",\"position\":1,\"name\":\"Home\",\"item\":\"https:\/\/fashiongold.lt\/et\/\"},{\"@type\":\"ListItem\",\"position\":2,\"name\":\"Teemantide pood Fashiongold.lt\",\"item\":\"https:\/\/fashiongold.lt\/shop-2\/\"},{\"@type\":\"ListItem\",\"position\":3,\"name\":\"Teemandiga kihlas\u00f5rmus &#8211; Diamante (0,30 ct)\"}]},{\"@type\":\"WebSite\",\"@id\":\"https:\/\/fashiongold.lt\/et\/#website\",\"url\":\"https:\/\/fashiongold.lt\/et\/\",\"name\":\"Fashion Gold\",\"description\":\"Juvelyrikos namai\",\"publisher\":{\"@id\":\"https:\/\/fashiongold.lt\/et\/#organization\"},\"potentialAction\":[{\"@type\":\"SearchAction\",\"target\":{\"@type\":\"EntryPoint\",\"urlTemplate\":\"https:\/\/fashiongold.lt\/et\/?s={search_term_string}\"},\"query-input\":{\"@type\":\"PropertyValueSpecification\",\"valueRequired\":true,\"valueName\":\"search_term_string\"}}],\"inLanguage\":\"et\"},{\"@type\":\"Organization\",\"@id\":\"https:\/\/fashiongold.lt\/et\/#organization\",\"name\":\"Topdiamonds Online\",\"url\":\"https:\/\/fashiongold.lt\/et\/\",\"logo\":{\"@type\":\"ImageObject\",\"inLanguage\":\"et\",\"@id\":\"https:\/\/fashiongold.lt\/et\/#\/schema\/logo\/image\/\",\"url\":\"https:\/\/fashiongold.lt\/wp-content\/uploads\/2025\/04\/cropped-fashion_gold_logotipas2-scaled-1.png\",\"contentUrl\":\"https:\/\/fashiongold.lt\/wp-content\/uploads\/2025\/04\/cropped-fashion_gold_logotipas2-scaled-1.png\",\"width\":2559,\"height\":421,\"caption\":\"Topdiamonds Online\"},\"image\":{\"@id\":\"https:\/\/fashiongold.lt\/et\/#\/schema\/logo\/image\/\"}}]}<\/script>\n<!-- \/ Yoast SEO plugin. -->","yoast_head_json":{"title":"Kihlas\u00f5rmus 0,30-karaadise teemandiga - Diamante","description":"Kihlas\u00f5rmus 0,30-karaadise teemandiga. Ehtne teemant on asetatud lillekujulisse krooni, mille suunas on t\u00f5stetud ka s\u00f5rmuse v\u00f5ru, tagades kandmisel mugavuse.","robots":{"index":"index","follow":"follow","max-snippet":"max-snippet:-1","max-image-preview":"max-image-preview:large","max-video-preview":"max-video-preview:-1"},"canonical":"https:\/\/fashiongold.lt\/et\/papuosalas\/teemandiga-kihlasormus-diamante-030-ct\/","og_locale":"et_EE","og_type":"article","og_title":"Kihlas\u00f5rmus 0,30-karaadise teemandiga - Diamante","og_description":"Kihlas\u00f5rmus 0,30-karaadise teemandiga. Ehtne teemant on asetatud lillekujulisse krooni, mille suunas on t\u00f5stetud ka s\u00f5rmuse v\u00f5ru, tagades kandmisel mugavuse.","og_url":"https:\/\/fashiongold.lt\/et\/papuosalas\/teemandiga-kihlasormus-diamante-030-ct\/","og_site_name":"FashionGold.lt","og_image":[{"width":1000,"height":1000,"url":"https:\/\/fashiongold.lt\/wp-content\/uploads\/2025\/10\/25532-93c-Balto-aukso-suzadetuviu-ziedas-su-0.30-karato-deimantu-Diamante.webp","type":"image\/png"}],"twitter_card":"summary_large_image","twitter_misc":{"Est. reading time":"1 minut"},"schema":{"@context":"https:\/\/schema.org","@graph":[{"@type":"WebPage","@id":"https:\/\/fashiongold.lt\/et\/papuosalas\/teemandiga-kihlasormus-diamante-030-ct\/","url":"https:\/\/fashiongold.lt\/et\/papuosalas\/teemandiga-kihlasormus-diamante-030-ct\/","name":"Kihlas\u00f5rmus 0,30-karaadise teemandiga - Diamante","isPartOf":{"@id":"https:\/\/fashiongold.lt\/et\/#website"},"primaryImageOfPage":{"@id":"https:\/\/fashiongold.lt\/et\/papuosalas\/teemandiga-kihlasormus-diamante-030-ct\/#primaryimage"},"image":{"@id":"https:\/\/fashiongold.lt\/et\/papuosalas\/teemandiga-kihlasormus-diamante-030-ct\/#primaryimage"},"thumbnailUrl":"https:\/\/fashiongold.lt\/wp-content\/uploads\/2025\/10\/25532-93c-Balto-aukso-suzadetuviu-ziedas-su-0.30-karato-deimantu-Diamante.png","datePublished":"2025-10-24T07:25:17+00:00","description":"Kihlas\u00f5rmus 0,30-karaadise teemandiga. Ehtne teemant on asetatud lillekujulisse krooni, mille suunas on t\u00f5stetud ka s\u00f5rmuse v\u00f5ru, tagades kandmisel mugavuse.","breadcrumb":{"@id":"https:\/\/fashiongold.lt\/et\/papuosalas\/teemandiga-kihlasormus-diamante-030-ct\/#breadcrumb"},"inLanguage":"et","potentialAction":[{"@type":"ReadAction","target":["https:\/\/fashiongold.lt\/et\/papuosalas\/teemandiga-kihlasormus-diamante-030-ct\/"]}]},{"@type":"ImageObject","inLanguage":"et","@id":"https:\/\/fashiongold.lt\/et\/papuosalas\/teemandiga-kihlasormus-diamante-030-ct\/#primaryimage","url":"https:\/\/fashiongold.lt\/wp-content\/uploads\/2025\/10\/25532-93c-Balto-aukso-suzadetuviu-ziedas-su-0.30-karato-deimantu-Diamante.png","contentUrl":"https:\/\/fashiongold.lt\/wp-content\/uploads\/2025\/10\/25532-93c-Balto-aukso-suzadetuviu-ziedas-su-0.30-karato-deimantu-Diamante.png","width":1000,"height":1000},{"@type":"BreadcrumbList","@id":"https:\/\/fashiongold.lt\/et\/papuosalas\/teemandiga-kihlasormus-diamante-030-ct\/#breadcrumb","itemListElement":[{"@type":"ListItem","position":1,"name":"Home","item":"https:\/\/fashiongold.lt\/et\/"},{"@type":"ListItem","position":2,"name":"Teemantide pood Fashiongold.lt","item":"https:\/\/fashiongold.lt\/shop-2\/"},{"@type":"ListItem","position":3,"name":"Teemandiga kihlas\u00f5rmus &#8211; Diamante (0,30 ct)"}]},{"@type":"WebSite","@id":"https:\/\/fashiongold.lt\/et\/#website","url":"https:\/\/fashiongold.lt\/et\/","name":"Fashion Gold","description":"Juvelyrikos namai","publisher":{"@id":"https:\/\/fashiongold.lt\/et\/#organization"},"potentialAction":[{"@type":"SearchAction","target":{"@type":"EntryPoint","urlTemplate":"https:\/\/fashiongold.lt\/et\/?s={search_term_string}"},"query-input":{"@type":"PropertyValueSpecification","valueRequired":true,"valueName":"search_term_string"}}],"inLanguage":"et"},{"@type":"Organization","@id":"https:\/\/fashiongold.lt\/et\/#organization","name":"Topdiamonds Online","url":"https:\/\/fashiongold.lt\/et\/","logo":{"@type":"ImageObject","inLanguage":"et","@id":"https:\/\/fashiongold.lt\/et\/#\/schema\/logo\/image\/","url":"https:\/\/fashiongold.lt\/wp-content\/uploads\/2025\/04\/cropped-fashion_gold_logotipas2-scaled-1.png","contentUrl":"https:\/\/fashiongold.lt\/wp-content\/uploads\/2025\/04\/cropped-fashion_gold_logotipas2-scaled-1.png","width":2559,"height":421,"caption":"Topdiamonds Online"},"image":{"@id":"https:\/\/fashiongold.lt\/et\/#\/schema\/logo\/image\/"}}]}},"_links":{"self":[{"href":"https:\/\/fashiongold.lt\/et\/wp-json\/wp\/v2\/product\/274137","targetHints":{"allow":["GET"]}}],"collection":[{"href":"https:\/\/fashiongold.lt\/et\/wp-json\/wp\/v2\/product"}],"about":[{"href":"https:\/\/fashiongold.lt\/et\/wp-json\/wp\/v2\/types\/product"}],"version-history":[{"count":0,"href":"https:\/\/fashiongold.lt\/et\/wp-json\/wp\/v2\/product\/274137\/revisions"}],"wp:featuredmedia":[{"embeddable":true,"href":"https:\/\/fashiongold.lt\/et\/wp-json\/wp\/v2\/media\/228815"}],"wp:attachment":[{"href":"https:\/\/fashiongold.lt\/et\/wp-json\/wp\/v2\/media?parent=274137"}],"wp:term":[{"taxonomy":"product_brand","embeddable":true,"href":"https:\/\/fashiongold.lt\/et\/wp-json\/wp\/v2\/product_brand?post=274137"},{"taxonomy":"product_cat","embeddable":true,"href":"https:\/\/fashiongold.lt\/et\/wp-json\/wp\/v2\/product_cat?post=274137"},{"taxonomy":"product_tag","embeddable":true,"href":"https:\/\/fashiongold.lt\/et\/wp-json\/wp\/v2\/product_tag?post=274137"}],"curies":[{"name":"wp","href":"https:\/\/api.w.org\/{rel}","templated":true}]}}