{"id":274141,"date":"2025-10-24T04:04:35","date_gmt":"2025-10-24T04:04:35","guid":{"rendered":"https:\/\/fashiongold.lt\/papuosalas\/kolme-teemandiga-kihlasormus-three-diamonds-049-ct\/"},"modified":"2025-10-24T04:04:35","modified_gmt":"2025-10-24T04:04:35","slug":"kolme-teemandiga-kihlasormus-three-diamonds-049-ct","status":"publish","type":"product","link":"https:\/\/fashiongold.lt\/et\/papuosalas\/kolme-teemandiga-kihlasormus-three-diamonds-049-ct\/","title":{"rendered":"Kolme teemandiga kihlas\u00f5rmus &#8211; Three Diamonds (0,49 ct)"},"content":{"rendered":"<h2>Teemantidega kihlas\u00f5rmus &#8211; Three Diamonds (0,49 ct)<\/h2>\n<h3>Kaasaegne teemantidega kihlas\u00f5rmus 0,31 karaati. Eksklusiivne luksus &#8211; kolme briljandiga s\u00f5rmus. <span style=\"font-size: 11px;\">Looduslikud teemandid. <\/span><\/h3>\n<p>Valmistatud Leedus, j\u00e4rgides k\u00f5rgeimaid standardeid. S\u00f5rmus on valmistatav tellimust\u00f6\u00f6na: lisatasu eest k\u00f5rgema kvaliteediga teemantide v\u00f5i teemantidega.<\/p>\n<p>\u2022 S\u00f5rmuse metall: 14K (proov 585), saame valmistada ka 10K (proov 375), 18K (proov 750), plaatina 950 <\/p>\n<p>\u2022 S\u00f5rmuse v\u00e4rv: valge, punane, kollane <\/p>\n<p>\u2022 S\u00f5rmuse kaal (s\u00f5ltub suurusest): umbes 3,00 &#8211; 3,40 g <\/p>\n<p>\u2022 S\u00f5rmuse m\u00f5\u00f5tmed: krooni laius &#8211; umbes 4,15 mm, vitsa laius &#8211; umbes 2,80 (m\u00f5\u00f5tmed on ligikaudsed ja v\u00f5ivad erineda s\u00f5ltuvalt s\u00f5rmuse suurusest) <\/p>\n<p>\u2022 S\u00f5rmuse mugavustsoon: olemas <\/p>\n<p>\u2022 Teemandi t\u00fc\u00fcp: Looduslik teemant<\/p>\n<p>\u2022 Teemandi kuju: \u00dcmar kuju (Round cut) <\/p>\n<p>\u2022 Teemandi omadused: 0,49 ct (v\u00e4rv H, puhtus SI2) (v\u00f5imalik muuta) <\/p>\n<p>\u2022 Sertifikaat: Leedu Proovikoda (LPR)<\/p>\n<p>\u2022 Graveerimine tasuta <\/p>\n<p>\u2022 \u00dchekordne tasuta s\u00f5rmuse suuruse muutmise garantii (vastavalt v\u00f5imalustele) <\/p>\n<p>\u2022 Valmistamise ja tarne t\u00e4htaeg alates 14 t\u00f6\u00f6p\u00e4evast, kiirtellimusel 7 t\u00f6\u00f6p\u00e4eva jooksul. <\/p>\n<p><strong>Kas teil on oma v\u00e4\u00e4riskivi? V\u00f5tke \u00fchendust, arvutame hinna \u00fcmber \u2013 maksate ainult s\u00f5rmuse valmistamise eest.<\/strong><\/p>\n","protected":false},"excerpt":{"rendered":"<p>Kolm s\u00e4tendavat teemanti on harmooniliselt \u00fcksteise k\u00f5rvale asetatud. Kihlas\u00f5rmus hiilgab erakordselt kolme s\u00e4rava teemandiga, mille kogukaal on 0,49 ct. Unikaalne kombinatsioon, mis sobib suurep\u00e4raselt erilise stiilitajuga kaasaegsele naisele. S\u00f5rmuse disain on ideaalselt loodud kihluseks ja erilisteks s\u00fcndmusteks.\u00a0<\/p>\n","protected":false},"featured_media":224137,"template":"","meta":{"site-sidebar-layout":"","site-content-layout":"","ast-site-content-layout":"","site-content-style":"","site-sidebar-style":"","ast-global-header-display":"","ast-banner-title-visibility":"","ast-main-header-display":"","ast-hfb-above-header-display":"","ast-hfb-below-header-display":"","ast-hfb-mobile-header-display":"","site-post-title":"","ast-breadcrumbs-content":"","ast-featured-img":"","footer-sml-layout":"","ast-disable-related-posts":"","theme-transparent-header-meta":"","adv-header-id-meta":"","stick-header-meta":"","header-above-stick-meta":"","header-main-stick-meta":"","header-below-stick-meta":"","astra-migrate-meta-layouts":"default","ast-page-background-enabled":"default","ast-page-background-meta":{"desktop":{"background-color":"var(--ast-global-color-4)","background-image":"","background-repeat":"repeat","background-position":"center center","background-size":"auto","background-attachment":"scroll","background-type":"","background-media":"","overlay-type":"","overlay-color":"","overlay-opacity":"","overlay-gradient":""},"tablet":{"background-color":"","background-image":"","background-repeat":"repeat","background-position":"center center","background-size":"auto","background-attachment":"scroll","background-type":"","background-media":"","overlay-type":"","overlay-color":"","overlay-opacity":"","overlay-gradient":""},"mobile":{"background-color":"","background-image":"","background-repeat":"repeat","background-position":"center center","background-size":"auto","background-attachment":"scroll","background-type":"","background-media":"","overlay-type":"","overlay-color":"","overlay-opacity":"","overlay-gradient":""}},"ast-content-background-meta":{"desktop":{"background-color":"var(--ast-global-color-5)","background-image":"","background-repeat":"repeat","background-position":"center center","background-size":"auto","background-attachment":"scroll","background-type":"","background-media":"","overlay-type":"","overlay-color":"","overlay-opacity":"","overlay-gradient":""},"tablet":{"background-color":"var(--ast-global-color-5)","background-image":"","background-repeat":"repeat","background-position":"center center","background-size":"auto","background-attachment":"scroll","background-type":"","background-media":"","overlay-type":"","overlay-color":"","overlay-opacity":"","overlay-gradient":""},"mobile":{"background-color":"var(--ast-global-color-5)","background-image":"","background-repeat":"repeat","background-position":"center center","background-size":"auto","background-attachment":"scroll","background-type":"","background-media":"","overlay-type":"","overlay-color":"","overlay-opacity":"","overlay-gradient":""}}},"product_brand":[],"product_cat":[3058,3422,2829,2823,2822,3444,3425,3449,3426,2845,3466,3445,2827,3424],"product_tag":[],"class_list":{"0":"post-274141","1":"product","2":"type-product","3":"status-publish","4":"has-post-thumbnail","6":"product_cat-ehted","7":"product_cat-kihlasormused","8":"product_cat-kingitused-erilisteks-puhkudeks","9":"product_cat-kingitused-lapse-sunni-puhul","10":"product_cat-kingitused-naistele","11":"product_cat-klasikalised-kihlusesormused","12":"product_cat-kollasest-kullast-kihlasormused","13":"product_cat-modernsed-kihlasormused","14":"product_cat-punasest-kullast-kihlasormused","15":"product_cat-sobrapaeva-kingitused","16":"product_cat-teemantsormused","17":"product_cat-top-kihlasormused","18":"product_cat-valgest-kullast-ehted","19":"product_cat-valgest-kullast-kihlasormused","20":"desktop-align-center","21":"tablet-align-left","22":"mobile-align-left","23":"ast-product-gallery-layout-horizontal-slider","24":"ast-product-gallery-with-no-image","25":"ast-product-single-variable","26":"ast-product-tabs-layout-accordion","27":"ast-qv-on-image","29":"first","30":"instock","31":"taxable","32":"shipping-taxable","33":"purchasable","34":"product-type-variable"},"yoast_head":"<!-- This site is optimized with the Yoast SEO plugin v26.6 - https:\/\/yoast.com\/wordpress\/plugins\/seo\/ -->\n<title>Kolme teemandiga kihlas\u00f5rmus - Three Diamonds (0,49 ct)<\/title>\n<meta name=\"description\" content=\"Kihlas\u00f5rmus kolme s\u00e4rava briljandiga. Teemantide kogukaal on 0,49 karaati. Suurep\u00e4rane valik kihluseks ja erilisteks s\u00fcndmusteks.\" \/>\n<meta name=\"robots\" content=\"index, follow, max-snippet:-1, max-image-preview:large, max-video-preview:-1\" \/>\n<link rel=\"canonical\" href=\"https:\/\/fashiongold.lt\/et\/papuosalas\/kolme-teemandiga-kihlasormus-three-diamonds-049-ct\/\" \/>\n<meta property=\"og:locale\" content=\"et_EE\" \/>\n<meta property=\"og:type\" content=\"article\" \/>\n<meta property=\"og:title\" content=\"Kolme teemandiga kihlas\u00f5rmus - Three Diamonds (0,49 ct)\" \/>\n<meta property=\"og:description\" content=\"Kihlas\u00f5rmus kolme s\u00e4rava briljandiga. Teemantide kogukaal on 0,49 karaati. Suurep\u00e4rane valik kihluseks ja erilisteks s\u00fcndmusteks.\" \/>\n<meta property=\"og:url\" content=\"https:\/\/fashiongold.lt\/et\/papuosalas\/kolme-teemandiga-kihlasormus-three-diamonds-049-ct\/\" \/>\n<meta property=\"og:site_name\" content=\"FashionGold.lt\" \/>\n<meta property=\"og:image\" content=\"https:\/\/fashiongold.lt\/wp-content\/uploads\/2025\/10\/23400-f4e-Raudono-aukso-modernus-Triju-deimantu-suzadetuviu-ziedas-Three-Diamonds-049-ct.webp\" \/>\n\t<meta property=\"og:image:width\" content=\"1000\" \/>\n\t<meta property=\"og:image:height\" content=\"1000\" \/>\n\t<meta property=\"og:image:type\" content=\"image\/png\" \/>\n<meta name=\"twitter:card\" content=\"summary_large_image\" \/>\n<meta name=\"twitter:label1\" content=\"Est. reading time\" \/>\n\t<meta name=\"twitter:data1\" content=\"1 minut\" \/>\n<script type=\"application\/ld+json\" class=\"yoast-schema-graph\">{\"@context\":\"https:\/\/schema.org\",\"@graph\":[{\"@type\":\"WebPage\",\"@id\":\"https:\/\/fashiongold.lt\/et\/papuosalas\/kolme-teemandiga-kihlasormus-three-diamonds-049-ct\/\",\"url\":\"https:\/\/fashiongold.lt\/et\/papuosalas\/kolme-teemandiga-kihlasormus-three-diamonds-049-ct\/\",\"name\":\"Kolme teemandiga kihlas\u00f5rmus - Three Diamonds (0,49 ct)\",\"isPartOf\":{\"@id\":\"https:\/\/fashiongold.lt\/et\/#website\"},\"primaryImageOfPage\":{\"@id\":\"https:\/\/fashiongold.lt\/et\/papuosalas\/kolme-teemandiga-kihlasormus-three-diamonds-049-ct\/#primaryimage\"},\"image\":{\"@id\":\"https:\/\/fashiongold.lt\/et\/papuosalas\/kolme-teemandiga-kihlasormus-three-diamonds-049-ct\/#primaryimage\"},\"thumbnailUrl\":\"https:\/\/fashiongold.lt\/wp-content\/uploads\/2025\/10\/23400-f4e-Raudono-aukso-modernus-Triju-deimantu-suzadetuviu-ziedas-Three-Diamonds-049-ct.png\",\"datePublished\":\"2025-10-24T04:04:35+00:00\",\"description\":\"Kihlas\u00f5rmus kolme s\u00e4rava briljandiga. Teemantide kogukaal on 0,49 karaati. Suurep\u00e4rane valik kihluseks ja erilisteks s\u00fcndmusteks.\",\"breadcrumb\":{\"@id\":\"https:\/\/fashiongold.lt\/et\/papuosalas\/kolme-teemandiga-kihlasormus-three-diamonds-049-ct\/#breadcrumb\"},\"inLanguage\":\"et\",\"potentialAction\":[{\"@type\":\"ReadAction\",\"target\":[\"https:\/\/fashiongold.lt\/et\/papuosalas\/kolme-teemandiga-kihlasormus-three-diamonds-049-ct\/\"]}]},{\"@type\":\"ImageObject\",\"inLanguage\":\"et\",\"@id\":\"https:\/\/fashiongold.lt\/et\/papuosalas\/kolme-teemandiga-kihlasormus-three-diamonds-049-ct\/#primaryimage\",\"url\":\"https:\/\/fashiongold.lt\/wp-content\/uploads\/2025\/10\/23400-f4e-Raudono-aukso-modernus-Triju-deimantu-suzadetuviu-ziedas-Three-Diamonds-049-ct.png\",\"contentUrl\":\"https:\/\/fashiongold.lt\/wp-content\/uploads\/2025\/10\/23400-f4e-Raudono-aukso-modernus-Triju-deimantu-suzadetuviu-ziedas-Three-Diamonds-049-ct.png\",\"width\":1000,\"height\":1000},{\"@type\":\"BreadcrumbList\",\"@id\":\"https:\/\/fashiongold.lt\/et\/papuosalas\/kolme-teemandiga-kihlasormus-three-diamonds-049-ct\/#breadcrumb\",\"itemListElement\":[{\"@type\":\"ListItem\",\"position\":1,\"name\":\"Home\",\"item\":\"https:\/\/fashiongold.lt\/et\/\"},{\"@type\":\"ListItem\",\"position\":2,\"name\":\"Teemantide pood Fashiongold.lt\",\"item\":\"https:\/\/fashiongold.lt\/shop-2\/\"},{\"@type\":\"ListItem\",\"position\":3,\"name\":\"Kolme teemandiga kihlas\u00f5rmus &#8211; Three Diamonds (0,49 ct)\"}]},{\"@type\":\"WebSite\",\"@id\":\"https:\/\/fashiongold.lt\/et\/#website\",\"url\":\"https:\/\/fashiongold.lt\/et\/\",\"name\":\"Fashion Gold\",\"description\":\"Juvelyrikos namai\",\"publisher\":{\"@id\":\"https:\/\/fashiongold.lt\/et\/#organization\"},\"potentialAction\":[{\"@type\":\"SearchAction\",\"target\":{\"@type\":\"EntryPoint\",\"urlTemplate\":\"https:\/\/fashiongold.lt\/et\/?s={search_term_string}\"},\"query-input\":{\"@type\":\"PropertyValueSpecification\",\"valueRequired\":true,\"valueName\":\"search_term_string\"}}],\"inLanguage\":\"et\"},{\"@type\":\"Organization\",\"@id\":\"https:\/\/fashiongold.lt\/et\/#organization\",\"name\":\"Topdiamonds Online\",\"url\":\"https:\/\/fashiongold.lt\/et\/\",\"logo\":{\"@type\":\"ImageObject\",\"inLanguage\":\"et\",\"@id\":\"https:\/\/fashiongold.lt\/et\/#\/schema\/logo\/image\/\",\"url\":\"https:\/\/fashiongold.lt\/wp-content\/uploads\/2025\/04\/cropped-fashion_gold_logotipas2-scaled-1.png\",\"contentUrl\":\"https:\/\/fashiongold.lt\/wp-content\/uploads\/2025\/04\/cropped-fashion_gold_logotipas2-scaled-1.png\",\"width\":2559,\"height\":421,\"caption\":\"Topdiamonds Online\"},\"image\":{\"@id\":\"https:\/\/fashiongold.lt\/et\/#\/schema\/logo\/image\/\"}}]}<\/script>\n<!-- \/ Yoast SEO plugin. -->","yoast_head_json":{"title":"Kolme teemandiga kihlas\u00f5rmus - Three Diamonds (0,49 ct)","description":"Kihlas\u00f5rmus kolme s\u00e4rava briljandiga. Teemantide kogukaal on 0,49 karaati. Suurep\u00e4rane valik kihluseks ja erilisteks s\u00fcndmusteks.","robots":{"index":"index","follow":"follow","max-snippet":"max-snippet:-1","max-image-preview":"max-image-preview:large","max-video-preview":"max-video-preview:-1"},"canonical":"https:\/\/fashiongold.lt\/et\/papuosalas\/kolme-teemandiga-kihlasormus-three-diamonds-049-ct\/","og_locale":"et_EE","og_type":"article","og_title":"Kolme teemandiga kihlas\u00f5rmus - Three Diamonds (0,49 ct)","og_description":"Kihlas\u00f5rmus kolme s\u00e4rava briljandiga. Teemantide kogukaal on 0,49 karaati. Suurep\u00e4rane valik kihluseks ja erilisteks s\u00fcndmusteks.","og_url":"https:\/\/fashiongold.lt\/et\/papuosalas\/kolme-teemandiga-kihlasormus-three-diamonds-049-ct\/","og_site_name":"FashionGold.lt","og_image":[{"width":1000,"height":1000,"url":"https:\/\/fashiongold.lt\/wp-content\/uploads\/2025\/10\/23400-f4e-Raudono-aukso-modernus-Triju-deimantu-suzadetuviu-ziedas-Three-Diamonds-049-ct.webp","type":"image\/png"}],"twitter_card":"summary_large_image","twitter_misc":{"Est. reading time":"1 minut"},"schema":{"@context":"https:\/\/schema.org","@graph":[{"@type":"WebPage","@id":"https:\/\/fashiongold.lt\/et\/papuosalas\/kolme-teemandiga-kihlasormus-three-diamonds-049-ct\/","url":"https:\/\/fashiongold.lt\/et\/papuosalas\/kolme-teemandiga-kihlasormus-three-diamonds-049-ct\/","name":"Kolme teemandiga kihlas\u00f5rmus - Three Diamonds (0,49 ct)","isPartOf":{"@id":"https:\/\/fashiongold.lt\/et\/#website"},"primaryImageOfPage":{"@id":"https:\/\/fashiongold.lt\/et\/papuosalas\/kolme-teemandiga-kihlasormus-three-diamonds-049-ct\/#primaryimage"},"image":{"@id":"https:\/\/fashiongold.lt\/et\/papuosalas\/kolme-teemandiga-kihlasormus-three-diamonds-049-ct\/#primaryimage"},"thumbnailUrl":"https:\/\/fashiongold.lt\/wp-content\/uploads\/2025\/10\/23400-f4e-Raudono-aukso-modernus-Triju-deimantu-suzadetuviu-ziedas-Three-Diamonds-049-ct.png","datePublished":"2025-10-24T04:04:35+00:00","description":"Kihlas\u00f5rmus kolme s\u00e4rava briljandiga. Teemantide kogukaal on 0,49 karaati. Suurep\u00e4rane valik kihluseks ja erilisteks s\u00fcndmusteks.","breadcrumb":{"@id":"https:\/\/fashiongold.lt\/et\/papuosalas\/kolme-teemandiga-kihlasormus-three-diamonds-049-ct\/#breadcrumb"},"inLanguage":"et","potentialAction":[{"@type":"ReadAction","target":["https:\/\/fashiongold.lt\/et\/papuosalas\/kolme-teemandiga-kihlasormus-three-diamonds-049-ct\/"]}]},{"@type":"ImageObject","inLanguage":"et","@id":"https:\/\/fashiongold.lt\/et\/papuosalas\/kolme-teemandiga-kihlasormus-three-diamonds-049-ct\/#primaryimage","url":"https:\/\/fashiongold.lt\/wp-content\/uploads\/2025\/10\/23400-f4e-Raudono-aukso-modernus-Triju-deimantu-suzadetuviu-ziedas-Three-Diamonds-049-ct.png","contentUrl":"https:\/\/fashiongold.lt\/wp-content\/uploads\/2025\/10\/23400-f4e-Raudono-aukso-modernus-Triju-deimantu-suzadetuviu-ziedas-Three-Diamonds-049-ct.png","width":1000,"height":1000},{"@type":"BreadcrumbList","@id":"https:\/\/fashiongold.lt\/et\/papuosalas\/kolme-teemandiga-kihlasormus-three-diamonds-049-ct\/#breadcrumb","itemListElement":[{"@type":"ListItem","position":1,"name":"Home","item":"https:\/\/fashiongold.lt\/et\/"},{"@type":"ListItem","position":2,"name":"Teemantide pood Fashiongold.lt","item":"https:\/\/fashiongold.lt\/shop-2\/"},{"@type":"ListItem","position":3,"name":"Kolme teemandiga kihlas\u00f5rmus &#8211; Three Diamonds (0,49 ct)"}]},{"@type":"WebSite","@id":"https:\/\/fashiongold.lt\/et\/#website","url":"https:\/\/fashiongold.lt\/et\/","name":"Fashion Gold","description":"Juvelyrikos namai","publisher":{"@id":"https:\/\/fashiongold.lt\/et\/#organization"},"potentialAction":[{"@type":"SearchAction","target":{"@type":"EntryPoint","urlTemplate":"https:\/\/fashiongold.lt\/et\/?s={search_term_string}"},"query-input":{"@type":"PropertyValueSpecification","valueRequired":true,"valueName":"search_term_string"}}],"inLanguage":"et"},{"@type":"Organization","@id":"https:\/\/fashiongold.lt\/et\/#organization","name":"Topdiamonds Online","url":"https:\/\/fashiongold.lt\/et\/","logo":{"@type":"ImageObject","inLanguage":"et","@id":"https:\/\/fashiongold.lt\/et\/#\/schema\/logo\/image\/","url":"https:\/\/fashiongold.lt\/wp-content\/uploads\/2025\/04\/cropped-fashion_gold_logotipas2-scaled-1.png","contentUrl":"https:\/\/fashiongold.lt\/wp-content\/uploads\/2025\/04\/cropped-fashion_gold_logotipas2-scaled-1.png","width":2559,"height":421,"caption":"Topdiamonds Online"},"image":{"@id":"https:\/\/fashiongold.lt\/et\/#\/schema\/logo\/image\/"}}]}},"_links":{"self":[{"href":"https:\/\/fashiongold.lt\/et\/wp-json\/wp\/v2\/product\/274141","targetHints":{"allow":["GET"]}}],"collection":[{"href":"https:\/\/fashiongold.lt\/et\/wp-json\/wp\/v2\/product"}],"about":[{"href":"https:\/\/fashiongold.lt\/et\/wp-json\/wp\/v2\/types\/product"}],"version-history":[{"count":0,"href":"https:\/\/fashiongold.lt\/et\/wp-json\/wp\/v2\/product\/274141\/revisions"}],"wp:featuredmedia":[{"embeddable":true,"href":"https:\/\/fashiongold.lt\/et\/wp-json\/wp\/v2\/media\/224137"}],"wp:attachment":[{"href":"https:\/\/fashiongold.lt\/et\/wp-json\/wp\/v2\/media?parent=274141"}],"wp:term":[{"taxonomy":"product_brand","embeddable":true,"href":"https:\/\/fashiongold.lt\/et\/wp-json\/wp\/v2\/product_brand?post=274141"},{"taxonomy":"product_cat","embeddable":true,"href":"https:\/\/fashiongold.lt\/et\/wp-json\/wp\/v2\/product_cat?post=274141"},{"taxonomy":"product_tag","embeddable":true,"href":"https:\/\/fashiongold.lt\/et\/wp-json\/wp\/v2\/product_tag?post=274141"}],"curies":[{"name":"wp","href":"https:\/\/api.w.org\/{rel}","templated":true}]}}