{"id":274151,"date":"2025-10-24T01:22:35","date_gmt":"2025-10-24T01:22:35","guid":{"rendered":"https:\/\/fashiongold.lt\/papuosalas\/looduslik-smaragd-smaragdi-ja-teemantidega-sormus-0-16-ct\/"},"modified":"2025-10-24T01:22:35","modified_gmt":"2025-10-24T01:22:35","slug":"looduslik-smaragd-smaragdi-ja-teemantidega-sormus-0-16-ct","status":"publish","type":"product","link":"https:\/\/fashiongold.lt\/et\/papuosalas\/looduslik-smaragd-smaragdi-ja-teemantidega-sormus-0-16-ct\/","title":{"rendered":"Looduslik smaragd &#8211; smaragdi ja teemantidega s\u00f5rmus (0.16 ct)"},"content":{"rendered":"<p>Valmistatud Saksamaal kvaliteetsetest v\u00e4\u00e4riskividest. Suurep\u00e4rane valik stiilsele naisele. Smaragdi maagiline v\u00e4gi \u2013 toimib amuleti v\u00f5i talismanina, annab omanikule tervist, energiat, toob edu \u00e4ris, t\u00f6\u00f6l ja isiklikus elus. Smaragd sobib S\u00f5nnile, Kaksikutele, L\u00f5vile, V\u00e4hile, Kaladele, Amburile.\u00a0 \u00a0 \u00a0<\/p>\n<p>\u2022 S\u00f5rmuse kuld: 18 karaati (proov 750)\u00a0 \u00a0 \u00a0<\/p>\n<p>\u2022 S\u00f5rmuse v\u00e4rvus: valge kuld\u00a0 \u00a0 \u00a0 \u00a0 \u00a0<\/p>\n<p>\u2022 S\u00f5rmuse kaal: umbes 1,00 -1,50 g\u00a0 \u00a0 \u00a0 \u00a0 \u00a0<\/p>\n<p>\u2022 Teemandi t\u00fc\u00fcp: Looduslik teemant\u00a0 \u00a0 \u00a0 \u00a0<\/p>\n<p>\u2022 Teemandi kuju: \u00fcmar kuju (round shape)\u00a0 \u00a0 \u00a0 \u00a0<\/p>\n<p>\u2022 Teemandi omadused: 0,09 ct, v\u00e4rvus G-H (RW-W); puhtus SI\u00a0 \u00a0 \u00a0 \u00a0<\/p>\n<p>\u2022 Keskne kivi: baguette-lihvis smaragd &#8211; 0.07 ct\u00a0 \u00a0 \u00a0 \u00a0 \u00a0<\/p>\n<p>\u2022 Sertifikaat: Leedu Proovikoda (LPR)\u00a0 \u00a0 \u00a0 \u00a0 \u00a0<\/p>\n<p>\u2022 S\u00f5rmuse m\u00f5\u00f5tmed: h:5,0 mm, w:2,0 mm<\/p>\n<p>\u2022 Graveerimine tasuta\u00a0 \u00a0\u00a0<\/p>\n<p>\u2022 \u00dchekordne tasuta s\u00f5rmuse suuruse muutmise garantii (v\u00f5imaluse korral)\u00a0 \u00a0 \u00a0<\/p>\n<p>\u2022 Valmistamis- ja tarneaeg alates 14 t\u00f6\u00f6p\u00e4evast, kiirtellimusel 3 t\u00f6\u00f6p\u00e4eva jooksul.\u00a0 \u00a0<\/p>\n<p><strong>Kas teil on oma kulda v\u00f5i v\u00e4\u00e4riskive? V\u00f5tke \u00fchendust, arvutame hinna \u00fcmber \u2013 maksate ainult s\u00f5rmuse valmistamise eest.<\/strong><\/p>\n","protected":false},"excerpt":{"rendered":"<p>Minimalistlik bageti-kujulise loodusliku smaragdi ja teemantidega s\u00f5rmus. Eriline s\u00f5rmus stiilsele naisele. Sobib suurep\u00e4raselt kihluseks ja igap\u00e4evaseks kandmiseks, lisades teie stiilile luksust.\u00a0<\/p>\n","protected":false},"featured_media":252109,"template":"","meta":{"site-sidebar-layout":"","site-content-layout":"","ast-site-content-layout":"","site-content-style":"","site-sidebar-style":"","ast-global-header-display":"","ast-banner-title-visibility":"","ast-main-header-display":"","ast-hfb-above-header-display":"","ast-hfb-below-header-display":"","ast-hfb-mobile-header-display":"","site-post-title":"","ast-breadcrumbs-content":"","ast-featured-img":"","footer-sml-layout":"","ast-disable-related-posts":"","theme-transparent-header-meta":"","adv-header-id-meta":"","stick-header-meta":"","header-above-stick-meta":"","header-main-stick-meta":"","header-below-stick-meta":"","astra-migrate-meta-layouts":"default","ast-page-background-enabled":"default","ast-page-background-meta":{"desktop":{"background-color":"var(--ast-global-color-4)","background-image":"","background-repeat":"repeat","background-position":"center center","background-size":"auto","background-attachment":"scroll","background-type":"","background-media":"","overlay-type":"","overlay-color":"","overlay-opacity":"","overlay-gradient":""},"tablet":{"background-color":"","background-image":"","background-repeat":"repeat","background-position":"center center","background-size":"auto","background-attachment":"scroll","background-type":"","background-media":"","overlay-type":"","overlay-color":"","overlay-opacity":"","overlay-gradient":""},"mobile":{"background-color":"","background-image":"","background-repeat":"repeat","background-position":"center center","background-size":"auto","background-attachment":"scroll","background-type":"","background-media":"","overlay-type":"","overlay-color":"","overlay-opacity":"","overlay-gradient":""}},"ast-content-background-meta":{"desktop":{"background-color":"var(--ast-global-color-5)","background-image":"","background-repeat":"repeat","background-position":"center center","background-size":"auto","background-attachment":"scroll","background-type":"","background-media":"","overlay-type":"","overlay-color":"","overlay-opacity":"","overlay-gradient":""},"tablet":{"background-color":"var(--ast-global-color-5)","background-image":"","background-repeat":"repeat","background-position":"center center","background-size":"auto","background-attachment":"scroll","background-type":"","background-media":"","overlay-type":"","overlay-color":"","overlay-opacity":"","overlay-gradient":""},"mobile":{"background-color":"var(--ast-global-color-5)","background-image":"","background-repeat":"repeat","background-position":"center center","background-size":"auto","background-attachment":"scroll","background-type":"","background-media":"","overlay-type":"","overlay-color":"","overlay-opacity":"","overlay-gradient":""}}},"product_brand":[],"product_cat":[3058,2830,2826,3422,3421,3423,2823,2828,2822,2824,3392,2821,2831,2836,3605,2967,3493,3494,2845,2833,2834,2848,2827,2851],"product_tag":[],"class_list":{"0":"post-274151","1":"product","2":"type-product","3":"status-publish","4":"has-post-thumbnail","6":"product_cat-ehted","7":"product_cat-emadepaeva-kingitused","8":"product_cat-joulukingid","9":"product_cat-kihlasormused","10":"product_cat-kihlasormused-smaragdiga","11":"product_cat-kihlasormused-vaariskividega","12":"product_cat-kingitused-lapse-sunni-puhul","13":"product_cat-kingitused-lopetamise-puhul","14":"product_cat-kingitused-naistele","15":"product_cat-kingitused-pulma-aastapaeva-puhul","16":"product_cat-kingitused-pulmade-puhul","17":"product_cat-kingitused-sunnipaevaks","18":"product_cat-kollasest-kullast-ehted","19":"product_cat-kollasest-kullast-teemantsormused","20":"product_cat-minimalistlikud-kihlasormused","21":"product_cat-punasest-kullast-ehted","22":"product_cat-smaragd-smaragdiga-ehted","23":"product_cat-smaragd-smaragdiga-sormused","24":"product_cat-sobrapaeva-kingitused","25":"product_cat-teemantribad","26":"product_cat-teemantribad-pooles-ulatuses","27":"product_cat-vaariskividega-sormused","28":"product_cat-valgest-kullast-ehted","29":"product_cat-vits-sormus-vaariskividega","30":"desktop-align-center","31":"tablet-align-left","32":"mobile-align-left","33":"ast-product-gallery-layout-horizontal-slider","34":"ast-product-gallery-with-no-image","35":"ast-product-single-variable","36":"ast-product-tabs-layout-accordion","37":"ast-qv-on-image","39":"first","40":"instock","41":"taxable","42":"shipping-taxable","43":"purchasable","44":"product-type-variable"},"yoast_head":"<!-- This site is optimized with the Yoast SEO plugin v26.6 - https:\/\/yoast.com\/wordpress\/plugins\/seo\/ -->\n<title>Looduslik smaragd - smaragdi ja teemantidega s\u00f5rmus (0.16 ct)<\/title>\n<meta name=\"description\" content=\"Minimalistlik s\u00f5rmus loodusliku kott-lihviga smaragdi ja teemantidega. Eriline s\u00f5rmus \u2013 stiilsele naisele, kihluseks ja igap\u00e4evaseks kandmiseks. Valmistamine 14 t\u00f6\u00f6p\u00e4eva.\" \/>\n<meta name=\"robots\" content=\"index, follow, max-snippet:-1, max-image-preview:large, max-video-preview:-1\" \/>\n<link rel=\"canonical\" href=\"https:\/\/fashiongold.lt\/et\/papuosalas\/looduslik-smaragd-smaragdi-ja-teemantidega-sormus-0-16-ct\/\" \/>\n<meta property=\"og:locale\" content=\"et_EE\" \/>\n<meta property=\"og:type\" content=\"article\" \/>\n<meta property=\"og:title\" content=\"Looduslik smaragd - smaragdi ja teemantidega s\u00f5rmus (0.16 ct)\" \/>\n<meta property=\"og:description\" content=\"Minimalistlik s\u00f5rmus loodusliku kott-lihviga smaragdi ja teemantidega. Eriline s\u00f5rmus \u2013 stiilsele naisele, kihluseks ja igap\u00e4evaseks kandmiseks. Valmistamine 14 t\u00f6\u00f6p\u00e4eva.\" \/>\n<meta property=\"og:url\" content=\"https:\/\/fashiongold.lt\/et\/papuosalas\/looduslik-smaragd-smaragdi-ja-teemantidega-sormus-0-16-ct\/\" \/>\n<meta property=\"og:site_name\" content=\"FashionGold.lt\" \/>\n<meta property=\"og:image\" content=\"https:\/\/fashiongold.lt\/wp-content\/uploads\/2025\/10\/13282-bbe-Naturalus-Smaragdas-ziedas-su-smaragdu-ir-deimantais-0.16-ct.webp\" \/>\n\t<meta property=\"og:image:width\" content=\"1000\" \/>\n\t<meta property=\"og:image:height\" content=\"1000\" \/>\n\t<meta property=\"og:image:type\" content=\"image\/png\" \/>\n<meta name=\"twitter:card\" content=\"summary_large_image\" \/>\n<meta name=\"twitter:label1\" content=\"Est. reading time\" \/>\n\t<meta name=\"twitter:data1\" content=\"1 minut\" \/>\n<script type=\"application\/ld+json\" class=\"yoast-schema-graph\">{\"@context\":\"https:\/\/schema.org\",\"@graph\":[{\"@type\":\"WebPage\",\"@id\":\"https:\/\/fashiongold.lt\/et\/papuosalas\/looduslik-smaragd-smaragdi-ja-teemantidega-sormus-0-16-ct\/\",\"url\":\"https:\/\/fashiongold.lt\/et\/papuosalas\/looduslik-smaragd-smaragdi-ja-teemantidega-sormus-0-16-ct\/\",\"name\":\"Looduslik smaragd - smaragdi ja teemantidega s\u00f5rmus (0.16 ct)\",\"isPartOf\":{\"@id\":\"https:\/\/fashiongold.lt\/et\/#website\"},\"primaryImageOfPage\":{\"@id\":\"https:\/\/fashiongold.lt\/et\/papuosalas\/looduslik-smaragd-smaragdi-ja-teemantidega-sormus-0-16-ct\/#primaryimage\"},\"image\":{\"@id\":\"https:\/\/fashiongold.lt\/et\/papuosalas\/looduslik-smaragd-smaragdi-ja-teemantidega-sormus-0-16-ct\/#primaryimage\"},\"thumbnailUrl\":\"https:\/\/fashiongold.lt\/wp-content\/uploads\/2025\/10\/13282-bbe-Naturalus-Smaragdas-ziedas-su-smaragdu-ir-deimantais-0.16-ct.png\",\"datePublished\":\"2025-10-24T01:22:35+00:00\",\"description\":\"Minimalistlik s\u00f5rmus loodusliku kott-lihviga smaragdi ja teemantidega. Eriline s\u00f5rmus \u2013 stiilsele naisele, kihluseks ja igap\u00e4evaseks kandmiseks. Valmistamine 14 t\u00f6\u00f6p\u00e4eva.\",\"breadcrumb\":{\"@id\":\"https:\/\/fashiongold.lt\/et\/papuosalas\/looduslik-smaragd-smaragdi-ja-teemantidega-sormus-0-16-ct\/#breadcrumb\"},\"inLanguage\":\"et\",\"potentialAction\":[{\"@type\":\"ReadAction\",\"target\":[\"https:\/\/fashiongold.lt\/et\/papuosalas\/looduslik-smaragd-smaragdi-ja-teemantidega-sormus-0-16-ct\/\"]}]},{\"@type\":\"ImageObject\",\"inLanguage\":\"et\",\"@id\":\"https:\/\/fashiongold.lt\/et\/papuosalas\/looduslik-smaragd-smaragdi-ja-teemantidega-sormus-0-16-ct\/#primaryimage\",\"url\":\"https:\/\/fashiongold.lt\/wp-content\/uploads\/2025\/10\/13282-bbe-Naturalus-Smaragdas-ziedas-su-smaragdu-ir-deimantais-0.16-ct.png\",\"contentUrl\":\"https:\/\/fashiongold.lt\/wp-content\/uploads\/2025\/10\/13282-bbe-Naturalus-Smaragdas-ziedas-su-smaragdu-ir-deimantais-0.16-ct.png\",\"width\":1000,\"height\":1000},{\"@type\":\"BreadcrumbList\",\"@id\":\"https:\/\/fashiongold.lt\/et\/papuosalas\/looduslik-smaragd-smaragdi-ja-teemantidega-sormus-0-16-ct\/#breadcrumb\",\"itemListElement\":[{\"@type\":\"ListItem\",\"position\":1,\"name\":\"Home\",\"item\":\"https:\/\/fashiongold.lt\/et\/\"},{\"@type\":\"ListItem\",\"position\":2,\"name\":\"Teemantide pood Fashiongold.lt\",\"item\":\"https:\/\/fashiongold.lt\/shop-2\/\"},{\"@type\":\"ListItem\",\"position\":3,\"name\":\"Looduslik smaragd &#8211; smaragdi ja teemantidega s\u00f5rmus (0.16 ct)\"}]},{\"@type\":\"WebSite\",\"@id\":\"https:\/\/fashiongold.lt\/et\/#website\",\"url\":\"https:\/\/fashiongold.lt\/et\/\",\"name\":\"Fashion Gold\",\"description\":\"Juvelyrikos namai\",\"publisher\":{\"@id\":\"https:\/\/fashiongold.lt\/et\/#organization\"},\"potentialAction\":[{\"@type\":\"SearchAction\",\"target\":{\"@type\":\"EntryPoint\",\"urlTemplate\":\"https:\/\/fashiongold.lt\/et\/?s={search_term_string}\"},\"query-input\":{\"@type\":\"PropertyValueSpecification\",\"valueRequired\":true,\"valueName\":\"search_term_string\"}}],\"inLanguage\":\"et\"},{\"@type\":\"Organization\",\"@id\":\"https:\/\/fashiongold.lt\/et\/#organization\",\"name\":\"Topdiamonds Online\",\"url\":\"https:\/\/fashiongold.lt\/et\/\",\"logo\":{\"@type\":\"ImageObject\",\"inLanguage\":\"et\",\"@id\":\"https:\/\/fashiongold.lt\/et\/#\/schema\/logo\/image\/\",\"url\":\"https:\/\/fashiongold.lt\/wp-content\/uploads\/2025\/04\/cropped-fashion_gold_logotipas2-scaled-1.png\",\"contentUrl\":\"https:\/\/fashiongold.lt\/wp-content\/uploads\/2025\/04\/cropped-fashion_gold_logotipas2-scaled-1.png\",\"width\":2559,\"height\":421,\"caption\":\"Topdiamonds Online\"},\"image\":{\"@id\":\"https:\/\/fashiongold.lt\/et\/#\/schema\/logo\/image\/\"}}]}<\/script>\n<!-- \/ Yoast SEO plugin. -->","yoast_head_json":{"title":"Looduslik smaragd - smaragdi ja teemantidega s\u00f5rmus (0.16 ct)","description":"Minimalistlik s\u00f5rmus loodusliku kott-lihviga smaragdi ja teemantidega. Eriline s\u00f5rmus \u2013 stiilsele naisele, kihluseks ja igap\u00e4evaseks kandmiseks. Valmistamine 14 t\u00f6\u00f6p\u00e4eva.","robots":{"index":"index","follow":"follow","max-snippet":"max-snippet:-1","max-image-preview":"max-image-preview:large","max-video-preview":"max-video-preview:-1"},"canonical":"https:\/\/fashiongold.lt\/et\/papuosalas\/looduslik-smaragd-smaragdi-ja-teemantidega-sormus-0-16-ct\/","og_locale":"et_EE","og_type":"article","og_title":"Looduslik smaragd - smaragdi ja teemantidega s\u00f5rmus (0.16 ct)","og_description":"Minimalistlik s\u00f5rmus loodusliku kott-lihviga smaragdi ja teemantidega. Eriline s\u00f5rmus \u2013 stiilsele naisele, kihluseks ja igap\u00e4evaseks kandmiseks. Valmistamine 14 t\u00f6\u00f6p\u00e4eva.","og_url":"https:\/\/fashiongold.lt\/et\/papuosalas\/looduslik-smaragd-smaragdi-ja-teemantidega-sormus-0-16-ct\/","og_site_name":"FashionGold.lt","og_image":[{"width":1000,"height":1000,"url":"https:\/\/fashiongold.lt\/wp-content\/uploads\/2025\/10\/13282-bbe-Naturalus-Smaragdas-ziedas-su-smaragdu-ir-deimantais-0.16-ct.webp","type":"image\/png"}],"twitter_card":"summary_large_image","twitter_misc":{"Est. reading time":"1 minut"},"schema":{"@context":"https:\/\/schema.org","@graph":[{"@type":"WebPage","@id":"https:\/\/fashiongold.lt\/et\/papuosalas\/looduslik-smaragd-smaragdi-ja-teemantidega-sormus-0-16-ct\/","url":"https:\/\/fashiongold.lt\/et\/papuosalas\/looduslik-smaragd-smaragdi-ja-teemantidega-sormus-0-16-ct\/","name":"Looduslik smaragd - smaragdi ja teemantidega s\u00f5rmus (0.16 ct)","isPartOf":{"@id":"https:\/\/fashiongold.lt\/et\/#website"},"primaryImageOfPage":{"@id":"https:\/\/fashiongold.lt\/et\/papuosalas\/looduslik-smaragd-smaragdi-ja-teemantidega-sormus-0-16-ct\/#primaryimage"},"image":{"@id":"https:\/\/fashiongold.lt\/et\/papuosalas\/looduslik-smaragd-smaragdi-ja-teemantidega-sormus-0-16-ct\/#primaryimage"},"thumbnailUrl":"https:\/\/fashiongold.lt\/wp-content\/uploads\/2025\/10\/13282-bbe-Naturalus-Smaragdas-ziedas-su-smaragdu-ir-deimantais-0.16-ct.png","datePublished":"2025-10-24T01:22:35+00:00","description":"Minimalistlik s\u00f5rmus loodusliku kott-lihviga smaragdi ja teemantidega. Eriline s\u00f5rmus \u2013 stiilsele naisele, kihluseks ja igap\u00e4evaseks kandmiseks. Valmistamine 14 t\u00f6\u00f6p\u00e4eva.","breadcrumb":{"@id":"https:\/\/fashiongold.lt\/et\/papuosalas\/looduslik-smaragd-smaragdi-ja-teemantidega-sormus-0-16-ct\/#breadcrumb"},"inLanguage":"et","potentialAction":[{"@type":"ReadAction","target":["https:\/\/fashiongold.lt\/et\/papuosalas\/looduslik-smaragd-smaragdi-ja-teemantidega-sormus-0-16-ct\/"]}]},{"@type":"ImageObject","inLanguage":"et","@id":"https:\/\/fashiongold.lt\/et\/papuosalas\/looduslik-smaragd-smaragdi-ja-teemantidega-sormus-0-16-ct\/#primaryimage","url":"https:\/\/fashiongold.lt\/wp-content\/uploads\/2025\/10\/13282-bbe-Naturalus-Smaragdas-ziedas-su-smaragdu-ir-deimantais-0.16-ct.png","contentUrl":"https:\/\/fashiongold.lt\/wp-content\/uploads\/2025\/10\/13282-bbe-Naturalus-Smaragdas-ziedas-su-smaragdu-ir-deimantais-0.16-ct.png","width":1000,"height":1000},{"@type":"BreadcrumbList","@id":"https:\/\/fashiongold.lt\/et\/papuosalas\/looduslik-smaragd-smaragdi-ja-teemantidega-sormus-0-16-ct\/#breadcrumb","itemListElement":[{"@type":"ListItem","position":1,"name":"Home","item":"https:\/\/fashiongold.lt\/et\/"},{"@type":"ListItem","position":2,"name":"Teemantide pood Fashiongold.lt","item":"https:\/\/fashiongold.lt\/shop-2\/"},{"@type":"ListItem","position":3,"name":"Looduslik smaragd &#8211; smaragdi ja teemantidega s\u00f5rmus (0.16 ct)"}]},{"@type":"WebSite","@id":"https:\/\/fashiongold.lt\/et\/#website","url":"https:\/\/fashiongold.lt\/et\/","name":"Fashion Gold","description":"Juvelyrikos namai","publisher":{"@id":"https:\/\/fashiongold.lt\/et\/#organization"},"potentialAction":[{"@type":"SearchAction","target":{"@type":"EntryPoint","urlTemplate":"https:\/\/fashiongold.lt\/et\/?s={search_term_string}"},"query-input":{"@type":"PropertyValueSpecification","valueRequired":true,"valueName":"search_term_string"}}],"inLanguage":"et"},{"@type":"Organization","@id":"https:\/\/fashiongold.lt\/et\/#organization","name":"Topdiamonds Online","url":"https:\/\/fashiongold.lt\/et\/","logo":{"@type":"ImageObject","inLanguage":"et","@id":"https:\/\/fashiongold.lt\/et\/#\/schema\/logo\/image\/","url":"https:\/\/fashiongold.lt\/wp-content\/uploads\/2025\/04\/cropped-fashion_gold_logotipas2-scaled-1.png","contentUrl":"https:\/\/fashiongold.lt\/wp-content\/uploads\/2025\/04\/cropped-fashion_gold_logotipas2-scaled-1.png","width":2559,"height":421,"caption":"Topdiamonds Online"},"image":{"@id":"https:\/\/fashiongold.lt\/et\/#\/schema\/logo\/image\/"}}]}},"_links":{"self":[{"href":"https:\/\/fashiongold.lt\/et\/wp-json\/wp\/v2\/product\/274151","targetHints":{"allow":["GET"]}}],"collection":[{"href":"https:\/\/fashiongold.lt\/et\/wp-json\/wp\/v2\/product"}],"about":[{"href":"https:\/\/fashiongold.lt\/et\/wp-json\/wp\/v2\/types\/product"}],"version-history":[{"count":0,"href":"https:\/\/fashiongold.lt\/et\/wp-json\/wp\/v2\/product\/274151\/revisions"}],"wp:featuredmedia":[{"embeddable":true,"href":"https:\/\/fashiongold.lt\/et\/wp-json\/wp\/v2\/media\/252109"}],"wp:attachment":[{"href":"https:\/\/fashiongold.lt\/et\/wp-json\/wp\/v2\/media?parent=274151"}],"wp:term":[{"taxonomy":"product_brand","embeddable":true,"href":"https:\/\/fashiongold.lt\/et\/wp-json\/wp\/v2\/product_brand?post=274151"},{"taxonomy":"product_cat","embeddable":true,"href":"https:\/\/fashiongold.lt\/et\/wp-json\/wp\/v2\/product_cat?post=274151"},{"taxonomy":"product_tag","embeddable":true,"href":"https:\/\/fashiongold.lt\/et\/wp-json\/wp\/v2\/product_tag?post=274151"}],"curies":[{"name":"wp","href":"https:\/\/api.w.org\/{rel}","templated":true}]}}