{"id":278817,"date":"2025-10-23T07:42:47","date_gmt":"2025-10-23T07:42:47","guid":{"rendered":"https:\/\/fashiongold.lt\/papuosalas\/safiirid-nappkorvarongad-umarate-safiiride-ja-teemantidega-0-46-ct\/"},"modified":"2026-02-11T20:02:37","modified_gmt":"2026-02-11T20:02:37","slug":"safiirid-nappkorvarongad-umarate-safiiride-ja-teemantidega-0-46-ct","status":"publish","type":"product","link":"https:\/\/fashiongold.lt\/et\/papuosalas\/safiirid-nappkorvarongad-umarate-safiiride-ja-teemantidega-0-46-ct\/","title":{"rendered":"Safiirid &#8211; nappk\u00f5rvar\u00f5ngad \u00fcmarate safiiride ja teemantidega (0.46 ct)"},"content":{"rendered":"<h2>\u00dcmmarguste safiiride ja teemantidega n\u00f6\u00f6pk\u00f5rvar\u00f5ngad &#8211; Safiirid (0.46 ct)<\/h2>\n<h3>Halo-disainiga kuldsed n\u00f6\u00f6pk\u00f5rvar\u00f5ngad 0,38-karaadiste \u00fcmmarguste safiiridega ja teemantidega safiiri \u00fcmber. Looduslikud teemandid. \u00dcmmargused safiirid &#8211; 0,38 ct.<\/h3>\n<p>Valmistatud Saksamaal kvaliteetsetest v\u00e4\u00e4riskividest. Kordumatu iluga ja eksklusiivse stiiliga kvaliteetne s\u00f5rmus. S\u00f5rmust saab tellida punasest, kollasest v\u00f5i valgest kullast. Safiir on j\u00f5u, optimismi ja aktiivsuse s\u00fcmbol. Safiiri maagiline v\u00e4gi aitab v\u00e4hendada pingeid konfliktide ajal ja lahendada terviseprobleeme. Safiir sobib Kaladele, Kaaludele, Skorpionitele, Kaksikutele, Neitsitele, L\u00f5videle, J\u00e4\u00e4radele, S\u00f5nnidele, Veevalajatele ja Amburitele.  <\/p>\n<p>\u2022 K\u00f5rvar\u00f5ngaste kuld: 18 karaati (proov 750) <\/p>\n<p>\u2022 K\u00f5rvar\u00f5ngaste v\u00e4rv: kollane kuld     <\/p>\n<p>\u2022 K\u00f5rvar\u00f5ngaste kaal: umbes 1,60\u20132,00 g   <\/p>\n<p>\u2022 Teemandi t\u00fc\u00fcp: Looduslik teemant <\/p>\n<p>\u2022 Teemandi kuju: \u00dcmar kuju (Round cut) <\/p>\n<p>\u2022 Teemandi omadused: 0,08 ct, v\u00e4rvus G-H (RW-W); puhtus SI <\/p>\n<p>\u2022 Keskne kivi: \u00fcmmargused safiirid &#8211; 0,38 ct   <\/p>\n<p>\u2022 Sertifikaat: Leedu Proovikoda (LPR)   <\/p>\n<p>\u2022 K\u00f5rvar\u00f5ngaste m\u00f5\u00f5tmed: <\/p>\n<p>\u2022 Tootmis- ja tarneaeg alates 14 t\u00f6\u00f6p\u00e4evast, kiirtellimusel 3 t\u00f6\u00f6p\u00e4eva jooksul. <\/p>\n<p><strong>On teil oma kulda? V\u00f5tke \u00fchendust, arvutame hinna \u00fcmber \u2013 maksate vaid k\u00f5rvar\u00f5ngaste valmistamise eest.<\/strong><\/p>\n","protected":false},"excerpt":{"rendered":"<p>Halo-disainiga kullast pultk\u00f5rvar\u00f5ngad \u00fcmarate 0,38-karaadiste safiiride ja teemantidega safiiri \u00fcmber. Sobivad igap\u00e4evaseks kandmiseks ja erilisteks puhkudeks, eksklusiivse stiili jaoks.<\/p>\n","protected":false},"featured_media":240783,"template":"","meta":{"site-sidebar-layout":"","site-content-layout":"","ast-site-content-layout":"","site-content-style":"","site-sidebar-style":"","ast-global-header-display":"","ast-banner-title-visibility":"","ast-main-header-display":"","ast-hfb-above-header-display":"","ast-hfb-below-header-display":"","ast-hfb-mobile-header-display":"","site-post-title":"","ast-breadcrumbs-content":"","ast-featured-img":"","footer-sml-layout":"","ast-disable-related-posts":"","theme-transparent-header-meta":"","adv-header-id-meta":"","stick-header-meta":"","header-above-stick-meta":"","header-main-stick-meta":"","header-below-stick-meta":"","astra-migrate-meta-layouts":"default","ast-page-background-enabled":"default","ast-page-background-meta":{"desktop":{"background-color":"var(--ast-global-color-4)","background-image":"","background-repeat":"repeat","background-position":"center center","background-size":"auto","background-attachment":"scroll","background-type":"","background-media":"","overlay-type":"","overlay-color":"","overlay-opacity":"","overlay-gradient":""},"tablet":{"background-color":"","background-image":"","background-repeat":"repeat","background-position":"center center","background-size":"auto","background-attachment":"scroll","background-type":"","background-media":"","overlay-type":"","overlay-color":"","overlay-opacity":"","overlay-gradient":""},"mobile":{"background-color":"","background-image":"","background-repeat":"repeat","background-position":"center center","background-size":"auto","background-attachment":"scroll","background-type":"","background-media":"","overlay-type":"","overlay-color":"","overlay-opacity":"","overlay-gradient":""}},"ast-content-background-meta":{"desktop":{"background-color":"var(--ast-global-color-5)","background-image":"","background-repeat":"repeat","background-position":"center center","background-size":"auto","background-attachment":"scroll","background-type":"","background-media":"","overlay-type":"","overlay-color":"","overlay-opacity":"","overlay-gradient":""},"tablet":{"background-color":"var(--ast-global-color-5)","background-image":"","background-repeat":"repeat","background-position":"center center","background-size":"auto","background-attachment":"scroll","background-type":"","background-media":"","overlay-type":"","overlay-color":"","overlay-opacity":"","overlay-gradient":""},"mobile":{"background-color":"var(--ast-global-color-5)","background-image":"","background-repeat":"repeat","background-position":"center center","background-size":"auto","background-attachment":"scroll","background-type":"","background-media":"","overlay-type":"","overlay-color":"","overlay-opacity":"","overlay-gradient":""}}},"product_brand":[],"product_cat":[3058,2830,2826,2829,2823,2828,2822,2824,3392,2821,3539,2969,3536,2846,3391,2843,3448,2847,2845,2966,2968,2827],"product_tag":[],"class_list":{"0":"post-278817","1":"product","2":"type-product","3":"status-publish","4":"has-post-thumbnail","6":"product_cat-ehted","7":"product_cat-emadepaeva-kingitused","8":"product_cat-joulukingid","9":"product_cat-kingitused-erilisteks-puhkudeks","10":"product_cat-kingitused-lapse-sunni-puhul","11":"product_cat-kingitused-lopetamise-puhul","12":"product_cat-kingitused-naistele","13":"product_cat-kingitused-pulma-aastapaeva-puhul","14":"product_cat-kingitused-pulmade-puhul","15":"product_cat-kingitused-sunnipaevaks","16":"product_cat-korvarongad-tudrukutele-laste-korvarongad","17":"product_cat-naelkorvarongad","18":"product_cat-pidulikud-korvarongad","19":"product_cat-poolvaariskividega-ehted","20":"product_cat-ristimiskingitused","21":"product_cat-safiir-ehted-safiiridega","22":"product_cat-sinine-vaariskivi","23":"product_cat-siniste-vaariskividega-ehted","24":"product_cat-sobrapaeva-kingitused","25":"product_cat-teemantidega-korvarongad","26":"product_cat-vaariskividega-korvarongad","27":"product_cat-valgest-kullast-ehted","28":"desktop-align-center","29":"tablet-align-left","30":"mobile-align-left","31":"ast-product-gallery-layout-horizontal-slider","32":"ast-product-gallery-with-no-image","33":"ast-product-tabs-layout-accordion","34":"ast-qv-on-image","36":"first","37":"instock","38":"taxable","39":"shipping-taxable","40":"purchasable","41":"product-type-simple"},"yoast_head":"<!-- This site is optimized with the Yoast SEO plugin v26.6 - https:\/\/yoast.com\/wordpress\/plugins\/seo\/ -->\n<title>N\u00f6\u00f6pk\u00f5rvar\u00f5ngad safiiride ja teemantidega (0.46 ct)<\/title>\n<meta name=\"description\" content=\"Halo-disainiga naelk\u00f5rvar\u00f5ngad \u00fcmarate 0,38-karaadiste safiiride ja deimantidega safiiri \u00fcmber. Sobivad nii igap\u00e4evaseks kandmiseks kui ka erilisteks s\u00fcndmusteks, pakkudes eksklusiivset stiili.\" \/>\n<meta name=\"robots\" content=\"index, follow, max-snippet:-1, max-image-preview:large, max-video-preview:-1\" \/>\n<link rel=\"canonical\" href=\"https:\/\/fashiongold.lt\/et\/papuosalas\/safiirid-nappkorvarongad-umarate-safiiride-ja-teemantidega-0-46-ct\/\" \/>\n<meta property=\"og:locale\" content=\"et_EE\" \/>\n<meta property=\"og:type\" content=\"article\" \/>\n<meta property=\"og:title\" content=\"N\u00f6\u00f6pk\u00f5rvar\u00f5ngad safiiride ja teemantidega (0.46 ct)\" \/>\n<meta property=\"og:description\" content=\"Halo-disainiga naelk\u00f5rvar\u00f5ngad \u00fcmarate 0,38-karaadiste safiiride ja deimantidega safiiri \u00fcmber. Sobivad nii igap\u00e4evaseks kandmiseks kui ka erilisteks s\u00fcndmusteks, pakkudes eksklusiivset stiili.\" \/>\n<meta property=\"og:url\" content=\"https:\/\/fashiongold.lt\/et\/papuosalas\/safiirid-nappkorvarongad-umarate-safiiride-ja-teemantidega-0-46-ct\/\" \/>\n<meta property=\"og:site_name\" content=\"FashionGold.lt\" \/>\n<meta property=\"article:modified_time\" content=\"2026-02-11T20:02:37+00:00\" \/>\n<meta property=\"og:image\" content=\"https:\/\/fashiongold.lt\/wp-content\/uploads\/2025\/10\/13593-0f6-Safyrai-auskarai-vinukai-su-safyrais-apvalios-formos-ir-deimantais-0.46-ct.webp\" \/>\n\t<meta property=\"og:image:width\" content=\"1000\" \/>\n\t<meta property=\"og:image:height\" content=\"1000\" \/>\n\t<meta property=\"og:image:type\" content=\"image\/png\" \/>\n<meta name=\"twitter:card\" content=\"summary_large_image\" \/>\n<meta name=\"twitter:label1\" content=\"Est. reading time\" \/>\n\t<meta name=\"twitter:data1\" content=\"1 minut\" \/>\n<script type=\"application\/ld+json\" class=\"yoast-schema-graph\">{\"@context\":\"https:\/\/schema.org\",\"@graph\":[{\"@type\":\"WebPage\",\"@id\":\"https:\/\/fashiongold.lt\/et\/papuosalas\/safiirid-nappkorvarongad-umarate-safiiride-ja-teemantidega-0-46-ct\/\",\"url\":\"https:\/\/fashiongold.lt\/et\/papuosalas\/safiirid-nappkorvarongad-umarate-safiiride-ja-teemantidega-0-46-ct\/\",\"name\":\"N\u00f6\u00f6pk\u00f5rvar\u00f5ngad safiiride ja teemantidega (0.46 ct)\",\"isPartOf\":{\"@id\":\"https:\/\/fashiongold.lt\/et\/#website\"},\"primaryImageOfPage\":{\"@id\":\"https:\/\/fashiongold.lt\/et\/papuosalas\/safiirid-nappkorvarongad-umarate-safiiride-ja-teemantidega-0-46-ct\/#primaryimage\"},\"image\":{\"@id\":\"https:\/\/fashiongold.lt\/et\/papuosalas\/safiirid-nappkorvarongad-umarate-safiiride-ja-teemantidega-0-46-ct\/#primaryimage\"},\"thumbnailUrl\":\"https:\/\/fashiongold.lt\/wp-content\/uploads\/2025\/10\/13593-0f6-Safyrai-auskarai-vinukai-su-safyrais-apvalios-formos-ir-deimantais-0.46-ct.png\",\"datePublished\":\"2025-10-23T07:42:47+00:00\",\"dateModified\":\"2026-02-11T20:02:37+00:00\",\"description\":\"Halo-disainiga naelk\u00f5rvar\u00f5ngad \u00fcmarate 0,38-karaadiste safiiride ja deimantidega safiiri \u00fcmber. Sobivad nii igap\u00e4evaseks kandmiseks kui ka erilisteks s\u00fcndmusteks, pakkudes eksklusiivset stiili.\",\"breadcrumb\":{\"@id\":\"https:\/\/fashiongold.lt\/et\/papuosalas\/safiirid-nappkorvarongad-umarate-safiiride-ja-teemantidega-0-46-ct\/#breadcrumb\"},\"inLanguage\":\"et\",\"potentialAction\":[{\"@type\":\"ReadAction\",\"target\":[\"https:\/\/fashiongold.lt\/et\/papuosalas\/safiirid-nappkorvarongad-umarate-safiiride-ja-teemantidega-0-46-ct\/\"]}]},{\"@type\":\"ImageObject\",\"inLanguage\":\"et\",\"@id\":\"https:\/\/fashiongold.lt\/et\/papuosalas\/safiirid-nappkorvarongad-umarate-safiiride-ja-teemantidega-0-46-ct\/#primaryimage\",\"url\":\"https:\/\/fashiongold.lt\/wp-content\/uploads\/2025\/10\/13593-0f6-Safyrai-auskarai-vinukai-su-safyrais-apvalios-formos-ir-deimantais-0.46-ct.png\",\"contentUrl\":\"https:\/\/fashiongold.lt\/wp-content\/uploads\/2025\/10\/13593-0f6-Safyrai-auskarai-vinukai-su-safyrais-apvalios-formos-ir-deimantais-0.46-ct.png\",\"width\":1000,\"height\":1000},{\"@type\":\"BreadcrumbList\",\"@id\":\"https:\/\/fashiongold.lt\/et\/papuosalas\/safiirid-nappkorvarongad-umarate-safiiride-ja-teemantidega-0-46-ct\/#breadcrumb\",\"itemListElement\":[{\"@type\":\"ListItem\",\"position\":1,\"name\":\"Home\",\"item\":\"https:\/\/fashiongold.lt\/et\/\"},{\"@type\":\"ListItem\",\"position\":2,\"name\":\"Teemantide pood Fashiongold.lt\",\"item\":\"https:\/\/fashiongold.lt\/shop-2\/\"},{\"@type\":\"ListItem\",\"position\":3,\"name\":\"Safiirid &#8211; nappk\u00f5rvar\u00f5ngad \u00fcmarate safiiride ja teemantidega (0.46 ct)\"}]},{\"@type\":\"WebSite\",\"@id\":\"https:\/\/fashiongold.lt\/et\/#website\",\"url\":\"https:\/\/fashiongold.lt\/et\/\",\"name\":\"Fashion Gold\",\"description\":\"Juvelyrikos namai\",\"publisher\":{\"@id\":\"https:\/\/fashiongold.lt\/et\/#organization\"},\"potentialAction\":[{\"@type\":\"SearchAction\",\"target\":{\"@type\":\"EntryPoint\",\"urlTemplate\":\"https:\/\/fashiongold.lt\/et\/?s={search_term_string}\"},\"query-input\":{\"@type\":\"PropertyValueSpecification\",\"valueRequired\":true,\"valueName\":\"search_term_string\"}}],\"inLanguage\":\"et\"},{\"@type\":\"Organization\",\"@id\":\"https:\/\/fashiongold.lt\/et\/#organization\",\"name\":\"Topdiamonds Online\",\"url\":\"https:\/\/fashiongold.lt\/et\/\",\"logo\":{\"@type\":\"ImageObject\",\"inLanguage\":\"et\",\"@id\":\"https:\/\/fashiongold.lt\/et\/#\/schema\/logo\/image\/\",\"url\":\"https:\/\/fashiongold.lt\/wp-content\/uploads\/2025\/04\/cropped-fashion_gold_logotipas2-scaled-1.png\",\"contentUrl\":\"https:\/\/fashiongold.lt\/wp-content\/uploads\/2025\/04\/cropped-fashion_gold_logotipas2-scaled-1.png\",\"width\":2559,\"height\":421,\"caption\":\"Topdiamonds Online\"},\"image\":{\"@id\":\"https:\/\/fashiongold.lt\/et\/#\/schema\/logo\/image\/\"}}]}<\/script>\n<!-- \/ Yoast SEO plugin. -->","yoast_head_json":{"title":"N\u00f6\u00f6pk\u00f5rvar\u00f5ngad safiiride ja teemantidega (0.46 ct)","description":"Halo-disainiga naelk\u00f5rvar\u00f5ngad \u00fcmarate 0,38-karaadiste safiiride ja deimantidega safiiri \u00fcmber. Sobivad nii igap\u00e4evaseks kandmiseks kui ka erilisteks s\u00fcndmusteks, pakkudes eksklusiivset stiili.","robots":{"index":"index","follow":"follow","max-snippet":"max-snippet:-1","max-image-preview":"max-image-preview:large","max-video-preview":"max-video-preview:-1"},"canonical":"https:\/\/fashiongold.lt\/et\/papuosalas\/safiirid-nappkorvarongad-umarate-safiiride-ja-teemantidega-0-46-ct\/","og_locale":"et_EE","og_type":"article","og_title":"N\u00f6\u00f6pk\u00f5rvar\u00f5ngad safiiride ja teemantidega (0.46 ct)","og_description":"Halo-disainiga naelk\u00f5rvar\u00f5ngad \u00fcmarate 0,38-karaadiste safiiride ja deimantidega safiiri \u00fcmber. Sobivad nii igap\u00e4evaseks kandmiseks kui ka erilisteks s\u00fcndmusteks, pakkudes eksklusiivset stiili.","og_url":"https:\/\/fashiongold.lt\/et\/papuosalas\/safiirid-nappkorvarongad-umarate-safiiride-ja-teemantidega-0-46-ct\/","og_site_name":"FashionGold.lt","article_modified_time":"2026-02-11T20:02:37+00:00","og_image":[{"width":1000,"height":1000,"url":"https:\/\/fashiongold.lt\/wp-content\/uploads\/2025\/10\/13593-0f6-Safyrai-auskarai-vinukai-su-safyrais-apvalios-formos-ir-deimantais-0.46-ct.webp","type":"image\/png"}],"twitter_card":"summary_large_image","twitter_misc":{"Est. reading time":"1 minut"},"schema":{"@context":"https:\/\/schema.org","@graph":[{"@type":"WebPage","@id":"https:\/\/fashiongold.lt\/et\/papuosalas\/safiirid-nappkorvarongad-umarate-safiiride-ja-teemantidega-0-46-ct\/","url":"https:\/\/fashiongold.lt\/et\/papuosalas\/safiirid-nappkorvarongad-umarate-safiiride-ja-teemantidega-0-46-ct\/","name":"N\u00f6\u00f6pk\u00f5rvar\u00f5ngad safiiride ja teemantidega (0.46 ct)","isPartOf":{"@id":"https:\/\/fashiongold.lt\/et\/#website"},"primaryImageOfPage":{"@id":"https:\/\/fashiongold.lt\/et\/papuosalas\/safiirid-nappkorvarongad-umarate-safiiride-ja-teemantidega-0-46-ct\/#primaryimage"},"image":{"@id":"https:\/\/fashiongold.lt\/et\/papuosalas\/safiirid-nappkorvarongad-umarate-safiiride-ja-teemantidega-0-46-ct\/#primaryimage"},"thumbnailUrl":"https:\/\/fashiongold.lt\/wp-content\/uploads\/2025\/10\/13593-0f6-Safyrai-auskarai-vinukai-su-safyrais-apvalios-formos-ir-deimantais-0.46-ct.png","datePublished":"2025-10-23T07:42:47+00:00","dateModified":"2026-02-11T20:02:37+00:00","description":"Halo-disainiga naelk\u00f5rvar\u00f5ngad \u00fcmarate 0,38-karaadiste safiiride ja deimantidega safiiri \u00fcmber. Sobivad nii igap\u00e4evaseks kandmiseks kui ka erilisteks s\u00fcndmusteks, pakkudes eksklusiivset stiili.","breadcrumb":{"@id":"https:\/\/fashiongold.lt\/et\/papuosalas\/safiirid-nappkorvarongad-umarate-safiiride-ja-teemantidega-0-46-ct\/#breadcrumb"},"inLanguage":"et","potentialAction":[{"@type":"ReadAction","target":["https:\/\/fashiongold.lt\/et\/papuosalas\/safiirid-nappkorvarongad-umarate-safiiride-ja-teemantidega-0-46-ct\/"]}]},{"@type":"ImageObject","inLanguage":"et","@id":"https:\/\/fashiongold.lt\/et\/papuosalas\/safiirid-nappkorvarongad-umarate-safiiride-ja-teemantidega-0-46-ct\/#primaryimage","url":"https:\/\/fashiongold.lt\/wp-content\/uploads\/2025\/10\/13593-0f6-Safyrai-auskarai-vinukai-su-safyrais-apvalios-formos-ir-deimantais-0.46-ct.png","contentUrl":"https:\/\/fashiongold.lt\/wp-content\/uploads\/2025\/10\/13593-0f6-Safyrai-auskarai-vinukai-su-safyrais-apvalios-formos-ir-deimantais-0.46-ct.png","width":1000,"height":1000},{"@type":"BreadcrumbList","@id":"https:\/\/fashiongold.lt\/et\/papuosalas\/safiirid-nappkorvarongad-umarate-safiiride-ja-teemantidega-0-46-ct\/#breadcrumb","itemListElement":[{"@type":"ListItem","position":1,"name":"Home","item":"https:\/\/fashiongold.lt\/et\/"},{"@type":"ListItem","position":2,"name":"Teemantide pood Fashiongold.lt","item":"https:\/\/fashiongold.lt\/shop-2\/"},{"@type":"ListItem","position":3,"name":"Safiirid &#8211; nappk\u00f5rvar\u00f5ngad \u00fcmarate safiiride ja teemantidega (0.46 ct)"}]},{"@type":"WebSite","@id":"https:\/\/fashiongold.lt\/et\/#website","url":"https:\/\/fashiongold.lt\/et\/","name":"Fashion Gold","description":"Juvelyrikos namai","publisher":{"@id":"https:\/\/fashiongold.lt\/et\/#organization"},"potentialAction":[{"@type":"SearchAction","target":{"@type":"EntryPoint","urlTemplate":"https:\/\/fashiongold.lt\/et\/?s={search_term_string}"},"query-input":{"@type":"PropertyValueSpecification","valueRequired":true,"valueName":"search_term_string"}}],"inLanguage":"et"},{"@type":"Organization","@id":"https:\/\/fashiongold.lt\/et\/#organization","name":"Topdiamonds Online","url":"https:\/\/fashiongold.lt\/et\/","logo":{"@type":"ImageObject","inLanguage":"et","@id":"https:\/\/fashiongold.lt\/et\/#\/schema\/logo\/image\/","url":"https:\/\/fashiongold.lt\/wp-content\/uploads\/2025\/04\/cropped-fashion_gold_logotipas2-scaled-1.png","contentUrl":"https:\/\/fashiongold.lt\/wp-content\/uploads\/2025\/04\/cropped-fashion_gold_logotipas2-scaled-1.png","width":2559,"height":421,"caption":"Topdiamonds Online"},"image":{"@id":"https:\/\/fashiongold.lt\/et\/#\/schema\/logo\/image\/"}}]}},"_links":{"self":[{"href":"https:\/\/fashiongold.lt\/et\/wp-json\/wp\/v2\/product\/278817","targetHints":{"allow":["GET"]}}],"collection":[{"href":"https:\/\/fashiongold.lt\/et\/wp-json\/wp\/v2\/product"}],"about":[{"href":"https:\/\/fashiongold.lt\/et\/wp-json\/wp\/v2\/types\/product"}],"version-history":[{"count":0,"href":"https:\/\/fashiongold.lt\/et\/wp-json\/wp\/v2\/product\/278817\/revisions"}],"wp:featuredmedia":[{"embeddable":true,"href":"https:\/\/fashiongold.lt\/et\/wp-json\/wp\/v2\/media\/240783"}],"wp:attachment":[{"href":"https:\/\/fashiongold.lt\/et\/wp-json\/wp\/v2\/media?parent=278817"}],"wp:term":[{"taxonomy":"product_brand","embeddable":true,"href":"https:\/\/fashiongold.lt\/et\/wp-json\/wp\/v2\/product_brand?post=278817"},{"taxonomy":"product_cat","embeddable":true,"href":"https:\/\/fashiongold.lt\/et\/wp-json\/wp\/v2\/product_cat?post=278817"},{"taxonomy":"product_tag","embeddable":true,"href":"https:\/\/fashiongold.lt\/et\/wp-json\/wp\/v2\/product_tag?post=278817"}],"curies":[{"name":"wp","href":"https:\/\/api.w.org\/{rel}","templated":true}]}}