{"id":278911,"date":"2025-10-17T10:58:32","date_gmt":"2025-10-17T10:58:32","guid":{"rendered":"https:\/\/fashiongold.lt\/papuosalas\/kihlasormus-rubiini-ja-teemantidega-0-80-ct\/"},"modified":"2026-02-11T20:04:39","modified_gmt":"2026-02-11T20:04:39","slug":"kihlasormus-rubiini-ja-teemantidega-0-80-ct","status":"publish","type":"product","link":"https:\/\/fashiongold.lt\/et\/toode\/kihlasormus-rubiini-ja-teemantidega-0-80-ct\/","title":{"rendered":"Kihlas\u00f5rmus rubiini ja teemantidega (0.80 ct)"},"content":{"rendered":"<h2>Erakordne luksus \u2013 Halo-disainiga kihlas\u00f5rmus rubiini ja teemantidega (0,80 ct)<\/h2>\n<h3>Punase kullaga kihlas\u00f5rmus rubiiniga keskel ja seda \u00fcmbritsevate s\u00e4ravate looduslike teemantidega \u2013 see on kaasaegne Halo-disain, milles p\u00f5imuvad luksus, elegants ja kivi eriline s\u00fcmboolne v\u00e4gi, mida on ammustest aegadest seostatud armastuse, j\u00f5u ja r\u00f5\u00f5muga.<\/h3>\n<p>Valmistatud Leedus, j\u00e4rgides k\u00f5rgeimaid juveelit\u00f6\u00f6stuse standardeid.<\/p>\n<p>\u2022 <strong><a href=\"https:\/\/fashiongold.lt\/et\/patarimai-et\/kulla-proov-ehetele-kuidas-valida-oiget\/\" target=\"_blank\" rel=\"noopener\">S\u00f5rmuse metall<\/a><\/strong>: 14K (proov 585);<\/p>\n<p>\u2022 <strong><a href=\"https:\/\/fashiongold.lt\/et\/patarimai-et\/kihla-ja-abielusormuste-kulla-varvus-valge-punane-voi-kollane-kuld\/\" target=\"_blank\" rel=\"noopener\">S\u00f5rmuse v\u00e4rv<\/a><\/strong>: punane;<\/p>\n<p>\u2022 <strong><a href=\"https:\/\/fashiongold.lt\/et\/patarimai-et\/teemantsormused-sormuse-kulla-kaal-ja-teemantide-kaal-karaatides-kuidas-valida-sobivat-soovitused-kuidas-moista-ja-hinnata\/\" target=\"_blank\" rel=\"noopener\">S\u00f5rmuse kaal<\/a><\/strong>: 3,17 g;<\/p>\n<p>\u2022 <strong><a href=\"https:\/\/fashiongold.lt\/et\/patarimai-et\/kihlasormused-taiusliku-proportsiooni-saladus-miks-moned-teemantsormused-naevad-luksuslikumad-valja\/\" target=\"_blank\" rel=\"noopener\">S\u00f5rmuse m\u00f5\u00f5tmed<\/a><\/strong>: krooni k\u00f5rgus umbes 8,5 mm, v\u00f5ru laius umbes 3,6 mm;<\/p>\n<p>\u2022 <strong><a href=\"https:\/\/fashiongold.lt\/et\/patarimai-et\/sormuse-mugavustsoon-voi-sormuse-mugavus\/\" target=\"_blank\" rel=\"noopener\">S\u00f5rmuse mugavustsoon<\/a><\/strong>: olemas;<\/p>\n<p>\u2022 <a href=\"https:\/\/fashiongold.lt\/brangakmeniu-tipai\/\" target=\"_blank\" rel=\"noopener\"><b>V\u00e4\u00e4riskivide<\/b><strong> t\u00fc\u00fcbid<\/strong><\/a>: Rubiin ja looduslikud teemandid;<\/p>\n<p>\u2022 <a href=\"https:\/\/fashiongold.lt\/et\/patarimai-et\/teemant-teised-teemandi-kujud\/\" target=\"_blank\" rel=\"noopener\"><b>V\u00e4\u00e4riskivide<\/b><strong>\u00a0kuju<\/strong><\/a>: \u00dcmar lihv (Round cut);<\/p>\n<p>\u2022 <a href=\"https:\/\/fashiongold.lt\/et\/patarimai-et\/teemant-kuidas-hinnatakse-koige-vaartuslikuma-vaariskivi-luksust\/\" target=\"_blank\" rel=\"noopener\"><b>V\u00e4\u00e4riskivide<\/b><strong>\u00a0iseloomustus<\/strong><\/a>: 0,20 ct (0,005 x 40) teemandid s\u00f5rmusev\u00f5rul ja Halo-\u00e4\u00e4risel, 0,60 ct keskmine rubiin (v\u00e4rv G-H (RW-W), puhtus SI);<\/p>\n<p>\u2022 <strong><a href=\"https:\/\/fashiongold.lt\/et\/patarimai-et\/teemant-rubiin-safiir-smaragd-vaariskivide-sertifikaadid\/\" target=\"_blank\" rel=\"noopener\">Sertifikaat<\/a><\/strong>: Leedu proovikoda (LPR) \u2013 AB368473;<\/p>\n<p>\u2022 <strong><a href=\"https:\/\/fashiongold.lt\/et\/patarimai-et\/kihlasormused-kas-sormust-saab-graveerida-detailid-mis-annavad-teie-kihlasormusele-individuaalsust\/\" target=\"_blank\" rel=\"noopener\">Graveerimine<\/a><\/strong> tasuta;<\/p>\n<p>\u2022 \u00dchekordne tasuta <strong><a href=\"https:\/\/fashiongold.lt\/et\/patarimai-et\/kihlasormused-tasuta-suuruse-muutmine-et-sormus-sobiks-ideaalselt\/\" target=\"_blank\" rel=\"noopener\">s\u00f5rmuse suuruse muutmise garantii<\/a><\/strong> (v\u00f5imaluse piires);<\/p>\n<p>\u2022 <strong><a href=\"https:\/\/fashiongold.lt\/et\/tarne-ja-tagastamine\/\" target=\"_blank\" rel=\"noopener\">Tarneaeg<\/a><\/strong>: 1\u20134 t\u00f6\u00f6p\u00e4eva.<\/p>\n","protected":false},"excerpt":{"rendered":"<p>Halo-disainiga rubiini ja looduslike teemantidega kihlas\u00f5rmus on erakordne valik, milles kohtuvad kaasaegne disain ja v\u00e4\u00e4riskivide s\u00fcmboolne t\u00e4hendus. Rubiini on juba ammustest aegadest peetud armastuse, r\u00f5\u00f5mu ja j\u00f5u talismaniks, mis kaitseb perekonda ja toob \u00f5nne. Teemantide s\u00e4ra keskse kivi \u00fcmber r\u00f5hutab rubiini lummust ning punase kulla soojus lisab s\u00f5rmusele erilist iseloomu.<\/p>\n","protected":false},"featured_media":231277,"template":"","meta":{"site-sidebar-layout":"default","site-content-layout":"","ast-site-content-layout":"default","site-content-style":"default","site-sidebar-style":"default","ast-global-header-display":"","ast-banner-title-visibility":"","ast-main-header-display":"","ast-hfb-above-header-display":"","ast-hfb-below-header-display":"","ast-hfb-mobile-header-display":"","site-post-title":"","ast-breadcrumbs-content":"","ast-featured-img":"","footer-sml-layout":"","ast-disable-related-posts":"","theme-transparent-header-meta":"default","adv-header-id-meta":"","stick-header-meta":"","header-above-stick-meta":"","header-main-stick-meta":"","header-below-stick-meta":"","astra-migrate-meta-layouts":"default","ast-page-background-enabled":"default","ast-page-background-meta":{"desktop":{"background-color":"var(--ast-global-color-4)","background-image":"","background-repeat":"repeat","background-position":"center center","background-size":"auto","background-attachment":"scroll","background-type":"","background-media":"","overlay-type":"","overlay-color":"","overlay-opacity":"","overlay-gradient":""},"tablet":{"background-color":"","background-image":"","background-repeat":"repeat","background-position":"center center","background-size":"auto","background-attachment":"scroll","background-type":"","background-media":"","overlay-type":"","overlay-color":"","overlay-opacity":"","overlay-gradient":""},"mobile":{"background-color":"","background-image":"","background-repeat":"repeat","background-position":"center center","background-size":"auto","background-attachment":"scroll","background-type":"","background-media":"","overlay-type":"","overlay-color":"","overlay-opacity":"","overlay-gradient":""}},"ast-content-background-meta":{"desktop":{"background-color":"var(--ast-global-color-5)","background-image":"","background-repeat":"repeat","background-position":"center center","background-size":"auto","background-attachment":"scroll","background-type":"","background-media":"","overlay-type":"","overlay-color":"","overlay-opacity":"","overlay-gradient":""},"tablet":{"background-color":"var(--ast-global-color-5)","background-image":"","background-repeat":"repeat","background-position":"center center","background-size":"auto","background-attachment":"scroll","background-type":"","background-media":"","overlay-type":"","overlay-color":"","overlay-opacity":"","overlay-gradient":""},"mobile":{"background-color":"var(--ast-global-color-5)","background-image":"","background-repeat":"repeat","background-position":"center center","background-size":"auto","background-attachment":"scroll","background-type":"","background-media":"","overlay-type":"","overlay-color":"","overlay-opacity":"","overlay-gradient":""}}},"product_brand":[],"product_cat":[3422,3452,3055,3450,3604,3445],"product_tag":[],"class_list":{"0":"post-278911","1":"product","2":"type-product","3":"status-publish","4":"has-post-thumbnail","6":"product_cat-kihlasormused","7":"product_cat-punane-vaariskivi","8":"product_cat-punaste-vaariskividega-ehted","9":"product_cat-rubiin-rubiinidega-ehted","10":"product_cat-teemandipood-kohapeal-olemas","11":"product_cat-top-kihlasormused","12":"desktop-align-center","13":"tablet-align-left","14":"mobile-align-left","15":"ast-product-gallery-layout-horizontal-slider","16":"ast-product-single-variable","17":"ast-product-tabs-layout-accordion","18":"ast-qv-on-image","20":"first","21":"instock","22":"taxable","23":"shipping-taxable","24":"purchasable","25":"product-type-variable"},"yoast_head":"<!-- This site is optimized with the Yoast SEO plugin v26.6 - https:\/\/yoast.com\/wordpress\/plugins\/seo\/ -->\n<title>Kihlas\u00f5rmus rubiini ja teemantidega (0,80 ct)<\/title>\n<meta name=\"description\" content=\"Punasest kullast halo-disainiga kihlas\u00f5rmus rubiini ja teemantidega. Luksuslik, erakordne disain, kirkas v\u00e4rv ja eriline s\u00fcmboolika.\" \/>\n<meta name=\"robots\" content=\"index, follow, max-snippet:-1, max-image-preview:large, max-video-preview:-1\" \/>\n<link rel=\"canonical\" href=\"https:\/\/fashiongold.lt\/et\/toode\/kihlasormus-rubiini-ja-teemantidega-0-80-ct\/\" \/>\n<meta property=\"og:locale\" content=\"et_EE\" \/>\n<meta property=\"og:type\" content=\"article\" \/>\n<meta property=\"og:title\" content=\"Kihlas\u00f5rmus rubiini ja teemantidega (0,80 ct)\" \/>\n<meta property=\"og:description\" content=\"Punasest kullast halo-disainiga kihlas\u00f5rmus rubiini ja teemantidega. Luksuslik, erakordne disain, kirkas v\u00e4rv ja eriline s\u00fcmboolika.\" \/>\n<meta property=\"og:url\" content=\"https:\/\/fashiongold.lt\/et\/toode\/kihlasormus-rubiini-ja-teemantidega-0-80-ct\/\" \/>\n<meta property=\"og:site_name\" content=\"FashionGold.lt\" \/>\n<meta property=\"article:modified_time\" content=\"2026-02-11T20:04:39+00:00\" \/>\n<meta property=\"og:image\" content=\"https:\/\/fashiongold.lt\/wp-content\/uploads\/2025\/10\/087-halo-dizaino-modernus-raudono-aukso-suzadetuviu-ziedas-su-rubinu.webp\" \/>\n\t<meta property=\"og:image:width\" content=\"1000\" \/>\n\t<meta property=\"og:image:height\" content=\"1000\" \/>\n\t<meta property=\"og:image:type\" content=\"image\/jpeg\" \/>\n<meta name=\"twitter:card\" content=\"summary_large_image\" \/>\n<meta name=\"twitter:label1\" content=\"Est. reading time\" \/>\n\t<meta name=\"twitter:data1\" content=\"1 minut\" \/>\n<script type=\"application\/ld+json\" class=\"yoast-schema-graph\">{\"@context\":\"https:\/\/schema.org\",\"@graph\":[{\"@type\":\"WebPage\",\"@id\":\"https:\/\/fashiongold.lt\/et\/toode\/kihlasormus-rubiini-ja-teemantidega-0-80-ct\/\",\"url\":\"https:\/\/fashiongold.lt\/et\/toode\/kihlasormus-rubiini-ja-teemantidega-0-80-ct\/\",\"name\":\"Kihlas\u00f5rmus rubiini ja teemantidega (0,80 ct)\",\"isPartOf\":{\"@id\":\"https:\/\/fashiongold.lt\/et\/#website\"},\"primaryImageOfPage\":{\"@id\":\"https:\/\/fashiongold.lt\/et\/toode\/kihlasormus-rubiini-ja-teemantidega-0-80-ct\/#primaryimage\"},\"image\":{\"@id\":\"https:\/\/fashiongold.lt\/et\/toode\/kihlasormus-rubiini-ja-teemantidega-0-80-ct\/#primaryimage\"},\"thumbnailUrl\":\"https:\/\/fashiongold.lt\/wp-content\/uploads\/2025\/10\/087-halo-dizaino-modernus-raudono-aukso-suzadetuviu-ziedas-su-rubinu.jpg\",\"datePublished\":\"2025-10-17T10:58:32+00:00\",\"dateModified\":\"2026-02-11T20:04:39+00:00\",\"description\":\"Punasest kullast halo-disainiga kihlas\u00f5rmus rubiini ja teemantidega. Luksuslik, erakordne disain, kirkas v\u00e4rv ja eriline s\u00fcmboolika.\",\"breadcrumb\":{\"@id\":\"https:\/\/fashiongold.lt\/et\/toode\/kihlasormus-rubiini-ja-teemantidega-0-80-ct\/#breadcrumb\"},\"inLanguage\":\"et\",\"potentialAction\":[{\"@type\":\"ReadAction\",\"target\":[\"https:\/\/fashiongold.lt\/et\/toode\/kihlasormus-rubiini-ja-teemantidega-0-80-ct\/\"]}]},{\"@type\":\"ImageObject\",\"inLanguage\":\"et\",\"@id\":\"https:\/\/fashiongold.lt\/et\/toode\/kihlasormus-rubiini-ja-teemantidega-0-80-ct\/#primaryimage\",\"url\":\"https:\/\/fashiongold.lt\/wp-content\/uploads\/2025\/10\/087-halo-dizaino-modernus-raudono-aukso-suzadetuviu-ziedas-su-rubinu.jpg\",\"contentUrl\":\"https:\/\/fashiongold.lt\/wp-content\/uploads\/2025\/10\/087-halo-dizaino-modernus-raudono-aukso-suzadetuviu-ziedas-su-rubinu.jpg\",\"width\":1000,\"height\":1000},{\"@type\":\"BreadcrumbList\",\"@id\":\"https:\/\/fashiongold.lt\/et\/toode\/kihlasormus-rubiini-ja-teemantidega-0-80-ct\/#breadcrumb\",\"itemListElement\":[{\"@type\":\"ListItem\",\"position\":1,\"name\":\"Home\",\"item\":\"https:\/\/fashiongold.lt\/et\/\"},{\"@type\":\"ListItem\",\"position\":2,\"name\":\"Teemantide pood Fashiongold.lt\",\"item\":\"https:\/\/fashiongold.lt\/shop-2\/\"},{\"@type\":\"ListItem\",\"position\":3,\"name\":\"Kihlas\u00f5rmus rubiini ja teemantidega (0.80 ct)\"}]},{\"@type\":\"WebSite\",\"@id\":\"https:\/\/fashiongold.lt\/et\/#website\",\"url\":\"https:\/\/fashiongold.lt\/et\/\",\"name\":\"Fashion Gold\",\"description\":\"Ehtemaja\",\"publisher\":{\"@id\":\"https:\/\/fashiongold.lt\/et\/#organization\"},\"potentialAction\":[{\"@type\":\"SearchAction\",\"target\":{\"@type\":\"EntryPoint\",\"urlTemplate\":\"https:\/\/fashiongold.lt\/et\/?s={search_term_string}\"},\"query-input\":{\"@type\":\"PropertyValueSpecification\",\"valueRequired\":true,\"valueName\":\"search_term_string\"}}],\"inLanguage\":\"et\"},{\"@type\":\"Organization\",\"@id\":\"https:\/\/fashiongold.lt\/et\/#organization\",\"name\":\"Topdiamonds Online\",\"url\":\"https:\/\/fashiongold.lt\/et\/\",\"logo\":{\"@type\":\"ImageObject\",\"inLanguage\":\"et\",\"@id\":\"https:\/\/fashiongold.lt\/et\/#\/schema\/logo\/image\/\",\"url\":\"https:\/\/fashiongold.lt\/wp-content\/uploads\/2025\/04\/cropped-fashion_gold_logotipas2-scaled-1.png\",\"contentUrl\":\"https:\/\/fashiongold.lt\/wp-content\/uploads\/2025\/04\/cropped-fashion_gold_logotipas2-scaled-1.png\",\"width\":2559,\"height\":421,\"caption\":\"Topdiamonds Online\"},\"image\":{\"@id\":\"https:\/\/fashiongold.lt\/et\/#\/schema\/logo\/image\/\"}}]}<\/script>\n<!-- \/ Yoast SEO plugin. -->","yoast_head_json":{"title":"Kihlas\u00f5rmus rubiini ja teemantidega (0,80 ct)","description":"Punasest kullast halo-disainiga kihlas\u00f5rmus rubiini ja teemantidega. Luksuslik, erakordne disain, kirkas v\u00e4rv ja eriline s\u00fcmboolika.","robots":{"index":"index","follow":"follow","max-snippet":"max-snippet:-1","max-image-preview":"max-image-preview:large","max-video-preview":"max-video-preview:-1"},"canonical":"https:\/\/fashiongold.lt\/et\/toode\/kihlasormus-rubiini-ja-teemantidega-0-80-ct\/","og_locale":"et_EE","og_type":"article","og_title":"Kihlas\u00f5rmus rubiini ja teemantidega (0,80 ct)","og_description":"Punasest kullast halo-disainiga kihlas\u00f5rmus rubiini ja teemantidega. Luksuslik, erakordne disain, kirkas v\u00e4rv ja eriline s\u00fcmboolika.","og_url":"https:\/\/fashiongold.lt\/et\/toode\/kihlasormus-rubiini-ja-teemantidega-0-80-ct\/","og_site_name":"FashionGold.lt","article_modified_time":"2026-02-11T20:04:39+00:00","og_image":[{"width":1000,"height":1000,"url":"https:\/\/fashiongold.lt\/wp-content\/uploads\/2025\/10\/087-halo-dizaino-modernus-raudono-aukso-suzadetuviu-ziedas-su-rubinu.webp","type":"image\/jpeg"}],"twitter_card":"summary_large_image","twitter_misc":{"Est. reading time":"1 minut"},"schema":{"@context":"https:\/\/schema.org","@graph":[{"@type":"WebPage","@id":"https:\/\/fashiongold.lt\/et\/toode\/kihlasormus-rubiini-ja-teemantidega-0-80-ct\/","url":"https:\/\/fashiongold.lt\/et\/toode\/kihlasormus-rubiini-ja-teemantidega-0-80-ct\/","name":"Kihlas\u00f5rmus rubiini ja teemantidega (0,80 ct)","isPartOf":{"@id":"https:\/\/fashiongold.lt\/et\/#website"},"primaryImageOfPage":{"@id":"https:\/\/fashiongold.lt\/et\/toode\/kihlasormus-rubiini-ja-teemantidega-0-80-ct\/#primaryimage"},"image":{"@id":"https:\/\/fashiongold.lt\/et\/toode\/kihlasormus-rubiini-ja-teemantidega-0-80-ct\/#primaryimage"},"thumbnailUrl":"https:\/\/fashiongold.lt\/wp-content\/uploads\/2025\/10\/087-halo-dizaino-modernus-raudono-aukso-suzadetuviu-ziedas-su-rubinu.jpg","datePublished":"2025-10-17T10:58:32+00:00","dateModified":"2026-02-11T20:04:39+00:00","description":"Punasest kullast halo-disainiga kihlas\u00f5rmus rubiini ja teemantidega. Luksuslik, erakordne disain, kirkas v\u00e4rv ja eriline s\u00fcmboolika.","breadcrumb":{"@id":"https:\/\/fashiongold.lt\/et\/toode\/kihlasormus-rubiini-ja-teemantidega-0-80-ct\/#breadcrumb"},"inLanguage":"et","potentialAction":[{"@type":"ReadAction","target":["https:\/\/fashiongold.lt\/et\/toode\/kihlasormus-rubiini-ja-teemantidega-0-80-ct\/"]}]},{"@type":"ImageObject","inLanguage":"et","@id":"https:\/\/fashiongold.lt\/et\/toode\/kihlasormus-rubiini-ja-teemantidega-0-80-ct\/#primaryimage","url":"https:\/\/fashiongold.lt\/wp-content\/uploads\/2025\/10\/087-halo-dizaino-modernus-raudono-aukso-suzadetuviu-ziedas-su-rubinu.jpg","contentUrl":"https:\/\/fashiongold.lt\/wp-content\/uploads\/2025\/10\/087-halo-dizaino-modernus-raudono-aukso-suzadetuviu-ziedas-su-rubinu.jpg","width":1000,"height":1000},{"@type":"BreadcrumbList","@id":"https:\/\/fashiongold.lt\/et\/toode\/kihlasormus-rubiini-ja-teemantidega-0-80-ct\/#breadcrumb","itemListElement":[{"@type":"ListItem","position":1,"name":"Home","item":"https:\/\/fashiongold.lt\/et\/"},{"@type":"ListItem","position":2,"name":"Teemantide pood Fashiongold.lt","item":"https:\/\/fashiongold.lt\/shop-2\/"},{"@type":"ListItem","position":3,"name":"Kihlas\u00f5rmus rubiini ja teemantidega (0.80 ct)"}]},{"@type":"WebSite","@id":"https:\/\/fashiongold.lt\/et\/#website","url":"https:\/\/fashiongold.lt\/et\/","name":"Fashion Gold","description":"Ehtemaja","publisher":{"@id":"https:\/\/fashiongold.lt\/et\/#organization"},"potentialAction":[{"@type":"SearchAction","target":{"@type":"EntryPoint","urlTemplate":"https:\/\/fashiongold.lt\/et\/?s={search_term_string}"},"query-input":{"@type":"PropertyValueSpecification","valueRequired":true,"valueName":"search_term_string"}}],"inLanguage":"et"},{"@type":"Organization","@id":"https:\/\/fashiongold.lt\/et\/#organization","name":"Topdiamonds Online","url":"https:\/\/fashiongold.lt\/et\/","logo":{"@type":"ImageObject","inLanguage":"et","@id":"https:\/\/fashiongold.lt\/et\/#\/schema\/logo\/image\/","url":"https:\/\/fashiongold.lt\/wp-content\/uploads\/2025\/04\/cropped-fashion_gold_logotipas2-scaled-1.png","contentUrl":"https:\/\/fashiongold.lt\/wp-content\/uploads\/2025\/04\/cropped-fashion_gold_logotipas2-scaled-1.png","width":2559,"height":421,"caption":"Topdiamonds Online"},"image":{"@id":"https:\/\/fashiongold.lt\/et\/#\/schema\/logo\/image\/"}}]}},"_links":{"self":[{"href":"https:\/\/fashiongold.lt\/et\/wp-json\/wp\/v2\/product\/278911","targetHints":{"allow":["GET"]}}],"collection":[{"href":"https:\/\/fashiongold.lt\/et\/wp-json\/wp\/v2\/product"}],"about":[{"href":"https:\/\/fashiongold.lt\/et\/wp-json\/wp\/v2\/types\/product"}],"version-history":[{"count":0,"href":"https:\/\/fashiongold.lt\/et\/wp-json\/wp\/v2\/product\/278911\/revisions"}],"wp:featuredmedia":[{"embeddable":true,"href":"https:\/\/fashiongold.lt\/et\/wp-json\/wp\/v2\/media\/231277"}],"wp:attachment":[{"href":"https:\/\/fashiongold.lt\/et\/wp-json\/wp\/v2\/media?parent=278911"}],"wp:term":[{"taxonomy":"product_brand","embeddable":true,"href":"https:\/\/fashiongold.lt\/et\/wp-json\/wp\/v2\/product_brand?post=278911"},{"taxonomy":"product_cat","embeddable":true,"href":"https:\/\/fashiongold.lt\/et\/wp-json\/wp\/v2\/product_cat?post=278911"},{"taxonomy":"product_tag","embeddable":true,"href":"https:\/\/fashiongold.lt\/et\/wp-json\/wp\/v2\/product_tag?post=278911"}],"curies":[{"name":"wp","href":"https:\/\/api.w.org\/{rel}","templated":true}]}}