{"id":279212,"date":"2025-10-23T07:38:48","date_gmt":"2025-10-23T07:38:48","guid":{"rendered":"https:\/\/fashiongold.lt\/papuosalas\/korvarongad-mustade-mereparlitega-105-mm-ja-teemantidega-021-ct\/"},"modified":"2025-10-23T07:38:48","modified_gmt":"2025-10-23T07:38:48","slug":"korvarongad-mustade-mereparlitega-105-mm-ja-teemantidega-021-ct","status":"publish","type":"product","link":"https:\/\/fashiongold.lt\/et\/papuosalas\/korvarongad-mustade-mereparlitega-105-mm-ja-teemantidega-021-ct\/","title":{"rendered":"K\u00f5rvar\u00f5ngad mustade merep\u00e4rlitega 10,5 mm ja teemantidega (0,21 ct)"},"content":{"rendered":"<h2>K\u00f5rvar\u00f5ngad mustade merep\u00e4rlite ja teemantidega (10.5 mm,\u00a00.21 ct)<\/h2>\n<h3>Moodsa disainiga luksuslikud kuldk\u00f5rvar\u00f5ngad ripatsitega, mustade merep\u00e4rlite (10.5 mm) ja teemantidega. TAHIITI V\u00d5I MUSTAD MEREP\u00c4RLID.<\/h3>\n<p>Valmistatud Saksamaal kvaliteetsetest v\u00e4\u00e4riskividest. Suurep\u00e4rane valik stiilsele naisele. P\u00e4rl kiirgab s\u00fcdamesse harmooniat ja rahu. Juba iidsetest aegadest s\u00fcmboliseerisid p\u00e4rlid ilu, s\u00fc\u00fctust ja sensuaalsust ning paljud uskusid, et need v\u00f5ivad omanikule \u00f5nne ja materiaalset heaolu ligi t\u00f5mmata. P\u00e4rl sobib V\u00e4hile, Veevalajale ja Kaladele. K\u00f5rvar\u00f5ngaid saab valmistada tellimust\u00f6\u00f6na punasest, kollasest v\u00f5i valgest kullast.<\/p>\n<p>\u2022 K\u00f5rvar\u00f5ngaste kuld: 18 karaati (proov 750)\u00a0 \u00a0<\/p>\n<p>\u2022 K\u00f5rvar\u00f5ngaste v\u00e4rvus: valge kuld\u00a0 \u00a0 \u00a0 \u00a0<\/p>\n<p>\u2022 K\u00f5rvar\u00f5ngaste kaal: umbes 2,00 &#8211; 3,00 g\u00a0 \u00a0 \u00a0<\/p>\n<p>\u2022 Teemandi t\u00fc\u00fcp: Looduslik teemant\u00a0 \u00a0<\/p>\n<p>\u2022 Teemandi kuju: \u00dcmar kuju (Round shape)\u00a0 \u00a0<\/p>\n<p>\u2022 Teemandi omadused: 0,21 ct, v\u00e4rvus G-H (RW-W); puhtus SI\u00a0 \u00a0<\/p>\n<p>\u2022 P\u00e4rli t\u00fc\u00fcp: TAHIITI V\u00d5I MUSTAD MEREP\u00c4RLID (ingl &#8220;Saltwater Tahitian Sea Pearls&#8221;)\u00a0\u00a0 \u00a0<\/p>\n<p>\u2022 P\u00e4rli kuju: \u00dcmar kuju (Round cut)\u00a0 \u00a0 \u00a0 \u00a0<\/p>\n<p>\u2022 P\u00e4rli omadused: 10.5 mm, AA (k\u00f5rge kvaliteet)\u00a0 \u00a0<\/p>\n<p>\u2022 Sertifikaat: Leedu Proovikoda (LPR)\u00a0 \u00a0 \u00a0<\/p>\n<p>\u2022 K\u00f5rvar\u00f5ngaste m\u00f5\u00f5tmed: h: 12.0 mm, w: 11.2 mm, th: 2.8 mm<\/p>\n<p>\u2022 Graveerimine tasuta\u00a0 \u00a0 \u00a0<\/p>\n<p>\u2022 Valmistamise ja tarne t\u00e4htaeg alates 21 t\u00f6\u00f6p\u00e4evast, kiirtellimusena 3 t\u00f6\u00f6p\u00e4eva jooksul.\u00a0 \u00a0<\/p>\n<p><strong>On teil oma kulda v\u00f5i v\u00e4\u00e4riskive? V\u00f5tke \u00fchendust, arvutame hinna \u00fcmber \u2013 maksate ainult k\u00f5rvar\u00f5ngaste valmistamise eest.<\/strong><\/p>\n","protected":false},"excerpt":{"rendered":"<p>Kaasaegse disainiga luksuslikud kuldk\u00f5rvar\u00f5ngad ripatsitega, millel on 10,5 mm mustad merep\u00e4rlid ja teemandid. See disain on ainulaadne selle poolest, et k\u00f5rvar\u00f5ngaste disaini saab iga p\u00e4ev muuta. Kui soovite tagasihoidlikumat disaini, v\u00f5ite j\u00e4tta p\u00e4rlitega ripatsid kandmata ja kanda lihtsalt teemantidega r\u00f5ngaid.<\/p>\n","protected":false},"featured_media":0,"template":"","meta":{"site-sidebar-layout":"","site-content-layout":"","ast-site-content-layout":"","site-content-style":"","site-sidebar-style":"","ast-global-header-display":"","ast-banner-title-visibility":"","ast-main-header-display":"","ast-hfb-above-header-display":"","ast-hfb-below-header-display":"","ast-hfb-mobile-header-display":"","site-post-title":"","ast-breadcrumbs-content":"","ast-featured-img":"","footer-sml-layout":"","ast-disable-related-posts":"","theme-transparent-header-meta":"","adv-header-id-meta":"","stick-header-meta":"","header-above-stick-meta":"","header-main-stick-meta":"","header-below-stick-meta":"","astra-migrate-meta-layouts":"default","ast-page-background-enabled":"default","ast-page-background-meta":{"desktop":{"background-color":"var(--ast-global-color-4)","background-image":"","background-repeat":"repeat","background-position":"center center","background-size":"auto","background-attachment":"scroll","background-type":"","background-media":"","overlay-type":"","overlay-color":"","overlay-opacity":"","overlay-gradient":""},"tablet":{"background-color":"","background-image":"","background-repeat":"repeat","background-position":"center center","background-size":"auto","background-attachment":"scroll","background-type":"","background-media":"","overlay-type":"","overlay-color":"","overlay-opacity":"","overlay-gradient":""},"mobile":{"background-color":"","background-image":"","background-repeat":"repeat","background-position":"center center","background-size":"auto","background-attachment":"scroll","background-type":"","background-media":"","overlay-type":"","overlay-color":"","overlay-opacity":"","overlay-gradient":""}},"ast-content-background-meta":{"desktop":{"background-color":"var(--ast-global-color-5)","background-image":"","background-repeat":"repeat","background-position":"center center","background-size":"auto","background-attachment":"scroll","background-type":"","background-media":"","overlay-type":"","overlay-color":"","overlay-opacity":"","overlay-gradient":""},"tablet":{"background-color":"var(--ast-global-color-5)","background-image":"","background-repeat":"repeat","background-position":"center center","background-size":"auto","background-attachment":"scroll","background-type":"","background-media":"","overlay-type":"","overlay-color":"","overlay-opacity":"","overlay-gradient":""},"mobile":{"background-color":"var(--ast-global-color-5)","background-image":"","background-repeat":"repeat","background-position":"center center","background-size":"auto","background-attachment":"scroll","background-type":"","background-media":"","overlay-type":"","overlay-color":"","overlay-opacity":"","overlay-gradient":""}}},"product_brand":[],"product_cat":[3058,2830,3615,2826,2829,2823,2828,2822,2824,3392,2821,2970,2971,3536,2846,3537,2845,2966,2827],"product_tag":[],"class_list":{"0":"post-279212","1":"product","2":"type-product","3":"status-publish","5":"product_cat-ehted","6":"product_cat-emadepaeva-kingitused","7":"product_cat-inglise-lukuga-korvarongad","8":"product_cat-joulukingid","9":"product_cat-kingitused-erilisteks-puhkudeks","10":"product_cat-kingitused-lapse-sunni-puhul","11":"product_cat-kingitused-lopetamise-puhul","12":"product_cat-kingitused-naistele","13":"product_cat-kingitused-pulma-aastapaeva-puhul","14":"product_cat-kingitused-pulmade-puhul","15":"product_cat-kingitused-sunnipaevaks","16":"product_cat-parlid-parlitega-ehted","17":"product_cat-parlitega-korvarongad","18":"product_cat-pidulikud-korvarongad","19":"product_cat-poolvaariskividega-ehted","20":"product_cat-rongaskorvarongad","21":"product_cat-sobrapaeva-kingitused","22":"product_cat-teemantidega-korvarongad","23":"product_cat-valgest-kullast-ehted","24":"desktop-align-center","25":"tablet-align-left","26":"mobile-align-left","27":"ast-product-gallery-layout-horizontal-slider","28":"ast-product-gallery-with-no-image","29":"ast-product-tabs-layout-accordion","30":"ast-qv-on-image","32":"first","33":"instock","34":"taxable","35":"shipping-taxable","36":"purchasable","37":"product-type-simple"},"yoast_head":"<!-- This site is optimized with the Yoast SEO plugin v26.6 - https:\/\/yoast.com\/wordpress\/plugins\/seo\/ -->\n<title>Luksuslikud k\u00f5rvar\u00f5ngad mustade merep\u00e4rlitega 10,5 mm<\/title>\n<meta name=\"description\" content=\"Luksuslikud muudetava disainiga r\u00f5ngask\u00f5rvar\u00f5ngad ja eemaldatavad ripatsid 10,5 mm mustade merep\u00e4rlite ja teemantidega. K\u00f5rvar\u00f5ngaste disaini saab muuta iga p\u00e4ev.\" \/>\n<meta name=\"robots\" content=\"index, follow, max-snippet:-1, max-image-preview:large, max-video-preview:-1\" \/>\n<link rel=\"canonical\" href=\"https:\/\/fashiongold.lt\/et\/papuosalas\/korvarongad-mustade-mereparlitega-105-mm-ja-teemantidega-021-ct\/\" \/>\n<meta property=\"og:locale\" content=\"et_EE\" \/>\n<meta property=\"og:type\" content=\"article\" \/>\n<meta property=\"og:title\" content=\"Luksuslikud k\u00f5rvar\u00f5ngad mustade merep\u00e4rlitega 10,5 mm\" \/>\n<meta property=\"og:description\" content=\"Luksuslikud muudetava disainiga r\u00f5ngask\u00f5rvar\u00f5ngad ja eemaldatavad ripatsid 10,5 mm mustade merep\u00e4rlite ja teemantidega. K\u00f5rvar\u00f5ngaste disaini saab muuta iga p\u00e4ev.\" \/>\n<meta property=\"og:url\" content=\"https:\/\/fashiongold.lt\/et\/papuosalas\/korvarongad-mustade-mereparlitega-105-mm-ja-teemantidega-021-ct\/\" \/>\n<meta property=\"og:site_name\" content=\"FashionGold.lt\" \/>\n<meta name=\"twitter:card\" content=\"summary_large_image\" \/>\n<meta name=\"twitter:label1\" content=\"Est. reading time\" \/>\n\t<meta name=\"twitter:data1\" content=\"1 minut\" \/>\n<script type=\"application\/ld+json\" class=\"yoast-schema-graph\">{\"@context\":\"https:\/\/schema.org\",\"@graph\":[{\"@type\":\"WebPage\",\"@id\":\"https:\/\/fashiongold.lt\/et\/papuosalas\/korvarongad-mustade-mereparlitega-105-mm-ja-teemantidega-021-ct\/\",\"url\":\"https:\/\/fashiongold.lt\/et\/papuosalas\/korvarongad-mustade-mereparlitega-105-mm-ja-teemantidega-021-ct\/\",\"name\":\"Luksuslikud k\u00f5rvar\u00f5ngad mustade merep\u00e4rlitega 10,5 mm\",\"isPartOf\":{\"@id\":\"https:\/\/fashiongold.lt\/et\/#website\"},\"datePublished\":\"2025-10-23T07:38:48+00:00\",\"description\":\"Luksuslikud muudetava disainiga r\u00f5ngask\u00f5rvar\u00f5ngad ja eemaldatavad ripatsid 10,5 mm mustade merep\u00e4rlite ja teemantidega. K\u00f5rvar\u00f5ngaste disaini saab muuta iga p\u00e4ev.\",\"breadcrumb\":{\"@id\":\"https:\/\/fashiongold.lt\/et\/papuosalas\/korvarongad-mustade-mereparlitega-105-mm-ja-teemantidega-021-ct\/#breadcrumb\"},\"inLanguage\":\"et\",\"potentialAction\":[{\"@type\":\"ReadAction\",\"target\":[\"https:\/\/fashiongold.lt\/et\/papuosalas\/korvarongad-mustade-mereparlitega-105-mm-ja-teemantidega-021-ct\/\"]}]},{\"@type\":\"BreadcrumbList\",\"@id\":\"https:\/\/fashiongold.lt\/et\/papuosalas\/korvarongad-mustade-mereparlitega-105-mm-ja-teemantidega-021-ct\/#breadcrumb\",\"itemListElement\":[{\"@type\":\"ListItem\",\"position\":1,\"name\":\"Home\",\"item\":\"https:\/\/fashiongold.lt\/et\/\"},{\"@type\":\"ListItem\",\"position\":2,\"name\":\"Teemantide pood Fashiongold.lt\",\"item\":\"https:\/\/fashiongold.lt\/shop-2\/\"},{\"@type\":\"ListItem\",\"position\":3,\"name\":\"K\u00f5rvar\u00f5ngad mustade merep\u00e4rlitega 10,5 mm ja teemantidega (0,21 ct)\"}]},{\"@type\":\"WebSite\",\"@id\":\"https:\/\/fashiongold.lt\/et\/#website\",\"url\":\"https:\/\/fashiongold.lt\/et\/\",\"name\":\"Fashion Gold\",\"description\":\"Juvelyrikos namai\",\"publisher\":{\"@id\":\"https:\/\/fashiongold.lt\/et\/#organization\"},\"potentialAction\":[{\"@type\":\"SearchAction\",\"target\":{\"@type\":\"EntryPoint\",\"urlTemplate\":\"https:\/\/fashiongold.lt\/et\/?s={search_term_string}\"},\"query-input\":{\"@type\":\"PropertyValueSpecification\",\"valueRequired\":true,\"valueName\":\"search_term_string\"}}],\"inLanguage\":\"et\"},{\"@type\":\"Organization\",\"@id\":\"https:\/\/fashiongold.lt\/et\/#organization\",\"name\":\"Topdiamonds Online\",\"url\":\"https:\/\/fashiongold.lt\/et\/\",\"logo\":{\"@type\":\"ImageObject\",\"inLanguage\":\"et\",\"@id\":\"https:\/\/fashiongold.lt\/et\/#\/schema\/logo\/image\/\",\"url\":\"https:\/\/fashiongold.lt\/wp-content\/uploads\/2025\/04\/cropped-fashion_gold_logotipas2-scaled-1.png\",\"contentUrl\":\"https:\/\/fashiongold.lt\/wp-content\/uploads\/2025\/04\/cropped-fashion_gold_logotipas2-scaled-1.png\",\"width\":2559,\"height\":421,\"caption\":\"Topdiamonds Online\"},\"image\":{\"@id\":\"https:\/\/fashiongold.lt\/et\/#\/schema\/logo\/image\/\"}}]}<\/script>\n<!-- \/ Yoast SEO plugin. -->","yoast_head_json":{"title":"Luksuslikud k\u00f5rvar\u00f5ngad mustade merep\u00e4rlitega 10,5 mm","description":"Luksuslikud muudetava disainiga r\u00f5ngask\u00f5rvar\u00f5ngad ja eemaldatavad ripatsid 10,5 mm mustade merep\u00e4rlite ja teemantidega. K\u00f5rvar\u00f5ngaste disaini saab muuta iga p\u00e4ev.","robots":{"index":"index","follow":"follow","max-snippet":"max-snippet:-1","max-image-preview":"max-image-preview:large","max-video-preview":"max-video-preview:-1"},"canonical":"https:\/\/fashiongold.lt\/et\/papuosalas\/korvarongad-mustade-mereparlitega-105-mm-ja-teemantidega-021-ct\/","og_locale":"et_EE","og_type":"article","og_title":"Luksuslikud k\u00f5rvar\u00f5ngad mustade merep\u00e4rlitega 10,5 mm","og_description":"Luksuslikud muudetava disainiga r\u00f5ngask\u00f5rvar\u00f5ngad ja eemaldatavad ripatsid 10,5 mm mustade merep\u00e4rlite ja teemantidega. K\u00f5rvar\u00f5ngaste disaini saab muuta iga p\u00e4ev.","og_url":"https:\/\/fashiongold.lt\/et\/papuosalas\/korvarongad-mustade-mereparlitega-105-mm-ja-teemantidega-021-ct\/","og_site_name":"FashionGold.lt","twitter_card":"summary_large_image","twitter_misc":{"Est. reading time":"1 minut"},"schema":{"@context":"https:\/\/schema.org","@graph":[{"@type":"WebPage","@id":"https:\/\/fashiongold.lt\/et\/papuosalas\/korvarongad-mustade-mereparlitega-105-mm-ja-teemantidega-021-ct\/","url":"https:\/\/fashiongold.lt\/et\/papuosalas\/korvarongad-mustade-mereparlitega-105-mm-ja-teemantidega-021-ct\/","name":"Luksuslikud k\u00f5rvar\u00f5ngad mustade merep\u00e4rlitega 10,5 mm","isPartOf":{"@id":"https:\/\/fashiongold.lt\/et\/#website"},"datePublished":"2025-10-23T07:38:48+00:00","description":"Luksuslikud muudetava disainiga r\u00f5ngask\u00f5rvar\u00f5ngad ja eemaldatavad ripatsid 10,5 mm mustade merep\u00e4rlite ja teemantidega. K\u00f5rvar\u00f5ngaste disaini saab muuta iga p\u00e4ev.","breadcrumb":{"@id":"https:\/\/fashiongold.lt\/et\/papuosalas\/korvarongad-mustade-mereparlitega-105-mm-ja-teemantidega-021-ct\/#breadcrumb"},"inLanguage":"et","potentialAction":[{"@type":"ReadAction","target":["https:\/\/fashiongold.lt\/et\/papuosalas\/korvarongad-mustade-mereparlitega-105-mm-ja-teemantidega-021-ct\/"]}]},{"@type":"BreadcrumbList","@id":"https:\/\/fashiongold.lt\/et\/papuosalas\/korvarongad-mustade-mereparlitega-105-mm-ja-teemantidega-021-ct\/#breadcrumb","itemListElement":[{"@type":"ListItem","position":1,"name":"Home","item":"https:\/\/fashiongold.lt\/et\/"},{"@type":"ListItem","position":2,"name":"Teemantide pood Fashiongold.lt","item":"https:\/\/fashiongold.lt\/shop-2\/"},{"@type":"ListItem","position":3,"name":"K\u00f5rvar\u00f5ngad mustade merep\u00e4rlitega 10,5 mm ja teemantidega (0,21 ct)"}]},{"@type":"WebSite","@id":"https:\/\/fashiongold.lt\/et\/#website","url":"https:\/\/fashiongold.lt\/et\/","name":"Fashion Gold","description":"Juvelyrikos namai","publisher":{"@id":"https:\/\/fashiongold.lt\/et\/#organization"},"potentialAction":[{"@type":"SearchAction","target":{"@type":"EntryPoint","urlTemplate":"https:\/\/fashiongold.lt\/et\/?s={search_term_string}"},"query-input":{"@type":"PropertyValueSpecification","valueRequired":true,"valueName":"search_term_string"}}],"inLanguage":"et"},{"@type":"Organization","@id":"https:\/\/fashiongold.lt\/et\/#organization","name":"Topdiamonds Online","url":"https:\/\/fashiongold.lt\/et\/","logo":{"@type":"ImageObject","inLanguage":"et","@id":"https:\/\/fashiongold.lt\/et\/#\/schema\/logo\/image\/","url":"https:\/\/fashiongold.lt\/wp-content\/uploads\/2025\/04\/cropped-fashion_gold_logotipas2-scaled-1.png","contentUrl":"https:\/\/fashiongold.lt\/wp-content\/uploads\/2025\/04\/cropped-fashion_gold_logotipas2-scaled-1.png","width":2559,"height":421,"caption":"Topdiamonds Online"},"image":{"@id":"https:\/\/fashiongold.lt\/et\/#\/schema\/logo\/image\/"}}]}},"_links":{"self":[{"href":"https:\/\/fashiongold.lt\/et\/wp-json\/wp\/v2\/product\/279212","targetHints":{"allow":["GET"]}}],"collection":[{"href":"https:\/\/fashiongold.lt\/et\/wp-json\/wp\/v2\/product"}],"about":[{"href":"https:\/\/fashiongold.lt\/et\/wp-json\/wp\/v2\/types\/product"}],"version-history":[{"count":0,"href":"https:\/\/fashiongold.lt\/et\/wp-json\/wp\/v2\/product\/279212\/revisions"}],"wp:attachment":[{"href":"https:\/\/fashiongold.lt\/et\/wp-json\/wp\/v2\/media?parent=279212"}],"wp:term":[{"taxonomy":"product_brand","embeddable":true,"href":"https:\/\/fashiongold.lt\/et\/wp-json\/wp\/v2\/product_brand?post=279212"},{"taxonomy":"product_cat","embeddable":true,"href":"https:\/\/fashiongold.lt\/et\/wp-json\/wp\/v2\/product_cat?post=279212"},{"taxonomy":"product_tag","embeddable":true,"href":"https:\/\/fashiongold.lt\/et\/wp-json\/wp\/v2\/product_tag?post=279212"}],"curies":[{"name":"wp","href":"https:\/\/api.w.org\/{rel}","templated":true}]}}