{"id":279350,"date":"2025-10-23T07:52:07","date_gmt":"2025-10-23T07:52:07","guid":{"rendered":"https:\/\/fashiongold.lt\/papuosalas\/noopkorvarongad-teemantidega-briljandid-1-00-ct\/"},"modified":"2026-02-11T20:24:44","modified_gmt":"2026-02-11T20:24:44","slug":"noopkorvarongad-teemantidega-briljandid-1-00-ct","status":"publish","type":"product","link":"https:\/\/fashiongold.lt\/et\/papuosalas\/noopkorvarongad-teemantidega-briljandid-1-00-ct\/","title":{"rendered":"N\u00f6\u00f6pk\u00f5rvar\u00f5ngad teemantidega &#8211; Briljandid (1.00 ct)"},"content":{"rendered":"<h2 style=\"color: #222222; font-family: Arial, Helvetica, sans-serif; font-size: small;\">Teemantidega naelk\u00f5rvar\u00f5ngad &#8211; Briljandid (1,00 ct) <\/h2>\n<h3 style=\"color: #222222; font-family: Arial, Helvetica, sans-serif; font-size: small;\">Klassikalise disainiga kuldsed naelk\u00f5rvar\u00f5ngad teemantidega, mille kogukaal on 1,00 karaati. Looduslikud teemandid. <\/h3>\n<p>Valmistatud Saksamaal kvaliteetsetest v\u00e4\u00e4riskividest. Kordumatu iluga, eksklusiivse stiili ja k\u00f5rge kvaliteediga k\u00f5rvar\u00f5ngad. K\u00f5rvar\u00f5ngaid saab tellida punasest, kollasest v\u00f5i valgest kullast. <\/p>\n<p>\u2022 K\u00f5rvar\u00f5ngaste kulla proov: 14 karaati (proov 585), 18 karaati (proov 750)<\/p>\n<p>\u2022 K\u00f5rvar\u00f5ngaste v\u00e4rvus: valge, kollane, punane kuld     <\/p>\n<p>\u2022 K\u00f5rvar\u00f5ngaste kaal: umbes 0,90\u20131,30 g   <\/p>\n<p>\u2022 Teemandi t\u00fc\u00fcp: Looduslik teemant <\/p>\n<p>\u2022 Teemandi kuju: \u00dcmar lihv (Round cut) <\/p>\n<p>\u2022 Teemandi omadused: 1,00 ct, v\u00e4rvus G-H (RW-W); puhtus SI <\/p>\n<p>\u2022 Sertifikaat: Leedu Proovikoda (LPR)   <\/p>\n<p>\u2022 K\u00f5rvar\u00f5ngaste m\u00f5\u00f5tmed: \u00d8: 4,9 mm<\/p>\n<p>\u2022 Valmistamis- ja tarneaeg alates 14 t\u00f6\u00f6p\u00e4evast, kiireloomulise tellimuse puhul 3 t\u00f6\u00f6p\u00e4eva jooksul. <\/p>\n<p><strong>Kas teil on oma kulda? V\u00f5tke \u00fchendust, arvutame hinna \u00fcmber \u2013 maksate ainult k\u00f5rvar\u00f5ngaste valmistamise eest.<\/strong><\/p>\n","protected":false},"excerpt":{"rendered":"<p>Klasikalised kullast nappk\u00f5rvar\u00f5ngad teemantidega, mille kogukaal on 1,00 karaati. Sobivad igap\u00e4evaseks kandmiseks ja erilisteks puhkudeks, silmapaistva stiili saavutamiseks.<\/p>\n","protected":false},"featured_media":215186,"template":"","meta":{"site-sidebar-layout":"","site-content-layout":"","ast-site-content-layout":"","site-content-style":"","site-sidebar-style":"","ast-global-header-display":"","ast-banner-title-visibility":"","ast-main-header-display":"","ast-hfb-above-header-display":"","ast-hfb-below-header-display":"","ast-hfb-mobile-header-display":"","site-post-title":"","ast-breadcrumbs-content":"","ast-featured-img":"","footer-sml-layout":"","ast-disable-related-posts":"","theme-transparent-header-meta":"","adv-header-id-meta":"","stick-header-meta":"","header-above-stick-meta":"","header-main-stick-meta":"","header-below-stick-meta":"","astra-migrate-meta-layouts":"default","ast-page-background-enabled":"default","ast-page-background-meta":{"desktop":{"background-color":"var(--ast-global-color-4)","background-image":"","background-repeat":"repeat","background-position":"center center","background-size":"auto","background-attachment":"scroll","background-type":"","background-media":"","overlay-type":"","overlay-color":"","overlay-opacity":"","overlay-gradient":""},"tablet":{"background-color":"","background-image":"","background-repeat":"repeat","background-position":"center center","background-size":"auto","background-attachment":"scroll","background-type":"","background-media":"","overlay-type":"","overlay-color":"","overlay-opacity":"","overlay-gradient":""},"mobile":{"background-color":"","background-image":"","background-repeat":"repeat","background-position":"center center","background-size":"auto","background-attachment":"scroll","background-type":"","background-media":"","overlay-type":"","overlay-color":"","overlay-opacity":"","overlay-gradient":""}},"ast-content-background-meta":{"desktop":{"background-color":"var(--ast-global-color-5)","background-image":"","background-repeat":"repeat","background-position":"center center","background-size":"auto","background-attachment":"scroll","background-type":"","background-media":"","overlay-type":"","overlay-color":"","overlay-opacity":"","overlay-gradient":""},"tablet":{"background-color":"var(--ast-global-color-5)","background-image":"","background-repeat":"repeat","background-position":"center center","background-size":"auto","background-attachment":"scroll","background-type":"","background-media":"","overlay-type":"","overlay-color":"","overlay-opacity":"","overlay-gradient":""},"mobile":{"background-color":"var(--ast-global-color-5)","background-image":"","background-repeat":"repeat","background-position":"center center","background-size":"auto","background-attachment":"scroll","background-type":"","background-media":"","overlay-type":"","overlay-color":"","overlay-opacity":"","overlay-gradient":""}}},"product_brand":[],"product_cat":[3058,2830,2826,3482,2829,2823,2828,2822,2824,3392,2821,2831,3539,2969,3536,2967,3391,2845,2966,2827],"product_tag":[],"class_list":{"0":"post-279350","1":"product","2":"type-product","3":"status-publish","4":"has-post-thumbnail","6":"product_cat-ehted","7":"product_cat-emadepaeva-kingitused","8":"product_cat-joulukingid","9":"product_cat-kingitus-esimese-armulaua-puhul","10":"product_cat-kingitused-erilisteks-puhkudeks","11":"product_cat-kingitused-lapse-sunni-puhul","12":"product_cat-kingitused-lopetamise-puhul","13":"product_cat-kingitused-naistele","14":"product_cat-kingitused-pulma-aastapaeva-puhul","15":"product_cat-kingitused-pulmade-puhul","16":"product_cat-kingitused-sunnipaevaks","17":"product_cat-kollasest-kullast-ehted","18":"product_cat-korvarongad-tudrukutele-laste-korvarongad","19":"product_cat-naelkorvarongad","20":"product_cat-pidulikud-korvarongad","21":"product_cat-punasest-kullast-ehted","22":"product_cat-ristimiskingitused","23":"product_cat-sobrapaeva-kingitused","24":"product_cat-teemantidega-korvarongad","25":"product_cat-valgest-kullast-ehted","26":"desktop-align-center","27":"tablet-align-left","28":"mobile-align-left","29":"ast-product-gallery-layout-horizontal-slider","30":"ast-product-gallery-with-no-image","31":"ast-product-single-variable","32":"ast-product-tabs-layout-accordion","33":"ast-qv-on-image","35":"first","36":"instock","37":"taxable","38":"shipping-taxable","39":"purchasable","40":"product-type-variable","41":"has-default-attributes"},"yoast_head":"<!-- This site is optimized with the Yoast SEO plugin v26.6 - https:\/\/yoast.com\/wordpress\/plugins\/seo\/ -->\n<title>N\u00f6\u00f6pk\u00f5rvar\u00f5ngad teemantidega - Briljandid (1.00 ct)<\/title>\n<meta name=\"description\" content=\"Klassikalised kullast t\u00e4ppk\u00f5rvar\u00f5ngad teemantidega, mille kogukaal on 1,00 karaati. Sobivad igap\u00e4evaseks kandmiseks ja erilisteks puhkudeks, erakordse stiili saavutamiseks.\" \/>\n<meta name=\"robots\" content=\"index, follow, max-snippet:-1, max-image-preview:large, max-video-preview:-1\" \/>\n<link rel=\"canonical\" href=\"https:\/\/fashiongold.lt\/et\/papuosalas\/noopkorvarongad-teemantidega-briljandid-1-00-ct\/\" \/>\n<meta property=\"og:locale\" content=\"et_EE\" \/>\n<meta property=\"og:type\" content=\"article\" \/>\n<meta property=\"og:title\" content=\"N\u00f6\u00f6pk\u00f5rvar\u00f5ngad teemantidega - Briljandid (1.00 ct)\" \/>\n<meta property=\"og:description\" content=\"Klassikalised kullast t\u00e4ppk\u00f5rvar\u00f5ngad teemantidega, mille kogukaal on 1,00 karaati. Sobivad igap\u00e4evaseks kandmiseks ja erilisteks puhkudeks, erakordse stiili saavutamiseks.\" \/>\n<meta property=\"og:url\" content=\"https:\/\/fashiongold.lt\/et\/papuosalas\/noopkorvarongad-teemantidega-briljandid-1-00-ct\/\" \/>\n<meta property=\"og:site_name\" content=\"FashionGold.lt\" \/>\n<meta property=\"article:modified_time\" content=\"2026-02-11T20:24:44+00:00\" \/>\n<meta property=\"og:image\" content=\"https:\/\/fashiongold.lt\/wp-content\/uploads\/2025\/10\/13858-2b3-balto-aukso-Auskarai-vinukai-su-deimantais-Briliantai-1.00-ct-2.webp\" \/>\n\t<meta property=\"og:image:width\" content=\"1000\" \/>\n\t<meta property=\"og:image:height\" content=\"1000\" \/>\n\t<meta property=\"og:image:type\" content=\"image\/png\" \/>\n<meta name=\"twitter:card\" content=\"summary_large_image\" \/>\n<meta name=\"twitter:label1\" content=\"Est. reading time\" \/>\n\t<meta name=\"twitter:data1\" content=\"1 minut\" \/>\n<script type=\"application\/ld+json\" class=\"yoast-schema-graph\">{\"@context\":\"https:\/\/schema.org\",\"@graph\":[{\"@type\":\"WebPage\",\"@id\":\"https:\/\/fashiongold.lt\/et\/papuosalas\/noopkorvarongad-teemantidega-briljandid-1-00-ct\/\",\"url\":\"https:\/\/fashiongold.lt\/et\/papuosalas\/noopkorvarongad-teemantidega-briljandid-1-00-ct\/\",\"name\":\"N\u00f6\u00f6pk\u00f5rvar\u00f5ngad teemantidega - Briljandid (1.00 ct)\",\"isPartOf\":{\"@id\":\"https:\/\/fashiongold.lt\/et\/#website\"},\"primaryImageOfPage\":{\"@id\":\"https:\/\/fashiongold.lt\/et\/papuosalas\/noopkorvarongad-teemantidega-briljandid-1-00-ct\/#primaryimage\"},\"image\":{\"@id\":\"https:\/\/fashiongold.lt\/et\/papuosalas\/noopkorvarongad-teemantidega-briljandid-1-00-ct\/#primaryimage\"},\"thumbnailUrl\":\"https:\/\/fashiongold.lt\/wp-content\/uploads\/2025\/10\/13858-2b3-balto-aukso-Auskarai-vinukai-su-deimantais-Briliantai-1.00-ct-2.png\",\"datePublished\":\"2025-10-23T07:52:07+00:00\",\"dateModified\":\"2026-02-11T20:24:44+00:00\",\"description\":\"Klassikalised kullast t\u00e4ppk\u00f5rvar\u00f5ngad teemantidega, mille kogukaal on 1,00 karaati. Sobivad igap\u00e4evaseks kandmiseks ja erilisteks puhkudeks, erakordse stiili saavutamiseks.\",\"breadcrumb\":{\"@id\":\"https:\/\/fashiongold.lt\/et\/papuosalas\/noopkorvarongad-teemantidega-briljandid-1-00-ct\/#breadcrumb\"},\"inLanguage\":\"et\",\"potentialAction\":[{\"@type\":\"ReadAction\",\"target\":[\"https:\/\/fashiongold.lt\/et\/papuosalas\/noopkorvarongad-teemantidega-briljandid-1-00-ct\/\"]}]},{\"@type\":\"ImageObject\",\"inLanguage\":\"et\",\"@id\":\"https:\/\/fashiongold.lt\/et\/papuosalas\/noopkorvarongad-teemantidega-briljandid-1-00-ct\/#primaryimage\",\"url\":\"https:\/\/fashiongold.lt\/wp-content\/uploads\/2025\/10\/13858-2b3-balto-aukso-Auskarai-vinukai-su-deimantais-Briliantai-1.00-ct-2.png\",\"contentUrl\":\"https:\/\/fashiongold.lt\/wp-content\/uploads\/2025\/10\/13858-2b3-balto-aukso-Auskarai-vinukai-su-deimantais-Briliantai-1.00-ct-2.png\",\"width\":1000,\"height\":1000},{\"@type\":\"BreadcrumbList\",\"@id\":\"https:\/\/fashiongold.lt\/et\/papuosalas\/noopkorvarongad-teemantidega-briljandid-1-00-ct\/#breadcrumb\",\"itemListElement\":[{\"@type\":\"ListItem\",\"position\":1,\"name\":\"Home\",\"item\":\"https:\/\/fashiongold.lt\/et\/\"},{\"@type\":\"ListItem\",\"position\":2,\"name\":\"Teemantide pood Fashiongold.lt\",\"item\":\"https:\/\/fashiongold.lt\/shop-2\/\"},{\"@type\":\"ListItem\",\"position\":3,\"name\":\"N\u00f6\u00f6pk\u00f5rvar\u00f5ngad teemantidega &#8211; Briljandid (1.00 ct)\"}]},{\"@type\":\"WebSite\",\"@id\":\"https:\/\/fashiongold.lt\/et\/#website\",\"url\":\"https:\/\/fashiongold.lt\/et\/\",\"name\":\"Fashion Gold\",\"description\":\"Juvelyrikos namai\",\"publisher\":{\"@id\":\"https:\/\/fashiongold.lt\/et\/#organization\"},\"potentialAction\":[{\"@type\":\"SearchAction\",\"target\":{\"@type\":\"EntryPoint\",\"urlTemplate\":\"https:\/\/fashiongold.lt\/et\/?s={search_term_string}\"},\"query-input\":{\"@type\":\"PropertyValueSpecification\",\"valueRequired\":true,\"valueName\":\"search_term_string\"}}],\"inLanguage\":\"et\"},{\"@type\":\"Organization\",\"@id\":\"https:\/\/fashiongold.lt\/et\/#organization\",\"name\":\"Topdiamonds Online\",\"url\":\"https:\/\/fashiongold.lt\/et\/\",\"logo\":{\"@type\":\"ImageObject\",\"inLanguage\":\"et\",\"@id\":\"https:\/\/fashiongold.lt\/et\/#\/schema\/logo\/image\/\",\"url\":\"https:\/\/fashiongold.lt\/wp-content\/uploads\/2025\/04\/cropped-fashion_gold_logotipas2-scaled-1.png\",\"contentUrl\":\"https:\/\/fashiongold.lt\/wp-content\/uploads\/2025\/04\/cropped-fashion_gold_logotipas2-scaled-1.png\",\"width\":2559,\"height\":421,\"caption\":\"Topdiamonds Online\"},\"image\":{\"@id\":\"https:\/\/fashiongold.lt\/et\/#\/schema\/logo\/image\/\"}}]}<\/script>\n<!-- \/ Yoast SEO plugin. -->","yoast_head_json":{"title":"N\u00f6\u00f6pk\u00f5rvar\u00f5ngad teemantidega - Briljandid (1.00 ct)","description":"Klassikalised kullast t\u00e4ppk\u00f5rvar\u00f5ngad teemantidega, mille kogukaal on 1,00 karaati. Sobivad igap\u00e4evaseks kandmiseks ja erilisteks puhkudeks, erakordse stiili saavutamiseks.","robots":{"index":"index","follow":"follow","max-snippet":"max-snippet:-1","max-image-preview":"max-image-preview:large","max-video-preview":"max-video-preview:-1"},"canonical":"https:\/\/fashiongold.lt\/et\/papuosalas\/noopkorvarongad-teemantidega-briljandid-1-00-ct\/","og_locale":"et_EE","og_type":"article","og_title":"N\u00f6\u00f6pk\u00f5rvar\u00f5ngad teemantidega - Briljandid (1.00 ct)","og_description":"Klassikalised kullast t\u00e4ppk\u00f5rvar\u00f5ngad teemantidega, mille kogukaal on 1,00 karaati. Sobivad igap\u00e4evaseks kandmiseks ja erilisteks puhkudeks, erakordse stiili saavutamiseks.","og_url":"https:\/\/fashiongold.lt\/et\/papuosalas\/noopkorvarongad-teemantidega-briljandid-1-00-ct\/","og_site_name":"FashionGold.lt","article_modified_time":"2026-02-11T20:24:44+00:00","og_image":[{"width":1000,"height":1000,"url":"https:\/\/fashiongold.lt\/wp-content\/uploads\/2025\/10\/13858-2b3-balto-aukso-Auskarai-vinukai-su-deimantais-Briliantai-1.00-ct-2.webp","type":"image\/png"}],"twitter_card":"summary_large_image","twitter_misc":{"Est. reading time":"1 minut"},"schema":{"@context":"https:\/\/schema.org","@graph":[{"@type":"WebPage","@id":"https:\/\/fashiongold.lt\/et\/papuosalas\/noopkorvarongad-teemantidega-briljandid-1-00-ct\/","url":"https:\/\/fashiongold.lt\/et\/papuosalas\/noopkorvarongad-teemantidega-briljandid-1-00-ct\/","name":"N\u00f6\u00f6pk\u00f5rvar\u00f5ngad teemantidega - Briljandid (1.00 ct)","isPartOf":{"@id":"https:\/\/fashiongold.lt\/et\/#website"},"primaryImageOfPage":{"@id":"https:\/\/fashiongold.lt\/et\/papuosalas\/noopkorvarongad-teemantidega-briljandid-1-00-ct\/#primaryimage"},"image":{"@id":"https:\/\/fashiongold.lt\/et\/papuosalas\/noopkorvarongad-teemantidega-briljandid-1-00-ct\/#primaryimage"},"thumbnailUrl":"https:\/\/fashiongold.lt\/wp-content\/uploads\/2025\/10\/13858-2b3-balto-aukso-Auskarai-vinukai-su-deimantais-Briliantai-1.00-ct-2.png","datePublished":"2025-10-23T07:52:07+00:00","dateModified":"2026-02-11T20:24:44+00:00","description":"Klassikalised kullast t\u00e4ppk\u00f5rvar\u00f5ngad teemantidega, mille kogukaal on 1,00 karaati. Sobivad igap\u00e4evaseks kandmiseks ja erilisteks puhkudeks, erakordse stiili saavutamiseks.","breadcrumb":{"@id":"https:\/\/fashiongold.lt\/et\/papuosalas\/noopkorvarongad-teemantidega-briljandid-1-00-ct\/#breadcrumb"},"inLanguage":"et","potentialAction":[{"@type":"ReadAction","target":["https:\/\/fashiongold.lt\/et\/papuosalas\/noopkorvarongad-teemantidega-briljandid-1-00-ct\/"]}]},{"@type":"ImageObject","inLanguage":"et","@id":"https:\/\/fashiongold.lt\/et\/papuosalas\/noopkorvarongad-teemantidega-briljandid-1-00-ct\/#primaryimage","url":"https:\/\/fashiongold.lt\/wp-content\/uploads\/2025\/10\/13858-2b3-balto-aukso-Auskarai-vinukai-su-deimantais-Briliantai-1.00-ct-2.png","contentUrl":"https:\/\/fashiongold.lt\/wp-content\/uploads\/2025\/10\/13858-2b3-balto-aukso-Auskarai-vinukai-su-deimantais-Briliantai-1.00-ct-2.png","width":1000,"height":1000},{"@type":"BreadcrumbList","@id":"https:\/\/fashiongold.lt\/et\/papuosalas\/noopkorvarongad-teemantidega-briljandid-1-00-ct\/#breadcrumb","itemListElement":[{"@type":"ListItem","position":1,"name":"Home","item":"https:\/\/fashiongold.lt\/et\/"},{"@type":"ListItem","position":2,"name":"Teemantide pood Fashiongold.lt","item":"https:\/\/fashiongold.lt\/shop-2\/"},{"@type":"ListItem","position":3,"name":"N\u00f6\u00f6pk\u00f5rvar\u00f5ngad teemantidega &#8211; Briljandid (1.00 ct)"}]},{"@type":"WebSite","@id":"https:\/\/fashiongold.lt\/et\/#website","url":"https:\/\/fashiongold.lt\/et\/","name":"Fashion Gold","description":"Juvelyrikos namai","publisher":{"@id":"https:\/\/fashiongold.lt\/et\/#organization"},"potentialAction":[{"@type":"SearchAction","target":{"@type":"EntryPoint","urlTemplate":"https:\/\/fashiongold.lt\/et\/?s={search_term_string}"},"query-input":{"@type":"PropertyValueSpecification","valueRequired":true,"valueName":"search_term_string"}}],"inLanguage":"et"},{"@type":"Organization","@id":"https:\/\/fashiongold.lt\/et\/#organization","name":"Topdiamonds Online","url":"https:\/\/fashiongold.lt\/et\/","logo":{"@type":"ImageObject","inLanguage":"et","@id":"https:\/\/fashiongold.lt\/et\/#\/schema\/logo\/image\/","url":"https:\/\/fashiongold.lt\/wp-content\/uploads\/2025\/04\/cropped-fashion_gold_logotipas2-scaled-1.png","contentUrl":"https:\/\/fashiongold.lt\/wp-content\/uploads\/2025\/04\/cropped-fashion_gold_logotipas2-scaled-1.png","width":2559,"height":421,"caption":"Topdiamonds Online"},"image":{"@id":"https:\/\/fashiongold.lt\/et\/#\/schema\/logo\/image\/"}}]}},"_links":{"self":[{"href":"https:\/\/fashiongold.lt\/et\/wp-json\/wp\/v2\/product\/279350","targetHints":{"allow":["GET"]}}],"collection":[{"href":"https:\/\/fashiongold.lt\/et\/wp-json\/wp\/v2\/product"}],"about":[{"href":"https:\/\/fashiongold.lt\/et\/wp-json\/wp\/v2\/types\/product"}],"version-history":[{"count":0,"href":"https:\/\/fashiongold.lt\/et\/wp-json\/wp\/v2\/product\/279350\/revisions"}],"wp:featuredmedia":[{"embeddable":true,"href":"https:\/\/fashiongold.lt\/et\/wp-json\/wp\/v2\/media\/215186"}],"wp:attachment":[{"href":"https:\/\/fashiongold.lt\/et\/wp-json\/wp\/v2\/media?parent=279350"}],"wp:term":[{"taxonomy":"product_brand","embeddable":true,"href":"https:\/\/fashiongold.lt\/et\/wp-json\/wp\/v2\/product_brand?post=279350"},{"taxonomy":"product_cat","embeddable":true,"href":"https:\/\/fashiongold.lt\/et\/wp-json\/wp\/v2\/product_cat?post=279350"},{"taxonomy":"product_tag","embeddable":true,"href":"https:\/\/fashiongold.lt\/et\/wp-json\/wp\/v2\/product_tag?post=279350"}],"curies":[{"name":"wp","href":"https:\/\/api.w.org\/{rel}","templated":true}]}}