{"id":279432,"date":"2025-10-17T11:10:08","date_gmt":"2025-10-17T11:10:08","guid":{"rendered":"https:\/\/fashiongold.lt\/papuosalas\/valgest-kullast-teemantkorvarongad-0116-ct\/"},"modified":"2026-02-11T20:19:08","modified_gmt":"2026-02-11T20:19:08","slug":"valgest-kullast-teemantkorvarongad-0116-ct","status":"publish","type":"product","link":"https:\/\/fashiongold.lt\/et\/papuosalas\/valgest-kullast-teemantkorvarongad-0116-ct\/","title":{"rendered":"Valgest kullast teemantk\u00f5rvar\u00f5ngad (0,116 ct)"},"content":{"rendered":"<h2>Valgest kullast teemantk\u00f5rvar\u00f5ngad (0,116 ct) \u2013 nelja kivi elegants, mis hiilgab peene luksusega.<\/h2>\n<h3>Neli t\u00e4pselt kinnitatud teemanti nendes k\u00f5rvar\u00f5ngastes moodustavad erilise kuju, mis meenutab \u00f5it v\u00f5i lille kroonlehte. Iga kivi peegeldub valge kulla s\u00e4ras, luues harmoonilise s\u00e4raefekti. See on rafineeritud disain, mis eristub oma originaalsuse ja erilise esteetika poolest.<\/h3>\n<p>Valmistatud Leedus, j\u00e4rgides k\u00f5rgeimaid juveelitootmise standardeid.<\/p>\n<p>\u2022 <a href=\"https:\/\/fashiongold.lt\/et\/patarimai-et\/kulla-proov-korvarongastele-kuidas-valida-kvaliteetseid-ja-vastupidavaid-ehteid\/\" target=\"_blank\" rel=\"noopener\"><strong>K\u00f5rvar\u00f5ngaste metall<\/strong><\/a>: 14K (proov 585);<\/p>\n<p>\u2022 <a href=\"https:\/\/fashiongold.lt\/et\/patarimai-et\/korvarongaste-kullavarv-valge-punane-ja-kollane-kuld-teemantidega\/\" target=\"_blank\" rel=\"noopener\"><strong>K\u00f5rvar\u00f5ngaste kulla v\u00e4rv<\/strong><\/a>: valge;<\/p>\n<p>\u2022 <a href=\"https:\/\/fashiongold.lt\/et\/patarimai-et\/teemantkorvarongad-taiuslikud-proportsioonid-kuidas-valida-ideaalsed\/\" target=\"_blank\" rel=\"noopener\"><strong>K\u00f5rvar\u00f5ngaste suurus<\/strong><\/a>: 3 x 3 mm;<\/p>\n<p>\u2022 <strong><a href=\"https:\/\/fashiongold.lt\/auskaru-aukso-svoris\/\" target=\"_blank\" rel=\"noopener\">K\u00f5rvar\u00f5ngaste kulla kaal<\/a><\/strong>: 0,76 g;<\/p>\n<p>\u2022 <strong><a href=\"https:\/\/fashiongold.lt\/et\/patarimai-et\/teemant-looduslik-laboris-kasvatatud-voi-kunstlik-kuidas-teha-oige-valik\/\" target=\"_blank\" rel=\"noopener\">Teemantide t\u00fc\u00fcp<\/a><\/strong>: Looduslikud teemandid;<\/p>\n<p>\u2022 <strong><a href=\"https:\/\/fashiongold.lt\/et\/patarimai-et\/teemant-teised-teemandi-kujud\/\" target=\"_blank\" rel=\"noopener\">Teemantide kuju<\/a><\/strong>: \u00dcmara lihviga (Round cut) teemandid;<\/p>\n<p>\u2022 <strong><a href=\"https:\/\/fashiongold.lt\/et\/patarimai-et\/teemant-kuidas-hinnatakse-koige-vaartuslikuma-vaariskivi-luksust\/\" target=\"_blank\" rel=\"noopener\">Teemantide omadused<\/a><\/strong>: 0,116 ct (0,0145 ct x 8) teemandid (v\u00e4rvus P, puhtus SI);<\/p>\n<p>\u2022 <strong><a href=\"https:\/\/fashiongold.lt\/et\/patarimai-et\/teemant-rubiin-safiir-smaragd-vaariskivide-sertifikaadid\/\" target=\"_blank\" rel=\"noopener\">Sertifikaat<\/a><\/strong>: Leedu Proovikoda (LPR) \u2013 AB382462;<\/p>\n<p>\u2022 <strong><a href=\"https:\/\/fashiongold.lt\/et\/tarne-ja-tagastamine\/\" target=\"_blank\" rel=\"noopener\">Tarneaeg<\/a><\/strong>: 1-4 t\u00f6\u00f6p\u00e4eva.<\/p>\n","protected":false},"excerpt":{"rendered":"<p data-start=\"673\" data-end=\"1164\">Need valgest kullast teemantk\u00f5rvar\u00f5ngad paistavad silma unikaalse nelja kivi disainiga, mis annab ehtele sarmikust ja rafineeritust. Iga teemant on hoolikalt kinnitatud nii, et selle s\u00e4ra p\u00e4\u00e4seks esile, ning nende s\u00fcmmeetriline kompositsioon loob peene luksuse tunnetuse. Valge kuld r\u00f5hutab teemantide s\u00e4ra ja tagab k\u00f5rvar\u00f5ngaste universaalsuse \u2013 need sobivad suurep\u00e4raselt igap\u00e4evase riietusega, kuid on ka muljetavaldavaks aktsendiks erilistel puhkudel.<\/p>\n","protected":false},"featured_media":232019,"template":"","meta":{"site-sidebar-layout":"default","site-content-layout":"","ast-site-content-layout":"default","site-content-style":"default","site-sidebar-style":"default","ast-global-header-display":"","ast-banner-title-visibility":"","ast-main-header-display":"","ast-hfb-above-header-display":"","ast-hfb-below-header-display":"","ast-hfb-mobile-header-display":"","site-post-title":"","ast-breadcrumbs-content":"","ast-featured-img":"","footer-sml-layout":"","ast-disable-related-posts":"","theme-transparent-header-meta":"default","adv-header-id-meta":"","stick-header-meta":"","header-above-stick-meta":"","header-main-stick-meta":"","header-below-stick-meta":"","astra-migrate-meta-layouts":"default","ast-page-background-enabled":"default","ast-page-background-meta":{"desktop":{"background-color":"var(--ast-global-color-4)","background-image":"","background-repeat":"repeat","background-position":"center center","background-size":"auto","background-attachment":"scroll","background-type":"","background-media":"","overlay-type":"","overlay-color":"","overlay-opacity":"","overlay-gradient":""},"tablet":{"background-color":"","background-image":"","background-repeat":"repeat","background-position":"center center","background-size":"auto","background-attachment":"scroll","background-type":"","background-media":"","overlay-type":"","overlay-color":"","overlay-opacity":"","overlay-gradient":""},"mobile":{"background-color":"","background-image":"","background-repeat":"repeat","background-position":"center center","background-size":"auto","background-attachment":"scroll","background-type":"","background-media":"","overlay-type":"","overlay-color":"","overlay-opacity":"","overlay-gradient":""}},"ast-content-background-meta":{"desktop":{"background-color":"var(--ast-global-color-5)","background-image":"","background-repeat":"repeat","background-position":"center center","background-size":"auto","background-attachment":"scroll","background-type":"","background-media":"","overlay-type":"","overlay-color":"","overlay-opacity":"","overlay-gradient":""},"tablet":{"background-color":"var(--ast-global-color-5)","background-image":"","background-repeat":"repeat","background-position":"center center","background-size":"auto","background-attachment":"scroll","background-type":"","background-media":"","overlay-type":"","overlay-color":"","overlay-opacity":"","overlay-gradient":""},"mobile":{"background-color":"var(--ast-global-color-5)","background-image":"","background-repeat":"repeat","background-position":"center center","background-size":"auto","background-attachment":"scroll","background-type":"","background-media":"","overlay-type":"","overlay-color":"","overlay-opacity":"","overlay-gradient":""}}},"product_brand":[],"product_cat":[3604,2966],"product_tag":[],"class_list":{"0":"post-279432","1":"product","2":"type-product","3":"status-publish","4":"has-post-thumbnail","6":"product_cat-teemandipood-kohapeal-olemas","7":"product_cat-teemantidega-korvarongad","8":"desktop-align-center","9":"tablet-align-left","10":"mobile-align-left","11":"ast-product-gallery-layout-horizontal-slider","12":"ast-product-single-variable","13":"ast-product-tabs-layout-accordion","14":"ast-qv-on-image","16":"first","17":"outofstock","18":"taxable","19":"shipping-taxable","20":"purchasable","21":"product-type-variable"},"yoast_head":"<!-- This site is optimized with the Yoast SEO plugin v26.6 - https:\/\/yoast.com\/wordpress\/plugins\/seo\/ -->\n<title>Valgest kullast teemantidega k\u00f5rvar\u00f5ngad (0,116 ct)<\/title>\n<meta name=\"description\" content=\"Valgest kullast teemantk\u00f5rvar\u00f5ngad \u2013 nelja kiviga disain, mis kiirgab elegantsi ja peent luksust. T\u00e4iuslik valik erakordsuse r\u00f5hutamiseks.\" \/>\n<meta name=\"robots\" content=\"index, follow, max-snippet:-1, max-image-preview:large, max-video-preview:-1\" \/>\n<link rel=\"canonical\" href=\"https:\/\/fashiongold.lt\/et\/papuosalas\/valgest-kullast-teemantkorvarongad-0116-ct\/\" \/>\n<meta property=\"og:locale\" content=\"et_EE\" \/>\n<meta property=\"og:type\" content=\"article\" \/>\n<meta property=\"og:title\" content=\"Valgest kullast teemantidega k\u00f5rvar\u00f5ngad (0,116 ct)\" \/>\n<meta property=\"og:description\" content=\"Valgest kullast teemantk\u00f5rvar\u00f5ngad \u2013 nelja kiviga disain, mis kiirgab elegantsi ja peent luksust. T\u00e4iuslik valik erakordsuse r\u00f5hutamiseks.\" \/>\n<meta property=\"og:url\" content=\"https:\/\/fashiongold.lt\/et\/papuosalas\/valgest-kullast-teemantkorvarongad-0116-ct\/\" \/>\n<meta property=\"og:site_name\" content=\"FashionGold.lt\" \/>\n<meta property=\"article:modified_time\" content=\"2026-02-11T20:19:08+00:00\" \/>\n<meta property=\"og:image\" content=\"https:\/\/fashiongold.lt\/wp-content\/uploads\/2025\/10\/024-balto-aukso-auskarai-su-deimantais.webp\" \/>\n\t<meta property=\"og:image:width\" content=\"2000\" \/>\n\t<meta property=\"og:image:height\" content=\"2000\" \/>\n\t<meta property=\"og:image:type\" content=\"image\/jpeg\" \/>\n<meta name=\"twitter:card\" content=\"summary_large_image\" \/>\n<meta name=\"twitter:label1\" content=\"Est. reading time\" \/>\n\t<meta name=\"twitter:data1\" content=\"1 minut\" \/>\n<script type=\"application\/ld+json\" class=\"yoast-schema-graph\">{\"@context\":\"https:\/\/schema.org\",\"@graph\":[{\"@type\":\"WebPage\",\"@id\":\"https:\/\/fashiongold.lt\/et\/papuosalas\/valgest-kullast-teemantkorvarongad-0116-ct\/\",\"url\":\"https:\/\/fashiongold.lt\/et\/papuosalas\/valgest-kullast-teemantkorvarongad-0116-ct\/\",\"name\":\"Valgest kullast teemantidega k\u00f5rvar\u00f5ngad (0,116 ct)\",\"isPartOf\":{\"@id\":\"https:\/\/fashiongold.lt\/et\/#website\"},\"primaryImageOfPage\":{\"@id\":\"https:\/\/fashiongold.lt\/et\/papuosalas\/valgest-kullast-teemantkorvarongad-0116-ct\/#primaryimage\"},\"image\":{\"@id\":\"https:\/\/fashiongold.lt\/et\/papuosalas\/valgest-kullast-teemantkorvarongad-0116-ct\/#primaryimage\"},\"thumbnailUrl\":\"https:\/\/fashiongold.lt\/wp-content\/uploads\/2025\/10\/024-balto-aukso-auskarai-su-deimantais.jpg\",\"datePublished\":\"2025-10-17T11:10:08+00:00\",\"dateModified\":\"2026-02-11T20:19:08+00:00\",\"description\":\"Valgest kullast teemantk\u00f5rvar\u00f5ngad \u2013 nelja kiviga disain, mis kiirgab elegantsi ja peent luksust. T\u00e4iuslik valik erakordsuse r\u00f5hutamiseks.\",\"breadcrumb\":{\"@id\":\"https:\/\/fashiongold.lt\/et\/papuosalas\/valgest-kullast-teemantkorvarongad-0116-ct\/#breadcrumb\"},\"inLanguage\":\"et\",\"potentialAction\":[{\"@type\":\"ReadAction\",\"target\":[\"https:\/\/fashiongold.lt\/et\/papuosalas\/valgest-kullast-teemantkorvarongad-0116-ct\/\"]}]},{\"@type\":\"ImageObject\",\"inLanguage\":\"et\",\"@id\":\"https:\/\/fashiongold.lt\/et\/papuosalas\/valgest-kullast-teemantkorvarongad-0116-ct\/#primaryimage\",\"url\":\"https:\/\/fashiongold.lt\/wp-content\/uploads\/2025\/10\/024-balto-aukso-auskarai-su-deimantais.jpg\",\"contentUrl\":\"https:\/\/fashiongold.lt\/wp-content\/uploads\/2025\/10\/024-balto-aukso-auskarai-su-deimantais.jpg\",\"width\":2000,\"height\":2000},{\"@type\":\"BreadcrumbList\",\"@id\":\"https:\/\/fashiongold.lt\/et\/papuosalas\/valgest-kullast-teemantkorvarongad-0116-ct\/#breadcrumb\",\"itemListElement\":[{\"@type\":\"ListItem\",\"position\":1,\"name\":\"Home\",\"item\":\"https:\/\/fashiongold.lt\/et\/\"},{\"@type\":\"ListItem\",\"position\":2,\"name\":\"Teemantide pood Fashiongold.lt\",\"item\":\"https:\/\/fashiongold.lt\/shop-2\/\"},{\"@type\":\"ListItem\",\"position\":3,\"name\":\"Valgest kullast teemantk\u00f5rvar\u00f5ngad (0,116 ct)\"}]},{\"@type\":\"WebSite\",\"@id\":\"https:\/\/fashiongold.lt\/et\/#website\",\"url\":\"https:\/\/fashiongold.lt\/et\/\",\"name\":\"Fashion Gold\",\"description\":\"Juvelyrikos namai\",\"publisher\":{\"@id\":\"https:\/\/fashiongold.lt\/et\/#organization\"},\"potentialAction\":[{\"@type\":\"SearchAction\",\"target\":{\"@type\":\"EntryPoint\",\"urlTemplate\":\"https:\/\/fashiongold.lt\/et\/?s={search_term_string}\"},\"query-input\":{\"@type\":\"PropertyValueSpecification\",\"valueRequired\":true,\"valueName\":\"search_term_string\"}}],\"inLanguage\":\"et\"},{\"@type\":\"Organization\",\"@id\":\"https:\/\/fashiongold.lt\/et\/#organization\",\"name\":\"Topdiamonds Online\",\"url\":\"https:\/\/fashiongold.lt\/et\/\",\"logo\":{\"@type\":\"ImageObject\",\"inLanguage\":\"et\",\"@id\":\"https:\/\/fashiongold.lt\/et\/#\/schema\/logo\/image\/\",\"url\":\"https:\/\/fashiongold.lt\/wp-content\/uploads\/2025\/04\/cropped-fashion_gold_logotipas2-scaled-1.png\",\"contentUrl\":\"https:\/\/fashiongold.lt\/wp-content\/uploads\/2025\/04\/cropped-fashion_gold_logotipas2-scaled-1.png\",\"width\":2559,\"height\":421,\"caption\":\"Topdiamonds Online\"},\"image\":{\"@id\":\"https:\/\/fashiongold.lt\/et\/#\/schema\/logo\/image\/\"}}]}<\/script>\n<!-- \/ Yoast SEO plugin. -->","yoast_head_json":{"title":"Valgest kullast teemantidega k\u00f5rvar\u00f5ngad (0,116 ct)","description":"Valgest kullast teemantk\u00f5rvar\u00f5ngad \u2013 nelja kiviga disain, mis kiirgab elegantsi ja peent luksust. T\u00e4iuslik valik erakordsuse r\u00f5hutamiseks.","robots":{"index":"index","follow":"follow","max-snippet":"max-snippet:-1","max-image-preview":"max-image-preview:large","max-video-preview":"max-video-preview:-1"},"canonical":"https:\/\/fashiongold.lt\/et\/papuosalas\/valgest-kullast-teemantkorvarongad-0116-ct\/","og_locale":"et_EE","og_type":"article","og_title":"Valgest kullast teemantidega k\u00f5rvar\u00f5ngad (0,116 ct)","og_description":"Valgest kullast teemantk\u00f5rvar\u00f5ngad \u2013 nelja kiviga disain, mis kiirgab elegantsi ja peent luksust. T\u00e4iuslik valik erakordsuse r\u00f5hutamiseks.","og_url":"https:\/\/fashiongold.lt\/et\/papuosalas\/valgest-kullast-teemantkorvarongad-0116-ct\/","og_site_name":"FashionGold.lt","article_modified_time":"2026-02-11T20:19:08+00:00","og_image":[{"width":2000,"height":2000,"url":"https:\/\/fashiongold.lt\/wp-content\/uploads\/2025\/10\/024-balto-aukso-auskarai-su-deimantais.webp","type":"image\/jpeg"}],"twitter_card":"summary_large_image","twitter_misc":{"Est. reading time":"1 minut"},"schema":{"@context":"https:\/\/schema.org","@graph":[{"@type":"WebPage","@id":"https:\/\/fashiongold.lt\/et\/papuosalas\/valgest-kullast-teemantkorvarongad-0116-ct\/","url":"https:\/\/fashiongold.lt\/et\/papuosalas\/valgest-kullast-teemantkorvarongad-0116-ct\/","name":"Valgest kullast teemantidega k\u00f5rvar\u00f5ngad (0,116 ct)","isPartOf":{"@id":"https:\/\/fashiongold.lt\/et\/#website"},"primaryImageOfPage":{"@id":"https:\/\/fashiongold.lt\/et\/papuosalas\/valgest-kullast-teemantkorvarongad-0116-ct\/#primaryimage"},"image":{"@id":"https:\/\/fashiongold.lt\/et\/papuosalas\/valgest-kullast-teemantkorvarongad-0116-ct\/#primaryimage"},"thumbnailUrl":"https:\/\/fashiongold.lt\/wp-content\/uploads\/2025\/10\/024-balto-aukso-auskarai-su-deimantais.jpg","datePublished":"2025-10-17T11:10:08+00:00","dateModified":"2026-02-11T20:19:08+00:00","description":"Valgest kullast teemantk\u00f5rvar\u00f5ngad \u2013 nelja kiviga disain, mis kiirgab elegantsi ja peent luksust. T\u00e4iuslik valik erakordsuse r\u00f5hutamiseks.","breadcrumb":{"@id":"https:\/\/fashiongold.lt\/et\/papuosalas\/valgest-kullast-teemantkorvarongad-0116-ct\/#breadcrumb"},"inLanguage":"et","potentialAction":[{"@type":"ReadAction","target":["https:\/\/fashiongold.lt\/et\/papuosalas\/valgest-kullast-teemantkorvarongad-0116-ct\/"]}]},{"@type":"ImageObject","inLanguage":"et","@id":"https:\/\/fashiongold.lt\/et\/papuosalas\/valgest-kullast-teemantkorvarongad-0116-ct\/#primaryimage","url":"https:\/\/fashiongold.lt\/wp-content\/uploads\/2025\/10\/024-balto-aukso-auskarai-su-deimantais.jpg","contentUrl":"https:\/\/fashiongold.lt\/wp-content\/uploads\/2025\/10\/024-balto-aukso-auskarai-su-deimantais.jpg","width":2000,"height":2000},{"@type":"BreadcrumbList","@id":"https:\/\/fashiongold.lt\/et\/papuosalas\/valgest-kullast-teemantkorvarongad-0116-ct\/#breadcrumb","itemListElement":[{"@type":"ListItem","position":1,"name":"Home","item":"https:\/\/fashiongold.lt\/et\/"},{"@type":"ListItem","position":2,"name":"Teemantide pood Fashiongold.lt","item":"https:\/\/fashiongold.lt\/shop-2\/"},{"@type":"ListItem","position":3,"name":"Valgest kullast teemantk\u00f5rvar\u00f5ngad (0,116 ct)"}]},{"@type":"WebSite","@id":"https:\/\/fashiongold.lt\/et\/#website","url":"https:\/\/fashiongold.lt\/et\/","name":"Fashion Gold","description":"Juvelyrikos namai","publisher":{"@id":"https:\/\/fashiongold.lt\/et\/#organization"},"potentialAction":[{"@type":"SearchAction","target":{"@type":"EntryPoint","urlTemplate":"https:\/\/fashiongold.lt\/et\/?s={search_term_string}"},"query-input":{"@type":"PropertyValueSpecification","valueRequired":true,"valueName":"search_term_string"}}],"inLanguage":"et"},{"@type":"Organization","@id":"https:\/\/fashiongold.lt\/et\/#organization","name":"Topdiamonds Online","url":"https:\/\/fashiongold.lt\/et\/","logo":{"@type":"ImageObject","inLanguage":"et","@id":"https:\/\/fashiongold.lt\/et\/#\/schema\/logo\/image\/","url":"https:\/\/fashiongold.lt\/wp-content\/uploads\/2025\/04\/cropped-fashion_gold_logotipas2-scaled-1.png","contentUrl":"https:\/\/fashiongold.lt\/wp-content\/uploads\/2025\/04\/cropped-fashion_gold_logotipas2-scaled-1.png","width":2559,"height":421,"caption":"Topdiamonds Online"},"image":{"@id":"https:\/\/fashiongold.lt\/et\/#\/schema\/logo\/image\/"}}]}},"_links":{"self":[{"href":"https:\/\/fashiongold.lt\/et\/wp-json\/wp\/v2\/product\/279432","targetHints":{"allow":["GET"]}}],"collection":[{"href":"https:\/\/fashiongold.lt\/et\/wp-json\/wp\/v2\/product"}],"about":[{"href":"https:\/\/fashiongold.lt\/et\/wp-json\/wp\/v2\/types\/product"}],"version-history":[{"count":0,"href":"https:\/\/fashiongold.lt\/et\/wp-json\/wp\/v2\/product\/279432\/revisions"}],"wp:featuredmedia":[{"embeddable":true,"href":"https:\/\/fashiongold.lt\/et\/wp-json\/wp\/v2\/media\/232019"}],"wp:attachment":[{"href":"https:\/\/fashiongold.lt\/et\/wp-json\/wp\/v2\/media?parent=279432"}],"wp:term":[{"taxonomy":"product_brand","embeddable":true,"href":"https:\/\/fashiongold.lt\/et\/wp-json\/wp\/v2\/product_brand?post=279432"},{"taxonomy":"product_cat","embeddable":true,"href":"https:\/\/fashiongold.lt\/et\/wp-json\/wp\/v2\/product_cat?post=279432"},{"taxonomy":"product_tag","embeddable":true,"href":"https:\/\/fashiongold.lt\/et\/wp-json\/wp\/v2\/product_tag?post=279432"}],"curies":[{"name":"wp","href":"https:\/\/api.w.org\/{rel}","templated":true}]}}