{"id":279845,"date":"2025-10-23T07:40:23","date_gmt":"2025-10-23T07:40:23","guid":{"rendered":"https:\/\/fashiongold.lt\/papuosalas\/morganiidid-kuldsed-tikkkorvarongad-morganiitide-ja-teemantidega-0-60-ct\/"},"modified":"2026-02-11T20:43:55","modified_gmt":"2026-02-11T20:43:55","slug":"morganiidid-kuldsed-tikkkorvarongad-morganiitide-ja-teemantidega-0-60-ct","status":"publish","type":"product","link":"https:\/\/fashiongold.lt\/et\/papuosalas\/morganiidid-kuldsed-tikkkorvarongad-morganiitide-ja-teemantidega-0-60-ct\/","title":{"rendered":"Morganiidid &#8211; kuldsed tikkk\u00f5rvar\u00f5ngad morganiitide ja teemantidega (0.60 ct)"},"content":{"rendered":"<h2>Kuldsed morganiitide ja teemantidega k\u00f5rvar\u00f5ngad-n\u00f6\u00f6bid &#8211;\u00a0 Morganiidid (0.60 ct)<\/h2>\n<h3>Halo-disainiga kuldsed morganiitidega k\u00f5rvar\u00f5ngad-n\u00f6\u00f6bid, padjakujulise lihviga morganiitide ja neid \u00fcmbritsevate teemantidega. Looduslikud teemandid. Padjakujulise lihviga morganiidid &#8211; 0.54 ct.<\/h3>\n<p>Valmistatud Saksamaal kvaliteetsetest v\u00e4\u00e4riskividest. Suurep\u00e4rane valik stiilsele naisele. Morganiidi imeline v\u00e4gi \u2013 see toimib hingelise tasakaalu talismanina. Arvatakse, et kivi t\u00f5mbab ligi \u00f5nne, aitab leida armastust ja paljastab peidetud talente, toob edu t\u00f6\u00f6s, loojatele \u2014 inspiratsiooni, see on kodu kaitseingel. Morganiit kaitseb negatiivse energeetilise m\u00f5ju &#8211; loitsude v\u00f5i kadeduse ja isegi \u00f5nnetuste eest. Morganiit sobib k\u00f5igile, kuid k\u00f5ige enam S\u00f5nnile, Skorpionile, Kaladele ja V\u00e4hile, Amburile, L\u00f5vile, Kaksikutele, Veevalajale, Kaaludele.<\/p>\n<p>\u2022 K\u00f5rvar\u00f5ngaste kuld: 18 karaati (proov 750)\u00a0<\/p>\n<p>\u2022 K\u00f5rvar\u00f5ngaste v\u00e4rvus: punane kuld\u00a0 \u00a0 \u00a0<\/p>\n<p>\u2022 K\u00f5rvar\u00f5ngaste kaal: umbes 1,30 -1,90 g\u00a0 \u00a0<\/p>\n<p>\u2022 Teemandi t\u00fc\u00fcp: Looduslik teemant\u00a0<\/p>\n<p>\u2022 Teemandi kuju: \u00dcmar kuju (Round cut)\u00a0<\/p>\n<p>\u2022 Teemandi omadused: 0,06 ct, v\u00e4rvus G-H (RW-W); puhtus SI\u00a0<\/p>\n<p>\u2022 Keskne kivi: padjakujulise lihviga morganiidid &#8211; 0.54 ct\u00a0 \u00a0<\/p>\n<p>\u2022 Sertifikaat: Leedu Proovikoda (LPR)\u00a0 \u00a0<\/p>\n<p>\u2022 K\u00f5rvar\u00f5ngaste m\u00f5\u00f5tmed: h:6,2 mm, w:6,2 mm, th:3,9 mm<\/p>\n<p>\u2022 Graveerimine tasuta\u00a0<\/p>\n<p>\u2022 \u00dchekordne tasuta s\u00f5rmuse suuruse muutmise garantii\u00a0<\/p>\n<p>\u2022 Valmistamis- ja tarneaeg alates 21 t\u00f6\u00f6p\u00e4evast, kiirtellimusena 3 t\u00f6\u00f6p\u00e4eva jooksul.\u00a0<\/p>\n<p><strong>Teil on oma kulda? V\u00f5tke \u00fchendust, arvutame hinna \u00fcmber &#8211; maksate ainult k\u00f5rvar\u00f5ngaste valmistamise eest.<\/strong><\/p>\n","protected":false},"excerpt":{"rendered":"<p>Halo-disainiga kuldsed n\u00f6\u00f6pk\u00f5rvar\u00f5ngad padjakujuliste morganiitide ja morganiiti \u00fcmbritsevate teemantidega. Sobivad nii igap\u00e4evaseks kandmiseks kui ka erilisteks puhkudeks, pakkudes eksklusiivset stiili.<\/p>\n","protected":false},"featured_media":240283,"template":"","meta":{"site-sidebar-layout":"","site-content-layout":"","ast-site-content-layout":"","site-content-style":"","site-sidebar-style":"","ast-global-header-display":"","ast-banner-title-visibility":"","ast-main-header-display":"","ast-hfb-above-header-display":"","ast-hfb-below-header-display":"","ast-hfb-mobile-header-display":"","site-post-title":"","ast-breadcrumbs-content":"","ast-featured-img":"","footer-sml-layout":"","ast-disable-related-posts":"","theme-transparent-header-meta":"","adv-header-id-meta":"","stick-header-meta":"","header-above-stick-meta":"","header-main-stick-meta":"","header-below-stick-meta":"","astra-migrate-meta-layouts":"default","ast-page-background-enabled":"default","ast-page-background-meta":{"desktop":{"background-color":"var(--ast-global-color-4)","background-image":"","background-repeat":"repeat","background-position":"center center","background-size":"auto","background-attachment":"scroll","background-type":"","background-media":"","overlay-type":"","overlay-color":"","overlay-opacity":"","overlay-gradient":""},"tablet":{"background-color":"","background-image":"","background-repeat":"repeat","background-position":"center center","background-size":"auto","background-attachment":"scroll","background-type":"","background-media":"","overlay-type":"","overlay-color":"","overlay-opacity":"","overlay-gradient":""},"mobile":{"background-color":"","background-image":"","background-repeat":"repeat","background-position":"center center","background-size":"auto","background-attachment":"scroll","background-type":"","background-media":"","overlay-type":"","overlay-color":"","overlay-opacity":"","overlay-gradient":""}},"ast-content-background-meta":{"desktop":{"background-color":"var(--ast-global-color-5)","background-image":"","background-repeat":"repeat","background-position":"center center","background-size":"auto","background-attachment":"scroll","background-type":"","background-media":"","overlay-type":"","overlay-color":"","overlay-opacity":"","overlay-gradient":""},"tablet":{"background-color":"var(--ast-global-color-5)","background-image":"","background-repeat":"repeat","background-position":"center center","background-size":"auto","background-attachment":"scroll","background-type":"","background-media":"","overlay-type":"","overlay-color":"","overlay-opacity":"","overlay-gradient":""},"mobile":{"background-color":"var(--ast-global-color-5)","background-image":"","background-repeat":"repeat","background-position":"center center","background-size":"auto","background-attachment":"scroll","background-type":"","background-media":"","overlay-type":"","overlay-color":"","overlay-opacity":"","overlay-gradient":""}}},"product_brand":[],"product_cat":[3058,2830,2826,2829,2823,2828,2822,2824,3392,2821,2969,3536,2846,2967,3391,3502,2845,2966,2968],"product_tag":[],"class_list":{"0":"post-279845","1":"product","2":"type-product","3":"status-publish","4":"has-post-thumbnail","6":"product_cat-ehted","7":"product_cat-emadepaeva-kingitused","8":"product_cat-joulukingid","9":"product_cat-kingitused-erilisteks-puhkudeks","10":"product_cat-kingitused-lapse-sunni-puhul","11":"product_cat-kingitused-lopetamise-puhul","12":"product_cat-kingitused-naistele","13":"product_cat-kingitused-pulma-aastapaeva-puhul","14":"product_cat-kingitused-pulmade-puhul","15":"product_cat-kingitused-sunnipaevaks","16":"product_cat-naelkorvarongad","17":"product_cat-pidulikud-korvarongad","18":"product_cat-poolvaariskividega-ehted","19":"product_cat-punasest-kullast-ehted","20":"product_cat-ristimiskingitused","21":"product_cat-roosipulm-10-aastat","22":"product_cat-sobrapaeva-kingitused","23":"product_cat-teemantidega-korvarongad","24":"product_cat-vaariskividega-korvarongad","25":"desktop-align-center","26":"tablet-align-left","27":"mobile-align-left","28":"ast-product-gallery-layout-horizontal-slider","29":"ast-product-gallery-with-no-image","30":"ast-product-tabs-layout-accordion","31":"ast-qv-on-image","33":"first","34":"instock","35":"taxable","36":"shipping-taxable","37":"purchasable","38":"product-type-simple"},"yoast_head":"<!-- This site is optimized with the Yoast SEO plugin v26.6 - https:\/\/yoast.com\/wordpress\/plugins\/seo\/ -->\n<title>N\u00f5elk\u00f5rvar\u00f5ngad morganiitide ja teemantidega (0.60 ct)<\/title>\n<meta name=\"description\" content=\"Halo-disainiga kullast n\u00f6\u00f6pk\u00f5rvar\u00f5ngad padjakujuliste morganiitide ja morganiiti \u00fcmbritsevate teemantidega. Sobivad igap\u00e4evaseks kandmiseks ja erilisteks puhkudeks, silmapaistva stiili saavutamiseks.\" \/>\n<meta name=\"robots\" content=\"index, follow, max-snippet:-1, max-image-preview:large, max-video-preview:-1\" \/>\n<link rel=\"canonical\" href=\"https:\/\/fashiongold.lt\/et\/papuosalas\/morganiidid-kuldsed-tikkkorvarongad-morganiitide-ja-teemantidega-0-60-ct\/\" \/>\n<meta property=\"og:locale\" content=\"et_EE\" \/>\n<meta property=\"og:type\" content=\"article\" \/>\n<meta property=\"og:title\" content=\"N\u00f5elk\u00f5rvar\u00f5ngad morganiitide ja teemantidega (0.60 ct)\" \/>\n<meta property=\"og:description\" content=\"Halo-disainiga kullast n\u00f6\u00f6pk\u00f5rvar\u00f5ngad padjakujuliste morganiitide ja morganiiti \u00fcmbritsevate teemantidega. Sobivad igap\u00e4evaseks kandmiseks ja erilisteks puhkudeks, silmapaistva stiili saavutamiseks.\" \/>\n<meta property=\"og:url\" content=\"https:\/\/fashiongold.lt\/et\/papuosalas\/morganiidid-kuldsed-tikkkorvarongad-morganiitide-ja-teemantidega-0-60-ct\/\" \/>\n<meta property=\"og:site_name\" content=\"FashionGold.lt\" \/>\n<meta property=\"article:modified_time\" content=\"2026-02-11T20:43:55+00:00\" \/>\n<meta property=\"og:image\" content=\"https:\/\/fashiongold.lt\/wp-content\/uploads\/2025\/10\/13386-e13-Morganitai-auksiniai-auskarai-vinukai-su-morganitais-ir-deimantais-0.60-ct.webp\" \/>\n\t<meta property=\"og:image:width\" content=\"770\" \/>\n\t<meta property=\"og:image:height\" content=\"754\" \/>\n\t<meta property=\"og:image:type\" content=\"image\/png\" \/>\n<meta name=\"twitter:card\" content=\"summary_large_image\" \/>\n<meta name=\"twitter:label1\" content=\"Est. reading time\" \/>\n\t<meta name=\"twitter:data1\" content=\"1 minut\" \/>\n<script type=\"application\/ld+json\" class=\"yoast-schema-graph\">{\"@context\":\"https:\/\/schema.org\",\"@graph\":[{\"@type\":\"WebPage\",\"@id\":\"https:\/\/fashiongold.lt\/et\/papuosalas\/morganiidid-kuldsed-tikkkorvarongad-morganiitide-ja-teemantidega-0-60-ct\/\",\"url\":\"https:\/\/fashiongold.lt\/et\/papuosalas\/morganiidid-kuldsed-tikkkorvarongad-morganiitide-ja-teemantidega-0-60-ct\/\",\"name\":\"N\u00f5elk\u00f5rvar\u00f5ngad morganiitide ja teemantidega (0.60 ct)\",\"isPartOf\":{\"@id\":\"https:\/\/fashiongold.lt\/et\/#website\"},\"primaryImageOfPage\":{\"@id\":\"https:\/\/fashiongold.lt\/et\/papuosalas\/morganiidid-kuldsed-tikkkorvarongad-morganiitide-ja-teemantidega-0-60-ct\/#primaryimage\"},\"image\":{\"@id\":\"https:\/\/fashiongold.lt\/et\/papuosalas\/morganiidid-kuldsed-tikkkorvarongad-morganiitide-ja-teemantidega-0-60-ct\/#primaryimage\"},\"thumbnailUrl\":\"https:\/\/fashiongold.lt\/wp-content\/uploads\/2025\/10\/13386-e13-Morganitai-auksiniai-auskarai-vinukai-su-morganitais-ir-deimantais-0.60-ct.png\",\"datePublished\":\"2025-10-23T07:40:23+00:00\",\"dateModified\":\"2026-02-11T20:43:55+00:00\",\"description\":\"Halo-disainiga kullast n\u00f6\u00f6pk\u00f5rvar\u00f5ngad padjakujuliste morganiitide ja morganiiti \u00fcmbritsevate teemantidega. Sobivad igap\u00e4evaseks kandmiseks ja erilisteks puhkudeks, silmapaistva stiili saavutamiseks.\",\"breadcrumb\":{\"@id\":\"https:\/\/fashiongold.lt\/et\/papuosalas\/morganiidid-kuldsed-tikkkorvarongad-morganiitide-ja-teemantidega-0-60-ct\/#breadcrumb\"},\"inLanguage\":\"et\",\"potentialAction\":[{\"@type\":\"ReadAction\",\"target\":[\"https:\/\/fashiongold.lt\/et\/papuosalas\/morganiidid-kuldsed-tikkkorvarongad-morganiitide-ja-teemantidega-0-60-ct\/\"]}]},{\"@type\":\"ImageObject\",\"inLanguage\":\"et\",\"@id\":\"https:\/\/fashiongold.lt\/et\/papuosalas\/morganiidid-kuldsed-tikkkorvarongad-morganiitide-ja-teemantidega-0-60-ct\/#primaryimage\",\"url\":\"https:\/\/fashiongold.lt\/wp-content\/uploads\/2025\/10\/13386-e13-Morganitai-auksiniai-auskarai-vinukai-su-morganitais-ir-deimantais-0.60-ct.png\",\"contentUrl\":\"https:\/\/fashiongold.lt\/wp-content\/uploads\/2025\/10\/13386-e13-Morganitai-auksiniai-auskarai-vinukai-su-morganitais-ir-deimantais-0.60-ct.png\",\"width\":770,\"height\":754},{\"@type\":\"BreadcrumbList\",\"@id\":\"https:\/\/fashiongold.lt\/et\/papuosalas\/morganiidid-kuldsed-tikkkorvarongad-morganiitide-ja-teemantidega-0-60-ct\/#breadcrumb\",\"itemListElement\":[{\"@type\":\"ListItem\",\"position\":1,\"name\":\"Home\",\"item\":\"https:\/\/fashiongold.lt\/et\/\"},{\"@type\":\"ListItem\",\"position\":2,\"name\":\"Teemantide pood Fashiongold.lt\",\"item\":\"https:\/\/fashiongold.lt\/shop-2\/\"},{\"@type\":\"ListItem\",\"position\":3,\"name\":\"Morganiidid &#8211; kuldsed tikkk\u00f5rvar\u00f5ngad morganiitide ja teemantidega (0.60 ct)\"}]},{\"@type\":\"WebSite\",\"@id\":\"https:\/\/fashiongold.lt\/et\/#website\",\"url\":\"https:\/\/fashiongold.lt\/et\/\",\"name\":\"Fashion Gold\",\"description\":\"Juvelyrikos namai\",\"publisher\":{\"@id\":\"https:\/\/fashiongold.lt\/et\/#organization\"},\"potentialAction\":[{\"@type\":\"SearchAction\",\"target\":{\"@type\":\"EntryPoint\",\"urlTemplate\":\"https:\/\/fashiongold.lt\/et\/?s={search_term_string}\"},\"query-input\":{\"@type\":\"PropertyValueSpecification\",\"valueRequired\":true,\"valueName\":\"search_term_string\"}}],\"inLanguage\":\"et\"},{\"@type\":\"Organization\",\"@id\":\"https:\/\/fashiongold.lt\/et\/#organization\",\"name\":\"Topdiamonds Online\",\"url\":\"https:\/\/fashiongold.lt\/et\/\",\"logo\":{\"@type\":\"ImageObject\",\"inLanguage\":\"et\",\"@id\":\"https:\/\/fashiongold.lt\/et\/#\/schema\/logo\/image\/\",\"url\":\"https:\/\/fashiongold.lt\/wp-content\/uploads\/2025\/04\/cropped-fashion_gold_logotipas2-scaled-1.png\",\"contentUrl\":\"https:\/\/fashiongold.lt\/wp-content\/uploads\/2025\/04\/cropped-fashion_gold_logotipas2-scaled-1.png\",\"width\":2559,\"height\":421,\"caption\":\"Topdiamonds Online\"},\"image\":{\"@id\":\"https:\/\/fashiongold.lt\/et\/#\/schema\/logo\/image\/\"}}]}<\/script>\n<!-- \/ Yoast SEO plugin. -->","yoast_head_json":{"title":"N\u00f5elk\u00f5rvar\u00f5ngad morganiitide ja teemantidega (0.60 ct)","description":"Halo-disainiga kullast n\u00f6\u00f6pk\u00f5rvar\u00f5ngad padjakujuliste morganiitide ja morganiiti \u00fcmbritsevate teemantidega. Sobivad igap\u00e4evaseks kandmiseks ja erilisteks puhkudeks, silmapaistva stiili saavutamiseks.","robots":{"index":"index","follow":"follow","max-snippet":"max-snippet:-1","max-image-preview":"max-image-preview:large","max-video-preview":"max-video-preview:-1"},"canonical":"https:\/\/fashiongold.lt\/et\/papuosalas\/morganiidid-kuldsed-tikkkorvarongad-morganiitide-ja-teemantidega-0-60-ct\/","og_locale":"et_EE","og_type":"article","og_title":"N\u00f5elk\u00f5rvar\u00f5ngad morganiitide ja teemantidega (0.60 ct)","og_description":"Halo-disainiga kullast n\u00f6\u00f6pk\u00f5rvar\u00f5ngad padjakujuliste morganiitide ja morganiiti \u00fcmbritsevate teemantidega. Sobivad igap\u00e4evaseks kandmiseks ja erilisteks puhkudeks, silmapaistva stiili saavutamiseks.","og_url":"https:\/\/fashiongold.lt\/et\/papuosalas\/morganiidid-kuldsed-tikkkorvarongad-morganiitide-ja-teemantidega-0-60-ct\/","og_site_name":"FashionGold.lt","article_modified_time":"2026-02-11T20:43:55+00:00","og_image":[{"width":770,"height":754,"url":"https:\/\/fashiongold.lt\/wp-content\/uploads\/2025\/10\/13386-e13-Morganitai-auksiniai-auskarai-vinukai-su-morganitais-ir-deimantais-0.60-ct.webp","type":"image\/png"}],"twitter_card":"summary_large_image","twitter_misc":{"Est. reading time":"1 minut"},"schema":{"@context":"https:\/\/schema.org","@graph":[{"@type":"WebPage","@id":"https:\/\/fashiongold.lt\/et\/papuosalas\/morganiidid-kuldsed-tikkkorvarongad-morganiitide-ja-teemantidega-0-60-ct\/","url":"https:\/\/fashiongold.lt\/et\/papuosalas\/morganiidid-kuldsed-tikkkorvarongad-morganiitide-ja-teemantidega-0-60-ct\/","name":"N\u00f5elk\u00f5rvar\u00f5ngad morganiitide ja teemantidega (0.60 ct)","isPartOf":{"@id":"https:\/\/fashiongold.lt\/et\/#website"},"primaryImageOfPage":{"@id":"https:\/\/fashiongold.lt\/et\/papuosalas\/morganiidid-kuldsed-tikkkorvarongad-morganiitide-ja-teemantidega-0-60-ct\/#primaryimage"},"image":{"@id":"https:\/\/fashiongold.lt\/et\/papuosalas\/morganiidid-kuldsed-tikkkorvarongad-morganiitide-ja-teemantidega-0-60-ct\/#primaryimage"},"thumbnailUrl":"https:\/\/fashiongold.lt\/wp-content\/uploads\/2025\/10\/13386-e13-Morganitai-auksiniai-auskarai-vinukai-su-morganitais-ir-deimantais-0.60-ct.png","datePublished":"2025-10-23T07:40:23+00:00","dateModified":"2026-02-11T20:43:55+00:00","description":"Halo-disainiga kullast n\u00f6\u00f6pk\u00f5rvar\u00f5ngad padjakujuliste morganiitide ja morganiiti \u00fcmbritsevate teemantidega. Sobivad igap\u00e4evaseks kandmiseks ja erilisteks puhkudeks, silmapaistva stiili saavutamiseks.","breadcrumb":{"@id":"https:\/\/fashiongold.lt\/et\/papuosalas\/morganiidid-kuldsed-tikkkorvarongad-morganiitide-ja-teemantidega-0-60-ct\/#breadcrumb"},"inLanguage":"et","potentialAction":[{"@type":"ReadAction","target":["https:\/\/fashiongold.lt\/et\/papuosalas\/morganiidid-kuldsed-tikkkorvarongad-morganiitide-ja-teemantidega-0-60-ct\/"]}]},{"@type":"ImageObject","inLanguage":"et","@id":"https:\/\/fashiongold.lt\/et\/papuosalas\/morganiidid-kuldsed-tikkkorvarongad-morganiitide-ja-teemantidega-0-60-ct\/#primaryimage","url":"https:\/\/fashiongold.lt\/wp-content\/uploads\/2025\/10\/13386-e13-Morganitai-auksiniai-auskarai-vinukai-su-morganitais-ir-deimantais-0.60-ct.png","contentUrl":"https:\/\/fashiongold.lt\/wp-content\/uploads\/2025\/10\/13386-e13-Morganitai-auksiniai-auskarai-vinukai-su-morganitais-ir-deimantais-0.60-ct.png","width":770,"height":754},{"@type":"BreadcrumbList","@id":"https:\/\/fashiongold.lt\/et\/papuosalas\/morganiidid-kuldsed-tikkkorvarongad-morganiitide-ja-teemantidega-0-60-ct\/#breadcrumb","itemListElement":[{"@type":"ListItem","position":1,"name":"Home","item":"https:\/\/fashiongold.lt\/et\/"},{"@type":"ListItem","position":2,"name":"Teemantide pood Fashiongold.lt","item":"https:\/\/fashiongold.lt\/shop-2\/"},{"@type":"ListItem","position":3,"name":"Morganiidid &#8211; kuldsed tikkk\u00f5rvar\u00f5ngad morganiitide ja teemantidega (0.60 ct)"}]},{"@type":"WebSite","@id":"https:\/\/fashiongold.lt\/et\/#website","url":"https:\/\/fashiongold.lt\/et\/","name":"Fashion Gold","description":"Juvelyrikos namai","publisher":{"@id":"https:\/\/fashiongold.lt\/et\/#organization"},"potentialAction":[{"@type":"SearchAction","target":{"@type":"EntryPoint","urlTemplate":"https:\/\/fashiongold.lt\/et\/?s={search_term_string}"},"query-input":{"@type":"PropertyValueSpecification","valueRequired":true,"valueName":"search_term_string"}}],"inLanguage":"et"},{"@type":"Organization","@id":"https:\/\/fashiongold.lt\/et\/#organization","name":"Topdiamonds Online","url":"https:\/\/fashiongold.lt\/et\/","logo":{"@type":"ImageObject","inLanguage":"et","@id":"https:\/\/fashiongold.lt\/et\/#\/schema\/logo\/image\/","url":"https:\/\/fashiongold.lt\/wp-content\/uploads\/2025\/04\/cropped-fashion_gold_logotipas2-scaled-1.png","contentUrl":"https:\/\/fashiongold.lt\/wp-content\/uploads\/2025\/04\/cropped-fashion_gold_logotipas2-scaled-1.png","width":2559,"height":421,"caption":"Topdiamonds Online"},"image":{"@id":"https:\/\/fashiongold.lt\/et\/#\/schema\/logo\/image\/"}}]}},"_links":{"self":[{"href":"https:\/\/fashiongold.lt\/et\/wp-json\/wp\/v2\/product\/279845","targetHints":{"allow":["GET"]}}],"collection":[{"href":"https:\/\/fashiongold.lt\/et\/wp-json\/wp\/v2\/product"}],"about":[{"href":"https:\/\/fashiongold.lt\/et\/wp-json\/wp\/v2\/types\/product"}],"version-history":[{"count":0,"href":"https:\/\/fashiongold.lt\/et\/wp-json\/wp\/v2\/product\/279845\/revisions"}],"wp:featuredmedia":[{"embeddable":true,"href":"https:\/\/fashiongold.lt\/et\/wp-json\/wp\/v2\/media\/240283"}],"wp:attachment":[{"href":"https:\/\/fashiongold.lt\/et\/wp-json\/wp\/v2\/media?parent=279845"}],"wp:term":[{"taxonomy":"product_brand","embeddable":true,"href":"https:\/\/fashiongold.lt\/et\/wp-json\/wp\/v2\/product_brand?post=279845"},{"taxonomy":"product_cat","embeddable":true,"href":"https:\/\/fashiongold.lt\/et\/wp-json\/wp\/v2\/product_cat?post=279845"},{"taxonomy":"product_tag","embeddable":true,"href":"https:\/\/fashiongold.lt\/et\/wp-json\/wp\/v2\/product_tag?post=279845"}],"curies":[{"name":"wp","href":"https:\/\/api.w.org\/{rel}","templated":true}]}}