{"id":279882,"date":"2025-10-23T07:36:48","date_gmt":"2025-10-23T07:36:48","guid":{"rendered":"https:\/\/fashiongold.lt\/papuosalas\/mandariintsitriinid-padjakujuliste-tsitriinide-ja-teemantidega-korvarongad-9-46-ct\/"},"modified":"2026-02-11T20:44:05","modified_gmt":"2026-02-11T20:44:05","slug":"mandariintsitriinid-padjakujuliste-tsitriinide-ja-teemantidega-korvarongad-9-46-ct","status":"publish","type":"product","link":"https:\/\/fashiongold.lt\/et\/papuosalas\/mandariintsitriinid-padjakujuliste-tsitriinide-ja-teemantidega-korvarongad-9-46-ct\/","title":{"rendered":"Mandariintsitriinid \u2013 padjakujuliste tsitriinide ja teemantidega k\u00f5rvar\u00f5ngad (9.46 ct)"},"content":{"rendered":"<h2>Mandariintsitriinid \u2013 padjakujuliste tsitriinide ja teemantidega k\u00f5rvar\u00f5ngad (9,46 ct)<\/h2>\n<h3>Halo-disainiga inglise lukuga kuldk\u00f5rvar\u00f5ngad 9,10-karatiste padjakujuliste mandariintsitriinide ja teemantidega.<\/h3>\n<p>Valmistatud Saksamaal kvaliteetsetest v\u00e4\u00e4riskividest. Suurep\u00e4rane valik stiilsele naisele. Tsitriini maagiline j\u00f5ud \u2013 toimib amuleti v\u00f5i talismanina, mis t\u00f5mbab ligi \u00f5nne, rikkust ja headust. Tsitriin sobib J\u00e4\u00e4rale, Kaksikutele, Neitsile, Kaaludele ja L\u00f5vile.<\/p>\n<p>\u2022 K\u00f5rvar\u00f5ngaste kuld: 18 karaati (proov 750)<\/p>\n<p>\u2022 K\u00f5rvar\u00f5ngaste v\u00e4rvus: kollane kuld<\/p>\n<p>\u2022 K\u00f5rvar\u00f5ngaste kaal: umbes 4,20\u20134,50 g<\/p>\n<p>\u2022 Teemandi t\u00fc\u00fcp: Looduslik teemant<\/p>\n<p>\u2022 Teemandi kuju: \u00dcmar lihv (Round cut)<\/p>\n<p>\u2022 Teemandi omadused: 0,36 ct, v\u00e4rvus G-H (RW-W); puhtus SI<\/p>\n<p>\u2022 Keskne kivi: padjakujulised tsitriinid \u2013 9,10 ct<\/p>\n<p>\u2022 Sertifikaat: Leedu Proovikoda (LPR)<\/p>\n<p>\u2022 M\u00f5\u00f5tmed: h: 26,0 mm x 13,40 th: 6,90 mm<\/p>\n<p>\u2022 Tasuta graveerimine<\/p>\n<p>\u2022 \u00dchekordne tasuta s\u00f5rmuse suuruse muutmise garantii<\/p>\n<p>\u2022 Tootmis- ja tarneaeg alates 21 t\u00f6\u00f6p\u00e4evast, kiirtellimusel 3 t\u00f6\u00f6p\u00e4eva jooksul.<\/p>\n<p><strong>Kas teil on oma kulda? V\u00f5tke \u00fchendust, arvutame hinna \u00fcmber \u2013 maksate ainult k\u00f5rvar\u00f5ngaste valmistamise eest.<\/strong><\/p>\n","protected":false},"excerpt":{"rendered":"<p>Halo-disainiga kuldk\u00f5rvar\u00f5ngad inglise lukuga, 9,10-karaadiste padjakujuliste mandariintsitriinide ja teemantidega. Sobivad igap\u00e4evaseks kandmiseks ja erilisteks puhkudeks, pakkudes silmapaistvat stiili.<\/p>\n","protected":false},"featured_media":239732,"template":"","meta":{"site-sidebar-layout":"","site-content-layout":"","ast-site-content-layout":"","site-content-style":"","site-sidebar-style":"","ast-global-header-display":"","ast-banner-title-visibility":"","ast-main-header-display":"","ast-hfb-above-header-display":"","ast-hfb-below-header-display":"","ast-hfb-mobile-header-display":"","site-post-title":"","ast-breadcrumbs-content":"","ast-featured-img":"","footer-sml-layout":"","ast-disable-related-posts":"","theme-transparent-header-meta":"","adv-header-id-meta":"","stick-header-meta":"","header-above-stick-meta":"","header-main-stick-meta":"","header-below-stick-meta":"","astra-migrate-meta-layouts":"default","ast-page-background-enabled":"default","ast-page-background-meta":{"desktop":{"background-color":"var(--ast-global-color-4)","background-image":"","background-repeat":"repeat","background-position":"center center","background-size":"auto","background-attachment":"scroll","background-type":"","background-media":"","overlay-type":"","overlay-color":"","overlay-opacity":"","overlay-gradient":""},"tablet":{"background-color":"","background-image":"","background-repeat":"repeat","background-position":"center center","background-size":"auto","background-attachment":"scroll","background-type":"","background-media":"","overlay-type":"","overlay-color":"","overlay-opacity":"","overlay-gradient":""},"mobile":{"background-color":"","background-image":"","background-repeat":"repeat","background-position":"center center","background-size":"auto","background-attachment":"scroll","background-type":"","background-media":"","overlay-type":"","overlay-color":"","overlay-opacity":"","overlay-gradient":""}},"ast-content-background-meta":{"desktop":{"background-color":"var(--ast-global-color-5)","background-image":"","background-repeat":"repeat","background-position":"center center","background-size":"auto","background-attachment":"scroll","background-type":"","background-media":"","overlay-type":"","overlay-color":"","overlay-opacity":"","overlay-gradient":""},"tablet":{"background-color":"var(--ast-global-color-5)","background-image":"","background-repeat":"repeat","background-position":"center center","background-size":"auto","background-attachment":"scroll","background-type":"","background-media":"","overlay-type":"","overlay-color":"","overlay-opacity":"","overlay-gradient":""},"mobile":{"background-color":"var(--ast-global-color-5)","background-image":"","background-repeat":"repeat","background-position":"center center","background-size":"auto","background-attachment":"scroll","background-type":"","background-media":"","overlay-type":"","overlay-color":"","overlay-opacity":"","overlay-gradient":""}}},"product_brand":[],"product_cat":[3058,2830,3615,2826,2829,2823,2828,2822,2824,3392,2821,3536,2846,3391,2845,2966,2968],"product_tag":[],"class_list":{"0":"post-279882","1":"product","2":"type-product","3":"status-publish","4":"has-post-thumbnail","6":"product_cat-ehted","7":"product_cat-emadepaeva-kingitused","8":"product_cat-inglise-lukuga-korvarongad","9":"product_cat-joulukingid","10":"product_cat-kingitused-erilisteks-puhkudeks","11":"product_cat-kingitused-lapse-sunni-puhul","12":"product_cat-kingitused-lopetamise-puhul","13":"product_cat-kingitused-naistele","14":"product_cat-kingitused-pulma-aastapaeva-puhul","15":"product_cat-kingitused-pulmade-puhul","16":"product_cat-kingitused-sunnipaevaks","17":"product_cat-pidulikud-korvarongad","18":"product_cat-poolvaariskividega-ehted","19":"product_cat-ristimiskingitused","20":"product_cat-sobrapaeva-kingitused","21":"product_cat-teemantidega-korvarongad","22":"product_cat-vaariskividega-korvarongad","23":"desktop-align-center","24":"tablet-align-left","25":"mobile-align-left","26":"ast-product-gallery-layout-horizontal-slider","27":"ast-product-gallery-with-no-image","28":"ast-product-tabs-layout-accordion","29":"ast-qv-on-image","31":"first","32":"instock","33":"taxable","34":"shipping-taxable","35":"purchasable","36":"product-type-simple"},"yoast_head":"<!-- This site is optimized with the Yoast SEO plugin v26.6 - https:\/\/yoast.com\/wordpress\/plugins\/seo\/ -->\n<title>Mandariintsitriinid \u2013 padjakujuliste tsitriinide ja teemantidega k\u00f5rvar\u00f5ngad<\/title>\n<meta name=\"description\" content=\"Halo-disainiga k\u00f5rvar\u00f5ngad inglise lukuga, padjakujuliste mandariini-t\u0161itriinide ja teemantidega. Sobivad nii igap\u00e4evaseks kandmiseks kui ka erilisteks s\u00fcndmusteks, silmapaistva stiili loomiseks.\" \/>\n<meta name=\"robots\" content=\"index, follow, max-snippet:-1, max-image-preview:large, max-video-preview:-1\" \/>\n<link rel=\"canonical\" href=\"https:\/\/fashiongold.lt\/et\/papuosalas\/mandariintsitriinid-padjakujuliste-tsitriinide-ja-teemantidega-korvarongad-9-46-ct\/\" \/>\n<meta property=\"og:locale\" content=\"et_EE\" \/>\n<meta property=\"og:type\" content=\"article\" \/>\n<meta property=\"og:title\" content=\"Mandariintsitriinid \u2013 padjakujuliste tsitriinide ja teemantidega k\u00f5rvar\u00f5ngad\" \/>\n<meta property=\"og:description\" content=\"Halo-disainiga k\u00f5rvar\u00f5ngad inglise lukuga, padjakujuliste mandariini-t\u0161itriinide ja teemantidega. Sobivad nii igap\u00e4evaseks kandmiseks kui ka erilisteks s\u00fcndmusteks, silmapaistva stiili loomiseks.\" \/>\n<meta property=\"og:url\" content=\"https:\/\/fashiongold.lt\/et\/papuosalas\/mandariintsitriinid-padjakujuliste-tsitriinide-ja-teemantidega-korvarongad-9-46-ct\/\" \/>\n<meta property=\"og:site_name\" content=\"FashionGold.lt\" \/>\n<meta property=\"article:modified_time\" content=\"2026-02-11T20:44:05+00:00\" \/>\n<meta property=\"og:image\" content=\"https:\/\/fashiongold.lt\/wp-content\/uploads\/2025\/10\/11849-570-Citrinai-mandarin-auskarai-su-cushion-formos-citrinais-ir-deimantais.webp\" \/>\n\t<meta property=\"og:image:width\" content=\"1000\" \/>\n\t<meta property=\"og:image:height\" content=\"1000\" \/>\n\t<meta property=\"og:image:type\" content=\"image\/png\" \/>\n<meta name=\"twitter:card\" content=\"summary_large_image\" \/>\n<meta name=\"twitter:label1\" content=\"Est. reading time\" \/>\n\t<meta name=\"twitter:data1\" content=\"1 minut\" \/>\n<script type=\"application\/ld+json\" class=\"yoast-schema-graph\">{\"@context\":\"https:\/\/schema.org\",\"@graph\":[{\"@type\":\"WebPage\",\"@id\":\"https:\/\/fashiongold.lt\/et\/papuosalas\/mandariintsitriinid-padjakujuliste-tsitriinide-ja-teemantidega-korvarongad-9-46-ct\/\",\"url\":\"https:\/\/fashiongold.lt\/et\/papuosalas\/mandariintsitriinid-padjakujuliste-tsitriinide-ja-teemantidega-korvarongad-9-46-ct\/\",\"name\":\"Mandariintsitriinid \u2013 padjakujuliste tsitriinide ja teemantidega k\u00f5rvar\u00f5ngad\",\"isPartOf\":{\"@id\":\"https:\/\/fashiongold.lt\/et\/#website\"},\"primaryImageOfPage\":{\"@id\":\"https:\/\/fashiongold.lt\/et\/papuosalas\/mandariintsitriinid-padjakujuliste-tsitriinide-ja-teemantidega-korvarongad-9-46-ct\/#primaryimage\"},\"image\":{\"@id\":\"https:\/\/fashiongold.lt\/et\/papuosalas\/mandariintsitriinid-padjakujuliste-tsitriinide-ja-teemantidega-korvarongad-9-46-ct\/#primaryimage\"},\"thumbnailUrl\":\"https:\/\/fashiongold.lt\/wp-content\/uploads\/2025\/10\/11849-570-Citrinai-mandarin-auskarai-su-cushion-formos-citrinais-ir-deimantais.png\",\"datePublished\":\"2025-10-23T07:36:48+00:00\",\"dateModified\":\"2026-02-11T20:44:05+00:00\",\"description\":\"Halo-disainiga k\u00f5rvar\u00f5ngad inglise lukuga, padjakujuliste mandariini-t\u0161itriinide ja teemantidega. Sobivad nii igap\u00e4evaseks kandmiseks kui ka erilisteks s\u00fcndmusteks, silmapaistva stiili loomiseks.\",\"breadcrumb\":{\"@id\":\"https:\/\/fashiongold.lt\/et\/papuosalas\/mandariintsitriinid-padjakujuliste-tsitriinide-ja-teemantidega-korvarongad-9-46-ct\/#breadcrumb\"},\"inLanguage\":\"et\",\"potentialAction\":[{\"@type\":\"ReadAction\",\"target\":[\"https:\/\/fashiongold.lt\/et\/papuosalas\/mandariintsitriinid-padjakujuliste-tsitriinide-ja-teemantidega-korvarongad-9-46-ct\/\"]}]},{\"@type\":\"ImageObject\",\"inLanguage\":\"et\",\"@id\":\"https:\/\/fashiongold.lt\/et\/papuosalas\/mandariintsitriinid-padjakujuliste-tsitriinide-ja-teemantidega-korvarongad-9-46-ct\/#primaryimage\",\"url\":\"https:\/\/fashiongold.lt\/wp-content\/uploads\/2025\/10\/11849-570-Citrinai-mandarin-auskarai-su-cushion-formos-citrinais-ir-deimantais.png\",\"contentUrl\":\"https:\/\/fashiongold.lt\/wp-content\/uploads\/2025\/10\/11849-570-Citrinai-mandarin-auskarai-su-cushion-formos-citrinais-ir-deimantais.png\",\"width\":1000,\"height\":1000},{\"@type\":\"BreadcrumbList\",\"@id\":\"https:\/\/fashiongold.lt\/et\/papuosalas\/mandariintsitriinid-padjakujuliste-tsitriinide-ja-teemantidega-korvarongad-9-46-ct\/#breadcrumb\",\"itemListElement\":[{\"@type\":\"ListItem\",\"position\":1,\"name\":\"Home\",\"item\":\"https:\/\/fashiongold.lt\/et\/\"},{\"@type\":\"ListItem\",\"position\":2,\"name\":\"Teemantide pood Fashiongold.lt\",\"item\":\"https:\/\/fashiongold.lt\/shop-2\/\"},{\"@type\":\"ListItem\",\"position\":3,\"name\":\"Mandariintsitriinid \u2013 padjakujuliste tsitriinide ja teemantidega k\u00f5rvar\u00f5ngad (9.46 ct)\"}]},{\"@type\":\"WebSite\",\"@id\":\"https:\/\/fashiongold.lt\/et\/#website\",\"url\":\"https:\/\/fashiongold.lt\/et\/\",\"name\":\"Fashion Gold\",\"description\":\"Juvelyrikos namai\",\"publisher\":{\"@id\":\"https:\/\/fashiongold.lt\/et\/#organization\"},\"potentialAction\":[{\"@type\":\"SearchAction\",\"target\":{\"@type\":\"EntryPoint\",\"urlTemplate\":\"https:\/\/fashiongold.lt\/et\/?s={search_term_string}\"},\"query-input\":{\"@type\":\"PropertyValueSpecification\",\"valueRequired\":true,\"valueName\":\"search_term_string\"}}],\"inLanguage\":\"et\"},{\"@type\":\"Organization\",\"@id\":\"https:\/\/fashiongold.lt\/et\/#organization\",\"name\":\"Topdiamonds Online\",\"url\":\"https:\/\/fashiongold.lt\/et\/\",\"logo\":{\"@type\":\"ImageObject\",\"inLanguage\":\"et\",\"@id\":\"https:\/\/fashiongold.lt\/et\/#\/schema\/logo\/image\/\",\"url\":\"https:\/\/fashiongold.lt\/wp-content\/uploads\/2025\/04\/cropped-fashion_gold_logotipas2-scaled-1.png\",\"contentUrl\":\"https:\/\/fashiongold.lt\/wp-content\/uploads\/2025\/04\/cropped-fashion_gold_logotipas2-scaled-1.png\",\"width\":2559,\"height\":421,\"caption\":\"Topdiamonds Online\"},\"image\":{\"@id\":\"https:\/\/fashiongold.lt\/et\/#\/schema\/logo\/image\/\"}}]}<\/script>\n<!-- \/ Yoast SEO plugin. -->","yoast_head_json":{"title":"Mandariintsitriinid \u2013 padjakujuliste tsitriinide ja teemantidega k\u00f5rvar\u00f5ngad","description":"Halo-disainiga k\u00f5rvar\u00f5ngad inglise lukuga, padjakujuliste mandariini-t\u0161itriinide ja teemantidega. Sobivad nii igap\u00e4evaseks kandmiseks kui ka erilisteks s\u00fcndmusteks, silmapaistva stiili loomiseks.","robots":{"index":"index","follow":"follow","max-snippet":"max-snippet:-1","max-image-preview":"max-image-preview:large","max-video-preview":"max-video-preview:-1"},"canonical":"https:\/\/fashiongold.lt\/et\/papuosalas\/mandariintsitriinid-padjakujuliste-tsitriinide-ja-teemantidega-korvarongad-9-46-ct\/","og_locale":"et_EE","og_type":"article","og_title":"Mandariintsitriinid \u2013 padjakujuliste tsitriinide ja teemantidega k\u00f5rvar\u00f5ngad","og_description":"Halo-disainiga k\u00f5rvar\u00f5ngad inglise lukuga, padjakujuliste mandariini-t\u0161itriinide ja teemantidega. Sobivad nii igap\u00e4evaseks kandmiseks kui ka erilisteks s\u00fcndmusteks, silmapaistva stiili loomiseks.","og_url":"https:\/\/fashiongold.lt\/et\/papuosalas\/mandariintsitriinid-padjakujuliste-tsitriinide-ja-teemantidega-korvarongad-9-46-ct\/","og_site_name":"FashionGold.lt","article_modified_time":"2026-02-11T20:44:05+00:00","og_image":[{"width":1000,"height":1000,"url":"https:\/\/fashiongold.lt\/wp-content\/uploads\/2025\/10\/11849-570-Citrinai-mandarin-auskarai-su-cushion-formos-citrinais-ir-deimantais.webp","type":"image\/png"}],"twitter_card":"summary_large_image","twitter_misc":{"Est. reading time":"1 minut"},"schema":{"@context":"https:\/\/schema.org","@graph":[{"@type":"WebPage","@id":"https:\/\/fashiongold.lt\/et\/papuosalas\/mandariintsitriinid-padjakujuliste-tsitriinide-ja-teemantidega-korvarongad-9-46-ct\/","url":"https:\/\/fashiongold.lt\/et\/papuosalas\/mandariintsitriinid-padjakujuliste-tsitriinide-ja-teemantidega-korvarongad-9-46-ct\/","name":"Mandariintsitriinid \u2013 padjakujuliste tsitriinide ja teemantidega k\u00f5rvar\u00f5ngad","isPartOf":{"@id":"https:\/\/fashiongold.lt\/et\/#website"},"primaryImageOfPage":{"@id":"https:\/\/fashiongold.lt\/et\/papuosalas\/mandariintsitriinid-padjakujuliste-tsitriinide-ja-teemantidega-korvarongad-9-46-ct\/#primaryimage"},"image":{"@id":"https:\/\/fashiongold.lt\/et\/papuosalas\/mandariintsitriinid-padjakujuliste-tsitriinide-ja-teemantidega-korvarongad-9-46-ct\/#primaryimage"},"thumbnailUrl":"https:\/\/fashiongold.lt\/wp-content\/uploads\/2025\/10\/11849-570-Citrinai-mandarin-auskarai-su-cushion-formos-citrinais-ir-deimantais.png","datePublished":"2025-10-23T07:36:48+00:00","dateModified":"2026-02-11T20:44:05+00:00","description":"Halo-disainiga k\u00f5rvar\u00f5ngad inglise lukuga, padjakujuliste mandariini-t\u0161itriinide ja teemantidega. Sobivad nii igap\u00e4evaseks kandmiseks kui ka erilisteks s\u00fcndmusteks, silmapaistva stiili loomiseks.","breadcrumb":{"@id":"https:\/\/fashiongold.lt\/et\/papuosalas\/mandariintsitriinid-padjakujuliste-tsitriinide-ja-teemantidega-korvarongad-9-46-ct\/#breadcrumb"},"inLanguage":"et","potentialAction":[{"@type":"ReadAction","target":["https:\/\/fashiongold.lt\/et\/papuosalas\/mandariintsitriinid-padjakujuliste-tsitriinide-ja-teemantidega-korvarongad-9-46-ct\/"]}]},{"@type":"ImageObject","inLanguage":"et","@id":"https:\/\/fashiongold.lt\/et\/papuosalas\/mandariintsitriinid-padjakujuliste-tsitriinide-ja-teemantidega-korvarongad-9-46-ct\/#primaryimage","url":"https:\/\/fashiongold.lt\/wp-content\/uploads\/2025\/10\/11849-570-Citrinai-mandarin-auskarai-su-cushion-formos-citrinais-ir-deimantais.png","contentUrl":"https:\/\/fashiongold.lt\/wp-content\/uploads\/2025\/10\/11849-570-Citrinai-mandarin-auskarai-su-cushion-formos-citrinais-ir-deimantais.png","width":1000,"height":1000},{"@type":"BreadcrumbList","@id":"https:\/\/fashiongold.lt\/et\/papuosalas\/mandariintsitriinid-padjakujuliste-tsitriinide-ja-teemantidega-korvarongad-9-46-ct\/#breadcrumb","itemListElement":[{"@type":"ListItem","position":1,"name":"Home","item":"https:\/\/fashiongold.lt\/et\/"},{"@type":"ListItem","position":2,"name":"Teemantide pood Fashiongold.lt","item":"https:\/\/fashiongold.lt\/shop-2\/"},{"@type":"ListItem","position":3,"name":"Mandariintsitriinid \u2013 padjakujuliste tsitriinide ja teemantidega k\u00f5rvar\u00f5ngad (9.46 ct)"}]},{"@type":"WebSite","@id":"https:\/\/fashiongold.lt\/et\/#website","url":"https:\/\/fashiongold.lt\/et\/","name":"Fashion Gold","description":"Juvelyrikos namai","publisher":{"@id":"https:\/\/fashiongold.lt\/et\/#organization"},"potentialAction":[{"@type":"SearchAction","target":{"@type":"EntryPoint","urlTemplate":"https:\/\/fashiongold.lt\/et\/?s={search_term_string}"},"query-input":{"@type":"PropertyValueSpecification","valueRequired":true,"valueName":"search_term_string"}}],"inLanguage":"et"},{"@type":"Organization","@id":"https:\/\/fashiongold.lt\/et\/#organization","name":"Topdiamonds Online","url":"https:\/\/fashiongold.lt\/et\/","logo":{"@type":"ImageObject","inLanguage":"et","@id":"https:\/\/fashiongold.lt\/et\/#\/schema\/logo\/image\/","url":"https:\/\/fashiongold.lt\/wp-content\/uploads\/2025\/04\/cropped-fashion_gold_logotipas2-scaled-1.png","contentUrl":"https:\/\/fashiongold.lt\/wp-content\/uploads\/2025\/04\/cropped-fashion_gold_logotipas2-scaled-1.png","width":2559,"height":421,"caption":"Topdiamonds Online"},"image":{"@id":"https:\/\/fashiongold.lt\/et\/#\/schema\/logo\/image\/"}}]}},"_links":{"self":[{"href":"https:\/\/fashiongold.lt\/et\/wp-json\/wp\/v2\/product\/279882","targetHints":{"allow":["GET"]}}],"collection":[{"href":"https:\/\/fashiongold.lt\/et\/wp-json\/wp\/v2\/product"}],"about":[{"href":"https:\/\/fashiongold.lt\/et\/wp-json\/wp\/v2\/types\/product"}],"version-history":[{"count":0,"href":"https:\/\/fashiongold.lt\/et\/wp-json\/wp\/v2\/product\/279882\/revisions"}],"wp:featuredmedia":[{"embeddable":true,"href":"https:\/\/fashiongold.lt\/et\/wp-json\/wp\/v2\/media\/239732"}],"wp:attachment":[{"href":"https:\/\/fashiongold.lt\/et\/wp-json\/wp\/v2\/media?parent=279882"}],"wp:term":[{"taxonomy":"product_brand","embeddable":true,"href":"https:\/\/fashiongold.lt\/et\/wp-json\/wp\/v2\/product_brand?post=279882"},{"taxonomy":"product_cat","embeddable":true,"href":"https:\/\/fashiongold.lt\/et\/wp-json\/wp\/v2\/product_cat?post=279882"},{"taxonomy":"product_tag","embeddable":true,"href":"https:\/\/fashiongold.lt\/et\/wp-json\/wp\/v2\/product_tag?post=279882"}],"curies":[{"name":"wp","href":"https:\/\/api.w.org\/{rel}","templated":true}]}}