{"id":279916,"date":"2025-10-17T11:06:52","date_gmt":"2025-10-17T11:06:52","guid":{"rendered":"https:\/\/fashiongold.lt\/papuosalas\/valgest-kullast-ripats-teemantidega-008-ct\/"},"modified":"2026-02-11T20:33:41","modified_gmt":"2026-02-11T20:33:41","slug":"valgest-kullast-ripats-teemantidega-008-ct","status":"publish","type":"product","link":"https:\/\/fashiongold.lt\/et\/papuosalas\/valgest-kullast-ripats-teemantidega-008-ct\/","title":{"rendered":"Valgest kullast ripats teemantidega (0,08 ct)"},"content":{"rendered":"<h2>Valgest kullast ripats teemantidega (0,08 ct) \u2013 kaasaegne minimalism ja peen luksus igaks p\u00e4evaks.<\/h2>\n<h3>See valgest kullast ruudukujuline ripats, mis on kaunistatud teemantidega, eristub oma kaasaegse iseloomu ja rafineeritud sarmiga. See on ehe, mis lisab v\u00e4limusele elegantsi ja s\u00e4ra, s\u00fcmboliseerides samal ajal ajatut v\u00e4\u00e4rtust ja stiili.<\/h3>\n<p>Valmistatud Leedus, j\u00e4rgides k\u00f5rgeimaid ehtetootmise standardeid.<\/p>\n<p>\u2022 <a href=\"https:\/\/fashiongold.lt\/et\/patarimai-et\/kulla-proov-ripatsile-kuidas-valida-sobivat\/\" target=\"_blank\" rel=\"noopener\"><strong>Ripatsi metall<\/strong><\/a>: 14K (proov 585);<\/p>\n<p>\u2022 <a href=\"https:\/\/fashiongold.lt\/et\/patarimai-et\/ripatsid-ja-kulla-varv-kuidas-valida-valget-punast-voi-kollast-kulda\/\" target=\"_blank\" rel=\"noopener\"><strong>Kulla v\u00e4rvus<\/strong><\/a>: valge;<\/p>\n<p>\u2022 <a href=\"https:\/\/fashiongold.lt\/et\/patarimai-et\/teemantripats-kuidas-valida-kulla-kaalu-varvi-ja-sobivat-ketti\/\" target=\"_blank\" rel=\"noopener\"><strong>Kulla kaal<\/strong><\/a>: 1,15 g;<\/p>\n<p>\u2022 <a href=\"https:\/\/fashiongold.lt\/et\/patarimai-et\/taiuslik-kombinatsioon-teemandiga-ripats-ja-sobiv-keti-pikkus\/\" target=\"_blank\" rel=\"noopener\"><strong>Keti pikkus<\/strong><\/a>: 43-45 cm;<\/p>\n<p>\u2022 <strong><a href=\"https:\/\/fashiongold.lt\/et\/patarimai-et\/teemant-looduslik-laboris-kasvatatud-voi-kunstlik-kuidas-teha-oige-valik\/\" target=\"_blank\" rel=\"noopener\">Teemantide t\u00fc\u00fcp<\/a><\/strong>: looduslikud teemandid;<\/p>\n<p>\u2022 <a href=\"https:\/\/fashiongold.lt\/et\/patarimai-et\/teemant-teised-teemandi-kujud\/\" target=\"_blank\" rel=\"noopener\"><strong>Teemantide kuju<\/strong><\/a>: \u00dcmar lihv (Round cut);<\/p>\n<p>\u2022 <a href=\"https:\/\/fashiongold.lt\/et\/patarimai-et\/teemant-kuidas-hinnatakse-koige-vaartuslikuma-vaariskivi-luksust\/\" target=\"_blank\" rel=\"noopener\"><strong>Teemantide omadused<\/strong><\/a>: 0,08 ct (0,005 ct x 16) teemandid (puhtus SI1-P1, v\u00e4rvus W-STW);<\/p>\n<p>\u2022 <strong><a href=\"https:\/\/fashiongold.lt\/et\/patarimai-et\/teemant-rubiin-safiir-smaragd-vaariskivide-sertifikaadid\/\" target=\"_blank\" rel=\"noopener\">Sertifikaat<\/a><\/strong>: Leedu Proovikoda (LPR) \u2013 AB342104;<\/p>\n<p>\u2022 \u00dchekordne tasuta <strong><a href=\"https:\/\/fashiongold.lt\/et\/patarimai-et\/kuldne-kett-tasuta-pikkuse-muutmine-ostes-fashiongold-lt-st\/\">keti pikkuse muutmise garantii<\/a><\/strong>;<\/p>\n<p>\u2022 <strong><a href=\"https:\/\/fashiongold.lt\/et\/tarne-ja-tagastamine\/\" target=\"_blank\" rel=\"noopener\">Tarneaeg<\/a><\/strong>: 1-4 t\u00f6\u00f6p\u00e4eva.<\/p>\n","protected":false},"excerpt":{"rendered":"<p>See valgest kullast teemantidega ripats kiirgab ajatut elegantsi. Ruudukujuline vorm peegeldab kaasaegset minimalismi, teemantide s\u00e4ra aga lisab erilist hiilgust ja rafineeritust. See on ehe, mis r\u00f5hutab subtiilselt individuaalsust, muutudes silmapaistvaks aktsendiks igap\u00e4evaelus ja eriliseks s\u00fcmboliks pidulikel puhkudel. See ei ole mitte ainult stiilne detail, vaid ka t\u00e4hendusrikas kingitus, mis j\u00e4\u00e4dvustab sooje tundeid ja elu k\u00f5ige kallimaid hetki.<\/p>\n","protected":false},"featured_media":231827,"template":"","meta":{"site-sidebar-layout":"default","site-content-layout":"","ast-site-content-layout":"default","site-content-style":"default","site-sidebar-style":"default","ast-global-header-display":"","ast-banner-title-visibility":"","ast-main-header-display":"","ast-hfb-above-header-display":"","ast-hfb-below-header-display":"","ast-hfb-mobile-header-display":"","site-post-title":"","ast-breadcrumbs-content":"","ast-featured-img":"","footer-sml-layout":"","ast-disable-related-posts":"","theme-transparent-header-meta":"default","adv-header-id-meta":"","stick-header-meta":"","header-above-stick-meta":"","header-main-stick-meta":"","header-below-stick-meta":"","astra-migrate-meta-layouts":"default","ast-page-background-enabled":"default","ast-page-background-meta":{"desktop":{"background-color":"var(--ast-global-color-4)","background-image":"","background-repeat":"repeat","background-position":"center center","background-size":"auto","background-attachment":"scroll","background-type":"","background-media":"","overlay-type":"","overlay-color":"","overlay-opacity":"","overlay-gradient":""},"tablet":{"background-color":"","background-image":"","background-repeat":"repeat","background-position":"center center","background-size":"auto","background-attachment":"scroll","background-type":"","background-media":"","overlay-type":"","overlay-color":"","overlay-opacity":"","overlay-gradient":""},"mobile":{"background-color":"","background-image":"","background-repeat":"repeat","background-position":"center center","background-size":"auto","background-attachment":"scroll","background-type":"","background-media":"","overlay-type":"","overlay-color":"","overlay-opacity":"","overlay-gradient":""}},"ast-content-background-meta":{"desktop":{"background-color":"var(--ast-global-color-5)","background-image":"","background-repeat":"repeat","background-position":"center center","background-size":"auto","background-attachment":"scroll","background-type":"","background-media":"","overlay-type":"","overlay-color":"","overlay-opacity":"","overlay-gradient":""},"tablet":{"background-color":"var(--ast-global-color-5)","background-image":"","background-repeat":"repeat","background-position":"center center","background-size":"auto","background-attachment":"scroll","background-type":"","background-media":"","overlay-type":"","overlay-color":"","overlay-opacity":"","overlay-gradient":""},"mobile":{"background-color":"var(--ast-global-color-5)","background-image":"","background-repeat":"repeat","background-position":"center center","background-size":"auto","background-attachment":"scroll","background-type":"","background-media":"","overlay-type":"","overlay-color":"","overlay-opacity":"","overlay-gradient":""}}},"product_brand":[],"product_cat":[2984,3604],"product_tag":[],"class_list":{"0":"post-279916","1":"product","2":"type-product","3":"status-publish","4":"has-post-thumbnail","6":"product_cat-ripatsid-teemantidega","7":"product_cat-teemandipood-kohapeal-olemas","8":"desktop-align-center","9":"tablet-align-left","10":"mobile-align-left","11":"ast-product-gallery-layout-horizontal-slider","12":"ast-product-single-variable","13":"ast-product-tabs-layout-accordion","14":"ast-qv-on-image","16":"first","17":"instock","18":"taxable","19":"shipping-taxable","20":"purchasable","21":"product-type-variable"},"yoast_head":"<!-- This site is optimized with the Yoast SEO plugin v26.6 - https:\/\/yoast.com\/wordpress\/plugins\/seo\/ -->\n<title>Valgest kullast ripats teemantidega (0,08 ct)<\/title>\n<meta name=\"description\" content=\"Valgest kullast ripats teemantidega. Minimalistlik disain ja peen luksus, mis sobib nii igap\u00e4evaseks kandmiseks kui ka erilisteks puhkudeks.\" \/>\n<meta name=\"robots\" content=\"index, follow, max-snippet:-1, max-image-preview:large, max-video-preview:-1\" \/>\n<link rel=\"canonical\" href=\"https:\/\/fashiongold.lt\/et\/papuosalas\/valgest-kullast-ripats-teemantidega-008-ct\/\" \/>\n<meta property=\"og:locale\" content=\"et_EE\" \/>\n<meta property=\"og:type\" content=\"article\" \/>\n<meta property=\"og:title\" content=\"Valgest kullast ripats teemantidega (0,08 ct)\" \/>\n<meta property=\"og:description\" content=\"Valgest kullast ripats teemantidega. Minimalistlik disain ja peen luksus, mis sobib nii igap\u00e4evaseks kandmiseks kui ka erilisteks puhkudeks.\" \/>\n<meta property=\"og:url\" content=\"https:\/\/fashiongold.lt\/et\/papuosalas\/valgest-kullast-ripats-teemantidega-008-ct\/\" \/>\n<meta property=\"og:site_name\" content=\"FashionGold.lt\" \/>\n<meta property=\"article:modified_time\" content=\"2026-02-11T20:33:41+00:00\" \/>\n<meta property=\"og:image\" content=\"https:\/\/fashiongold.lt\/wp-content\/uploads\/2025\/10\/031-balto-aukso-pakabukas-su-deimantais.webp\" \/>\n\t<meta property=\"og:image:width\" content=\"1000\" \/>\n\t<meta property=\"og:image:height\" content=\"1000\" \/>\n\t<meta property=\"og:image:type\" content=\"image\/jpeg\" \/>\n<meta name=\"twitter:card\" content=\"summary_large_image\" \/>\n<meta name=\"twitter:label1\" content=\"Est. reading time\" \/>\n\t<meta name=\"twitter:data1\" content=\"1 minut\" \/>\n<script type=\"application\/ld+json\" class=\"yoast-schema-graph\">{\"@context\":\"https:\/\/schema.org\",\"@graph\":[{\"@type\":\"WebPage\",\"@id\":\"https:\/\/fashiongold.lt\/et\/papuosalas\/valgest-kullast-ripats-teemantidega-008-ct\/\",\"url\":\"https:\/\/fashiongold.lt\/et\/papuosalas\/valgest-kullast-ripats-teemantidega-008-ct\/\",\"name\":\"Valgest kullast ripats teemantidega (0,08 ct)\",\"isPartOf\":{\"@id\":\"https:\/\/fashiongold.lt\/et\/#website\"},\"primaryImageOfPage\":{\"@id\":\"https:\/\/fashiongold.lt\/et\/papuosalas\/valgest-kullast-ripats-teemantidega-008-ct\/#primaryimage\"},\"image\":{\"@id\":\"https:\/\/fashiongold.lt\/et\/papuosalas\/valgest-kullast-ripats-teemantidega-008-ct\/#primaryimage\"},\"thumbnailUrl\":\"https:\/\/fashiongold.lt\/wp-content\/uploads\/2025\/10\/031-balto-aukso-pakabukas-su-deimantais.jpg\",\"datePublished\":\"2025-10-17T11:06:52+00:00\",\"dateModified\":\"2026-02-11T20:33:41+00:00\",\"description\":\"Valgest kullast ripats teemantidega. Minimalistlik disain ja peen luksus, mis sobib nii igap\u00e4evaseks kandmiseks kui ka erilisteks puhkudeks.\",\"breadcrumb\":{\"@id\":\"https:\/\/fashiongold.lt\/et\/papuosalas\/valgest-kullast-ripats-teemantidega-008-ct\/#breadcrumb\"},\"inLanguage\":\"et\",\"potentialAction\":[{\"@type\":\"ReadAction\",\"target\":[\"https:\/\/fashiongold.lt\/et\/papuosalas\/valgest-kullast-ripats-teemantidega-008-ct\/\"]}]},{\"@type\":\"ImageObject\",\"inLanguage\":\"et\",\"@id\":\"https:\/\/fashiongold.lt\/et\/papuosalas\/valgest-kullast-ripats-teemantidega-008-ct\/#primaryimage\",\"url\":\"https:\/\/fashiongold.lt\/wp-content\/uploads\/2025\/10\/031-balto-aukso-pakabukas-su-deimantais.jpg\",\"contentUrl\":\"https:\/\/fashiongold.lt\/wp-content\/uploads\/2025\/10\/031-balto-aukso-pakabukas-su-deimantais.jpg\",\"width\":1000,\"height\":1000},{\"@type\":\"BreadcrumbList\",\"@id\":\"https:\/\/fashiongold.lt\/et\/papuosalas\/valgest-kullast-ripats-teemantidega-008-ct\/#breadcrumb\",\"itemListElement\":[{\"@type\":\"ListItem\",\"position\":1,\"name\":\"Home\",\"item\":\"https:\/\/fashiongold.lt\/et\/\"},{\"@type\":\"ListItem\",\"position\":2,\"name\":\"Teemantide pood Fashiongold.lt\",\"item\":\"https:\/\/fashiongold.lt\/shop-2\/\"},{\"@type\":\"ListItem\",\"position\":3,\"name\":\"Valgest kullast ripats teemantidega (0,08 ct)\"}]},{\"@type\":\"WebSite\",\"@id\":\"https:\/\/fashiongold.lt\/et\/#website\",\"url\":\"https:\/\/fashiongold.lt\/et\/\",\"name\":\"Fashion Gold\",\"description\":\"Juvelyrikos namai\",\"publisher\":{\"@id\":\"https:\/\/fashiongold.lt\/et\/#organization\"},\"potentialAction\":[{\"@type\":\"SearchAction\",\"target\":{\"@type\":\"EntryPoint\",\"urlTemplate\":\"https:\/\/fashiongold.lt\/et\/?s={search_term_string}\"},\"query-input\":{\"@type\":\"PropertyValueSpecification\",\"valueRequired\":true,\"valueName\":\"search_term_string\"}}],\"inLanguage\":\"et\"},{\"@type\":\"Organization\",\"@id\":\"https:\/\/fashiongold.lt\/et\/#organization\",\"name\":\"Topdiamonds Online\",\"url\":\"https:\/\/fashiongold.lt\/et\/\",\"logo\":{\"@type\":\"ImageObject\",\"inLanguage\":\"et\",\"@id\":\"https:\/\/fashiongold.lt\/et\/#\/schema\/logo\/image\/\",\"url\":\"https:\/\/fashiongold.lt\/wp-content\/uploads\/2025\/04\/cropped-fashion_gold_logotipas2-scaled-1.png\",\"contentUrl\":\"https:\/\/fashiongold.lt\/wp-content\/uploads\/2025\/04\/cropped-fashion_gold_logotipas2-scaled-1.png\",\"width\":2559,\"height\":421,\"caption\":\"Topdiamonds Online\"},\"image\":{\"@id\":\"https:\/\/fashiongold.lt\/et\/#\/schema\/logo\/image\/\"}}]}<\/script>\n<!-- \/ Yoast SEO plugin. -->","yoast_head_json":{"title":"Valgest kullast ripats teemantidega (0,08 ct)","description":"Valgest kullast ripats teemantidega. Minimalistlik disain ja peen luksus, mis sobib nii igap\u00e4evaseks kandmiseks kui ka erilisteks puhkudeks.","robots":{"index":"index","follow":"follow","max-snippet":"max-snippet:-1","max-image-preview":"max-image-preview:large","max-video-preview":"max-video-preview:-1"},"canonical":"https:\/\/fashiongold.lt\/et\/papuosalas\/valgest-kullast-ripats-teemantidega-008-ct\/","og_locale":"et_EE","og_type":"article","og_title":"Valgest kullast ripats teemantidega (0,08 ct)","og_description":"Valgest kullast ripats teemantidega. Minimalistlik disain ja peen luksus, mis sobib nii igap\u00e4evaseks kandmiseks kui ka erilisteks puhkudeks.","og_url":"https:\/\/fashiongold.lt\/et\/papuosalas\/valgest-kullast-ripats-teemantidega-008-ct\/","og_site_name":"FashionGold.lt","article_modified_time":"2026-02-11T20:33:41+00:00","og_image":[{"width":1000,"height":1000,"url":"https:\/\/fashiongold.lt\/wp-content\/uploads\/2025\/10\/031-balto-aukso-pakabukas-su-deimantais.webp","type":"image\/jpeg"}],"twitter_card":"summary_large_image","twitter_misc":{"Est. reading time":"1 minut"},"schema":{"@context":"https:\/\/schema.org","@graph":[{"@type":"WebPage","@id":"https:\/\/fashiongold.lt\/et\/papuosalas\/valgest-kullast-ripats-teemantidega-008-ct\/","url":"https:\/\/fashiongold.lt\/et\/papuosalas\/valgest-kullast-ripats-teemantidega-008-ct\/","name":"Valgest kullast ripats teemantidega (0,08 ct)","isPartOf":{"@id":"https:\/\/fashiongold.lt\/et\/#website"},"primaryImageOfPage":{"@id":"https:\/\/fashiongold.lt\/et\/papuosalas\/valgest-kullast-ripats-teemantidega-008-ct\/#primaryimage"},"image":{"@id":"https:\/\/fashiongold.lt\/et\/papuosalas\/valgest-kullast-ripats-teemantidega-008-ct\/#primaryimage"},"thumbnailUrl":"https:\/\/fashiongold.lt\/wp-content\/uploads\/2025\/10\/031-balto-aukso-pakabukas-su-deimantais.jpg","datePublished":"2025-10-17T11:06:52+00:00","dateModified":"2026-02-11T20:33:41+00:00","description":"Valgest kullast ripats teemantidega. Minimalistlik disain ja peen luksus, mis sobib nii igap\u00e4evaseks kandmiseks kui ka erilisteks puhkudeks.","breadcrumb":{"@id":"https:\/\/fashiongold.lt\/et\/papuosalas\/valgest-kullast-ripats-teemantidega-008-ct\/#breadcrumb"},"inLanguage":"et","potentialAction":[{"@type":"ReadAction","target":["https:\/\/fashiongold.lt\/et\/papuosalas\/valgest-kullast-ripats-teemantidega-008-ct\/"]}]},{"@type":"ImageObject","inLanguage":"et","@id":"https:\/\/fashiongold.lt\/et\/papuosalas\/valgest-kullast-ripats-teemantidega-008-ct\/#primaryimage","url":"https:\/\/fashiongold.lt\/wp-content\/uploads\/2025\/10\/031-balto-aukso-pakabukas-su-deimantais.jpg","contentUrl":"https:\/\/fashiongold.lt\/wp-content\/uploads\/2025\/10\/031-balto-aukso-pakabukas-su-deimantais.jpg","width":1000,"height":1000},{"@type":"BreadcrumbList","@id":"https:\/\/fashiongold.lt\/et\/papuosalas\/valgest-kullast-ripats-teemantidega-008-ct\/#breadcrumb","itemListElement":[{"@type":"ListItem","position":1,"name":"Home","item":"https:\/\/fashiongold.lt\/et\/"},{"@type":"ListItem","position":2,"name":"Teemantide pood Fashiongold.lt","item":"https:\/\/fashiongold.lt\/shop-2\/"},{"@type":"ListItem","position":3,"name":"Valgest kullast ripats teemantidega (0,08 ct)"}]},{"@type":"WebSite","@id":"https:\/\/fashiongold.lt\/et\/#website","url":"https:\/\/fashiongold.lt\/et\/","name":"Fashion Gold","description":"Juvelyrikos namai","publisher":{"@id":"https:\/\/fashiongold.lt\/et\/#organization"},"potentialAction":[{"@type":"SearchAction","target":{"@type":"EntryPoint","urlTemplate":"https:\/\/fashiongold.lt\/et\/?s={search_term_string}"},"query-input":{"@type":"PropertyValueSpecification","valueRequired":true,"valueName":"search_term_string"}}],"inLanguage":"et"},{"@type":"Organization","@id":"https:\/\/fashiongold.lt\/et\/#organization","name":"Topdiamonds Online","url":"https:\/\/fashiongold.lt\/et\/","logo":{"@type":"ImageObject","inLanguage":"et","@id":"https:\/\/fashiongold.lt\/et\/#\/schema\/logo\/image\/","url":"https:\/\/fashiongold.lt\/wp-content\/uploads\/2025\/04\/cropped-fashion_gold_logotipas2-scaled-1.png","contentUrl":"https:\/\/fashiongold.lt\/wp-content\/uploads\/2025\/04\/cropped-fashion_gold_logotipas2-scaled-1.png","width":2559,"height":421,"caption":"Topdiamonds Online"},"image":{"@id":"https:\/\/fashiongold.lt\/et\/#\/schema\/logo\/image\/"}}]}},"_links":{"self":[{"href":"https:\/\/fashiongold.lt\/et\/wp-json\/wp\/v2\/product\/279916","targetHints":{"allow":["GET"]}}],"collection":[{"href":"https:\/\/fashiongold.lt\/et\/wp-json\/wp\/v2\/product"}],"about":[{"href":"https:\/\/fashiongold.lt\/et\/wp-json\/wp\/v2\/types\/product"}],"version-history":[{"count":0,"href":"https:\/\/fashiongold.lt\/et\/wp-json\/wp\/v2\/product\/279916\/revisions"}],"wp:featuredmedia":[{"embeddable":true,"href":"https:\/\/fashiongold.lt\/et\/wp-json\/wp\/v2\/media\/231827"}],"wp:attachment":[{"href":"https:\/\/fashiongold.lt\/et\/wp-json\/wp\/v2\/media?parent=279916"}],"wp:term":[{"taxonomy":"product_brand","embeddable":true,"href":"https:\/\/fashiongold.lt\/et\/wp-json\/wp\/v2\/product_brand?post=279916"},{"taxonomy":"product_cat","embeddable":true,"href":"https:\/\/fashiongold.lt\/et\/wp-json\/wp\/v2\/product_cat?post=279916"},{"taxonomy":"product_tag","embeddable":true,"href":"https:\/\/fashiongold.lt\/et\/wp-json\/wp\/v2\/product_tag?post=279916"}],"curies":[{"name":"wp","href":"https:\/\/api.w.org\/{rel}","templated":true}]}}