{"id":280314,"date":"2025-10-23T07:39:54","date_gmt":"2025-10-23T07:39:54","guid":{"rendered":"https:\/\/fashiongold.lt\/papuosalas\/morganiidid-korvarongad-teemantide-ja-ristkulikukujuliste-morganiitidega-6-10-ct\/"},"modified":"2026-02-11T20:40:10","modified_gmt":"2026-02-11T20:40:10","slug":"morganiidid-korvarongad-teemantide-ja-ristkulikukujuliste-morganiitidega-6-10-ct","status":"publish","type":"product","link":"https:\/\/fashiongold.lt\/et\/papuosalas\/morganiidid-korvarongad-teemantide-ja-ristkulikukujuliste-morganiitidega-6-10-ct\/","title":{"rendered":"Morganiidid &#8211; k\u00f5rvar\u00f5ngad teemantide ja ristk\u00fclikukujuliste morganiitidega (6.10 ct)"},"content":{"rendered":"<h2>Teemantk\u00f5rvar\u00f5ngad ristk\u00fclikukujuliste morganiitidega &#8211; Morganiidid (6.10 ct)<\/h2>\n<h3>Moodsa disainiga kuldk\u00f5rvar\u00f5ngad inglise lukkudega, 6.00-karaadiste roosade ristk\u00fclikukujuliste morganiitide ja \u00fcmbritsevate teemantidega. Looduslikud teemandid.<\/h3>\n<p>Valmistatud Saksamaal kvaliteetsetest v\u00e4\u00e4riskividest. Suurep\u00e4rane valik stiilsele naisele. Morganiidi maagiline v\u00e4gi \u2013 toimib hinge tasakaalu talismanina. Usutakse, et kivi t\u00f5mbab ligi \u00f5nne, aitab leida armastust ja avastada peidetud talente, toob edu t\u00f6\u00f6s, loojatele inspiratsiooni, see on kodu kaitseingel. Morganiit kaitseb negatiivse energeetilise m\u00f5ju \u2013 kurja silma v\u00f5i kadeduse \u2013 ja isegi \u00f5nnetusjuhtumite eest. Morganiit sobib k\u00f5igile t\u00e4hem\u00e4rkidele, kuid k\u00f5ige paremini S\u00f5nnile, Skorpionile, Kaladele ja V\u00e4hile, Amburile, L\u00f5vile, Kaksikutele, Veevalajale, Kaaludele.<\/p>\n<p>\u2022 K\u00f5rvar\u00f5ngaste kuld: 18 karaati (proov 750)<\/p>\n<p>\u2022 K\u00f5rvar\u00f5ngaste v\u00e4rvus: punane kuld<\/p>\n<p>\u2022 K\u00f5rvar\u00f5ngaste kaal: umbes 3,00\u20134,00 g<\/p>\n<p>\u2022 Teemandi t\u00fc\u00fcp: Looduslik teemant<\/p>\n<p>\u2022 Teemandi kuju: \u00dcmar lihv (Round cut)<\/p>\n<p>\u2022 Teemandi iseloomustus: 0,10 ct, v\u00e4rvus G-H (RW-W); puhtus SI<\/p>\n<p>\u2022 Keskkivi: ristk\u00fclikukujulised morganiidid &#8211; 6.00 ct<\/p>\n<p>\u2022 Sertifikaat: Leedu Proovikoda (LPR)<\/p>\n<p>\u2022 M\u00f5\u00f5tmed: h: 24,8 mm, w: 9,1 mm, th: 4,5 mm<\/p>\n<p>\u2022 Tasuta graveerimine<\/p>\n<p>\u2022 \u00dchekordne tasuta suuruse muutmise garantii<\/p>\n<p>\u2022 Tootmis- ja tarneaeg alates 21 t\u00f6\u00f6p\u00e4evast, kiirtellimusena 3 t\u00f6\u00f6p\u00e4eva jooksul.<\/p>\n<p><strong>Kas teil on oma kulda? V\u00f5tke \u00fchendust, arvutame hinna \u00fcmber \u2013 maksate ainult k\u00f5rvar\u00f5ngaste valmistamise eest.<\/strong><\/p>\n","protected":false},"excerpt":{"rendered":"<p>Moodsa disainiga inglise kinnitusega kuldk\u00f5rvar\u00f5ngad 6,00-karaadiste ristk\u00fclikukujuliste roosade morganiitidega ja morganiiti \u00fcmbritsevate teemantidega. Sobivad igap\u00e4evaseks kandmiseks ja erilisteks puhkudeks, silmapaistva stiili jaoks.<\/p>\n","protected":false},"featured_media":240244,"template":"","meta":{"site-sidebar-layout":"","site-content-layout":"","ast-site-content-layout":"","site-content-style":"","site-sidebar-style":"","ast-global-header-display":"","ast-banner-title-visibility":"","ast-main-header-display":"","ast-hfb-above-header-display":"","ast-hfb-below-header-display":"","ast-hfb-mobile-header-display":"","site-post-title":"","ast-breadcrumbs-content":"","ast-featured-img":"","footer-sml-layout":"","ast-disable-related-posts":"","theme-transparent-header-meta":"","adv-header-id-meta":"","stick-header-meta":"","header-above-stick-meta":"","header-main-stick-meta":"","header-below-stick-meta":"","astra-migrate-meta-layouts":"default","ast-page-background-enabled":"default","ast-page-background-meta":{"desktop":{"background-color":"var(--ast-global-color-4)","background-image":"","background-repeat":"repeat","background-position":"center center","background-size":"auto","background-attachment":"scroll","background-type":"","background-media":"","overlay-type":"","overlay-color":"","overlay-opacity":"","overlay-gradient":""},"tablet":{"background-color":"","background-image":"","background-repeat":"repeat","background-position":"center center","background-size":"auto","background-attachment":"scroll","background-type":"","background-media":"","overlay-type":"","overlay-color":"","overlay-opacity":"","overlay-gradient":""},"mobile":{"background-color":"","background-image":"","background-repeat":"repeat","background-position":"center center","background-size":"auto","background-attachment":"scroll","background-type":"","background-media":"","overlay-type":"","overlay-color":"","overlay-opacity":"","overlay-gradient":""}},"ast-content-background-meta":{"desktop":{"background-color":"var(--ast-global-color-5)","background-image":"","background-repeat":"repeat","background-position":"center center","background-size":"auto","background-attachment":"scroll","background-type":"","background-media":"","overlay-type":"","overlay-color":"","overlay-opacity":"","overlay-gradient":""},"tablet":{"background-color":"var(--ast-global-color-5)","background-image":"","background-repeat":"repeat","background-position":"center center","background-size":"auto","background-attachment":"scroll","background-type":"","background-media":"","overlay-type":"","overlay-color":"","overlay-opacity":"","overlay-gradient":""},"mobile":{"background-color":"var(--ast-global-color-5)","background-image":"","background-repeat":"repeat","background-position":"center center","background-size":"auto","background-attachment":"scroll","background-type":"","background-media":"","overlay-type":"","overlay-color":"","overlay-opacity":"","overlay-gradient":""}}},"product_brand":[],"product_cat":[3058,2830,3615,2826,2829,2823,2828,2822,2824,3392,2821,3536,2846,2967,3501,3500,3502,2845,2966,2968],"product_tag":[],"class_list":{"0":"post-280314","1":"product","2":"type-product","3":"status-publish","4":"has-post-thumbnail","6":"product_cat-ehted","7":"product_cat-emadepaeva-kingitused","8":"product_cat-inglise-lukuga-korvarongad","9":"product_cat-joulukingid","10":"product_cat-kingitused-erilisteks-puhkudeks","11":"product_cat-kingitused-lapse-sunni-puhul","12":"product_cat-kingitused-lopetamise-puhul","13":"product_cat-kingitused-naistele","14":"product_cat-kingitused-pulma-aastapaeva-puhul","15":"product_cat-kingitused-pulmade-puhul","16":"product_cat-kingitused-sunnipaevaks","17":"product_cat-pidulikud-korvarongad","18":"product_cat-poolvaariskividega-ehted","19":"product_cat-punasest-kullast-ehted","20":"product_cat-roosad-vaariskivid","21":"product_cat-roosade-vaariskividega-ehted","22":"product_cat-roosipulm-10-aastat","23":"product_cat-sobrapaeva-kingitused","24":"product_cat-teemantidega-korvarongad","25":"product_cat-vaariskividega-korvarongad","26":"desktop-align-center","27":"tablet-align-left","28":"mobile-align-left","29":"ast-product-gallery-layout-horizontal-slider","30":"ast-product-gallery-with-no-image","31":"ast-product-tabs-layout-accordion","32":"ast-qv-on-image","34":"first","35":"instock","36":"taxable","37":"shipping-taxable","38":"purchasable","39":"product-type-simple"},"yoast_head":"<!-- This site is optimized with the Yoast SEO plugin v26.6 - https:\/\/yoast.com\/wordpress\/plugins\/seo\/ -->\n<title>K\u00f5rvar\u00f5ngad teemantide ja morganiitidega (6.10 ct)<\/title>\n<meta name=\"description\" content=\"Moodsa disainiga inglise lukuga k\u00f5rvar\u00f5ngad 6,00-karaadiste ristk\u00fclikukujuliste morganiitide ja teemantidega. Sobivad igap\u00e4evaseks kandmiseks ja erilisteks puhkudeks.\" \/>\n<meta name=\"robots\" content=\"index, follow, max-snippet:-1, max-image-preview:large, max-video-preview:-1\" \/>\n<link rel=\"canonical\" href=\"https:\/\/fashiongold.lt\/et\/papuosalas\/morganiidid-korvarongad-teemantide-ja-ristkulikukujuliste-morganiitidega-6-10-ct\/\" \/>\n<meta property=\"og:locale\" content=\"et_EE\" \/>\n<meta property=\"og:type\" content=\"article\" \/>\n<meta property=\"og:title\" content=\"K\u00f5rvar\u00f5ngad teemantide ja morganiitidega (6.10 ct)\" \/>\n<meta property=\"og:description\" content=\"Moodsa disainiga inglise lukuga k\u00f5rvar\u00f5ngad 6,00-karaadiste ristk\u00fclikukujuliste morganiitide ja teemantidega. Sobivad igap\u00e4evaseks kandmiseks ja erilisteks puhkudeks.\" \/>\n<meta property=\"og:url\" content=\"https:\/\/fashiongold.lt\/et\/papuosalas\/morganiidid-korvarongad-teemantide-ja-ristkulikukujuliste-morganiitidega-6-10-ct\/\" \/>\n<meta property=\"og:site_name\" content=\"FashionGold.lt\" \/>\n<meta property=\"article:modified_time\" content=\"2026-02-11T20:40:10+00:00\" \/>\n<meta property=\"og:image\" content=\"https:\/\/fashiongold.lt\/wp-content\/uploads\/2025\/10\/13378-da5-Morganitai-auskarai-su-deimantais-ir-staciakampio-formos-morganitais-6.10-ct.webp\" \/>\n\t<meta property=\"og:image:width\" content=\"1000\" \/>\n\t<meta property=\"og:image:height\" content=\"1000\" \/>\n\t<meta property=\"og:image:type\" content=\"image\/png\" \/>\n<meta name=\"twitter:card\" content=\"summary_large_image\" \/>\n<meta name=\"twitter:label1\" content=\"Est. reading time\" \/>\n\t<meta name=\"twitter:data1\" content=\"1 minut\" \/>\n<script type=\"application\/ld+json\" class=\"yoast-schema-graph\">{\"@context\":\"https:\/\/schema.org\",\"@graph\":[{\"@type\":\"WebPage\",\"@id\":\"https:\/\/fashiongold.lt\/et\/papuosalas\/morganiidid-korvarongad-teemantide-ja-ristkulikukujuliste-morganiitidega-6-10-ct\/\",\"url\":\"https:\/\/fashiongold.lt\/et\/papuosalas\/morganiidid-korvarongad-teemantide-ja-ristkulikukujuliste-morganiitidega-6-10-ct\/\",\"name\":\"K\u00f5rvar\u00f5ngad teemantide ja morganiitidega (6.10 ct)\",\"isPartOf\":{\"@id\":\"https:\/\/fashiongold.lt\/et\/#website\"},\"primaryImageOfPage\":{\"@id\":\"https:\/\/fashiongold.lt\/et\/papuosalas\/morganiidid-korvarongad-teemantide-ja-ristkulikukujuliste-morganiitidega-6-10-ct\/#primaryimage\"},\"image\":{\"@id\":\"https:\/\/fashiongold.lt\/et\/papuosalas\/morganiidid-korvarongad-teemantide-ja-ristkulikukujuliste-morganiitidega-6-10-ct\/#primaryimage\"},\"thumbnailUrl\":\"https:\/\/fashiongold.lt\/wp-content\/uploads\/2025\/10\/13378-da5-Morganitai-auskarai-su-deimantais-ir-staciakampio-formos-morganitais-6.10-ct.png\",\"datePublished\":\"2025-10-23T07:39:54+00:00\",\"dateModified\":\"2026-02-11T20:40:10+00:00\",\"description\":\"Moodsa disainiga inglise lukuga k\u00f5rvar\u00f5ngad 6,00-karaadiste ristk\u00fclikukujuliste morganiitide ja teemantidega. Sobivad igap\u00e4evaseks kandmiseks ja erilisteks puhkudeks.\",\"breadcrumb\":{\"@id\":\"https:\/\/fashiongold.lt\/et\/papuosalas\/morganiidid-korvarongad-teemantide-ja-ristkulikukujuliste-morganiitidega-6-10-ct\/#breadcrumb\"},\"inLanguage\":\"et\",\"potentialAction\":[{\"@type\":\"ReadAction\",\"target\":[\"https:\/\/fashiongold.lt\/et\/papuosalas\/morganiidid-korvarongad-teemantide-ja-ristkulikukujuliste-morganiitidega-6-10-ct\/\"]}]},{\"@type\":\"ImageObject\",\"inLanguage\":\"et\",\"@id\":\"https:\/\/fashiongold.lt\/et\/papuosalas\/morganiidid-korvarongad-teemantide-ja-ristkulikukujuliste-morganiitidega-6-10-ct\/#primaryimage\",\"url\":\"https:\/\/fashiongold.lt\/wp-content\/uploads\/2025\/10\/13378-da5-Morganitai-auskarai-su-deimantais-ir-staciakampio-formos-morganitais-6.10-ct.png\",\"contentUrl\":\"https:\/\/fashiongold.lt\/wp-content\/uploads\/2025\/10\/13378-da5-Morganitai-auskarai-su-deimantais-ir-staciakampio-formos-morganitais-6.10-ct.png\",\"width\":1000,\"height\":1000},{\"@type\":\"BreadcrumbList\",\"@id\":\"https:\/\/fashiongold.lt\/et\/papuosalas\/morganiidid-korvarongad-teemantide-ja-ristkulikukujuliste-morganiitidega-6-10-ct\/#breadcrumb\",\"itemListElement\":[{\"@type\":\"ListItem\",\"position\":1,\"name\":\"Home\",\"item\":\"https:\/\/fashiongold.lt\/et\/\"},{\"@type\":\"ListItem\",\"position\":2,\"name\":\"Teemantide pood Fashiongold.lt\",\"item\":\"https:\/\/fashiongold.lt\/shop-2\/\"},{\"@type\":\"ListItem\",\"position\":3,\"name\":\"Morganiidid &#8211; k\u00f5rvar\u00f5ngad teemantide ja ristk\u00fclikukujuliste morganiitidega (6.10 ct)\"}]},{\"@type\":\"WebSite\",\"@id\":\"https:\/\/fashiongold.lt\/et\/#website\",\"url\":\"https:\/\/fashiongold.lt\/et\/\",\"name\":\"Fashion Gold\",\"description\":\"Juvelyrikos namai\",\"publisher\":{\"@id\":\"https:\/\/fashiongold.lt\/et\/#organization\"},\"potentialAction\":[{\"@type\":\"SearchAction\",\"target\":{\"@type\":\"EntryPoint\",\"urlTemplate\":\"https:\/\/fashiongold.lt\/et\/?s={search_term_string}\"},\"query-input\":{\"@type\":\"PropertyValueSpecification\",\"valueRequired\":true,\"valueName\":\"search_term_string\"}}],\"inLanguage\":\"et\"},{\"@type\":\"Organization\",\"@id\":\"https:\/\/fashiongold.lt\/et\/#organization\",\"name\":\"Topdiamonds Online\",\"url\":\"https:\/\/fashiongold.lt\/et\/\",\"logo\":{\"@type\":\"ImageObject\",\"inLanguage\":\"et\",\"@id\":\"https:\/\/fashiongold.lt\/et\/#\/schema\/logo\/image\/\",\"url\":\"https:\/\/fashiongold.lt\/wp-content\/uploads\/2025\/04\/cropped-fashion_gold_logotipas2-scaled-1.png\",\"contentUrl\":\"https:\/\/fashiongold.lt\/wp-content\/uploads\/2025\/04\/cropped-fashion_gold_logotipas2-scaled-1.png\",\"width\":2559,\"height\":421,\"caption\":\"Topdiamonds Online\"},\"image\":{\"@id\":\"https:\/\/fashiongold.lt\/et\/#\/schema\/logo\/image\/\"}}]}<\/script>\n<!-- \/ Yoast SEO plugin. -->","yoast_head_json":{"title":"K\u00f5rvar\u00f5ngad teemantide ja morganiitidega (6.10 ct)","description":"Moodsa disainiga inglise lukuga k\u00f5rvar\u00f5ngad 6,00-karaadiste ristk\u00fclikukujuliste morganiitide ja teemantidega. Sobivad igap\u00e4evaseks kandmiseks ja erilisteks puhkudeks.","robots":{"index":"index","follow":"follow","max-snippet":"max-snippet:-1","max-image-preview":"max-image-preview:large","max-video-preview":"max-video-preview:-1"},"canonical":"https:\/\/fashiongold.lt\/et\/papuosalas\/morganiidid-korvarongad-teemantide-ja-ristkulikukujuliste-morganiitidega-6-10-ct\/","og_locale":"et_EE","og_type":"article","og_title":"K\u00f5rvar\u00f5ngad teemantide ja morganiitidega (6.10 ct)","og_description":"Moodsa disainiga inglise lukuga k\u00f5rvar\u00f5ngad 6,00-karaadiste ristk\u00fclikukujuliste morganiitide ja teemantidega. Sobivad igap\u00e4evaseks kandmiseks ja erilisteks puhkudeks.","og_url":"https:\/\/fashiongold.lt\/et\/papuosalas\/morganiidid-korvarongad-teemantide-ja-ristkulikukujuliste-morganiitidega-6-10-ct\/","og_site_name":"FashionGold.lt","article_modified_time":"2026-02-11T20:40:10+00:00","og_image":[{"width":1000,"height":1000,"url":"https:\/\/fashiongold.lt\/wp-content\/uploads\/2025\/10\/13378-da5-Morganitai-auskarai-su-deimantais-ir-staciakampio-formos-morganitais-6.10-ct.webp","type":"image\/png"}],"twitter_card":"summary_large_image","twitter_misc":{"Est. reading time":"1 minut"},"schema":{"@context":"https:\/\/schema.org","@graph":[{"@type":"WebPage","@id":"https:\/\/fashiongold.lt\/et\/papuosalas\/morganiidid-korvarongad-teemantide-ja-ristkulikukujuliste-morganiitidega-6-10-ct\/","url":"https:\/\/fashiongold.lt\/et\/papuosalas\/morganiidid-korvarongad-teemantide-ja-ristkulikukujuliste-morganiitidega-6-10-ct\/","name":"K\u00f5rvar\u00f5ngad teemantide ja morganiitidega (6.10 ct)","isPartOf":{"@id":"https:\/\/fashiongold.lt\/et\/#website"},"primaryImageOfPage":{"@id":"https:\/\/fashiongold.lt\/et\/papuosalas\/morganiidid-korvarongad-teemantide-ja-ristkulikukujuliste-morganiitidega-6-10-ct\/#primaryimage"},"image":{"@id":"https:\/\/fashiongold.lt\/et\/papuosalas\/morganiidid-korvarongad-teemantide-ja-ristkulikukujuliste-morganiitidega-6-10-ct\/#primaryimage"},"thumbnailUrl":"https:\/\/fashiongold.lt\/wp-content\/uploads\/2025\/10\/13378-da5-Morganitai-auskarai-su-deimantais-ir-staciakampio-formos-morganitais-6.10-ct.png","datePublished":"2025-10-23T07:39:54+00:00","dateModified":"2026-02-11T20:40:10+00:00","description":"Moodsa disainiga inglise lukuga k\u00f5rvar\u00f5ngad 6,00-karaadiste ristk\u00fclikukujuliste morganiitide ja teemantidega. Sobivad igap\u00e4evaseks kandmiseks ja erilisteks puhkudeks.","breadcrumb":{"@id":"https:\/\/fashiongold.lt\/et\/papuosalas\/morganiidid-korvarongad-teemantide-ja-ristkulikukujuliste-morganiitidega-6-10-ct\/#breadcrumb"},"inLanguage":"et","potentialAction":[{"@type":"ReadAction","target":["https:\/\/fashiongold.lt\/et\/papuosalas\/morganiidid-korvarongad-teemantide-ja-ristkulikukujuliste-morganiitidega-6-10-ct\/"]}]},{"@type":"ImageObject","inLanguage":"et","@id":"https:\/\/fashiongold.lt\/et\/papuosalas\/morganiidid-korvarongad-teemantide-ja-ristkulikukujuliste-morganiitidega-6-10-ct\/#primaryimage","url":"https:\/\/fashiongold.lt\/wp-content\/uploads\/2025\/10\/13378-da5-Morganitai-auskarai-su-deimantais-ir-staciakampio-formos-morganitais-6.10-ct.png","contentUrl":"https:\/\/fashiongold.lt\/wp-content\/uploads\/2025\/10\/13378-da5-Morganitai-auskarai-su-deimantais-ir-staciakampio-formos-morganitais-6.10-ct.png","width":1000,"height":1000},{"@type":"BreadcrumbList","@id":"https:\/\/fashiongold.lt\/et\/papuosalas\/morganiidid-korvarongad-teemantide-ja-ristkulikukujuliste-morganiitidega-6-10-ct\/#breadcrumb","itemListElement":[{"@type":"ListItem","position":1,"name":"Home","item":"https:\/\/fashiongold.lt\/et\/"},{"@type":"ListItem","position":2,"name":"Teemantide pood Fashiongold.lt","item":"https:\/\/fashiongold.lt\/shop-2\/"},{"@type":"ListItem","position":3,"name":"Morganiidid &#8211; k\u00f5rvar\u00f5ngad teemantide ja ristk\u00fclikukujuliste morganiitidega (6.10 ct)"}]},{"@type":"WebSite","@id":"https:\/\/fashiongold.lt\/et\/#website","url":"https:\/\/fashiongold.lt\/et\/","name":"Fashion Gold","description":"Juvelyrikos namai","publisher":{"@id":"https:\/\/fashiongold.lt\/et\/#organization"},"potentialAction":[{"@type":"SearchAction","target":{"@type":"EntryPoint","urlTemplate":"https:\/\/fashiongold.lt\/et\/?s={search_term_string}"},"query-input":{"@type":"PropertyValueSpecification","valueRequired":true,"valueName":"search_term_string"}}],"inLanguage":"et"},{"@type":"Organization","@id":"https:\/\/fashiongold.lt\/et\/#organization","name":"Topdiamonds Online","url":"https:\/\/fashiongold.lt\/et\/","logo":{"@type":"ImageObject","inLanguage":"et","@id":"https:\/\/fashiongold.lt\/et\/#\/schema\/logo\/image\/","url":"https:\/\/fashiongold.lt\/wp-content\/uploads\/2025\/04\/cropped-fashion_gold_logotipas2-scaled-1.png","contentUrl":"https:\/\/fashiongold.lt\/wp-content\/uploads\/2025\/04\/cropped-fashion_gold_logotipas2-scaled-1.png","width":2559,"height":421,"caption":"Topdiamonds Online"},"image":{"@id":"https:\/\/fashiongold.lt\/et\/#\/schema\/logo\/image\/"}}]}},"_links":{"self":[{"href":"https:\/\/fashiongold.lt\/et\/wp-json\/wp\/v2\/product\/280314","targetHints":{"allow":["GET"]}}],"collection":[{"href":"https:\/\/fashiongold.lt\/et\/wp-json\/wp\/v2\/product"}],"about":[{"href":"https:\/\/fashiongold.lt\/et\/wp-json\/wp\/v2\/types\/product"}],"version-history":[{"count":0,"href":"https:\/\/fashiongold.lt\/et\/wp-json\/wp\/v2\/product\/280314\/revisions"}],"wp:featuredmedia":[{"embeddable":true,"href":"https:\/\/fashiongold.lt\/et\/wp-json\/wp\/v2\/media\/240244"}],"wp:attachment":[{"href":"https:\/\/fashiongold.lt\/et\/wp-json\/wp\/v2\/media?parent=280314"}],"wp:term":[{"taxonomy":"product_brand","embeddable":true,"href":"https:\/\/fashiongold.lt\/et\/wp-json\/wp\/v2\/product_brand?post=280314"},{"taxonomy":"product_cat","embeddable":true,"href":"https:\/\/fashiongold.lt\/et\/wp-json\/wp\/v2\/product_cat?post=280314"},{"taxonomy":"product_tag","embeddable":true,"href":"https:\/\/fashiongold.lt\/et\/wp-json\/wp\/v2\/product_tag?post=280314"}],"curies":[{"name":"wp","href":"https:\/\/api.w.org\/{rel}","templated":true}]}}