{"id":280326,"date":"2025-10-23T07:38:46","date_gmt":"2025-10-23T07:38:46","guid":{"rendered":"https:\/\/fashiongold.lt\/papuosalas\/valgest-kullast-korvarongad-mustade-mereparlitega-105-mm-ja-teemantidega-009-ct\/"},"modified":"2026-02-11T20:42:04","modified_gmt":"2026-02-11T20:42:04","slug":"valgest-kullast-korvarongad-mustade-mereparlitega-105-mm-ja-teemantidega-009-ct","status":"publish","type":"product","link":"https:\/\/fashiongold.lt\/et\/papuosalas\/valgest-kullast-korvarongad-mustade-mereparlitega-105-mm-ja-teemantidega-009-ct\/","title":{"rendered":"Valgest kullast k\u00f5rvar\u00f5ngad mustade merep\u00e4rlitega (10,5 mm) ja teemantidega (0,09 ct)"},"content":{"rendered":"<h2>Valgest kullast k\u00f5rvar\u00f5ngad mustade merep\u00e4rlite ja teemantidega (10.5 mm, 0.09 ct)<\/h2>\n<h3>Klassikalise disainiga inglise lukuga kuldk\u00f5rvar\u00f5ngad mustade merep\u00e4rlite (10.5 mm) ja teemantidega. TAHITI V\u00d5I MUSTAD MEREP\u00c4RLID.<\/h3>\n<p>Valmistatud Saksamaal k\u00f5rgekvaliteedilistest v\u00e4\u00e4riskividest. Suurep\u00e4rane valik stiilsele naisele. P\u00e4rl kiirgab s\u00fcdamesse harmooniat ja rahu. Juba iidsetel aegadel s\u00fcmboliseerisid p\u00e4rlid ilu, s\u00fc\u00fctust ja sensuaalsust ning paljud uskusid, et need v\u00f5ivad tuua omanikule \u00f5nne ja materiaalset heaolu. P\u00e4rl sobib V\u00e4hile, Veevalajale ja Kaladele. K\u00f5rvar\u00f5ngaid saab valmistada eritellimusel punasest, koldasest v\u00f5i valgest kullast.<\/p>\n<p>\u2022 K\u00f5rvar\u00f5ngaste kuld: 18 karaati (proov 750)<\/p>\n<p>\u2022 K\u00f5rvar\u00f5ngaste v\u00e4rvus: valge kuld<\/p>\n<p>\u2022 K\u00f5rvar\u00f5ngaste kaal: umbes 2,40\u20132,80 g<\/p>\n<p>\u2022 Teemandi t\u00fc\u00fcp: Looduslik teemant<\/p>\n<p>\u2022 Teemandi kuju: \u00dcmar lihv (Round cut)<\/p>\n<p>\u2022 Teemandi omadused: 0,09 ct, v\u00e4rvus G-H (RW-W); puhtus SI<\/p>\n<p>\u2022 P\u00e4rli t\u00fc\u00fcp: TAHITI V\u00d5I MUSTAD MEREP\u00c4RLID (ingl \u201eSaltwater Tahitian Sea Pearls\u201c)<\/p>\n<p>\u2022 P\u00e4rli kuju: \u00dcmar kuju (Round)<\/p>\n<p>\u2022 P\u00e4rli omadused: 10.5 mm, AA (k\u00f5rge kvaliteet)<\/p>\n<p>\u2022 Sertifikaat: Leedu Proovikoda (LPR)<\/p>\n<p>\u2022 K\u00f5rvar\u00f5ngaste m\u00f5\u00f5tmed:<\/p>\n<p>\u2022 Tasuta graveerimine<\/p>\n<p>\u2022 Valmistamise ja tarneaeg alates 21 t\u00f6\u00f6p\u00e4evast, kiirtellimusel 3 t\u00f6\u00f6p\u00e4eva jooksul.<\/p>\n<p><strong>Kas teil on oma kulda v\u00f5i v\u00e4\u00e4riskive? V\u00f5tke \u00fchendust, arvutame hinna \u00fcmber \u2013 maksate ainult k\u00f5rvar\u00f5ngaste valmistamise eest.<\/strong><\/p>\n","protected":false},"excerpt":{"rendered":"<p>Klassikalise disainiga inglise lukuga kuldk\u00f5rvar\u00f5ngad mustade merep\u00e4rlitega 10,5 mm ja teemantidega. Suurep\u00e4rane kingitus igap\u00e4evaseks kandmiseks ja erilisteks puhkudeks, erakordse stiili jaoks.<\/p>\n","protected":false},"featured_media":239979,"template":"","meta":{"site-sidebar-layout":"","site-content-layout":"","ast-site-content-layout":"","site-content-style":"","site-sidebar-style":"","ast-global-header-display":"","ast-banner-title-visibility":"","ast-main-header-display":"","ast-hfb-above-header-display":"","ast-hfb-below-header-display":"","ast-hfb-mobile-header-display":"","site-post-title":"","ast-breadcrumbs-content":"","ast-featured-img":"","footer-sml-layout":"","ast-disable-related-posts":"","theme-transparent-header-meta":"","adv-header-id-meta":"","stick-header-meta":"","header-above-stick-meta":"","header-main-stick-meta":"","header-below-stick-meta":"","astra-migrate-meta-layouts":"default","ast-page-background-enabled":"default","ast-page-background-meta":{"desktop":{"background-color":"var(--ast-global-color-4)","background-image":"","background-repeat":"repeat","background-position":"center center","background-size":"auto","background-attachment":"scroll","background-type":"","background-media":"","overlay-type":"","overlay-color":"","overlay-opacity":"","overlay-gradient":""},"tablet":{"background-color":"","background-image":"","background-repeat":"repeat","background-position":"center center","background-size":"auto","background-attachment":"scroll","background-type":"","background-media":"","overlay-type":"","overlay-color":"","overlay-opacity":"","overlay-gradient":""},"mobile":{"background-color":"","background-image":"","background-repeat":"repeat","background-position":"center center","background-size":"auto","background-attachment":"scroll","background-type":"","background-media":"","overlay-type":"","overlay-color":"","overlay-opacity":"","overlay-gradient":""}},"ast-content-background-meta":{"desktop":{"background-color":"var(--ast-global-color-5)","background-image":"","background-repeat":"repeat","background-position":"center center","background-size":"auto","background-attachment":"scroll","background-type":"","background-media":"","overlay-type":"","overlay-color":"","overlay-opacity":"","overlay-gradient":""},"tablet":{"background-color":"var(--ast-global-color-5)","background-image":"","background-repeat":"repeat","background-position":"center center","background-size":"auto","background-attachment":"scroll","background-type":"","background-media":"","overlay-type":"","overlay-color":"","overlay-opacity":"","overlay-gradient":""},"mobile":{"background-color":"var(--ast-global-color-5)","background-image":"","background-repeat":"repeat","background-position":"center center","background-size":"auto","background-attachment":"scroll","background-type":"","background-media":"","overlay-type":"","overlay-color":"","overlay-opacity":"","overlay-gradient":""}}},"product_brand":[],"product_cat":[3058,2830,3615,2826,2829,2823,2828,2822,2824,3392,2821,2970,2971,3536,2846,3537,2845,2966,2827],"product_tag":[],"class_list":{"0":"post-280326","1":"product","2":"type-product","3":"status-publish","4":"has-post-thumbnail","6":"product_cat-ehted","7":"product_cat-emadepaeva-kingitused","8":"product_cat-inglise-lukuga-korvarongad","9":"product_cat-joulukingid","10":"product_cat-kingitused-erilisteks-puhkudeks","11":"product_cat-kingitused-lapse-sunni-puhul","12":"product_cat-kingitused-lopetamise-puhul","13":"product_cat-kingitused-naistele","14":"product_cat-kingitused-pulma-aastapaeva-puhul","15":"product_cat-kingitused-pulmade-puhul","16":"product_cat-kingitused-sunnipaevaks","17":"product_cat-parlid-parlitega-ehted","18":"product_cat-parlitega-korvarongad","19":"product_cat-pidulikud-korvarongad","20":"product_cat-poolvaariskividega-ehted","21":"product_cat-rongaskorvarongad","22":"product_cat-sobrapaeva-kingitused","23":"product_cat-teemantidega-korvarongad","24":"product_cat-valgest-kullast-ehted","25":"desktop-align-center","26":"tablet-align-left","27":"mobile-align-left","28":"ast-product-gallery-layout-horizontal-slider","29":"ast-product-gallery-with-no-image","30":"ast-product-tabs-layout-accordion","31":"ast-qv-on-image","33":"first","34":"instock","35":"taxable","36":"shipping-taxable","37":"purchasable","38":"product-type-simple"},"yoast_head":"<!-- This site is optimized with the Yoast SEO plugin v26.6 - https:\/\/yoast.com\/wordpress\/plugins\/seo\/ -->\n<title>K\u00f5rvar\u00f5ngad mustade 10,5 mm merep\u00e4rlite ja teemantidega<\/title>\n<meta name=\"description\" content=\"Inglise lukuga k\u00f5rvar\u00f5ngad mustade 10,5 mm merep\u00e4rlite ja teemantidega. Suurep\u00e4rane kingitus igap\u00e4evaseks kandmiseks ja erilisteks puhkudeks, silmapaistva stiili jaoks.\" \/>\n<meta name=\"robots\" content=\"index, follow, max-snippet:-1, max-image-preview:large, max-video-preview:-1\" \/>\n<link rel=\"canonical\" href=\"https:\/\/fashiongold.lt\/et\/papuosalas\/valgest-kullast-korvarongad-mustade-mereparlitega-105-mm-ja-teemantidega-009-ct\/\" \/>\n<meta property=\"og:locale\" content=\"et_EE\" \/>\n<meta property=\"og:type\" content=\"article\" \/>\n<meta property=\"og:title\" content=\"K\u00f5rvar\u00f5ngad mustade 10,5 mm merep\u00e4rlite ja teemantidega\" \/>\n<meta property=\"og:description\" content=\"Inglise lukuga k\u00f5rvar\u00f5ngad mustade 10,5 mm merep\u00e4rlite ja teemantidega. Suurep\u00e4rane kingitus igap\u00e4evaseks kandmiseks ja erilisteks puhkudeks, silmapaistva stiili jaoks.\" \/>\n<meta property=\"og:url\" content=\"https:\/\/fashiongold.lt\/et\/papuosalas\/valgest-kullast-korvarongad-mustade-mereparlitega-105-mm-ja-teemantidega-009-ct\/\" \/>\n<meta property=\"og:site_name\" content=\"FashionGold.lt\" \/>\n<meta property=\"article:modified_time\" content=\"2026-02-11T20:42:04+00:00\" \/>\n<meta property=\"og:image\" content=\"https:\/\/fashiongold.lt\/wp-content\/uploads\/2025\/10\/11991-398-Balto-aukso-auskarai-su-juodais-juriniais-perlais-10.5-mm-ir-deimantais-0.09-ct.webp\" \/>\n\t<meta property=\"og:image:width\" content=\"1000\" \/>\n\t<meta property=\"og:image:height\" content=\"1000\" \/>\n\t<meta property=\"og:image:type\" content=\"image\/png\" \/>\n<meta name=\"twitter:card\" content=\"summary_large_image\" \/>\n<meta name=\"twitter:label1\" content=\"Est. reading time\" \/>\n\t<meta name=\"twitter:data1\" content=\"1 minut\" \/>\n<script type=\"application\/ld+json\" class=\"yoast-schema-graph\">{\"@context\":\"https:\/\/schema.org\",\"@graph\":[{\"@type\":\"WebPage\",\"@id\":\"https:\/\/fashiongold.lt\/et\/papuosalas\/valgest-kullast-korvarongad-mustade-mereparlitega-105-mm-ja-teemantidega-009-ct\/\",\"url\":\"https:\/\/fashiongold.lt\/et\/papuosalas\/valgest-kullast-korvarongad-mustade-mereparlitega-105-mm-ja-teemantidega-009-ct\/\",\"name\":\"K\u00f5rvar\u00f5ngad mustade 10,5 mm merep\u00e4rlite ja teemantidega\",\"isPartOf\":{\"@id\":\"https:\/\/fashiongold.lt\/et\/#website\"},\"primaryImageOfPage\":{\"@id\":\"https:\/\/fashiongold.lt\/et\/papuosalas\/valgest-kullast-korvarongad-mustade-mereparlitega-105-mm-ja-teemantidega-009-ct\/#primaryimage\"},\"image\":{\"@id\":\"https:\/\/fashiongold.lt\/et\/papuosalas\/valgest-kullast-korvarongad-mustade-mereparlitega-105-mm-ja-teemantidega-009-ct\/#primaryimage\"},\"thumbnailUrl\":\"https:\/\/fashiongold.lt\/wp-content\/uploads\/2025\/10\/11991-398-Balto-aukso-auskarai-su-juodais-juriniais-perlais-10.5-mm-ir-deimantais-0.09-ct.png\",\"datePublished\":\"2025-10-23T07:38:46+00:00\",\"dateModified\":\"2026-02-11T20:42:04+00:00\",\"description\":\"Inglise lukuga k\u00f5rvar\u00f5ngad mustade 10,5 mm merep\u00e4rlite ja teemantidega. Suurep\u00e4rane kingitus igap\u00e4evaseks kandmiseks ja erilisteks puhkudeks, silmapaistva stiili jaoks.\",\"breadcrumb\":{\"@id\":\"https:\/\/fashiongold.lt\/et\/papuosalas\/valgest-kullast-korvarongad-mustade-mereparlitega-105-mm-ja-teemantidega-009-ct\/#breadcrumb\"},\"inLanguage\":\"et\",\"potentialAction\":[{\"@type\":\"ReadAction\",\"target\":[\"https:\/\/fashiongold.lt\/et\/papuosalas\/valgest-kullast-korvarongad-mustade-mereparlitega-105-mm-ja-teemantidega-009-ct\/\"]}]},{\"@type\":\"ImageObject\",\"inLanguage\":\"et\",\"@id\":\"https:\/\/fashiongold.lt\/et\/papuosalas\/valgest-kullast-korvarongad-mustade-mereparlitega-105-mm-ja-teemantidega-009-ct\/#primaryimage\",\"url\":\"https:\/\/fashiongold.lt\/wp-content\/uploads\/2025\/10\/11991-398-Balto-aukso-auskarai-su-juodais-juriniais-perlais-10.5-mm-ir-deimantais-0.09-ct.png\",\"contentUrl\":\"https:\/\/fashiongold.lt\/wp-content\/uploads\/2025\/10\/11991-398-Balto-aukso-auskarai-su-juodais-juriniais-perlais-10.5-mm-ir-deimantais-0.09-ct.png\",\"width\":1000,\"height\":1000},{\"@type\":\"BreadcrumbList\",\"@id\":\"https:\/\/fashiongold.lt\/et\/papuosalas\/valgest-kullast-korvarongad-mustade-mereparlitega-105-mm-ja-teemantidega-009-ct\/#breadcrumb\",\"itemListElement\":[{\"@type\":\"ListItem\",\"position\":1,\"name\":\"Home\",\"item\":\"https:\/\/fashiongold.lt\/et\/\"},{\"@type\":\"ListItem\",\"position\":2,\"name\":\"Teemantide pood Fashiongold.lt\",\"item\":\"https:\/\/fashiongold.lt\/shop-2\/\"},{\"@type\":\"ListItem\",\"position\":3,\"name\":\"Valgest kullast k\u00f5rvar\u00f5ngad mustade merep\u00e4rlitega (10,5 mm) ja teemantidega (0,09 ct)\"}]},{\"@type\":\"WebSite\",\"@id\":\"https:\/\/fashiongold.lt\/et\/#website\",\"url\":\"https:\/\/fashiongold.lt\/et\/\",\"name\":\"Fashion Gold\",\"description\":\"Juvelyrikos namai\",\"publisher\":{\"@id\":\"https:\/\/fashiongold.lt\/et\/#organization\"},\"potentialAction\":[{\"@type\":\"SearchAction\",\"target\":{\"@type\":\"EntryPoint\",\"urlTemplate\":\"https:\/\/fashiongold.lt\/et\/?s={search_term_string}\"},\"query-input\":{\"@type\":\"PropertyValueSpecification\",\"valueRequired\":true,\"valueName\":\"search_term_string\"}}],\"inLanguage\":\"et\"},{\"@type\":\"Organization\",\"@id\":\"https:\/\/fashiongold.lt\/et\/#organization\",\"name\":\"Topdiamonds Online\",\"url\":\"https:\/\/fashiongold.lt\/et\/\",\"logo\":{\"@type\":\"ImageObject\",\"inLanguage\":\"et\",\"@id\":\"https:\/\/fashiongold.lt\/et\/#\/schema\/logo\/image\/\",\"url\":\"https:\/\/fashiongold.lt\/wp-content\/uploads\/2025\/04\/cropped-fashion_gold_logotipas2-scaled-1.png\",\"contentUrl\":\"https:\/\/fashiongold.lt\/wp-content\/uploads\/2025\/04\/cropped-fashion_gold_logotipas2-scaled-1.png\",\"width\":2559,\"height\":421,\"caption\":\"Topdiamonds Online\"},\"image\":{\"@id\":\"https:\/\/fashiongold.lt\/et\/#\/schema\/logo\/image\/\"}}]}<\/script>\n<!-- \/ Yoast SEO plugin. -->","yoast_head_json":{"title":"K\u00f5rvar\u00f5ngad mustade 10,5 mm merep\u00e4rlite ja teemantidega","description":"Inglise lukuga k\u00f5rvar\u00f5ngad mustade 10,5 mm merep\u00e4rlite ja teemantidega. Suurep\u00e4rane kingitus igap\u00e4evaseks kandmiseks ja erilisteks puhkudeks, silmapaistva stiili jaoks.","robots":{"index":"index","follow":"follow","max-snippet":"max-snippet:-1","max-image-preview":"max-image-preview:large","max-video-preview":"max-video-preview:-1"},"canonical":"https:\/\/fashiongold.lt\/et\/papuosalas\/valgest-kullast-korvarongad-mustade-mereparlitega-105-mm-ja-teemantidega-009-ct\/","og_locale":"et_EE","og_type":"article","og_title":"K\u00f5rvar\u00f5ngad mustade 10,5 mm merep\u00e4rlite ja teemantidega","og_description":"Inglise lukuga k\u00f5rvar\u00f5ngad mustade 10,5 mm merep\u00e4rlite ja teemantidega. Suurep\u00e4rane kingitus igap\u00e4evaseks kandmiseks ja erilisteks puhkudeks, silmapaistva stiili jaoks.","og_url":"https:\/\/fashiongold.lt\/et\/papuosalas\/valgest-kullast-korvarongad-mustade-mereparlitega-105-mm-ja-teemantidega-009-ct\/","og_site_name":"FashionGold.lt","article_modified_time":"2026-02-11T20:42:04+00:00","og_image":[{"width":1000,"height":1000,"url":"https:\/\/fashiongold.lt\/wp-content\/uploads\/2025\/10\/11991-398-Balto-aukso-auskarai-su-juodais-juriniais-perlais-10.5-mm-ir-deimantais-0.09-ct.webp","type":"image\/png"}],"twitter_card":"summary_large_image","twitter_misc":{"Est. reading time":"1 minut"},"schema":{"@context":"https:\/\/schema.org","@graph":[{"@type":"WebPage","@id":"https:\/\/fashiongold.lt\/et\/papuosalas\/valgest-kullast-korvarongad-mustade-mereparlitega-105-mm-ja-teemantidega-009-ct\/","url":"https:\/\/fashiongold.lt\/et\/papuosalas\/valgest-kullast-korvarongad-mustade-mereparlitega-105-mm-ja-teemantidega-009-ct\/","name":"K\u00f5rvar\u00f5ngad mustade 10,5 mm merep\u00e4rlite ja teemantidega","isPartOf":{"@id":"https:\/\/fashiongold.lt\/et\/#website"},"primaryImageOfPage":{"@id":"https:\/\/fashiongold.lt\/et\/papuosalas\/valgest-kullast-korvarongad-mustade-mereparlitega-105-mm-ja-teemantidega-009-ct\/#primaryimage"},"image":{"@id":"https:\/\/fashiongold.lt\/et\/papuosalas\/valgest-kullast-korvarongad-mustade-mereparlitega-105-mm-ja-teemantidega-009-ct\/#primaryimage"},"thumbnailUrl":"https:\/\/fashiongold.lt\/wp-content\/uploads\/2025\/10\/11991-398-Balto-aukso-auskarai-su-juodais-juriniais-perlais-10.5-mm-ir-deimantais-0.09-ct.png","datePublished":"2025-10-23T07:38:46+00:00","dateModified":"2026-02-11T20:42:04+00:00","description":"Inglise lukuga k\u00f5rvar\u00f5ngad mustade 10,5 mm merep\u00e4rlite ja teemantidega. Suurep\u00e4rane kingitus igap\u00e4evaseks kandmiseks ja erilisteks puhkudeks, silmapaistva stiili jaoks.","breadcrumb":{"@id":"https:\/\/fashiongold.lt\/et\/papuosalas\/valgest-kullast-korvarongad-mustade-mereparlitega-105-mm-ja-teemantidega-009-ct\/#breadcrumb"},"inLanguage":"et","potentialAction":[{"@type":"ReadAction","target":["https:\/\/fashiongold.lt\/et\/papuosalas\/valgest-kullast-korvarongad-mustade-mereparlitega-105-mm-ja-teemantidega-009-ct\/"]}]},{"@type":"ImageObject","inLanguage":"et","@id":"https:\/\/fashiongold.lt\/et\/papuosalas\/valgest-kullast-korvarongad-mustade-mereparlitega-105-mm-ja-teemantidega-009-ct\/#primaryimage","url":"https:\/\/fashiongold.lt\/wp-content\/uploads\/2025\/10\/11991-398-Balto-aukso-auskarai-su-juodais-juriniais-perlais-10.5-mm-ir-deimantais-0.09-ct.png","contentUrl":"https:\/\/fashiongold.lt\/wp-content\/uploads\/2025\/10\/11991-398-Balto-aukso-auskarai-su-juodais-juriniais-perlais-10.5-mm-ir-deimantais-0.09-ct.png","width":1000,"height":1000},{"@type":"BreadcrumbList","@id":"https:\/\/fashiongold.lt\/et\/papuosalas\/valgest-kullast-korvarongad-mustade-mereparlitega-105-mm-ja-teemantidega-009-ct\/#breadcrumb","itemListElement":[{"@type":"ListItem","position":1,"name":"Home","item":"https:\/\/fashiongold.lt\/et\/"},{"@type":"ListItem","position":2,"name":"Teemantide pood Fashiongold.lt","item":"https:\/\/fashiongold.lt\/shop-2\/"},{"@type":"ListItem","position":3,"name":"Valgest kullast k\u00f5rvar\u00f5ngad mustade merep\u00e4rlitega (10,5 mm) ja teemantidega (0,09 ct)"}]},{"@type":"WebSite","@id":"https:\/\/fashiongold.lt\/et\/#website","url":"https:\/\/fashiongold.lt\/et\/","name":"Fashion Gold","description":"Juvelyrikos namai","publisher":{"@id":"https:\/\/fashiongold.lt\/et\/#organization"},"potentialAction":[{"@type":"SearchAction","target":{"@type":"EntryPoint","urlTemplate":"https:\/\/fashiongold.lt\/et\/?s={search_term_string}"},"query-input":{"@type":"PropertyValueSpecification","valueRequired":true,"valueName":"search_term_string"}}],"inLanguage":"et"},{"@type":"Organization","@id":"https:\/\/fashiongold.lt\/et\/#organization","name":"Topdiamonds Online","url":"https:\/\/fashiongold.lt\/et\/","logo":{"@type":"ImageObject","inLanguage":"et","@id":"https:\/\/fashiongold.lt\/et\/#\/schema\/logo\/image\/","url":"https:\/\/fashiongold.lt\/wp-content\/uploads\/2025\/04\/cropped-fashion_gold_logotipas2-scaled-1.png","contentUrl":"https:\/\/fashiongold.lt\/wp-content\/uploads\/2025\/04\/cropped-fashion_gold_logotipas2-scaled-1.png","width":2559,"height":421,"caption":"Topdiamonds Online"},"image":{"@id":"https:\/\/fashiongold.lt\/et\/#\/schema\/logo\/image\/"}}]}},"_links":{"self":[{"href":"https:\/\/fashiongold.lt\/et\/wp-json\/wp\/v2\/product\/280326","targetHints":{"allow":["GET"]}}],"collection":[{"href":"https:\/\/fashiongold.lt\/et\/wp-json\/wp\/v2\/product"}],"about":[{"href":"https:\/\/fashiongold.lt\/et\/wp-json\/wp\/v2\/types\/product"}],"version-history":[{"count":0,"href":"https:\/\/fashiongold.lt\/et\/wp-json\/wp\/v2\/product\/280326\/revisions"}],"wp:featuredmedia":[{"embeddable":true,"href":"https:\/\/fashiongold.lt\/et\/wp-json\/wp\/v2\/media\/239979"}],"wp:attachment":[{"href":"https:\/\/fashiongold.lt\/et\/wp-json\/wp\/v2\/media?parent=280326"}],"wp:term":[{"taxonomy":"product_brand","embeddable":true,"href":"https:\/\/fashiongold.lt\/et\/wp-json\/wp\/v2\/product_brand?post=280326"},{"taxonomy":"product_cat","embeddable":true,"href":"https:\/\/fashiongold.lt\/et\/wp-json\/wp\/v2\/product_cat?post=280326"},{"taxonomy":"product_tag","embeddable":true,"href":"https:\/\/fashiongold.lt\/et\/wp-json\/wp\/v2\/product_tag?post=280326"}],"curies":[{"name":"wp","href":"https:\/\/api.w.org\/{rel}","templated":true}]}}