{"id":280329,"date":"2025-10-23T07:38:20","date_gmt":"2025-10-23T07:38:20","guid":{"rendered":"https:\/\/fashiongold.lt\/papuosalas\/kuldkorvarongad-parlite-ja-teemantidega-9-mm-0-18-ct\/"},"modified":"2026-02-11T20:40:16","modified_gmt":"2026-02-11T20:40:16","slug":"kuldkorvarongad-parlite-ja-teemantidega-9-mm-0-18-ct","status":"publish","type":"product","link":"https:\/\/fashiongold.lt\/et\/papuosalas\/kuldkorvarongad-parlite-ja-teemantidega-9-mm-0-18-ct\/","title":{"rendered":"Kuldk\u00f5rvar\u00f5ngad p\u00e4rlite ja teemantidega (9 mm, 0.18 ct)"},"content":{"rendered":"<h2>Kuldk\u00f5rvar\u00f5ngad p\u00e4rlite ja teemantidega (9 mm, 0.18 ct)<\/h2>\n<h3>Moodsa disainiga kuldsed r\u00f5ngask\u00f5rvar\u00f5ngad-transformerid ja eemaldatavad ripatsid 9 mm p\u00e4rlite ja teemantidega. Mageveep\u00e4rlid. Looduslikud teemandid.<\/h3>\n<p>Valmistatud Saksamaal kvaliteetsetest v\u00e4\u00e4riskividest. Suurep\u00e4rane valik stiilsele naisele. P\u00e4rl kiirgab s\u00fcdamesse harmooniat ja rahu. Juba ammustest aegadest on p\u00e4rlid s\u00fcmboliseerinud ilu, s\u00fc\u00fctust ja sensuaalsust ning paljud uskusid, et need v\u00f5ivad omanikule \u00f5nne ja materiaalset heaolu tuua. P\u00e4rlid sobivad V\u00e4hile, Veevalajale ja Kaladele. K\u00f5rvar\u00f5ngaid saab valmistada tellimust\u00f6\u00f6na punasest, kollasest ja valgest kullast.<\/p>\n<p>\u2022 K\u00f5rvar\u00f5ngaste kuld: 18-karadine (proov 750)<\/p>\n<p>\u2022 K\u00f5rvar\u00f5ngaste v\u00e4rvus: valge kuld<\/p>\n<p>\u2022 K\u00f5rvar\u00f5ngaste kaal: umbes 1,80\u20132,50 g<\/p>\n<p>\u2022 Teemandi t\u00fc\u00fcp: Looduslikud teemandid<\/p>\n<p>\u2022 Teemandi kuju: \u00dcmar lihv (Round shape)<\/p>\n<p>\u2022 Teemandi omadused: 0,18 ct, v\u00e4rvus G-H (RW-W); puhtus SI<\/p>\n<p>\u2022 P\u00e4rli t\u00fc\u00fcp: mageveep\u00e4rlid (j\u00f5ep\u00e4rlid)<\/p>\n<p>\u2022 P\u00e4rli kuju: \u00dcmar kuju (Round cut)<\/p>\n<p>\u2022 P\u00e4rli omadused: 9 mm, AA (k\u00f5rge kvaliteet)<\/p>\n<p>\u2022 Sertifikaat: Leedu Proovikoda (LPR)<\/p>\n<p>\u2022 K\u00f5rvar\u00f5ngaste m\u00f5\u00f5tmed:<\/p>\n<p>\u2022 Tasuta graveerimine<\/p>\n<p>\u2022 Valmistamis- ja tarneaeg alates 21 t\u00f6\u00f6p\u00e4evast, kiirtellimusena 3 t\u00f6\u00f6p\u00e4eva jooksul.<\/p>\n<p><strong>On teil oma kulda v\u00f5i v\u00e4\u00e4riskive? V\u00f5tke \u00fchendust, arvutame hinna \u00fcmber \u2013 maksate vaid k\u00f5rvar\u00f5ngaste valmistamise eest.<\/strong><\/p>\n","protected":false},"excerpt":{"rendered":"<p>Moodsa disainiga kuldsed r\u00f5ngask\u00f5rvar\u00f5ngad-transformerid ja eemaldatavad ripatsid 9 mm p\u00e4rlite ning teemantidega. See disain on ainulaadne selle poolest, et k\u00f5rvar\u00f5ngaste disaini saab iga p\u00e4ev muuta. Kui soovite tagasihoidlikumat v\u00e4limust, v\u00f5ite j\u00e4tta p\u00e4rlitega ripatsid lisamata ja kanda lihtsalt teemantidega r\u00f5ngaid. Sobivad nii igap\u00e4evaseks kandmiseks kui ka erilisteks puhkudeks, pakkudes silmapaistvat stiili.<\/p>\n","protected":false},"featured_media":239899,"template":"","meta":{"site-sidebar-layout":"","site-content-layout":"","ast-site-content-layout":"","site-content-style":"","site-sidebar-style":"","ast-global-header-display":"","ast-banner-title-visibility":"","ast-main-header-display":"","ast-hfb-above-header-display":"","ast-hfb-below-header-display":"","ast-hfb-mobile-header-display":"","site-post-title":"","ast-breadcrumbs-content":"","ast-featured-img":"","footer-sml-layout":"","ast-disable-related-posts":"","theme-transparent-header-meta":"","adv-header-id-meta":"","stick-header-meta":"","header-above-stick-meta":"","header-main-stick-meta":"","header-below-stick-meta":"","astra-migrate-meta-layouts":"default","ast-page-background-enabled":"default","ast-page-background-meta":{"desktop":{"background-color":"var(--ast-global-color-4)","background-image":"","background-repeat":"repeat","background-position":"center center","background-size":"auto","background-attachment":"scroll","background-type":"","background-media":"","overlay-type":"","overlay-color":"","overlay-opacity":"","overlay-gradient":""},"tablet":{"background-color":"","background-image":"","background-repeat":"repeat","background-position":"center center","background-size":"auto","background-attachment":"scroll","background-type":"","background-media":"","overlay-type":"","overlay-color":"","overlay-opacity":"","overlay-gradient":""},"mobile":{"background-color":"","background-image":"","background-repeat":"repeat","background-position":"center center","background-size":"auto","background-attachment":"scroll","background-type":"","background-media":"","overlay-type":"","overlay-color":"","overlay-opacity":"","overlay-gradient":""}},"ast-content-background-meta":{"desktop":{"background-color":"var(--ast-global-color-5)","background-image":"","background-repeat":"repeat","background-position":"center center","background-size":"auto","background-attachment":"scroll","background-type":"","background-media":"","overlay-type":"","overlay-color":"","overlay-opacity":"","overlay-gradient":""},"tablet":{"background-color":"var(--ast-global-color-5)","background-image":"","background-repeat":"repeat","background-position":"center center","background-size":"auto","background-attachment":"scroll","background-type":"","background-media":"","overlay-type":"","overlay-color":"","overlay-opacity":"","overlay-gradient":""},"mobile":{"background-color":"var(--ast-global-color-5)","background-image":"","background-repeat":"repeat","background-position":"center center","background-size":"auto","background-attachment":"scroll","background-type":"","background-media":"","overlay-type":"","overlay-color":"","overlay-opacity":"","overlay-gradient":""}}},"product_brand":[],"product_cat":[3058,2830,3615,2826,2829,2823,2828,2822,2824,3392,2821,2970,2971,3536,2846,2845,2966,2827],"product_tag":[],"class_list":{"0":"post-280329","1":"product","2":"type-product","3":"status-publish","4":"has-post-thumbnail","6":"product_cat-ehted","7":"product_cat-emadepaeva-kingitused","8":"product_cat-inglise-lukuga-korvarongad","9":"product_cat-joulukingid","10":"product_cat-kingitused-erilisteks-puhkudeks","11":"product_cat-kingitused-lapse-sunni-puhul","12":"product_cat-kingitused-lopetamise-puhul","13":"product_cat-kingitused-naistele","14":"product_cat-kingitused-pulma-aastapaeva-puhul","15":"product_cat-kingitused-pulmade-puhul","16":"product_cat-kingitused-sunnipaevaks","17":"product_cat-parlid-parlitega-ehted","18":"product_cat-parlitega-korvarongad","19":"product_cat-pidulikud-korvarongad","20":"product_cat-poolvaariskividega-ehted","21":"product_cat-sobrapaeva-kingitused","22":"product_cat-teemantidega-korvarongad","23":"product_cat-valgest-kullast-ehted","24":"desktop-align-center","25":"tablet-align-left","26":"mobile-align-left","27":"ast-product-gallery-layout-horizontal-slider","28":"ast-product-gallery-with-no-image","29":"ast-product-tabs-layout-accordion","30":"ast-qv-on-image","32":"first","33":"instock","34":"taxable","35":"shipping-taxable","36":"purchasable","37":"product-type-simple"},"yoast_head":"<!-- This site is optimized with the Yoast SEO plugin v26.6 - https:\/\/yoast.com\/wordpress\/plugins\/seo\/ -->\n<title>Kullast k\u00f5rvar\u00f5ngad p\u00e4rlite ja teemantidega (9 mm, 0,18 ct)<\/title>\n<meta name=\"description\" content=\"R\u00f5ngask\u00f5rvar\u00f5ngad-transformerid ja eemaldatavad ripatsid 9 mm p\u00e4rlite ja teemantidega. Kui soovite subtiilset disaini, v\u00f5ite kanda ilma p\u00e4rliripatsiteta.\" \/>\n<meta name=\"robots\" content=\"index, follow, max-snippet:-1, max-image-preview:large, max-video-preview:-1\" \/>\n<link rel=\"canonical\" href=\"https:\/\/fashiongold.lt\/et\/papuosalas\/kuldkorvarongad-parlite-ja-teemantidega-9-mm-0-18-ct\/\" \/>\n<meta property=\"og:locale\" content=\"et_EE\" \/>\n<meta property=\"og:type\" content=\"article\" \/>\n<meta property=\"og:title\" content=\"Kullast k\u00f5rvar\u00f5ngad p\u00e4rlite ja teemantidega (9 mm, 0,18 ct)\" \/>\n<meta property=\"og:description\" content=\"R\u00f5ngask\u00f5rvar\u00f5ngad-transformerid ja eemaldatavad ripatsid 9 mm p\u00e4rlite ja teemantidega. Kui soovite subtiilset disaini, v\u00f5ite kanda ilma p\u00e4rliripatsiteta.\" \/>\n<meta property=\"og:url\" content=\"https:\/\/fashiongold.lt\/et\/papuosalas\/kuldkorvarongad-parlite-ja-teemantidega-9-mm-0-18-ct\/\" \/>\n<meta property=\"og:site_name\" content=\"FashionGold.lt\" \/>\n<meta property=\"article:modified_time\" content=\"2026-02-11T20:40:16+00:00\" \/>\n<meta property=\"og:image\" content=\"https:\/\/fashiongold.lt\/wp-content\/uploads\/2025\/10\/11969-651-Auksiniai-auskarai-su-perlais-ir-deimantais-9-mm-0.18-ct.webp\" \/>\n\t<meta property=\"og:image:width\" content=\"1000\" \/>\n\t<meta property=\"og:image:height\" content=\"1000\" \/>\n\t<meta property=\"og:image:type\" content=\"image\/png\" \/>\n<meta name=\"twitter:card\" content=\"summary_large_image\" \/>\n<meta name=\"twitter:label1\" content=\"Est. reading time\" \/>\n\t<meta name=\"twitter:data1\" content=\"1 minut\" \/>\n<script type=\"application\/ld+json\" class=\"yoast-schema-graph\">{\"@context\":\"https:\/\/schema.org\",\"@graph\":[{\"@type\":\"WebPage\",\"@id\":\"https:\/\/fashiongold.lt\/et\/papuosalas\/kuldkorvarongad-parlite-ja-teemantidega-9-mm-0-18-ct\/\",\"url\":\"https:\/\/fashiongold.lt\/et\/papuosalas\/kuldkorvarongad-parlite-ja-teemantidega-9-mm-0-18-ct\/\",\"name\":\"Kullast k\u00f5rvar\u00f5ngad p\u00e4rlite ja teemantidega (9 mm, 0,18 ct)\",\"isPartOf\":{\"@id\":\"https:\/\/fashiongold.lt\/et\/#website\"},\"primaryImageOfPage\":{\"@id\":\"https:\/\/fashiongold.lt\/et\/papuosalas\/kuldkorvarongad-parlite-ja-teemantidega-9-mm-0-18-ct\/#primaryimage\"},\"image\":{\"@id\":\"https:\/\/fashiongold.lt\/et\/papuosalas\/kuldkorvarongad-parlite-ja-teemantidega-9-mm-0-18-ct\/#primaryimage\"},\"thumbnailUrl\":\"https:\/\/fashiongold.lt\/wp-content\/uploads\/2025\/10\/11969-651-Auksiniai-auskarai-su-perlais-ir-deimantais-9-mm-0.18-ct.png\",\"datePublished\":\"2025-10-23T07:38:20+00:00\",\"dateModified\":\"2026-02-11T20:40:16+00:00\",\"description\":\"R\u00f5ngask\u00f5rvar\u00f5ngad-transformerid ja eemaldatavad ripatsid 9 mm p\u00e4rlite ja teemantidega. Kui soovite subtiilset disaini, v\u00f5ite kanda ilma p\u00e4rliripatsiteta.\",\"breadcrumb\":{\"@id\":\"https:\/\/fashiongold.lt\/et\/papuosalas\/kuldkorvarongad-parlite-ja-teemantidega-9-mm-0-18-ct\/#breadcrumb\"},\"inLanguage\":\"et\",\"potentialAction\":[{\"@type\":\"ReadAction\",\"target\":[\"https:\/\/fashiongold.lt\/et\/papuosalas\/kuldkorvarongad-parlite-ja-teemantidega-9-mm-0-18-ct\/\"]}]},{\"@type\":\"ImageObject\",\"inLanguage\":\"et\",\"@id\":\"https:\/\/fashiongold.lt\/et\/papuosalas\/kuldkorvarongad-parlite-ja-teemantidega-9-mm-0-18-ct\/#primaryimage\",\"url\":\"https:\/\/fashiongold.lt\/wp-content\/uploads\/2025\/10\/11969-651-Auksiniai-auskarai-su-perlais-ir-deimantais-9-mm-0.18-ct.png\",\"contentUrl\":\"https:\/\/fashiongold.lt\/wp-content\/uploads\/2025\/10\/11969-651-Auksiniai-auskarai-su-perlais-ir-deimantais-9-mm-0.18-ct.png\",\"width\":1000,\"height\":1000},{\"@type\":\"BreadcrumbList\",\"@id\":\"https:\/\/fashiongold.lt\/et\/papuosalas\/kuldkorvarongad-parlite-ja-teemantidega-9-mm-0-18-ct\/#breadcrumb\",\"itemListElement\":[{\"@type\":\"ListItem\",\"position\":1,\"name\":\"Home\",\"item\":\"https:\/\/fashiongold.lt\/et\/\"},{\"@type\":\"ListItem\",\"position\":2,\"name\":\"Teemantide pood Fashiongold.lt\",\"item\":\"https:\/\/fashiongold.lt\/shop-2\/\"},{\"@type\":\"ListItem\",\"position\":3,\"name\":\"Kuldk\u00f5rvar\u00f5ngad p\u00e4rlite ja teemantidega (9 mm, 0.18 ct)\"}]},{\"@type\":\"WebSite\",\"@id\":\"https:\/\/fashiongold.lt\/et\/#website\",\"url\":\"https:\/\/fashiongold.lt\/et\/\",\"name\":\"Fashion Gold\",\"description\":\"Juvelyrikos namai\",\"publisher\":{\"@id\":\"https:\/\/fashiongold.lt\/et\/#organization\"},\"potentialAction\":[{\"@type\":\"SearchAction\",\"target\":{\"@type\":\"EntryPoint\",\"urlTemplate\":\"https:\/\/fashiongold.lt\/et\/?s={search_term_string}\"},\"query-input\":{\"@type\":\"PropertyValueSpecification\",\"valueRequired\":true,\"valueName\":\"search_term_string\"}}],\"inLanguage\":\"et\"},{\"@type\":\"Organization\",\"@id\":\"https:\/\/fashiongold.lt\/et\/#organization\",\"name\":\"Topdiamonds Online\",\"url\":\"https:\/\/fashiongold.lt\/et\/\",\"logo\":{\"@type\":\"ImageObject\",\"inLanguage\":\"et\",\"@id\":\"https:\/\/fashiongold.lt\/et\/#\/schema\/logo\/image\/\",\"url\":\"https:\/\/fashiongold.lt\/wp-content\/uploads\/2025\/04\/cropped-fashion_gold_logotipas2-scaled-1.png\",\"contentUrl\":\"https:\/\/fashiongold.lt\/wp-content\/uploads\/2025\/04\/cropped-fashion_gold_logotipas2-scaled-1.png\",\"width\":2559,\"height\":421,\"caption\":\"Topdiamonds Online\"},\"image\":{\"@id\":\"https:\/\/fashiongold.lt\/et\/#\/schema\/logo\/image\/\"}}]}<\/script>\n<!-- \/ Yoast SEO plugin. -->","yoast_head_json":{"title":"Kullast k\u00f5rvar\u00f5ngad p\u00e4rlite ja teemantidega (9 mm, 0,18 ct)","description":"R\u00f5ngask\u00f5rvar\u00f5ngad-transformerid ja eemaldatavad ripatsid 9 mm p\u00e4rlite ja teemantidega. Kui soovite subtiilset disaini, v\u00f5ite kanda ilma p\u00e4rliripatsiteta.","robots":{"index":"index","follow":"follow","max-snippet":"max-snippet:-1","max-image-preview":"max-image-preview:large","max-video-preview":"max-video-preview:-1"},"canonical":"https:\/\/fashiongold.lt\/et\/papuosalas\/kuldkorvarongad-parlite-ja-teemantidega-9-mm-0-18-ct\/","og_locale":"et_EE","og_type":"article","og_title":"Kullast k\u00f5rvar\u00f5ngad p\u00e4rlite ja teemantidega (9 mm, 0,18 ct)","og_description":"R\u00f5ngask\u00f5rvar\u00f5ngad-transformerid ja eemaldatavad ripatsid 9 mm p\u00e4rlite ja teemantidega. Kui soovite subtiilset disaini, v\u00f5ite kanda ilma p\u00e4rliripatsiteta.","og_url":"https:\/\/fashiongold.lt\/et\/papuosalas\/kuldkorvarongad-parlite-ja-teemantidega-9-mm-0-18-ct\/","og_site_name":"FashionGold.lt","article_modified_time":"2026-02-11T20:40:16+00:00","og_image":[{"width":1000,"height":1000,"url":"https:\/\/fashiongold.lt\/wp-content\/uploads\/2025\/10\/11969-651-Auksiniai-auskarai-su-perlais-ir-deimantais-9-mm-0.18-ct.webp","type":"image\/png"}],"twitter_card":"summary_large_image","twitter_misc":{"Est. reading time":"1 minut"},"schema":{"@context":"https:\/\/schema.org","@graph":[{"@type":"WebPage","@id":"https:\/\/fashiongold.lt\/et\/papuosalas\/kuldkorvarongad-parlite-ja-teemantidega-9-mm-0-18-ct\/","url":"https:\/\/fashiongold.lt\/et\/papuosalas\/kuldkorvarongad-parlite-ja-teemantidega-9-mm-0-18-ct\/","name":"Kullast k\u00f5rvar\u00f5ngad p\u00e4rlite ja teemantidega (9 mm, 0,18 ct)","isPartOf":{"@id":"https:\/\/fashiongold.lt\/et\/#website"},"primaryImageOfPage":{"@id":"https:\/\/fashiongold.lt\/et\/papuosalas\/kuldkorvarongad-parlite-ja-teemantidega-9-mm-0-18-ct\/#primaryimage"},"image":{"@id":"https:\/\/fashiongold.lt\/et\/papuosalas\/kuldkorvarongad-parlite-ja-teemantidega-9-mm-0-18-ct\/#primaryimage"},"thumbnailUrl":"https:\/\/fashiongold.lt\/wp-content\/uploads\/2025\/10\/11969-651-Auksiniai-auskarai-su-perlais-ir-deimantais-9-mm-0.18-ct.png","datePublished":"2025-10-23T07:38:20+00:00","dateModified":"2026-02-11T20:40:16+00:00","description":"R\u00f5ngask\u00f5rvar\u00f5ngad-transformerid ja eemaldatavad ripatsid 9 mm p\u00e4rlite ja teemantidega. Kui soovite subtiilset disaini, v\u00f5ite kanda ilma p\u00e4rliripatsiteta.","breadcrumb":{"@id":"https:\/\/fashiongold.lt\/et\/papuosalas\/kuldkorvarongad-parlite-ja-teemantidega-9-mm-0-18-ct\/#breadcrumb"},"inLanguage":"et","potentialAction":[{"@type":"ReadAction","target":["https:\/\/fashiongold.lt\/et\/papuosalas\/kuldkorvarongad-parlite-ja-teemantidega-9-mm-0-18-ct\/"]}]},{"@type":"ImageObject","inLanguage":"et","@id":"https:\/\/fashiongold.lt\/et\/papuosalas\/kuldkorvarongad-parlite-ja-teemantidega-9-mm-0-18-ct\/#primaryimage","url":"https:\/\/fashiongold.lt\/wp-content\/uploads\/2025\/10\/11969-651-Auksiniai-auskarai-su-perlais-ir-deimantais-9-mm-0.18-ct.png","contentUrl":"https:\/\/fashiongold.lt\/wp-content\/uploads\/2025\/10\/11969-651-Auksiniai-auskarai-su-perlais-ir-deimantais-9-mm-0.18-ct.png","width":1000,"height":1000},{"@type":"BreadcrumbList","@id":"https:\/\/fashiongold.lt\/et\/papuosalas\/kuldkorvarongad-parlite-ja-teemantidega-9-mm-0-18-ct\/#breadcrumb","itemListElement":[{"@type":"ListItem","position":1,"name":"Home","item":"https:\/\/fashiongold.lt\/et\/"},{"@type":"ListItem","position":2,"name":"Teemantide pood Fashiongold.lt","item":"https:\/\/fashiongold.lt\/shop-2\/"},{"@type":"ListItem","position":3,"name":"Kuldk\u00f5rvar\u00f5ngad p\u00e4rlite ja teemantidega (9 mm, 0.18 ct)"}]},{"@type":"WebSite","@id":"https:\/\/fashiongold.lt\/et\/#website","url":"https:\/\/fashiongold.lt\/et\/","name":"Fashion Gold","description":"Juvelyrikos namai","publisher":{"@id":"https:\/\/fashiongold.lt\/et\/#organization"},"potentialAction":[{"@type":"SearchAction","target":{"@type":"EntryPoint","urlTemplate":"https:\/\/fashiongold.lt\/et\/?s={search_term_string}"},"query-input":{"@type":"PropertyValueSpecification","valueRequired":true,"valueName":"search_term_string"}}],"inLanguage":"et"},{"@type":"Organization","@id":"https:\/\/fashiongold.lt\/et\/#organization","name":"Topdiamonds Online","url":"https:\/\/fashiongold.lt\/et\/","logo":{"@type":"ImageObject","inLanguage":"et","@id":"https:\/\/fashiongold.lt\/et\/#\/schema\/logo\/image\/","url":"https:\/\/fashiongold.lt\/wp-content\/uploads\/2025\/04\/cropped-fashion_gold_logotipas2-scaled-1.png","contentUrl":"https:\/\/fashiongold.lt\/wp-content\/uploads\/2025\/04\/cropped-fashion_gold_logotipas2-scaled-1.png","width":2559,"height":421,"caption":"Topdiamonds Online"},"image":{"@id":"https:\/\/fashiongold.lt\/et\/#\/schema\/logo\/image\/"}}]}},"_links":{"self":[{"href":"https:\/\/fashiongold.lt\/et\/wp-json\/wp\/v2\/product\/280329","targetHints":{"allow":["GET"]}}],"collection":[{"href":"https:\/\/fashiongold.lt\/et\/wp-json\/wp\/v2\/product"}],"about":[{"href":"https:\/\/fashiongold.lt\/et\/wp-json\/wp\/v2\/types\/product"}],"version-history":[{"count":0,"href":"https:\/\/fashiongold.lt\/et\/wp-json\/wp\/v2\/product\/280329\/revisions"}],"wp:featuredmedia":[{"embeddable":true,"href":"https:\/\/fashiongold.lt\/et\/wp-json\/wp\/v2\/media\/239899"}],"wp:attachment":[{"href":"https:\/\/fashiongold.lt\/et\/wp-json\/wp\/v2\/media?parent=280329"}],"wp:term":[{"taxonomy":"product_brand","embeddable":true,"href":"https:\/\/fashiongold.lt\/et\/wp-json\/wp\/v2\/product_brand?post=280329"},{"taxonomy":"product_cat","embeddable":true,"href":"https:\/\/fashiongold.lt\/et\/wp-json\/wp\/v2\/product_cat?post=280329"},{"taxonomy":"product_tag","embeddable":true,"href":"https:\/\/fashiongold.lt\/et\/wp-json\/wp\/v2\/product_tag?post=280329"}],"curies":[{"name":"wp","href":"https:\/\/api.w.org\/{rel}","templated":true}]}}