{"id":280842,"date":"2025-10-17T10:58:00","date_gmt":"2025-10-17T10:58:00","guid":{"rendered":"https:\/\/fashiongold.lt\/papuosalas\/klassikaline-teemandiga-kihlasormus-010-ct\/"},"modified":"2026-02-11T20:48:43","modified_gmt":"2026-02-11T20:48:43","slug":"klassikaline-teemandiga-kihlasormus-010-ct","status":"publish","type":"product","link":"https:\/\/fashiongold.lt\/et\/papuosalas\/klassikaline-teemandiga-kihlasormus-010-ct\/","title":{"rendered":"Klassikaline teemandiga kihlas\u00f5rmus (0,10 ct)"},"content":{"rendered":"<h2 data-start=\"268\" data-end=\"347\"><strong data-start=\"268\" data-end=\"345\">P\u00fcsiv klassika \u2013 valgest kullast kihlas\u00f5rmus teemandiga (0,10 ct)<\/strong><\/h2>\n<h3>Valgest kullast kihlas\u00f5rmus 0,10 ct loodusliku teemandiga. Rafineeritud ja mugav, s\u00e4ilitades laitmatu s\u00e4ra nii igap\u00e4evaselt kui ka erilistel puhkudel.<\/h3>\n<p>Valmistatud Leedus, j\u00e4rgides k\u00f5rgeimaid juveelitootmise standardeid.<\/p>\n<p>\u2022 <strong><a href=\"https:\/\/fashiongold.lt\/et\/patarimai-et\/kulla-proov-ehetele-kuidas-valida-oiget\/\" target=\"_blank\" rel=\"noopener\">S\u00f5rmuse metall<\/a><\/strong>: 14K (proov 585);<\/p>\n<p>\u2022 <strong><a href=\"https:\/\/fashiongold.lt\/et\/patarimai-et\/kihla-ja-abielusormuste-kulla-varvus-valge-punane-voi-kollane-kuld\/\" target=\"_blank\" rel=\"noopener\">S\u00f5rmuse v\u00e4rvus<\/a><\/strong>: valge;<\/p>\n<p>\u2022 <strong><a href=\"https:\/\/fashiongold.lt\/et\/patarimai-et\/teemantsormused-sormuse-kulla-kaal-ja-teemantide-kaal-karaatides-kuidas-valida-sobivat-soovitused-kuidas-moista-ja-hinnata\/\" target=\"_blank\" rel=\"noopener\">S\u00f5rmuse kaal<\/a><\/strong>: 1,44 g;<\/p>\n<p>\u2022 <strong><a href=\"https:\/\/fashiongold.lt\/et\/patarimai-et\/kihlasormused-taiusliku-proportsiooni-saladus-miks-moned-teemantsormused-naevad-luksuslikumad-valja\/\" target=\"_blank\" rel=\"noopener\">S\u00f5rmuse m\u00f5\u00f5tmed<\/a><\/strong>: krooni k\u00f5rgus u 3,4 mm, v\u00f5ru laius u 2,3 mm;<\/p>\n<p>\u2022 <strong><a href=\"https:\/\/fashiongold.lt\/et\/patarimai-et\/sormuse-mugavustsoon-voi-sormuse-mugavus\/\" target=\"_blank\" rel=\"noopener\">S\u00f5rmuse mugavustsoon<\/a><\/strong>: olemas;<\/p>\n<p>\u2022 <strong><a href=\"https:\/\/fashiongold.lt\/et\/patarimai-et\/teemant-looduslik-laboris-kasvatatud-voi-kunstlik-kuidas-teha-oige-valik\/\" target=\"_blank\" rel=\"noopener\">Teemandi t\u00fc\u00fcp<\/a><\/strong>: Looduslik teemant;<\/p>\n<p>\u2022 <strong><a href=\"https:\/\/fashiongold.lt\/et\/patarimai-et\/teemant-teised-teemandi-kujud\/\" target=\"_blank\" rel=\"noopener\">Teemandi kuju<\/a><\/strong>: \u00dcmarlihv (Round cut);<\/p>\n<p>\u2022 <strong><a href=\"https:\/\/fashiongold.lt\/et\/patarimai-et\/teemant-kuidas-hinnatakse-koige-vaartuslikuma-vaariskivi-luksust\/\" target=\"_blank\" rel=\"noopener\">Teemandi omadused<\/a><\/strong>: 0,10 ct teemant (v\u00e4rvus H, puhtus SI2);<\/p>\n<p>\u2022 <strong><a href=\"https:\/\/fashiongold.lt\/et\/patarimai-et\/teemant-rubiin-safiir-smaragd-vaariskivide-sertifikaadid\/\" target=\"_blank\" rel=\"noopener\">Sertifikaat<\/a><\/strong>: Leedu Proovikoda (LPR) \u2013 AB296265;<\/p>\n<p>\u2022 <strong><a href=\"https:\/\/fashiongold.lt\/et\/patarimai-et\/kihlasormused-kas-sormust-saab-graveerida-detailid-mis-annavad-teie-kihlasormusele-individuaalsust\/\" target=\"_blank\" rel=\"noopener\">Graveerimine<\/a><\/strong> on tasuta;<\/p>\n<p>\u2022 \u00dchekordne tasuta <strong><a href=\"https:\/\/fashiongold.lt\/et\/patarimai-et\/kihlasormused-tasuta-suuruse-muutmine-et-sormus-sobiks-ideaalselt\/\" target=\"_blank\" rel=\"noopener\">s\u00f5rmuse suuruse muutmise garantii<\/a><\/strong> (vastavalt v\u00f5imalustele);<\/p>\n<p>\u2022 <strong><a href=\"https:\/\/fashiongold.lt\/et\/tarne-ja-tagastamine\/\" target=\"_blank\" rel=\"noopener\">Tarneaeg<\/a><\/strong>: 1\u20134 t\u00f6\u00f6p\u00e4eva.<\/p>\n","protected":false},"excerpt":{"rendered":"<p>See valgest kullast teemandiga kihlas\u00f5rmus on \u00fche armastuse ja \u00fche lubaduse s\u00fcmbol. S\u00e4rav kivi on k\u00f5ige kirkam aktsent, mis annab tunnistust tugevast tundest ja erilisest sidemest kahe inimese vahel. Klassikaline disain j\u00e4\u00e4b aja jooksul veatuks, mist\u00f5ttu sobib see s\u00f5rmus suurep\u00e4raselt kihluseks ja elu t\u00e4htsaimateks hetkedeks.<\/p>\n","protected":false},"featured_media":231248,"template":"","meta":{"site-sidebar-layout":"default","site-content-layout":"","ast-site-content-layout":"default","site-content-style":"default","site-sidebar-style":"default","ast-global-header-display":"","ast-banner-title-visibility":"","ast-main-header-display":"","ast-hfb-above-header-display":"","ast-hfb-below-header-display":"","ast-hfb-mobile-header-display":"","site-post-title":"","ast-breadcrumbs-content":"","ast-featured-img":"","footer-sml-layout":"","ast-disable-related-posts":"","theme-transparent-header-meta":"default","adv-header-id-meta":"","stick-header-meta":"","header-above-stick-meta":"","header-main-stick-meta":"","header-below-stick-meta":"","astra-migrate-meta-layouts":"default","ast-page-background-enabled":"default","ast-page-background-meta":{"desktop":{"background-color":"var(--ast-global-color-4)","background-image":"","background-repeat":"repeat","background-position":"center center","background-size":"auto","background-attachment":"scroll","background-type":"","background-media":"","overlay-type":"","overlay-color":"","overlay-opacity":"","overlay-gradient":""},"tablet":{"background-color":"","background-image":"","background-repeat":"repeat","background-position":"center center","background-size":"auto","background-attachment":"scroll","background-type":"","background-media":"","overlay-type":"","overlay-color":"","overlay-opacity":"","overlay-gradient":""},"mobile":{"background-color":"","background-image":"","background-repeat":"repeat","background-position":"center center","background-size":"auto","background-attachment":"scroll","background-type":"","background-media":"","overlay-type":"","overlay-color":"","overlay-opacity":"","overlay-gradient":""}},"ast-content-background-meta":{"desktop":{"background-color":"var(--ast-global-color-5)","background-image":"","background-repeat":"repeat","background-position":"center center","background-size":"auto","background-attachment":"scroll","background-type":"","background-media":"","overlay-type":"","overlay-color":"","overlay-opacity":"","overlay-gradient":""},"tablet":{"background-color":"var(--ast-global-color-5)","background-image":"","background-repeat":"repeat","background-position":"center center","background-size":"auto","background-attachment":"scroll","background-type":"","background-media":"","overlay-type":"","overlay-color":"","overlay-opacity":"","overlay-gradient":""},"mobile":{"background-color":"var(--ast-global-color-5)","background-image":"","background-repeat":"repeat","background-position":"center center","background-size":"auto","background-attachment":"scroll","background-type":"","background-media":"","overlay-type":"","overlay-color":"","overlay-opacity":"","overlay-gradient":""}}},"product_brand":[],"product_cat":[3422,3604,3445],"product_tag":[],"class_list":{"0":"post-280842","1":"product","2":"type-product","3":"status-publish","4":"has-post-thumbnail","6":"product_cat-kihlasormused","7":"product_cat-teemandipood-kohapeal-olemas","8":"product_cat-top-kihlasormused","9":"desktop-align-center","10":"tablet-align-left","11":"mobile-align-left","12":"ast-product-gallery-layout-horizontal-slider","13":"ast-product-single-variable","14":"ast-product-tabs-layout-accordion","15":"ast-qv-on-image","17":"first","18":"instock","19":"taxable","20":"shipping-taxable","21":"purchasable","22":"product-type-variable"},"yoast_head":"<!-- This site is optimized with the Yoast SEO plugin v26.6 - https:\/\/yoast.com\/wordpress\/plugins\/seo\/ -->\n<title>Klassikaline teemandiga kihlas\u00f5rmus (0,10 ct)<\/title>\n<meta name=\"description\" content=\"Valgest kullast teemandiga kihlas\u00f5rmus. Klassikaline disain, elegants ja loodusliku kivi s\u00e4ra, loodud erilisteks hetkedeks.\" \/>\n<meta name=\"robots\" content=\"index, follow, max-snippet:-1, max-image-preview:large, max-video-preview:-1\" \/>\n<link rel=\"canonical\" href=\"https:\/\/fashiongold.lt\/et\/papuosalas\/klassikaline-teemandiga-kihlasormus-010-ct\/\" \/>\n<meta property=\"og:locale\" content=\"et_EE\" \/>\n<meta property=\"og:type\" content=\"article\" \/>\n<meta property=\"og:title\" content=\"Klassikaline teemandiga kihlas\u00f5rmus (0,10 ct)\" \/>\n<meta property=\"og:description\" content=\"Valgest kullast teemandiga kihlas\u00f5rmus. Klassikaline disain, elegants ja loodusliku kivi s\u00e4ra, loodud erilisteks hetkedeks.\" \/>\n<meta property=\"og:url\" content=\"https:\/\/fashiongold.lt\/et\/papuosalas\/klassikaline-teemandiga-kihlasormus-010-ct\/\" \/>\n<meta property=\"og:site_name\" content=\"FashionGold.lt\" \/>\n<meta property=\"article:modified_time\" content=\"2026-02-11T20:48:43+00:00\" \/>\n<meta property=\"og:image\" content=\"https:\/\/fashiongold.lt\/wp-content\/uploads\/2025\/10\/225-klasikinis-suzadetuviu-ziedas.webp\" \/>\n\t<meta property=\"og:image:width\" content=\"800\" \/>\n\t<meta property=\"og:image:height\" content=\"800\" \/>\n\t<meta property=\"og:image:type\" content=\"image\/jpeg\" \/>\n<meta name=\"twitter:card\" content=\"summary_large_image\" \/>\n<meta name=\"twitter:label1\" content=\"Est. reading time\" \/>\n\t<meta name=\"twitter:data1\" content=\"1 minut\" \/>\n<script type=\"application\/ld+json\" class=\"yoast-schema-graph\">{\"@context\":\"https:\/\/schema.org\",\"@graph\":[{\"@type\":\"WebPage\",\"@id\":\"https:\/\/fashiongold.lt\/et\/papuosalas\/klassikaline-teemandiga-kihlasormus-010-ct\/\",\"url\":\"https:\/\/fashiongold.lt\/et\/papuosalas\/klassikaline-teemandiga-kihlasormus-010-ct\/\",\"name\":\"Klassikaline teemandiga kihlas\u00f5rmus (0,10 ct)\",\"isPartOf\":{\"@id\":\"https:\/\/fashiongold.lt\/et\/#website\"},\"primaryImageOfPage\":{\"@id\":\"https:\/\/fashiongold.lt\/et\/papuosalas\/klassikaline-teemandiga-kihlasormus-010-ct\/#primaryimage\"},\"image\":{\"@id\":\"https:\/\/fashiongold.lt\/et\/papuosalas\/klassikaline-teemandiga-kihlasormus-010-ct\/#primaryimage\"},\"thumbnailUrl\":\"https:\/\/fashiongold.lt\/wp-content\/uploads\/2025\/10\/225-klasikinis-suzadetuviu-ziedas.jpg\",\"datePublished\":\"2025-10-17T10:58:00+00:00\",\"dateModified\":\"2026-02-11T20:48:43+00:00\",\"description\":\"Valgest kullast teemandiga kihlas\u00f5rmus. Klassikaline disain, elegants ja loodusliku kivi s\u00e4ra, loodud erilisteks hetkedeks.\",\"breadcrumb\":{\"@id\":\"https:\/\/fashiongold.lt\/et\/papuosalas\/klassikaline-teemandiga-kihlasormus-010-ct\/#breadcrumb\"},\"inLanguage\":\"et\",\"potentialAction\":[{\"@type\":\"ReadAction\",\"target\":[\"https:\/\/fashiongold.lt\/et\/papuosalas\/klassikaline-teemandiga-kihlasormus-010-ct\/\"]}]},{\"@type\":\"ImageObject\",\"inLanguage\":\"et\",\"@id\":\"https:\/\/fashiongold.lt\/et\/papuosalas\/klassikaline-teemandiga-kihlasormus-010-ct\/#primaryimage\",\"url\":\"https:\/\/fashiongold.lt\/wp-content\/uploads\/2025\/10\/225-klasikinis-suzadetuviu-ziedas.jpg\",\"contentUrl\":\"https:\/\/fashiongold.lt\/wp-content\/uploads\/2025\/10\/225-klasikinis-suzadetuviu-ziedas.jpg\",\"width\":800,\"height\":800},{\"@type\":\"BreadcrumbList\",\"@id\":\"https:\/\/fashiongold.lt\/et\/papuosalas\/klassikaline-teemandiga-kihlasormus-010-ct\/#breadcrumb\",\"itemListElement\":[{\"@type\":\"ListItem\",\"position\":1,\"name\":\"Home\",\"item\":\"https:\/\/fashiongold.lt\/et\/\"},{\"@type\":\"ListItem\",\"position\":2,\"name\":\"Teemantide pood Fashiongold.lt\",\"item\":\"https:\/\/fashiongold.lt\/shop-2\/\"},{\"@type\":\"ListItem\",\"position\":3,\"name\":\"Klassikaline teemandiga kihlas\u00f5rmus (0,10 ct)\"}]},{\"@type\":\"WebSite\",\"@id\":\"https:\/\/fashiongold.lt\/et\/#website\",\"url\":\"https:\/\/fashiongold.lt\/et\/\",\"name\":\"Fashion Gold\",\"description\":\"Juvelyrikos namai\",\"publisher\":{\"@id\":\"https:\/\/fashiongold.lt\/et\/#organization\"},\"potentialAction\":[{\"@type\":\"SearchAction\",\"target\":{\"@type\":\"EntryPoint\",\"urlTemplate\":\"https:\/\/fashiongold.lt\/et\/?s={search_term_string}\"},\"query-input\":{\"@type\":\"PropertyValueSpecification\",\"valueRequired\":true,\"valueName\":\"search_term_string\"}}],\"inLanguage\":\"et\"},{\"@type\":\"Organization\",\"@id\":\"https:\/\/fashiongold.lt\/et\/#organization\",\"name\":\"Topdiamonds Online\",\"url\":\"https:\/\/fashiongold.lt\/et\/\",\"logo\":{\"@type\":\"ImageObject\",\"inLanguage\":\"et\",\"@id\":\"https:\/\/fashiongold.lt\/et\/#\/schema\/logo\/image\/\",\"url\":\"https:\/\/fashiongold.lt\/wp-content\/uploads\/2025\/04\/cropped-fashion_gold_logotipas2-scaled-1.png\",\"contentUrl\":\"https:\/\/fashiongold.lt\/wp-content\/uploads\/2025\/04\/cropped-fashion_gold_logotipas2-scaled-1.png\",\"width\":2559,\"height\":421,\"caption\":\"Topdiamonds Online\"},\"image\":{\"@id\":\"https:\/\/fashiongold.lt\/et\/#\/schema\/logo\/image\/\"}}]}<\/script>\n<!-- \/ Yoast SEO plugin. -->","yoast_head_json":{"title":"Klassikaline teemandiga kihlas\u00f5rmus (0,10 ct)","description":"Valgest kullast teemandiga kihlas\u00f5rmus. Klassikaline disain, elegants ja loodusliku kivi s\u00e4ra, loodud erilisteks hetkedeks.","robots":{"index":"index","follow":"follow","max-snippet":"max-snippet:-1","max-image-preview":"max-image-preview:large","max-video-preview":"max-video-preview:-1"},"canonical":"https:\/\/fashiongold.lt\/et\/papuosalas\/klassikaline-teemandiga-kihlasormus-010-ct\/","og_locale":"et_EE","og_type":"article","og_title":"Klassikaline teemandiga kihlas\u00f5rmus (0,10 ct)","og_description":"Valgest kullast teemandiga kihlas\u00f5rmus. Klassikaline disain, elegants ja loodusliku kivi s\u00e4ra, loodud erilisteks hetkedeks.","og_url":"https:\/\/fashiongold.lt\/et\/papuosalas\/klassikaline-teemandiga-kihlasormus-010-ct\/","og_site_name":"FashionGold.lt","article_modified_time":"2026-02-11T20:48:43+00:00","og_image":[{"width":800,"height":800,"url":"https:\/\/fashiongold.lt\/wp-content\/uploads\/2025\/10\/225-klasikinis-suzadetuviu-ziedas.webp","type":"image\/jpeg"}],"twitter_card":"summary_large_image","twitter_misc":{"Est. reading time":"1 minut"},"schema":{"@context":"https:\/\/schema.org","@graph":[{"@type":"WebPage","@id":"https:\/\/fashiongold.lt\/et\/papuosalas\/klassikaline-teemandiga-kihlasormus-010-ct\/","url":"https:\/\/fashiongold.lt\/et\/papuosalas\/klassikaline-teemandiga-kihlasormus-010-ct\/","name":"Klassikaline teemandiga kihlas\u00f5rmus (0,10 ct)","isPartOf":{"@id":"https:\/\/fashiongold.lt\/et\/#website"},"primaryImageOfPage":{"@id":"https:\/\/fashiongold.lt\/et\/papuosalas\/klassikaline-teemandiga-kihlasormus-010-ct\/#primaryimage"},"image":{"@id":"https:\/\/fashiongold.lt\/et\/papuosalas\/klassikaline-teemandiga-kihlasormus-010-ct\/#primaryimage"},"thumbnailUrl":"https:\/\/fashiongold.lt\/wp-content\/uploads\/2025\/10\/225-klasikinis-suzadetuviu-ziedas.jpg","datePublished":"2025-10-17T10:58:00+00:00","dateModified":"2026-02-11T20:48:43+00:00","description":"Valgest kullast teemandiga kihlas\u00f5rmus. Klassikaline disain, elegants ja loodusliku kivi s\u00e4ra, loodud erilisteks hetkedeks.","breadcrumb":{"@id":"https:\/\/fashiongold.lt\/et\/papuosalas\/klassikaline-teemandiga-kihlasormus-010-ct\/#breadcrumb"},"inLanguage":"et","potentialAction":[{"@type":"ReadAction","target":["https:\/\/fashiongold.lt\/et\/papuosalas\/klassikaline-teemandiga-kihlasormus-010-ct\/"]}]},{"@type":"ImageObject","inLanguage":"et","@id":"https:\/\/fashiongold.lt\/et\/papuosalas\/klassikaline-teemandiga-kihlasormus-010-ct\/#primaryimage","url":"https:\/\/fashiongold.lt\/wp-content\/uploads\/2025\/10\/225-klasikinis-suzadetuviu-ziedas.jpg","contentUrl":"https:\/\/fashiongold.lt\/wp-content\/uploads\/2025\/10\/225-klasikinis-suzadetuviu-ziedas.jpg","width":800,"height":800},{"@type":"BreadcrumbList","@id":"https:\/\/fashiongold.lt\/et\/papuosalas\/klassikaline-teemandiga-kihlasormus-010-ct\/#breadcrumb","itemListElement":[{"@type":"ListItem","position":1,"name":"Home","item":"https:\/\/fashiongold.lt\/et\/"},{"@type":"ListItem","position":2,"name":"Teemantide pood Fashiongold.lt","item":"https:\/\/fashiongold.lt\/shop-2\/"},{"@type":"ListItem","position":3,"name":"Klassikaline teemandiga kihlas\u00f5rmus (0,10 ct)"}]},{"@type":"WebSite","@id":"https:\/\/fashiongold.lt\/et\/#website","url":"https:\/\/fashiongold.lt\/et\/","name":"Fashion Gold","description":"Juvelyrikos namai","publisher":{"@id":"https:\/\/fashiongold.lt\/et\/#organization"},"potentialAction":[{"@type":"SearchAction","target":{"@type":"EntryPoint","urlTemplate":"https:\/\/fashiongold.lt\/et\/?s={search_term_string}"},"query-input":{"@type":"PropertyValueSpecification","valueRequired":true,"valueName":"search_term_string"}}],"inLanguage":"et"},{"@type":"Organization","@id":"https:\/\/fashiongold.lt\/et\/#organization","name":"Topdiamonds Online","url":"https:\/\/fashiongold.lt\/et\/","logo":{"@type":"ImageObject","inLanguage":"et","@id":"https:\/\/fashiongold.lt\/et\/#\/schema\/logo\/image\/","url":"https:\/\/fashiongold.lt\/wp-content\/uploads\/2025\/04\/cropped-fashion_gold_logotipas2-scaled-1.png","contentUrl":"https:\/\/fashiongold.lt\/wp-content\/uploads\/2025\/04\/cropped-fashion_gold_logotipas2-scaled-1.png","width":2559,"height":421,"caption":"Topdiamonds Online"},"image":{"@id":"https:\/\/fashiongold.lt\/et\/#\/schema\/logo\/image\/"}}]}},"_links":{"self":[{"href":"https:\/\/fashiongold.lt\/et\/wp-json\/wp\/v2\/product\/280842","targetHints":{"allow":["GET"]}}],"collection":[{"href":"https:\/\/fashiongold.lt\/et\/wp-json\/wp\/v2\/product"}],"about":[{"href":"https:\/\/fashiongold.lt\/et\/wp-json\/wp\/v2\/types\/product"}],"version-history":[{"count":0,"href":"https:\/\/fashiongold.lt\/et\/wp-json\/wp\/v2\/product\/280842\/revisions"}],"wp:featuredmedia":[{"embeddable":true,"href":"https:\/\/fashiongold.lt\/et\/wp-json\/wp\/v2\/media\/231248"}],"wp:attachment":[{"href":"https:\/\/fashiongold.lt\/et\/wp-json\/wp\/v2\/media?parent=280842"}],"wp:term":[{"taxonomy":"product_brand","embeddable":true,"href":"https:\/\/fashiongold.lt\/et\/wp-json\/wp\/v2\/product_brand?post=280842"},{"taxonomy":"product_cat","embeddable":true,"href":"https:\/\/fashiongold.lt\/et\/wp-json\/wp\/v2\/product_cat?post=280842"},{"taxonomy":"product_tag","embeddable":true,"href":"https:\/\/fashiongold.lt\/et\/wp-json\/wp\/v2\/product_tag?post=280842"}],"curies":[{"name":"wp","href":"https:\/\/api.w.org\/{rel}","templated":true}]}}