{"id":280857,"date":"2025-10-17T10:55:54","date_gmt":"2025-10-17T10:55:54","guid":{"rendered":"https:\/\/fashiongold.lt\/papuosalas\/kollasest-ja-valgest-kullast-teemandiga-kihlasormus-008-ct\/"},"modified":"2025-10-17T10:55:54","modified_gmt":"2025-10-17T10:55:54","slug":"kollasest-ja-valgest-kullast-teemandiga-kihlasormus-008-ct","status":"publish","type":"product","link":"https:\/\/fashiongold.lt\/et\/papuosalas\/kollasest-ja-valgest-kullast-teemandiga-kihlasormus-008-ct\/","title":{"rendered":"Kollasest ja valgest kullast teemandiga kihlas\u00f5rmus (0,08 ct)"},"content":{"rendered":"<h2>Teemandiga kihlas\u00f5rmus \u2013 kollase ja valge kulla kombinatsioon (0,08 ct)<\/h2>\n<h3>Ilmekas s\u00f5rmus 0,08 ct loodusliku teemandiga. Kollane ja valge kuld loovad modernse kontrasti ja peene elegantsi.<\/h3>\n<p>Valmistatud Leedus, j\u00e4rgides k\u00f5rgeimaid juveelitootmise standardeid.<\/p>\n<p>\u2022 <strong><a href=\"https:\/\/fashiongold.lt\/et\/patarimai-et\/kulla-proov-ehetele-kuidas-valida-oiget\/\" target=\"_blank\" rel=\"noopener\">S\u00f5rmuse metall<\/a><\/strong>: 14K (proov 585);<br \/>\n\u2022 <strong><a href=\"https:\/\/fashiongold.lt\/et\/patarimai-et\/kihla-ja-abielusormuste-kulla-varvus-valge-punane-voi-kollane-kuld\/\" target=\"_blank\" rel=\"noopener\">S\u00f5rmuse v\u00e4rvus<\/a><\/strong>: valge ja kollane;<br \/>\n\u2022 <strong><a href=\"https:\/\/fashiongold.lt\/et\/patarimai-et\/teemantsormused-sormuse-kulla-kaal-ja-teemantide-kaal-karaatides-kuidas-valida-sobivat-soovitused-kuidas-moista-ja-hinnata\/\" target=\"_blank\" rel=\"noopener\">S\u00f5rmuse kaal<\/a><\/strong>: 1,44 g;<br \/>\n\u2022 <strong><a href=\"https:\/\/fashiongold.lt\/et\/patarimai-et\/kihlasormused-taiusliku-proportsiooni-saladus-miks-moned-teemantsormused-naevad-luksuslikumad-valja\/\" target=\"_blank\" rel=\"noopener\">S\u00f5rmuse m\u00f5\u00f5tmed<\/a><\/strong>: krooni k\u00f5rgus: 3,2 mm, v\u00f5ru laius umbes 3,3 mm;<br \/>\n\u2022 <strong><a href=\"https:\/\/fashiongold.lt\/et\/patarimai-et\/sormuse-mugavustsoon-voi-sormuse-mugavus\/\" target=\"_blank\" rel=\"noopener\">S\u00f5rmuse mugavustsoon<\/a><\/strong>: olemas;<br \/>\n\u2022 <strong><a href=\"https:\/\/fashiongold.lt\/et\/patarimai-et\/teemant-looduslik-laboris-kasvatatud-voi-kunstlik-kuidas-teha-oige-valik\/\" target=\"_blank\" rel=\"noopener\">Teemandi t\u00fc\u00fcp<\/a><\/strong>: Looduslik teemant;<br \/>\n\u2022 <strong><a href=\"https:\/\/fashiongold.lt\/et\/patarimai-et\/teemant-teised-teemandi-kujud\/\" target=\"_blank\" rel=\"noopener\">Teemandi kuju<\/a><\/strong>: \u00dcmar lihv (Round cut);<br \/>\n\u2022 <strong><a href=\"https:\/\/fashiongold.lt\/et\/patarimai-et\/teemant-kuidas-hinnatakse-koige-vaartuslikuma-vaariskivi-luksust\/\" target=\"_blank\" rel=\"noopener\">Teemandi omadused<\/a><\/strong>: 0,08 ct teemant (v\u00e4rvus H, puhtus SI2);<br \/>\n\u2022 <strong><a href=\"https:\/\/fashiongold.lt\/et\/patarimai-et\/teemant-rubiin-safiir-smaragd-vaariskivide-sertifikaadid\/\" target=\"_blank\" rel=\"noopener\">Sertifikaat<\/a><\/strong>: Leedu Proovikoda (LPR) \u2013 AB346789;<br \/>\n\u2022 <strong><a href=\"https:\/\/fashiongold.lt\/et\/patarimai-et\/kihlasormused-kas-sormust-saab-graveerida-detailid-mis-annavad-teie-kihlasormusele-individuaalsust\/\" target=\"_blank\" rel=\"noopener\">Kaiverdus<\/a><\/strong> tasuta;<br \/>\n\u2022 \u00dchekordne tasuta <strong><a href=\"https:\/\/fashiongold.lt\/et\/patarimai-et\/kihlasormused-tasuta-suuruse-muutmine-et-sormus-sobiks-ideaalselt\/\" target=\"_blank\" rel=\"noopener\">s\u00f5rmuse suuruse muutmise garantii<\/a><\/strong> (vastavalt v\u00f5imalusele);<br \/>\n\u2022 <strong><a href=\"https:\/\/fashiongold.lt\/et\/tarne-ja-tagastamine\/\" target=\"_blank\" rel=\"noopener\">Tarneaeg<\/a><\/strong>: 1-4 t.p.<\/p>\n","protected":false},"excerpt":{"rendered":"<p data-start=\"587\" data-end=\"794\">Kaasaegne kihlas\u00f5rmus loodusliku 0.08 ct teemandiga. Kollasest ja valgest kullast v\u00f5ru annab erilise v\u00f5lu ja mugavuse t\u00e4nu sees olevale mugavustsoonile. Elegantne, mugav ja sobib suurep\u00e4raselt nii igap\u00e4evaseks kandmiseks kui ka erilisteks s\u00fcndmusteks.<\/p>\n","protected":false},"featured_media":0,"template":"","meta":{"site-sidebar-layout":"default","site-content-layout":"","ast-site-content-layout":"default","site-content-style":"default","site-sidebar-style":"default","ast-global-header-display":"","ast-banner-title-visibility":"","ast-main-header-display":"","ast-hfb-above-header-display":"","ast-hfb-below-header-display":"","ast-hfb-mobile-header-display":"","site-post-title":"","ast-breadcrumbs-content":"","ast-featured-img":"","footer-sml-layout":"","ast-disable-related-posts":"","theme-transparent-header-meta":"default","adv-header-id-meta":"","stick-header-meta":"","header-above-stick-meta":"","header-main-stick-meta":"","header-below-stick-meta":"","astra-migrate-meta-layouts":"default","ast-page-background-enabled":"default","ast-page-background-meta":{"desktop":{"background-color":"var(--ast-global-color-4)","background-image":"","background-repeat":"repeat","background-position":"center center","background-size":"auto","background-attachment":"scroll","background-type":"","background-media":"","overlay-type":"","overlay-color":"","overlay-opacity":"","overlay-gradient":""},"tablet":{"background-color":"","background-image":"","background-repeat":"repeat","background-position":"center center","background-size":"auto","background-attachment":"scroll","background-type":"","background-media":"","overlay-type":"","overlay-color":"","overlay-opacity":"","overlay-gradient":""},"mobile":{"background-color":"","background-image":"","background-repeat":"repeat","background-position":"center center","background-size":"auto","background-attachment":"scroll","background-type":"","background-media":"","overlay-type":"","overlay-color":"","overlay-opacity":"","overlay-gradient":""}},"ast-content-background-meta":{"desktop":{"background-color":"var(--ast-global-color-5)","background-image":"","background-repeat":"repeat","background-position":"center center","background-size":"auto","background-attachment":"scroll","background-type":"","background-media":"","overlay-type":"","overlay-color":"","overlay-opacity":"","overlay-gradient":""},"tablet":{"background-color":"var(--ast-global-color-5)","background-image":"","background-repeat":"repeat","background-position":"center center","background-size":"auto","background-attachment":"scroll","background-type":"","background-media":"","overlay-type":"","overlay-color":"","overlay-opacity":"","overlay-gradient":""},"mobile":{"background-color":"var(--ast-global-color-5)","background-image":"","background-repeat":"repeat","background-position":"center center","background-size":"auto","background-attachment":"scroll","background-type":"","background-media":"","overlay-type":"","overlay-color":"","overlay-opacity":"","overlay-gradient":""}}},"product_brand":[],"product_cat":[3422,3604,3445],"product_tag":[],"class_list":{"0":"post-280857","1":"product","2":"type-product","3":"status-publish","5":"product_cat-kihlasormused","6":"product_cat-teemandipood-kohapeal-olemas","7":"product_cat-top-kihlasormused","8":"desktop-align-center","9":"tablet-align-left","10":"mobile-align-left","11":"ast-product-gallery-layout-horizontal-slider","12":"ast-product-single-variable","13":"ast-product-tabs-layout-accordion","14":"ast-qv-on-image","16":"first","17":"instock","18":"taxable","19":"shipping-taxable","20":"purchasable","21":"product-type-variable"},"yoast_head":"<!-- This site is optimized with the Yoast SEO plugin v26.6 - https:\/\/yoast.com\/wordpress\/plugins\/seo\/ -->\n<title>Kollasest ja valgest kullast teemandiga kihlas\u00f5rmus (0.08 ct)<\/title>\n<meta name=\"description\" content=\"Moodne 0,08 ct teemandiga s\u00f5rmus, valmistatud kollasest ja valgest kullast. Stiilne ja elegantne valik kihluseks v\u00f5i erilisteks puhkudeks.\" \/>\n<meta name=\"robots\" content=\"index, follow, max-snippet:-1, max-image-preview:large, max-video-preview:-1\" \/>\n<link rel=\"canonical\" href=\"https:\/\/fashiongold.lt\/et\/papuosalas\/kollasest-ja-valgest-kullast-teemandiga-kihlasormus-008-ct\/\" \/>\n<meta property=\"og:locale\" content=\"et_EE\" \/>\n<meta property=\"og:type\" content=\"article\" \/>\n<meta property=\"og:title\" content=\"Kollasest ja valgest kullast teemandiga kihlas\u00f5rmus (0.08 ct)\" \/>\n<meta property=\"og:description\" content=\"Moodne 0,08 ct teemandiga s\u00f5rmus, valmistatud kollasest ja valgest kullast. Stiilne ja elegantne valik kihluseks v\u00f5i erilisteks puhkudeks.\" \/>\n<meta property=\"og:url\" content=\"https:\/\/fashiongold.lt\/et\/papuosalas\/kollasest-ja-valgest-kullast-teemandiga-kihlasormus-008-ct\/\" \/>\n<meta property=\"og:site_name\" content=\"FashionGold.lt\" \/>\n<meta name=\"twitter:card\" content=\"summary_large_image\" \/>\n<meta name=\"twitter:label1\" content=\"Est. reading time\" \/>\n\t<meta name=\"twitter:data1\" content=\"1 minut\" \/>\n<script type=\"application\/ld+json\" class=\"yoast-schema-graph\">{\"@context\":\"https:\/\/schema.org\",\"@graph\":[{\"@type\":\"WebPage\",\"@id\":\"https:\/\/fashiongold.lt\/et\/papuosalas\/kollasest-ja-valgest-kullast-teemandiga-kihlasormus-008-ct\/\",\"url\":\"https:\/\/fashiongold.lt\/et\/papuosalas\/kollasest-ja-valgest-kullast-teemandiga-kihlasormus-008-ct\/\",\"name\":\"Kollasest ja valgest kullast teemandiga kihlas\u00f5rmus (0.08 ct)\",\"isPartOf\":{\"@id\":\"https:\/\/fashiongold.lt\/et\/#website\"},\"datePublished\":\"2025-10-17T10:55:54+00:00\",\"description\":\"Moodne 0,08 ct teemandiga s\u00f5rmus, valmistatud kollasest ja valgest kullast. Stiilne ja elegantne valik kihluseks v\u00f5i erilisteks puhkudeks.\",\"breadcrumb\":{\"@id\":\"https:\/\/fashiongold.lt\/et\/papuosalas\/kollasest-ja-valgest-kullast-teemandiga-kihlasormus-008-ct\/#breadcrumb\"},\"inLanguage\":\"et\",\"potentialAction\":[{\"@type\":\"ReadAction\",\"target\":[\"https:\/\/fashiongold.lt\/et\/papuosalas\/kollasest-ja-valgest-kullast-teemandiga-kihlasormus-008-ct\/\"]}]},{\"@type\":\"BreadcrumbList\",\"@id\":\"https:\/\/fashiongold.lt\/et\/papuosalas\/kollasest-ja-valgest-kullast-teemandiga-kihlasormus-008-ct\/#breadcrumb\",\"itemListElement\":[{\"@type\":\"ListItem\",\"position\":1,\"name\":\"Home\",\"item\":\"https:\/\/fashiongold.lt\/et\/\"},{\"@type\":\"ListItem\",\"position\":2,\"name\":\"Teemantide pood Fashiongold.lt\",\"item\":\"https:\/\/fashiongold.lt\/shop-2\/\"},{\"@type\":\"ListItem\",\"position\":3,\"name\":\"Kollasest ja valgest kullast teemandiga kihlas\u00f5rmus (0,08 ct)\"}]},{\"@type\":\"WebSite\",\"@id\":\"https:\/\/fashiongold.lt\/et\/#website\",\"url\":\"https:\/\/fashiongold.lt\/et\/\",\"name\":\"Fashion Gold\",\"description\":\"Juvelyrikos namai\",\"publisher\":{\"@id\":\"https:\/\/fashiongold.lt\/et\/#organization\"},\"potentialAction\":[{\"@type\":\"SearchAction\",\"target\":{\"@type\":\"EntryPoint\",\"urlTemplate\":\"https:\/\/fashiongold.lt\/et\/?s={search_term_string}\"},\"query-input\":{\"@type\":\"PropertyValueSpecification\",\"valueRequired\":true,\"valueName\":\"search_term_string\"}}],\"inLanguage\":\"et\"},{\"@type\":\"Organization\",\"@id\":\"https:\/\/fashiongold.lt\/et\/#organization\",\"name\":\"Topdiamonds Online\",\"url\":\"https:\/\/fashiongold.lt\/et\/\",\"logo\":{\"@type\":\"ImageObject\",\"inLanguage\":\"et\",\"@id\":\"https:\/\/fashiongold.lt\/et\/#\/schema\/logo\/image\/\",\"url\":\"https:\/\/fashiongold.lt\/wp-content\/uploads\/2025\/04\/cropped-fashion_gold_logotipas2-scaled-1.png\",\"contentUrl\":\"https:\/\/fashiongold.lt\/wp-content\/uploads\/2025\/04\/cropped-fashion_gold_logotipas2-scaled-1.png\",\"width\":2559,\"height\":421,\"caption\":\"Topdiamonds Online\"},\"image\":{\"@id\":\"https:\/\/fashiongold.lt\/et\/#\/schema\/logo\/image\/\"}}]}<\/script>\n<!-- \/ Yoast SEO plugin. -->","yoast_head_json":{"title":"Kollasest ja valgest kullast teemandiga kihlas\u00f5rmus (0.08 ct)","description":"Moodne 0,08 ct teemandiga s\u00f5rmus, valmistatud kollasest ja valgest kullast. Stiilne ja elegantne valik kihluseks v\u00f5i erilisteks puhkudeks.","robots":{"index":"index","follow":"follow","max-snippet":"max-snippet:-1","max-image-preview":"max-image-preview:large","max-video-preview":"max-video-preview:-1"},"canonical":"https:\/\/fashiongold.lt\/et\/papuosalas\/kollasest-ja-valgest-kullast-teemandiga-kihlasormus-008-ct\/","og_locale":"et_EE","og_type":"article","og_title":"Kollasest ja valgest kullast teemandiga kihlas\u00f5rmus (0.08 ct)","og_description":"Moodne 0,08 ct teemandiga s\u00f5rmus, valmistatud kollasest ja valgest kullast. Stiilne ja elegantne valik kihluseks v\u00f5i erilisteks puhkudeks.","og_url":"https:\/\/fashiongold.lt\/et\/papuosalas\/kollasest-ja-valgest-kullast-teemandiga-kihlasormus-008-ct\/","og_site_name":"FashionGold.lt","twitter_card":"summary_large_image","twitter_misc":{"Est. reading time":"1 minut"},"schema":{"@context":"https:\/\/schema.org","@graph":[{"@type":"WebPage","@id":"https:\/\/fashiongold.lt\/et\/papuosalas\/kollasest-ja-valgest-kullast-teemandiga-kihlasormus-008-ct\/","url":"https:\/\/fashiongold.lt\/et\/papuosalas\/kollasest-ja-valgest-kullast-teemandiga-kihlasormus-008-ct\/","name":"Kollasest ja valgest kullast teemandiga kihlas\u00f5rmus (0.08 ct)","isPartOf":{"@id":"https:\/\/fashiongold.lt\/et\/#website"},"datePublished":"2025-10-17T10:55:54+00:00","description":"Moodne 0,08 ct teemandiga s\u00f5rmus, valmistatud kollasest ja valgest kullast. Stiilne ja elegantne valik kihluseks v\u00f5i erilisteks puhkudeks.","breadcrumb":{"@id":"https:\/\/fashiongold.lt\/et\/papuosalas\/kollasest-ja-valgest-kullast-teemandiga-kihlasormus-008-ct\/#breadcrumb"},"inLanguage":"et","potentialAction":[{"@type":"ReadAction","target":["https:\/\/fashiongold.lt\/et\/papuosalas\/kollasest-ja-valgest-kullast-teemandiga-kihlasormus-008-ct\/"]}]},{"@type":"BreadcrumbList","@id":"https:\/\/fashiongold.lt\/et\/papuosalas\/kollasest-ja-valgest-kullast-teemandiga-kihlasormus-008-ct\/#breadcrumb","itemListElement":[{"@type":"ListItem","position":1,"name":"Home","item":"https:\/\/fashiongold.lt\/et\/"},{"@type":"ListItem","position":2,"name":"Teemantide pood Fashiongold.lt","item":"https:\/\/fashiongold.lt\/shop-2\/"},{"@type":"ListItem","position":3,"name":"Kollasest ja valgest kullast teemandiga kihlas\u00f5rmus (0,08 ct)"}]},{"@type":"WebSite","@id":"https:\/\/fashiongold.lt\/et\/#website","url":"https:\/\/fashiongold.lt\/et\/","name":"Fashion Gold","description":"Juvelyrikos namai","publisher":{"@id":"https:\/\/fashiongold.lt\/et\/#organization"},"potentialAction":[{"@type":"SearchAction","target":{"@type":"EntryPoint","urlTemplate":"https:\/\/fashiongold.lt\/et\/?s={search_term_string}"},"query-input":{"@type":"PropertyValueSpecification","valueRequired":true,"valueName":"search_term_string"}}],"inLanguage":"et"},{"@type":"Organization","@id":"https:\/\/fashiongold.lt\/et\/#organization","name":"Topdiamonds Online","url":"https:\/\/fashiongold.lt\/et\/","logo":{"@type":"ImageObject","inLanguage":"et","@id":"https:\/\/fashiongold.lt\/et\/#\/schema\/logo\/image\/","url":"https:\/\/fashiongold.lt\/wp-content\/uploads\/2025\/04\/cropped-fashion_gold_logotipas2-scaled-1.png","contentUrl":"https:\/\/fashiongold.lt\/wp-content\/uploads\/2025\/04\/cropped-fashion_gold_logotipas2-scaled-1.png","width":2559,"height":421,"caption":"Topdiamonds Online"},"image":{"@id":"https:\/\/fashiongold.lt\/et\/#\/schema\/logo\/image\/"}}]}},"_links":{"self":[{"href":"https:\/\/fashiongold.lt\/et\/wp-json\/wp\/v2\/product\/280857","targetHints":{"allow":["GET"]}}],"collection":[{"href":"https:\/\/fashiongold.lt\/et\/wp-json\/wp\/v2\/product"}],"about":[{"href":"https:\/\/fashiongold.lt\/et\/wp-json\/wp\/v2\/types\/product"}],"version-history":[{"count":0,"href":"https:\/\/fashiongold.lt\/et\/wp-json\/wp\/v2\/product\/280857\/revisions"}],"wp:attachment":[{"href":"https:\/\/fashiongold.lt\/et\/wp-json\/wp\/v2\/media?parent=280857"}],"wp:term":[{"taxonomy":"product_brand","embeddable":true,"href":"https:\/\/fashiongold.lt\/et\/wp-json\/wp\/v2\/product_brand?post=280857"},{"taxonomy":"product_cat","embeddable":true,"href":"https:\/\/fashiongold.lt\/et\/wp-json\/wp\/v2\/product_cat?post=280857"},{"taxonomy":"product_tag","embeddable":true,"href":"https:\/\/fashiongold.lt\/et\/wp-json\/wp\/v2\/product_tag?post=280857"}],"curies":[{"name":"wp","href":"https:\/\/api.w.org\/{rel}","templated":true}]}}