{"id":281184,"date":"2025-10-16T17:54:44","date_gmt":"2025-10-16T17:54:44","guid":{"rendered":"https:\/\/fashiongold.lt\/papuosalas\/0-38-ct-kullast-sormus-roosade-safiiridega\/"},"modified":"2025-10-16T17:54:44","modified_gmt":"2025-10-16T17:54:44","slug":"0-38-ct-kullast-sormus-roosade-safiiridega","status":"publish","type":"product","link":"https:\/\/fashiongold.lt\/et\/toode\/0-38-ct-kullast-sormus-roosade-safiiridega\/","title":{"rendered":"0.38 ct kullast s\u00f5rmus roosade safiiridega"},"content":{"rendered":"<p>Valmistatud Saksamaal kvaliteetsetest v\u00e4\u00e4riskividest. Kordumatu iluga s\u00f5rmus, eksklusiivse stiiliga, k\u00f5rge kvaliteediga, mugavustsooniga. S\u00f5rmust saab valmistada eritellimusel: punasest, kollasest v\u00f5i valgest kullast, v\u00e4rviliste safiiridega v\u00f5i \u00fchev\u00e4rviliste safiiridega. Safiir on j\u00f5u, optimismi ja aktiivsuse s\u00fcmbol. Safiiri maagiline v\u00e4gi \u2013 aitab leevendada pingeid konfliktide ajal ja lahendada terviseprobleeme. Safiir sobib \u2013 Kaladele, Kaaludele, Skorpionitele, Kaksikutele, Neitsitele, L\u00f5videle, J\u00e4\u00e4radele, Veevalajatele, Amburitele.<\/p>\n<p>\u2022 S\u00f5rmuse kuld: 18 K (proov 750)\u00a0 \u00a0 \u00a0\u00a0<\/p>\n<p>\u2022 S\u00f5rmuse v\u00e4rvus: valida saab valge, kollase v\u00f5i punase kulla vahel<\/p>\n<p>\u2022 S\u00f5rmuse kaal (s\u00f5ltub suurusest ja proovist): umbes 1,00 &#8211; 2,00 g\u00a0 \u00a0 \u00a0 \u00a0 \u00a0<\/p>\n<p>\u2022 S\u00f5rmuse m\u00f5\u00f5tmed:\u00a0<\/p>\n<p>\u2022 S\u00f5rmuse mugavustsoon: olemas\u00a0 \u00a0<\/p>\n<p>\u2022 V\u00e4\u00e4riskivi t\u00fc\u00fcp: Looduslik roosa safiir\u00a0\u00a0<\/p>\n<p>\u2022 V\u00e4\u00e4riskivi kuju: \u00fcmar lihv (round cut)\u00a0 \u00a0 \u00a0<\/p>\n<p>\u2022 V\u00e4\u00e4riskivi omadused: 0.38 ct (v\u00f5imalik muuta)\u00a0 \u00a0 \u00a0<\/p>\n<p>\u2022 Sertifikaat: Leedu Proovikoda (LPR)\u00a0 \u00a0 \u00a0 \u00a0<\/p>\n<p>\u2022 Graveerimine tasuta\u00a0<\/p>\n<p>\u2022 \u00dchekordne tasuta s\u00f5rmuse suuruse muutmise garantii (v\u00f5imaluse korral)\u00a0<\/p>\n<p>\u2022 Valmistamis- ja tarneaeg alates 14 t\u00f6\u00f6p\u00e4evast, kiirtellimusel 3 t\u00f6\u00f6p\u00e4eva jooksul.\u00a0<\/p>\n<p><strong>On teil oma kulda? V\u00f5tke \u00fchendust, arvutame hinna \u00fcmber \u2013 maksate vaid s\u00f5rmuste valmistamise eest.<\/strong><\/p>\n","protected":false},"excerpt":{"rendered":"<p>Teemants\u00f5rmus k\u00f5rgeima kvaliteediga looduslike roosade safiiridega. Ainulaadne s\u00f5rmus, mille safiiride kogukaal on 0,38 karaati. Kordumatu valik, mis v\u00e4ljendab stiilseid detaile. Suurep\u00e4rane kingitus stiilsete ehete armastajatele.<\/p>\n","protected":false},"featured_media":1144345,"template":"","meta":{"site-sidebar-layout":"default","site-content-layout":"","ast-site-content-layout":"default","site-content-style":"default","site-sidebar-style":"default","ast-global-header-display":"","ast-banner-title-visibility":"","ast-main-header-display":"","ast-hfb-above-header-display":"","ast-hfb-below-header-display":"","ast-hfb-mobile-header-display":"","site-post-title":"","ast-breadcrumbs-content":"","ast-featured-img":"","footer-sml-layout":"","ast-disable-related-posts":"","theme-transparent-header-meta":"default","adv-header-id-meta":"","stick-header-meta":"","header-above-stick-meta":"","header-main-stick-meta":"","header-below-stick-meta":"","astra-migrate-meta-layouts":"default","ast-page-background-enabled":"default","ast-page-background-meta":{"desktop":{"background-color":"var(--ast-global-color-4)","background-image":"","background-repeat":"repeat","background-position":"center center","background-size":"auto","background-attachment":"scroll","background-type":"","background-media":"","overlay-type":"","overlay-color":"","overlay-opacity":"","overlay-gradient":""},"tablet":{"background-color":"","background-image":"","background-repeat":"repeat","background-position":"center center","background-size":"auto","background-attachment":"scroll","background-type":"","background-media":"","overlay-type":"","overlay-color":"","overlay-opacity":"","overlay-gradient":""},"mobile":{"background-color":"","background-image":"","background-repeat":"repeat","background-position":"center center","background-size":"auto","background-attachment":"scroll","background-type":"","background-media":"","overlay-type":"","overlay-color":"","overlay-opacity":"","overlay-gradient":""}},"ast-content-background-meta":{"desktop":{"background-color":"var(--ast-global-color-5)","background-image":"","background-repeat":"repeat","background-position":"center center","background-size":"auto","background-attachment":"scroll","background-type":"","background-media":"","overlay-type":"","overlay-color":"","overlay-opacity":"","overlay-gradient":""},"tablet":{"background-color":"var(--ast-global-color-5)","background-image":"","background-repeat":"repeat","background-position":"center center","background-size":"auto","background-attachment":"scroll","background-type":"","background-media":"","overlay-type":"","overlay-color":"","overlay-opacity":"","overlay-gradient":""},"mobile":{"background-color":"var(--ast-global-color-5)","background-image":"","background-repeat":"repeat","background-position":"center center","background-size":"auto","background-attachment":"scroll","background-type":"","background-media":"","overlay-type":"","overlay-color":"","overlay-opacity":"","overlay-gradient":""}}},"product_brand":[],"product_cat":[3594,3058,2830,2826,3422,2829,2823,2828,2825,2822,2824,2821,3597,3567,2846,2967,3501,3500,3502,2843,2849,2844,2845,2833,2848,2851],"product_tag":[],"class_list":{"0":"post-281184","1":"product","2":"type-product","3":"status-publish","4":"has-post-thumbnail","6":"product_cat-abielusormused","7":"product_cat-ehted","8":"product_cat-emadepaeva-kingitused","9":"product_cat-joulukingid","10":"product_cat-kihlasormused","11":"product_cat-kingitused-erilisteks-puhkudeks","12":"product_cat-kingitused-lapse-sunni-puhul","13":"product_cat-kingitused-lopetamise-puhul","14":"product_cat-kingitused-meestele","15":"product_cat-kingitused-naistele","16":"product_cat-kingitused-pulma-aastapaeva-puhul","17":"product_cat-kingitused-sunnipaevaks","18":"product_cat-modernsed-pulmasormused","19":"product_cat-naiste-abielusormused","20":"product_cat-poolvaariskividega-ehted","21":"product_cat-punasest-kullast-ehted","22":"product_cat-roosad-vaariskivid","23":"product_cat-roosade-vaariskividega-ehted","24":"product_cat-roosipulm-10-aastat","25":"product_cat-safiir-ehted-safiiridega","26":"product_cat-safiiridega-sormused","27":"product_cat-safiiriga-kihlasormus","28":"product_cat-sobrapaeva-kingitused","29":"product_cat-teemantribad","30":"product_cat-vaariskividega-sormused","31":"product_cat-vits-sormus-vaariskividega","32":"desktop-align-center","33":"tablet-align-left","34":"mobile-align-left","35":"ast-product-gallery-layout-horizontal-slider","36":"ast-product-single-variable","37":"ast-product-tabs-layout-accordion","38":"ast-qv-on-image","40":"first","41":"instock","42":"taxable","43":"shipping-taxable","44":"purchasable","45":"product-type-variable","46":"has-default-attributes"},"yoast_head":"<!-- This site is optimized with the Yoast SEO plugin v26.6 - https:\/\/yoast.com\/wordpress\/plugins\/seo\/ -->\n<title>0.38 ct kulds\u00f5rmus roosade safiiridega | fashiongold.lt<\/title>\n<meta name=\"description\" content=\"Teemantriba 0.38-karaadiste tippkvaliteediga looduslike roosade safiiridega. Suurep\u00e4rane kingitus neile, kes armastavad stiilseid ehteid. Graveerimine on tasuta.\" \/>\n<meta name=\"robots\" content=\"index, follow, max-snippet:-1, max-image-preview:large, max-video-preview:-1\" \/>\n<link rel=\"canonical\" href=\"https:\/\/fashiongold.lt\/et\/toode\/0-38-ct-kullast-sormus-roosade-safiiridega\/\" \/>\n<meta property=\"og:locale\" content=\"et_EE\" \/>\n<meta property=\"og:type\" content=\"article\" \/>\n<meta property=\"og:title\" content=\"0.38 ct kulds\u00f5rmus roosade safiiridega | fashiongold.lt\" \/>\n<meta property=\"og:description\" content=\"Teemantriba 0.38-karaadiste tippkvaliteediga looduslike roosade safiiridega. Suurep\u00e4rane kingitus neile, kes armastavad stiilseid ehteid. Graveerimine on tasuta.\" \/>\n<meta property=\"og:url\" content=\"https:\/\/fashiongold.lt\/et\/toode\/0-38-ct-kullast-sormus-roosade-safiiridega\/\" \/>\n<meta property=\"og:site_name\" content=\"FashionGold.lt\" \/>\n<meta property=\"og:image\" content=\"https:\/\/fashiongold.lt\/wp-content\/uploads\/2025\/10\/0.38-ct-auksinis-ziedas-su-roziniais-safyrais-geltonas-auksas-2-e1778422613590.png\" \/>\n\t<meta property=\"og:image:width\" content=\"1254\" \/>\n\t<meta property=\"og:image:height\" content=\"1254\" \/>\n\t<meta property=\"og:image:type\" content=\"image\/png\" \/>\n<meta name=\"twitter:card\" content=\"summary_large_image\" \/>\n<meta name=\"twitter:label1\" content=\"Est. reading time\" \/>\n\t<meta name=\"twitter:data1\" content=\"1 minut\" \/>\n<script type=\"application\/ld+json\" class=\"yoast-schema-graph\">{\"@context\":\"https:\/\/schema.org\",\"@graph\":[{\"@type\":\"WebPage\",\"@id\":\"https:\/\/fashiongold.lt\/et\/toode\/0-38-ct-kullast-sormus-roosade-safiiridega\/\",\"url\":\"https:\/\/fashiongold.lt\/et\/toode\/0-38-ct-kullast-sormus-roosade-safiiridega\/\",\"name\":\"0.38 ct kulds\u00f5rmus roosade safiiridega | fashiongold.lt\",\"isPartOf\":{\"@id\":\"https:\/\/fashiongold.lt\/et\/#website\"},\"primaryImageOfPage\":{\"@id\":\"https:\/\/fashiongold.lt\/et\/toode\/0-38-ct-kullast-sormus-roosade-safiiridega\/#primaryimage\"},\"image\":{\"@id\":\"https:\/\/fashiongold.lt\/et\/toode\/0-38-ct-kullast-sormus-roosade-safiiridega\/#primaryimage\"},\"thumbnailUrl\":\"https:\/\/fashiongold.lt\/wp-content\/uploads\/2025\/10\/0.38-ct-auksinis-ziedas-su-roziniais-safyrais-geltonas-auksas-2-e1778422613590.png\",\"datePublished\":\"2025-10-16T17:54:44+00:00\",\"description\":\"Teemantriba 0.38-karaadiste tippkvaliteediga looduslike roosade safiiridega. Suurep\u00e4rane kingitus neile, kes armastavad stiilseid ehteid. Graveerimine on tasuta.\",\"breadcrumb\":{\"@id\":\"https:\/\/fashiongold.lt\/et\/toode\/0-38-ct-kullast-sormus-roosade-safiiridega\/#breadcrumb\"},\"inLanguage\":\"et\",\"potentialAction\":[{\"@type\":\"ReadAction\",\"target\":[\"https:\/\/fashiongold.lt\/et\/toode\/0-38-ct-kullast-sormus-roosade-safiiridega\/\"]}]},{\"@type\":\"ImageObject\",\"inLanguage\":\"et\",\"@id\":\"https:\/\/fashiongold.lt\/et\/toode\/0-38-ct-kullast-sormus-roosade-safiiridega\/#primaryimage\",\"url\":\"https:\/\/fashiongold.lt\/wp-content\/uploads\/2025\/10\/0.38-ct-auksinis-ziedas-su-roziniais-safyrais-geltonas-auksas-2-e1778422613590.png\",\"contentUrl\":\"https:\/\/fashiongold.lt\/wp-content\/uploads\/2025\/10\/0.38-ct-auksinis-ziedas-su-roziniais-safyrais-geltonas-auksas-2-e1778422613590.png\",\"width\":1254,\"height\":1254,\"caption\":\"0.38 ct auksinis \u017eiedas su ro\u017einiais safyrais geltono aukso 2\"},{\"@type\":\"BreadcrumbList\",\"@id\":\"https:\/\/fashiongold.lt\/et\/toode\/0-38-ct-kullast-sormus-roosade-safiiridega\/#breadcrumb\",\"itemListElement\":[{\"@type\":\"ListItem\",\"position\":1,\"name\":\"Home\",\"item\":\"https:\/\/fashiongold.lt\/et\/\"},{\"@type\":\"ListItem\",\"position\":2,\"name\":\"Teemantide pood Fashiongold.lt\",\"item\":\"https:\/\/fashiongold.lt\/shop-2\/\"},{\"@type\":\"ListItem\",\"position\":3,\"name\":\"0.38 ct kullast s\u00f5rmus roosade safiiridega\"}]},{\"@type\":\"WebSite\",\"@id\":\"https:\/\/fashiongold.lt\/et\/#website\",\"url\":\"https:\/\/fashiongold.lt\/et\/\",\"name\":\"Fashion Gold\",\"description\":\"Ehtemaja\",\"publisher\":{\"@id\":\"https:\/\/fashiongold.lt\/et\/#organization\"},\"potentialAction\":[{\"@type\":\"SearchAction\",\"target\":{\"@type\":\"EntryPoint\",\"urlTemplate\":\"https:\/\/fashiongold.lt\/et\/?s={search_term_string}\"},\"query-input\":{\"@type\":\"PropertyValueSpecification\",\"valueRequired\":true,\"valueName\":\"search_term_string\"}}],\"inLanguage\":\"et\"},{\"@type\":\"Organization\",\"@id\":\"https:\/\/fashiongold.lt\/et\/#organization\",\"name\":\"Topdiamonds Online\",\"url\":\"https:\/\/fashiongold.lt\/et\/\",\"logo\":{\"@type\":\"ImageObject\",\"inLanguage\":\"et\",\"@id\":\"https:\/\/fashiongold.lt\/et\/#\/schema\/logo\/image\/\",\"url\":\"https:\/\/fashiongold.lt\/wp-content\/uploads\/2025\/04\/cropped-fashion_gold_logotipas2-scaled-1.png\",\"contentUrl\":\"https:\/\/fashiongold.lt\/wp-content\/uploads\/2025\/04\/cropped-fashion_gold_logotipas2-scaled-1.png\",\"width\":2559,\"height\":421,\"caption\":\"Topdiamonds Online\"},\"image\":{\"@id\":\"https:\/\/fashiongold.lt\/et\/#\/schema\/logo\/image\/\"}}]}<\/script>\n<!-- \/ Yoast SEO plugin. -->","yoast_head_json":{"title":"0.38 ct kulds\u00f5rmus roosade safiiridega | fashiongold.lt","description":"Teemantriba 0.38-karaadiste tippkvaliteediga looduslike roosade safiiridega. Suurep\u00e4rane kingitus neile, kes armastavad stiilseid ehteid. Graveerimine on tasuta.","robots":{"index":"index","follow":"follow","max-snippet":"max-snippet:-1","max-image-preview":"max-image-preview:large","max-video-preview":"max-video-preview:-1"},"canonical":"https:\/\/fashiongold.lt\/et\/toode\/0-38-ct-kullast-sormus-roosade-safiiridega\/","og_locale":"et_EE","og_type":"article","og_title":"0.38 ct kulds\u00f5rmus roosade safiiridega | fashiongold.lt","og_description":"Teemantriba 0.38-karaadiste tippkvaliteediga looduslike roosade safiiridega. Suurep\u00e4rane kingitus neile, kes armastavad stiilseid ehteid. Graveerimine on tasuta.","og_url":"https:\/\/fashiongold.lt\/et\/toode\/0-38-ct-kullast-sormus-roosade-safiiridega\/","og_site_name":"FashionGold.lt","og_image":[{"width":1254,"height":1254,"url":"https:\/\/fashiongold.lt\/wp-content\/uploads\/2025\/10\/0.38-ct-auksinis-ziedas-su-roziniais-safyrais-geltonas-auksas-2-e1778422613590.png","type":"image\/png"}],"twitter_card":"summary_large_image","twitter_misc":{"Est. reading time":"1 minut"},"schema":{"@context":"https:\/\/schema.org","@graph":[{"@type":"WebPage","@id":"https:\/\/fashiongold.lt\/et\/toode\/0-38-ct-kullast-sormus-roosade-safiiridega\/","url":"https:\/\/fashiongold.lt\/et\/toode\/0-38-ct-kullast-sormus-roosade-safiiridega\/","name":"0.38 ct kulds\u00f5rmus roosade safiiridega | fashiongold.lt","isPartOf":{"@id":"https:\/\/fashiongold.lt\/et\/#website"},"primaryImageOfPage":{"@id":"https:\/\/fashiongold.lt\/et\/toode\/0-38-ct-kullast-sormus-roosade-safiiridega\/#primaryimage"},"image":{"@id":"https:\/\/fashiongold.lt\/et\/toode\/0-38-ct-kullast-sormus-roosade-safiiridega\/#primaryimage"},"thumbnailUrl":"https:\/\/fashiongold.lt\/wp-content\/uploads\/2025\/10\/0.38-ct-auksinis-ziedas-su-roziniais-safyrais-geltonas-auksas-2-e1778422613590.png","datePublished":"2025-10-16T17:54:44+00:00","description":"Teemantriba 0.38-karaadiste tippkvaliteediga looduslike roosade safiiridega. Suurep\u00e4rane kingitus neile, kes armastavad stiilseid ehteid. Graveerimine on tasuta.","breadcrumb":{"@id":"https:\/\/fashiongold.lt\/et\/toode\/0-38-ct-kullast-sormus-roosade-safiiridega\/#breadcrumb"},"inLanguage":"et","potentialAction":[{"@type":"ReadAction","target":["https:\/\/fashiongold.lt\/et\/toode\/0-38-ct-kullast-sormus-roosade-safiiridega\/"]}]},{"@type":"ImageObject","inLanguage":"et","@id":"https:\/\/fashiongold.lt\/et\/toode\/0-38-ct-kullast-sormus-roosade-safiiridega\/#primaryimage","url":"https:\/\/fashiongold.lt\/wp-content\/uploads\/2025\/10\/0.38-ct-auksinis-ziedas-su-roziniais-safyrais-geltonas-auksas-2-e1778422613590.png","contentUrl":"https:\/\/fashiongold.lt\/wp-content\/uploads\/2025\/10\/0.38-ct-auksinis-ziedas-su-roziniais-safyrais-geltonas-auksas-2-e1778422613590.png","width":1254,"height":1254,"caption":"0.38 ct auksinis \u017eiedas su ro\u017einiais safyrais geltono aukso 2"},{"@type":"BreadcrumbList","@id":"https:\/\/fashiongold.lt\/et\/toode\/0-38-ct-kullast-sormus-roosade-safiiridega\/#breadcrumb","itemListElement":[{"@type":"ListItem","position":1,"name":"Home","item":"https:\/\/fashiongold.lt\/et\/"},{"@type":"ListItem","position":2,"name":"Teemantide pood Fashiongold.lt","item":"https:\/\/fashiongold.lt\/shop-2\/"},{"@type":"ListItem","position":3,"name":"0.38 ct kullast s\u00f5rmus roosade safiiridega"}]},{"@type":"WebSite","@id":"https:\/\/fashiongold.lt\/et\/#website","url":"https:\/\/fashiongold.lt\/et\/","name":"Fashion Gold","description":"Ehtemaja","publisher":{"@id":"https:\/\/fashiongold.lt\/et\/#organization"},"potentialAction":[{"@type":"SearchAction","target":{"@type":"EntryPoint","urlTemplate":"https:\/\/fashiongold.lt\/et\/?s={search_term_string}"},"query-input":{"@type":"PropertyValueSpecification","valueRequired":true,"valueName":"search_term_string"}}],"inLanguage":"et"},{"@type":"Organization","@id":"https:\/\/fashiongold.lt\/et\/#organization","name":"Topdiamonds Online","url":"https:\/\/fashiongold.lt\/et\/","logo":{"@type":"ImageObject","inLanguage":"et","@id":"https:\/\/fashiongold.lt\/et\/#\/schema\/logo\/image\/","url":"https:\/\/fashiongold.lt\/wp-content\/uploads\/2025\/04\/cropped-fashion_gold_logotipas2-scaled-1.png","contentUrl":"https:\/\/fashiongold.lt\/wp-content\/uploads\/2025\/04\/cropped-fashion_gold_logotipas2-scaled-1.png","width":2559,"height":421,"caption":"Topdiamonds Online"},"image":{"@id":"https:\/\/fashiongold.lt\/et\/#\/schema\/logo\/image\/"}}]}},"_links":{"self":[{"href":"https:\/\/fashiongold.lt\/et\/wp-json\/wp\/v2\/product\/281184","targetHints":{"allow":["GET"]}}],"collection":[{"href":"https:\/\/fashiongold.lt\/et\/wp-json\/wp\/v2\/product"}],"about":[{"href":"https:\/\/fashiongold.lt\/et\/wp-json\/wp\/v2\/types\/product"}],"version-history":[{"count":0,"href":"https:\/\/fashiongold.lt\/et\/wp-json\/wp\/v2\/product\/281184\/revisions"}],"wp:featuredmedia":[{"embeddable":true,"href":"https:\/\/fashiongold.lt\/et\/wp-json\/wp\/v2\/media\/1144345"}],"wp:attachment":[{"href":"https:\/\/fashiongold.lt\/et\/wp-json\/wp\/v2\/media?parent=281184"}],"wp:term":[{"taxonomy":"product_brand","embeddable":true,"href":"https:\/\/fashiongold.lt\/et\/wp-json\/wp\/v2\/product_brand?post=281184"},{"taxonomy":"product_cat","embeddable":true,"href":"https:\/\/fashiongold.lt\/et\/wp-json\/wp\/v2\/product_cat?post=281184"},{"taxonomy":"product_tag","embeddable":true,"href":"https:\/\/fashiongold.lt\/et\/wp-json\/wp\/v2\/product_tag?post=281184"}],"curies":[{"name":"wp","href":"https:\/\/api.w.org\/{rel}","templated":true}]}}