{"id":281234,"date":"2025-10-16T15:50:09","date_gmt":"2025-10-16T15:50:09","guid":{"rendered":"https:\/\/fashiongold.lt\/papuosalas\/160-ct-kuldsormus-lab-grown-teemantidega\/"},"modified":"2025-10-16T15:50:09","modified_gmt":"2025-10-16T15:50:09","slug":"160-ct-kuldsormus-lab-grown-teemantidega","status":"publish","type":"product","link":"https:\/\/fashiongold.lt\/et\/papuosalas\/160-ct-kuldsormus-lab-grown-teemantidega\/","title":{"rendered":"1,60 ct kulds\u00f5rmus Lab Grown teemantidega"},"content":{"rendered":"<p>Kordumatu iluga ja erakordse stiiliga kvaliteetne s\u00f5rmus mugavustsooniga. S\u00f5rmust on v\u00f5imalik valmistada tellimust\u00f6\u00f6na: punasest, kollasest v\u00f5i valgest kullast.<\/p>\n<p>\u2022 S\u00f5rmuse kuld: 14 K (proov 585), saame valmistada ka 10K (proov 375), 18K (proov 750)       <\/p>\n<p>\u2022 S\u00f5rmuse v\u00e4rvus: v\u00f5imalik valida valge, kollane v\u00f5i punane kuld<\/p>\n<p>\u2022 S\u00f5rmuse kaal (s\u00f5ltub suurusest ja proovist): u 2,80 &#8211; 4,00 g          <\/p>\n<p>\u2022 S\u00f5rmuse m\u00f5\u00f5tmed: laius u 2,4 mm (v\u00f5imalik muuta)     <\/p>\n<p>\u2022 S\u00f5rmuse mugavustsoon: olemas   <\/p>\n<p>\u2022 Teemandi t\u00fc\u00fcp: Lab diamond (Laboris kasvatatud teemant)        <\/p>\n<p>\u2022 Teemandi kuju: \u00dcmar kuju (Round cut)     <\/p>\n<p>\u2022 Teemandi omadused: 1,60 ct (32 tk x 0,05 ct) (v\u00e4rv D-F, puhtus VVS-VS) (v\u00f5imalik muuta)     <\/p>\n<p>\u2022 Sertifikaat: Leedu Proovikoda (LPR)        <\/p>\n<p>\u2022 Graveerimine tasuta <\/p>\n<p>\u2022 \u00dchekordne tasuta s\u00f5rmuse suuruse muutmise garantii (vastavalt v\u00f5imalusele) <\/p>\n<p>\u2022 Valmistamis- ja tarneaeg alates 14 t\u00f6\u00f6p\u00e4evast, kiirtellimusena 3 t\u00f6\u00f6p\u00e4eva jooksul <\/p>\n<p><strong>Kas teil on oma kulda? V\u00f5tke \u00fchendust, arvutame hinna \u00fcmber \u2013 maksate ainult s\u00f5rmuste valmistamise eest.<\/strong><\/p>\n","protected":false},"excerpt":{"rendered":"<p>Teemantriba \u2013 1,60 ct laboris kasvatatud teemantidega s\u00f5rmus \u00fcmber kogu ringi paistab silma elegantsi ja luksuslikkusega. Rohkem kui lihtsalt ehe, see teemants\u00f5rmus kannab suurt emotsionaalset v\u00e4\u00e4rtust, mida antakse edasi p\u00f5lvest p\u00f5lve.<\/p>\n","protected":false},"featured_media":216558,"template":"","meta":{"site-sidebar-layout":"","site-content-layout":"","ast-site-content-layout":"","site-content-style":"","site-sidebar-style":"","ast-global-header-display":"","ast-banner-title-visibility":"","ast-main-header-display":"","ast-hfb-above-header-display":"","ast-hfb-below-header-display":"","ast-hfb-mobile-header-display":"","site-post-title":"","ast-breadcrumbs-content":"","ast-featured-img":"","footer-sml-layout":"","ast-disable-related-posts":"","theme-transparent-header-meta":"","adv-header-id-meta":"","stick-header-meta":"","header-above-stick-meta":"","header-main-stick-meta":"","header-below-stick-meta":"","astra-migrate-meta-layouts":"default","ast-page-background-enabled":"default","ast-page-background-meta":{"desktop":{"background-color":"var(--ast-global-color-4)","background-image":"","background-repeat":"repeat","background-position":"center center","background-size":"auto","background-attachment":"scroll","background-type":"","background-media":"","overlay-type":"","overlay-color":"","overlay-opacity":"","overlay-gradient":""},"tablet":{"background-color":"","background-image":"","background-repeat":"repeat","background-position":"center center","background-size":"auto","background-attachment":"scroll","background-type":"","background-media":"","overlay-type":"","overlay-color":"","overlay-opacity":"","overlay-gradient":""},"mobile":{"background-color":"","background-image":"","background-repeat":"repeat","background-position":"center center","background-size":"auto","background-attachment":"scroll","background-type":"","background-media":"","overlay-type":"","overlay-color":"","overlay-opacity":"","overlay-gradient":""}},"ast-content-background-meta":{"desktop":{"background-color":"var(--ast-global-color-5)","background-image":"","background-repeat":"repeat","background-position":"center center","background-size":"auto","background-attachment":"scroll","background-type":"","background-media":"","overlay-type":"","overlay-color":"","overlay-opacity":"","overlay-gradient":""},"tablet":{"background-color":"var(--ast-global-color-5)","background-image":"","background-repeat":"repeat","background-position":"center center","background-size":"auto","background-attachment":"scroll","background-type":"","background-media":"","overlay-type":"","overlay-color":"","overlay-opacity":"","overlay-gradient":""},"mobile":{"background-color":"var(--ast-global-color-5)","background-image":"","background-repeat":"repeat","background-position":"center center","background-size":"auto","background-attachment":"scroll","background-type":"","background-media":"","overlay-type":"","overlay-color":"","overlay-opacity":"","overlay-gradient":""}}},"product_brand":[],"product_cat":[3594,3740,3595,3739,3422,3558,2829,3548,3605,3559,3684,2837,2833,3748,3592,2832],"product_tag":[],"class_list":{"0":"post-281234","1":"product","2":"type-product","3":"status-publish","4":"has-post-thumbnail","6":"product_cat-abielusormused","7":"product_cat-abielusormused-laboris-kasvatatud-teemantidega-laboris-kasvatatud-teemandid","8":"product_cat-abielusormused-paaridele","9":"product_cat-eksklusiivsed-abielusormused-disainerite-loodud","10":"product_cat-kihlasormused","11":"product_cat-kihlasormused-laboriteemantidega","12":"product_cat-kingitused-erilisteks-puhkudeks","13":"product_cat-laboriteemantidega-ehted","14":"product_cat-minimalistlikud-kihlasormused","15":"product_cat-sormused-laboriteemantidega-kasvatatud-teemandid","16":"product_cat-teemantriba-briljantidega","17":"product_cat-teemantriba-umber-kogu-sormuse","18":"product_cat-teemantribad","19":"product_cat-teemantvits-laboriteemantitega","20":"product_cat-valgest-kullast-abielusormused","21":"product_cat-valgest-kullast-teemantribad","22":"desktop-align-center","23":"tablet-align-left","24":"mobile-align-left","25":"ast-product-gallery-layout-horizontal-slider","26":"ast-product-gallery-with-no-image","27":"ast-product-single-variable","28":"ast-product-tabs-layout-accordion","29":"ast-qv-on-image","31":"first","32":"instock","33":"taxable","34":"shipping-taxable","35":"purchasable","36":"product-type-variable"},"yoast_head":"<!-- This site is optimized with the Yoast SEO plugin v26.6 - https:\/\/yoast.com\/wordpress\/plugins\/seo\/ -->\n<title>Teemantidega rivis\u00f5rmus 1.60 ct laboris kasvatatud teemantidega I FashionGold<\/title>\n<meta name=\"description\" content=\"Klassikaline kullast naiste s\u00f5rmus 1.60 ct laboris kasvatatud teemantidega \u00fcmber terve s\u00f5rmuse paistab silma elegantsi ja luksusega, Valmistatud Leedus\" \/>\n<meta name=\"robots\" content=\"index, follow, max-snippet:-1, max-image-preview:large, max-video-preview:-1\" \/>\n<link rel=\"canonical\" href=\"https:\/\/fashiongold.lt\/et\/papuosalas\/160-ct-kuldsormus-lab-grown-teemantidega\/\" \/>\n<meta property=\"og:locale\" content=\"et_EE\" \/>\n<meta property=\"og:type\" content=\"article\" \/>\n<meta property=\"og:title\" content=\"Teemantidega rivis\u00f5rmus 1.60 ct laboris kasvatatud teemantidega I FashionGold\" \/>\n<meta property=\"og:description\" content=\"Klassikaline kullast naiste s\u00f5rmus 1.60 ct laboris kasvatatud teemantidega \u00fcmber terve s\u00f5rmuse paistab silma elegantsi ja luksusega, Valmistatud Leedus\" \/>\n<meta property=\"og:url\" content=\"https:\/\/fashiongold.lt\/et\/papuosalas\/160-ct-kuldsormus-lab-grown-teemantidega\/\" \/>\n<meta property=\"og:site_name\" content=\"FashionGold.lt\" \/>\n<meta property=\"og:image\" content=\"https:\/\/fashiongold.lt\/wp-content\/uploads\/2025\/10\/21765-8d6-160-ct-auksinis-ziedas-su-Lab-Grown-diamonds-baltas-auksas.webp\" \/>\n\t<meta property=\"og:image:width\" content=\"1000\" \/>\n\t<meta property=\"og:image:height\" content=\"1000\" \/>\n\t<meta property=\"og:image:type\" content=\"image\/png\" \/>\n<meta name=\"twitter:card\" content=\"summary_large_image\" \/>\n<meta name=\"twitter:label1\" content=\"Est. reading time\" \/>\n\t<meta name=\"twitter:data1\" content=\"1 minut\" \/>\n<script type=\"application\/ld+json\" class=\"yoast-schema-graph\">{\"@context\":\"https:\/\/schema.org\",\"@graph\":[{\"@type\":\"WebPage\",\"@id\":\"https:\/\/fashiongold.lt\/et\/papuosalas\/160-ct-kuldsormus-lab-grown-teemantidega\/\",\"url\":\"https:\/\/fashiongold.lt\/et\/papuosalas\/160-ct-kuldsormus-lab-grown-teemantidega\/\",\"name\":\"Teemantidega rivis\u00f5rmus 1.60 ct laboris kasvatatud teemantidega I FashionGold\",\"isPartOf\":{\"@id\":\"https:\/\/fashiongold.lt\/et\/#website\"},\"primaryImageOfPage\":{\"@id\":\"https:\/\/fashiongold.lt\/et\/papuosalas\/160-ct-kuldsormus-lab-grown-teemantidega\/#primaryimage\"},\"image\":{\"@id\":\"https:\/\/fashiongold.lt\/et\/papuosalas\/160-ct-kuldsormus-lab-grown-teemantidega\/#primaryimage\"},\"thumbnailUrl\":\"https:\/\/fashiongold.lt\/wp-content\/uploads\/2025\/10\/21765-8d6-160-ct-auksinis-ziedas-su-Lab-Grown-diamonds-baltas-auksas.png\",\"datePublished\":\"2025-10-16T15:50:09+00:00\",\"description\":\"Klassikaline kullast naiste s\u00f5rmus 1.60 ct laboris kasvatatud teemantidega \u00fcmber terve s\u00f5rmuse paistab silma elegantsi ja luksusega, Valmistatud Leedus\",\"breadcrumb\":{\"@id\":\"https:\/\/fashiongold.lt\/et\/papuosalas\/160-ct-kuldsormus-lab-grown-teemantidega\/#breadcrumb\"},\"inLanguage\":\"et\",\"potentialAction\":[{\"@type\":\"ReadAction\",\"target\":[\"https:\/\/fashiongold.lt\/et\/papuosalas\/160-ct-kuldsormus-lab-grown-teemantidega\/\"]}]},{\"@type\":\"ImageObject\",\"inLanguage\":\"et\",\"@id\":\"https:\/\/fashiongold.lt\/et\/papuosalas\/160-ct-kuldsormus-lab-grown-teemantidega\/#primaryimage\",\"url\":\"https:\/\/fashiongold.lt\/wp-content\/uploads\/2025\/10\/21765-8d6-160-ct-auksinis-ziedas-su-Lab-Grown-diamonds-baltas-auksas.png\",\"contentUrl\":\"https:\/\/fashiongold.lt\/wp-content\/uploads\/2025\/10\/21765-8d6-160-ct-auksinis-ziedas-su-Lab-Grown-diamonds-baltas-auksas.png\",\"width\":1000,\"height\":1000},{\"@type\":\"BreadcrumbList\",\"@id\":\"https:\/\/fashiongold.lt\/et\/papuosalas\/160-ct-kuldsormus-lab-grown-teemantidega\/#breadcrumb\",\"itemListElement\":[{\"@type\":\"ListItem\",\"position\":1,\"name\":\"Home\",\"item\":\"https:\/\/fashiongold.lt\/et\/\"},{\"@type\":\"ListItem\",\"position\":2,\"name\":\"Teemantide pood Fashiongold.lt\",\"item\":\"https:\/\/fashiongold.lt\/shop-2\/\"},{\"@type\":\"ListItem\",\"position\":3,\"name\":\"1,60 ct kulds\u00f5rmus Lab Grown teemantidega\"}]},{\"@type\":\"WebSite\",\"@id\":\"https:\/\/fashiongold.lt\/et\/#website\",\"url\":\"https:\/\/fashiongold.lt\/et\/\",\"name\":\"Fashion Gold\",\"description\":\"Juvelyrikos namai\",\"publisher\":{\"@id\":\"https:\/\/fashiongold.lt\/et\/#organization\"},\"potentialAction\":[{\"@type\":\"SearchAction\",\"target\":{\"@type\":\"EntryPoint\",\"urlTemplate\":\"https:\/\/fashiongold.lt\/et\/?s={search_term_string}\"},\"query-input\":{\"@type\":\"PropertyValueSpecification\",\"valueRequired\":true,\"valueName\":\"search_term_string\"}}],\"inLanguage\":\"et\"},{\"@type\":\"Organization\",\"@id\":\"https:\/\/fashiongold.lt\/et\/#organization\",\"name\":\"Topdiamonds Online\",\"url\":\"https:\/\/fashiongold.lt\/et\/\",\"logo\":{\"@type\":\"ImageObject\",\"inLanguage\":\"et\",\"@id\":\"https:\/\/fashiongold.lt\/et\/#\/schema\/logo\/image\/\",\"url\":\"https:\/\/fashiongold.lt\/wp-content\/uploads\/2025\/04\/cropped-fashion_gold_logotipas2-scaled-1.png\",\"contentUrl\":\"https:\/\/fashiongold.lt\/wp-content\/uploads\/2025\/04\/cropped-fashion_gold_logotipas2-scaled-1.png\",\"width\":2559,\"height\":421,\"caption\":\"Topdiamonds Online\"},\"image\":{\"@id\":\"https:\/\/fashiongold.lt\/et\/#\/schema\/logo\/image\/\"}}]}<\/script>\n<!-- \/ Yoast SEO plugin. -->","yoast_head_json":{"title":"Teemantidega rivis\u00f5rmus 1.60 ct laboris kasvatatud teemantidega I FashionGold","description":"Klassikaline kullast naiste s\u00f5rmus 1.60 ct laboris kasvatatud teemantidega \u00fcmber terve s\u00f5rmuse paistab silma elegantsi ja luksusega, Valmistatud Leedus","robots":{"index":"index","follow":"follow","max-snippet":"max-snippet:-1","max-image-preview":"max-image-preview:large","max-video-preview":"max-video-preview:-1"},"canonical":"https:\/\/fashiongold.lt\/et\/papuosalas\/160-ct-kuldsormus-lab-grown-teemantidega\/","og_locale":"et_EE","og_type":"article","og_title":"Teemantidega rivis\u00f5rmus 1.60 ct laboris kasvatatud teemantidega I FashionGold","og_description":"Klassikaline kullast naiste s\u00f5rmus 1.60 ct laboris kasvatatud teemantidega \u00fcmber terve s\u00f5rmuse paistab silma elegantsi ja luksusega, Valmistatud Leedus","og_url":"https:\/\/fashiongold.lt\/et\/papuosalas\/160-ct-kuldsormus-lab-grown-teemantidega\/","og_site_name":"FashionGold.lt","og_image":[{"width":1000,"height":1000,"url":"https:\/\/fashiongold.lt\/wp-content\/uploads\/2025\/10\/21765-8d6-160-ct-auksinis-ziedas-su-Lab-Grown-diamonds-baltas-auksas.webp","type":"image\/png"}],"twitter_card":"summary_large_image","twitter_misc":{"Est. reading time":"1 minut"},"schema":{"@context":"https:\/\/schema.org","@graph":[{"@type":"WebPage","@id":"https:\/\/fashiongold.lt\/et\/papuosalas\/160-ct-kuldsormus-lab-grown-teemantidega\/","url":"https:\/\/fashiongold.lt\/et\/papuosalas\/160-ct-kuldsormus-lab-grown-teemantidega\/","name":"Teemantidega rivis\u00f5rmus 1.60 ct laboris kasvatatud teemantidega I FashionGold","isPartOf":{"@id":"https:\/\/fashiongold.lt\/et\/#website"},"primaryImageOfPage":{"@id":"https:\/\/fashiongold.lt\/et\/papuosalas\/160-ct-kuldsormus-lab-grown-teemantidega\/#primaryimage"},"image":{"@id":"https:\/\/fashiongold.lt\/et\/papuosalas\/160-ct-kuldsormus-lab-grown-teemantidega\/#primaryimage"},"thumbnailUrl":"https:\/\/fashiongold.lt\/wp-content\/uploads\/2025\/10\/21765-8d6-160-ct-auksinis-ziedas-su-Lab-Grown-diamonds-baltas-auksas.png","datePublished":"2025-10-16T15:50:09+00:00","description":"Klassikaline kullast naiste s\u00f5rmus 1.60 ct laboris kasvatatud teemantidega \u00fcmber terve s\u00f5rmuse paistab silma elegantsi ja luksusega, Valmistatud Leedus","breadcrumb":{"@id":"https:\/\/fashiongold.lt\/et\/papuosalas\/160-ct-kuldsormus-lab-grown-teemantidega\/#breadcrumb"},"inLanguage":"et","potentialAction":[{"@type":"ReadAction","target":["https:\/\/fashiongold.lt\/et\/papuosalas\/160-ct-kuldsormus-lab-grown-teemantidega\/"]}]},{"@type":"ImageObject","inLanguage":"et","@id":"https:\/\/fashiongold.lt\/et\/papuosalas\/160-ct-kuldsormus-lab-grown-teemantidega\/#primaryimage","url":"https:\/\/fashiongold.lt\/wp-content\/uploads\/2025\/10\/21765-8d6-160-ct-auksinis-ziedas-su-Lab-Grown-diamonds-baltas-auksas.png","contentUrl":"https:\/\/fashiongold.lt\/wp-content\/uploads\/2025\/10\/21765-8d6-160-ct-auksinis-ziedas-su-Lab-Grown-diamonds-baltas-auksas.png","width":1000,"height":1000},{"@type":"BreadcrumbList","@id":"https:\/\/fashiongold.lt\/et\/papuosalas\/160-ct-kuldsormus-lab-grown-teemantidega\/#breadcrumb","itemListElement":[{"@type":"ListItem","position":1,"name":"Home","item":"https:\/\/fashiongold.lt\/et\/"},{"@type":"ListItem","position":2,"name":"Teemantide pood Fashiongold.lt","item":"https:\/\/fashiongold.lt\/shop-2\/"},{"@type":"ListItem","position":3,"name":"1,60 ct kulds\u00f5rmus Lab Grown teemantidega"}]},{"@type":"WebSite","@id":"https:\/\/fashiongold.lt\/et\/#website","url":"https:\/\/fashiongold.lt\/et\/","name":"Fashion Gold","description":"Juvelyrikos namai","publisher":{"@id":"https:\/\/fashiongold.lt\/et\/#organization"},"potentialAction":[{"@type":"SearchAction","target":{"@type":"EntryPoint","urlTemplate":"https:\/\/fashiongold.lt\/et\/?s={search_term_string}"},"query-input":{"@type":"PropertyValueSpecification","valueRequired":true,"valueName":"search_term_string"}}],"inLanguage":"et"},{"@type":"Organization","@id":"https:\/\/fashiongold.lt\/et\/#organization","name":"Topdiamonds Online","url":"https:\/\/fashiongold.lt\/et\/","logo":{"@type":"ImageObject","inLanguage":"et","@id":"https:\/\/fashiongold.lt\/et\/#\/schema\/logo\/image\/","url":"https:\/\/fashiongold.lt\/wp-content\/uploads\/2025\/04\/cropped-fashion_gold_logotipas2-scaled-1.png","contentUrl":"https:\/\/fashiongold.lt\/wp-content\/uploads\/2025\/04\/cropped-fashion_gold_logotipas2-scaled-1.png","width":2559,"height":421,"caption":"Topdiamonds Online"},"image":{"@id":"https:\/\/fashiongold.lt\/et\/#\/schema\/logo\/image\/"}}]}},"_links":{"self":[{"href":"https:\/\/fashiongold.lt\/et\/wp-json\/wp\/v2\/product\/281234","targetHints":{"allow":["GET"]}}],"collection":[{"href":"https:\/\/fashiongold.lt\/et\/wp-json\/wp\/v2\/product"}],"about":[{"href":"https:\/\/fashiongold.lt\/et\/wp-json\/wp\/v2\/types\/product"}],"version-history":[{"count":0,"href":"https:\/\/fashiongold.lt\/et\/wp-json\/wp\/v2\/product\/281234\/revisions"}],"wp:featuredmedia":[{"embeddable":true,"href":"https:\/\/fashiongold.lt\/et\/wp-json\/wp\/v2\/media\/216558"}],"wp:attachment":[{"href":"https:\/\/fashiongold.lt\/et\/wp-json\/wp\/v2\/media?parent=281234"}],"wp:term":[{"taxonomy":"product_brand","embeddable":true,"href":"https:\/\/fashiongold.lt\/et\/wp-json\/wp\/v2\/product_brand?post=281234"},{"taxonomy":"product_cat","embeddable":true,"href":"https:\/\/fashiongold.lt\/et\/wp-json\/wp\/v2\/product_cat?post=281234"},{"taxonomy":"product_tag","embeddable":true,"href":"https:\/\/fashiongold.lt\/et\/wp-json\/wp\/v2\/product_tag?post=281234"}],"curies":[{"name":"wp","href":"https:\/\/api.w.org\/{rel}","templated":true}]}}