{"id":281244,"date":"2025-10-16T15:30:35","date_gmt":"2025-10-16T15:30:35","guid":{"rendered":"https:\/\/fashiongold.lt\/papuosalas\/sormuse-roodiumiga-katmine\/"},"modified":"2025-10-16T15:30:35","modified_gmt":"2025-10-16T15:30:35","slug":"sormuse-roodiumiga-katmine","status":"publish","type":"product","link":"https:\/\/fashiongold.lt\/et\/papuosalas\/sormuse-roodiumiga-katmine\/","title":{"rendered":"S\u00f5rmuse roodiumiga katmine"},"content":{"rendered":"<p>See on lihtne ja mugav:<\/p>\n<ol>\n<li>K\u00fclastage meid aadressil Pam\u0117nkalnio g. 5, Vilnius.<\/li>\n<li>Vaatame teie s\u00f5rmuse \u00fcle. M\u00f5nikord on enne katmist vajalik s\u00f5rmuse v\u00e4rskendamine (see v\u00f5ib maksta lisaks).<\/li>\n<li>V\u00f5tame s\u00f5rmuse vastu.<\/li>\n<\/ol>\n<p>Protsessi kestus on 5\u20137 t\u00f6\u00f6p\u00e4eva.\u00a0<\/p>\n<p><strong>Hind alates 50 eurost. Iga s\u00f5rmus on v\u00e4ga individuaalne, seet\u00f5ttu m\u00e4\u00e4rame t\u00e4pse hinna kohapeal v\u00f5i p\u00e4rast juveliiri \u00fclevaatust, kas s\u00f5rmus vajab t\u00e4iendavat v\u00e4rskendamist. P\u00e4rast \u00fclevaatust teatame teile hinna \u2013 seej\u00e4rel alustame protsessiga.<\/strong><strong><\/strong><\/p>\n<p><strong><\/strong><\/p>\n","protected":false},"excerpt":{"rendered":"<p>Teame, et aja jooksul roodiumiga kaetud valge kuld kulub maha. See on loomulik, sest s\u00f5rmus puutub kokku teiste pindadega \u2013 tekivad kriimustused ja roodium kulub maha. Fashion Goldi juveelimaja aitab Teid r\u00f5\u00f5muga ning katab s\u00f5rmuse uuesti roodiumiga. See muutub taas nagu uueks.<strong><\/strong><\/p>\n","protected":false},"featured_media":215485,"template":"","meta":{"site-sidebar-layout":"","site-content-layout":"","ast-site-content-layout":"","site-content-style":"","site-sidebar-style":"","ast-global-header-display":"","ast-banner-title-visibility":"","ast-main-header-display":"","ast-hfb-above-header-display":"","ast-hfb-below-header-display":"","ast-hfb-mobile-header-display":"","site-post-title":"","ast-breadcrumbs-content":"","ast-featured-img":"","footer-sml-layout":"","ast-disable-related-posts":"","theme-transparent-header-meta":"","adv-header-id-meta":"","stick-header-meta":"","header-above-stick-meta":"","header-main-stick-meta":"","header-below-stick-meta":"","astra-migrate-meta-layouts":"default","ast-page-background-enabled":"default","ast-page-background-meta":{"desktop":{"background-color":"var(--ast-global-color-4)","background-image":"","background-repeat":"repeat","background-position":"center center","background-size":"auto","background-attachment":"scroll","background-type":"","background-media":"","overlay-type":"","overlay-color":"","overlay-opacity":"","overlay-gradient":""},"tablet":{"background-color":"","background-image":"","background-repeat":"repeat","background-position":"center center","background-size":"auto","background-attachment":"scroll","background-type":"","background-media":"","overlay-type":"","overlay-color":"","overlay-opacity":"","overlay-gradient":""},"mobile":{"background-color":"","background-image":"","background-repeat":"repeat","background-position":"center center","background-size":"auto","background-attachment":"scroll","background-type":"","background-media":"","overlay-type":"","overlay-color":"","overlay-opacity":"","overlay-gradient":""}},"ast-content-background-meta":{"desktop":{"background-color":"var(--ast-global-color-5)","background-image":"","background-repeat":"repeat","background-position":"center center","background-size":"auto","background-attachment":"scroll","background-type":"","background-media":"","overlay-type":"","overlay-color":"","overlay-opacity":"","overlay-gradient":""},"tablet":{"background-color":"var(--ast-global-color-5)","background-image":"","background-repeat":"repeat","background-position":"center center","background-size":"auto","background-attachment":"scroll","background-type":"","background-media":"","overlay-type":"","overlay-color":"","overlay-opacity":"","overlay-gradient":""},"mobile":{"background-color":"var(--ast-global-color-5)","background-image":"","background-repeat":"repeat","background-position":"center center","background-size":"auto","background-attachment":"scroll","background-type":"","background-media":"","overlay-type":"","overlay-color":"","overlay-opacity":"","overlay-gradient":""}}},"product_brand":[],"product_cat":[3753],"product_tag":[],"class_list":{"0":"post-281244","1":"product","2":"type-product","3":"status-publish","4":"has-post-thumbnail","6":"product_cat-ehete-parandus","7":"desktop-align-center","8":"tablet-align-left","9":"mobile-align-left","10":"ast-product-gallery-layout-horizontal-slider","11":"ast-product-gallery-with-no-image","12":"ast-product-tabs-layout-accordion","13":"ast-qv-on-image","15":"first","16":"onbackorder","17":"virtual","18":"taxable","19":"purchasable","20":"product-type-simple"},"yoast_head":"<!-- This site is optimized with the Yoast SEO plugin v26.6 - https:\/\/yoast.com\/wordpress\/plugins\/seo\/ -->\n<title>S\u00f5rmuse roodiumiga katmine<\/title>\n<meta name=\"description\" content=\"Me teame, et aja jooksul roodiumiga kaetud valge kuld kulub. Fashion Goldi ehtemaja aitab Teid r\u00f5\u00f5muga ja katab Teie s\u00f5rmuse uue roodiumikihiga.\" \/>\n<meta name=\"robots\" content=\"index, follow, max-snippet:-1, max-image-preview:large, max-video-preview:-1\" \/>\n<link rel=\"canonical\" href=\"https:\/\/fashiongold.lt\/et\/papuosalas\/sormuse-roodiumiga-katmine\/\" \/>\n<meta property=\"og:locale\" content=\"et_EE\" \/>\n<meta property=\"og:type\" content=\"article\" \/>\n<meta property=\"og:title\" content=\"S\u00f5rmuse roodiumiga katmine\" \/>\n<meta property=\"og:description\" content=\"Me teame, et aja jooksul roodiumiga kaetud valge kuld kulub. Fashion Goldi ehtemaja aitab Teid r\u00f5\u00f5muga ja katab Teie s\u00f5rmuse uue roodiumikihiga.\" \/>\n<meta property=\"og:url\" content=\"https:\/\/fashiongold.lt\/et\/papuosalas\/sormuse-roodiumiga-katmine\/\" \/>\n<meta property=\"og:site_name\" content=\"FashionGold.lt\" \/>\n<meta property=\"og:image\" content=\"https:\/\/fashiongold.lt\/wp-content\/uploads\/2025\/10\/14127-935-Ziedo-dengimas-rodziu-kaina.webp\" \/>\n\t<meta property=\"og:image:width\" content=\"1000\" \/>\n\t<meta property=\"og:image:height\" content=\"1000\" \/>\n\t<meta property=\"og:image:type\" content=\"image\/png\" \/>\n<meta name=\"twitter:card\" content=\"summary_large_image\" \/>\n<script type=\"application\/ld+json\" class=\"yoast-schema-graph\">{\"@context\":\"https:\/\/schema.org\",\"@graph\":[{\"@type\":\"WebPage\",\"@id\":\"https:\/\/fashiongold.lt\/et\/papuosalas\/sormuse-roodiumiga-katmine\/\",\"url\":\"https:\/\/fashiongold.lt\/et\/papuosalas\/sormuse-roodiumiga-katmine\/\",\"name\":\"S\u00f5rmuse roodiumiga katmine\",\"isPartOf\":{\"@id\":\"https:\/\/fashiongold.lt\/et\/#website\"},\"primaryImageOfPage\":{\"@id\":\"https:\/\/fashiongold.lt\/et\/papuosalas\/sormuse-roodiumiga-katmine\/#primaryimage\"},\"image\":{\"@id\":\"https:\/\/fashiongold.lt\/et\/papuosalas\/sormuse-roodiumiga-katmine\/#primaryimage\"},\"thumbnailUrl\":\"https:\/\/fashiongold.lt\/wp-content\/uploads\/2025\/10\/14127-935-Ziedo-dengimas-rodziu-kaina.png\",\"datePublished\":\"2025-10-16T15:30:35+00:00\",\"description\":\"Me teame, et aja jooksul roodiumiga kaetud valge kuld kulub. Fashion Goldi ehtemaja aitab Teid r\u00f5\u00f5muga ja katab Teie s\u00f5rmuse uue roodiumikihiga.\",\"breadcrumb\":{\"@id\":\"https:\/\/fashiongold.lt\/et\/papuosalas\/sormuse-roodiumiga-katmine\/#breadcrumb\"},\"inLanguage\":\"et\",\"potentialAction\":[{\"@type\":\"ReadAction\",\"target\":[\"https:\/\/fashiongold.lt\/et\/papuosalas\/sormuse-roodiumiga-katmine\/\"]}]},{\"@type\":\"ImageObject\",\"inLanguage\":\"et\",\"@id\":\"https:\/\/fashiongold.lt\/et\/papuosalas\/sormuse-roodiumiga-katmine\/#primaryimage\",\"url\":\"https:\/\/fashiongold.lt\/wp-content\/uploads\/2025\/10\/14127-935-Ziedo-dengimas-rodziu-kaina.png\",\"contentUrl\":\"https:\/\/fashiongold.lt\/wp-content\/uploads\/2025\/10\/14127-935-Ziedo-dengimas-rodziu-kaina.png\",\"width\":1000,\"height\":1000},{\"@type\":\"BreadcrumbList\",\"@id\":\"https:\/\/fashiongold.lt\/et\/papuosalas\/sormuse-roodiumiga-katmine\/#breadcrumb\",\"itemListElement\":[{\"@type\":\"ListItem\",\"position\":1,\"name\":\"Home\",\"item\":\"https:\/\/fashiongold.lt\/et\/\"},{\"@type\":\"ListItem\",\"position\":2,\"name\":\"Teemantide pood Fashiongold.lt\",\"item\":\"https:\/\/fashiongold.lt\/shop-2\/\"},{\"@type\":\"ListItem\",\"position\":3,\"name\":\"S\u00f5rmuse roodiumiga katmine\"}]},{\"@type\":\"WebSite\",\"@id\":\"https:\/\/fashiongold.lt\/et\/#website\",\"url\":\"https:\/\/fashiongold.lt\/et\/\",\"name\":\"Fashion Gold\",\"description\":\"Juvelyrikos namai\",\"publisher\":{\"@id\":\"https:\/\/fashiongold.lt\/et\/#organization\"},\"potentialAction\":[{\"@type\":\"SearchAction\",\"target\":{\"@type\":\"EntryPoint\",\"urlTemplate\":\"https:\/\/fashiongold.lt\/et\/?s={search_term_string}\"},\"query-input\":{\"@type\":\"PropertyValueSpecification\",\"valueRequired\":true,\"valueName\":\"search_term_string\"}}],\"inLanguage\":\"et\"},{\"@type\":\"Organization\",\"@id\":\"https:\/\/fashiongold.lt\/et\/#organization\",\"name\":\"Topdiamonds Online\",\"url\":\"https:\/\/fashiongold.lt\/et\/\",\"logo\":{\"@type\":\"ImageObject\",\"inLanguage\":\"et\",\"@id\":\"https:\/\/fashiongold.lt\/et\/#\/schema\/logo\/image\/\",\"url\":\"https:\/\/fashiongold.lt\/wp-content\/uploads\/2025\/04\/cropped-fashion_gold_logotipas2-scaled-1.png\",\"contentUrl\":\"https:\/\/fashiongold.lt\/wp-content\/uploads\/2025\/04\/cropped-fashion_gold_logotipas2-scaled-1.png\",\"width\":2559,\"height\":421,\"caption\":\"Topdiamonds Online\"},\"image\":{\"@id\":\"https:\/\/fashiongold.lt\/et\/#\/schema\/logo\/image\/\"}}]}<\/script>\n<!-- \/ Yoast SEO plugin. -->","yoast_head_json":{"title":"S\u00f5rmuse roodiumiga katmine","description":"Me teame, et aja jooksul roodiumiga kaetud valge kuld kulub. Fashion Goldi ehtemaja aitab Teid r\u00f5\u00f5muga ja katab Teie s\u00f5rmuse uue roodiumikihiga.","robots":{"index":"index","follow":"follow","max-snippet":"max-snippet:-1","max-image-preview":"max-image-preview:large","max-video-preview":"max-video-preview:-1"},"canonical":"https:\/\/fashiongold.lt\/et\/papuosalas\/sormuse-roodiumiga-katmine\/","og_locale":"et_EE","og_type":"article","og_title":"S\u00f5rmuse roodiumiga katmine","og_description":"Me teame, et aja jooksul roodiumiga kaetud valge kuld kulub. Fashion Goldi ehtemaja aitab Teid r\u00f5\u00f5muga ja katab Teie s\u00f5rmuse uue roodiumikihiga.","og_url":"https:\/\/fashiongold.lt\/et\/papuosalas\/sormuse-roodiumiga-katmine\/","og_site_name":"FashionGold.lt","og_image":[{"width":1000,"height":1000,"url":"https:\/\/fashiongold.lt\/wp-content\/uploads\/2025\/10\/14127-935-Ziedo-dengimas-rodziu-kaina.webp","type":"image\/png"}],"twitter_card":"summary_large_image","schema":{"@context":"https:\/\/schema.org","@graph":[{"@type":"WebPage","@id":"https:\/\/fashiongold.lt\/et\/papuosalas\/sormuse-roodiumiga-katmine\/","url":"https:\/\/fashiongold.lt\/et\/papuosalas\/sormuse-roodiumiga-katmine\/","name":"S\u00f5rmuse roodiumiga katmine","isPartOf":{"@id":"https:\/\/fashiongold.lt\/et\/#website"},"primaryImageOfPage":{"@id":"https:\/\/fashiongold.lt\/et\/papuosalas\/sormuse-roodiumiga-katmine\/#primaryimage"},"image":{"@id":"https:\/\/fashiongold.lt\/et\/papuosalas\/sormuse-roodiumiga-katmine\/#primaryimage"},"thumbnailUrl":"https:\/\/fashiongold.lt\/wp-content\/uploads\/2025\/10\/14127-935-Ziedo-dengimas-rodziu-kaina.png","datePublished":"2025-10-16T15:30:35+00:00","description":"Me teame, et aja jooksul roodiumiga kaetud valge kuld kulub. Fashion Goldi ehtemaja aitab Teid r\u00f5\u00f5muga ja katab Teie s\u00f5rmuse uue roodiumikihiga.","breadcrumb":{"@id":"https:\/\/fashiongold.lt\/et\/papuosalas\/sormuse-roodiumiga-katmine\/#breadcrumb"},"inLanguage":"et","potentialAction":[{"@type":"ReadAction","target":["https:\/\/fashiongold.lt\/et\/papuosalas\/sormuse-roodiumiga-katmine\/"]}]},{"@type":"ImageObject","inLanguage":"et","@id":"https:\/\/fashiongold.lt\/et\/papuosalas\/sormuse-roodiumiga-katmine\/#primaryimage","url":"https:\/\/fashiongold.lt\/wp-content\/uploads\/2025\/10\/14127-935-Ziedo-dengimas-rodziu-kaina.png","contentUrl":"https:\/\/fashiongold.lt\/wp-content\/uploads\/2025\/10\/14127-935-Ziedo-dengimas-rodziu-kaina.png","width":1000,"height":1000},{"@type":"BreadcrumbList","@id":"https:\/\/fashiongold.lt\/et\/papuosalas\/sormuse-roodiumiga-katmine\/#breadcrumb","itemListElement":[{"@type":"ListItem","position":1,"name":"Home","item":"https:\/\/fashiongold.lt\/et\/"},{"@type":"ListItem","position":2,"name":"Teemantide pood Fashiongold.lt","item":"https:\/\/fashiongold.lt\/shop-2\/"},{"@type":"ListItem","position":3,"name":"S\u00f5rmuse roodiumiga katmine"}]},{"@type":"WebSite","@id":"https:\/\/fashiongold.lt\/et\/#website","url":"https:\/\/fashiongold.lt\/et\/","name":"Fashion Gold","description":"Juvelyrikos namai","publisher":{"@id":"https:\/\/fashiongold.lt\/et\/#organization"},"potentialAction":[{"@type":"SearchAction","target":{"@type":"EntryPoint","urlTemplate":"https:\/\/fashiongold.lt\/et\/?s={search_term_string}"},"query-input":{"@type":"PropertyValueSpecification","valueRequired":true,"valueName":"search_term_string"}}],"inLanguage":"et"},{"@type":"Organization","@id":"https:\/\/fashiongold.lt\/et\/#organization","name":"Topdiamonds Online","url":"https:\/\/fashiongold.lt\/et\/","logo":{"@type":"ImageObject","inLanguage":"et","@id":"https:\/\/fashiongold.lt\/et\/#\/schema\/logo\/image\/","url":"https:\/\/fashiongold.lt\/wp-content\/uploads\/2025\/04\/cropped-fashion_gold_logotipas2-scaled-1.png","contentUrl":"https:\/\/fashiongold.lt\/wp-content\/uploads\/2025\/04\/cropped-fashion_gold_logotipas2-scaled-1.png","width":2559,"height":421,"caption":"Topdiamonds Online"},"image":{"@id":"https:\/\/fashiongold.lt\/et\/#\/schema\/logo\/image\/"}}]}},"_links":{"self":[{"href":"https:\/\/fashiongold.lt\/et\/wp-json\/wp\/v2\/product\/281244","targetHints":{"allow":["GET"]}}],"collection":[{"href":"https:\/\/fashiongold.lt\/et\/wp-json\/wp\/v2\/product"}],"about":[{"href":"https:\/\/fashiongold.lt\/et\/wp-json\/wp\/v2\/types\/product"}],"version-history":[{"count":0,"href":"https:\/\/fashiongold.lt\/et\/wp-json\/wp\/v2\/product\/281244\/revisions"}],"wp:featuredmedia":[{"embeddable":true,"href":"https:\/\/fashiongold.lt\/et\/wp-json\/wp\/v2\/media\/215485"}],"wp:attachment":[{"href":"https:\/\/fashiongold.lt\/et\/wp-json\/wp\/v2\/media?parent=281244"}],"wp:term":[{"taxonomy":"product_brand","embeddable":true,"href":"https:\/\/fashiongold.lt\/et\/wp-json\/wp\/v2\/product_brand?post=281244"},{"taxonomy":"product_cat","embeddable":true,"href":"https:\/\/fashiongold.lt\/et\/wp-json\/wp\/v2\/product_cat?post=281244"},{"taxonomy":"product_tag","embeddable":true,"href":"https:\/\/fashiongold.lt\/et\/wp-json\/wp\/v2\/product_tag?post=281244"}],"curies":[{"name":"wp","href":"https:\/\/api.w.org\/{rel}","templated":true}]}}