{"id":281274,"date":"2025-10-16T15:16:25","date_gmt":"2025-10-16T15:16:25","guid":{"rendered":"https:\/\/fashiongold.lt\/papuosalas\/kihlasormuse-valmistamine-klassikaline-sormus\/"},"modified":"2025-10-16T15:16:25","modified_gmt":"2025-10-16T15:16:25","slug":"kihlasormuse-valmistamine-klassikaline-sormus","status":"publish","type":"product","link":"https:\/\/fashiongold.lt\/et\/papuosalas\/kihlasormuse-valmistamine-klassikaline-sormus\/","title":{"rendered":"Kihlas\u00f5rmuse valmistamine \u2013 Klassikaline s\u00f5rmus"},"content":{"rendered":"<p>Kas teil on kuldehteid, mida te ei kanna? V\u00f5i teemante, v\u00e4\u00e4riskive? Kasutage neid kihlas\u00f5rmuse valmistamiseks ja v\u00e4hendage nii kulusid. V\u00f5ite valida valmistamise oma kullast, kui see on kallis perekonnareliikviana, v\u00f5i meie kullast, kusjuures vahetame teie kulla kaalu j\u00e4rgi \u00fcmber. S\u00f5ltumata teie olemasoleva kulla v\u00e4rvusest valmistame teile abielus\u00f5rmused just sellises v\u00e4rvitoonis, nagu teile meeldib.<\/p>\n<p><strong>Tootmishind sisaldab:\u00a0<\/strong><\/p>\n<p>\u2022 S\u00f5rmuse v\u00e4rv: v\u00f5imalik valida naturaalne valge, kollane v\u00f5i punane kuld.\u00a0 \u00a0<\/p>\n<p>\u2022 S\u00f5rmuse mugavustsoon: olemas.<\/p>\n<p>\u2022 Sertifikaat: Leedu Proovikoda (LPR)\u00a0 \u00a0<\/p>\n<p>\u2022 Tasuta graveerimine<\/p>\n<p>\u2022 \u00dchekordne tasuta s\u00f5rmuse suuruse muutmise garantii<\/p>\n<p>\u2022 Tootmis- ja tarneaeg alates 14 t\u00f6\u00f6p\u00e4evast, kiirtellimusel 3 t\u00f6\u00f6p\u00e4eva jooksul.<\/p>\n<p><strong>Tootmishind ei sisalda:<\/strong><\/p>\n<p>\u2022 S\u00f5rmuse kuld: 14 K (proov 585), lisatasu eest saame valmistada ka 10K (proov 375) v\u00f5i 18K (proov 750) kullast.\u00a0 \u00a0 \u00a0<\/p>\n<p>\u2022 S\u00f5rmuse kulla kaal (s\u00f5ltub suurusest ja proovist): u 2,00\u20134,00 g\u00a0 \u00a0<\/p>\n<p>\u2022 S\u00f5rmuse v\u00e4rv: roodiumiga katmine<\/p>\n<p>\u2022 Teemandi t\u00fc\u00fcp: looduslik teemant, Lab Grown (laboris kasvatatud) teemant\u00a0 \u00a0 \u00a0<\/p>\n<p>\u2022 Teemandi kuju: \u00fcmmargune lihv (Round cut)\u00a0 \u00a0 \u00a0<\/p>\n<p>\u2022 Teemandi omadused: 1 tk x 0,20 ct, 1 tk x 0,30 ct, 1 tk x 0,50 ct (v\u00e4rv W, puhtus Vs-SI) (kui teil ei ole vajalikku teemanti v\u00f5i v\u00e4\u00e4riskivi, pakume teile parimaid hindu ning tellime need otse maailma teemandib\u00f6rsidelt: Belgiast, Kanadast, USA-st, Iisraelist, Indiast, Hongkongist jm).\u00a0 \u00a0<\/p>\n<p><strong>Kordumatu iluga, eksklusiivse stiili ja k\u00f5rge kvaliteediga mugavustsooniga kihlas\u00f5rmus. Suurep\u00e4rane valik, mis peegeldab teie armastuslugu.<\/strong><\/p>\n","protected":false},"excerpt":{"rendered":"<p>Meie juveliir valmistab teile klassikalise v\u00e4\u00e4riskiviga kihlas\u00f5rmuse, kasutades teie kulda ja v\u00e4\u00e4riskive. Fashion Goldi juveliirid on valmistanud kihlas\u00f5rmuseid juba 30 aastat, seega usaldage meie professionaalsust, k\u00f5rget kvaliteeti ja tasuge vaid valmistamise hinna eest. Avastage erakordne ilu koos Fashion Goldi juveliiridega!\u00a0<\/p>\n","protected":false},"featured_media":214396,"template":"","meta":{"site-sidebar-layout":"","site-content-layout":"","ast-site-content-layout":"","site-content-style":"","site-sidebar-style":"","ast-global-header-display":"","ast-banner-title-visibility":"","ast-main-header-display":"","ast-hfb-above-header-display":"","ast-hfb-below-header-display":"","ast-hfb-mobile-header-display":"","site-post-title":"","ast-breadcrumbs-content":"","ast-featured-img":"","footer-sml-layout":"","ast-disable-related-posts":"","theme-transparent-header-meta":"","adv-header-id-meta":"","stick-header-meta":"","header-above-stick-meta":"","header-main-stick-meta":"","header-below-stick-meta":"","astra-migrate-meta-layouts":"default","ast-page-background-enabled":"default","ast-page-background-meta":{"desktop":{"background-color":"var(--ast-global-color-4)","background-image":"","background-repeat":"repeat","background-position":"center center","background-size":"auto","background-attachment":"scroll","background-type":"","background-media":"","overlay-type":"","overlay-color":"","overlay-opacity":"","overlay-gradient":""},"tablet":{"background-color":"","background-image":"","background-repeat":"repeat","background-position":"center center","background-size":"auto","background-attachment":"scroll","background-type":"","background-media":"","overlay-type":"","overlay-color":"","overlay-opacity":"","overlay-gradient":""},"mobile":{"background-color":"","background-image":"","background-repeat":"repeat","background-position":"center center","background-size":"auto","background-attachment":"scroll","background-type":"","background-media":"","overlay-type":"","overlay-color":"","overlay-opacity":"","overlay-gradient":""}},"ast-content-background-meta":{"desktop":{"background-color":"var(--ast-global-color-5)","background-image":"","background-repeat":"repeat","background-position":"center center","background-size":"auto","background-attachment":"scroll","background-type":"","background-media":"","overlay-type":"","overlay-color":"","overlay-opacity":"","overlay-gradient":""},"tablet":{"background-color":"var(--ast-global-color-5)","background-image":"","background-repeat":"repeat","background-position":"center center","background-size":"auto","background-attachment":"scroll","background-type":"","background-media":"","overlay-type":"","overlay-color":"","overlay-opacity":"","overlay-gradient":""},"mobile":{"background-color":"var(--ast-global-color-5)","background-image":"","background-repeat":"repeat","background-position":"center center","background-size":"auto","background-attachment":"scroll","background-type":"","background-media":"","overlay-type":"","overlay-color":"","overlay-opacity":"","overlay-gradient":""}}},"product_brand":[],"product_cat":[2839,2992],"product_tag":[],"class_list":{"0":"post-281274","1":"product","2":"type-product","3":"status-publish","4":"has-post-thumbnail","6":"product_cat-juveliir","7":"product_cat-kihlasormuste-valmistamine","8":"desktop-align-center","9":"tablet-align-left","10":"mobile-align-left","11":"ast-product-gallery-layout-horizontal-slider","12":"ast-product-gallery-with-no-image","13":"ast-product-single-variable","14":"ast-product-tabs-layout-accordion","15":"ast-qv-on-image","17":"first","18":"instock","19":"taxable","20":"shipping-taxable","21":"purchasable","22":"product-type-variable"},"yoast_head":"<!-- This site is optimized with the Yoast SEO plugin v26.6 - https:\/\/yoast.com\/wordpress\/plugins\/seo\/ -->\n<title>Kihlas\u00f5rmuse valmistamine - Klassikaline s\u00f5rmus<\/title>\n<meta name=\"description\" content=\"Meie juveliir valmistab teile kihlas\u00f5rmuse, kasutades teie kulda, teemante ja v\u00e4\u00e4riskive. Erakordne kvaliteet koos Fashion Goldi juveliiridega!\" \/>\n<meta name=\"robots\" content=\"index, follow, max-snippet:-1, max-image-preview:large, max-video-preview:-1\" \/>\n<link rel=\"canonical\" href=\"https:\/\/fashiongold.lt\/et\/papuosalas\/kihlasormuse-valmistamine-klassikaline-sormus\/\" \/>\n<meta property=\"og:locale\" content=\"et_EE\" \/>\n<meta property=\"og:type\" content=\"article\" \/>\n<meta property=\"og:title\" content=\"Kihlas\u00f5rmuse valmistamine - Klassikaline s\u00f5rmus\" \/>\n<meta property=\"og:description\" content=\"Meie juveliir valmistab teile kihlas\u00f5rmuse, kasutades teie kulda, teemante ja v\u00e4\u00e4riskive. Erakordne kvaliteet koos Fashion Goldi juveliiridega!\" \/>\n<meta property=\"og:url\" content=\"https:\/\/fashiongold.lt\/et\/papuosalas\/kihlasormuse-valmistamine-klassikaline-sormus\/\" \/>\n<meta property=\"og:site_name\" content=\"FashionGold.lt\" \/>\n<meta property=\"og:image\" content=\"https:\/\/fashiongold.lt\/wp-content\/uploads\/2025\/10\/13451-df3-Suzadetuviu-ziedo-gamyba-Klasikinis-ziedas.webp\" \/>\n\t<meta property=\"og:image:width\" content=\"1000\" \/>\n\t<meta property=\"og:image:height\" content=\"1000\" \/>\n\t<meta property=\"og:image:type\" content=\"image\/png\" \/>\n<meta name=\"twitter:card\" content=\"summary_large_image\" \/>\n<meta name=\"twitter:label1\" content=\"Est. reading time\" \/>\n\t<meta name=\"twitter:data1\" content=\"1 minut\" \/>\n<script type=\"application\/ld+json\" class=\"yoast-schema-graph\">{\"@context\":\"https:\/\/schema.org\",\"@graph\":[{\"@type\":\"WebPage\",\"@id\":\"https:\/\/fashiongold.lt\/et\/papuosalas\/kihlasormuse-valmistamine-klassikaline-sormus\/\",\"url\":\"https:\/\/fashiongold.lt\/et\/papuosalas\/kihlasormuse-valmistamine-klassikaline-sormus\/\",\"name\":\"Kihlas\u00f5rmuse valmistamine - Klassikaline s\u00f5rmus\",\"isPartOf\":{\"@id\":\"https:\/\/fashiongold.lt\/et\/#website\"},\"primaryImageOfPage\":{\"@id\":\"https:\/\/fashiongold.lt\/et\/papuosalas\/kihlasormuse-valmistamine-klassikaline-sormus\/#primaryimage\"},\"image\":{\"@id\":\"https:\/\/fashiongold.lt\/et\/papuosalas\/kihlasormuse-valmistamine-klassikaline-sormus\/#primaryimage\"},\"thumbnailUrl\":\"https:\/\/fashiongold.lt\/wp-content\/uploads\/2025\/10\/13451-df3-Suzadetuviu-ziedo-gamyba-Klasikinis-ziedas.png\",\"datePublished\":\"2025-10-16T15:16:25+00:00\",\"description\":\"Meie juveliir valmistab teile kihlas\u00f5rmuse, kasutades teie kulda, teemante ja v\u00e4\u00e4riskive. Erakordne kvaliteet koos Fashion Goldi juveliiridega!\",\"breadcrumb\":{\"@id\":\"https:\/\/fashiongold.lt\/et\/papuosalas\/kihlasormuse-valmistamine-klassikaline-sormus\/#breadcrumb\"},\"inLanguage\":\"et\",\"potentialAction\":[{\"@type\":\"ReadAction\",\"target\":[\"https:\/\/fashiongold.lt\/et\/papuosalas\/kihlasormuse-valmistamine-klassikaline-sormus\/\"]}]},{\"@type\":\"ImageObject\",\"inLanguage\":\"et\",\"@id\":\"https:\/\/fashiongold.lt\/et\/papuosalas\/kihlasormuse-valmistamine-klassikaline-sormus\/#primaryimage\",\"url\":\"https:\/\/fashiongold.lt\/wp-content\/uploads\/2025\/10\/13451-df3-Suzadetuviu-ziedo-gamyba-Klasikinis-ziedas.png\",\"contentUrl\":\"https:\/\/fashiongold.lt\/wp-content\/uploads\/2025\/10\/13451-df3-Suzadetuviu-ziedo-gamyba-Klasikinis-ziedas.png\",\"width\":1000,\"height\":1000},{\"@type\":\"BreadcrumbList\",\"@id\":\"https:\/\/fashiongold.lt\/et\/papuosalas\/kihlasormuse-valmistamine-klassikaline-sormus\/#breadcrumb\",\"itemListElement\":[{\"@type\":\"ListItem\",\"position\":1,\"name\":\"Home\",\"item\":\"https:\/\/fashiongold.lt\/et\/\"},{\"@type\":\"ListItem\",\"position\":2,\"name\":\"Teemantide pood Fashiongold.lt\",\"item\":\"https:\/\/fashiongold.lt\/shop-2\/\"},{\"@type\":\"ListItem\",\"position\":3,\"name\":\"Kihlas\u00f5rmuse valmistamine \u2013 Klassikaline s\u00f5rmus\"}]},{\"@type\":\"WebSite\",\"@id\":\"https:\/\/fashiongold.lt\/et\/#website\",\"url\":\"https:\/\/fashiongold.lt\/et\/\",\"name\":\"Fashion Gold\",\"description\":\"Juvelyrikos namai\",\"publisher\":{\"@id\":\"https:\/\/fashiongold.lt\/et\/#organization\"},\"potentialAction\":[{\"@type\":\"SearchAction\",\"target\":{\"@type\":\"EntryPoint\",\"urlTemplate\":\"https:\/\/fashiongold.lt\/et\/?s={search_term_string}\"},\"query-input\":{\"@type\":\"PropertyValueSpecification\",\"valueRequired\":true,\"valueName\":\"search_term_string\"}}],\"inLanguage\":\"et\"},{\"@type\":\"Organization\",\"@id\":\"https:\/\/fashiongold.lt\/et\/#organization\",\"name\":\"Topdiamonds Online\",\"url\":\"https:\/\/fashiongold.lt\/et\/\",\"logo\":{\"@type\":\"ImageObject\",\"inLanguage\":\"et\",\"@id\":\"https:\/\/fashiongold.lt\/et\/#\/schema\/logo\/image\/\",\"url\":\"https:\/\/fashiongold.lt\/wp-content\/uploads\/2025\/04\/cropped-fashion_gold_logotipas2-scaled-1.png\",\"contentUrl\":\"https:\/\/fashiongold.lt\/wp-content\/uploads\/2025\/04\/cropped-fashion_gold_logotipas2-scaled-1.png\",\"width\":2559,\"height\":421,\"caption\":\"Topdiamonds Online\"},\"image\":{\"@id\":\"https:\/\/fashiongold.lt\/et\/#\/schema\/logo\/image\/\"}}]}<\/script>\n<!-- \/ Yoast SEO plugin. -->","yoast_head_json":{"title":"Kihlas\u00f5rmuse valmistamine - Klassikaline s\u00f5rmus","description":"Meie juveliir valmistab teile kihlas\u00f5rmuse, kasutades teie kulda, teemante ja v\u00e4\u00e4riskive. Erakordne kvaliteet koos Fashion Goldi juveliiridega!","robots":{"index":"index","follow":"follow","max-snippet":"max-snippet:-1","max-image-preview":"max-image-preview:large","max-video-preview":"max-video-preview:-1"},"canonical":"https:\/\/fashiongold.lt\/et\/papuosalas\/kihlasormuse-valmistamine-klassikaline-sormus\/","og_locale":"et_EE","og_type":"article","og_title":"Kihlas\u00f5rmuse valmistamine - Klassikaline s\u00f5rmus","og_description":"Meie juveliir valmistab teile kihlas\u00f5rmuse, kasutades teie kulda, teemante ja v\u00e4\u00e4riskive. Erakordne kvaliteet koos Fashion Goldi juveliiridega!","og_url":"https:\/\/fashiongold.lt\/et\/papuosalas\/kihlasormuse-valmistamine-klassikaline-sormus\/","og_site_name":"FashionGold.lt","og_image":[{"width":1000,"height":1000,"url":"https:\/\/fashiongold.lt\/wp-content\/uploads\/2025\/10\/13451-df3-Suzadetuviu-ziedo-gamyba-Klasikinis-ziedas.webp","type":"image\/png"}],"twitter_card":"summary_large_image","twitter_misc":{"Est. reading time":"1 minut"},"schema":{"@context":"https:\/\/schema.org","@graph":[{"@type":"WebPage","@id":"https:\/\/fashiongold.lt\/et\/papuosalas\/kihlasormuse-valmistamine-klassikaline-sormus\/","url":"https:\/\/fashiongold.lt\/et\/papuosalas\/kihlasormuse-valmistamine-klassikaline-sormus\/","name":"Kihlas\u00f5rmuse valmistamine - Klassikaline s\u00f5rmus","isPartOf":{"@id":"https:\/\/fashiongold.lt\/et\/#website"},"primaryImageOfPage":{"@id":"https:\/\/fashiongold.lt\/et\/papuosalas\/kihlasormuse-valmistamine-klassikaline-sormus\/#primaryimage"},"image":{"@id":"https:\/\/fashiongold.lt\/et\/papuosalas\/kihlasormuse-valmistamine-klassikaline-sormus\/#primaryimage"},"thumbnailUrl":"https:\/\/fashiongold.lt\/wp-content\/uploads\/2025\/10\/13451-df3-Suzadetuviu-ziedo-gamyba-Klasikinis-ziedas.png","datePublished":"2025-10-16T15:16:25+00:00","description":"Meie juveliir valmistab teile kihlas\u00f5rmuse, kasutades teie kulda, teemante ja v\u00e4\u00e4riskive. Erakordne kvaliteet koos Fashion Goldi juveliiridega!","breadcrumb":{"@id":"https:\/\/fashiongold.lt\/et\/papuosalas\/kihlasormuse-valmistamine-klassikaline-sormus\/#breadcrumb"},"inLanguage":"et","potentialAction":[{"@type":"ReadAction","target":["https:\/\/fashiongold.lt\/et\/papuosalas\/kihlasormuse-valmistamine-klassikaline-sormus\/"]}]},{"@type":"ImageObject","inLanguage":"et","@id":"https:\/\/fashiongold.lt\/et\/papuosalas\/kihlasormuse-valmistamine-klassikaline-sormus\/#primaryimage","url":"https:\/\/fashiongold.lt\/wp-content\/uploads\/2025\/10\/13451-df3-Suzadetuviu-ziedo-gamyba-Klasikinis-ziedas.png","contentUrl":"https:\/\/fashiongold.lt\/wp-content\/uploads\/2025\/10\/13451-df3-Suzadetuviu-ziedo-gamyba-Klasikinis-ziedas.png","width":1000,"height":1000},{"@type":"BreadcrumbList","@id":"https:\/\/fashiongold.lt\/et\/papuosalas\/kihlasormuse-valmistamine-klassikaline-sormus\/#breadcrumb","itemListElement":[{"@type":"ListItem","position":1,"name":"Home","item":"https:\/\/fashiongold.lt\/et\/"},{"@type":"ListItem","position":2,"name":"Teemantide pood Fashiongold.lt","item":"https:\/\/fashiongold.lt\/shop-2\/"},{"@type":"ListItem","position":3,"name":"Kihlas\u00f5rmuse valmistamine \u2013 Klassikaline s\u00f5rmus"}]},{"@type":"WebSite","@id":"https:\/\/fashiongold.lt\/et\/#website","url":"https:\/\/fashiongold.lt\/et\/","name":"Fashion Gold","description":"Juvelyrikos namai","publisher":{"@id":"https:\/\/fashiongold.lt\/et\/#organization"},"potentialAction":[{"@type":"SearchAction","target":{"@type":"EntryPoint","urlTemplate":"https:\/\/fashiongold.lt\/et\/?s={search_term_string}"},"query-input":{"@type":"PropertyValueSpecification","valueRequired":true,"valueName":"search_term_string"}}],"inLanguage":"et"},{"@type":"Organization","@id":"https:\/\/fashiongold.lt\/et\/#organization","name":"Topdiamonds Online","url":"https:\/\/fashiongold.lt\/et\/","logo":{"@type":"ImageObject","inLanguage":"et","@id":"https:\/\/fashiongold.lt\/et\/#\/schema\/logo\/image\/","url":"https:\/\/fashiongold.lt\/wp-content\/uploads\/2025\/04\/cropped-fashion_gold_logotipas2-scaled-1.png","contentUrl":"https:\/\/fashiongold.lt\/wp-content\/uploads\/2025\/04\/cropped-fashion_gold_logotipas2-scaled-1.png","width":2559,"height":421,"caption":"Topdiamonds Online"},"image":{"@id":"https:\/\/fashiongold.lt\/et\/#\/schema\/logo\/image\/"}}]}},"_links":{"self":[{"href":"https:\/\/fashiongold.lt\/et\/wp-json\/wp\/v2\/product\/281274","targetHints":{"allow":["GET"]}}],"collection":[{"href":"https:\/\/fashiongold.lt\/et\/wp-json\/wp\/v2\/product"}],"about":[{"href":"https:\/\/fashiongold.lt\/et\/wp-json\/wp\/v2\/types\/product"}],"version-history":[{"count":0,"href":"https:\/\/fashiongold.lt\/et\/wp-json\/wp\/v2\/product\/281274\/revisions"}],"wp:featuredmedia":[{"embeddable":true,"href":"https:\/\/fashiongold.lt\/et\/wp-json\/wp\/v2\/media\/214396"}],"wp:attachment":[{"href":"https:\/\/fashiongold.lt\/et\/wp-json\/wp\/v2\/media?parent=281274"}],"wp:term":[{"taxonomy":"product_brand","embeddable":true,"href":"https:\/\/fashiongold.lt\/et\/wp-json\/wp\/v2\/product_brand?post=281274"},{"taxonomy":"product_cat","embeddable":true,"href":"https:\/\/fashiongold.lt\/et\/wp-json\/wp\/v2\/product_cat?post=281274"},{"taxonomy":"product_tag","embeddable":true,"href":"https:\/\/fashiongold.lt\/et\/wp-json\/wp\/v2\/product_tag?post=281274"}],"curies":[{"name":"wp","href":"https:\/\/api.w.org\/{rel}","templated":true}]}}