{"id":281284,"date":"2025-10-16T15:12:09","date_gmt":"2025-10-16T15:12:09","guid":{"rendered":"https:\/\/fashiongold.lt\/papuosalas\/kihlasormus-100-karaadise-laboris-kasvatatud-teemandiga-taiuslik\/"},"modified":"2025-10-16T15:12:09","modified_gmt":"2025-10-16T15:12:09","slug":"kihlasormus-100-karaadise-laboris-kasvatatud-teemandiga-taiuslik","status":"publish","type":"product","link":"https:\/\/fashiongold.lt\/et\/papuosalas\/kihlasormus-100-karaadise-laboris-kasvatatud-teemandiga-taiuslik\/","title":{"rendered":"Kihlas\u00f5rmus 1,00-karaadise laboris kasvatatud teemandiga \u2013 T\u00e4iuslik"},"content":{"rendered":"<p>Valmistatud Saksamaal, j\u00e4rgides k\u00f5rgeimaid standardeid. S\u00f5rmust saab valmistada eritellimusel: lisatasu eest k\u00f5rgema kvaliteediga teemantide v\u00f5i teemantidega.<\/p>\n<p>\u2022 S\u00f5rmuse metall: 14K (proov 585), saame valmistada ka 10K (proov 375), 18K (proov 750), 950 plaatina<\/p>\n<p>\u2022 S\u00f5rmuse v\u00e4rvus: valge, punane, kollane<\/p>\n<p>\u2022 S\u00f5rmuse kaal (s\u00f5ltub suurusest): umbes 3,00 &#8211; 3,50 g<\/p>\n<p>\u2022 S\u00f5rmuse m\u00f5\u00f5tmed: krooni laius umbes<\/p>\n<p>\u2022 S\u00f5rmuse mugavustsoon: olemas<\/p>\n<p>\u2022 Teemandi t\u00fc\u00fcp: laboris kasvatatud teemant<\/p>\n<p>\u2022 Teemandi kuju: \u00fcmar (Round cut)<\/p>\n<p>\u2022 Teemandi omadused: 1.00 ct teemant (v\u00e4rv E, puhtus VVS2) (saab muuta)<\/p>\n<p>\u2022 Sertifikaat: Leedu Proovikoda (LPR), IGI sertifikaat<\/p>\n<p>\u2022 Graveerimine tasuta<\/p>\n<p>\u2022 \u00dchekordne tasuta s\u00f5rmuse suuruse muutmise garantii (vastavalt v\u00f5imalusele)<\/p>\n<p>\u2022 Valmistamise ja kohaletoimetamise t\u00e4htaeg alates 14 t\u00f6\u00f6p\u00e4evast, kiirtellimusel 7 t\u00f6\u00f6p\u00e4eva jooksul<\/p>\n<p><strong>Kas teil on oma v\u00e4\u00e4riskivi? V\u00f5tke meiega \u00fchendust, arvutame hinna \u00fcmber \u2013 maksate ainult s\u00f5rmuse valmistamise eest.<\/strong><\/p>\n","protected":false},"excerpt":{"rendered":"<p>Klassikaline kuldne kihlusermus 1,00-karaatise laboris kasvatatud teemandiga. S\u00f5rmuse k\u00f5rgeim kvaliteet. Maksimaalne mugavus igap\u00e4evaseks kandmiseks. See on erakordne valik neile, kes hindavad k\u00f5rget kvaliteeti. Valmistatud Leedus \u2013 k\u00f5rgeimate standardite kohaselt.<\/p>\n","protected":false},"featured_media":214212,"template":"","meta":{"site-sidebar-layout":"","site-content-layout":"","ast-site-content-layout":"","site-content-style":"","site-sidebar-style":"","ast-global-header-display":"","ast-banner-title-visibility":"","ast-main-header-display":"","ast-hfb-above-header-display":"","ast-hfb-below-header-display":"","ast-hfb-mobile-header-display":"","site-post-title":"","ast-breadcrumbs-content":"","ast-featured-img":"","footer-sml-layout":"","ast-disable-related-posts":"","theme-transparent-header-meta":"","adv-header-id-meta":"","stick-header-meta":"","header-above-stick-meta":"","header-main-stick-meta":"","header-below-stick-meta":"","astra-migrate-meta-layouts":"default","ast-page-background-enabled":"default","ast-page-background-meta":{"desktop":{"background-color":"var(--ast-global-color-4)","background-image":"","background-repeat":"repeat","background-position":"center center","background-size":"auto","background-attachment":"scroll","background-type":"","background-media":"","overlay-type":"","overlay-color":"","overlay-opacity":"","overlay-gradient":""},"tablet":{"background-color":"","background-image":"","background-repeat":"repeat","background-position":"center center","background-size":"auto","background-attachment":"scroll","background-type":"","background-media":"","overlay-type":"","overlay-color":"","overlay-opacity":"","overlay-gradient":""},"mobile":{"background-color":"","background-image":"","background-repeat":"repeat","background-position":"center center","background-size":"auto","background-attachment":"scroll","background-type":"","background-media":"","overlay-type":"","overlay-color":"","overlay-opacity":"","overlay-gradient":""}},"ast-content-background-meta":{"desktop":{"background-color":"var(--ast-global-color-5)","background-image":"","background-repeat":"repeat","background-position":"center center","background-size":"auto","background-attachment":"scroll","background-type":"","background-media":"","overlay-type":"","overlay-color":"","overlay-opacity":"","overlay-gradient":""},"tablet":{"background-color":"var(--ast-global-color-5)","background-image":"","background-repeat":"repeat","background-position":"center center","background-size":"auto","background-attachment":"scroll","background-type":"","background-media":"","overlay-type":"","overlay-color":"","overlay-opacity":"","overlay-gradient":""},"mobile":{"background-color":"var(--ast-global-color-5)","background-image":"","background-repeat":"repeat","background-position":"center center","background-size":"auto","background-attachment":"scroll","background-type":"","background-media":"","overlay-type":"","overlay-color":"","overlay-opacity":"","overlay-gradient":""}}},"product_brand":[],"product_cat":[3758,3422,3558,2829,2823,2822,3444,2845,3559,3445,3424],"product_tag":[],"class_list":{"0":"post-281284","1":"product","2":"type-product","3":"status-publish","4":"has-post-thumbnail","6":"product_cat-1-karaadise-teemandiga-kihlasormused","7":"product_cat-kihlasormused","8":"product_cat-kihlasormused-laboriteemantidega","9":"product_cat-kingitused-erilisteks-puhkudeks","10":"product_cat-kingitused-lapse-sunni-puhul","11":"product_cat-kingitused-naistele","12":"product_cat-klasikalised-kihlusesormused","13":"product_cat-sobrapaeva-kingitused","14":"product_cat-sormused-laboriteemantidega-kasvatatud-teemandid","15":"product_cat-top-kihlasormused","16":"product_cat-valgest-kullast-kihlasormused","17":"desktop-align-center","18":"tablet-align-left","19":"mobile-align-left","20":"ast-product-gallery-layout-horizontal-slider","21":"ast-product-gallery-with-no-image","22":"ast-product-single-variable","23":"ast-product-tabs-layout-accordion","24":"ast-qv-on-image","26":"first","27":"instock","28":"taxable","29":"shipping-taxable","30":"purchasable","31":"product-type-variable"},"yoast_head":"<!-- This site is optimized with the Yoast SEO plugin v26.6 - https:\/\/yoast.com\/wordpress\/plugins\/seo\/ -->\n<title>Kihlas\u00f5rmus 1,00-karaadise laborikasvatatud teemandiga - T\u00e4iuslik<\/title>\n<meta name=\"description\" content=\"Kuldne klassikaline kihlas\u00f5rmus 1,00-karaatise kasvatatud teemandiga. Eriline valik neile, kes hindavad k\u00f5rget kvaliteeti. Valmistamine alates 14 t\u00f6\u00f6p\u00e4evast.\" \/>\n<meta name=\"robots\" content=\"index, follow, max-snippet:-1, max-image-preview:large, max-video-preview:-1\" \/>\n<link rel=\"canonical\" href=\"https:\/\/fashiongold.lt\/et\/papuosalas\/kihlasormus-100-karaadise-laboris-kasvatatud-teemandiga-taiuslik\/\" \/>\n<meta property=\"og:locale\" content=\"et_EE\" \/>\n<meta property=\"og:type\" content=\"article\" \/>\n<meta property=\"og:title\" content=\"Kihlas\u00f5rmus 1,00-karaadise laborikasvatatud teemandiga - T\u00e4iuslik\" \/>\n<meta property=\"og:description\" content=\"Kuldne klassikaline kihlas\u00f5rmus 1,00-karaatise kasvatatud teemandiga. Eriline valik neile, kes hindavad k\u00f5rget kvaliteeti. Valmistamine alates 14 t\u00f6\u00f6p\u00e4evast.\" \/>\n<meta property=\"og:url\" content=\"https:\/\/fashiongold.lt\/et\/papuosalas\/kihlasormus-100-karaadise-laboris-kasvatatud-teemandiga-taiuslik\/\" \/>\n<meta property=\"og:site_name\" content=\"FashionGold.lt\" \/>\n<meta property=\"og:image\" content=\"https:\/\/fashiongold.lt\/wp-content\/uploads\/2025\/10\/13419-0ea-Balto-aukso-suzadetuviu-ziedas-su-1.00-karato-uzaugintu-deimantu-Tobulas.webp\" \/>\n\t<meta property=\"og:image:width\" content=\"1000\" \/>\n\t<meta property=\"og:image:height\" content=\"1000\" \/>\n\t<meta property=\"og:image:type\" content=\"image\/png\" \/>\n<meta name=\"twitter:card\" content=\"summary_large_image\" \/>\n<meta name=\"twitter:label1\" content=\"Est. reading time\" \/>\n\t<meta name=\"twitter:data1\" content=\"1 minut\" \/>\n<script type=\"application\/ld+json\" class=\"yoast-schema-graph\">{\"@context\":\"https:\/\/schema.org\",\"@graph\":[{\"@type\":\"WebPage\",\"@id\":\"https:\/\/fashiongold.lt\/et\/papuosalas\/kihlasormus-100-karaadise-laboris-kasvatatud-teemandiga-taiuslik\/\",\"url\":\"https:\/\/fashiongold.lt\/et\/papuosalas\/kihlasormus-100-karaadise-laboris-kasvatatud-teemandiga-taiuslik\/\",\"name\":\"Kihlas\u00f5rmus 1,00-karaadise laborikasvatatud teemandiga - T\u00e4iuslik\",\"isPartOf\":{\"@id\":\"https:\/\/fashiongold.lt\/et\/#website\"},\"primaryImageOfPage\":{\"@id\":\"https:\/\/fashiongold.lt\/et\/papuosalas\/kihlasormus-100-karaadise-laboris-kasvatatud-teemandiga-taiuslik\/#primaryimage\"},\"image\":{\"@id\":\"https:\/\/fashiongold.lt\/et\/papuosalas\/kihlasormus-100-karaadise-laboris-kasvatatud-teemandiga-taiuslik\/#primaryimage\"},\"thumbnailUrl\":\"https:\/\/fashiongold.lt\/wp-content\/uploads\/2025\/10\/13419-0ea-Balto-aukso-suzadetuviu-ziedas-su-1.00-karato-uzaugintu-deimantu-Tobulas.png\",\"datePublished\":\"2025-10-16T15:12:09+00:00\",\"description\":\"Kuldne klassikaline kihlas\u00f5rmus 1,00-karaatise kasvatatud teemandiga. Eriline valik neile, kes hindavad k\u00f5rget kvaliteeti. Valmistamine alates 14 t\u00f6\u00f6p\u00e4evast.\",\"breadcrumb\":{\"@id\":\"https:\/\/fashiongold.lt\/et\/papuosalas\/kihlasormus-100-karaadise-laboris-kasvatatud-teemandiga-taiuslik\/#breadcrumb\"},\"inLanguage\":\"et\",\"potentialAction\":[{\"@type\":\"ReadAction\",\"target\":[\"https:\/\/fashiongold.lt\/et\/papuosalas\/kihlasormus-100-karaadise-laboris-kasvatatud-teemandiga-taiuslik\/\"]}]},{\"@type\":\"ImageObject\",\"inLanguage\":\"et\",\"@id\":\"https:\/\/fashiongold.lt\/et\/papuosalas\/kihlasormus-100-karaadise-laboris-kasvatatud-teemandiga-taiuslik\/#primaryimage\",\"url\":\"https:\/\/fashiongold.lt\/wp-content\/uploads\/2025\/10\/13419-0ea-Balto-aukso-suzadetuviu-ziedas-su-1.00-karato-uzaugintu-deimantu-Tobulas.png\",\"contentUrl\":\"https:\/\/fashiongold.lt\/wp-content\/uploads\/2025\/10\/13419-0ea-Balto-aukso-suzadetuviu-ziedas-su-1.00-karato-uzaugintu-deimantu-Tobulas.png\",\"width\":1000,\"height\":1000},{\"@type\":\"BreadcrumbList\",\"@id\":\"https:\/\/fashiongold.lt\/et\/papuosalas\/kihlasormus-100-karaadise-laboris-kasvatatud-teemandiga-taiuslik\/#breadcrumb\",\"itemListElement\":[{\"@type\":\"ListItem\",\"position\":1,\"name\":\"Home\",\"item\":\"https:\/\/fashiongold.lt\/et\/\"},{\"@type\":\"ListItem\",\"position\":2,\"name\":\"Teemantide pood Fashiongold.lt\",\"item\":\"https:\/\/fashiongold.lt\/shop-2\/\"},{\"@type\":\"ListItem\",\"position\":3,\"name\":\"Kihlas\u00f5rmus 1,00-karaadise laboris kasvatatud teemandiga \u2013 T\u00e4iuslik\"}]},{\"@type\":\"WebSite\",\"@id\":\"https:\/\/fashiongold.lt\/et\/#website\",\"url\":\"https:\/\/fashiongold.lt\/et\/\",\"name\":\"Fashion Gold\",\"description\":\"Juvelyrikos namai\",\"publisher\":{\"@id\":\"https:\/\/fashiongold.lt\/et\/#organization\"},\"potentialAction\":[{\"@type\":\"SearchAction\",\"target\":{\"@type\":\"EntryPoint\",\"urlTemplate\":\"https:\/\/fashiongold.lt\/et\/?s={search_term_string}\"},\"query-input\":{\"@type\":\"PropertyValueSpecification\",\"valueRequired\":true,\"valueName\":\"search_term_string\"}}],\"inLanguage\":\"et\"},{\"@type\":\"Organization\",\"@id\":\"https:\/\/fashiongold.lt\/et\/#organization\",\"name\":\"Topdiamonds Online\",\"url\":\"https:\/\/fashiongold.lt\/et\/\",\"logo\":{\"@type\":\"ImageObject\",\"inLanguage\":\"et\",\"@id\":\"https:\/\/fashiongold.lt\/et\/#\/schema\/logo\/image\/\",\"url\":\"https:\/\/fashiongold.lt\/wp-content\/uploads\/2025\/04\/cropped-fashion_gold_logotipas2-scaled-1.png\",\"contentUrl\":\"https:\/\/fashiongold.lt\/wp-content\/uploads\/2025\/04\/cropped-fashion_gold_logotipas2-scaled-1.png\",\"width\":2559,\"height\":421,\"caption\":\"Topdiamonds Online\"},\"image\":{\"@id\":\"https:\/\/fashiongold.lt\/et\/#\/schema\/logo\/image\/\"}}]}<\/script>\n<!-- \/ Yoast SEO plugin. -->","yoast_head_json":{"title":"Kihlas\u00f5rmus 1,00-karaadise laborikasvatatud teemandiga - T\u00e4iuslik","description":"Kuldne klassikaline kihlas\u00f5rmus 1,00-karaatise kasvatatud teemandiga. Eriline valik neile, kes hindavad k\u00f5rget kvaliteeti. Valmistamine alates 14 t\u00f6\u00f6p\u00e4evast.","robots":{"index":"index","follow":"follow","max-snippet":"max-snippet:-1","max-image-preview":"max-image-preview:large","max-video-preview":"max-video-preview:-1"},"canonical":"https:\/\/fashiongold.lt\/et\/papuosalas\/kihlasormus-100-karaadise-laboris-kasvatatud-teemandiga-taiuslik\/","og_locale":"et_EE","og_type":"article","og_title":"Kihlas\u00f5rmus 1,00-karaadise laborikasvatatud teemandiga - T\u00e4iuslik","og_description":"Kuldne klassikaline kihlas\u00f5rmus 1,00-karaatise kasvatatud teemandiga. Eriline valik neile, kes hindavad k\u00f5rget kvaliteeti. Valmistamine alates 14 t\u00f6\u00f6p\u00e4evast.","og_url":"https:\/\/fashiongold.lt\/et\/papuosalas\/kihlasormus-100-karaadise-laboris-kasvatatud-teemandiga-taiuslik\/","og_site_name":"FashionGold.lt","og_image":[{"width":1000,"height":1000,"url":"https:\/\/fashiongold.lt\/wp-content\/uploads\/2025\/10\/13419-0ea-Balto-aukso-suzadetuviu-ziedas-su-1.00-karato-uzaugintu-deimantu-Tobulas.webp","type":"image\/png"}],"twitter_card":"summary_large_image","twitter_misc":{"Est. reading time":"1 minut"},"schema":{"@context":"https:\/\/schema.org","@graph":[{"@type":"WebPage","@id":"https:\/\/fashiongold.lt\/et\/papuosalas\/kihlasormus-100-karaadise-laboris-kasvatatud-teemandiga-taiuslik\/","url":"https:\/\/fashiongold.lt\/et\/papuosalas\/kihlasormus-100-karaadise-laboris-kasvatatud-teemandiga-taiuslik\/","name":"Kihlas\u00f5rmus 1,00-karaadise laborikasvatatud teemandiga - T\u00e4iuslik","isPartOf":{"@id":"https:\/\/fashiongold.lt\/et\/#website"},"primaryImageOfPage":{"@id":"https:\/\/fashiongold.lt\/et\/papuosalas\/kihlasormus-100-karaadise-laboris-kasvatatud-teemandiga-taiuslik\/#primaryimage"},"image":{"@id":"https:\/\/fashiongold.lt\/et\/papuosalas\/kihlasormus-100-karaadise-laboris-kasvatatud-teemandiga-taiuslik\/#primaryimage"},"thumbnailUrl":"https:\/\/fashiongold.lt\/wp-content\/uploads\/2025\/10\/13419-0ea-Balto-aukso-suzadetuviu-ziedas-su-1.00-karato-uzaugintu-deimantu-Tobulas.png","datePublished":"2025-10-16T15:12:09+00:00","description":"Kuldne klassikaline kihlas\u00f5rmus 1,00-karaatise kasvatatud teemandiga. Eriline valik neile, kes hindavad k\u00f5rget kvaliteeti. Valmistamine alates 14 t\u00f6\u00f6p\u00e4evast.","breadcrumb":{"@id":"https:\/\/fashiongold.lt\/et\/papuosalas\/kihlasormus-100-karaadise-laboris-kasvatatud-teemandiga-taiuslik\/#breadcrumb"},"inLanguage":"et","potentialAction":[{"@type":"ReadAction","target":["https:\/\/fashiongold.lt\/et\/papuosalas\/kihlasormus-100-karaadise-laboris-kasvatatud-teemandiga-taiuslik\/"]}]},{"@type":"ImageObject","inLanguage":"et","@id":"https:\/\/fashiongold.lt\/et\/papuosalas\/kihlasormus-100-karaadise-laboris-kasvatatud-teemandiga-taiuslik\/#primaryimage","url":"https:\/\/fashiongold.lt\/wp-content\/uploads\/2025\/10\/13419-0ea-Balto-aukso-suzadetuviu-ziedas-su-1.00-karato-uzaugintu-deimantu-Tobulas.png","contentUrl":"https:\/\/fashiongold.lt\/wp-content\/uploads\/2025\/10\/13419-0ea-Balto-aukso-suzadetuviu-ziedas-su-1.00-karato-uzaugintu-deimantu-Tobulas.png","width":1000,"height":1000},{"@type":"BreadcrumbList","@id":"https:\/\/fashiongold.lt\/et\/papuosalas\/kihlasormus-100-karaadise-laboris-kasvatatud-teemandiga-taiuslik\/#breadcrumb","itemListElement":[{"@type":"ListItem","position":1,"name":"Home","item":"https:\/\/fashiongold.lt\/et\/"},{"@type":"ListItem","position":2,"name":"Teemantide pood Fashiongold.lt","item":"https:\/\/fashiongold.lt\/shop-2\/"},{"@type":"ListItem","position":3,"name":"Kihlas\u00f5rmus 1,00-karaadise laboris kasvatatud teemandiga \u2013 T\u00e4iuslik"}]},{"@type":"WebSite","@id":"https:\/\/fashiongold.lt\/et\/#website","url":"https:\/\/fashiongold.lt\/et\/","name":"Fashion Gold","description":"Juvelyrikos namai","publisher":{"@id":"https:\/\/fashiongold.lt\/et\/#organization"},"potentialAction":[{"@type":"SearchAction","target":{"@type":"EntryPoint","urlTemplate":"https:\/\/fashiongold.lt\/et\/?s={search_term_string}"},"query-input":{"@type":"PropertyValueSpecification","valueRequired":true,"valueName":"search_term_string"}}],"inLanguage":"et"},{"@type":"Organization","@id":"https:\/\/fashiongold.lt\/et\/#organization","name":"Topdiamonds Online","url":"https:\/\/fashiongold.lt\/et\/","logo":{"@type":"ImageObject","inLanguage":"et","@id":"https:\/\/fashiongold.lt\/et\/#\/schema\/logo\/image\/","url":"https:\/\/fashiongold.lt\/wp-content\/uploads\/2025\/04\/cropped-fashion_gold_logotipas2-scaled-1.png","contentUrl":"https:\/\/fashiongold.lt\/wp-content\/uploads\/2025\/04\/cropped-fashion_gold_logotipas2-scaled-1.png","width":2559,"height":421,"caption":"Topdiamonds Online"},"image":{"@id":"https:\/\/fashiongold.lt\/et\/#\/schema\/logo\/image\/"}}]}},"_links":{"self":[{"href":"https:\/\/fashiongold.lt\/et\/wp-json\/wp\/v2\/product\/281284","targetHints":{"allow":["GET"]}}],"collection":[{"href":"https:\/\/fashiongold.lt\/et\/wp-json\/wp\/v2\/product"}],"about":[{"href":"https:\/\/fashiongold.lt\/et\/wp-json\/wp\/v2\/types\/product"}],"version-history":[{"count":0,"href":"https:\/\/fashiongold.lt\/et\/wp-json\/wp\/v2\/product\/281284\/revisions"}],"wp:featuredmedia":[{"embeddable":true,"href":"https:\/\/fashiongold.lt\/et\/wp-json\/wp\/v2\/media\/214212"}],"wp:attachment":[{"href":"https:\/\/fashiongold.lt\/et\/wp-json\/wp\/v2\/media?parent=281284"}],"wp:term":[{"taxonomy":"product_brand","embeddable":true,"href":"https:\/\/fashiongold.lt\/et\/wp-json\/wp\/v2\/product_brand?post=281284"},{"taxonomy":"product_cat","embeddable":true,"href":"https:\/\/fashiongold.lt\/et\/wp-json\/wp\/v2\/product_cat?post=281284"},{"taxonomy":"product_tag","embeddable":true,"href":"https:\/\/fashiongold.lt\/et\/wp-json\/wp\/v2\/product_tag?post=281284"}],"curies":[{"name":"wp","href":"https:\/\/api.w.org\/{rel}","templated":true}]}}