{"id":281299,"date":"2025-10-16T15:05:06","date_gmt":"2025-10-16T15:05:06","guid":{"rendered":"https:\/\/fashiongold.lt\/papuosalas\/morganiidid-kullast-tihvtkorvarongad-morganiitidega-0-45-ct\/"},"modified":"2025-10-16T15:05:06","modified_gmt":"2025-10-16T15:05:06","slug":"morganiidid-kullast-tihvtkorvarongad-morganiitidega-0-45-ct","status":"publish","type":"product","link":"https:\/\/fashiongold.lt\/et\/papuosalas\/morganiidid-kullast-tihvtkorvarongad-morganiitidega-0-45-ct\/","title":{"rendered":"Morganiidid \u2013 kullast tihvtk\u00f5rvar\u00f5ngad morganiitidega (0.45 ct)"},"content":{"rendered":"<h2>Kuldsed morganiitidega naelk\u00f5rvar\u00f5ngad &#8211; Morganiidid (0.45 ct)<\/h2>\n<h3>Moekad \u00fcmarad morganiitidega naelk\u00f5rvar\u00f5ngad. \u00dcmarad morganiidid &#8211; 0.45 ct\u00a0\u00a0<\/h3>\n<p>Valmistatud Saksamaal kvaliteetsetest v\u00e4\u00e4riskividest. Suurep\u00e4rane valik stiilsele naisele. Morganiidi imeline j\u00f5ud &#8211; toimib hinge tasakaalu talismanina. Arvatakse, et kivi meelitab ligi \u00f5nne, aitab leida armastust ja paljastab peidetud andeid, toob edu t\u00f6\u00f6l, loojatele \u2014 inspiratsiooni, see on kodu kaitseingel. Morganiit kaitseb negatiivse energeetilise m\u00f5ju &#8211; sajatuse v\u00f5i kadeduse eest ning isegi \u00f5nnetusjuhtumite eest. Morganiit sobib k\u00f5igile, kuid k\u00f5ige paremini S\u00f5nnile, Skorpionile, Kaladele ja V\u00e4hile, Amburile, L\u00f5vile, Kaksikutele, Veevalajale, Kaaludele.<\/p>\n<p>\u2022 K\u00f5rvar\u00f5ngaste kuld: 18 karaati (proov 750)\u00a0<\/p>\n<p>\u2022 K\u00f5rvar\u00f5ngaste v\u00e4rvus: punane kuld\u00a0 \u00a0 \u00a0<\/p>\n<p>\u2022 K\u00f5rvar\u00f5ngaste kaal: umbes 1,00 &#8211; 1,90 g\u00a0 \u00a0<\/p>\n<p>\u2022 V\u00e4\u00e4riskivi: \u00fcmarad morganiidid &#8211; 0.45 ct\u00a0 \u00a0<\/p>\n<p>\u2022 Sertifikaat: Leedu Proovikoda (LPR)\u00a0 \u00a0<\/p>\n<p>\u2022 K\u00f5rvar\u00f5ngaste m\u00f5\u00f5tmed:\u00a0<\/p>\n<p>\u2022 Graveerimine tasuta\u00a0<\/p>\n<p>\u2022 \u00dchekordne tasuta s\u00f5rmuse suuruse muutmise garantii\u00a0<\/p>\n<p>\u2022 Tootmis- ja tarneaeg alates 21 t\u00f6\u00f6p\u00e4evast, kiirtellimusel 3 t\u00f6\u00f6p\u00e4evaga.\u00a0<\/p>\n<p><strong>On teil oma kulda? V\u00f5tke \u00fchendust, arvutame hinna \u00fcmber \u2013 maksate ainult k\u00f5rvar\u00f5ngaste valmistamise eest.<\/strong><\/p>\n","protected":false},"excerpt":{"rendered":"<p>Kuldsed \u00fcmmargused morganiitidega naelk\u00f5rvar\u00f5ngad. Sobivad igap\u00e4evaseks kandmiseks ja erilisteks puhkudeks, silmapaistva stiili loomiseks.<\/p>\n","protected":false},"featured_media":213982,"template":"","meta":{"site-sidebar-layout":"","site-content-layout":"","ast-site-content-layout":"","site-content-style":"","site-sidebar-style":"","ast-global-header-display":"","ast-banner-title-visibility":"","ast-main-header-display":"","ast-hfb-above-header-display":"","ast-hfb-below-header-display":"","ast-hfb-mobile-header-display":"","site-post-title":"","ast-breadcrumbs-content":"","ast-featured-img":"","footer-sml-layout":"","ast-disable-related-posts":"","theme-transparent-header-meta":"","adv-header-id-meta":"","stick-header-meta":"","header-above-stick-meta":"","header-main-stick-meta":"","header-below-stick-meta":"","astra-migrate-meta-layouts":"default","ast-page-background-enabled":"default","ast-page-background-meta":{"desktop":{"background-color":"var(--ast-global-color-4)","background-image":"","background-repeat":"repeat","background-position":"center center","background-size":"auto","background-attachment":"scroll","background-type":"","background-media":"","overlay-type":"","overlay-color":"","overlay-opacity":"","overlay-gradient":""},"tablet":{"background-color":"","background-image":"","background-repeat":"repeat","background-position":"center center","background-size":"auto","background-attachment":"scroll","background-type":"","background-media":"","overlay-type":"","overlay-color":"","overlay-opacity":"","overlay-gradient":""},"mobile":{"background-color":"","background-image":"","background-repeat":"repeat","background-position":"center center","background-size":"auto","background-attachment":"scroll","background-type":"","background-media":"","overlay-type":"","overlay-color":"","overlay-opacity":"","overlay-gradient":""}},"ast-content-background-meta":{"desktop":{"background-color":"var(--ast-global-color-5)","background-image":"","background-repeat":"repeat","background-position":"center center","background-size":"auto","background-attachment":"scroll","background-type":"","background-media":"","overlay-type":"","overlay-color":"","overlay-opacity":"","overlay-gradient":""},"tablet":{"background-color":"var(--ast-global-color-5)","background-image":"","background-repeat":"repeat","background-position":"center center","background-size":"auto","background-attachment":"scroll","background-type":"","background-media":"","overlay-type":"","overlay-color":"","overlay-opacity":"","overlay-gradient":""},"mobile":{"background-color":"var(--ast-global-color-5)","background-image":"","background-repeat":"repeat","background-position":"center center","background-size":"auto","background-attachment":"scroll","background-type":"","background-media":"","overlay-type":"","overlay-color":"","overlay-opacity":"","overlay-gradient":""}}},"product_brand":[],"product_cat":[3058,2830,2826,2829,2823,2828,2822,2824,3392,2821,2969,2846,2967,3391,3502,2845,2966,2968],"product_tag":[],"class_list":{"0":"post-281299","1":"product","2":"type-product","3":"status-publish","4":"has-post-thumbnail","6":"product_cat-ehted","7":"product_cat-emadepaeva-kingitused","8":"product_cat-joulukingid","9":"product_cat-kingitused-erilisteks-puhkudeks","10":"product_cat-kingitused-lapse-sunni-puhul","11":"product_cat-kingitused-lopetamise-puhul","12":"product_cat-kingitused-naistele","13":"product_cat-kingitused-pulma-aastapaeva-puhul","14":"product_cat-kingitused-pulmade-puhul","15":"product_cat-kingitused-sunnipaevaks","16":"product_cat-naelkorvarongad","17":"product_cat-poolvaariskividega-ehted","18":"product_cat-punasest-kullast-ehted","19":"product_cat-ristimiskingitused","20":"product_cat-roosipulm-10-aastat","21":"product_cat-sobrapaeva-kingitused","22":"product_cat-teemantidega-korvarongad","23":"product_cat-vaariskividega-korvarongad","24":"desktop-align-center","25":"tablet-align-left","26":"mobile-align-left","27":"ast-product-gallery-layout-horizontal-slider","28":"ast-product-gallery-with-no-image","29":"ast-product-tabs-layout-accordion","30":"ast-qv-on-image","32":"first","33":"instock","34":"taxable","35":"shipping-taxable","36":"purchasable","37":"product-type-simple"},"yoast_head":"<!-- This site is optimized with the Yoast SEO plugin v26.6 - https:\/\/yoast.com\/wordpress\/plugins\/seo\/ -->\n<title>Morganiidid - kuldsed t\u00e4ppk\u00f5rvar\u00f5ngad morganiitidega (0.45 ct)<\/title>\n<meta name=\"description\" content=\"\u00dcmmarguse kujuga kuldsed n\u00f6\u00f6pk\u00f5rvar\u00f5ngad morganiitidega. Sobivad igap\u00e4evaseks kandmiseks ja erilisteks puhkudeks, silmapaistva stiili loomiseks. Valmistamine 21 t\u00f6\u00f6p\u00e4eva.\" \/>\n<meta name=\"robots\" content=\"index, follow, max-snippet:-1, max-image-preview:large, max-video-preview:-1\" \/>\n<link rel=\"canonical\" href=\"https:\/\/fashiongold.lt\/et\/papuosalas\/morganiidid-kullast-tihvtkorvarongad-morganiitidega-0-45-ct\/\" \/>\n<meta property=\"og:locale\" content=\"et_EE\" \/>\n<meta property=\"og:type\" content=\"article\" \/>\n<meta property=\"og:title\" content=\"Morganiidid - kuldsed t\u00e4ppk\u00f5rvar\u00f5ngad morganiitidega (0.45 ct)\" \/>\n<meta property=\"og:description\" content=\"\u00dcmmarguse kujuga kuldsed n\u00f6\u00f6pk\u00f5rvar\u00f5ngad morganiitidega. Sobivad igap\u00e4evaseks kandmiseks ja erilisteks puhkudeks, silmapaistva stiili loomiseks. Valmistamine 21 t\u00f6\u00f6p\u00e4eva.\" \/>\n<meta property=\"og:url\" content=\"https:\/\/fashiongold.lt\/et\/papuosalas\/morganiidid-kullast-tihvtkorvarongad-morganiitidega-0-45-ct\/\" \/>\n<meta property=\"og:site_name\" content=\"FashionGold.lt\" \/>\n<meta property=\"og:image\" content=\"https:\/\/fashiongold.lt\/wp-content\/uploads\/2025\/10\/13394-d55-Morganitai-auksiniai-auskarai-vinukai-su-morganitais-0.45-ct.webp\" \/>\n\t<meta property=\"og:image:width\" content=\"771\" \/>\n\t<meta property=\"og:image:height\" content=\"753\" \/>\n\t<meta property=\"og:image:type\" content=\"image\/png\" \/>\n<meta name=\"twitter:card\" content=\"summary_large_image\" \/>\n<meta name=\"twitter:label1\" content=\"Est. reading time\" \/>\n\t<meta name=\"twitter:data1\" content=\"1 minut\" \/>\n<script type=\"application\/ld+json\" class=\"yoast-schema-graph\">{\"@context\":\"https:\/\/schema.org\",\"@graph\":[{\"@type\":\"WebPage\",\"@id\":\"https:\/\/fashiongold.lt\/et\/papuosalas\/morganiidid-kullast-tihvtkorvarongad-morganiitidega-0-45-ct\/\",\"url\":\"https:\/\/fashiongold.lt\/et\/papuosalas\/morganiidid-kullast-tihvtkorvarongad-morganiitidega-0-45-ct\/\",\"name\":\"Morganiidid - kuldsed t\u00e4ppk\u00f5rvar\u00f5ngad morganiitidega (0.45 ct)\",\"isPartOf\":{\"@id\":\"https:\/\/fashiongold.lt\/et\/#website\"},\"primaryImageOfPage\":{\"@id\":\"https:\/\/fashiongold.lt\/et\/papuosalas\/morganiidid-kullast-tihvtkorvarongad-morganiitidega-0-45-ct\/#primaryimage\"},\"image\":{\"@id\":\"https:\/\/fashiongold.lt\/et\/papuosalas\/morganiidid-kullast-tihvtkorvarongad-morganiitidega-0-45-ct\/#primaryimage\"},\"thumbnailUrl\":\"https:\/\/fashiongold.lt\/wp-content\/uploads\/2025\/10\/13394-d55-Morganitai-auksiniai-auskarai-vinukai-su-morganitais-0.45-ct.png\",\"datePublished\":\"2025-10-16T15:05:06+00:00\",\"description\":\"\u00dcmmarguse kujuga kuldsed n\u00f6\u00f6pk\u00f5rvar\u00f5ngad morganiitidega. Sobivad igap\u00e4evaseks kandmiseks ja erilisteks puhkudeks, silmapaistva stiili loomiseks. Valmistamine 21 t\u00f6\u00f6p\u00e4eva.\",\"breadcrumb\":{\"@id\":\"https:\/\/fashiongold.lt\/et\/papuosalas\/morganiidid-kullast-tihvtkorvarongad-morganiitidega-0-45-ct\/#breadcrumb\"},\"inLanguage\":\"et\",\"potentialAction\":[{\"@type\":\"ReadAction\",\"target\":[\"https:\/\/fashiongold.lt\/et\/papuosalas\/morganiidid-kullast-tihvtkorvarongad-morganiitidega-0-45-ct\/\"]}]},{\"@type\":\"ImageObject\",\"inLanguage\":\"et\",\"@id\":\"https:\/\/fashiongold.lt\/et\/papuosalas\/morganiidid-kullast-tihvtkorvarongad-morganiitidega-0-45-ct\/#primaryimage\",\"url\":\"https:\/\/fashiongold.lt\/wp-content\/uploads\/2025\/10\/13394-d55-Morganitai-auksiniai-auskarai-vinukai-su-morganitais-0.45-ct.png\",\"contentUrl\":\"https:\/\/fashiongold.lt\/wp-content\/uploads\/2025\/10\/13394-d55-Morganitai-auksiniai-auskarai-vinukai-su-morganitais-0.45-ct.png\",\"width\":771,\"height\":753},{\"@type\":\"BreadcrumbList\",\"@id\":\"https:\/\/fashiongold.lt\/et\/papuosalas\/morganiidid-kullast-tihvtkorvarongad-morganiitidega-0-45-ct\/#breadcrumb\",\"itemListElement\":[{\"@type\":\"ListItem\",\"position\":1,\"name\":\"Home\",\"item\":\"https:\/\/fashiongold.lt\/et\/\"},{\"@type\":\"ListItem\",\"position\":2,\"name\":\"Teemantide pood Fashiongold.lt\",\"item\":\"https:\/\/fashiongold.lt\/shop-2\/\"},{\"@type\":\"ListItem\",\"position\":3,\"name\":\"Morganiidid \u2013 kullast tihvtk\u00f5rvar\u00f5ngad morganiitidega (0.45 ct)\"}]},{\"@type\":\"WebSite\",\"@id\":\"https:\/\/fashiongold.lt\/et\/#website\",\"url\":\"https:\/\/fashiongold.lt\/et\/\",\"name\":\"Fashion Gold\",\"description\":\"Juvelyrikos namai\",\"publisher\":{\"@id\":\"https:\/\/fashiongold.lt\/et\/#organization\"},\"potentialAction\":[{\"@type\":\"SearchAction\",\"target\":{\"@type\":\"EntryPoint\",\"urlTemplate\":\"https:\/\/fashiongold.lt\/et\/?s={search_term_string}\"},\"query-input\":{\"@type\":\"PropertyValueSpecification\",\"valueRequired\":true,\"valueName\":\"search_term_string\"}}],\"inLanguage\":\"et\"},{\"@type\":\"Organization\",\"@id\":\"https:\/\/fashiongold.lt\/et\/#organization\",\"name\":\"Topdiamonds Online\",\"url\":\"https:\/\/fashiongold.lt\/et\/\",\"logo\":{\"@type\":\"ImageObject\",\"inLanguage\":\"et\",\"@id\":\"https:\/\/fashiongold.lt\/et\/#\/schema\/logo\/image\/\",\"url\":\"https:\/\/fashiongold.lt\/wp-content\/uploads\/2025\/04\/cropped-fashion_gold_logotipas2-scaled-1.png\",\"contentUrl\":\"https:\/\/fashiongold.lt\/wp-content\/uploads\/2025\/04\/cropped-fashion_gold_logotipas2-scaled-1.png\",\"width\":2559,\"height\":421,\"caption\":\"Topdiamonds Online\"},\"image\":{\"@id\":\"https:\/\/fashiongold.lt\/et\/#\/schema\/logo\/image\/\"}}]}<\/script>\n<!-- \/ Yoast SEO plugin. -->","yoast_head_json":{"title":"Morganiidid - kuldsed t\u00e4ppk\u00f5rvar\u00f5ngad morganiitidega (0.45 ct)","description":"\u00dcmmarguse kujuga kuldsed n\u00f6\u00f6pk\u00f5rvar\u00f5ngad morganiitidega. Sobivad igap\u00e4evaseks kandmiseks ja erilisteks puhkudeks, silmapaistva stiili loomiseks. Valmistamine 21 t\u00f6\u00f6p\u00e4eva.","robots":{"index":"index","follow":"follow","max-snippet":"max-snippet:-1","max-image-preview":"max-image-preview:large","max-video-preview":"max-video-preview:-1"},"canonical":"https:\/\/fashiongold.lt\/et\/papuosalas\/morganiidid-kullast-tihvtkorvarongad-morganiitidega-0-45-ct\/","og_locale":"et_EE","og_type":"article","og_title":"Morganiidid - kuldsed t\u00e4ppk\u00f5rvar\u00f5ngad morganiitidega (0.45 ct)","og_description":"\u00dcmmarguse kujuga kuldsed n\u00f6\u00f6pk\u00f5rvar\u00f5ngad morganiitidega. Sobivad igap\u00e4evaseks kandmiseks ja erilisteks puhkudeks, silmapaistva stiili loomiseks. Valmistamine 21 t\u00f6\u00f6p\u00e4eva.","og_url":"https:\/\/fashiongold.lt\/et\/papuosalas\/morganiidid-kullast-tihvtkorvarongad-morganiitidega-0-45-ct\/","og_site_name":"FashionGold.lt","og_image":[{"width":771,"height":753,"url":"https:\/\/fashiongold.lt\/wp-content\/uploads\/2025\/10\/13394-d55-Morganitai-auksiniai-auskarai-vinukai-su-morganitais-0.45-ct.webp","type":"image\/png"}],"twitter_card":"summary_large_image","twitter_misc":{"Est. reading time":"1 minut"},"schema":{"@context":"https:\/\/schema.org","@graph":[{"@type":"WebPage","@id":"https:\/\/fashiongold.lt\/et\/papuosalas\/morganiidid-kullast-tihvtkorvarongad-morganiitidega-0-45-ct\/","url":"https:\/\/fashiongold.lt\/et\/papuosalas\/morganiidid-kullast-tihvtkorvarongad-morganiitidega-0-45-ct\/","name":"Morganiidid - kuldsed t\u00e4ppk\u00f5rvar\u00f5ngad morganiitidega (0.45 ct)","isPartOf":{"@id":"https:\/\/fashiongold.lt\/et\/#website"},"primaryImageOfPage":{"@id":"https:\/\/fashiongold.lt\/et\/papuosalas\/morganiidid-kullast-tihvtkorvarongad-morganiitidega-0-45-ct\/#primaryimage"},"image":{"@id":"https:\/\/fashiongold.lt\/et\/papuosalas\/morganiidid-kullast-tihvtkorvarongad-morganiitidega-0-45-ct\/#primaryimage"},"thumbnailUrl":"https:\/\/fashiongold.lt\/wp-content\/uploads\/2025\/10\/13394-d55-Morganitai-auksiniai-auskarai-vinukai-su-morganitais-0.45-ct.png","datePublished":"2025-10-16T15:05:06+00:00","description":"\u00dcmmarguse kujuga kuldsed n\u00f6\u00f6pk\u00f5rvar\u00f5ngad morganiitidega. Sobivad igap\u00e4evaseks kandmiseks ja erilisteks puhkudeks, silmapaistva stiili loomiseks. Valmistamine 21 t\u00f6\u00f6p\u00e4eva.","breadcrumb":{"@id":"https:\/\/fashiongold.lt\/et\/papuosalas\/morganiidid-kullast-tihvtkorvarongad-morganiitidega-0-45-ct\/#breadcrumb"},"inLanguage":"et","potentialAction":[{"@type":"ReadAction","target":["https:\/\/fashiongold.lt\/et\/papuosalas\/morganiidid-kullast-tihvtkorvarongad-morganiitidega-0-45-ct\/"]}]},{"@type":"ImageObject","inLanguage":"et","@id":"https:\/\/fashiongold.lt\/et\/papuosalas\/morganiidid-kullast-tihvtkorvarongad-morganiitidega-0-45-ct\/#primaryimage","url":"https:\/\/fashiongold.lt\/wp-content\/uploads\/2025\/10\/13394-d55-Morganitai-auksiniai-auskarai-vinukai-su-morganitais-0.45-ct.png","contentUrl":"https:\/\/fashiongold.lt\/wp-content\/uploads\/2025\/10\/13394-d55-Morganitai-auksiniai-auskarai-vinukai-su-morganitais-0.45-ct.png","width":771,"height":753},{"@type":"BreadcrumbList","@id":"https:\/\/fashiongold.lt\/et\/papuosalas\/morganiidid-kullast-tihvtkorvarongad-morganiitidega-0-45-ct\/#breadcrumb","itemListElement":[{"@type":"ListItem","position":1,"name":"Home","item":"https:\/\/fashiongold.lt\/et\/"},{"@type":"ListItem","position":2,"name":"Teemantide pood Fashiongold.lt","item":"https:\/\/fashiongold.lt\/shop-2\/"},{"@type":"ListItem","position":3,"name":"Morganiidid \u2013 kullast tihvtk\u00f5rvar\u00f5ngad morganiitidega (0.45 ct)"}]},{"@type":"WebSite","@id":"https:\/\/fashiongold.lt\/et\/#website","url":"https:\/\/fashiongold.lt\/et\/","name":"Fashion Gold","description":"Juvelyrikos namai","publisher":{"@id":"https:\/\/fashiongold.lt\/et\/#organization"},"potentialAction":[{"@type":"SearchAction","target":{"@type":"EntryPoint","urlTemplate":"https:\/\/fashiongold.lt\/et\/?s={search_term_string}"},"query-input":{"@type":"PropertyValueSpecification","valueRequired":true,"valueName":"search_term_string"}}],"inLanguage":"et"},{"@type":"Organization","@id":"https:\/\/fashiongold.lt\/et\/#organization","name":"Topdiamonds Online","url":"https:\/\/fashiongold.lt\/et\/","logo":{"@type":"ImageObject","inLanguage":"et","@id":"https:\/\/fashiongold.lt\/et\/#\/schema\/logo\/image\/","url":"https:\/\/fashiongold.lt\/wp-content\/uploads\/2025\/04\/cropped-fashion_gold_logotipas2-scaled-1.png","contentUrl":"https:\/\/fashiongold.lt\/wp-content\/uploads\/2025\/04\/cropped-fashion_gold_logotipas2-scaled-1.png","width":2559,"height":421,"caption":"Topdiamonds Online"},"image":{"@id":"https:\/\/fashiongold.lt\/et\/#\/schema\/logo\/image\/"}}]}},"_links":{"self":[{"href":"https:\/\/fashiongold.lt\/et\/wp-json\/wp\/v2\/product\/281299","targetHints":{"allow":["GET"]}}],"collection":[{"href":"https:\/\/fashiongold.lt\/et\/wp-json\/wp\/v2\/product"}],"about":[{"href":"https:\/\/fashiongold.lt\/et\/wp-json\/wp\/v2\/types\/product"}],"version-history":[{"count":0,"href":"https:\/\/fashiongold.lt\/et\/wp-json\/wp\/v2\/product\/281299\/revisions"}],"wp:featuredmedia":[{"embeddable":true,"href":"https:\/\/fashiongold.lt\/et\/wp-json\/wp\/v2\/media\/213982"}],"wp:attachment":[{"href":"https:\/\/fashiongold.lt\/et\/wp-json\/wp\/v2\/media?parent=281299"}],"wp:term":[{"taxonomy":"product_brand","embeddable":true,"href":"https:\/\/fashiongold.lt\/et\/wp-json\/wp\/v2\/product_brand?post=281299"},{"taxonomy":"product_cat","embeddable":true,"href":"https:\/\/fashiongold.lt\/et\/wp-json\/wp\/v2\/product_cat?post=281299"},{"taxonomy":"product_tag","embeddable":true,"href":"https:\/\/fashiongold.lt\/et\/wp-json\/wp\/v2\/product_tag?post=281299"}],"curies":[{"name":"wp","href":"https:\/\/api.w.org\/{rel}","templated":true}]}}