{"id":281309,"date":"2025-10-16T04:27:19","date_gmt":"2025-10-16T04:27:19","guid":{"rendered":"https:\/\/fashiongold.lt\/papuosalas\/kinkekaart\/"},"modified":"2025-10-16T04:27:19","modified_gmt":"2025-10-16T04:27:19","slug":"kinkekaart","status":"publish","type":"product","link":"https:\/\/fashiongold.lt\/et\/papuosalas\/kinkekaart\/","title":{"rendered":"Kinkekaart"},"content":{"rendered":"<p data-start=\"0\" data-end=\"79\"><strong data-start=\"0\" data-end=\"77\">Fashion Goldi kinkekaart \u2013 kingitus, mis \u00fchendab elegantsi ja emotsiooni<\/strong><\/p>\n<p data-start=\"81\" data-end=\"703\" data-is-last-node=\"\" data-is-only-node=\"\">Fashion Goldi kinkekaart on lisaks praktilisusele ka eriliselt isiklik kingitus, mis v\u00f5imaldab valida paljude eksklusiivsete ehete hulgast. Kingituse saaja saab valida oma unistuste ehte \u2013 alates teemandiga kulds\u00f5rmusest kuni peente k\u00f5rvar\u00f5ngaste v\u00f5i v\u00e4\u00e4riskividega ripatsini. See on suurep\u00e4rane lahendus, kui soovite l\u00e4hedast \u00fcllatada, kuid pole kindel \u00f5iges suuruses v\u00f5i stiilis. Kinkekaart annab valikuvabaduse ning samal ajal ka muljetavaldava kogemuse ehete t\u00f5elise v\u00e4\u00e4rtuse avastamisel.<\/p>\n<p data-start=\"81\" data-end=\"703\" data-is-last-node=\"\" data-is-only-node=\"\">Samuti saate e-kinkekaardi osta internetist, m\u00e4rkige M\u00c4RKUSTESSE &#8211; e-kinkekaart saadetakse teile samal t\u00f6\u00f6p\u00e4eval v\u00f5i 1 t\u00f6\u00f6p\u00e4eva jooksul. Kinkekaart on elegantne kingitus, mis tabab alati otse s\u00fcdamesse.<\/p>\n","protected":false},"excerpt":{"rendered":"<p>Fashion Goldi kinkekaart \u2013 kingitus, mis \u00fchendab elegantsi ja emotsiooni Fashion Goldi kinkekaart on lisaks praktilisusele ka eriliselt isiklik kingitus, [&hellip;]<\/p>\n","protected":false},"featured_media":204919,"template":"","meta":{"site-sidebar-layout":"default","site-content-layout":"","ast-site-content-layout":"default","site-content-style":"default","site-sidebar-style":"default","ast-global-header-display":"","ast-banner-title-visibility":"","ast-main-header-display":"","ast-hfb-above-header-display":"","ast-hfb-below-header-display":"","ast-hfb-mobile-header-display":"","site-post-title":"","ast-breadcrumbs-content":"","ast-featured-img":"","footer-sml-layout":"","ast-disable-related-posts":"","theme-transparent-header-meta":"default","adv-header-id-meta":"","stick-header-meta":"","header-above-stick-meta":"","header-main-stick-meta":"","header-below-stick-meta":"","astra-migrate-meta-layouts":"default","ast-page-background-enabled":"default","ast-page-background-meta":{"desktop":{"background-color":"var(--ast-global-color-4)","background-image":"","background-repeat":"repeat","background-position":"center center","background-size":"auto","background-attachment":"scroll","background-type":"","background-media":"","overlay-type":"","overlay-color":"","overlay-opacity":"","overlay-gradient":""},"tablet":{"background-color":"","background-image":"","background-repeat":"repeat","background-position":"center center","background-size":"auto","background-attachment":"scroll","background-type":"","background-media":"","overlay-type":"","overlay-color":"","overlay-opacity":"","overlay-gradient":""},"mobile":{"background-color":"","background-image":"","background-repeat":"repeat","background-position":"center center","background-size":"auto","background-attachment":"scroll","background-type":"","background-media":"","overlay-type":"","overlay-color":"","overlay-opacity":"","overlay-gradient":""}},"ast-content-background-meta":{"desktop":{"background-color":"var(--ast-global-color-5)","background-image":"","background-repeat":"repeat","background-position":"center center","background-size":"auto","background-attachment":"scroll","background-type":"","background-media":"","overlay-type":"","overlay-color":"","overlay-opacity":"","overlay-gradient":""},"tablet":{"background-color":"var(--ast-global-color-5)","background-image":"","background-repeat":"repeat","background-position":"center center","background-size":"auto","background-attachment":"scroll","background-type":"","background-media":"","overlay-type":"","overlay-color":"","overlay-opacity":"","overlay-gradient":""},"mobile":{"background-color":"var(--ast-global-color-5)","background-image":"","background-repeat":"repeat","background-position":"center center","background-size":"auto","background-attachment":"scroll","background-type":"","background-media":"","overlay-type":"","overlay-color":"","overlay-opacity":"","overlay-gradient":""}}},"product_brand":[],"product_cat":[3763],"product_tag":[],"class_list":{"0":"post-281309","1":"product","2":"type-product","3":"status-publish","4":"has-post-thumbnail","6":"product_cat-kinkekaardid","7":"desktop-align-center","8":"tablet-align-left","9":"mobile-align-left","10":"ast-product-gallery-layout-horizontal-slider","11":"ast-product-tabs-layout-accordion","12":"ast-qv-on-image","14":"first","15":"instock","16":"taxable","17":"shipping-taxable","18":"purchasable","19":"product-type-simple"},"yoast_head":"<!-- This site is optimized with the Yoast SEO plugin v26.6 - https:\/\/yoast.com\/wordpress\/plugins\/seo\/ -->\n<title>Armastuskiri | Fashion Gold kinkekaart<\/title>\n<meta name=\"description\" content=\"Fashion Gold \u201eArmastuskiri\u201c \u2013 eriline kinkekaart, millest on saanud armastusavaldus. Kingi emotsiooni ja tunnet \u2013 ehet, mis k\u00f5neleb s\u00fcdame s\u00f5nadega.\" \/>\n<meta name=\"robots\" content=\"index, follow, max-snippet:-1, max-image-preview:large, max-video-preview:-1\" \/>\n<link rel=\"canonical\" href=\"https:\/\/fashiongold.lt\/et\/papuosalas\/kinkekaart\/\" \/>\n<meta property=\"og:locale\" content=\"et_EE\" \/>\n<meta property=\"og:type\" content=\"article\" \/>\n<meta property=\"og:title\" content=\"Armastuskiri | Fashion Gold kinkekaart\" \/>\n<meta property=\"og:description\" content=\"Fashion Gold \u201eArmastuskiri\u201c \u2013 eriline kinkekaart, millest on saanud armastusavaldus. Kingi emotsiooni ja tunnet \u2013 ehet, mis k\u00f5neleb s\u00fcdame s\u00f5nadega.\" \/>\n<meta property=\"og:url\" content=\"https:\/\/fashiongold.lt\/et\/papuosalas\/kinkekaart\/\" \/>\n<meta property=\"og:site_name\" content=\"FashionGold.lt\" \/>\n<meta property=\"og:image\" content=\"https:\/\/fashiongold.lt\/wp-content\/uploads\/2025\/10\/dovanu-kuponas.webp\" \/>\n\t<meta property=\"og:image:width\" content=\"1019\" \/>\n\t<meta property=\"og:image:height\" content=\"1024\" \/>\n\t<meta property=\"og:image:type\" content=\"image\/png\" \/>\n<meta name=\"twitter:card\" content=\"summary_large_image\" \/>\n<meta name=\"twitter:label1\" content=\"Est. reading time\" \/>\n\t<meta name=\"twitter:data1\" content=\"1 minut\" \/>\n<script type=\"application\/ld+json\" class=\"yoast-schema-graph\">{\"@context\":\"https:\/\/schema.org\",\"@graph\":[{\"@type\":\"WebPage\",\"@id\":\"https:\/\/fashiongold.lt\/et\/papuosalas\/kinkekaart\/\",\"url\":\"https:\/\/fashiongold.lt\/et\/papuosalas\/kinkekaart\/\",\"name\":\"Armastuskiri | Fashion Gold kinkekaart\",\"isPartOf\":{\"@id\":\"https:\/\/fashiongold.lt\/et\/#website\"},\"primaryImageOfPage\":{\"@id\":\"https:\/\/fashiongold.lt\/et\/papuosalas\/kinkekaart\/#primaryimage\"},\"image\":{\"@id\":\"https:\/\/fashiongold.lt\/et\/papuosalas\/kinkekaart\/#primaryimage\"},\"thumbnailUrl\":\"https:\/\/fashiongold.lt\/wp-content\/uploads\/2025\/10\/dovanu-kuponas.png\",\"datePublished\":\"2025-10-16T04:27:19+00:00\",\"description\":\"Fashion Gold \u201eArmastuskiri\u201c \u2013 eriline kinkekaart, millest on saanud armastusavaldus. Kingi emotsiooni ja tunnet \u2013 ehet, mis k\u00f5neleb s\u00fcdame s\u00f5nadega.\",\"breadcrumb\":{\"@id\":\"https:\/\/fashiongold.lt\/et\/papuosalas\/kinkekaart\/#breadcrumb\"},\"inLanguage\":\"et\",\"potentialAction\":[{\"@type\":\"ReadAction\",\"target\":[\"https:\/\/fashiongold.lt\/et\/papuosalas\/kinkekaart\/\"]}]},{\"@type\":\"ImageObject\",\"inLanguage\":\"et\",\"@id\":\"https:\/\/fashiongold.lt\/et\/papuosalas\/kinkekaart\/#primaryimage\",\"url\":\"https:\/\/fashiongold.lt\/wp-content\/uploads\/2025\/10\/dovanu-kuponas.png\",\"contentUrl\":\"https:\/\/fashiongold.lt\/wp-content\/uploads\/2025\/10\/dovanu-kuponas.png\",\"width\":1019,\"height\":1024,\"caption\":\"Dovan\u0173 kuponas FashionGold.lt\"},{\"@type\":\"BreadcrumbList\",\"@id\":\"https:\/\/fashiongold.lt\/et\/papuosalas\/kinkekaart\/#breadcrumb\",\"itemListElement\":[{\"@type\":\"ListItem\",\"position\":1,\"name\":\"Home\",\"item\":\"https:\/\/fashiongold.lt\/et\/\"},{\"@type\":\"ListItem\",\"position\":2,\"name\":\"Teemantide pood Fashiongold.lt\",\"item\":\"https:\/\/fashiongold.lt\/shop-2\/\"},{\"@type\":\"ListItem\",\"position\":3,\"name\":\"Kinkekaart\"}]},{\"@type\":\"WebSite\",\"@id\":\"https:\/\/fashiongold.lt\/et\/#website\",\"url\":\"https:\/\/fashiongold.lt\/et\/\",\"name\":\"Fashion Gold\",\"description\":\"Juvelyrikos namai\",\"publisher\":{\"@id\":\"https:\/\/fashiongold.lt\/et\/#organization\"},\"potentialAction\":[{\"@type\":\"SearchAction\",\"target\":{\"@type\":\"EntryPoint\",\"urlTemplate\":\"https:\/\/fashiongold.lt\/et\/?s={search_term_string}\"},\"query-input\":{\"@type\":\"PropertyValueSpecification\",\"valueRequired\":true,\"valueName\":\"search_term_string\"}}],\"inLanguage\":\"et\"},{\"@type\":\"Organization\",\"@id\":\"https:\/\/fashiongold.lt\/et\/#organization\",\"name\":\"Topdiamonds Online\",\"url\":\"https:\/\/fashiongold.lt\/et\/\",\"logo\":{\"@type\":\"ImageObject\",\"inLanguage\":\"et\",\"@id\":\"https:\/\/fashiongold.lt\/et\/#\/schema\/logo\/image\/\",\"url\":\"https:\/\/fashiongold.lt\/wp-content\/uploads\/2025\/04\/cropped-fashion_gold_logotipas2-scaled-1.png\",\"contentUrl\":\"https:\/\/fashiongold.lt\/wp-content\/uploads\/2025\/04\/cropped-fashion_gold_logotipas2-scaled-1.png\",\"width\":2559,\"height\":421,\"caption\":\"Topdiamonds Online\"},\"image\":{\"@id\":\"https:\/\/fashiongold.lt\/et\/#\/schema\/logo\/image\/\"}}]}<\/script>\n<!-- \/ Yoast SEO plugin. -->","yoast_head_json":{"title":"Armastuskiri | Fashion Gold kinkekaart","description":"Fashion Gold \u201eArmastuskiri\u201c \u2013 eriline kinkekaart, millest on saanud armastusavaldus. Kingi emotsiooni ja tunnet \u2013 ehet, mis k\u00f5neleb s\u00fcdame s\u00f5nadega.","robots":{"index":"index","follow":"follow","max-snippet":"max-snippet:-1","max-image-preview":"max-image-preview:large","max-video-preview":"max-video-preview:-1"},"canonical":"https:\/\/fashiongold.lt\/et\/papuosalas\/kinkekaart\/","og_locale":"et_EE","og_type":"article","og_title":"Armastuskiri | Fashion Gold kinkekaart","og_description":"Fashion Gold \u201eArmastuskiri\u201c \u2013 eriline kinkekaart, millest on saanud armastusavaldus. Kingi emotsiooni ja tunnet \u2013 ehet, mis k\u00f5neleb s\u00fcdame s\u00f5nadega.","og_url":"https:\/\/fashiongold.lt\/et\/papuosalas\/kinkekaart\/","og_site_name":"FashionGold.lt","og_image":[{"width":1019,"height":1024,"url":"https:\/\/fashiongold.lt\/wp-content\/uploads\/2025\/10\/dovanu-kuponas.webp","type":"image\/png"}],"twitter_card":"summary_large_image","twitter_misc":{"Est. reading time":"1 minut"},"schema":{"@context":"https:\/\/schema.org","@graph":[{"@type":"WebPage","@id":"https:\/\/fashiongold.lt\/et\/papuosalas\/kinkekaart\/","url":"https:\/\/fashiongold.lt\/et\/papuosalas\/kinkekaart\/","name":"Armastuskiri | Fashion Gold kinkekaart","isPartOf":{"@id":"https:\/\/fashiongold.lt\/et\/#website"},"primaryImageOfPage":{"@id":"https:\/\/fashiongold.lt\/et\/papuosalas\/kinkekaart\/#primaryimage"},"image":{"@id":"https:\/\/fashiongold.lt\/et\/papuosalas\/kinkekaart\/#primaryimage"},"thumbnailUrl":"https:\/\/fashiongold.lt\/wp-content\/uploads\/2025\/10\/dovanu-kuponas.png","datePublished":"2025-10-16T04:27:19+00:00","description":"Fashion Gold \u201eArmastuskiri\u201c \u2013 eriline kinkekaart, millest on saanud armastusavaldus. Kingi emotsiooni ja tunnet \u2013 ehet, mis k\u00f5neleb s\u00fcdame s\u00f5nadega.","breadcrumb":{"@id":"https:\/\/fashiongold.lt\/et\/papuosalas\/kinkekaart\/#breadcrumb"},"inLanguage":"et","potentialAction":[{"@type":"ReadAction","target":["https:\/\/fashiongold.lt\/et\/papuosalas\/kinkekaart\/"]}]},{"@type":"ImageObject","inLanguage":"et","@id":"https:\/\/fashiongold.lt\/et\/papuosalas\/kinkekaart\/#primaryimage","url":"https:\/\/fashiongold.lt\/wp-content\/uploads\/2025\/10\/dovanu-kuponas.png","contentUrl":"https:\/\/fashiongold.lt\/wp-content\/uploads\/2025\/10\/dovanu-kuponas.png","width":1019,"height":1024,"caption":"Dovan\u0173 kuponas FashionGold.lt"},{"@type":"BreadcrumbList","@id":"https:\/\/fashiongold.lt\/et\/papuosalas\/kinkekaart\/#breadcrumb","itemListElement":[{"@type":"ListItem","position":1,"name":"Home","item":"https:\/\/fashiongold.lt\/et\/"},{"@type":"ListItem","position":2,"name":"Teemantide pood Fashiongold.lt","item":"https:\/\/fashiongold.lt\/shop-2\/"},{"@type":"ListItem","position":3,"name":"Kinkekaart"}]},{"@type":"WebSite","@id":"https:\/\/fashiongold.lt\/et\/#website","url":"https:\/\/fashiongold.lt\/et\/","name":"Fashion Gold","description":"Juvelyrikos namai","publisher":{"@id":"https:\/\/fashiongold.lt\/et\/#organization"},"potentialAction":[{"@type":"SearchAction","target":{"@type":"EntryPoint","urlTemplate":"https:\/\/fashiongold.lt\/et\/?s={search_term_string}"},"query-input":{"@type":"PropertyValueSpecification","valueRequired":true,"valueName":"search_term_string"}}],"inLanguage":"et"},{"@type":"Organization","@id":"https:\/\/fashiongold.lt\/et\/#organization","name":"Topdiamonds Online","url":"https:\/\/fashiongold.lt\/et\/","logo":{"@type":"ImageObject","inLanguage":"et","@id":"https:\/\/fashiongold.lt\/et\/#\/schema\/logo\/image\/","url":"https:\/\/fashiongold.lt\/wp-content\/uploads\/2025\/04\/cropped-fashion_gold_logotipas2-scaled-1.png","contentUrl":"https:\/\/fashiongold.lt\/wp-content\/uploads\/2025\/04\/cropped-fashion_gold_logotipas2-scaled-1.png","width":2559,"height":421,"caption":"Topdiamonds Online"},"image":{"@id":"https:\/\/fashiongold.lt\/et\/#\/schema\/logo\/image\/"}}]}},"_links":{"self":[{"href":"https:\/\/fashiongold.lt\/et\/wp-json\/wp\/v2\/product\/281309","targetHints":{"allow":["GET"]}}],"collection":[{"href":"https:\/\/fashiongold.lt\/et\/wp-json\/wp\/v2\/product"}],"about":[{"href":"https:\/\/fashiongold.lt\/et\/wp-json\/wp\/v2\/types\/product"}],"version-history":[{"count":0,"href":"https:\/\/fashiongold.lt\/et\/wp-json\/wp\/v2\/product\/281309\/revisions"}],"wp:featuredmedia":[{"embeddable":true,"href":"https:\/\/fashiongold.lt\/et\/wp-json\/wp\/v2\/media\/204919"}],"wp:attachment":[{"href":"https:\/\/fashiongold.lt\/et\/wp-json\/wp\/v2\/media?parent=281309"}],"wp:term":[{"taxonomy":"product_brand","embeddable":true,"href":"https:\/\/fashiongold.lt\/et\/wp-json\/wp\/v2\/product_brand?post=281309"},{"taxonomy":"product_cat","embeddable":true,"href":"https:\/\/fashiongold.lt\/et\/wp-json\/wp\/v2\/product_cat?post=281309"},{"taxonomy":"product_tag","embeddable":true,"href":"https:\/\/fashiongold.lt\/et\/wp-json\/wp\/v2\/product_tag?post=281309"}],"curies":[{"name":"wp","href":"https:\/\/api.w.org\/{rel}","templated":true}]}}