{"id":281689,"date":"2025-10-15T06:02:52","date_gmt":"2025-10-15T06:02:52","guid":{"rendered":"https:\/\/fashiongold.lt\/papuosalas\/kuldne-kaevoru-mustade-ja-kuldsete-parlitega-tahiti-south-sea\/"},"modified":"2026-02-13T14:12:57","modified_gmt":"2026-02-13T14:12:57","slug":"kuldne-kaevoru-mustade-ja-kuldsete-parlitega-tahiti-south-sea","status":"publish","type":"product","link":"https:\/\/fashiongold.lt\/et\/papuosalas\/kuldne-kaevoru-mustade-ja-kuldsete-parlitega-tahiti-south-sea\/","title":{"rendered":"Kuldne k\u00e4ev\u00f5ru mustade ja kuldsete p\u00e4rlitega (Tahiti, South Sea)"},"content":{"rendered":"<p>Valmistatud Saksamaal kvaliteetsetest v\u00e4\u00e4riskividest. Suurep\u00e4rane valik stiilsele naisele. P\u00e4rl kiirgab s\u00fcdamesse harmooniat ja rahu. Juba antiikajal s\u00fcmboliseerisid p\u00e4rlid ilu, s\u00fc\u00fctust ja sensuaalsust ning paljud uskusid, et need v\u00f5ivad omanikule \u00f5nne ja rahalist heaolu ligi t\u00f5mmata. P\u00e4rl sobib V\u00e4hile, Veevalajale ja Kaladele. S\u00f5rmust saab tellida punasest, kollasest ja valgest kullast.<span lang=\"LT\"><o:p><\/o:p><\/span><\/p>\n<p>\u2022 K\u00e4ev\u00f5ru kuld: 18-karadine (proov 750)  <\/p>\n<p>\u2022 K\u00e4ev\u00f5ru v\u00e4rvus: valge kuld       <\/p>\n<p>\u2022 K\u00e4ev\u00f5ru kaal: umbes 5,40\u20136,00 g     <\/p>\n<p>\u2022 Teemandi t\u00fc\u00fcp: puudub<\/p>\n<p>\u2022 Teemandi kuju: puudub  <\/p>\n<p>\u2022 Teemandi omadused: puuduvad  <\/p>\n<p>\u2022 P\u00e4rli t\u00fc\u00fcp: TAHITI V\u00d5I MUSTAD MEREP\u00c4RLID (ingl Saltwater Tahitian Sea Pearls) V\u00d5I L\u00d5UNAMERE P\u00c4RLID (ingl Saltwater South Sea Pearls)<\/p>\n<p>\u2022 P\u00e4rli kuju: \u00fcmmargune kuju (Round shape)       <\/p>\n<p>\u2022 P\u00e4rli omadused: 13 mm AA (k\u00f5rge kvaliteet)   <\/p>\n<p>\u2022 Sertifikaat: Leedu Proovikoda (LPR)     <\/p>\n<p>\u2022 K\u00e4ev\u00f5ru m\u00f5\u00f5tmed: <\/p>\n<p>\u2022 Tasuta graveerimine     <\/p>\n<p>\u2022 Valmistamis- ja tarneaeg alates 21 t\u00f6\u00f6p\u00e4evast, kiirtellimusel 3 t\u00f6\u00f6p\u00e4eva jooksul.   <\/p>\n<p><strong>Kas teil on oma kulda v\u00f5i v\u00e4\u00e4riskive? V\u00f5tke \u00fchendust, arvutame hinna \u00fcmber \u2013 maksate vaid k\u00f5rvar\u00f5ngaste valmistamise eest.<\/strong><\/p>\n","protected":false},"excerpt":{"rendered":"<p>Kuldne k\u00e4ev\u00f5ru mustade ja kuldsete p\u00e4rlitega. J\u00e4\u00e4dvustage hetk selle eksklusiivse k\u00e4ev\u00f5ruga. Suurep\u00e4rane kingitus igap\u00e4evaseks kandmiseks ja erilisteks puhkudeks, silmapaistva stiili jaoks.\u00a0<\/p>\n","protected":false},"featured_media":208276,"template":"","meta":{"site-sidebar-layout":"","site-content-layout":"","ast-site-content-layout":"","site-content-style":"","site-sidebar-style":"","ast-global-header-display":"","ast-banner-title-visibility":"","ast-main-header-display":"","ast-hfb-above-header-display":"","ast-hfb-below-header-display":"","ast-hfb-mobile-header-display":"","site-post-title":"","ast-breadcrumbs-content":"","ast-featured-img":"","footer-sml-layout":"","ast-disable-related-posts":"","theme-transparent-header-meta":"","adv-header-id-meta":"","stick-header-meta":"","header-above-stick-meta":"","header-main-stick-meta":"","header-below-stick-meta":"","astra-migrate-meta-layouts":"default","ast-page-background-enabled":"default","ast-page-background-meta":{"desktop":{"background-color":"var(--ast-global-color-4)","background-image":"","background-repeat":"repeat","background-position":"center center","background-size":"auto","background-attachment":"scroll","background-type":"","background-media":"","overlay-type":"","overlay-color":"","overlay-opacity":"","overlay-gradient":""},"tablet":{"background-color":"","background-image":"","background-repeat":"repeat","background-position":"center center","background-size":"auto","background-attachment":"scroll","background-type":"","background-media":"","overlay-type":"","overlay-color":"","overlay-opacity":"","overlay-gradient":""},"mobile":{"background-color":"","background-image":"","background-repeat":"repeat","background-position":"center center","background-size":"auto","background-attachment":"scroll","background-type":"","background-media":"","overlay-type":"","overlay-color":"","overlay-opacity":"","overlay-gradient":""}},"ast-content-background-meta":{"desktop":{"background-color":"var(--ast-global-color-5)","background-image":"","background-repeat":"repeat","background-position":"center center","background-size":"auto","background-attachment":"scroll","background-type":"","background-media":"","overlay-type":"","overlay-color":"","overlay-opacity":"","overlay-gradient":""},"tablet":{"background-color":"var(--ast-global-color-5)","background-image":"","background-repeat":"repeat","background-position":"center center","background-size":"auto","background-attachment":"scroll","background-type":"","background-media":"","overlay-type":"","overlay-color":"","overlay-opacity":"","overlay-gradient":""},"mobile":{"background-color":"var(--ast-global-color-5)","background-image":"","background-repeat":"repeat","background-position":"center center","background-size":"auto","background-attachment":"scroll","background-type":"","background-media":"","overlay-type":"","overlay-color":"","overlay-opacity":"","overlay-gradient":""}}},"product_brand":[],"product_cat":[3058,2830,2826,2829,2823,2828,2822,2824,3392,2821,2831,2970,2845,3788,2827],"product_tag":[],"class_list":{"0":"post-281689","1":"product","2":"type-product","3":"status-publish","4":"has-post-thumbnail","6":"product_cat-ehted","7":"product_cat-emadepaeva-kingitused","8":"product_cat-joulukingid","9":"product_cat-kingitused-erilisteks-puhkudeks","10":"product_cat-kingitused-lapse-sunni-puhul","11":"product_cat-kingitused-lopetamise-puhul","12":"product_cat-kingitused-naistele","13":"product_cat-kingitused-pulma-aastapaeva-puhul","14":"product_cat-kingitused-pulmade-puhul","15":"product_cat-kingitused-sunnipaevaks","16":"product_cat-kollasest-kullast-ehted","17":"product_cat-parlid-parlitega-ehted","18":"product_cat-sobrapaeva-kingitused","19":"product_cat-teemantidega-kaevorud","20":"product_cat-valgest-kullast-ehted","21":"desktop-align-center","22":"tablet-align-left","23":"mobile-align-left","24":"ast-product-gallery-layout-horizontal-slider","25":"ast-product-gallery-with-no-image","26":"ast-product-tabs-layout-accordion","27":"ast-qv-on-image","29":"first","30":"instock","31":"taxable","32":"shipping-taxable","33":"purchasable","34":"product-type-simple"},"yoast_head":"<!-- This site is optimized with the Yoast SEO plugin v26.6 - https:\/\/yoast.com\/wordpress\/plugins\/seo\/ -->\n<title>Kuldne k\u00e4ev\u00f5ru mustade ja kuldsete p\u00e4rlitega I fashiongold.lt<\/title>\n<meta name=\"description\" content=\"Kaasaegse disainiga kuldk\u00e4ev\u00f5ru mustade ja kuldsete p\u00e4rlitega. Suurep\u00e4rane kingitus igap\u00e4evaseks kandmiseks ja erilisteks puhkudeks, silmapaistva stiili jaoks.\" \/>\n<meta name=\"robots\" content=\"index, follow, max-snippet:-1, max-image-preview:large, max-video-preview:-1\" \/>\n<link rel=\"canonical\" href=\"https:\/\/fashiongold.lt\/et\/papuosalas\/kuldne-kaevoru-mustade-ja-kuldsete-parlitega-tahiti-south-sea\/\" \/>\n<meta property=\"og:locale\" content=\"et_EE\" \/>\n<meta property=\"og:type\" content=\"article\" \/>\n<meta property=\"og:title\" content=\"Kuldne k\u00e4ev\u00f5ru mustade ja kuldsete p\u00e4rlitega I fashiongold.lt\" \/>\n<meta property=\"og:description\" content=\"Kaasaegse disainiga kuldk\u00e4ev\u00f5ru mustade ja kuldsete p\u00e4rlitega. Suurep\u00e4rane kingitus igap\u00e4evaseks kandmiseks ja erilisteks puhkudeks, silmapaistva stiili jaoks.\" \/>\n<meta property=\"og:url\" content=\"https:\/\/fashiongold.lt\/et\/papuosalas\/kuldne-kaevoru-mustade-ja-kuldsete-parlitega-tahiti-south-sea\/\" \/>\n<meta property=\"og:site_name\" content=\"FashionGold.lt\" \/>\n<meta property=\"article:modified_time\" content=\"2026-02-13T14:12:57+00:00\" \/>\n<meta property=\"og:image\" content=\"https:\/\/fashiongold.lt\/wp-content\/uploads\/2025\/10\/12101-b86-Auksine-apyranke-su-juodais-ir-auksiniais-perlais-Taicio-South-Sea.webp\" \/>\n\t<meta property=\"og:image:width\" content=\"1000\" \/>\n\t<meta property=\"og:image:height\" content=\"1000\" \/>\n\t<meta property=\"og:image:type\" content=\"image\/png\" \/>\n<meta name=\"twitter:card\" content=\"summary_large_image\" \/>\n<meta name=\"twitter:label1\" content=\"Est. reading time\" \/>\n\t<meta name=\"twitter:data1\" content=\"1 minut\" \/>\n<script type=\"application\/ld+json\" class=\"yoast-schema-graph\">{\"@context\":\"https:\/\/schema.org\",\"@graph\":[{\"@type\":\"WebPage\",\"@id\":\"https:\/\/fashiongold.lt\/et\/papuosalas\/kuldne-kaevoru-mustade-ja-kuldsete-parlitega-tahiti-south-sea\/\",\"url\":\"https:\/\/fashiongold.lt\/et\/papuosalas\/kuldne-kaevoru-mustade-ja-kuldsete-parlitega-tahiti-south-sea\/\",\"name\":\"Kuldne k\u00e4ev\u00f5ru mustade ja kuldsete p\u00e4rlitega I fashiongold.lt\",\"isPartOf\":{\"@id\":\"https:\/\/fashiongold.lt\/et\/#website\"},\"primaryImageOfPage\":{\"@id\":\"https:\/\/fashiongold.lt\/et\/papuosalas\/kuldne-kaevoru-mustade-ja-kuldsete-parlitega-tahiti-south-sea\/#primaryimage\"},\"image\":{\"@id\":\"https:\/\/fashiongold.lt\/et\/papuosalas\/kuldne-kaevoru-mustade-ja-kuldsete-parlitega-tahiti-south-sea\/#primaryimage\"},\"thumbnailUrl\":\"https:\/\/fashiongold.lt\/wp-content\/uploads\/2025\/10\/12101-b86-Auksine-apyranke-su-juodais-ir-auksiniais-perlais-Taicio-South-Sea.png\",\"datePublished\":\"2025-10-15T06:02:52+00:00\",\"dateModified\":\"2026-02-13T14:12:57+00:00\",\"description\":\"Kaasaegse disainiga kuldk\u00e4ev\u00f5ru mustade ja kuldsete p\u00e4rlitega. Suurep\u00e4rane kingitus igap\u00e4evaseks kandmiseks ja erilisteks puhkudeks, silmapaistva stiili jaoks.\",\"breadcrumb\":{\"@id\":\"https:\/\/fashiongold.lt\/et\/papuosalas\/kuldne-kaevoru-mustade-ja-kuldsete-parlitega-tahiti-south-sea\/#breadcrumb\"},\"inLanguage\":\"et\",\"potentialAction\":[{\"@type\":\"ReadAction\",\"target\":[\"https:\/\/fashiongold.lt\/et\/papuosalas\/kuldne-kaevoru-mustade-ja-kuldsete-parlitega-tahiti-south-sea\/\"]}]},{\"@type\":\"ImageObject\",\"inLanguage\":\"et\",\"@id\":\"https:\/\/fashiongold.lt\/et\/papuosalas\/kuldne-kaevoru-mustade-ja-kuldsete-parlitega-tahiti-south-sea\/#primaryimage\",\"url\":\"https:\/\/fashiongold.lt\/wp-content\/uploads\/2025\/10\/12101-b86-Auksine-apyranke-su-juodais-ir-auksiniais-perlais-Taicio-South-Sea.png\",\"contentUrl\":\"https:\/\/fashiongold.lt\/wp-content\/uploads\/2025\/10\/12101-b86-Auksine-apyranke-su-juodais-ir-auksiniais-perlais-Taicio-South-Sea.png\",\"width\":1000,\"height\":1000},{\"@type\":\"BreadcrumbList\",\"@id\":\"https:\/\/fashiongold.lt\/et\/papuosalas\/kuldne-kaevoru-mustade-ja-kuldsete-parlitega-tahiti-south-sea\/#breadcrumb\",\"itemListElement\":[{\"@type\":\"ListItem\",\"position\":1,\"name\":\"Home\",\"item\":\"https:\/\/fashiongold.lt\/et\/\"},{\"@type\":\"ListItem\",\"position\":2,\"name\":\"Teemantide pood Fashiongold.lt\",\"item\":\"https:\/\/fashiongold.lt\/shop-2\/\"},{\"@type\":\"ListItem\",\"position\":3,\"name\":\"Kuldne k\u00e4ev\u00f5ru mustade ja kuldsete p\u00e4rlitega (Tahiti, South Sea)\"}]},{\"@type\":\"WebSite\",\"@id\":\"https:\/\/fashiongold.lt\/et\/#website\",\"url\":\"https:\/\/fashiongold.lt\/et\/\",\"name\":\"Fashion Gold\",\"description\":\"Juvelyrikos namai\",\"publisher\":{\"@id\":\"https:\/\/fashiongold.lt\/et\/#organization\"},\"potentialAction\":[{\"@type\":\"SearchAction\",\"target\":{\"@type\":\"EntryPoint\",\"urlTemplate\":\"https:\/\/fashiongold.lt\/et\/?s={search_term_string}\"},\"query-input\":{\"@type\":\"PropertyValueSpecification\",\"valueRequired\":true,\"valueName\":\"search_term_string\"}}],\"inLanguage\":\"et\"},{\"@type\":\"Organization\",\"@id\":\"https:\/\/fashiongold.lt\/et\/#organization\",\"name\":\"Topdiamonds Online\",\"url\":\"https:\/\/fashiongold.lt\/et\/\",\"logo\":{\"@type\":\"ImageObject\",\"inLanguage\":\"et\",\"@id\":\"https:\/\/fashiongold.lt\/et\/#\/schema\/logo\/image\/\",\"url\":\"https:\/\/fashiongold.lt\/wp-content\/uploads\/2025\/04\/cropped-fashion_gold_logotipas2-scaled-1.png\",\"contentUrl\":\"https:\/\/fashiongold.lt\/wp-content\/uploads\/2025\/04\/cropped-fashion_gold_logotipas2-scaled-1.png\",\"width\":2559,\"height\":421,\"caption\":\"Topdiamonds Online\"},\"image\":{\"@id\":\"https:\/\/fashiongold.lt\/et\/#\/schema\/logo\/image\/\"}}]}<\/script>\n<!-- \/ Yoast SEO plugin. -->","yoast_head_json":{"title":"Kuldne k\u00e4ev\u00f5ru mustade ja kuldsete p\u00e4rlitega I fashiongold.lt","description":"Kaasaegse disainiga kuldk\u00e4ev\u00f5ru mustade ja kuldsete p\u00e4rlitega. Suurep\u00e4rane kingitus igap\u00e4evaseks kandmiseks ja erilisteks puhkudeks, silmapaistva stiili jaoks.","robots":{"index":"index","follow":"follow","max-snippet":"max-snippet:-1","max-image-preview":"max-image-preview:large","max-video-preview":"max-video-preview:-1"},"canonical":"https:\/\/fashiongold.lt\/et\/papuosalas\/kuldne-kaevoru-mustade-ja-kuldsete-parlitega-tahiti-south-sea\/","og_locale":"et_EE","og_type":"article","og_title":"Kuldne k\u00e4ev\u00f5ru mustade ja kuldsete p\u00e4rlitega I fashiongold.lt","og_description":"Kaasaegse disainiga kuldk\u00e4ev\u00f5ru mustade ja kuldsete p\u00e4rlitega. Suurep\u00e4rane kingitus igap\u00e4evaseks kandmiseks ja erilisteks puhkudeks, silmapaistva stiili jaoks.","og_url":"https:\/\/fashiongold.lt\/et\/papuosalas\/kuldne-kaevoru-mustade-ja-kuldsete-parlitega-tahiti-south-sea\/","og_site_name":"FashionGold.lt","article_modified_time":"2026-02-13T14:12:57+00:00","og_image":[{"width":1000,"height":1000,"url":"https:\/\/fashiongold.lt\/wp-content\/uploads\/2025\/10\/12101-b86-Auksine-apyranke-su-juodais-ir-auksiniais-perlais-Taicio-South-Sea.webp","type":"image\/png"}],"twitter_card":"summary_large_image","twitter_misc":{"Est. reading time":"1 minut"},"schema":{"@context":"https:\/\/schema.org","@graph":[{"@type":"WebPage","@id":"https:\/\/fashiongold.lt\/et\/papuosalas\/kuldne-kaevoru-mustade-ja-kuldsete-parlitega-tahiti-south-sea\/","url":"https:\/\/fashiongold.lt\/et\/papuosalas\/kuldne-kaevoru-mustade-ja-kuldsete-parlitega-tahiti-south-sea\/","name":"Kuldne k\u00e4ev\u00f5ru mustade ja kuldsete p\u00e4rlitega I fashiongold.lt","isPartOf":{"@id":"https:\/\/fashiongold.lt\/et\/#website"},"primaryImageOfPage":{"@id":"https:\/\/fashiongold.lt\/et\/papuosalas\/kuldne-kaevoru-mustade-ja-kuldsete-parlitega-tahiti-south-sea\/#primaryimage"},"image":{"@id":"https:\/\/fashiongold.lt\/et\/papuosalas\/kuldne-kaevoru-mustade-ja-kuldsete-parlitega-tahiti-south-sea\/#primaryimage"},"thumbnailUrl":"https:\/\/fashiongold.lt\/wp-content\/uploads\/2025\/10\/12101-b86-Auksine-apyranke-su-juodais-ir-auksiniais-perlais-Taicio-South-Sea.png","datePublished":"2025-10-15T06:02:52+00:00","dateModified":"2026-02-13T14:12:57+00:00","description":"Kaasaegse disainiga kuldk\u00e4ev\u00f5ru mustade ja kuldsete p\u00e4rlitega. Suurep\u00e4rane kingitus igap\u00e4evaseks kandmiseks ja erilisteks puhkudeks, silmapaistva stiili jaoks.","breadcrumb":{"@id":"https:\/\/fashiongold.lt\/et\/papuosalas\/kuldne-kaevoru-mustade-ja-kuldsete-parlitega-tahiti-south-sea\/#breadcrumb"},"inLanguage":"et","potentialAction":[{"@type":"ReadAction","target":["https:\/\/fashiongold.lt\/et\/papuosalas\/kuldne-kaevoru-mustade-ja-kuldsete-parlitega-tahiti-south-sea\/"]}]},{"@type":"ImageObject","inLanguage":"et","@id":"https:\/\/fashiongold.lt\/et\/papuosalas\/kuldne-kaevoru-mustade-ja-kuldsete-parlitega-tahiti-south-sea\/#primaryimage","url":"https:\/\/fashiongold.lt\/wp-content\/uploads\/2025\/10\/12101-b86-Auksine-apyranke-su-juodais-ir-auksiniais-perlais-Taicio-South-Sea.png","contentUrl":"https:\/\/fashiongold.lt\/wp-content\/uploads\/2025\/10\/12101-b86-Auksine-apyranke-su-juodais-ir-auksiniais-perlais-Taicio-South-Sea.png","width":1000,"height":1000},{"@type":"BreadcrumbList","@id":"https:\/\/fashiongold.lt\/et\/papuosalas\/kuldne-kaevoru-mustade-ja-kuldsete-parlitega-tahiti-south-sea\/#breadcrumb","itemListElement":[{"@type":"ListItem","position":1,"name":"Home","item":"https:\/\/fashiongold.lt\/et\/"},{"@type":"ListItem","position":2,"name":"Teemantide pood Fashiongold.lt","item":"https:\/\/fashiongold.lt\/shop-2\/"},{"@type":"ListItem","position":3,"name":"Kuldne k\u00e4ev\u00f5ru mustade ja kuldsete p\u00e4rlitega (Tahiti, South Sea)"}]},{"@type":"WebSite","@id":"https:\/\/fashiongold.lt\/et\/#website","url":"https:\/\/fashiongold.lt\/et\/","name":"Fashion Gold","description":"Juvelyrikos namai","publisher":{"@id":"https:\/\/fashiongold.lt\/et\/#organization"},"potentialAction":[{"@type":"SearchAction","target":{"@type":"EntryPoint","urlTemplate":"https:\/\/fashiongold.lt\/et\/?s={search_term_string}"},"query-input":{"@type":"PropertyValueSpecification","valueRequired":true,"valueName":"search_term_string"}}],"inLanguage":"et"},{"@type":"Organization","@id":"https:\/\/fashiongold.lt\/et\/#organization","name":"Topdiamonds Online","url":"https:\/\/fashiongold.lt\/et\/","logo":{"@type":"ImageObject","inLanguage":"et","@id":"https:\/\/fashiongold.lt\/et\/#\/schema\/logo\/image\/","url":"https:\/\/fashiongold.lt\/wp-content\/uploads\/2025\/04\/cropped-fashion_gold_logotipas2-scaled-1.png","contentUrl":"https:\/\/fashiongold.lt\/wp-content\/uploads\/2025\/04\/cropped-fashion_gold_logotipas2-scaled-1.png","width":2559,"height":421,"caption":"Topdiamonds Online"},"image":{"@id":"https:\/\/fashiongold.lt\/et\/#\/schema\/logo\/image\/"}}]}},"_links":{"self":[{"href":"https:\/\/fashiongold.lt\/et\/wp-json\/wp\/v2\/product\/281689","targetHints":{"allow":["GET"]}}],"collection":[{"href":"https:\/\/fashiongold.lt\/et\/wp-json\/wp\/v2\/product"}],"about":[{"href":"https:\/\/fashiongold.lt\/et\/wp-json\/wp\/v2\/types\/product"}],"version-history":[{"count":0,"href":"https:\/\/fashiongold.lt\/et\/wp-json\/wp\/v2\/product\/281689\/revisions"}],"wp:featuredmedia":[{"embeddable":true,"href":"https:\/\/fashiongold.lt\/et\/wp-json\/wp\/v2\/media\/208276"}],"wp:attachment":[{"href":"https:\/\/fashiongold.lt\/et\/wp-json\/wp\/v2\/media?parent=281689"}],"wp:term":[{"taxonomy":"product_brand","embeddable":true,"href":"https:\/\/fashiongold.lt\/et\/wp-json\/wp\/v2\/product_brand?post=281689"},{"taxonomy":"product_cat","embeddable":true,"href":"https:\/\/fashiongold.lt\/et\/wp-json\/wp\/v2\/product_cat?post=281689"},{"taxonomy":"product_tag","embeddable":true,"href":"https:\/\/fashiongold.lt\/et\/wp-json\/wp\/v2\/product_tag?post=281689"}],"curies":[{"name":"wp","href":"https:\/\/api.w.org\/{rel}","templated":true}]}}