{"id":281719,"date":"2025-10-15T05:41:05","date_gmt":"2025-10-15T05:41:05","guid":{"rendered":"https:\/\/fashiongold.lt\/papuosalas\/8-35-ct-kuldsormus-varviliste-safiiridega\/"},"modified":"2026-02-13T14:13:28","modified_gmt":"2026-02-13T14:13:28","slug":"8-35-ct-kuldsormus-varviliste-safiiridega","status":"publish","type":"product","link":"https:\/\/fashiongold.lt\/et\/papuosalas\/8-35-ct-kuldsormus-varviliste-safiiridega\/","title":{"rendered":"8.35 ct kulds\u00f5rmus v\u00e4rviliste safiiridega"},"content":{"rendered":"<p>Valmistatud Saksamaal kvaliteetsetest v\u00e4\u00e4riskividest. Kordumatu iluga, erakordse stiili ja k\u00f5rge kvaliteediga s\u00f5rmus, millel on mugavustsoon. S\u00f5rmust saab valmistada tellimust\u00f6\u00f6na: punasest, kollasest v\u00f5i valgest kullast, v\u00e4rviliste safiiridega v\u00f5i \u00fchev\u00e4rviliste safiiridega. Safiir on j\u00f5u, optimismi ja aktiivsuse s\u00fcmbol. Safiiri maagiline v\u00e4gi aitab leevendada pingeid konfliktide ajal ja lahendada terviseprobleeme. Safiir sobib Kaladele, Kaaludele, Skorpionitele, Kaksikutele, Neitsitele, L\u00f5videle, J\u00e4\u00e4radele, Veevalajatele, Amburitele.\u00a0<\/p>\n<p>\u2022 S\u00f5rmuse kuld: 18 K (proov 750)\u00a0 \u00a0 \u00a0\u00a0<\/p>\n<p>\u2022 S\u00f5rmuse v\u00e4rvus: valida saab valge, kollase v\u00f5i punase kulla vahel<\/p>\n<p>\u2022 S\u00f5rmuse kaal (s\u00f5ltub suurusest ja proovist): umbes 5,10 &#8211; 6,00 g\u00a0 \u00a0 \u00a0 \u00a0 \u00a0<\/p>\n<p>\u2022 S\u00f5rmuse m\u00f5\u00f5tmed: laius umbes 4,3 mm (muudetav)\u00a0 \u00a0 \u00a0<\/p>\n<p>\u2022 S\u00f5rmuse mugavustsoon: olemas\u00a0 \u00a0<\/p>\n<p>\u2022 V\u00e4\u00e4riskivi t\u00fc\u00fcp: Looduslik safiir\u00a0\u00a0<\/p>\n<p>\u2022 V\u00e4\u00e4riskivi kuju: \u00fcmar lihv (round cut)\u00a0 \u00a0 \u00a0<\/p>\n<p>\u2022 V\u00e4\u00e4riskivi omadused: 8,35 ct (14 tk) (muudetav)\u00a0 \u00a0 \u00a0<\/p>\n<p>\u2022 Sertifikaat: Leedu Proovikoda (LPR)\u00a0 \u00a0 \u00a0 \u00a0<\/p>\n<p>\u2022 Graveerimine tasuta\u00a0<\/p>\n<p>\u2022 \u00dchekordne tasuta s\u00f5rmuse suuruse muutmise garantii (v\u00f5imaluse korral)\u00a0<\/p>\n<p>\u2022 Valmistamis- ja tarneaeg alates 14 t\u00f6\u00f6p\u00e4evast, kiirtellimus 3 t\u00f6\u00f6p\u00e4eva jooksul.\u00a0<\/p>\n<p><strong>Kas teil on oma kulda? V\u00f5tke \u00fchendust, arvutame hinna \u00fcmber \u2013 maksate vaid s\u00f5rmuste valmistamise eest.<\/strong><\/p>\n","protected":false},"excerpt":{"rendered":"<p>Kuldne s\u00f5rmus tippkvaliteediga looduslike safiiridega. Ainulaadne s\u00f5rmus, milles safiiride kogukaal on koguni 8,35 karaati. Kordumatu valik, mis v\u00e4ljendab stiilseid detaile. Suurep\u00e4rane kingitus neile, kes armastavad stiilseid ehteid.<\/p>\n","protected":false},"featured_media":207846,"template":"","meta":{"site-sidebar-layout":"","site-content-layout":"","ast-site-content-layout":"","site-content-style":"","site-sidebar-style":"","ast-global-header-display":"","ast-banner-title-visibility":"","ast-main-header-display":"","ast-hfb-above-header-display":"","ast-hfb-below-header-display":"","ast-hfb-mobile-header-display":"","site-post-title":"","ast-breadcrumbs-content":"","ast-featured-img":"","footer-sml-layout":"","ast-disable-related-posts":"","theme-transparent-header-meta":"","adv-header-id-meta":"","stick-header-meta":"","header-above-stick-meta":"","header-main-stick-meta":"","header-below-stick-meta":"","astra-migrate-meta-layouts":"default","ast-page-background-enabled":"default","ast-page-background-meta":{"desktop":{"background-color":"var(--ast-global-color-4)","background-image":"","background-repeat":"repeat","background-position":"center center","background-size":"auto","background-attachment":"scroll","background-type":"","background-media":"","overlay-type":"","overlay-color":"","overlay-opacity":"","overlay-gradient":""},"tablet":{"background-color":"","background-image":"","background-repeat":"repeat","background-position":"center center","background-size":"auto","background-attachment":"scroll","background-type":"","background-media":"","overlay-type":"","overlay-color":"","overlay-opacity":"","overlay-gradient":""},"mobile":{"background-color":"","background-image":"","background-repeat":"repeat","background-position":"center center","background-size":"auto","background-attachment":"scroll","background-type":"","background-media":"","overlay-type":"","overlay-color":"","overlay-opacity":"","overlay-gradient":""}},"ast-content-background-meta":{"desktop":{"background-color":"var(--ast-global-color-5)","background-image":"","background-repeat":"repeat","background-position":"center center","background-size":"auto","background-attachment":"scroll","background-type":"","background-media":"","overlay-type":"","overlay-color":"","overlay-opacity":"","overlay-gradient":""},"tablet":{"background-color":"var(--ast-global-color-5)","background-image":"","background-repeat":"repeat","background-position":"center center","background-size":"auto","background-attachment":"scroll","background-type":"","background-media":"","overlay-type":"","overlay-color":"","overlay-opacity":"","overlay-gradient":""},"mobile":{"background-color":"var(--ast-global-color-5)","background-image":"","background-repeat":"repeat","background-position":"center center","background-size":"auto","background-attachment":"scroll","background-type":"","background-media":"","overlay-type":"","overlay-color":"","overlay-opacity":"","overlay-gradient":""}}},"product_brand":[],"product_cat":[3594,3058,3739,2830,2826,3422,2829,2823,2828,2825,2822,2824,2821,3597,3567,2846,2967,2843,2849,2844,3448,2847,2845,2833,2848,2851],"product_tag":[],"class_list":{"0":"post-281719","1":"product","2":"type-product","3":"status-publish","4":"has-post-thumbnail","6":"product_cat-abielusormused","7":"product_cat-ehted","8":"product_cat-eksklusiivsed-abielusormused-disainerite-loodud","9":"product_cat-emadepaeva-kingitused","10":"product_cat-joulukingid","11":"product_cat-kihlasormused","12":"product_cat-kingitused-erilisteks-puhkudeks","13":"product_cat-kingitused-lapse-sunni-puhul","14":"product_cat-kingitused-lopetamise-puhul","15":"product_cat-kingitused-meestele","16":"product_cat-kingitused-naistele","17":"product_cat-kingitused-pulma-aastapaeva-puhul","18":"product_cat-kingitused-sunnipaevaks","19":"product_cat-modernsed-pulmasormused","20":"product_cat-naiste-abielusormused","21":"product_cat-poolvaariskividega-ehted","22":"product_cat-punasest-kullast-ehted","23":"product_cat-safiir-ehted-safiiridega","24":"product_cat-safiiridega-sormused","25":"product_cat-safiiriga-kihlasormus","26":"product_cat-sinine-vaariskivi","27":"product_cat-siniste-vaariskividega-ehted","28":"product_cat-sobrapaeva-kingitused","29":"product_cat-teemantribad","30":"product_cat-vaariskividega-sormused","31":"product_cat-vits-sormus-vaariskividega","32":"desktop-align-center","33":"tablet-align-left","34":"mobile-align-left","35":"ast-product-gallery-layout-horizontal-slider","36":"ast-product-gallery-with-no-image","37":"ast-product-single-variable","38":"ast-product-tabs-layout-accordion","39":"ast-qv-on-image","41":"first","42":"instock","43":"taxable","44":"shipping-taxable","45":"purchasable","46":"product-type-variable"},"yoast_head":"<!-- This site is optimized with the Yoast SEO plugin v26.6 - https:\/\/yoast.com\/wordpress\/plugins\/seo\/ -->\n<title>8.35 ct kuldne s\u00f5rmus v\u00e4rviliste safiiridega I fashiongold.lt<\/title>\n<meta name=\"description\" content=\"Kuldne s\u00f5rmus k\u00f5rgeima kvaliteediga looduslike safiiridega, mille kogukaal on koguni 8,35 karaati. Suurep\u00e4rane kingitus stiilsete ehete austajatele.\" \/>\n<meta name=\"robots\" content=\"index, follow, max-snippet:-1, max-image-preview:large, max-video-preview:-1\" \/>\n<link rel=\"canonical\" href=\"https:\/\/fashiongold.lt\/et\/papuosalas\/8-35-ct-kuldsormus-varviliste-safiiridega\/\" \/>\n<meta property=\"og:locale\" content=\"et_EE\" \/>\n<meta property=\"og:type\" content=\"article\" \/>\n<meta property=\"og:title\" content=\"8.35 ct kuldne s\u00f5rmus v\u00e4rviliste safiiridega I fashiongold.lt\" \/>\n<meta property=\"og:description\" content=\"Kuldne s\u00f5rmus k\u00f5rgeima kvaliteediga looduslike safiiridega, mille kogukaal on koguni 8,35 karaati. Suurep\u00e4rane kingitus stiilsete ehete austajatele.\" \/>\n<meta property=\"og:url\" content=\"https:\/\/fashiongold.lt\/et\/papuosalas\/8-35-ct-kuldsormus-varviliste-safiiridega\/\" \/>\n<meta property=\"og:site_name\" content=\"FashionGold.lt\" \/>\n<meta property=\"article:modified_time\" content=\"2026-02-13T14:13:28+00:00\" \/>\n<meta property=\"og:image\" content=\"https:\/\/fashiongold.lt\/wp-content\/uploads\/2025\/10\/11902-475-8.35-ct-auksinis-ziedas-su-spalvotais-safyrais-deimantais.webp\" \/>\n\t<meta property=\"og:image:width\" content=\"1000\" \/>\n\t<meta property=\"og:image:height\" content=\"1000\" \/>\n\t<meta property=\"og:image:type\" content=\"image\/png\" \/>\n<meta name=\"twitter:card\" content=\"summary_large_image\" \/>\n<meta name=\"twitter:label1\" content=\"Est. reading time\" \/>\n\t<meta name=\"twitter:data1\" content=\"1 minut\" \/>\n<script type=\"application\/ld+json\" class=\"yoast-schema-graph\">{\"@context\":\"https:\/\/schema.org\",\"@graph\":[{\"@type\":\"WebPage\",\"@id\":\"https:\/\/fashiongold.lt\/et\/papuosalas\/8-35-ct-kuldsormus-varviliste-safiiridega\/\",\"url\":\"https:\/\/fashiongold.lt\/et\/papuosalas\/8-35-ct-kuldsormus-varviliste-safiiridega\/\",\"name\":\"8.35 ct kuldne s\u00f5rmus v\u00e4rviliste safiiridega I fashiongold.lt\",\"isPartOf\":{\"@id\":\"https:\/\/fashiongold.lt\/et\/#website\"},\"primaryImageOfPage\":{\"@id\":\"https:\/\/fashiongold.lt\/et\/papuosalas\/8-35-ct-kuldsormus-varviliste-safiiridega\/#primaryimage\"},\"image\":{\"@id\":\"https:\/\/fashiongold.lt\/et\/papuosalas\/8-35-ct-kuldsormus-varviliste-safiiridega\/#primaryimage\"},\"thumbnailUrl\":\"https:\/\/fashiongold.lt\/wp-content\/uploads\/2025\/10\/11902-475-8.35-ct-auksinis-ziedas-su-spalvotais-safyrais-deimantais.png\",\"datePublished\":\"2025-10-15T05:41:05+00:00\",\"dateModified\":\"2026-02-13T14:13:28+00:00\",\"description\":\"Kuldne s\u00f5rmus k\u00f5rgeima kvaliteediga looduslike safiiridega, mille kogukaal on koguni 8,35 karaati. Suurep\u00e4rane kingitus stiilsete ehete austajatele.\",\"breadcrumb\":{\"@id\":\"https:\/\/fashiongold.lt\/et\/papuosalas\/8-35-ct-kuldsormus-varviliste-safiiridega\/#breadcrumb\"},\"inLanguage\":\"et\",\"potentialAction\":[{\"@type\":\"ReadAction\",\"target\":[\"https:\/\/fashiongold.lt\/et\/papuosalas\/8-35-ct-kuldsormus-varviliste-safiiridega\/\"]}]},{\"@type\":\"ImageObject\",\"inLanguage\":\"et\",\"@id\":\"https:\/\/fashiongold.lt\/et\/papuosalas\/8-35-ct-kuldsormus-varviliste-safiiridega\/#primaryimage\",\"url\":\"https:\/\/fashiongold.lt\/wp-content\/uploads\/2025\/10\/11902-475-8.35-ct-auksinis-ziedas-su-spalvotais-safyrais-deimantais.png\",\"contentUrl\":\"https:\/\/fashiongold.lt\/wp-content\/uploads\/2025\/10\/11902-475-8.35-ct-auksinis-ziedas-su-spalvotais-safyrais-deimantais.png\",\"width\":1000,\"height\":1000},{\"@type\":\"BreadcrumbList\",\"@id\":\"https:\/\/fashiongold.lt\/et\/papuosalas\/8-35-ct-kuldsormus-varviliste-safiiridega\/#breadcrumb\",\"itemListElement\":[{\"@type\":\"ListItem\",\"position\":1,\"name\":\"Home\",\"item\":\"https:\/\/fashiongold.lt\/et\/\"},{\"@type\":\"ListItem\",\"position\":2,\"name\":\"Teemantide pood Fashiongold.lt\",\"item\":\"https:\/\/fashiongold.lt\/shop-2\/\"},{\"@type\":\"ListItem\",\"position\":3,\"name\":\"8.35 ct kulds\u00f5rmus v\u00e4rviliste safiiridega\"}]},{\"@type\":\"WebSite\",\"@id\":\"https:\/\/fashiongold.lt\/et\/#website\",\"url\":\"https:\/\/fashiongold.lt\/et\/\",\"name\":\"Fashion Gold\",\"description\":\"Juvelyrikos namai\",\"publisher\":{\"@id\":\"https:\/\/fashiongold.lt\/et\/#organization\"},\"potentialAction\":[{\"@type\":\"SearchAction\",\"target\":{\"@type\":\"EntryPoint\",\"urlTemplate\":\"https:\/\/fashiongold.lt\/et\/?s={search_term_string}\"},\"query-input\":{\"@type\":\"PropertyValueSpecification\",\"valueRequired\":true,\"valueName\":\"search_term_string\"}}],\"inLanguage\":\"et\"},{\"@type\":\"Organization\",\"@id\":\"https:\/\/fashiongold.lt\/et\/#organization\",\"name\":\"Topdiamonds Online\",\"url\":\"https:\/\/fashiongold.lt\/et\/\",\"logo\":{\"@type\":\"ImageObject\",\"inLanguage\":\"et\",\"@id\":\"https:\/\/fashiongold.lt\/et\/#\/schema\/logo\/image\/\",\"url\":\"https:\/\/fashiongold.lt\/wp-content\/uploads\/2025\/04\/cropped-fashion_gold_logotipas2-scaled-1.png\",\"contentUrl\":\"https:\/\/fashiongold.lt\/wp-content\/uploads\/2025\/04\/cropped-fashion_gold_logotipas2-scaled-1.png\",\"width\":2559,\"height\":421,\"caption\":\"Topdiamonds Online\"},\"image\":{\"@id\":\"https:\/\/fashiongold.lt\/et\/#\/schema\/logo\/image\/\"}}]}<\/script>\n<!-- \/ Yoast SEO plugin. -->","yoast_head_json":{"title":"8.35 ct kuldne s\u00f5rmus v\u00e4rviliste safiiridega I fashiongold.lt","description":"Kuldne s\u00f5rmus k\u00f5rgeima kvaliteediga looduslike safiiridega, mille kogukaal on koguni 8,35 karaati. Suurep\u00e4rane kingitus stiilsete ehete austajatele.","robots":{"index":"index","follow":"follow","max-snippet":"max-snippet:-1","max-image-preview":"max-image-preview:large","max-video-preview":"max-video-preview:-1"},"canonical":"https:\/\/fashiongold.lt\/et\/papuosalas\/8-35-ct-kuldsormus-varviliste-safiiridega\/","og_locale":"et_EE","og_type":"article","og_title":"8.35 ct kuldne s\u00f5rmus v\u00e4rviliste safiiridega I fashiongold.lt","og_description":"Kuldne s\u00f5rmus k\u00f5rgeima kvaliteediga looduslike safiiridega, mille kogukaal on koguni 8,35 karaati. Suurep\u00e4rane kingitus stiilsete ehete austajatele.","og_url":"https:\/\/fashiongold.lt\/et\/papuosalas\/8-35-ct-kuldsormus-varviliste-safiiridega\/","og_site_name":"FashionGold.lt","article_modified_time":"2026-02-13T14:13:28+00:00","og_image":[{"width":1000,"height":1000,"url":"https:\/\/fashiongold.lt\/wp-content\/uploads\/2025\/10\/11902-475-8.35-ct-auksinis-ziedas-su-spalvotais-safyrais-deimantais.webp","type":"image\/png"}],"twitter_card":"summary_large_image","twitter_misc":{"Est. reading time":"1 minut"},"schema":{"@context":"https:\/\/schema.org","@graph":[{"@type":"WebPage","@id":"https:\/\/fashiongold.lt\/et\/papuosalas\/8-35-ct-kuldsormus-varviliste-safiiridega\/","url":"https:\/\/fashiongold.lt\/et\/papuosalas\/8-35-ct-kuldsormus-varviliste-safiiridega\/","name":"8.35 ct kuldne s\u00f5rmus v\u00e4rviliste safiiridega I fashiongold.lt","isPartOf":{"@id":"https:\/\/fashiongold.lt\/et\/#website"},"primaryImageOfPage":{"@id":"https:\/\/fashiongold.lt\/et\/papuosalas\/8-35-ct-kuldsormus-varviliste-safiiridega\/#primaryimage"},"image":{"@id":"https:\/\/fashiongold.lt\/et\/papuosalas\/8-35-ct-kuldsormus-varviliste-safiiridega\/#primaryimage"},"thumbnailUrl":"https:\/\/fashiongold.lt\/wp-content\/uploads\/2025\/10\/11902-475-8.35-ct-auksinis-ziedas-su-spalvotais-safyrais-deimantais.png","datePublished":"2025-10-15T05:41:05+00:00","dateModified":"2026-02-13T14:13:28+00:00","description":"Kuldne s\u00f5rmus k\u00f5rgeima kvaliteediga looduslike safiiridega, mille kogukaal on koguni 8,35 karaati. Suurep\u00e4rane kingitus stiilsete ehete austajatele.","breadcrumb":{"@id":"https:\/\/fashiongold.lt\/et\/papuosalas\/8-35-ct-kuldsormus-varviliste-safiiridega\/#breadcrumb"},"inLanguage":"et","potentialAction":[{"@type":"ReadAction","target":["https:\/\/fashiongold.lt\/et\/papuosalas\/8-35-ct-kuldsormus-varviliste-safiiridega\/"]}]},{"@type":"ImageObject","inLanguage":"et","@id":"https:\/\/fashiongold.lt\/et\/papuosalas\/8-35-ct-kuldsormus-varviliste-safiiridega\/#primaryimage","url":"https:\/\/fashiongold.lt\/wp-content\/uploads\/2025\/10\/11902-475-8.35-ct-auksinis-ziedas-su-spalvotais-safyrais-deimantais.png","contentUrl":"https:\/\/fashiongold.lt\/wp-content\/uploads\/2025\/10\/11902-475-8.35-ct-auksinis-ziedas-su-spalvotais-safyrais-deimantais.png","width":1000,"height":1000},{"@type":"BreadcrumbList","@id":"https:\/\/fashiongold.lt\/et\/papuosalas\/8-35-ct-kuldsormus-varviliste-safiiridega\/#breadcrumb","itemListElement":[{"@type":"ListItem","position":1,"name":"Home","item":"https:\/\/fashiongold.lt\/et\/"},{"@type":"ListItem","position":2,"name":"Teemantide pood Fashiongold.lt","item":"https:\/\/fashiongold.lt\/shop-2\/"},{"@type":"ListItem","position":3,"name":"8.35 ct kulds\u00f5rmus v\u00e4rviliste safiiridega"}]},{"@type":"WebSite","@id":"https:\/\/fashiongold.lt\/et\/#website","url":"https:\/\/fashiongold.lt\/et\/","name":"Fashion Gold","description":"Juvelyrikos namai","publisher":{"@id":"https:\/\/fashiongold.lt\/et\/#organization"},"potentialAction":[{"@type":"SearchAction","target":{"@type":"EntryPoint","urlTemplate":"https:\/\/fashiongold.lt\/et\/?s={search_term_string}"},"query-input":{"@type":"PropertyValueSpecification","valueRequired":true,"valueName":"search_term_string"}}],"inLanguage":"et"},{"@type":"Organization","@id":"https:\/\/fashiongold.lt\/et\/#organization","name":"Topdiamonds Online","url":"https:\/\/fashiongold.lt\/et\/","logo":{"@type":"ImageObject","inLanguage":"et","@id":"https:\/\/fashiongold.lt\/et\/#\/schema\/logo\/image\/","url":"https:\/\/fashiongold.lt\/wp-content\/uploads\/2025\/04\/cropped-fashion_gold_logotipas2-scaled-1.png","contentUrl":"https:\/\/fashiongold.lt\/wp-content\/uploads\/2025\/04\/cropped-fashion_gold_logotipas2-scaled-1.png","width":2559,"height":421,"caption":"Topdiamonds Online"},"image":{"@id":"https:\/\/fashiongold.lt\/et\/#\/schema\/logo\/image\/"}}]}},"_links":{"self":[{"href":"https:\/\/fashiongold.lt\/et\/wp-json\/wp\/v2\/product\/281719","targetHints":{"allow":["GET"]}}],"collection":[{"href":"https:\/\/fashiongold.lt\/et\/wp-json\/wp\/v2\/product"}],"about":[{"href":"https:\/\/fashiongold.lt\/et\/wp-json\/wp\/v2\/types\/product"}],"version-history":[{"count":0,"href":"https:\/\/fashiongold.lt\/et\/wp-json\/wp\/v2\/product\/281719\/revisions"}],"wp:featuredmedia":[{"embeddable":true,"href":"https:\/\/fashiongold.lt\/et\/wp-json\/wp\/v2\/media\/207846"}],"wp:attachment":[{"href":"https:\/\/fashiongold.lt\/et\/wp-json\/wp\/v2\/media?parent=281719"}],"wp:term":[{"taxonomy":"product_brand","embeddable":true,"href":"https:\/\/fashiongold.lt\/et\/wp-json\/wp\/v2\/product_brand?post=281719"},{"taxonomy":"product_cat","embeddable":true,"href":"https:\/\/fashiongold.lt\/et\/wp-json\/wp\/v2\/product_cat?post=281719"},{"taxonomy":"product_tag","embeddable":true,"href":"https:\/\/fashiongold.lt\/et\/wp-json\/wp\/v2\/product_tag?post=281719"}],"curies":[{"name":"wp","href":"https:\/\/api.w.org\/{rel}","templated":true}]}}