{"id":282007,"date":"2025-10-14T19:44:57","date_gmt":"2025-10-14T19:44:57","guid":{"rendered":"https:\/\/fashiongold.lt\/papuosalas\/abielusormuste-valmistamine-6-mm-tekstureeritud-teemantidega-002-ct-paar\/"},"modified":"2026-02-14T05:13:55","modified_gmt":"2026-02-14T05:13:55","slug":"abielusormuste-valmistamine-6-mm-tekstureeritud-teemantidega-002-ct-paar","status":"publish","type":"product","link":"https:\/\/fashiongold.lt\/et\/papuosalas\/abielusormuste-valmistamine-6-mm-tekstureeritud-teemantidega-002-ct-paar\/","title":{"rendered":"Abielus\u00f5rmuste valmistamine \u2013 6 mm tekstureeritud teemantidega (0,02 ct) (paar)"},"content":{"rendered":"<p>Kas teil on kuldehteid, mida te ei kanna? Kasutage neid abielus\u00f5rmuste valmistamiseks ja v\u00e4hendage nii pulmakulusid. Saate valida valmistamise oma kullast, kui see on kallis perekonnareliikvia, v\u00f5i meie kullast, vahetades teie kulla kaalu j\u00e4rgi. S\u00f5ltumata teie kulla v\u00e4rvusest valmistame teile abielus\u00f5rmused just sellises v\u00e4rvitoonis, nagu teile meeldib.<\/p>\n<p><strong>Tootmishinna sisse kuulub:\u00a0<\/strong><\/p>\n<p>\u2022 S\u00f5rmuse v\u00e4rv: valida saab loodusliku valge, kollase v\u00f5i punase kulla vahel.\u00a0 \u00a0<\/p>\n<p>\u2022 S\u00f5rmuse m\u00f5\u00f5tmed: laius 6,00 mm (muudetav).<\/p>\n<p>\u2022 S\u00f5rmuse mugavustsoon: olemas.<\/p>\n<p>\u2022 Sertifikaat: Leedu Proovikoda (LPR)\u00a0 \u00a0<\/p>\n<p>\u2022 Tasuta graveerimine<\/p>\n<p>\u2022 \u00dchekordne tasuta s\u00f5rmuse suuruse muutmise garantii<\/p>\n<p>\u2022 Valmistamis- ja tarneaeg alates 14 t\u00f6\u00f6p\u00e4evast, kiirtellimusel 3 t\u00f6\u00f6p\u00e4eva jooksul.<\/p>\n<p><strong>Tootmishinna sisse ei kuulu:<\/strong><\/p>\n<p>\u2022 S\u00f5rmuse kuld: 14K (proov 585), lisatasu eest saame valmistada ka 10K (proov 375) v\u00f5i 18K (proov 750) kullast.\u00a0 \u00a0 \u00a0<\/p>\n<p>\u2022 S\u00f5rmusepaari kaal (s\u00f5ltub suurusest ja proovist): umbes 13,00 &#8211; 15,00 g\u00a0 \u00a0<\/p>\n<p>\u2022 S\u00f5rmuse v\u00e4rv: roodiumiga katmine<\/p>\n<p>\u2022 Teemandi t\u00fc\u00fcp: Looduslik teemant\u00a0 \u00a0 \u00a0<\/p>\n<p>\u2022 Teemandi kuju: \u00dcmarlihv (Round cut)\u00a0 \u00a0 \u00a0<\/p>\n<p>\u2022 Teemandi omadused: 3 tk x 0,03 ct (orienteeruv hind 10 Eur\/tk), (v\u00e4rv W, puhtus Vs-SI) (muudetav)\u00a0 \u00a0 \u00a0<\/p>\n<p><strong>Kordumatu iluga, eksklusiivse stiili ja k\u00f5rge kvaliteediga abielus\u00f5rmused, millel on mugavustsoon. Suurep\u00e4rane valik, mis peegeldab teie armastuslugu.<\/strong><\/p>\n","protected":false},"excerpt":{"rendered":"<p>Meie juveliir valmistab teile teie kullast kaasaegsed tekstuuriga ruudukujulised teemantidega abielus\u00f5rmused. Fashion Goldi juveliirid on valmistanud abielus\u00f5rmuseid juba 30 aastat, seega usaldage meie professionaalsust, k\u00f5rget kvaliteeti ja makske vaid valmistamise hinda. Avastage erakordne ilu koos Fashion Goldi juveliiridega!\u00a0<\/p>\n","protected":false},"featured_media":205896,"template":"","meta":{"site-sidebar-layout":"","site-content-layout":"","ast-site-content-layout":"","site-content-style":"","site-sidebar-style":"","ast-global-header-display":"","ast-banner-title-visibility":"","ast-main-header-display":"","ast-hfb-above-header-display":"","ast-hfb-below-header-display":"","ast-hfb-mobile-header-display":"","site-post-title":"","ast-breadcrumbs-content":"","ast-featured-img":"","footer-sml-layout":"","ast-disable-related-posts":"","theme-transparent-header-meta":"","adv-header-id-meta":"","stick-header-meta":"","header-above-stick-meta":"","header-main-stick-meta":"","header-below-stick-meta":"","astra-migrate-meta-layouts":"default","ast-page-background-enabled":"default","ast-page-background-meta":{"desktop":{"background-color":"var(--ast-global-color-4)","background-image":"","background-repeat":"repeat","background-position":"center center","background-size":"auto","background-attachment":"scroll","background-type":"","background-media":"","overlay-type":"","overlay-color":"","overlay-opacity":"","overlay-gradient":""},"tablet":{"background-color":"","background-image":"","background-repeat":"repeat","background-position":"center center","background-size":"auto","background-attachment":"scroll","background-type":"","background-media":"","overlay-type":"","overlay-color":"","overlay-opacity":"","overlay-gradient":""},"mobile":{"background-color":"","background-image":"","background-repeat":"repeat","background-position":"center center","background-size":"auto","background-attachment":"scroll","background-type":"","background-media":"","overlay-type":"","overlay-color":"","overlay-opacity":"","overlay-gradient":""}},"ast-content-background-meta":{"desktop":{"background-color":"var(--ast-global-color-5)","background-image":"","background-repeat":"repeat","background-position":"center center","background-size":"auto","background-attachment":"scroll","background-type":"","background-media":"","overlay-type":"","overlay-color":"","overlay-opacity":"","overlay-gradient":""},"tablet":{"background-color":"var(--ast-global-color-5)","background-image":"","background-repeat":"repeat","background-position":"center center","background-size":"auto","background-attachment":"scroll","background-type":"","background-media":"","overlay-type":"","overlay-color":"","overlay-opacity":"","overlay-gradient":""},"mobile":{"background-color":"var(--ast-global-color-5)","background-image":"","background-repeat":"repeat","background-position":"center center","background-size":"auto","background-attachment":"scroll","background-type":"","background-media":"","overlay-type":"","overlay-color":"","overlay-opacity":"","overlay-gradient":""}}},"product_brand":[],"product_cat":[3594,3793,2839],"product_tag":[],"class_list":{"0":"post-282007","1":"product","2":"type-product","3":"status-publish","4":"has-post-thumbnail","6":"product_cat-abielusormused","7":"product_cat-abielusormuste-valmistamine","8":"product_cat-juveliir","9":"desktop-align-center","10":"tablet-align-left","11":"mobile-align-left","12":"ast-product-gallery-layout-horizontal-slider","13":"ast-product-gallery-with-no-image","14":"ast-product-single-variable","15":"ast-product-tabs-layout-accordion","16":"ast-qv-on-image","18":"first","19":"instock","20":"taxable","21":"shipping-taxable","22":"purchasable","23":"product-type-variable"},"yoast_head":"<!-- This site is optimized with the Yoast SEO plugin v26.6 - https:\/\/yoast.com\/wordpress\/plugins\/seo\/ -->\n<title>Modernsete tekstuuriga abielus\u00f5rmuste valmistamise hind (6 mm)<\/title>\n<meta name=\"description\" content=\"Modernse disainiga k\u00e4sit\u00f6\u00f6na valminud abielus\u00f5rmuste paar tekstuuri ja teemantidega. Mugavusprofiil. Pikaajaline kogemus. Parimad hinnad. K\u00f5rge kvaliteet.\" \/>\n<meta name=\"robots\" content=\"index, follow, max-snippet:-1, max-image-preview:large, max-video-preview:-1\" \/>\n<link rel=\"canonical\" href=\"https:\/\/fashiongold.lt\/et\/papuosalas\/abielusormuste-valmistamine-6-mm-tekstureeritud-teemantidega-002-ct-paar\/\" \/>\n<meta property=\"og:locale\" content=\"et_EE\" \/>\n<meta property=\"og:type\" content=\"article\" \/>\n<meta property=\"og:title\" content=\"Modernsete tekstuuriga abielus\u00f5rmuste valmistamise hind (6 mm)\" \/>\n<meta property=\"og:description\" content=\"Modernse disainiga k\u00e4sit\u00f6\u00f6na valminud abielus\u00f5rmuste paar tekstuuri ja teemantidega. Mugavusprofiil. Pikaajaline kogemus. Parimad hinnad. K\u00f5rge kvaliteet.\" \/>\n<meta property=\"og:url\" content=\"https:\/\/fashiongold.lt\/et\/papuosalas\/abielusormuste-valmistamine-6-mm-tekstureeritud-teemantidega-002-ct-paar\/\" \/>\n<meta property=\"og:site_name\" content=\"FashionGold.lt\" \/>\n<meta property=\"article:modified_time\" content=\"2026-02-14T05:13:55+00:00\" \/>\n<meta property=\"og:image\" content=\"https:\/\/fashiongold.lt\/wp-content\/uploads\/2025\/10\/11192-1ba-Vestuviniu-ziedu-gamyba-6-mm-balto-ir-geltono-aukso-teksturiniai-ziedai-su-deimantais.webp\" \/>\n\t<meta property=\"og:image:width\" content=\"1000\" \/>\n\t<meta property=\"og:image:height\" content=\"1000\" \/>\n\t<meta property=\"og:image:type\" content=\"image\/png\" \/>\n<meta name=\"twitter:card\" content=\"summary_large_image\" \/>\n<meta name=\"twitter:label1\" content=\"Est. reading time\" \/>\n\t<meta name=\"twitter:data1\" content=\"1 minut\" \/>\n<script type=\"application\/ld+json\" class=\"yoast-schema-graph\">{\"@context\":\"https:\/\/schema.org\",\"@graph\":[{\"@type\":\"WebPage\",\"@id\":\"https:\/\/fashiongold.lt\/et\/papuosalas\/abielusormuste-valmistamine-6-mm-tekstureeritud-teemantidega-002-ct-paar\/\",\"url\":\"https:\/\/fashiongold.lt\/et\/papuosalas\/abielusormuste-valmistamine-6-mm-tekstureeritud-teemantidega-002-ct-paar\/\",\"name\":\"Modernsete tekstuuriga abielus\u00f5rmuste valmistamise hind (6 mm)\",\"isPartOf\":{\"@id\":\"https:\/\/fashiongold.lt\/et\/#website\"},\"primaryImageOfPage\":{\"@id\":\"https:\/\/fashiongold.lt\/et\/papuosalas\/abielusormuste-valmistamine-6-mm-tekstureeritud-teemantidega-002-ct-paar\/#primaryimage\"},\"image\":{\"@id\":\"https:\/\/fashiongold.lt\/et\/papuosalas\/abielusormuste-valmistamine-6-mm-tekstureeritud-teemantidega-002-ct-paar\/#primaryimage\"},\"thumbnailUrl\":\"https:\/\/fashiongold.lt\/wp-content\/uploads\/2025\/10\/11192-1ba-Vestuviniu-ziedu-gamyba-6-mm-balto-ir-geltono-aukso-teksturiniai-ziedai-su-deimantais.png\",\"datePublished\":\"2025-10-14T19:44:57+00:00\",\"dateModified\":\"2026-02-14T05:13:55+00:00\",\"description\":\"Modernse disainiga k\u00e4sit\u00f6\u00f6na valminud abielus\u00f5rmuste paar tekstuuri ja teemantidega. Mugavusprofiil. Pikaajaline kogemus. Parimad hinnad. K\u00f5rge kvaliteet.\",\"breadcrumb\":{\"@id\":\"https:\/\/fashiongold.lt\/et\/papuosalas\/abielusormuste-valmistamine-6-mm-tekstureeritud-teemantidega-002-ct-paar\/#breadcrumb\"},\"inLanguage\":\"et\",\"potentialAction\":[{\"@type\":\"ReadAction\",\"target\":[\"https:\/\/fashiongold.lt\/et\/papuosalas\/abielusormuste-valmistamine-6-mm-tekstureeritud-teemantidega-002-ct-paar\/\"]}]},{\"@type\":\"ImageObject\",\"inLanguage\":\"et\",\"@id\":\"https:\/\/fashiongold.lt\/et\/papuosalas\/abielusormuste-valmistamine-6-mm-tekstureeritud-teemantidega-002-ct-paar\/#primaryimage\",\"url\":\"https:\/\/fashiongold.lt\/wp-content\/uploads\/2025\/10\/11192-1ba-Vestuviniu-ziedu-gamyba-6-mm-balto-ir-geltono-aukso-teksturiniai-ziedai-su-deimantais.png\",\"contentUrl\":\"https:\/\/fashiongold.lt\/wp-content\/uploads\/2025\/10\/11192-1ba-Vestuviniu-ziedu-gamyba-6-mm-balto-ir-geltono-aukso-teksturiniai-ziedai-su-deimantais.png\",\"width\":1000,\"height\":1000},{\"@type\":\"BreadcrumbList\",\"@id\":\"https:\/\/fashiongold.lt\/et\/papuosalas\/abielusormuste-valmistamine-6-mm-tekstureeritud-teemantidega-002-ct-paar\/#breadcrumb\",\"itemListElement\":[{\"@type\":\"ListItem\",\"position\":1,\"name\":\"Home\",\"item\":\"https:\/\/fashiongold.lt\/et\/\"},{\"@type\":\"ListItem\",\"position\":2,\"name\":\"Teemantide pood Fashiongold.lt\",\"item\":\"https:\/\/fashiongold.lt\/shop-2\/\"},{\"@type\":\"ListItem\",\"position\":3,\"name\":\"Abielus\u00f5rmuste valmistamine \u2013 6 mm tekstureeritud teemantidega (0,02 ct) (paar)\"}]},{\"@type\":\"WebSite\",\"@id\":\"https:\/\/fashiongold.lt\/et\/#website\",\"url\":\"https:\/\/fashiongold.lt\/et\/\",\"name\":\"Fashion Gold\",\"description\":\"Juvelyrikos namai\",\"publisher\":{\"@id\":\"https:\/\/fashiongold.lt\/et\/#organization\"},\"potentialAction\":[{\"@type\":\"SearchAction\",\"target\":{\"@type\":\"EntryPoint\",\"urlTemplate\":\"https:\/\/fashiongold.lt\/et\/?s={search_term_string}\"},\"query-input\":{\"@type\":\"PropertyValueSpecification\",\"valueRequired\":true,\"valueName\":\"search_term_string\"}}],\"inLanguage\":\"et\"},{\"@type\":\"Organization\",\"@id\":\"https:\/\/fashiongold.lt\/et\/#organization\",\"name\":\"Topdiamonds Online\",\"url\":\"https:\/\/fashiongold.lt\/et\/\",\"logo\":{\"@type\":\"ImageObject\",\"inLanguage\":\"et\",\"@id\":\"https:\/\/fashiongold.lt\/et\/#\/schema\/logo\/image\/\",\"url\":\"https:\/\/fashiongold.lt\/wp-content\/uploads\/2025\/04\/cropped-fashion_gold_logotipas2-scaled-1.png\",\"contentUrl\":\"https:\/\/fashiongold.lt\/wp-content\/uploads\/2025\/04\/cropped-fashion_gold_logotipas2-scaled-1.png\",\"width\":2559,\"height\":421,\"caption\":\"Topdiamonds Online\"},\"image\":{\"@id\":\"https:\/\/fashiongold.lt\/et\/#\/schema\/logo\/image\/\"}}]}<\/script>\n<!-- \/ Yoast SEO plugin. -->","yoast_head_json":{"title":"Modernsete tekstuuriga abielus\u00f5rmuste valmistamise hind (6 mm)","description":"Modernse disainiga k\u00e4sit\u00f6\u00f6na valminud abielus\u00f5rmuste paar tekstuuri ja teemantidega. Mugavusprofiil. Pikaajaline kogemus. Parimad hinnad. K\u00f5rge kvaliteet.","robots":{"index":"index","follow":"follow","max-snippet":"max-snippet:-1","max-image-preview":"max-image-preview:large","max-video-preview":"max-video-preview:-1"},"canonical":"https:\/\/fashiongold.lt\/et\/papuosalas\/abielusormuste-valmistamine-6-mm-tekstureeritud-teemantidega-002-ct-paar\/","og_locale":"et_EE","og_type":"article","og_title":"Modernsete tekstuuriga abielus\u00f5rmuste valmistamise hind (6 mm)","og_description":"Modernse disainiga k\u00e4sit\u00f6\u00f6na valminud abielus\u00f5rmuste paar tekstuuri ja teemantidega. Mugavusprofiil. Pikaajaline kogemus. Parimad hinnad. K\u00f5rge kvaliteet.","og_url":"https:\/\/fashiongold.lt\/et\/papuosalas\/abielusormuste-valmistamine-6-mm-tekstureeritud-teemantidega-002-ct-paar\/","og_site_name":"FashionGold.lt","article_modified_time":"2026-02-14T05:13:55+00:00","og_image":[{"width":1000,"height":1000,"url":"https:\/\/fashiongold.lt\/wp-content\/uploads\/2025\/10\/11192-1ba-Vestuviniu-ziedu-gamyba-6-mm-balto-ir-geltono-aukso-teksturiniai-ziedai-su-deimantais.webp","type":"image\/png"}],"twitter_card":"summary_large_image","twitter_misc":{"Est. reading time":"1 minut"},"schema":{"@context":"https:\/\/schema.org","@graph":[{"@type":"WebPage","@id":"https:\/\/fashiongold.lt\/et\/papuosalas\/abielusormuste-valmistamine-6-mm-tekstureeritud-teemantidega-002-ct-paar\/","url":"https:\/\/fashiongold.lt\/et\/papuosalas\/abielusormuste-valmistamine-6-mm-tekstureeritud-teemantidega-002-ct-paar\/","name":"Modernsete tekstuuriga abielus\u00f5rmuste valmistamise hind (6 mm)","isPartOf":{"@id":"https:\/\/fashiongold.lt\/et\/#website"},"primaryImageOfPage":{"@id":"https:\/\/fashiongold.lt\/et\/papuosalas\/abielusormuste-valmistamine-6-mm-tekstureeritud-teemantidega-002-ct-paar\/#primaryimage"},"image":{"@id":"https:\/\/fashiongold.lt\/et\/papuosalas\/abielusormuste-valmistamine-6-mm-tekstureeritud-teemantidega-002-ct-paar\/#primaryimage"},"thumbnailUrl":"https:\/\/fashiongold.lt\/wp-content\/uploads\/2025\/10\/11192-1ba-Vestuviniu-ziedu-gamyba-6-mm-balto-ir-geltono-aukso-teksturiniai-ziedai-su-deimantais.png","datePublished":"2025-10-14T19:44:57+00:00","dateModified":"2026-02-14T05:13:55+00:00","description":"Modernse disainiga k\u00e4sit\u00f6\u00f6na valminud abielus\u00f5rmuste paar tekstuuri ja teemantidega. Mugavusprofiil. Pikaajaline kogemus. Parimad hinnad. K\u00f5rge kvaliteet.","breadcrumb":{"@id":"https:\/\/fashiongold.lt\/et\/papuosalas\/abielusormuste-valmistamine-6-mm-tekstureeritud-teemantidega-002-ct-paar\/#breadcrumb"},"inLanguage":"et","potentialAction":[{"@type":"ReadAction","target":["https:\/\/fashiongold.lt\/et\/papuosalas\/abielusormuste-valmistamine-6-mm-tekstureeritud-teemantidega-002-ct-paar\/"]}]},{"@type":"ImageObject","inLanguage":"et","@id":"https:\/\/fashiongold.lt\/et\/papuosalas\/abielusormuste-valmistamine-6-mm-tekstureeritud-teemantidega-002-ct-paar\/#primaryimage","url":"https:\/\/fashiongold.lt\/wp-content\/uploads\/2025\/10\/11192-1ba-Vestuviniu-ziedu-gamyba-6-mm-balto-ir-geltono-aukso-teksturiniai-ziedai-su-deimantais.png","contentUrl":"https:\/\/fashiongold.lt\/wp-content\/uploads\/2025\/10\/11192-1ba-Vestuviniu-ziedu-gamyba-6-mm-balto-ir-geltono-aukso-teksturiniai-ziedai-su-deimantais.png","width":1000,"height":1000},{"@type":"BreadcrumbList","@id":"https:\/\/fashiongold.lt\/et\/papuosalas\/abielusormuste-valmistamine-6-mm-tekstureeritud-teemantidega-002-ct-paar\/#breadcrumb","itemListElement":[{"@type":"ListItem","position":1,"name":"Home","item":"https:\/\/fashiongold.lt\/et\/"},{"@type":"ListItem","position":2,"name":"Teemantide pood Fashiongold.lt","item":"https:\/\/fashiongold.lt\/shop-2\/"},{"@type":"ListItem","position":3,"name":"Abielus\u00f5rmuste valmistamine \u2013 6 mm tekstureeritud teemantidega (0,02 ct) (paar)"}]},{"@type":"WebSite","@id":"https:\/\/fashiongold.lt\/et\/#website","url":"https:\/\/fashiongold.lt\/et\/","name":"Fashion Gold","description":"Juvelyrikos namai","publisher":{"@id":"https:\/\/fashiongold.lt\/et\/#organization"},"potentialAction":[{"@type":"SearchAction","target":{"@type":"EntryPoint","urlTemplate":"https:\/\/fashiongold.lt\/et\/?s={search_term_string}"},"query-input":{"@type":"PropertyValueSpecification","valueRequired":true,"valueName":"search_term_string"}}],"inLanguage":"et"},{"@type":"Organization","@id":"https:\/\/fashiongold.lt\/et\/#organization","name":"Topdiamonds Online","url":"https:\/\/fashiongold.lt\/et\/","logo":{"@type":"ImageObject","inLanguage":"et","@id":"https:\/\/fashiongold.lt\/et\/#\/schema\/logo\/image\/","url":"https:\/\/fashiongold.lt\/wp-content\/uploads\/2025\/04\/cropped-fashion_gold_logotipas2-scaled-1.png","contentUrl":"https:\/\/fashiongold.lt\/wp-content\/uploads\/2025\/04\/cropped-fashion_gold_logotipas2-scaled-1.png","width":2559,"height":421,"caption":"Topdiamonds Online"},"image":{"@id":"https:\/\/fashiongold.lt\/et\/#\/schema\/logo\/image\/"}}]}},"_links":{"self":[{"href":"https:\/\/fashiongold.lt\/et\/wp-json\/wp\/v2\/product\/282007","targetHints":{"allow":["GET"]}}],"collection":[{"href":"https:\/\/fashiongold.lt\/et\/wp-json\/wp\/v2\/product"}],"about":[{"href":"https:\/\/fashiongold.lt\/et\/wp-json\/wp\/v2\/types\/product"}],"version-history":[{"count":0,"href":"https:\/\/fashiongold.lt\/et\/wp-json\/wp\/v2\/product\/282007\/revisions"}],"wp:featuredmedia":[{"embeddable":true,"href":"https:\/\/fashiongold.lt\/et\/wp-json\/wp\/v2\/media\/205896"}],"wp:attachment":[{"href":"https:\/\/fashiongold.lt\/et\/wp-json\/wp\/v2\/media?parent=282007"}],"wp:term":[{"taxonomy":"product_brand","embeddable":true,"href":"https:\/\/fashiongold.lt\/et\/wp-json\/wp\/v2\/product_brand?post=282007"},{"taxonomy":"product_cat","embeddable":true,"href":"https:\/\/fashiongold.lt\/et\/wp-json\/wp\/v2\/product_cat?post=282007"},{"taxonomy":"product_tag","embeddable":true,"href":"https:\/\/fashiongold.lt\/et\/wp-json\/wp\/v2\/product_tag?post=282007"}],"curies":[{"name":"wp","href":"https:\/\/api.w.org\/{rel}","templated":true}]}}