{"id":282038,"date":"2025-10-14T19:37:29","date_gmt":"2025-10-14T19:37:29","guid":{"rendered":"https:\/\/fashiongold.lt\/papuosalas\/sormus-1-18-ct-pisarakujulise-laboris-kasvatatud-teemandiga-laboris-kasvatatud-teemantidega\/"},"modified":"2026-02-14T05:14:07","modified_gmt":"2026-02-14T05:14:07","slug":"sormus-1-18-ct-pisarakujulise-laboris-kasvatatud-teemandiga-laboris-kasvatatud-teemantidega","status":"publish","type":"product","link":"https:\/\/fashiongold.lt\/et\/papuosalas\/sormus-1-18-ct-pisarakujulise-laboris-kasvatatud-teemandiga-laboris-kasvatatud-teemantidega\/","title":{"rendered":"S\u00f5rmus 1.18 ct pisarakujulise laboris kasvatatud teemandiga (laboris kasvatatud teemantidega)"},"content":{"rendered":"<p>\u201eFashion Gold\u201d juvelyrimeistrite loodud s\u00f5rmus on erakordselt kvaliteetne, koos Leedu Proovikoja sertifikaadiga ja eriti atraktiivse hinnaga. See on ehe, mida saab p\u00e4randada p\u00f5lvkonnalt p\u00f5lvkonnale kui perekonnareliikviat, sest ei kuld ega teemandid ei kaota kunagi oma v\u00e4\u00e4rtust. Seda kulds\u00f5rmust saab tellida nii salongist kui ka internetist. Selle s\u00f5rmusega saate teha abieluettepaneku, kuid see sobib ka muudeks puhkudeks \u2013 r\u00f5\u00f5mustage armastatud naist j\u00f5ulude, valentinip\u00e4eva, s\u00fcnnip\u00e4eva v\u00f5i aastap\u00e4eva puhul. Kordumatu kaunidusega s\u00f5rmus on eksklusiivse stiili, k\u00f5rge kvaliteedi ja mugavustsooniga. S\u00f5rmust saab tellida punasest, kollasest v\u00f5i valgest kullast. <\/p>\n<p>\u2022 S\u00f5rmuse kuld: 14 K (proov 585), saame valmistada ka 10K (proov 375), 18K (proov 750) <\/p>\n<p>\u2022 S\u00f5rmuse v\u00e4rvus: valida saab valge, kollase v\u00f5i punase kulla vahel <\/p>\n<p>\u2022 S\u00f5rmuse kaal (s\u00f5ltub suurusest ja proovist): u 2,00 &#8211; 4,00 g <\/p>\n<p>\u2022 S\u00f5rmuse m\u00f5\u00f5tmed: (saab muuta) <\/p>\n<p>\u2022 S\u00f5rmuse mugavustsoon: olemas <\/p>\n<p>\u2022 Teemandi t\u00fc\u00fcp: Laboris kasvatatud teemant (Lab grown diamonds) <\/p>\n<p>\u2022 Teemandi kuju: Pisarakujuline (Pear cut) <\/p>\n<p>\u2022 Teemandi omadused: 1,18 ct (v\u00e4rvus E, puhtus VVS2, t\u00f6\u00f6tlus: lihv Ex, s\u00fcmmeetria Ex, poleerimine Ex) (saab muuta) <\/p>\n<p>\u2022 Sertifikaat: Leedu Proovikoda (LPR), lisaks IGI sertifikaat <\/p>\n<p>\u2022 Graveerimine tasuta <\/p>\n<p>\u2022 \u00dchekordne tasuta s\u00f5rmuse suuruse muutmise garantii (v\u00f5imaluse piires) <\/p>\n<p>\u2022 Valmistamis- ja tarneaeg alates 14 t\u00f6\u00f6p\u00e4evast, kiirtellimusel 3 t\u00f6\u00f6p\u00e4eva jooksul. <\/p>\n<p><strong>On teil oma kulda? V\u00f5tke \u00fchendust, arvutame hinna \u00fcmber \u2013 maksate ainult s\u00f5rmuste valmistamise eest.<\/strong><\/p>\n","protected":false},"excerpt":{"rendered":"<p>Halo-disainiga s\u00f5rmus 1,00-karaatise pirnikujulise laboris kasvatatud teemandi ja 0,18 ct \u00fcmarate laboris kasvatatud teemantidega. K\u00f5rgekvaliteediline k\u00e4sit\u00f6\u00f6, eksklusiivne disain \u2013 kaasaegne, s\u00e4rav, sobib ideaalselt teie v\u00e4ljavalitule.<\/p>\n","protected":false},"featured_media":205637,"template":"","meta":{"site-sidebar-layout":"","site-content-layout":"","ast-site-content-layout":"","site-content-style":"","site-sidebar-style":"","ast-global-header-display":"","ast-banner-title-visibility":"","ast-main-header-display":"","ast-hfb-above-header-display":"","ast-hfb-below-header-display":"","ast-hfb-mobile-header-display":"","site-post-title":"","ast-breadcrumbs-content":"","ast-featured-img":"","footer-sml-layout":"","ast-disable-related-posts":"","theme-transparent-header-meta":"","adv-header-id-meta":"","stick-header-meta":"","header-above-stick-meta":"","header-main-stick-meta":"","header-below-stick-meta":"","astra-migrate-meta-layouts":"default","ast-page-background-enabled":"default","ast-page-background-meta":{"desktop":{"background-color":"var(--ast-global-color-4)","background-image":"","background-repeat":"repeat","background-position":"center center","background-size":"auto","background-attachment":"scroll","background-type":"","background-media":"","overlay-type":"","overlay-color":"","overlay-opacity":"","overlay-gradient":""},"tablet":{"background-color":"","background-image":"","background-repeat":"repeat","background-position":"center center","background-size":"auto","background-attachment":"scroll","background-type":"","background-media":"","overlay-type":"","overlay-color":"","overlay-opacity":"","overlay-gradient":""},"mobile":{"background-color":"","background-image":"","background-repeat":"repeat","background-position":"center center","background-size":"auto","background-attachment":"scroll","background-type":"","background-media":"","overlay-type":"","overlay-color":"","overlay-opacity":"","overlay-gradient":""}},"ast-content-background-meta":{"desktop":{"background-color":"var(--ast-global-color-5)","background-image":"","background-repeat":"repeat","background-position":"center center","background-size":"auto","background-attachment":"scroll","background-type":"","background-media":"","overlay-type":"","overlay-color":"","overlay-opacity":"","overlay-gradient":""},"tablet":{"background-color":"var(--ast-global-color-5)","background-image":"","background-repeat":"repeat","background-position":"center center","background-size":"auto","background-attachment":"scroll","background-type":"","background-media":"","overlay-type":"","overlay-color":"","overlay-opacity":"","overlay-gradient":""},"mobile":{"background-color":"var(--ast-global-color-5)","background-image":"","background-repeat":"repeat","background-position":"center center","background-size":"auto","background-attachment":"scroll","background-type":"","background-media":"","overlay-type":"","overlay-color":"","overlay-opacity":"","overlay-gradient":""}}},"product_brand":[],"product_cat":[3422,3558,3548,3559,3445],"product_tag":[],"class_list":{"0":"post-282038","1":"product","2":"type-product","3":"status-publish","4":"has-post-thumbnail","6":"product_cat-kihlasormused","7":"product_cat-kihlasormused-laboriteemantidega","8":"product_cat-laboriteemantidega-ehted","9":"product_cat-sormused-laboriteemantidega-kasvatatud-teemandid","10":"product_cat-top-kihlasormused","11":"desktop-align-center","12":"tablet-align-left","13":"mobile-align-left","14":"ast-product-gallery-layout-horizontal-slider","15":"ast-product-gallery-with-no-image","16":"ast-product-single-variable","17":"ast-product-tabs-layout-accordion","18":"ast-qv-on-image","20":"first","21":"instock","22":"taxable","23":"shipping-taxable","24":"purchasable","25":"product-type-variable"},"yoast_head":"<!-- This site is optimized with the Yoast SEO plugin v26.6 - https:\/\/yoast.com\/wordpress\/plugins\/seo\/ -->\n<title>S\u00f5rmus 1.18 ct pisarlihvi laborikasvatatud teemandiga I Fashiongold.lt<\/title>\n<meta name=\"description\" content=\"Halo-disainiga s\u00f5rmus 1,00-karaatise pirnikujulise laboris kasvatatud teemandi ja 0,18 ct \u00fcmmarguste laboris kasvatatud teemantidega. Ideaalne valik teie v\u00e4ljavalitule.\" \/>\n<meta name=\"robots\" content=\"index, follow, max-snippet:-1, max-image-preview:large, max-video-preview:-1\" \/>\n<link rel=\"canonical\" href=\"https:\/\/fashiongold.lt\/et\/papuosalas\/sormus-1-18-ct-pisarakujulise-laboris-kasvatatud-teemandiga-laboris-kasvatatud-teemantidega\/\" \/>\n<meta property=\"og:locale\" content=\"et_EE\" \/>\n<meta property=\"og:type\" content=\"article\" \/>\n<meta property=\"og:title\" content=\"S\u00f5rmus 1.18 ct pisarlihvi laborikasvatatud teemandiga I Fashiongold.lt\" \/>\n<meta property=\"og:description\" content=\"Halo-disainiga s\u00f5rmus 1,00-karaatise pirnikujulise laboris kasvatatud teemandi ja 0,18 ct \u00fcmmarguste laboris kasvatatud teemantidega. Ideaalne valik teie v\u00e4ljavalitule.\" \/>\n<meta property=\"og:url\" content=\"https:\/\/fashiongold.lt\/et\/papuosalas\/sormus-1-18-ct-pisarakujulise-laboris-kasvatatud-teemandiga-laboris-kasvatatud-teemantidega\/\" \/>\n<meta property=\"og:site_name\" content=\"FashionGold.lt\" \/>\n<meta property=\"article:modified_time\" content=\"2026-02-14T05:14:07+00:00\" \/>\n<meta property=\"og:image\" content=\"https:\/\/fashiongold.lt\/wp-content\/uploads\/2025\/10\/11117-144-Balto-aukso-Ziedas-su-1.18-ct-Laso-Lab-Grown-deimantais.webp\" \/>\n\t<meta property=\"og:image:width\" content=\"1000\" \/>\n\t<meta property=\"og:image:height\" content=\"1000\" \/>\n\t<meta property=\"og:image:type\" content=\"image\/png\" \/>\n<meta name=\"twitter:card\" content=\"summary_large_image\" \/>\n<meta name=\"twitter:label1\" content=\"Est. reading time\" \/>\n\t<meta name=\"twitter:data1\" content=\"1 minut\" \/>\n<script type=\"application\/ld+json\" class=\"yoast-schema-graph\">{\"@context\":\"https:\/\/schema.org\",\"@graph\":[{\"@type\":\"WebPage\",\"@id\":\"https:\/\/fashiongold.lt\/et\/papuosalas\/sormus-1-18-ct-pisarakujulise-laboris-kasvatatud-teemandiga-laboris-kasvatatud-teemantidega\/\",\"url\":\"https:\/\/fashiongold.lt\/et\/papuosalas\/sormus-1-18-ct-pisarakujulise-laboris-kasvatatud-teemandiga-laboris-kasvatatud-teemantidega\/\",\"name\":\"S\u00f5rmus 1.18 ct pisarlihvi laborikasvatatud teemandiga I Fashiongold.lt\",\"isPartOf\":{\"@id\":\"https:\/\/fashiongold.lt\/et\/#website\"},\"primaryImageOfPage\":{\"@id\":\"https:\/\/fashiongold.lt\/et\/papuosalas\/sormus-1-18-ct-pisarakujulise-laboris-kasvatatud-teemandiga-laboris-kasvatatud-teemantidega\/#primaryimage\"},\"image\":{\"@id\":\"https:\/\/fashiongold.lt\/et\/papuosalas\/sormus-1-18-ct-pisarakujulise-laboris-kasvatatud-teemandiga-laboris-kasvatatud-teemantidega\/#primaryimage\"},\"thumbnailUrl\":\"https:\/\/fashiongold.lt\/wp-content\/uploads\/2025\/10\/11117-144-Balto-aukso-Ziedas-su-1.18-ct-Laso-Lab-Grown-deimantais.png\",\"datePublished\":\"2025-10-14T19:37:29+00:00\",\"dateModified\":\"2026-02-14T05:14:07+00:00\",\"description\":\"Halo-disainiga s\u00f5rmus 1,00-karaatise pirnikujulise laboris kasvatatud teemandi ja 0,18 ct \u00fcmmarguste laboris kasvatatud teemantidega. Ideaalne valik teie v\u00e4ljavalitule.\",\"breadcrumb\":{\"@id\":\"https:\/\/fashiongold.lt\/et\/papuosalas\/sormus-1-18-ct-pisarakujulise-laboris-kasvatatud-teemandiga-laboris-kasvatatud-teemantidega\/#breadcrumb\"},\"inLanguage\":\"et\",\"potentialAction\":[{\"@type\":\"ReadAction\",\"target\":[\"https:\/\/fashiongold.lt\/et\/papuosalas\/sormus-1-18-ct-pisarakujulise-laboris-kasvatatud-teemandiga-laboris-kasvatatud-teemantidega\/\"]}]},{\"@type\":\"ImageObject\",\"inLanguage\":\"et\",\"@id\":\"https:\/\/fashiongold.lt\/et\/papuosalas\/sormus-1-18-ct-pisarakujulise-laboris-kasvatatud-teemandiga-laboris-kasvatatud-teemantidega\/#primaryimage\",\"url\":\"https:\/\/fashiongold.lt\/wp-content\/uploads\/2025\/10\/11117-144-Balto-aukso-Ziedas-su-1.18-ct-Laso-Lab-Grown-deimantais.png\",\"contentUrl\":\"https:\/\/fashiongold.lt\/wp-content\/uploads\/2025\/10\/11117-144-Balto-aukso-Ziedas-su-1.18-ct-Laso-Lab-Grown-deimantais.png\",\"width\":1000,\"height\":1000},{\"@type\":\"BreadcrumbList\",\"@id\":\"https:\/\/fashiongold.lt\/et\/papuosalas\/sormus-1-18-ct-pisarakujulise-laboris-kasvatatud-teemandiga-laboris-kasvatatud-teemantidega\/#breadcrumb\",\"itemListElement\":[{\"@type\":\"ListItem\",\"position\":1,\"name\":\"Home\",\"item\":\"https:\/\/fashiongold.lt\/et\/\"},{\"@type\":\"ListItem\",\"position\":2,\"name\":\"Teemantide pood Fashiongold.lt\",\"item\":\"https:\/\/fashiongold.lt\/shop-2\/\"},{\"@type\":\"ListItem\",\"position\":3,\"name\":\"S\u00f5rmus 1.18 ct pisarakujulise laboris kasvatatud teemandiga (laboris kasvatatud teemantidega)\"}]},{\"@type\":\"WebSite\",\"@id\":\"https:\/\/fashiongold.lt\/et\/#website\",\"url\":\"https:\/\/fashiongold.lt\/et\/\",\"name\":\"Fashion Gold\",\"description\":\"Juvelyrikos namai\",\"publisher\":{\"@id\":\"https:\/\/fashiongold.lt\/et\/#organization\"},\"potentialAction\":[{\"@type\":\"SearchAction\",\"target\":{\"@type\":\"EntryPoint\",\"urlTemplate\":\"https:\/\/fashiongold.lt\/et\/?s={search_term_string}\"},\"query-input\":{\"@type\":\"PropertyValueSpecification\",\"valueRequired\":true,\"valueName\":\"search_term_string\"}}],\"inLanguage\":\"et\"},{\"@type\":\"Organization\",\"@id\":\"https:\/\/fashiongold.lt\/et\/#organization\",\"name\":\"Topdiamonds Online\",\"url\":\"https:\/\/fashiongold.lt\/et\/\",\"logo\":{\"@type\":\"ImageObject\",\"inLanguage\":\"et\",\"@id\":\"https:\/\/fashiongold.lt\/et\/#\/schema\/logo\/image\/\",\"url\":\"https:\/\/fashiongold.lt\/wp-content\/uploads\/2025\/04\/cropped-fashion_gold_logotipas2-scaled-1.png\",\"contentUrl\":\"https:\/\/fashiongold.lt\/wp-content\/uploads\/2025\/04\/cropped-fashion_gold_logotipas2-scaled-1.png\",\"width\":2559,\"height\":421,\"caption\":\"Topdiamonds Online\"},\"image\":{\"@id\":\"https:\/\/fashiongold.lt\/et\/#\/schema\/logo\/image\/\"}}]}<\/script>\n<!-- \/ Yoast SEO plugin. -->","yoast_head_json":{"title":"S\u00f5rmus 1.18 ct pisarlihvi laborikasvatatud teemandiga I Fashiongold.lt","description":"Halo-disainiga s\u00f5rmus 1,00-karaatise pirnikujulise laboris kasvatatud teemandi ja 0,18 ct \u00fcmmarguste laboris kasvatatud teemantidega. Ideaalne valik teie v\u00e4ljavalitule.","robots":{"index":"index","follow":"follow","max-snippet":"max-snippet:-1","max-image-preview":"max-image-preview:large","max-video-preview":"max-video-preview:-1"},"canonical":"https:\/\/fashiongold.lt\/et\/papuosalas\/sormus-1-18-ct-pisarakujulise-laboris-kasvatatud-teemandiga-laboris-kasvatatud-teemantidega\/","og_locale":"et_EE","og_type":"article","og_title":"S\u00f5rmus 1.18 ct pisarlihvi laborikasvatatud teemandiga I Fashiongold.lt","og_description":"Halo-disainiga s\u00f5rmus 1,00-karaatise pirnikujulise laboris kasvatatud teemandi ja 0,18 ct \u00fcmmarguste laboris kasvatatud teemantidega. Ideaalne valik teie v\u00e4ljavalitule.","og_url":"https:\/\/fashiongold.lt\/et\/papuosalas\/sormus-1-18-ct-pisarakujulise-laboris-kasvatatud-teemandiga-laboris-kasvatatud-teemantidega\/","og_site_name":"FashionGold.lt","article_modified_time":"2026-02-14T05:14:07+00:00","og_image":[{"width":1000,"height":1000,"url":"https:\/\/fashiongold.lt\/wp-content\/uploads\/2025\/10\/11117-144-Balto-aukso-Ziedas-su-1.18-ct-Laso-Lab-Grown-deimantais.webp","type":"image\/png"}],"twitter_card":"summary_large_image","twitter_misc":{"Est. reading time":"1 minut"},"schema":{"@context":"https:\/\/schema.org","@graph":[{"@type":"WebPage","@id":"https:\/\/fashiongold.lt\/et\/papuosalas\/sormus-1-18-ct-pisarakujulise-laboris-kasvatatud-teemandiga-laboris-kasvatatud-teemantidega\/","url":"https:\/\/fashiongold.lt\/et\/papuosalas\/sormus-1-18-ct-pisarakujulise-laboris-kasvatatud-teemandiga-laboris-kasvatatud-teemantidega\/","name":"S\u00f5rmus 1.18 ct pisarlihvi laborikasvatatud teemandiga I Fashiongold.lt","isPartOf":{"@id":"https:\/\/fashiongold.lt\/et\/#website"},"primaryImageOfPage":{"@id":"https:\/\/fashiongold.lt\/et\/papuosalas\/sormus-1-18-ct-pisarakujulise-laboris-kasvatatud-teemandiga-laboris-kasvatatud-teemantidega\/#primaryimage"},"image":{"@id":"https:\/\/fashiongold.lt\/et\/papuosalas\/sormus-1-18-ct-pisarakujulise-laboris-kasvatatud-teemandiga-laboris-kasvatatud-teemantidega\/#primaryimage"},"thumbnailUrl":"https:\/\/fashiongold.lt\/wp-content\/uploads\/2025\/10\/11117-144-Balto-aukso-Ziedas-su-1.18-ct-Laso-Lab-Grown-deimantais.png","datePublished":"2025-10-14T19:37:29+00:00","dateModified":"2026-02-14T05:14:07+00:00","description":"Halo-disainiga s\u00f5rmus 1,00-karaatise pirnikujulise laboris kasvatatud teemandi ja 0,18 ct \u00fcmmarguste laboris kasvatatud teemantidega. Ideaalne valik teie v\u00e4ljavalitule.","breadcrumb":{"@id":"https:\/\/fashiongold.lt\/et\/papuosalas\/sormus-1-18-ct-pisarakujulise-laboris-kasvatatud-teemandiga-laboris-kasvatatud-teemantidega\/#breadcrumb"},"inLanguage":"et","potentialAction":[{"@type":"ReadAction","target":["https:\/\/fashiongold.lt\/et\/papuosalas\/sormus-1-18-ct-pisarakujulise-laboris-kasvatatud-teemandiga-laboris-kasvatatud-teemantidega\/"]}]},{"@type":"ImageObject","inLanguage":"et","@id":"https:\/\/fashiongold.lt\/et\/papuosalas\/sormus-1-18-ct-pisarakujulise-laboris-kasvatatud-teemandiga-laboris-kasvatatud-teemantidega\/#primaryimage","url":"https:\/\/fashiongold.lt\/wp-content\/uploads\/2025\/10\/11117-144-Balto-aukso-Ziedas-su-1.18-ct-Laso-Lab-Grown-deimantais.png","contentUrl":"https:\/\/fashiongold.lt\/wp-content\/uploads\/2025\/10\/11117-144-Balto-aukso-Ziedas-su-1.18-ct-Laso-Lab-Grown-deimantais.png","width":1000,"height":1000},{"@type":"BreadcrumbList","@id":"https:\/\/fashiongold.lt\/et\/papuosalas\/sormus-1-18-ct-pisarakujulise-laboris-kasvatatud-teemandiga-laboris-kasvatatud-teemantidega\/#breadcrumb","itemListElement":[{"@type":"ListItem","position":1,"name":"Home","item":"https:\/\/fashiongold.lt\/et\/"},{"@type":"ListItem","position":2,"name":"Teemantide pood Fashiongold.lt","item":"https:\/\/fashiongold.lt\/shop-2\/"},{"@type":"ListItem","position":3,"name":"S\u00f5rmus 1.18 ct pisarakujulise laboris kasvatatud teemandiga (laboris kasvatatud teemantidega)"}]},{"@type":"WebSite","@id":"https:\/\/fashiongold.lt\/et\/#website","url":"https:\/\/fashiongold.lt\/et\/","name":"Fashion Gold","description":"Juvelyrikos namai","publisher":{"@id":"https:\/\/fashiongold.lt\/et\/#organization"},"potentialAction":[{"@type":"SearchAction","target":{"@type":"EntryPoint","urlTemplate":"https:\/\/fashiongold.lt\/et\/?s={search_term_string}"},"query-input":{"@type":"PropertyValueSpecification","valueRequired":true,"valueName":"search_term_string"}}],"inLanguage":"et"},{"@type":"Organization","@id":"https:\/\/fashiongold.lt\/et\/#organization","name":"Topdiamonds Online","url":"https:\/\/fashiongold.lt\/et\/","logo":{"@type":"ImageObject","inLanguage":"et","@id":"https:\/\/fashiongold.lt\/et\/#\/schema\/logo\/image\/","url":"https:\/\/fashiongold.lt\/wp-content\/uploads\/2025\/04\/cropped-fashion_gold_logotipas2-scaled-1.png","contentUrl":"https:\/\/fashiongold.lt\/wp-content\/uploads\/2025\/04\/cropped-fashion_gold_logotipas2-scaled-1.png","width":2559,"height":421,"caption":"Topdiamonds Online"},"image":{"@id":"https:\/\/fashiongold.lt\/et\/#\/schema\/logo\/image\/"}}]}},"_links":{"self":[{"href":"https:\/\/fashiongold.lt\/et\/wp-json\/wp\/v2\/product\/282038","targetHints":{"allow":["GET"]}}],"collection":[{"href":"https:\/\/fashiongold.lt\/et\/wp-json\/wp\/v2\/product"}],"about":[{"href":"https:\/\/fashiongold.lt\/et\/wp-json\/wp\/v2\/types\/product"}],"version-history":[{"count":0,"href":"https:\/\/fashiongold.lt\/et\/wp-json\/wp\/v2\/product\/282038\/revisions"}],"wp:featuredmedia":[{"embeddable":true,"href":"https:\/\/fashiongold.lt\/et\/wp-json\/wp\/v2\/media\/205637"}],"wp:attachment":[{"href":"https:\/\/fashiongold.lt\/et\/wp-json\/wp\/v2\/media?parent=282038"}],"wp:term":[{"taxonomy":"product_brand","embeddable":true,"href":"https:\/\/fashiongold.lt\/et\/wp-json\/wp\/v2\/product_brand?post=282038"},{"taxonomy":"product_cat","embeddable":true,"href":"https:\/\/fashiongold.lt\/et\/wp-json\/wp\/v2\/product_cat?post=282038"},{"taxonomy":"product_tag","embeddable":true,"href":"https:\/\/fashiongold.lt\/et\/wp-json\/wp\/v2\/product_tag?post=282038"}],"curies":[{"name":"wp","href":"https:\/\/api.w.org\/{rel}","templated":true}]}}