{"id":282232,"date":"2025-10-14T18:43:11","date_gmt":"2025-10-14T18:43:11","guid":{"rendered":"https:\/\/fashiongold.lt\/papuosalas\/sormus-134-ct-cushion-lihviga-laboris-kasvatatud-teemantidega-kasvatatud-teemantidega\/"},"modified":"2025-10-14T18:43:11","modified_gmt":"2025-10-14T18:43:11","slug":"sormus-134-ct-cushion-lihviga-laboris-kasvatatud-teemantidega-kasvatatud-teemantidega","status":"publish","type":"product","link":"https:\/\/fashiongold.lt\/et\/papuosalas\/sormus-134-ct-cushion-lihviga-laboris-kasvatatud-teemantidega-kasvatatud-teemantidega\/","title":{"rendered":"S\u00f5rmus 1,34 ct Cushion-lihviga laboris kasvatatud teemantidega (kasvatatud teemantidega)"},"content":{"rendered":"<p>\u201eFashion Gold\u201d juvelyrikos meistr\u0173 sukurtas \u017eiedas yra itin auk\u0161tos kokyb\u0117s, su Lietuvos prabavimo r\u016bm\u0173 sertifikatas u\u017e itin patraukli\u0105 kain\u0105. Tai papuo\u0161alas, kur\u012f galima perduoti i\u0161 kartos \u012f kart\u0105, kaip \u0161eimos relikvij\u0105, nes nei auksas, nei deimantai, niekad nepraranda vert\u0117s. \u0160is auksinis \u017eiedas gali b\u016bti u\u017esakomas tiek salone, tiek internetu. Su \u0161iuo \u017eiedu galite pasipir\u0161ti, bet jis tinka ir kitomis progomis &#8211; nud\u017eiuginkite mylim\u0105 moter\u012f per Kal\u0117das, Valentino dien\u0105, gimtadien\u012f ar metini\u0173 progomis.\u00a0 Nepakartojamo gro\u017eio \u017eiedas i\u0161skirtinio stiliaus, auk\u0161tos kokyb\u0117s, su komforto zona. \u017diedas gali b\u016bti pagamintas pagal u\u017esakym\u0105: raudono, geltono bei balto aukso.\u00a0<\/p>\n<p>\u2022 \u017diedo auksas: 14 K (585 prabos), galime pagaminti i\u0161 10K (375 prabos), 18K (750 prabos)\u00a0 \u00a0 \u00a0 \u00a0 \u00a0<\/p>\n<p>\u2022 \u017diedo spalva: galima pasirinkti baltas, geltonas, raudonas auksas\u00a0<\/p>\n<p>\u2022 \u017diedo svoris (prilauso nuo dyd\u017eio ir prabos): apie 2,00 &#8211; 3,00 g\u00a0 \u00a0 \u00a0 \u00a0 \u00a0 \u00a0<\/p>\n<p>\u2022 \u017diedo matmenis: karun\u0117l\u0117s plotis apie 6.0-6.5 mm (galima keisti)\u00a0 \u00a0 \u00a0 \u00a0<\/p>\n<p>\u2022 \u017diedo komforto zona: yra\u00a0 \u00a0 \u00a0<\/p>\n<p>\u2022 Deimanto tipas: U\u017eaugintas deimantas (Lab grown diamonds)\u00a0 \u00a0 \u00a0 \u00a0<\/p>\n<p>\u2022 Deimanto forma: Assher formos\u00a0 (Asscher cut)\u00a0 \u00a0 \u00a0 \u00a0<\/p>\n<p>\u2022 Deimanto charakteristika: 1,00 ct centrinis akmuo, ir 0,34 ct \u0161onniai (spalva E, \u0161varumas VVS2, apdirbimas: i\u0161pjovimas Ex, simetrija Ex, poliravimas Ex) (galima keisti)\u00a0 \u00a0 \u00a0 \u00a0<\/p>\n<p>\u2022 Sertifikatas: Lietuvos Prabavimo R\u016bmai (LPR), papildomai IGI sertifikatas\u00a0 \u00a0 \u00a0 \u00a0 \u00a0<\/p>\n<p>\u2022 Graviravimas nemokamai\u00a0 \u00a0<\/p>\n<p>\u2022 Vienkartin\u0117 nemokama \u017eiedo dyd\u017eio keitimo garantija (pagal galimyb\u0117s)\u00a0 \u00a0<\/p>\n<p>\u2022 Gamybos ir pristatymo terminas nuo 14 darbo dien\u0173, skubos tvark\u0105 per 3 d.d.\u00a0 \u00a0<\/p>\n<p><strong>Turite savo aukso? Susisiekite, perskai\u010diuosime kain\u0105 &#8211; mok\u0117site tik u\u017e \u017eied\u0173 gamyb\u0105.<\/strong><\/p>\n<p>***<\/p>\n<p>\u201eFashion Gold\u201c kullassepameistrite loodud s\u00f5rmus on erakordselt k\u00f5rge kvaliteediga, koos Leedu proovikoja sertifikaadiga ja eriti atraktiivse hinnaga. See on ehe, mida saab p\u00e4randada p\u00f5lvest p\u00f5lve kui perekonnareliikviat, sest ei kuld ega teemandid ei kaota kunagi v\u00e4\u00e4rtust. Seda kulds\u00f5rmust saab tellida nii salongist kui ka internetist. Selle s\u00f5rmusega saate teha abieluettepaneku, kuid see sobib ka muudeks puhkudeks \u2013 r\u00f5\u00f5mustage armastatud naist j\u00f5ulude, valentinip\u00e4eva, s\u00fcnnip\u00e4eva v\u00f5i aastap\u00e4eva puhul. Kordumatu iluga, eksklusiivse stiili, k\u00f5rge kvaliteedi ja mugavustsooniga (comfort fit) s\u00f5rmus. S\u00f5rmust saab valmistada tellimust\u00f6\u00f6na: punasest, kollasest v\u00f5i valgest kullast.<\/p>\n<p>\u2022 S\u00f5rmuse kuld: 14 K (proov 585), saame valmistada ka 10K (proov 375) v\u00f5i 18K (proov 750) kullast<\/p>\n<p>\u2022 S\u00f5rmuse v\u00e4rv: valida saab valge, kollase v\u00f5i punase kulla vahel<\/p>\n<p>\u2022 S\u00f5rmuse kaal (s\u00f5ltub suurusest ja proovist): umbes 2,00 &#8211; 3,00 g<\/p>\n<p>\u2022 S\u00f5rmuse m\u00f5\u00f5tmed: krooni laius umbes 6,0-6,5 mm (muudetav)<\/p>\n<p>\u2022 S\u00f5rmuse mugavustsoon (comfort fit): olemas<\/p>\n<p>\u2022 Teemandi t\u00fc\u00fcp: laboris kasvatatud teemant (Lab grown diamonds)<\/p>\n<p>\u2022 Teemandi kuju: Asscheri lihv (Asscher cut)<\/p>\n<p>\u2022 Teemandi omadused: 1,00 ct keskmine kivi ja 0,34 ct k\u00fclgkivid (v\u00e4rvus E, puhtus VVS2, lihv: cut Ex, s\u00fcmmeetria Ex, poleerimine Ex) (muudetav)<\/p>\n<p>\u2022 Sertifikaat: Leedu Proovikoda (LPR), lisaks IGI sertifikaat<\/p>\n<p>\u2022 Graveerimine on tasuta<\/p>\n<p>\u2022 \u00dchekordne tasuta s\u00f5rmuse suuruse muutmise garantii (vastavalt v\u00f5imalusele)<\/p>\n<p>\u2022 Valmistamis- ja tarneaeg alates 14 t\u00f6\u00f6p\u00e4evast, kiirtellimusel 3 t\u00f6\u00f6p\u00e4eva jooksul<\/p>\n<p><strong>On teil oma kulda? V\u00f5tke \u00fchendust, arvutame hinna \u00fcmber \u2013 maksate vaid s\u00f5rmuse valmistamise eest.<\/strong><\/p>\n","protected":false},"excerpt":{"rendered":"<p>Modernse disainiga s\u00f5rmus 1,34-karaidiste Cushion-lihviga teemantidega. Kvaliteetne k\u00e4sit\u00f6\u00f6, erakordne disain \u2013 modernne, s\u00e4rav ja sobib ideaalselt teie v\u00e4ljavalitule.<\/p>\n","protected":false},"featured_media":0,"template":"","meta":{"site-sidebar-layout":"","site-content-layout":"","ast-site-content-layout":"","site-content-style":"","site-sidebar-style":"","ast-global-header-display":"","ast-banner-title-visibility":"","ast-main-header-display":"","ast-hfb-above-header-display":"","ast-hfb-below-header-display":"","ast-hfb-mobile-header-display":"","site-post-title":"","ast-breadcrumbs-content":"","ast-featured-img":"","footer-sml-layout":"","ast-disable-related-posts":"","theme-transparent-header-meta":"","adv-header-id-meta":"","stick-header-meta":"","header-above-stick-meta":"","header-main-stick-meta":"","header-below-stick-meta":"","astra-migrate-meta-layouts":"default","ast-page-background-enabled":"default","ast-page-background-meta":{"desktop":{"background-color":"var(--ast-global-color-4)","background-image":"","background-repeat":"repeat","background-position":"center center","background-size":"auto","background-attachment":"scroll","background-type":"","background-media":"","overlay-type":"","overlay-color":"","overlay-opacity":"","overlay-gradient":""},"tablet":{"background-color":"","background-image":"","background-repeat":"repeat","background-position":"center center","background-size":"auto","background-attachment":"scroll","background-type":"","background-media":"","overlay-type":"","overlay-color":"","overlay-opacity":"","overlay-gradient":""},"mobile":{"background-color":"","background-image":"","background-repeat":"repeat","background-position":"center center","background-size":"auto","background-attachment":"scroll","background-type":"","background-media":"","overlay-type":"","overlay-color":"","overlay-opacity":"","overlay-gradient":""}},"ast-content-background-meta":{"desktop":{"background-color":"var(--ast-global-color-5)","background-image":"","background-repeat":"repeat","background-position":"center center","background-size":"auto","background-attachment":"scroll","background-type":"","background-media":"","overlay-type":"","overlay-color":"","overlay-opacity":"","overlay-gradient":""},"tablet":{"background-color":"var(--ast-global-color-5)","background-image":"","background-repeat":"repeat","background-position":"center center","background-size":"auto","background-attachment":"scroll","background-type":"","background-media":"","overlay-type":"","overlay-color":"","overlay-opacity":"","overlay-gradient":""},"mobile":{"background-color":"var(--ast-global-color-5)","background-image":"","background-repeat":"repeat","background-position":"center center","background-size":"auto","background-attachment":"scroll","background-type":"","background-media":"","overlay-type":"","overlay-color":"","overlay-opacity":"","overlay-gradient":""}}},"product_brand":[],"product_cat":[3422,3558,3548,3559,3445],"product_tag":[],"class_list":{"0":"post-282232","1":"product","2":"type-product","3":"status-publish","5":"product_cat-kihlasormused","6":"product_cat-kihlasormused-laboriteemantidega","7":"product_cat-laboriteemantidega-ehted","8":"product_cat-sormused-laboriteemantidega-kasvatatud-teemandid","9":"product_cat-top-kihlasormused","10":"desktop-align-center","11":"tablet-align-left","12":"mobile-align-left","13":"ast-product-gallery-layout-horizontal-slider","14":"ast-product-gallery-with-no-image","15":"ast-product-single-variable","16":"ast-product-tabs-layout-accordion","17":"ast-qv-on-image","19":"first","20":"instock","21":"taxable","22":"shipping-taxable","23":"purchasable","24":"product-type-variable"},"yoast_head":"<!-- This site is optimized with the Yoast SEO plugin v26.6 - https:\/\/yoast.com\/wordpress\/plugins\/seo\/ -->\n<title>S\u00f5rmus 1,34 ct Cushion laboris kasvatatud teemantidega I Fashiongold.lt<\/title>\n<meta name=\"description\" content=\"Moodsa disainiga s\u00f5rmus 1,34-karaidiste Cushion-lihviga laboris kasvatatud teemantidega. K\u00f5rge kvaliteediga k\u00e4sit\u00f6\u00f6, mis sobib ideaalselt teie v\u00e4ljavalitule. Tasuta tarne.\" \/>\n<meta name=\"robots\" content=\"index, follow, max-snippet:-1, max-image-preview:large, max-video-preview:-1\" \/>\n<link rel=\"canonical\" href=\"https:\/\/fashiongold.lt\/et\/papuosalas\/sormus-134-ct-cushion-lihviga-laboris-kasvatatud-teemantidega-kasvatatud-teemantidega\/\" \/>\n<meta property=\"og:locale\" content=\"et_EE\" \/>\n<meta property=\"og:type\" content=\"article\" \/>\n<meta property=\"og:title\" content=\"S\u00f5rmus 1,34 ct Cushion laboris kasvatatud teemantidega I Fashiongold.lt\" \/>\n<meta property=\"og:description\" content=\"Moodsa disainiga s\u00f5rmus 1,34-karaidiste Cushion-lihviga laboris kasvatatud teemantidega. K\u00f5rge kvaliteediga k\u00e4sit\u00f6\u00f6, mis sobib ideaalselt teie v\u00e4ljavalitule. Tasuta tarne.\" \/>\n<meta property=\"og:url\" content=\"https:\/\/fashiongold.lt\/et\/papuosalas\/sormus-134-ct-cushion-lihviga-laboris-kasvatatud-teemantidega-kasvatatud-teemantidega\/\" \/>\n<meta property=\"og:site_name\" content=\"FashionGold.lt\" \/>\n<meta name=\"twitter:card\" content=\"summary_large_image\" \/>\n<meta name=\"twitter:label1\" content=\"Est. reading time\" \/>\n\t<meta name=\"twitter:data1\" content=\"2 minutit\" \/>\n<script type=\"application\/ld+json\" class=\"yoast-schema-graph\">{\"@context\":\"https:\/\/schema.org\",\"@graph\":[{\"@type\":\"WebPage\",\"@id\":\"https:\/\/fashiongold.lt\/et\/papuosalas\/sormus-134-ct-cushion-lihviga-laboris-kasvatatud-teemantidega-kasvatatud-teemantidega\/\",\"url\":\"https:\/\/fashiongold.lt\/et\/papuosalas\/sormus-134-ct-cushion-lihviga-laboris-kasvatatud-teemantidega-kasvatatud-teemantidega\/\",\"name\":\"S\u00f5rmus 1,34 ct Cushion laboris kasvatatud teemantidega I Fashiongold.lt\",\"isPartOf\":{\"@id\":\"https:\/\/fashiongold.lt\/et\/#website\"},\"datePublished\":\"2025-10-14T18:43:11+00:00\",\"description\":\"Moodsa disainiga s\u00f5rmus 1,34-karaidiste Cushion-lihviga laboris kasvatatud teemantidega. K\u00f5rge kvaliteediga k\u00e4sit\u00f6\u00f6, mis sobib ideaalselt teie v\u00e4ljavalitule. Tasuta tarne.\",\"breadcrumb\":{\"@id\":\"https:\/\/fashiongold.lt\/et\/papuosalas\/sormus-134-ct-cushion-lihviga-laboris-kasvatatud-teemantidega-kasvatatud-teemantidega\/#breadcrumb\"},\"inLanguage\":\"et\",\"potentialAction\":[{\"@type\":\"ReadAction\",\"target\":[\"https:\/\/fashiongold.lt\/et\/papuosalas\/sormus-134-ct-cushion-lihviga-laboris-kasvatatud-teemantidega-kasvatatud-teemantidega\/\"]}]},{\"@type\":\"BreadcrumbList\",\"@id\":\"https:\/\/fashiongold.lt\/et\/papuosalas\/sormus-134-ct-cushion-lihviga-laboris-kasvatatud-teemantidega-kasvatatud-teemantidega\/#breadcrumb\",\"itemListElement\":[{\"@type\":\"ListItem\",\"position\":1,\"name\":\"Home\",\"item\":\"https:\/\/fashiongold.lt\/et\/\"},{\"@type\":\"ListItem\",\"position\":2,\"name\":\"Teemantide pood Fashiongold.lt\",\"item\":\"https:\/\/fashiongold.lt\/shop-2\/\"},{\"@type\":\"ListItem\",\"position\":3,\"name\":\"S\u00f5rmus 1,34 ct Cushion-lihviga laboris kasvatatud teemantidega (kasvatatud teemantidega)\"}]},{\"@type\":\"WebSite\",\"@id\":\"https:\/\/fashiongold.lt\/et\/#website\",\"url\":\"https:\/\/fashiongold.lt\/et\/\",\"name\":\"Fashion Gold\",\"description\":\"Juvelyrikos namai\",\"publisher\":{\"@id\":\"https:\/\/fashiongold.lt\/et\/#organization\"},\"potentialAction\":[{\"@type\":\"SearchAction\",\"target\":{\"@type\":\"EntryPoint\",\"urlTemplate\":\"https:\/\/fashiongold.lt\/et\/?s={search_term_string}\"},\"query-input\":{\"@type\":\"PropertyValueSpecification\",\"valueRequired\":true,\"valueName\":\"search_term_string\"}}],\"inLanguage\":\"et\"},{\"@type\":\"Organization\",\"@id\":\"https:\/\/fashiongold.lt\/et\/#organization\",\"name\":\"Topdiamonds Online\",\"url\":\"https:\/\/fashiongold.lt\/et\/\",\"logo\":{\"@type\":\"ImageObject\",\"inLanguage\":\"et\",\"@id\":\"https:\/\/fashiongold.lt\/et\/#\/schema\/logo\/image\/\",\"url\":\"https:\/\/fashiongold.lt\/wp-content\/uploads\/2025\/04\/cropped-fashion_gold_logotipas2-scaled-1.png\",\"contentUrl\":\"https:\/\/fashiongold.lt\/wp-content\/uploads\/2025\/04\/cropped-fashion_gold_logotipas2-scaled-1.png\",\"width\":2559,\"height\":421,\"caption\":\"Topdiamonds Online\"},\"image\":{\"@id\":\"https:\/\/fashiongold.lt\/et\/#\/schema\/logo\/image\/\"}}]}<\/script>\n<!-- \/ Yoast SEO plugin. -->","yoast_head_json":{"title":"S\u00f5rmus 1,34 ct Cushion laboris kasvatatud teemantidega I Fashiongold.lt","description":"Moodsa disainiga s\u00f5rmus 1,34-karaidiste Cushion-lihviga laboris kasvatatud teemantidega. K\u00f5rge kvaliteediga k\u00e4sit\u00f6\u00f6, mis sobib ideaalselt teie v\u00e4ljavalitule. Tasuta tarne.","robots":{"index":"index","follow":"follow","max-snippet":"max-snippet:-1","max-image-preview":"max-image-preview:large","max-video-preview":"max-video-preview:-1"},"canonical":"https:\/\/fashiongold.lt\/et\/papuosalas\/sormus-134-ct-cushion-lihviga-laboris-kasvatatud-teemantidega-kasvatatud-teemantidega\/","og_locale":"et_EE","og_type":"article","og_title":"S\u00f5rmus 1,34 ct Cushion laboris kasvatatud teemantidega I Fashiongold.lt","og_description":"Moodsa disainiga s\u00f5rmus 1,34-karaidiste Cushion-lihviga laboris kasvatatud teemantidega. K\u00f5rge kvaliteediga k\u00e4sit\u00f6\u00f6, mis sobib ideaalselt teie v\u00e4ljavalitule. Tasuta tarne.","og_url":"https:\/\/fashiongold.lt\/et\/papuosalas\/sormus-134-ct-cushion-lihviga-laboris-kasvatatud-teemantidega-kasvatatud-teemantidega\/","og_site_name":"FashionGold.lt","twitter_card":"summary_large_image","twitter_misc":{"Est. reading time":"2 minutit"},"schema":{"@context":"https:\/\/schema.org","@graph":[{"@type":"WebPage","@id":"https:\/\/fashiongold.lt\/et\/papuosalas\/sormus-134-ct-cushion-lihviga-laboris-kasvatatud-teemantidega-kasvatatud-teemantidega\/","url":"https:\/\/fashiongold.lt\/et\/papuosalas\/sormus-134-ct-cushion-lihviga-laboris-kasvatatud-teemantidega-kasvatatud-teemantidega\/","name":"S\u00f5rmus 1,34 ct Cushion laboris kasvatatud teemantidega I Fashiongold.lt","isPartOf":{"@id":"https:\/\/fashiongold.lt\/et\/#website"},"datePublished":"2025-10-14T18:43:11+00:00","description":"Moodsa disainiga s\u00f5rmus 1,34-karaidiste Cushion-lihviga laboris kasvatatud teemantidega. K\u00f5rge kvaliteediga k\u00e4sit\u00f6\u00f6, mis sobib ideaalselt teie v\u00e4ljavalitule. Tasuta tarne.","breadcrumb":{"@id":"https:\/\/fashiongold.lt\/et\/papuosalas\/sormus-134-ct-cushion-lihviga-laboris-kasvatatud-teemantidega-kasvatatud-teemantidega\/#breadcrumb"},"inLanguage":"et","potentialAction":[{"@type":"ReadAction","target":["https:\/\/fashiongold.lt\/et\/papuosalas\/sormus-134-ct-cushion-lihviga-laboris-kasvatatud-teemantidega-kasvatatud-teemantidega\/"]}]},{"@type":"BreadcrumbList","@id":"https:\/\/fashiongold.lt\/et\/papuosalas\/sormus-134-ct-cushion-lihviga-laboris-kasvatatud-teemantidega-kasvatatud-teemantidega\/#breadcrumb","itemListElement":[{"@type":"ListItem","position":1,"name":"Home","item":"https:\/\/fashiongold.lt\/et\/"},{"@type":"ListItem","position":2,"name":"Teemantide pood Fashiongold.lt","item":"https:\/\/fashiongold.lt\/shop-2\/"},{"@type":"ListItem","position":3,"name":"S\u00f5rmus 1,34 ct Cushion-lihviga laboris kasvatatud teemantidega (kasvatatud teemantidega)"}]},{"@type":"WebSite","@id":"https:\/\/fashiongold.lt\/et\/#website","url":"https:\/\/fashiongold.lt\/et\/","name":"Fashion Gold","description":"Juvelyrikos namai","publisher":{"@id":"https:\/\/fashiongold.lt\/et\/#organization"},"potentialAction":[{"@type":"SearchAction","target":{"@type":"EntryPoint","urlTemplate":"https:\/\/fashiongold.lt\/et\/?s={search_term_string}"},"query-input":{"@type":"PropertyValueSpecification","valueRequired":true,"valueName":"search_term_string"}}],"inLanguage":"et"},{"@type":"Organization","@id":"https:\/\/fashiongold.lt\/et\/#organization","name":"Topdiamonds Online","url":"https:\/\/fashiongold.lt\/et\/","logo":{"@type":"ImageObject","inLanguage":"et","@id":"https:\/\/fashiongold.lt\/et\/#\/schema\/logo\/image\/","url":"https:\/\/fashiongold.lt\/wp-content\/uploads\/2025\/04\/cropped-fashion_gold_logotipas2-scaled-1.png","contentUrl":"https:\/\/fashiongold.lt\/wp-content\/uploads\/2025\/04\/cropped-fashion_gold_logotipas2-scaled-1.png","width":2559,"height":421,"caption":"Topdiamonds Online"},"image":{"@id":"https:\/\/fashiongold.lt\/et\/#\/schema\/logo\/image\/"}}]}},"_links":{"self":[{"href":"https:\/\/fashiongold.lt\/et\/wp-json\/wp\/v2\/product\/282232","targetHints":{"allow":["GET"]}}],"collection":[{"href":"https:\/\/fashiongold.lt\/et\/wp-json\/wp\/v2\/product"}],"about":[{"href":"https:\/\/fashiongold.lt\/et\/wp-json\/wp\/v2\/types\/product"}],"version-history":[{"count":0,"href":"https:\/\/fashiongold.lt\/et\/wp-json\/wp\/v2\/product\/282232\/revisions"}],"wp:attachment":[{"href":"https:\/\/fashiongold.lt\/et\/wp-json\/wp\/v2\/media?parent=282232"}],"wp:term":[{"taxonomy":"product_brand","embeddable":true,"href":"https:\/\/fashiongold.lt\/et\/wp-json\/wp\/v2\/product_brand?post=282232"},{"taxonomy":"product_cat","embeddable":true,"href":"https:\/\/fashiongold.lt\/et\/wp-json\/wp\/v2\/product_cat?post=282232"},{"taxonomy":"product_tag","embeddable":true,"href":"https:\/\/fashiongold.lt\/et\/wp-json\/wp\/v2\/product_tag?post=282232"}],"curies":[{"name":"wp","href":"https:\/\/api.w.org\/{rel}","templated":true}]}}