{"id":282242,"date":"2025-10-14T18:37:26","date_gmt":"2025-10-14T18:37:26","guid":{"rendered":"https:\/\/fashiongold.lt\/papuosalas\/6-40-ct-kullast-sormus-laboris-kasvatatud-cushion-teemantidega\/"},"modified":"2025-10-14T18:37:26","modified_gmt":"2025-10-14T18:37:26","slug":"6-40-ct-kullast-sormus-laboris-kasvatatud-cushion-teemantidega","status":"publish","type":"product","link":"https:\/\/fashiongold.lt\/et\/papuosalas\/6-40-ct-kullast-sormus-laboris-kasvatatud-cushion-teemantidega\/","title":{"rendered":"6.40 ct kullast s\u00f5rmus laboris kasvatatud Cushion-teemantidega"},"content":{"rendered":"<p>Kordumatu iluga s\u00f5rmus, erakordse stiiliga, k\u00f5rge kvaliteediga, mugavustsooniga. S\u00f5rmust saab valmistada tellimust\u00f6\u00f6na: punasest, kollasest ja valgest kullast.<\/p>\n<p>\u2022 S\u00f5rmuse kuld: 14 K (proov 585), saame valmistada 10K (proov 375), 18K (proov 750) kullast<\/p>\n<p>\u2022 S\u00f5rmuse v\u00e4rvus: valida saab valge, kollase ja punase kulla vahel<\/p>\n<p>\u2022 S\u00f5rmuse kaal (s\u00f5ltub suurusest ja proovist): u 5,00\u20137,00 g<\/p>\n<p>\u2022 S\u00f5rmuse m\u00f5\u00f5tmed: laius u 5,20 mm (saab muuta)<\/p>\n<p>\u2022 S\u00f5rmuse mugavustsoon: olemas<\/p>\n<p>\u2022 Teemandi t\u00fc\u00fcp: Lab diamond (laboris kasvatatud teemant)<\/p>\n<p>\u2022 Teemandi kuju: Cushion-kujuline (Cushion cut)<\/p>\n<p>\u2022 Teemandi kirjeldus: 6,40 ct (16 tk x 0,40 ct) (v\u00e4rvus D-F, puhtus VVS-VS) (saab muuta)<\/p>\n<p>\u2022 Sertifikaat: Leedu Proovikoda (LPR)<\/p>\n<p>\u2022 Graveerimine tasuta<\/p>\n<p>\u2022 \u00dchekordne tasuta s\u00f5rmuse suuruse muutmise garantii (vastavalt v\u00f5imalusele)<\/p>\n<p>\u2022 Valmistamis- ja tarneaeg alates 14 t\u00f6\u00f6p\u00e4evast, kiirtellimusel 3 t\u00f6\u00f6p\u00e4eva jooksul<\/p>\n<p><strong>Kas teil on oma kulda? V\u00f5tke \u00fchendust, arvutame hinna \u00fcmber \u2013 maksate vaid s\u00f5rmuste valmistamise eest.<\/strong><\/p>\n","protected":false},"excerpt":{"rendered":"<p>Cushion-lihvi teemantidega kaunistatud s\u00f5rmus on erakordne ja elegantne valik, mis peegeldab paari unikaalset armastuse teekonda. Klassikaline naiste s\u00f5rmus, milles teemantide kogukaal on tervelt 6,40 karaati. Kordumatu valik, mis v\u00e4ljendab teie armastust ja kannab suurt emotsionaalset v\u00e4\u00e4rtust p\u00f5lvest p\u00f5lve.<\/p>\n","protected":false},"featured_media":0,"template":"","meta":{"site-sidebar-layout":"","site-content-layout":"","ast-site-content-layout":"","site-content-style":"","site-sidebar-style":"","ast-global-header-display":"","ast-banner-title-visibility":"","ast-main-header-display":"","ast-hfb-above-header-display":"","ast-hfb-below-header-display":"","ast-hfb-mobile-header-display":"","site-post-title":"","ast-breadcrumbs-content":"","ast-featured-img":"","footer-sml-layout":"","ast-disable-related-posts":"","theme-transparent-header-meta":"","adv-header-id-meta":"","stick-header-meta":"","header-above-stick-meta":"","header-main-stick-meta":"","header-below-stick-meta":"","astra-migrate-meta-layouts":"default","ast-page-background-enabled":"default","ast-page-background-meta":{"desktop":{"background-color":"var(--ast-global-color-4)","background-image":"","background-repeat":"repeat","background-position":"center center","background-size":"auto","background-attachment":"scroll","background-type":"","background-media":"","overlay-type":"","overlay-color":"","overlay-opacity":"","overlay-gradient":""},"tablet":{"background-color":"","background-image":"","background-repeat":"repeat","background-position":"center center","background-size":"auto","background-attachment":"scroll","background-type":"","background-media":"","overlay-type":"","overlay-color":"","overlay-opacity":"","overlay-gradient":""},"mobile":{"background-color":"","background-image":"","background-repeat":"repeat","background-position":"center center","background-size":"auto","background-attachment":"scroll","background-type":"","background-media":"","overlay-type":"","overlay-color":"","overlay-opacity":"","overlay-gradient":""}},"ast-content-background-meta":{"desktop":{"background-color":"var(--ast-global-color-5)","background-image":"","background-repeat":"repeat","background-position":"center center","background-size":"auto","background-attachment":"scroll","background-type":"","background-media":"","overlay-type":"","overlay-color":"","overlay-opacity":"","overlay-gradient":""},"tablet":{"background-color":"var(--ast-global-color-5)","background-image":"","background-repeat":"repeat","background-position":"center center","background-size":"auto","background-attachment":"scroll","background-type":"","background-media":"","overlay-type":"","overlay-color":"","overlay-opacity":"","overlay-gradient":""},"mobile":{"background-color":"var(--ast-global-color-5)","background-image":"","background-repeat":"repeat","background-position":"center center","background-size":"auto","background-attachment":"scroll","background-type":"","background-media":"","overlay-type":"","overlay-color":"","overlay-opacity":"","overlay-gradient":""}}},"product_brand":[],"product_cat":[3594,3740,3739,3422,3558,2829,3559,3748],"product_tag":[],"class_list":{"0":"post-282242","1":"product","2":"type-product","3":"status-publish","5":"product_cat-abielusormused","6":"product_cat-abielusormused-laboris-kasvatatud-teemantidega-laboris-kasvatatud-teemandid","7":"product_cat-eksklusiivsed-abielusormused-disainerite-loodud","8":"product_cat-kihlasormused","9":"product_cat-kihlasormused-laboriteemantidega","10":"product_cat-kingitused-erilisteks-puhkudeks","11":"product_cat-sormused-laboriteemantidega-kasvatatud-teemandid","12":"product_cat-teemantvits-laboriteemantitega","13":"desktop-align-center","14":"tablet-align-left","15":"mobile-align-left","16":"ast-product-gallery-layout-horizontal-slider","17":"ast-product-gallery-with-no-image","18":"ast-product-single-variable","19":"ast-product-tabs-layout-accordion","20":"ast-qv-on-image","22":"first","23":"instock","24":"taxable","25":"shipping-taxable","26":"purchasable","27":"product-type-variable"},"yoast_head":"<!-- This site is optimized with the Yoast SEO plugin v26.6 - https:\/\/yoast.com\/wordpress\/plugins\/seo\/ -->\n<title>Teemantrivis\u00f5rmus 6.40 ct Cushion-lihviga laborkasvatatud teemantidega<\/title>\n<meta name=\"description\" content=\"Cushion-lihviga teemantidega kaunistatud s\u00f5rmus on erakordne valik. Naiste s\u00f5rmus, milles teemantide kogukaal ulatub koguni 6,40 karaadini.\" \/>\n<meta name=\"robots\" content=\"index, follow, max-snippet:-1, max-image-preview:large, max-video-preview:-1\" \/>\n<link rel=\"canonical\" href=\"https:\/\/fashiongold.lt\/et\/papuosalas\/6-40-ct-kullast-sormus-laboris-kasvatatud-cushion-teemantidega\/\" \/>\n<meta property=\"og:locale\" content=\"et_EE\" \/>\n<meta property=\"og:type\" content=\"article\" \/>\n<meta property=\"og:title\" content=\"Teemantrivis\u00f5rmus 6.40 ct Cushion-lihviga laborkasvatatud teemantidega\" \/>\n<meta property=\"og:description\" content=\"Cushion-lihviga teemantidega kaunistatud s\u00f5rmus on erakordne valik. Naiste s\u00f5rmus, milles teemantide kogukaal ulatub koguni 6,40 karaadini.\" \/>\n<meta property=\"og:url\" content=\"https:\/\/fashiongold.lt\/et\/papuosalas\/6-40-ct-kullast-sormus-laboris-kasvatatud-cushion-teemantidega\/\" \/>\n<meta property=\"og:site_name\" content=\"FashionGold.lt\" \/>\n<meta name=\"twitter:card\" content=\"summary_large_image\" \/>\n<meta name=\"twitter:label1\" content=\"Est. reading time\" \/>\n\t<meta name=\"twitter:data1\" content=\"1 minut\" \/>\n<script type=\"application\/ld+json\" class=\"yoast-schema-graph\">{\"@context\":\"https:\/\/schema.org\",\"@graph\":[{\"@type\":\"WebPage\",\"@id\":\"https:\/\/fashiongold.lt\/et\/papuosalas\/6-40-ct-kullast-sormus-laboris-kasvatatud-cushion-teemantidega\/\",\"url\":\"https:\/\/fashiongold.lt\/et\/papuosalas\/6-40-ct-kullast-sormus-laboris-kasvatatud-cushion-teemantidega\/\",\"name\":\"Teemantrivis\u00f5rmus 6.40 ct Cushion-lihviga laborkasvatatud teemantidega\",\"isPartOf\":{\"@id\":\"https:\/\/fashiongold.lt\/et\/#website\"},\"datePublished\":\"2025-10-14T18:37:26+00:00\",\"description\":\"Cushion-lihviga teemantidega kaunistatud s\u00f5rmus on erakordne valik. Naiste s\u00f5rmus, milles teemantide kogukaal ulatub koguni 6,40 karaadini.\",\"breadcrumb\":{\"@id\":\"https:\/\/fashiongold.lt\/et\/papuosalas\/6-40-ct-kullast-sormus-laboris-kasvatatud-cushion-teemantidega\/#breadcrumb\"},\"inLanguage\":\"et\",\"potentialAction\":[{\"@type\":\"ReadAction\",\"target\":[\"https:\/\/fashiongold.lt\/et\/papuosalas\/6-40-ct-kullast-sormus-laboris-kasvatatud-cushion-teemantidega\/\"]}]},{\"@type\":\"BreadcrumbList\",\"@id\":\"https:\/\/fashiongold.lt\/et\/papuosalas\/6-40-ct-kullast-sormus-laboris-kasvatatud-cushion-teemantidega\/#breadcrumb\",\"itemListElement\":[{\"@type\":\"ListItem\",\"position\":1,\"name\":\"Home\",\"item\":\"https:\/\/fashiongold.lt\/et\/\"},{\"@type\":\"ListItem\",\"position\":2,\"name\":\"Teemantide pood Fashiongold.lt\",\"item\":\"https:\/\/fashiongold.lt\/shop-2\/\"},{\"@type\":\"ListItem\",\"position\":3,\"name\":\"6.40 ct kullast s\u00f5rmus laboris kasvatatud Cushion-teemantidega\"}]},{\"@type\":\"WebSite\",\"@id\":\"https:\/\/fashiongold.lt\/et\/#website\",\"url\":\"https:\/\/fashiongold.lt\/et\/\",\"name\":\"Fashion Gold\",\"description\":\"Juvelyrikos namai\",\"publisher\":{\"@id\":\"https:\/\/fashiongold.lt\/et\/#organization\"},\"potentialAction\":[{\"@type\":\"SearchAction\",\"target\":{\"@type\":\"EntryPoint\",\"urlTemplate\":\"https:\/\/fashiongold.lt\/et\/?s={search_term_string}\"},\"query-input\":{\"@type\":\"PropertyValueSpecification\",\"valueRequired\":true,\"valueName\":\"search_term_string\"}}],\"inLanguage\":\"et\"},{\"@type\":\"Organization\",\"@id\":\"https:\/\/fashiongold.lt\/et\/#organization\",\"name\":\"Topdiamonds Online\",\"url\":\"https:\/\/fashiongold.lt\/et\/\",\"logo\":{\"@type\":\"ImageObject\",\"inLanguage\":\"et\",\"@id\":\"https:\/\/fashiongold.lt\/et\/#\/schema\/logo\/image\/\",\"url\":\"https:\/\/fashiongold.lt\/wp-content\/uploads\/2025\/04\/cropped-fashion_gold_logotipas2-scaled-1.png\",\"contentUrl\":\"https:\/\/fashiongold.lt\/wp-content\/uploads\/2025\/04\/cropped-fashion_gold_logotipas2-scaled-1.png\",\"width\":2559,\"height\":421,\"caption\":\"Topdiamonds Online\"},\"image\":{\"@id\":\"https:\/\/fashiongold.lt\/et\/#\/schema\/logo\/image\/\"}}]}<\/script>\n<!-- \/ Yoast SEO plugin. -->","yoast_head_json":{"title":"Teemantrivis\u00f5rmus 6.40 ct Cushion-lihviga laborkasvatatud teemantidega","description":"Cushion-lihviga teemantidega kaunistatud s\u00f5rmus on erakordne valik. Naiste s\u00f5rmus, milles teemantide kogukaal ulatub koguni 6,40 karaadini.","robots":{"index":"index","follow":"follow","max-snippet":"max-snippet:-1","max-image-preview":"max-image-preview:large","max-video-preview":"max-video-preview:-1"},"canonical":"https:\/\/fashiongold.lt\/et\/papuosalas\/6-40-ct-kullast-sormus-laboris-kasvatatud-cushion-teemantidega\/","og_locale":"et_EE","og_type":"article","og_title":"Teemantrivis\u00f5rmus 6.40 ct Cushion-lihviga laborkasvatatud teemantidega","og_description":"Cushion-lihviga teemantidega kaunistatud s\u00f5rmus on erakordne valik. Naiste s\u00f5rmus, milles teemantide kogukaal ulatub koguni 6,40 karaadini.","og_url":"https:\/\/fashiongold.lt\/et\/papuosalas\/6-40-ct-kullast-sormus-laboris-kasvatatud-cushion-teemantidega\/","og_site_name":"FashionGold.lt","twitter_card":"summary_large_image","twitter_misc":{"Est. reading time":"1 minut"},"schema":{"@context":"https:\/\/schema.org","@graph":[{"@type":"WebPage","@id":"https:\/\/fashiongold.lt\/et\/papuosalas\/6-40-ct-kullast-sormus-laboris-kasvatatud-cushion-teemantidega\/","url":"https:\/\/fashiongold.lt\/et\/papuosalas\/6-40-ct-kullast-sormus-laboris-kasvatatud-cushion-teemantidega\/","name":"Teemantrivis\u00f5rmus 6.40 ct Cushion-lihviga laborkasvatatud teemantidega","isPartOf":{"@id":"https:\/\/fashiongold.lt\/et\/#website"},"datePublished":"2025-10-14T18:37:26+00:00","description":"Cushion-lihviga teemantidega kaunistatud s\u00f5rmus on erakordne valik. Naiste s\u00f5rmus, milles teemantide kogukaal ulatub koguni 6,40 karaadini.","breadcrumb":{"@id":"https:\/\/fashiongold.lt\/et\/papuosalas\/6-40-ct-kullast-sormus-laboris-kasvatatud-cushion-teemantidega\/#breadcrumb"},"inLanguage":"et","potentialAction":[{"@type":"ReadAction","target":["https:\/\/fashiongold.lt\/et\/papuosalas\/6-40-ct-kullast-sormus-laboris-kasvatatud-cushion-teemantidega\/"]}]},{"@type":"BreadcrumbList","@id":"https:\/\/fashiongold.lt\/et\/papuosalas\/6-40-ct-kullast-sormus-laboris-kasvatatud-cushion-teemantidega\/#breadcrumb","itemListElement":[{"@type":"ListItem","position":1,"name":"Home","item":"https:\/\/fashiongold.lt\/et\/"},{"@type":"ListItem","position":2,"name":"Teemantide pood Fashiongold.lt","item":"https:\/\/fashiongold.lt\/shop-2\/"},{"@type":"ListItem","position":3,"name":"6.40 ct kullast s\u00f5rmus laboris kasvatatud Cushion-teemantidega"}]},{"@type":"WebSite","@id":"https:\/\/fashiongold.lt\/et\/#website","url":"https:\/\/fashiongold.lt\/et\/","name":"Fashion Gold","description":"Juvelyrikos namai","publisher":{"@id":"https:\/\/fashiongold.lt\/et\/#organization"},"potentialAction":[{"@type":"SearchAction","target":{"@type":"EntryPoint","urlTemplate":"https:\/\/fashiongold.lt\/et\/?s={search_term_string}"},"query-input":{"@type":"PropertyValueSpecification","valueRequired":true,"valueName":"search_term_string"}}],"inLanguage":"et"},{"@type":"Organization","@id":"https:\/\/fashiongold.lt\/et\/#organization","name":"Topdiamonds Online","url":"https:\/\/fashiongold.lt\/et\/","logo":{"@type":"ImageObject","inLanguage":"et","@id":"https:\/\/fashiongold.lt\/et\/#\/schema\/logo\/image\/","url":"https:\/\/fashiongold.lt\/wp-content\/uploads\/2025\/04\/cropped-fashion_gold_logotipas2-scaled-1.png","contentUrl":"https:\/\/fashiongold.lt\/wp-content\/uploads\/2025\/04\/cropped-fashion_gold_logotipas2-scaled-1.png","width":2559,"height":421,"caption":"Topdiamonds Online"},"image":{"@id":"https:\/\/fashiongold.lt\/et\/#\/schema\/logo\/image\/"}}]}},"_links":{"self":[{"href":"https:\/\/fashiongold.lt\/et\/wp-json\/wp\/v2\/product\/282242","targetHints":{"allow":["GET"]}}],"collection":[{"href":"https:\/\/fashiongold.lt\/et\/wp-json\/wp\/v2\/product"}],"about":[{"href":"https:\/\/fashiongold.lt\/et\/wp-json\/wp\/v2\/types\/product"}],"version-history":[{"count":0,"href":"https:\/\/fashiongold.lt\/et\/wp-json\/wp\/v2\/product\/282242\/revisions"}],"wp:attachment":[{"href":"https:\/\/fashiongold.lt\/et\/wp-json\/wp\/v2\/media?parent=282242"}],"wp:term":[{"taxonomy":"product_brand","embeddable":true,"href":"https:\/\/fashiongold.lt\/et\/wp-json\/wp\/v2\/product_brand?post=282242"},{"taxonomy":"product_cat","embeddable":true,"href":"https:\/\/fashiongold.lt\/et\/wp-json\/wp\/v2\/product_cat?post=282242"},{"taxonomy":"product_tag","embeddable":true,"href":"https:\/\/fashiongold.lt\/et\/wp-json\/wp\/v2\/product_tag?post=282242"}],"curies":[{"name":"wp","href":"https:\/\/api.w.org\/{rel}","templated":true}]}}