{"id":282527,"date":"2025-10-14T17:32:46","date_gmt":"2025-10-14T17:32:46","guid":{"rendered":"https:\/\/fashiongold.lt\/papuosalas\/sormus-3-ct-laboriteemandiga-laboris-kasvatatud-teemandiga\/"},"modified":"2025-10-14T17:32:46","modified_gmt":"2025-10-14T17:32:46","slug":"sormus-3-ct-laboriteemandiga-laboris-kasvatatud-teemandiga","status":"publish","type":"product","link":"https:\/\/fashiongold.lt\/et\/papuosalas\/sormus-3-ct-laboriteemandiga-laboris-kasvatatud-teemandiga\/","title":{"rendered":"S\u00f5rmus 3 ct laboriteemandiga (laboris kasvatatud teemandiga)"},"content":{"rendered":"<p><span>\u201eFashion Gold\u201d juveliiride loodud s\u00f5rmus on erakordselt k\u00f5rge kvaliteediga, m\u00e4rgistatud Leedu proovikoja sertifikaadiga ning saadaval v\u00e4ga atraktiivse hinnaga. See on ehe, mida saab p\u00e4randada p\u00f5lvest p\u00f5lve kui perekonnareliikviat, sest ei kuld ega teemandid ei kaota kunagi oma v\u00e4\u00e4rtust. Seda kulds\u00f5rmust saab tellida nii salongist kui ka internetist. <\/span>Selle s\u00f5rmusega saate k\u00e4tt paluda, kuid see sobib ka muudeks puhkudeks \u2013 r\u00f5\u00f5mustage armastatud naist j\u00f5ulude, valentinip\u00e4eva, s\u00fcnnip\u00e4eva v\u00f5i aastap\u00e4eva puhul.<\/p>\n<p>Kordumatu iluga s\u00f5rmus on eksklusiivse stiili, k\u00f5rge kvaliteedi ja mugavustsooniga. S\u00f5rmust saab valmistada tellimust\u00f6\u00f6na: punasest, kollasest v\u00f5i valgest kullast.<\/p>\n<p>\u2022 S\u00f5rmuse kuld: 14 K (proov 585), saame valmistada ka 10K (proov 375), 18K (proov 750)<\/p>\n<p>\u2022 S\u00f5rmuse v\u00e4rvus: valida saab valge, kollase v\u00f5i punase kulla vahel<\/p>\n<p>\u2022 S\u00f5rmuse kaal (s\u00f5ltub suurusest ja proovist): u 3,00 \u2013 5,00 g<\/p>\n<p>\u2022 S\u00f5rmuse m\u00f5\u00f5tmed: krooni laius u 10,5\u201311,0 mm (muudetav)<\/p>\n<p>\u2022 S\u00f5rmuse mugavustsoon: olemas<\/p>\n<p>\u2022 Teemandi t\u00fc\u00fcp: Laborikasvatatud teemant (Lab grown diamonds)<\/p>\n<p>\u2022 Teemandi kuju: \u00dcmar lihv (Round cut)<\/p>\n<p>\u2022 Teemandi omadused: 3,00 ct (v\u00e4rvus E, puhtus VVS2, t\u00f6\u00f6tlus: lihv Ex, s\u00fcmmeetria Ex, poleerimine Ex) (muudetav)<\/p>\n<p>\u2022 Sertifikaat: Leedu Proovikoda (LPR), lisaks IGI sertifikaat<\/p>\n<p>\u2022 Graveerimine tasuta<\/p>\n<p>\u2022 \u00dchekordne tasuta s\u00f5rmuse suuruse muutmise garantii (vastavalt v\u00f5imalustele)<\/p>\n<p>\u2022 Valmistamis- ja tarneaeg alates 14 t\u00f6\u00f6p\u00e4evast, kiirtellimusena 3 t\u00f6\u00f6p\u00e4eva jooksul<\/p>\n<p><strong>Kas teil on oma kulda? V\u00f5tke \u00fchendust, arvutame hinna \u00fcmber \u2013 maksate vaid s\u00f5rmuste valmistamise eest.<\/strong><\/p>\n","protected":false},"excerpt":{"rendered":"<p>Elegantne kihlas\u00f5rmus 3,00 ct laboris kasvatatud teemandiga. Kvaliteetne, k\u00e4sit\u00f6\u00f6na valminud, erakordne disain \u2013 igavene klassika, mis sobib suurep\u00e4raselt teie v\u00e4ljavalitule.<\/p>\n","protected":false},"featured_media":200576,"template":"","meta":{"site-sidebar-layout":"","site-content-layout":"","ast-site-content-layout":"","site-content-style":"","site-sidebar-style":"","ast-global-header-display":"","ast-banner-title-visibility":"","ast-main-header-display":"","ast-hfb-above-header-display":"","ast-hfb-below-header-display":"","ast-hfb-mobile-header-display":"","site-post-title":"","ast-breadcrumbs-content":"","ast-featured-img":"","footer-sml-layout":"","ast-disable-related-posts":"","theme-transparent-header-meta":"","adv-header-id-meta":"","stick-header-meta":"","header-above-stick-meta":"","header-main-stick-meta":"","header-below-stick-meta":"","astra-migrate-meta-layouts":"default","ast-page-background-enabled":"default","ast-page-background-meta":{"desktop":{"background-color":"var(--ast-global-color-4)","background-image":"","background-repeat":"repeat","background-position":"center center","background-size":"auto","background-attachment":"scroll","background-type":"","background-media":"","overlay-type":"","overlay-color":"","overlay-opacity":"","overlay-gradient":""},"tablet":{"background-color":"","background-image":"","background-repeat":"repeat","background-position":"center center","background-size":"auto","background-attachment":"scroll","background-type":"","background-media":"","overlay-type":"","overlay-color":"","overlay-opacity":"","overlay-gradient":""},"mobile":{"background-color":"","background-image":"","background-repeat":"repeat","background-position":"center center","background-size":"auto","background-attachment":"scroll","background-type":"","background-media":"","overlay-type":"","overlay-color":"","overlay-opacity":"","overlay-gradient":""}},"ast-content-background-meta":{"desktop":{"background-color":"var(--ast-global-color-5)","background-image":"","background-repeat":"repeat","background-position":"center center","background-size":"auto","background-attachment":"scroll","background-type":"","background-media":"","overlay-type":"","overlay-color":"","overlay-opacity":"","overlay-gradient":""},"tablet":{"background-color":"var(--ast-global-color-5)","background-image":"","background-repeat":"repeat","background-position":"center center","background-size":"auto","background-attachment":"scroll","background-type":"","background-media":"","overlay-type":"","overlay-color":"","overlay-opacity":"","overlay-gradient":""},"mobile":{"background-color":"var(--ast-global-color-5)","background-image":"","background-repeat":"repeat","background-position":"center center","background-size":"auto","background-attachment":"scroll","background-type":"","background-media":"","overlay-type":"","overlay-color":"","overlay-opacity":"","overlay-gradient":""}}},"product_brand":[],"product_cat":[3422,3558,2829,2823,3559,3445,3424],"product_tag":[],"class_list":{"0":"post-282527","1":"product","2":"type-product","3":"status-publish","4":"has-post-thumbnail","6":"product_cat-kihlasormused","7":"product_cat-kihlasormused-laboriteemantidega","8":"product_cat-kingitused-erilisteks-puhkudeks","9":"product_cat-kingitused-lapse-sunni-puhul","10":"product_cat-sormused-laboriteemantidega-kasvatatud-teemandid","11":"product_cat-top-kihlasormused","12":"product_cat-valgest-kullast-kihlasormused","13":"desktop-align-center","14":"tablet-align-left","15":"mobile-align-left","16":"ast-product-gallery-layout-horizontal-slider","17":"ast-product-gallery-with-no-image","18":"ast-product-single-variable","19":"ast-product-tabs-layout-accordion","20":"ast-qv-on-image","22":"first","23":"instock","24":"taxable","25":"shipping-taxable","26":"purchasable","27":"product-type-variable"},"yoast_head":"<!-- This site is optimized with the Yoast SEO plugin v26.6 - https:\/\/yoast.com\/wordpress\/plugins\/seo\/ -->\n<title>Kuldne s\u00f5rmus 3 ct laboriteemandiga I FashionGold.lt<\/title>\n<meta name=\"description\" content=\"Elegantne kihluses\u00f5rmus 3-karaadise laboris kasvatatud teemandiga. Kvaliteetne, k\u00e4sit\u00f6\u00f6na valminud, eksklusiivne disain \u2013 igavene klassika, mis sobib suurep\u00e4raselt teie v\u00e4ljavalitule.\" \/>\n<meta name=\"robots\" content=\"index, follow, max-snippet:-1, max-image-preview:large, max-video-preview:-1\" \/>\n<link rel=\"canonical\" href=\"https:\/\/fashiongold.lt\/et\/papuosalas\/sormus-3-ct-laboriteemandiga-laboris-kasvatatud-teemandiga\/\" \/>\n<meta property=\"og:locale\" content=\"et_EE\" \/>\n<meta property=\"og:type\" content=\"article\" \/>\n<meta property=\"og:title\" content=\"Kuldne s\u00f5rmus 3 ct laboriteemandiga I FashionGold.lt\" \/>\n<meta property=\"og:description\" content=\"Elegantne kihluses\u00f5rmus 3-karaadise laboris kasvatatud teemandiga. Kvaliteetne, k\u00e4sit\u00f6\u00f6na valminud, eksklusiivne disain \u2013 igavene klassika, mis sobib suurep\u00e4raselt teie v\u00e4ljavalitule.\" \/>\n<meta property=\"og:url\" content=\"https:\/\/fashiongold.lt\/et\/papuosalas\/sormus-3-ct-laboriteemandiga-laboris-kasvatatud-teemandiga\/\" \/>\n<meta property=\"og:site_name\" content=\"FashionGold.lt\" \/>\n<meta property=\"og:image\" content=\"https:\/\/fashiongold.lt\/wp-content\/uploads\/2025\/10\/9542-9f6-Auksinis-ziedas-su-3-ct-briliantu.webp\" \/>\n\t<meta property=\"og:image:width\" content=\"1999\" \/>\n\t<meta property=\"og:image:height\" content=\"2031\" \/>\n\t<meta property=\"og:image:type\" content=\"image\/jpeg\" \/>\n<meta name=\"twitter:card\" content=\"summary_large_image\" \/>\n<meta name=\"twitter:label1\" content=\"Est. reading time\" \/>\n\t<meta name=\"twitter:data1\" content=\"1 minut\" \/>\n<script type=\"application\/ld+json\" class=\"yoast-schema-graph\">{\"@context\":\"https:\/\/schema.org\",\"@graph\":[{\"@type\":\"WebPage\",\"@id\":\"https:\/\/fashiongold.lt\/et\/papuosalas\/sormus-3-ct-laboriteemandiga-laboris-kasvatatud-teemandiga\/\",\"url\":\"https:\/\/fashiongold.lt\/et\/papuosalas\/sormus-3-ct-laboriteemandiga-laboris-kasvatatud-teemandiga\/\",\"name\":\"Kuldne s\u00f5rmus 3 ct laboriteemandiga I FashionGold.lt\",\"isPartOf\":{\"@id\":\"https:\/\/fashiongold.lt\/et\/#website\"},\"primaryImageOfPage\":{\"@id\":\"https:\/\/fashiongold.lt\/et\/papuosalas\/sormus-3-ct-laboriteemandiga-laboris-kasvatatud-teemandiga\/#primaryimage\"},\"image\":{\"@id\":\"https:\/\/fashiongold.lt\/et\/papuosalas\/sormus-3-ct-laboriteemandiga-laboris-kasvatatud-teemandiga\/#primaryimage\"},\"thumbnailUrl\":\"https:\/\/fashiongold.lt\/wp-content\/uploads\/2025\/10\/9542-9f6-Auksinis-ziedas-su-3-ct-briliantu.jpg\",\"datePublished\":\"2025-10-14T17:32:46+00:00\",\"description\":\"Elegantne kihluses\u00f5rmus 3-karaadise laboris kasvatatud teemandiga. Kvaliteetne, k\u00e4sit\u00f6\u00f6na valminud, eksklusiivne disain \u2013 igavene klassika, mis sobib suurep\u00e4raselt teie v\u00e4ljavalitule.\",\"breadcrumb\":{\"@id\":\"https:\/\/fashiongold.lt\/et\/papuosalas\/sormus-3-ct-laboriteemandiga-laboris-kasvatatud-teemandiga\/#breadcrumb\"},\"inLanguage\":\"et\",\"potentialAction\":[{\"@type\":\"ReadAction\",\"target\":[\"https:\/\/fashiongold.lt\/et\/papuosalas\/sormus-3-ct-laboriteemandiga-laboris-kasvatatud-teemandiga\/\"]}]},{\"@type\":\"ImageObject\",\"inLanguage\":\"et\",\"@id\":\"https:\/\/fashiongold.lt\/et\/papuosalas\/sormus-3-ct-laboriteemandiga-laboris-kasvatatud-teemandiga\/#primaryimage\",\"url\":\"https:\/\/fashiongold.lt\/wp-content\/uploads\/2025\/10\/9542-9f6-Auksinis-ziedas-su-3-ct-briliantu.jpg\",\"contentUrl\":\"https:\/\/fashiongold.lt\/wp-content\/uploads\/2025\/10\/9542-9f6-Auksinis-ziedas-su-3-ct-briliantu.jpg\",\"width\":1999,\"height\":2031},{\"@type\":\"BreadcrumbList\",\"@id\":\"https:\/\/fashiongold.lt\/et\/papuosalas\/sormus-3-ct-laboriteemandiga-laboris-kasvatatud-teemandiga\/#breadcrumb\",\"itemListElement\":[{\"@type\":\"ListItem\",\"position\":1,\"name\":\"Home\",\"item\":\"https:\/\/fashiongold.lt\/et\/\"},{\"@type\":\"ListItem\",\"position\":2,\"name\":\"Teemantide pood Fashiongold.lt\",\"item\":\"https:\/\/fashiongold.lt\/shop-2\/\"},{\"@type\":\"ListItem\",\"position\":3,\"name\":\"S\u00f5rmus 3 ct laboriteemandiga (laboris kasvatatud teemandiga)\"}]},{\"@type\":\"WebSite\",\"@id\":\"https:\/\/fashiongold.lt\/et\/#website\",\"url\":\"https:\/\/fashiongold.lt\/et\/\",\"name\":\"Fashion Gold\",\"description\":\"Juvelyrikos namai\",\"publisher\":{\"@id\":\"https:\/\/fashiongold.lt\/et\/#organization\"},\"potentialAction\":[{\"@type\":\"SearchAction\",\"target\":{\"@type\":\"EntryPoint\",\"urlTemplate\":\"https:\/\/fashiongold.lt\/et\/?s={search_term_string}\"},\"query-input\":{\"@type\":\"PropertyValueSpecification\",\"valueRequired\":true,\"valueName\":\"search_term_string\"}}],\"inLanguage\":\"et\"},{\"@type\":\"Organization\",\"@id\":\"https:\/\/fashiongold.lt\/et\/#organization\",\"name\":\"Topdiamonds Online\",\"url\":\"https:\/\/fashiongold.lt\/et\/\",\"logo\":{\"@type\":\"ImageObject\",\"inLanguage\":\"et\",\"@id\":\"https:\/\/fashiongold.lt\/et\/#\/schema\/logo\/image\/\",\"url\":\"https:\/\/fashiongold.lt\/wp-content\/uploads\/2025\/04\/cropped-fashion_gold_logotipas2-scaled-1.png\",\"contentUrl\":\"https:\/\/fashiongold.lt\/wp-content\/uploads\/2025\/04\/cropped-fashion_gold_logotipas2-scaled-1.png\",\"width\":2559,\"height\":421,\"caption\":\"Topdiamonds Online\"},\"image\":{\"@id\":\"https:\/\/fashiongold.lt\/et\/#\/schema\/logo\/image\/\"}}]}<\/script>\n<!-- \/ Yoast SEO plugin. -->","yoast_head_json":{"title":"Kuldne s\u00f5rmus 3 ct laboriteemandiga I FashionGold.lt","description":"Elegantne kihluses\u00f5rmus 3-karaadise laboris kasvatatud teemandiga. Kvaliteetne, k\u00e4sit\u00f6\u00f6na valminud, eksklusiivne disain \u2013 igavene klassika, mis sobib suurep\u00e4raselt teie v\u00e4ljavalitule.","robots":{"index":"index","follow":"follow","max-snippet":"max-snippet:-1","max-image-preview":"max-image-preview:large","max-video-preview":"max-video-preview:-1"},"canonical":"https:\/\/fashiongold.lt\/et\/papuosalas\/sormus-3-ct-laboriteemandiga-laboris-kasvatatud-teemandiga\/","og_locale":"et_EE","og_type":"article","og_title":"Kuldne s\u00f5rmus 3 ct laboriteemandiga I FashionGold.lt","og_description":"Elegantne kihluses\u00f5rmus 3-karaadise laboris kasvatatud teemandiga. Kvaliteetne, k\u00e4sit\u00f6\u00f6na valminud, eksklusiivne disain \u2013 igavene klassika, mis sobib suurep\u00e4raselt teie v\u00e4ljavalitule.","og_url":"https:\/\/fashiongold.lt\/et\/papuosalas\/sormus-3-ct-laboriteemandiga-laboris-kasvatatud-teemandiga\/","og_site_name":"FashionGold.lt","og_image":[{"width":1999,"height":2031,"url":"https:\/\/fashiongold.lt\/wp-content\/uploads\/2025\/10\/9542-9f6-Auksinis-ziedas-su-3-ct-briliantu.webp","type":"image\/jpeg"}],"twitter_card":"summary_large_image","twitter_misc":{"Est. reading time":"1 minut"},"schema":{"@context":"https:\/\/schema.org","@graph":[{"@type":"WebPage","@id":"https:\/\/fashiongold.lt\/et\/papuosalas\/sormus-3-ct-laboriteemandiga-laboris-kasvatatud-teemandiga\/","url":"https:\/\/fashiongold.lt\/et\/papuosalas\/sormus-3-ct-laboriteemandiga-laboris-kasvatatud-teemandiga\/","name":"Kuldne s\u00f5rmus 3 ct laboriteemandiga I FashionGold.lt","isPartOf":{"@id":"https:\/\/fashiongold.lt\/et\/#website"},"primaryImageOfPage":{"@id":"https:\/\/fashiongold.lt\/et\/papuosalas\/sormus-3-ct-laboriteemandiga-laboris-kasvatatud-teemandiga\/#primaryimage"},"image":{"@id":"https:\/\/fashiongold.lt\/et\/papuosalas\/sormus-3-ct-laboriteemandiga-laboris-kasvatatud-teemandiga\/#primaryimage"},"thumbnailUrl":"https:\/\/fashiongold.lt\/wp-content\/uploads\/2025\/10\/9542-9f6-Auksinis-ziedas-su-3-ct-briliantu.jpg","datePublished":"2025-10-14T17:32:46+00:00","description":"Elegantne kihluses\u00f5rmus 3-karaadise laboris kasvatatud teemandiga. Kvaliteetne, k\u00e4sit\u00f6\u00f6na valminud, eksklusiivne disain \u2013 igavene klassika, mis sobib suurep\u00e4raselt teie v\u00e4ljavalitule.","breadcrumb":{"@id":"https:\/\/fashiongold.lt\/et\/papuosalas\/sormus-3-ct-laboriteemandiga-laboris-kasvatatud-teemandiga\/#breadcrumb"},"inLanguage":"et","potentialAction":[{"@type":"ReadAction","target":["https:\/\/fashiongold.lt\/et\/papuosalas\/sormus-3-ct-laboriteemandiga-laboris-kasvatatud-teemandiga\/"]}]},{"@type":"ImageObject","inLanguage":"et","@id":"https:\/\/fashiongold.lt\/et\/papuosalas\/sormus-3-ct-laboriteemandiga-laboris-kasvatatud-teemandiga\/#primaryimage","url":"https:\/\/fashiongold.lt\/wp-content\/uploads\/2025\/10\/9542-9f6-Auksinis-ziedas-su-3-ct-briliantu.jpg","contentUrl":"https:\/\/fashiongold.lt\/wp-content\/uploads\/2025\/10\/9542-9f6-Auksinis-ziedas-su-3-ct-briliantu.jpg","width":1999,"height":2031},{"@type":"BreadcrumbList","@id":"https:\/\/fashiongold.lt\/et\/papuosalas\/sormus-3-ct-laboriteemandiga-laboris-kasvatatud-teemandiga\/#breadcrumb","itemListElement":[{"@type":"ListItem","position":1,"name":"Home","item":"https:\/\/fashiongold.lt\/et\/"},{"@type":"ListItem","position":2,"name":"Teemantide pood Fashiongold.lt","item":"https:\/\/fashiongold.lt\/shop-2\/"},{"@type":"ListItem","position":3,"name":"S\u00f5rmus 3 ct laboriteemandiga (laboris kasvatatud teemandiga)"}]},{"@type":"WebSite","@id":"https:\/\/fashiongold.lt\/et\/#website","url":"https:\/\/fashiongold.lt\/et\/","name":"Fashion Gold","description":"Juvelyrikos namai","publisher":{"@id":"https:\/\/fashiongold.lt\/et\/#organization"},"potentialAction":[{"@type":"SearchAction","target":{"@type":"EntryPoint","urlTemplate":"https:\/\/fashiongold.lt\/et\/?s={search_term_string}"},"query-input":{"@type":"PropertyValueSpecification","valueRequired":true,"valueName":"search_term_string"}}],"inLanguage":"et"},{"@type":"Organization","@id":"https:\/\/fashiongold.lt\/et\/#organization","name":"Topdiamonds Online","url":"https:\/\/fashiongold.lt\/et\/","logo":{"@type":"ImageObject","inLanguage":"et","@id":"https:\/\/fashiongold.lt\/et\/#\/schema\/logo\/image\/","url":"https:\/\/fashiongold.lt\/wp-content\/uploads\/2025\/04\/cropped-fashion_gold_logotipas2-scaled-1.png","contentUrl":"https:\/\/fashiongold.lt\/wp-content\/uploads\/2025\/04\/cropped-fashion_gold_logotipas2-scaled-1.png","width":2559,"height":421,"caption":"Topdiamonds Online"},"image":{"@id":"https:\/\/fashiongold.lt\/et\/#\/schema\/logo\/image\/"}}]}},"_links":{"self":[{"href":"https:\/\/fashiongold.lt\/et\/wp-json\/wp\/v2\/product\/282527","targetHints":{"allow":["GET"]}}],"collection":[{"href":"https:\/\/fashiongold.lt\/et\/wp-json\/wp\/v2\/product"}],"about":[{"href":"https:\/\/fashiongold.lt\/et\/wp-json\/wp\/v2\/types\/product"}],"version-history":[{"count":0,"href":"https:\/\/fashiongold.lt\/et\/wp-json\/wp\/v2\/product\/282527\/revisions"}],"wp:featuredmedia":[{"embeddable":true,"href":"https:\/\/fashiongold.lt\/et\/wp-json\/wp\/v2\/media\/200576"}],"wp:attachment":[{"href":"https:\/\/fashiongold.lt\/et\/wp-json\/wp\/v2\/media?parent=282527"}],"wp:term":[{"taxonomy":"product_brand","embeddable":true,"href":"https:\/\/fashiongold.lt\/et\/wp-json\/wp\/v2\/product_brand?post=282527"},{"taxonomy":"product_cat","embeddable":true,"href":"https:\/\/fashiongold.lt\/et\/wp-json\/wp\/v2\/product_cat?post=282527"},{"taxonomy":"product_tag","embeddable":true,"href":"https:\/\/fashiongold.lt\/et\/wp-json\/wp\/v2\/product_tag?post=282527"}],"curies":[{"name":"wp","href":"https:\/\/api.w.org\/{rel}","templated":true}]}}