{"id":282547,"date":"2025-10-14T17:20:36","date_gmt":"2025-10-14T17:20:36","guid":{"rendered":"https:\/\/fashiongold.lt\/papuosalas\/5-25-ct-kullast-sormus-laboriteemantidega\/"},"modified":"2025-10-14T17:20:36","modified_gmt":"2025-10-14T17:20:36","slug":"5-25-ct-kullast-sormus-laboriteemantidega","status":"publish","type":"product","link":"https:\/\/fashiongold.lt\/et\/papuosalas\/5-25-ct-kullast-sormus-laboriteemantidega\/","title":{"rendered":"5.25 ct kullast s\u00f5rmus laboriteemantidega"},"content":{"rendered":"<p>Erakordselt kaunis ja erilise stiiliga kvaliteetne s\u00f5rmus, millel on mugavustsoon. S\u00f5rmust saab tellida punasest, kollasest v\u00f5i valgest kullast.<\/p>\n<p>\u2022 S\u00f5rmuse kuld: 14 K (proov 585), saame valmistada ka 10K (proov 375), 18K (proov 750)\u00a0 \u00a0 \u00a0 \u00a0<\/p>\n<p>\u2022 S\u00f5rmuse v\u00e4rv: valida saab valge, kollase v\u00f5i punase kulla vahel<\/p>\n<p>\u2022 S\u00f5rmuse kaal (s\u00f5ltub suurusest ja proovist): umbes 3,00 &#8211; 5,00 g\u00a0 \u00a0 \u00a0 \u00a0 \u00a0<\/p>\n<p>\u2022 S\u00f5rmuse m\u00f5\u00f5tmed: laius umbes 5,2 mm (muudetav)\u00a0 \u00a0 \u00a0<\/p>\n<p>\u2022 S\u00f5rmuse mugavustsoon: olemas\u00a0 \u00a0<\/p>\n<p>\u2022 Teemandi t\u00fc\u00fcp: Lab diamond (Laboris kasvatatud teemant)\u00a0 \u00a0 \u00a0 \u00a0<\/p>\n<p>\u2022 Teemandi kuju: \u00dcmar lihv (Round cut)\u00a0 \u00a0 \u00a0<\/p>\n<p>\u2022 Teemandi omadused: 5,25 ct (15 tk x 0,35 ct) (v\u00e4rv D-F, puhtus VVS-VS) (muudetav)\u00a0 \u00a0 \u00a0<\/p>\n<p>\u2022 Sertifikaat: Leedu Proovikoda (LPR)\u00a0 \u00a0 \u00a0 \u00a0<\/p>\n<p>\u2022 Graveerimine tasuta\u00a0<\/p>\n<p>\u2022 \u00dchekordne tasuta s\u00f5rmuse suuruse muutmise garantii (v\u00f5imaluse korral)\u00a0<\/p>\n<p>\u2022 Valmistamis- ja tarneaeg alates 14 t\u00f6\u00f6p\u00e4evast, kiirtellimusel 3 t\u00f6\u00f6p\u00e4eva jooksul\u00a0<\/p>\n<p><strong>On teil oma kulda? V\u00f5tke \u00fchendust, arvutame hinna \u00fcmber \u2013 maksate vaid s\u00f5rmuste valmistamise eest.<\/strong><\/p>\n","protected":false},"excerpt":{"rendered":"<p>Iga teemantidega kaunistatud s\u00f5rmus on ainulaadne ja peegeldab suurep\u00e4raselt paari armastuslugu. Klassikaline naiste s\u00f5rmus 5,25 ct laboris kasvatatud teemantidega \u00fcmber kogu s\u00f5rmuse paistab silma elegantsi ja luksusega. See teemants\u00f5rmus on midagi enamat kui lihtsalt ehe \u2013 see kannab suurt emotsionaalset v\u00e4\u00e4rtust, mida antakse edasi p\u00f5lvest p\u00f5lve. See on erakordne valik teie armastuse ja suhte kestva v\u00e4\u00e4rtuse v\u00e4ljendamiseks.<\/p>\n","protected":false},"featured_media":200301,"template":"","meta":{"site-sidebar-layout":"","site-content-layout":"","ast-site-content-layout":"","site-content-style":"","site-sidebar-style":"","ast-global-header-display":"","ast-banner-title-visibility":"","ast-main-header-display":"","ast-hfb-above-header-display":"","ast-hfb-below-header-display":"","ast-hfb-mobile-header-display":"","site-post-title":"","ast-breadcrumbs-content":"","ast-featured-img":"","footer-sml-layout":"","ast-disable-related-posts":"","theme-transparent-header-meta":"","adv-header-id-meta":"","stick-header-meta":"","header-above-stick-meta":"","header-main-stick-meta":"","header-below-stick-meta":"","astra-migrate-meta-layouts":"default","ast-page-background-enabled":"default","ast-page-background-meta":{"desktop":{"background-color":"var(--ast-global-color-4)","background-image":"","background-repeat":"repeat","background-position":"center center","background-size":"auto","background-attachment":"scroll","background-type":"","background-media":"","overlay-type":"","overlay-color":"","overlay-opacity":"","overlay-gradient":""},"tablet":{"background-color":"","background-image":"","background-repeat":"repeat","background-position":"center center","background-size":"auto","background-attachment":"scroll","background-type":"","background-media":"","overlay-type":"","overlay-color":"","overlay-opacity":"","overlay-gradient":""},"mobile":{"background-color":"","background-image":"","background-repeat":"repeat","background-position":"center center","background-size":"auto","background-attachment":"scroll","background-type":"","background-media":"","overlay-type":"","overlay-color":"","overlay-opacity":"","overlay-gradient":""}},"ast-content-background-meta":{"desktop":{"background-color":"var(--ast-global-color-5)","background-image":"","background-repeat":"repeat","background-position":"center center","background-size":"auto","background-attachment":"scroll","background-type":"","background-media":"","overlay-type":"","overlay-color":"","overlay-opacity":"","overlay-gradient":""},"tablet":{"background-color":"var(--ast-global-color-5)","background-image":"","background-repeat":"repeat","background-position":"center center","background-size":"auto","background-attachment":"scroll","background-type":"","background-media":"","overlay-type":"","overlay-color":"","overlay-opacity":"","overlay-gradient":""},"mobile":{"background-color":"var(--ast-global-color-5)","background-image":"","background-repeat":"repeat","background-position":"center center","background-size":"auto","background-attachment":"scroll","background-type":"","background-media":"","overlay-type":"","overlay-color":"","overlay-opacity":"","overlay-gradient":""}}},"product_brand":[],"product_cat":[3594,3740,3739,3422,3558,2829,3559,3748],"product_tag":[],"class_list":{"0":"post-282547","1":"product","2":"type-product","3":"status-publish","4":"has-post-thumbnail","6":"product_cat-abielusormused","7":"product_cat-abielusormused-laboris-kasvatatud-teemantidega-laboris-kasvatatud-teemandid","8":"product_cat-eksklusiivsed-abielusormused-disainerite-loodud","9":"product_cat-kihlasormused","10":"product_cat-kihlasormused-laboriteemantidega","11":"product_cat-kingitused-erilisteks-puhkudeks","12":"product_cat-sormused-laboriteemantidega-kasvatatud-teemandid","13":"product_cat-teemantvits-laboriteemantitega","14":"desktop-align-center","15":"tablet-align-left","16":"mobile-align-left","17":"ast-product-gallery-layout-horizontal-slider","18":"ast-product-gallery-with-no-image","19":"ast-product-single-variable","20":"ast-product-tabs-layout-accordion","21":"ast-qv-on-image","23":"first","24":"instock","25":"taxable","26":"shipping-taxable","27":"purchasable","28":"product-type-variable"},"yoast_head":"<!-- This site is optimized with the Yoast SEO plugin v26.6 - https:\/\/yoast.com\/wordpress\/plugins\/seo\/ -->\n<title>Teemantriba 5.25 ct laboris kasvatatud teemantidega I FashionGold<\/title>\n<meta name=\"description\" content=\"Klassikaline kuldne naiste s\u00f5rmus 5,25 ct laboris kasvatatud teemantidega \u00fcmber kogu s\u00f5rmuse paistab silma elegantsi ja luksuslikkusega, Valmistatud Leedus\" \/>\n<meta name=\"robots\" content=\"index, follow, max-snippet:-1, max-image-preview:large, max-video-preview:-1\" \/>\n<link rel=\"canonical\" href=\"https:\/\/fashiongold.lt\/et\/papuosalas\/5-25-ct-kullast-sormus-laboriteemantidega\/\" \/>\n<meta property=\"og:locale\" content=\"et_EE\" \/>\n<meta property=\"og:type\" content=\"article\" \/>\n<meta property=\"og:title\" content=\"Teemantriba 5.25 ct laboris kasvatatud teemantidega I FashionGold\" \/>\n<meta property=\"og:description\" content=\"Klassikaline kuldne naiste s\u00f5rmus 5,25 ct laboris kasvatatud teemantidega \u00fcmber kogu s\u00f5rmuse paistab silma elegantsi ja luksuslikkusega, Valmistatud Leedus\" \/>\n<meta property=\"og:url\" content=\"https:\/\/fashiongold.lt\/et\/papuosalas\/5-25-ct-kullast-sormus-laboriteemantidega\/\" \/>\n<meta property=\"og:site_name\" content=\"FashionGold.lt\" \/>\n<meta property=\"og:image\" content=\"https:\/\/fashiongold.lt\/wp-content\/uploads\/2025\/10\/10408-399-5.25-ct-auksinis-ziedas-su-Lab-diamonds.webp\" \/>\n\t<meta property=\"og:image:width\" content=\"1000\" \/>\n\t<meta property=\"og:image:height\" content=\"1000\" \/>\n\t<meta property=\"og:image:type\" content=\"image\/png\" \/>\n<meta name=\"twitter:card\" content=\"summary_large_image\" \/>\n<meta name=\"twitter:label1\" content=\"Est. reading time\" \/>\n\t<meta name=\"twitter:data1\" content=\"1 minut\" \/>\n<script type=\"application\/ld+json\" class=\"yoast-schema-graph\">{\"@context\":\"https:\/\/schema.org\",\"@graph\":[{\"@type\":\"WebPage\",\"@id\":\"https:\/\/fashiongold.lt\/et\/papuosalas\/5-25-ct-kullast-sormus-laboriteemantidega\/\",\"url\":\"https:\/\/fashiongold.lt\/et\/papuosalas\/5-25-ct-kullast-sormus-laboriteemantidega\/\",\"name\":\"Teemantriba 5.25 ct laboris kasvatatud teemantidega I FashionGold\",\"isPartOf\":{\"@id\":\"https:\/\/fashiongold.lt\/et\/#website\"},\"primaryImageOfPage\":{\"@id\":\"https:\/\/fashiongold.lt\/et\/papuosalas\/5-25-ct-kullast-sormus-laboriteemantidega\/#primaryimage\"},\"image\":{\"@id\":\"https:\/\/fashiongold.lt\/et\/papuosalas\/5-25-ct-kullast-sormus-laboriteemantidega\/#primaryimage\"},\"thumbnailUrl\":\"https:\/\/fashiongold.lt\/wp-content\/uploads\/2025\/10\/10408-399-5.25-ct-auksinis-ziedas-su-Lab-diamonds.png\",\"datePublished\":\"2025-10-14T17:20:36+00:00\",\"description\":\"Klassikaline kuldne naiste s\u00f5rmus 5,25 ct laboris kasvatatud teemantidega \u00fcmber kogu s\u00f5rmuse paistab silma elegantsi ja luksuslikkusega, Valmistatud Leedus\",\"breadcrumb\":{\"@id\":\"https:\/\/fashiongold.lt\/et\/papuosalas\/5-25-ct-kullast-sormus-laboriteemantidega\/#breadcrumb\"},\"inLanguage\":\"et\",\"potentialAction\":[{\"@type\":\"ReadAction\",\"target\":[\"https:\/\/fashiongold.lt\/et\/papuosalas\/5-25-ct-kullast-sormus-laboriteemantidega\/\"]}]},{\"@type\":\"ImageObject\",\"inLanguage\":\"et\",\"@id\":\"https:\/\/fashiongold.lt\/et\/papuosalas\/5-25-ct-kullast-sormus-laboriteemantidega\/#primaryimage\",\"url\":\"https:\/\/fashiongold.lt\/wp-content\/uploads\/2025\/10\/10408-399-5.25-ct-auksinis-ziedas-su-Lab-diamonds.png\",\"contentUrl\":\"https:\/\/fashiongold.lt\/wp-content\/uploads\/2025\/10\/10408-399-5.25-ct-auksinis-ziedas-su-Lab-diamonds.png\",\"width\":1000,\"height\":1000},{\"@type\":\"BreadcrumbList\",\"@id\":\"https:\/\/fashiongold.lt\/et\/papuosalas\/5-25-ct-kullast-sormus-laboriteemantidega\/#breadcrumb\",\"itemListElement\":[{\"@type\":\"ListItem\",\"position\":1,\"name\":\"Home\",\"item\":\"https:\/\/fashiongold.lt\/et\/\"},{\"@type\":\"ListItem\",\"position\":2,\"name\":\"Teemantide pood Fashiongold.lt\",\"item\":\"https:\/\/fashiongold.lt\/shop-2\/\"},{\"@type\":\"ListItem\",\"position\":3,\"name\":\"5.25 ct kullast s\u00f5rmus laboriteemantidega\"}]},{\"@type\":\"WebSite\",\"@id\":\"https:\/\/fashiongold.lt\/et\/#website\",\"url\":\"https:\/\/fashiongold.lt\/et\/\",\"name\":\"Fashion Gold\",\"description\":\"Juvelyrikos namai\",\"publisher\":{\"@id\":\"https:\/\/fashiongold.lt\/et\/#organization\"},\"potentialAction\":[{\"@type\":\"SearchAction\",\"target\":{\"@type\":\"EntryPoint\",\"urlTemplate\":\"https:\/\/fashiongold.lt\/et\/?s={search_term_string}\"},\"query-input\":{\"@type\":\"PropertyValueSpecification\",\"valueRequired\":true,\"valueName\":\"search_term_string\"}}],\"inLanguage\":\"et\"},{\"@type\":\"Organization\",\"@id\":\"https:\/\/fashiongold.lt\/et\/#organization\",\"name\":\"Topdiamonds Online\",\"url\":\"https:\/\/fashiongold.lt\/et\/\",\"logo\":{\"@type\":\"ImageObject\",\"inLanguage\":\"et\",\"@id\":\"https:\/\/fashiongold.lt\/et\/#\/schema\/logo\/image\/\",\"url\":\"https:\/\/fashiongold.lt\/wp-content\/uploads\/2025\/04\/cropped-fashion_gold_logotipas2-scaled-1.png\",\"contentUrl\":\"https:\/\/fashiongold.lt\/wp-content\/uploads\/2025\/04\/cropped-fashion_gold_logotipas2-scaled-1.png\",\"width\":2559,\"height\":421,\"caption\":\"Topdiamonds Online\"},\"image\":{\"@id\":\"https:\/\/fashiongold.lt\/et\/#\/schema\/logo\/image\/\"}}]}<\/script>\n<!-- \/ Yoast SEO plugin. -->","yoast_head_json":{"title":"Teemantriba 5.25 ct laboris kasvatatud teemantidega I FashionGold","description":"Klassikaline kuldne naiste s\u00f5rmus 5,25 ct laboris kasvatatud teemantidega \u00fcmber kogu s\u00f5rmuse paistab silma elegantsi ja luksuslikkusega, Valmistatud Leedus","robots":{"index":"index","follow":"follow","max-snippet":"max-snippet:-1","max-image-preview":"max-image-preview:large","max-video-preview":"max-video-preview:-1"},"canonical":"https:\/\/fashiongold.lt\/et\/papuosalas\/5-25-ct-kullast-sormus-laboriteemantidega\/","og_locale":"et_EE","og_type":"article","og_title":"Teemantriba 5.25 ct laboris kasvatatud teemantidega I FashionGold","og_description":"Klassikaline kuldne naiste s\u00f5rmus 5,25 ct laboris kasvatatud teemantidega \u00fcmber kogu s\u00f5rmuse paistab silma elegantsi ja luksuslikkusega, Valmistatud Leedus","og_url":"https:\/\/fashiongold.lt\/et\/papuosalas\/5-25-ct-kullast-sormus-laboriteemantidega\/","og_site_name":"FashionGold.lt","og_image":[{"width":1000,"height":1000,"url":"https:\/\/fashiongold.lt\/wp-content\/uploads\/2025\/10\/10408-399-5.25-ct-auksinis-ziedas-su-Lab-diamonds.webp","type":"image\/png"}],"twitter_card":"summary_large_image","twitter_misc":{"Est. reading time":"1 minut"},"schema":{"@context":"https:\/\/schema.org","@graph":[{"@type":"WebPage","@id":"https:\/\/fashiongold.lt\/et\/papuosalas\/5-25-ct-kullast-sormus-laboriteemantidega\/","url":"https:\/\/fashiongold.lt\/et\/papuosalas\/5-25-ct-kullast-sormus-laboriteemantidega\/","name":"Teemantriba 5.25 ct laboris kasvatatud teemantidega I FashionGold","isPartOf":{"@id":"https:\/\/fashiongold.lt\/et\/#website"},"primaryImageOfPage":{"@id":"https:\/\/fashiongold.lt\/et\/papuosalas\/5-25-ct-kullast-sormus-laboriteemantidega\/#primaryimage"},"image":{"@id":"https:\/\/fashiongold.lt\/et\/papuosalas\/5-25-ct-kullast-sormus-laboriteemantidega\/#primaryimage"},"thumbnailUrl":"https:\/\/fashiongold.lt\/wp-content\/uploads\/2025\/10\/10408-399-5.25-ct-auksinis-ziedas-su-Lab-diamonds.png","datePublished":"2025-10-14T17:20:36+00:00","description":"Klassikaline kuldne naiste s\u00f5rmus 5,25 ct laboris kasvatatud teemantidega \u00fcmber kogu s\u00f5rmuse paistab silma elegantsi ja luksuslikkusega, Valmistatud Leedus","breadcrumb":{"@id":"https:\/\/fashiongold.lt\/et\/papuosalas\/5-25-ct-kullast-sormus-laboriteemantidega\/#breadcrumb"},"inLanguage":"et","potentialAction":[{"@type":"ReadAction","target":["https:\/\/fashiongold.lt\/et\/papuosalas\/5-25-ct-kullast-sormus-laboriteemantidega\/"]}]},{"@type":"ImageObject","inLanguage":"et","@id":"https:\/\/fashiongold.lt\/et\/papuosalas\/5-25-ct-kullast-sormus-laboriteemantidega\/#primaryimage","url":"https:\/\/fashiongold.lt\/wp-content\/uploads\/2025\/10\/10408-399-5.25-ct-auksinis-ziedas-su-Lab-diamonds.png","contentUrl":"https:\/\/fashiongold.lt\/wp-content\/uploads\/2025\/10\/10408-399-5.25-ct-auksinis-ziedas-su-Lab-diamonds.png","width":1000,"height":1000},{"@type":"BreadcrumbList","@id":"https:\/\/fashiongold.lt\/et\/papuosalas\/5-25-ct-kullast-sormus-laboriteemantidega\/#breadcrumb","itemListElement":[{"@type":"ListItem","position":1,"name":"Home","item":"https:\/\/fashiongold.lt\/et\/"},{"@type":"ListItem","position":2,"name":"Teemantide pood Fashiongold.lt","item":"https:\/\/fashiongold.lt\/shop-2\/"},{"@type":"ListItem","position":3,"name":"5.25 ct kullast s\u00f5rmus laboriteemantidega"}]},{"@type":"WebSite","@id":"https:\/\/fashiongold.lt\/et\/#website","url":"https:\/\/fashiongold.lt\/et\/","name":"Fashion Gold","description":"Juvelyrikos namai","publisher":{"@id":"https:\/\/fashiongold.lt\/et\/#organization"},"potentialAction":[{"@type":"SearchAction","target":{"@type":"EntryPoint","urlTemplate":"https:\/\/fashiongold.lt\/et\/?s={search_term_string}"},"query-input":{"@type":"PropertyValueSpecification","valueRequired":true,"valueName":"search_term_string"}}],"inLanguage":"et"},{"@type":"Organization","@id":"https:\/\/fashiongold.lt\/et\/#organization","name":"Topdiamonds Online","url":"https:\/\/fashiongold.lt\/et\/","logo":{"@type":"ImageObject","inLanguage":"et","@id":"https:\/\/fashiongold.lt\/et\/#\/schema\/logo\/image\/","url":"https:\/\/fashiongold.lt\/wp-content\/uploads\/2025\/04\/cropped-fashion_gold_logotipas2-scaled-1.png","contentUrl":"https:\/\/fashiongold.lt\/wp-content\/uploads\/2025\/04\/cropped-fashion_gold_logotipas2-scaled-1.png","width":2559,"height":421,"caption":"Topdiamonds Online"},"image":{"@id":"https:\/\/fashiongold.lt\/et\/#\/schema\/logo\/image\/"}}]}},"_links":{"self":[{"href":"https:\/\/fashiongold.lt\/et\/wp-json\/wp\/v2\/product\/282547","targetHints":{"allow":["GET"]}}],"collection":[{"href":"https:\/\/fashiongold.lt\/et\/wp-json\/wp\/v2\/product"}],"about":[{"href":"https:\/\/fashiongold.lt\/et\/wp-json\/wp\/v2\/types\/product"}],"version-history":[{"count":0,"href":"https:\/\/fashiongold.lt\/et\/wp-json\/wp\/v2\/product\/282547\/revisions"}],"wp:featuredmedia":[{"embeddable":true,"href":"https:\/\/fashiongold.lt\/et\/wp-json\/wp\/v2\/media\/200301"}],"wp:attachment":[{"href":"https:\/\/fashiongold.lt\/et\/wp-json\/wp\/v2\/media?parent=282547"}],"wp:term":[{"taxonomy":"product_brand","embeddable":true,"href":"https:\/\/fashiongold.lt\/et\/wp-json\/wp\/v2\/product_brand?post=282547"},{"taxonomy":"product_cat","embeddable":true,"href":"https:\/\/fashiongold.lt\/et\/wp-json\/wp\/v2\/product_cat?post=282547"},{"taxonomy":"product_tag","embeddable":true,"href":"https:\/\/fashiongold.lt\/et\/wp-json\/wp\/v2\/product_tag?post=282547"}],"curies":[{"name":"wp","href":"https:\/\/api.w.org\/{rel}","templated":true}]}}