{"id":282667,"date":"2025-10-14T16:49:21","date_gmt":"2025-10-14T16:49:21","guid":{"rendered":"https:\/\/fashiongold.lt\/papuosalas\/5-mm-plaatinast-abielusormus-concave\/"},"modified":"2025-10-14T16:49:21","modified_gmt":"2025-10-14T16:49:21","slug":"5-mm-plaatinast-abielusormus-concave","status":"publish","type":"product","link":"https:\/\/fashiongold.lt\/et\/papuosalas\/5-mm-plaatinast-abielusormus-concave\/","title":{"rendered":"5 mm plaatinast abielus\u00f5rmus Concave"},"content":{"rendered":"<p>&#8220;Gerstner&#8221;, Saksamaa abielus\u00f5rmuste tootja, kellel on 150-aastane kogemus, pakub k\u00f5rgeima kvaliteediga s\u00f5rmuseid. Leedus on kvaliteetset plaatinast abielus\u00f5rmust keeruline valmistada, sest see n\u00f5uab k\u00f5rgetasemelist toormaterjali, spetsiaalseid t\u00f6\u00f6riistu, k\u00f5rget temperatuuri ja kogemust. Seet\u00f5ttu soovitame valida Saksamaal valmistatud abielus\u00f5rmused, mis vastavad k\u00f5rgeimatele standarditele.<\/p>\n<p>S\u00f5rmust on v\u00f5imalik valmistada tellimust\u00f6\u00f6na: l\u00e4ikiva v\u00f5i mati tekstuuriga, lisatasu eest erineva laiusega ning kaunistatud teemandi v\u00f5i teemantidega. See on erakordne valik neile, kes v\u00e4\u00e4rtustavad k\u00f5rget kvaliteeti ja mugavustaset.\u00a0<\/p>\n<p>\u2022 S\u00f5rmuse metall: 600 plaatina<\/p>\n<p>\u2022 S\u00f5rmuse v\u00e4rvus: valge<\/p>\n<p>\u2022 S\u00f5rmuse kaal (s\u00f5ltub suurusest ja proovist): umbes 4,50-5,50 g\u00a0 \u00a0 \u00a0 \u00a0<\/p>\n<p>\u2022 S\u00f5rmuse m\u00f5\u00f5tmed: laius 5,00 mm (muudetav)\u00a0 \u00a0<\/p>\n<p>\u2022 S\u00f5rmuse mugavustsoon: olemas\u00a0\u00a0 \u00a0 \u00a0\u00a0\u00a0 \u00a0 \u00a0\u00a0\u00a0<\/p>\n<p>\u2022 Sertifikaat: Saksamaa<\/p>\n<p>\u2022 Graveerimine tasuta<\/p>\n<p>\u2022 \u00dchekordne tasuta s\u00f5rmuse suuruse muutmise garantii<\/p>\n<p>\u2022 Tootmis- ja tarneaeg alates 14 t\u00f6\u00f6p\u00e4evast, kiirtellimusena 3 t\u00f6\u00f6p\u00e4eva jooksul.<\/p>\n<p><strong>Kas teil on oma kulda? V\u00f5tke \u00fchendust, arvutame hinna \u00fcmber \u2013 maksate vaid s\u00f5rmuste valmistamise eest.<\/strong><\/p>\n","protected":false},"excerpt":{"rendered":"<p>Moodne 5 mm plaatinast abielus\u00f5rmus, valminud k\u00e4sit\u00f6\u00f6na. K\u00f5rgeima kvaliteediga s\u00f5rmus Saksamaalt. S\u00f5rmuse pind on sissepoole n\u00f5gus, mis kaitseb kriimustuste eest, ning s\u00f5rmuse sisek\u00fclg on \u00fcmar \u2013 see on mugavustsoon, mis tagab maksimaalse mugavuse. Valmistatud Saksamaal, j\u00e4rgides k\u00f5rgeimaid standardeid.<\/p>\n","protected":false},"featured_media":199446,"template":"","meta":{"site-sidebar-layout":"","site-content-layout":"","ast-site-content-layout":"","site-content-style":"","site-sidebar-style":"","ast-global-header-display":"","ast-banner-title-visibility":"","ast-main-header-display":"","ast-hfb-above-header-display":"","ast-hfb-below-header-display":"","ast-hfb-mobile-header-display":"","site-post-title":"","ast-breadcrumbs-content":"","ast-featured-img":"","footer-sml-layout":"","ast-disable-related-posts":"","theme-transparent-header-meta":"","adv-header-id-meta":"","stick-header-meta":"","header-above-stick-meta":"","header-main-stick-meta":"","header-below-stick-meta":"","astra-migrate-meta-layouts":"default","ast-page-background-enabled":"default","ast-page-background-meta":{"desktop":{"background-color":"var(--ast-global-color-4)","background-image":"","background-repeat":"repeat","background-position":"center center","background-size":"auto","background-attachment":"scroll","background-type":"","background-media":"","overlay-type":"","overlay-color":"","overlay-opacity":"","overlay-gradient":""},"tablet":{"background-color":"","background-image":"","background-repeat":"repeat","background-position":"center center","background-size":"auto","background-attachment":"scroll","background-type":"","background-media":"","overlay-type":"","overlay-color":"","overlay-opacity":"","overlay-gradient":""},"mobile":{"background-color":"","background-image":"","background-repeat":"repeat","background-position":"center center","background-size":"auto","background-attachment":"scroll","background-type":"","background-media":"","overlay-type":"","overlay-color":"","overlay-opacity":"","overlay-gradient":""}},"ast-content-background-meta":{"desktop":{"background-color":"var(--ast-global-color-5)","background-image":"","background-repeat":"repeat","background-position":"center center","background-size":"auto","background-attachment":"scroll","background-type":"","background-media":"","overlay-type":"","overlay-color":"","overlay-opacity":"","overlay-gradient":""},"tablet":{"background-color":"var(--ast-global-color-5)","background-image":"","background-repeat":"repeat","background-position":"center center","background-size":"auto","background-attachment":"scroll","background-type":"","background-media":"","overlay-type":"","overlay-color":"","overlay-opacity":"","overlay-gradient":""},"mobile":{"background-color":"var(--ast-global-color-5)","background-image":"","background-repeat":"repeat","background-position":"center center","background-size":"auto","background-attachment":"scroll","background-type":"","background-media":"","overlay-type":"","overlay-color":"","overlay-opacity":"","overlay-gradient":""}}},"product_brand":[],"product_cat":[3594,3768,3567,3777],"product_tag":[],"class_list":{"0":"post-282667","1":"product","2":"type-product","3":"status-publish","4":"has-post-thumbnail","6":"product_cat-abielusormused","7":"product_cat-meeste-abielusormused","8":"product_cat-naiste-abielusormused","9":"product_cat-plaatinast-abielusormused","10":"desktop-align-center","11":"tablet-align-left","12":"mobile-align-left","13":"ast-product-gallery-layout-horizontal-slider","14":"ast-product-gallery-with-no-image","15":"ast-product-single-variable","16":"ast-product-tabs-layout-accordion","17":"ast-qv-on-image","19":"first","20":"instock","21":"taxable","22":"shipping-taxable","23":"purchasable","24":"product-type-variable"},"yoast_head":"<!-- This site is optimized with the Yoast SEO plugin v26.6 - https:\/\/yoast.com\/wordpress\/plugins\/seo\/ -->\n<title>5 mm plaatinast abielus\u00f5rmus Concave I FashionGold<\/title>\n<meta name=\"description\" content=\"S\u00f5rmuse v\u00e4lisk\u00fclg on sissepoole n\u00f5gus, mis kaitseb kriimustuste eest, ja s\u00f5rmuse sisemus on \u00fcmar \u2013 see on mugavustsoon. Valmistatud Saksamaal. Tasuta tarne.\" \/>\n<meta name=\"robots\" content=\"index, follow, max-snippet:-1, max-image-preview:large, max-video-preview:-1\" \/>\n<link rel=\"canonical\" href=\"https:\/\/fashiongold.lt\/et\/papuosalas\/5-mm-plaatinast-abielusormus-concave\/\" \/>\n<meta property=\"og:locale\" content=\"et_EE\" \/>\n<meta property=\"og:type\" content=\"article\" \/>\n<meta property=\"og:title\" content=\"5 mm plaatinast abielus\u00f5rmus Concave I FashionGold\" \/>\n<meta property=\"og:description\" content=\"S\u00f5rmuse v\u00e4lisk\u00fclg on sissepoole n\u00f5gus, mis kaitseb kriimustuste eest, ja s\u00f5rmuse sisemus on \u00fcmar \u2013 see on mugavustsoon. Valmistatud Saksamaal. Tasuta tarne.\" \/>\n<meta property=\"og:url\" content=\"https:\/\/fashiongold.lt\/et\/papuosalas\/5-mm-plaatinast-abielusormus-concave\/\" \/>\n<meta property=\"og:site_name\" content=\"FashionGold.lt\" \/>\n<meta property=\"og:image\" content=\"https:\/\/fashiongold.lt\/wp-content\/uploads\/2025\/10\/9418-31e-5-mm-vestuvinis-ziedas-is-platinos-Concave.webp\" \/>\n\t<meta property=\"og:image:width\" content=\"1000\" \/>\n\t<meta property=\"og:image:height\" content=\"1000\" \/>\n\t<meta property=\"og:image:type\" content=\"image\/png\" \/>\n<meta name=\"twitter:card\" content=\"summary_large_image\" \/>\n<meta name=\"twitter:label1\" content=\"Est. reading time\" \/>\n\t<meta name=\"twitter:data1\" content=\"1 minut\" \/>\n<script type=\"application\/ld+json\" class=\"yoast-schema-graph\">{\"@context\":\"https:\/\/schema.org\",\"@graph\":[{\"@type\":\"WebPage\",\"@id\":\"https:\/\/fashiongold.lt\/et\/papuosalas\/5-mm-plaatinast-abielusormus-concave\/\",\"url\":\"https:\/\/fashiongold.lt\/et\/papuosalas\/5-mm-plaatinast-abielusormus-concave\/\",\"name\":\"5 mm plaatinast abielus\u00f5rmus Concave I FashionGold\",\"isPartOf\":{\"@id\":\"https:\/\/fashiongold.lt\/et\/#website\"},\"primaryImageOfPage\":{\"@id\":\"https:\/\/fashiongold.lt\/et\/papuosalas\/5-mm-plaatinast-abielusormus-concave\/#primaryimage\"},\"image\":{\"@id\":\"https:\/\/fashiongold.lt\/et\/papuosalas\/5-mm-plaatinast-abielusormus-concave\/#primaryimage\"},\"thumbnailUrl\":\"https:\/\/fashiongold.lt\/wp-content\/uploads\/2025\/10\/9418-31e-5-mm-vestuvinis-ziedas-is-platinos-Concave.png\",\"datePublished\":\"2025-10-14T16:49:21+00:00\",\"description\":\"S\u00f5rmuse v\u00e4lisk\u00fclg on sissepoole n\u00f5gus, mis kaitseb kriimustuste eest, ja s\u00f5rmuse sisemus on \u00fcmar \u2013 see on mugavustsoon. Valmistatud Saksamaal. Tasuta tarne.\",\"breadcrumb\":{\"@id\":\"https:\/\/fashiongold.lt\/et\/papuosalas\/5-mm-plaatinast-abielusormus-concave\/#breadcrumb\"},\"inLanguage\":\"et\",\"potentialAction\":[{\"@type\":\"ReadAction\",\"target\":[\"https:\/\/fashiongold.lt\/et\/papuosalas\/5-mm-plaatinast-abielusormus-concave\/\"]}]},{\"@type\":\"ImageObject\",\"inLanguage\":\"et\",\"@id\":\"https:\/\/fashiongold.lt\/et\/papuosalas\/5-mm-plaatinast-abielusormus-concave\/#primaryimage\",\"url\":\"https:\/\/fashiongold.lt\/wp-content\/uploads\/2025\/10\/9418-31e-5-mm-vestuvinis-ziedas-is-platinos-Concave.png\",\"contentUrl\":\"https:\/\/fashiongold.lt\/wp-content\/uploads\/2025\/10\/9418-31e-5-mm-vestuvinis-ziedas-is-platinos-Concave.png\",\"width\":1000,\"height\":1000},{\"@type\":\"BreadcrumbList\",\"@id\":\"https:\/\/fashiongold.lt\/et\/papuosalas\/5-mm-plaatinast-abielusormus-concave\/#breadcrumb\",\"itemListElement\":[{\"@type\":\"ListItem\",\"position\":1,\"name\":\"Home\",\"item\":\"https:\/\/fashiongold.lt\/et\/\"},{\"@type\":\"ListItem\",\"position\":2,\"name\":\"Teemantide pood Fashiongold.lt\",\"item\":\"https:\/\/fashiongold.lt\/shop-2\/\"},{\"@type\":\"ListItem\",\"position\":3,\"name\":\"5 mm plaatinast abielus\u00f5rmus Concave\"}]},{\"@type\":\"WebSite\",\"@id\":\"https:\/\/fashiongold.lt\/et\/#website\",\"url\":\"https:\/\/fashiongold.lt\/et\/\",\"name\":\"Fashion Gold\",\"description\":\"Juvelyrikos namai\",\"publisher\":{\"@id\":\"https:\/\/fashiongold.lt\/et\/#organization\"},\"potentialAction\":[{\"@type\":\"SearchAction\",\"target\":{\"@type\":\"EntryPoint\",\"urlTemplate\":\"https:\/\/fashiongold.lt\/et\/?s={search_term_string}\"},\"query-input\":{\"@type\":\"PropertyValueSpecification\",\"valueRequired\":true,\"valueName\":\"search_term_string\"}}],\"inLanguage\":\"et\"},{\"@type\":\"Organization\",\"@id\":\"https:\/\/fashiongold.lt\/et\/#organization\",\"name\":\"Topdiamonds Online\",\"url\":\"https:\/\/fashiongold.lt\/et\/\",\"logo\":{\"@type\":\"ImageObject\",\"inLanguage\":\"et\",\"@id\":\"https:\/\/fashiongold.lt\/et\/#\/schema\/logo\/image\/\",\"url\":\"https:\/\/fashiongold.lt\/wp-content\/uploads\/2025\/04\/cropped-fashion_gold_logotipas2-scaled-1.png\",\"contentUrl\":\"https:\/\/fashiongold.lt\/wp-content\/uploads\/2025\/04\/cropped-fashion_gold_logotipas2-scaled-1.png\",\"width\":2559,\"height\":421,\"caption\":\"Topdiamonds Online\"},\"image\":{\"@id\":\"https:\/\/fashiongold.lt\/et\/#\/schema\/logo\/image\/\"}}]}<\/script>\n<!-- \/ Yoast SEO plugin. -->","yoast_head_json":{"title":"5 mm plaatinast abielus\u00f5rmus Concave I FashionGold","description":"S\u00f5rmuse v\u00e4lisk\u00fclg on sissepoole n\u00f5gus, mis kaitseb kriimustuste eest, ja s\u00f5rmuse sisemus on \u00fcmar \u2013 see on mugavustsoon. Valmistatud Saksamaal. Tasuta tarne.","robots":{"index":"index","follow":"follow","max-snippet":"max-snippet:-1","max-image-preview":"max-image-preview:large","max-video-preview":"max-video-preview:-1"},"canonical":"https:\/\/fashiongold.lt\/et\/papuosalas\/5-mm-plaatinast-abielusormus-concave\/","og_locale":"et_EE","og_type":"article","og_title":"5 mm plaatinast abielus\u00f5rmus Concave I FashionGold","og_description":"S\u00f5rmuse v\u00e4lisk\u00fclg on sissepoole n\u00f5gus, mis kaitseb kriimustuste eest, ja s\u00f5rmuse sisemus on \u00fcmar \u2013 see on mugavustsoon. Valmistatud Saksamaal. Tasuta tarne.","og_url":"https:\/\/fashiongold.lt\/et\/papuosalas\/5-mm-plaatinast-abielusormus-concave\/","og_site_name":"FashionGold.lt","og_image":[{"width":1000,"height":1000,"url":"https:\/\/fashiongold.lt\/wp-content\/uploads\/2025\/10\/9418-31e-5-mm-vestuvinis-ziedas-is-platinos-Concave.webp","type":"image\/png"}],"twitter_card":"summary_large_image","twitter_misc":{"Est. reading time":"1 minut"},"schema":{"@context":"https:\/\/schema.org","@graph":[{"@type":"WebPage","@id":"https:\/\/fashiongold.lt\/et\/papuosalas\/5-mm-plaatinast-abielusormus-concave\/","url":"https:\/\/fashiongold.lt\/et\/papuosalas\/5-mm-plaatinast-abielusormus-concave\/","name":"5 mm plaatinast abielus\u00f5rmus Concave I FashionGold","isPartOf":{"@id":"https:\/\/fashiongold.lt\/et\/#website"},"primaryImageOfPage":{"@id":"https:\/\/fashiongold.lt\/et\/papuosalas\/5-mm-plaatinast-abielusormus-concave\/#primaryimage"},"image":{"@id":"https:\/\/fashiongold.lt\/et\/papuosalas\/5-mm-plaatinast-abielusormus-concave\/#primaryimage"},"thumbnailUrl":"https:\/\/fashiongold.lt\/wp-content\/uploads\/2025\/10\/9418-31e-5-mm-vestuvinis-ziedas-is-platinos-Concave.png","datePublished":"2025-10-14T16:49:21+00:00","description":"S\u00f5rmuse v\u00e4lisk\u00fclg on sissepoole n\u00f5gus, mis kaitseb kriimustuste eest, ja s\u00f5rmuse sisemus on \u00fcmar \u2013 see on mugavustsoon. Valmistatud Saksamaal. Tasuta tarne.","breadcrumb":{"@id":"https:\/\/fashiongold.lt\/et\/papuosalas\/5-mm-plaatinast-abielusormus-concave\/#breadcrumb"},"inLanguage":"et","potentialAction":[{"@type":"ReadAction","target":["https:\/\/fashiongold.lt\/et\/papuosalas\/5-mm-plaatinast-abielusormus-concave\/"]}]},{"@type":"ImageObject","inLanguage":"et","@id":"https:\/\/fashiongold.lt\/et\/papuosalas\/5-mm-plaatinast-abielusormus-concave\/#primaryimage","url":"https:\/\/fashiongold.lt\/wp-content\/uploads\/2025\/10\/9418-31e-5-mm-vestuvinis-ziedas-is-platinos-Concave.png","contentUrl":"https:\/\/fashiongold.lt\/wp-content\/uploads\/2025\/10\/9418-31e-5-mm-vestuvinis-ziedas-is-platinos-Concave.png","width":1000,"height":1000},{"@type":"BreadcrumbList","@id":"https:\/\/fashiongold.lt\/et\/papuosalas\/5-mm-plaatinast-abielusormus-concave\/#breadcrumb","itemListElement":[{"@type":"ListItem","position":1,"name":"Home","item":"https:\/\/fashiongold.lt\/et\/"},{"@type":"ListItem","position":2,"name":"Teemantide pood Fashiongold.lt","item":"https:\/\/fashiongold.lt\/shop-2\/"},{"@type":"ListItem","position":3,"name":"5 mm plaatinast abielus\u00f5rmus Concave"}]},{"@type":"WebSite","@id":"https:\/\/fashiongold.lt\/et\/#website","url":"https:\/\/fashiongold.lt\/et\/","name":"Fashion Gold","description":"Juvelyrikos namai","publisher":{"@id":"https:\/\/fashiongold.lt\/et\/#organization"},"potentialAction":[{"@type":"SearchAction","target":{"@type":"EntryPoint","urlTemplate":"https:\/\/fashiongold.lt\/et\/?s={search_term_string}"},"query-input":{"@type":"PropertyValueSpecification","valueRequired":true,"valueName":"search_term_string"}}],"inLanguage":"et"},{"@type":"Organization","@id":"https:\/\/fashiongold.lt\/et\/#organization","name":"Topdiamonds Online","url":"https:\/\/fashiongold.lt\/et\/","logo":{"@type":"ImageObject","inLanguage":"et","@id":"https:\/\/fashiongold.lt\/et\/#\/schema\/logo\/image\/","url":"https:\/\/fashiongold.lt\/wp-content\/uploads\/2025\/04\/cropped-fashion_gold_logotipas2-scaled-1.png","contentUrl":"https:\/\/fashiongold.lt\/wp-content\/uploads\/2025\/04\/cropped-fashion_gold_logotipas2-scaled-1.png","width":2559,"height":421,"caption":"Topdiamonds Online"},"image":{"@id":"https:\/\/fashiongold.lt\/et\/#\/schema\/logo\/image\/"}}]}},"_links":{"self":[{"href":"https:\/\/fashiongold.lt\/et\/wp-json\/wp\/v2\/product\/282667","targetHints":{"allow":["GET"]}}],"collection":[{"href":"https:\/\/fashiongold.lt\/et\/wp-json\/wp\/v2\/product"}],"about":[{"href":"https:\/\/fashiongold.lt\/et\/wp-json\/wp\/v2\/types\/product"}],"version-history":[{"count":0,"href":"https:\/\/fashiongold.lt\/et\/wp-json\/wp\/v2\/product\/282667\/revisions"}],"wp:featuredmedia":[{"embeddable":true,"href":"https:\/\/fashiongold.lt\/et\/wp-json\/wp\/v2\/media\/199446"}],"wp:attachment":[{"href":"https:\/\/fashiongold.lt\/et\/wp-json\/wp\/v2\/media?parent=282667"}],"wp:term":[{"taxonomy":"product_brand","embeddable":true,"href":"https:\/\/fashiongold.lt\/et\/wp-json\/wp\/v2\/product_brand?post=282667"},{"taxonomy":"product_cat","embeddable":true,"href":"https:\/\/fashiongold.lt\/et\/wp-json\/wp\/v2\/product_cat?post=282667"},{"taxonomy":"product_tag","embeddable":true,"href":"https:\/\/fashiongold.lt\/et\/wp-json\/wp\/v2\/product_tag?post=282667"}],"curies":[{"name":"wp","href":"https:\/\/api.w.org\/{rel}","templated":true}]}}