{"id":282737,"date":"2025-10-14T16:35:15","date_gmt":"2025-10-14T16:35:15","guid":{"rendered":"https:\/\/fashiongold.lt\/papuosalas\/5-mm-plaatinast-abielusormus-court\/"},"modified":"2025-10-14T16:35:15","modified_gmt":"2025-10-14T16:35:15","slug":"5-mm-plaatinast-abielusormus-court","status":"publish","type":"product","link":"https:\/\/fashiongold.lt\/et\/papuosalas\/5-mm-plaatinast-abielusormus-court\/","title":{"rendered":"5 mm plaatinast abielus\u00f5rmus Court"},"content":{"rendered":"<p>&#8220;Gerstner&#8221;, 150-aastase kogemusega Saksa abielus\u00f5rmuste tootja, pakub k\u00f5rgeima kvaliteediga s\u00f5rmuseid. Leedus on kvaliteetset plaatinast abielus\u00f5rmust keeruline valmistada, kuna see n\u00f5uab k\u00f5rgetasemelist toormaterjali, spetsiaalseid t\u00f6\u00f6riistu, k\u00f5rget temperatuuri ja kogemust. Seet\u00f5ttu soovitame valida Saksamaal valmistatud abielus\u00f5rmused, mis vastavad k\u00f5rgeimatele standarditele.<\/p>\n<p>S\u00f5rmust saab valmistada tellimust\u00f6\u00f6na: l\u00e4ikiva v\u00f5i mati tekstuuriga, lisatasu eest erineva laiusega ning kaunistatuna teemandi v\u00f5i teemantidega.<\/p>\n<p>\u2022 S\u00f5rmuse metall: 600 plaatina<\/p>\n<p>\u2022 S\u00f5rmuse v\u00e4rvus: valge<\/p>\n<p>\u2022 S\u00f5rmuse kaal (s\u00f5ltub suurusest ja proovist): umbes 4,50-8,50 g        <\/p>\n<p>\u2022 S\u00f5rmuse m\u00f5\u00f5tmed: laius 5,00 mm (v\u00f5imalik muuta)   <\/p>\n<p>\u2022 S\u00f5rmuse mugavustsoon: olemas                <\/p>\n<p>\u2022 Sertifikaat: Saksa<\/p>\n<p>\u2022 Graveerimine tasuta<\/p>\n<p>\u2022 \u00dchekordne tasuta s\u00f5rmuse suuruse muutmise garantii<\/p>\n<p>\u2022 Valmistamis- ja tarneaeg alates 14 t\u00f6\u00f6p\u00e4evast, kiirtellimusel 3 t\u00f6\u00f6p\u00e4eva jooksul.<\/p>\n<p><strong>On teil oma kulda? V\u00f5tke \u00fchendust, arvutame hinna \u00fcmber \u2013 maksate vaid s\u00f5rmuste valmistamise eest.<\/strong><\/p>\n","protected":false},"excerpt":{"rendered":"<p>5 mm klassikaline k\u00e4sit\u00f6\u00f6na valminud plaatinast abielus\u00f5rmus. S\u00f5rmuse k\u00f5rgeim kvaliteet Saksamaalt. S\u00f5rmuse kumer kuju nii seest kui ka v\u00e4ljast tagab maksimaalse mugavuse igap\u00e4evaseks kandmiseks. See on eksklusiivne valik neile, kes hindavad k\u00f5rget kvaliteeti ja mugavustaset. Valmistatud Saksamaal \u2013 vastavalt k\u00f5rgeimatele standarditele.<\/p>\n","protected":false},"featured_media":198994,"template":"","meta":{"site-sidebar-layout":"","site-content-layout":"","ast-site-content-layout":"","site-content-style":"","site-sidebar-style":"","ast-global-header-display":"","ast-banner-title-visibility":"","ast-main-header-display":"","ast-hfb-above-header-display":"","ast-hfb-below-header-display":"","ast-hfb-mobile-header-display":"","site-post-title":"","ast-breadcrumbs-content":"","ast-featured-img":"","footer-sml-layout":"","ast-disable-related-posts":"","theme-transparent-header-meta":"","adv-header-id-meta":"","stick-header-meta":"","header-above-stick-meta":"","header-main-stick-meta":"","header-below-stick-meta":"","astra-migrate-meta-layouts":"default","ast-page-background-enabled":"default","ast-page-background-meta":{"desktop":{"background-color":"var(--ast-global-color-4)","background-image":"","background-repeat":"repeat","background-position":"center center","background-size":"auto","background-attachment":"scroll","background-type":"","background-media":"","overlay-type":"","overlay-color":"","overlay-opacity":"","overlay-gradient":""},"tablet":{"background-color":"","background-image":"","background-repeat":"repeat","background-position":"center center","background-size":"auto","background-attachment":"scroll","background-type":"","background-media":"","overlay-type":"","overlay-color":"","overlay-opacity":"","overlay-gradient":""},"mobile":{"background-color":"","background-image":"","background-repeat":"repeat","background-position":"center center","background-size":"auto","background-attachment":"scroll","background-type":"","background-media":"","overlay-type":"","overlay-color":"","overlay-opacity":"","overlay-gradient":""}},"ast-content-background-meta":{"desktop":{"background-color":"var(--ast-global-color-5)","background-image":"","background-repeat":"repeat","background-position":"center center","background-size":"auto","background-attachment":"scroll","background-type":"","background-media":"","overlay-type":"","overlay-color":"","overlay-opacity":"","overlay-gradient":""},"tablet":{"background-color":"var(--ast-global-color-5)","background-image":"","background-repeat":"repeat","background-position":"center center","background-size":"auto","background-attachment":"scroll","background-type":"","background-media":"","overlay-type":"","overlay-color":"","overlay-opacity":"","overlay-gradient":""},"mobile":{"background-color":"var(--ast-global-color-5)","background-image":"","background-repeat":"repeat","background-position":"center center","background-size":"auto","background-attachment":"scroll","background-type":"","background-media":"","overlay-type":"","overlay-color":"","overlay-opacity":"","overlay-gradient":""}}},"product_brand":[],"product_cat":[3594,3768,3567,3777],"product_tag":[],"class_list":{"0":"post-282737","1":"product","2":"type-product","3":"status-publish","4":"has-post-thumbnail","6":"product_cat-abielusormused","7":"product_cat-meeste-abielusormused","8":"product_cat-naiste-abielusormused","9":"product_cat-plaatinast-abielusormused","10":"desktop-align-center","11":"tablet-align-left","12":"mobile-align-left","13":"ast-product-gallery-layout-horizontal-slider","14":"ast-product-gallery-with-no-image","15":"ast-product-single-variable","16":"ast-product-tabs-layout-accordion","17":"ast-qv-on-image","19":"first","20":"instock","21":"taxable","22":"shipping-taxable","23":"purchasable","24":"product-type-variable"},"yoast_head":"<!-- This site is optimized with the Yoast SEO plugin v26.6 - https:\/\/yoast.com\/wordpress\/plugins\/seo\/ -->\n<title>5 mm plaatinast abielus\u00f5rmus Court I FashionGold<\/title>\n<meta name=\"description\" content=\"5 mm plaatinast abielus\u00f5rmus K\u00f5rge kvaliteediga s\u00f5rmus Saksamaalt S\u00f5rmuse kumer kuju seest ja v\u00e4ljast maksimaalse mugavuse tagamiseks Tasuta tarne\" \/>\n<meta name=\"robots\" content=\"index, follow, max-snippet:-1, max-image-preview:large, max-video-preview:-1\" \/>\n<link rel=\"canonical\" href=\"https:\/\/fashiongold.lt\/et\/papuosalas\/5-mm-plaatinast-abielusormus-court\/\" \/>\n<meta property=\"og:locale\" content=\"et_EE\" \/>\n<meta property=\"og:type\" content=\"article\" \/>\n<meta property=\"og:title\" content=\"5 mm plaatinast abielus\u00f5rmus Court I FashionGold\" \/>\n<meta property=\"og:description\" content=\"5 mm plaatinast abielus\u00f5rmus K\u00f5rge kvaliteediga s\u00f5rmus Saksamaalt S\u00f5rmuse kumer kuju seest ja v\u00e4ljast maksimaalse mugavuse tagamiseks Tasuta tarne\" \/>\n<meta property=\"og:url\" content=\"https:\/\/fashiongold.lt\/et\/papuosalas\/5-mm-plaatinast-abielusormus-court\/\" \/>\n<meta property=\"og:site_name\" content=\"FashionGold.lt\" \/>\n<meta property=\"og:image\" content=\"https:\/\/fashiongold.lt\/wp-content\/uploads\/2025\/10\/9350-2ab-5-mm-vestuvinis-ziedas-is-platinos-Court.webp\" \/>\n\t<meta property=\"og:image:width\" content=\"1000\" \/>\n\t<meta property=\"og:image:height\" content=\"1000\" \/>\n\t<meta property=\"og:image:type\" content=\"image\/png\" \/>\n<meta name=\"twitter:card\" content=\"summary_large_image\" \/>\n<meta name=\"twitter:label1\" content=\"Est. reading time\" \/>\n\t<meta name=\"twitter:data1\" content=\"1 minut\" \/>\n<script type=\"application\/ld+json\" class=\"yoast-schema-graph\">{\"@context\":\"https:\/\/schema.org\",\"@graph\":[{\"@type\":\"WebPage\",\"@id\":\"https:\/\/fashiongold.lt\/et\/papuosalas\/5-mm-plaatinast-abielusormus-court\/\",\"url\":\"https:\/\/fashiongold.lt\/et\/papuosalas\/5-mm-plaatinast-abielusormus-court\/\",\"name\":\"5 mm plaatinast abielus\u00f5rmus Court I FashionGold\",\"isPartOf\":{\"@id\":\"https:\/\/fashiongold.lt\/et\/#website\"},\"primaryImageOfPage\":{\"@id\":\"https:\/\/fashiongold.lt\/et\/papuosalas\/5-mm-plaatinast-abielusormus-court\/#primaryimage\"},\"image\":{\"@id\":\"https:\/\/fashiongold.lt\/et\/papuosalas\/5-mm-plaatinast-abielusormus-court\/#primaryimage\"},\"thumbnailUrl\":\"https:\/\/fashiongold.lt\/wp-content\/uploads\/2025\/10\/9350-2ab-5-mm-vestuvinis-ziedas-is-platinos-Court.png\",\"datePublished\":\"2025-10-14T16:35:15+00:00\",\"description\":\"5 mm plaatinast abielus\u00f5rmus K\u00f5rge kvaliteediga s\u00f5rmus Saksamaalt S\u00f5rmuse kumer kuju seest ja v\u00e4ljast maksimaalse mugavuse tagamiseks Tasuta tarne\",\"breadcrumb\":{\"@id\":\"https:\/\/fashiongold.lt\/et\/papuosalas\/5-mm-plaatinast-abielusormus-court\/#breadcrumb\"},\"inLanguage\":\"et\",\"potentialAction\":[{\"@type\":\"ReadAction\",\"target\":[\"https:\/\/fashiongold.lt\/et\/papuosalas\/5-mm-plaatinast-abielusormus-court\/\"]}]},{\"@type\":\"ImageObject\",\"inLanguage\":\"et\",\"@id\":\"https:\/\/fashiongold.lt\/et\/papuosalas\/5-mm-plaatinast-abielusormus-court\/#primaryimage\",\"url\":\"https:\/\/fashiongold.lt\/wp-content\/uploads\/2025\/10\/9350-2ab-5-mm-vestuvinis-ziedas-is-platinos-Court.png\",\"contentUrl\":\"https:\/\/fashiongold.lt\/wp-content\/uploads\/2025\/10\/9350-2ab-5-mm-vestuvinis-ziedas-is-platinos-Court.png\",\"width\":1000,\"height\":1000},{\"@type\":\"BreadcrumbList\",\"@id\":\"https:\/\/fashiongold.lt\/et\/papuosalas\/5-mm-plaatinast-abielusormus-court\/#breadcrumb\",\"itemListElement\":[{\"@type\":\"ListItem\",\"position\":1,\"name\":\"Home\",\"item\":\"https:\/\/fashiongold.lt\/et\/\"},{\"@type\":\"ListItem\",\"position\":2,\"name\":\"Teemantide pood Fashiongold.lt\",\"item\":\"https:\/\/fashiongold.lt\/shop-2\/\"},{\"@type\":\"ListItem\",\"position\":3,\"name\":\"5 mm plaatinast abielus\u00f5rmus Court\"}]},{\"@type\":\"WebSite\",\"@id\":\"https:\/\/fashiongold.lt\/et\/#website\",\"url\":\"https:\/\/fashiongold.lt\/et\/\",\"name\":\"Fashion Gold\",\"description\":\"Juvelyrikos namai\",\"publisher\":{\"@id\":\"https:\/\/fashiongold.lt\/et\/#organization\"},\"potentialAction\":[{\"@type\":\"SearchAction\",\"target\":{\"@type\":\"EntryPoint\",\"urlTemplate\":\"https:\/\/fashiongold.lt\/et\/?s={search_term_string}\"},\"query-input\":{\"@type\":\"PropertyValueSpecification\",\"valueRequired\":true,\"valueName\":\"search_term_string\"}}],\"inLanguage\":\"et\"},{\"@type\":\"Organization\",\"@id\":\"https:\/\/fashiongold.lt\/et\/#organization\",\"name\":\"Topdiamonds Online\",\"url\":\"https:\/\/fashiongold.lt\/et\/\",\"logo\":{\"@type\":\"ImageObject\",\"inLanguage\":\"et\",\"@id\":\"https:\/\/fashiongold.lt\/et\/#\/schema\/logo\/image\/\",\"url\":\"https:\/\/fashiongold.lt\/wp-content\/uploads\/2025\/04\/cropped-fashion_gold_logotipas2-scaled-1.png\",\"contentUrl\":\"https:\/\/fashiongold.lt\/wp-content\/uploads\/2025\/04\/cropped-fashion_gold_logotipas2-scaled-1.png\",\"width\":2559,\"height\":421,\"caption\":\"Topdiamonds Online\"},\"image\":{\"@id\":\"https:\/\/fashiongold.lt\/et\/#\/schema\/logo\/image\/\"}}]}<\/script>\n<!-- \/ Yoast SEO plugin. -->","yoast_head_json":{"title":"5 mm plaatinast abielus\u00f5rmus Court I FashionGold","description":"5 mm plaatinast abielus\u00f5rmus K\u00f5rge kvaliteediga s\u00f5rmus Saksamaalt S\u00f5rmuse kumer kuju seest ja v\u00e4ljast maksimaalse mugavuse tagamiseks Tasuta tarne","robots":{"index":"index","follow":"follow","max-snippet":"max-snippet:-1","max-image-preview":"max-image-preview:large","max-video-preview":"max-video-preview:-1"},"canonical":"https:\/\/fashiongold.lt\/et\/papuosalas\/5-mm-plaatinast-abielusormus-court\/","og_locale":"et_EE","og_type":"article","og_title":"5 mm plaatinast abielus\u00f5rmus Court I FashionGold","og_description":"5 mm plaatinast abielus\u00f5rmus K\u00f5rge kvaliteediga s\u00f5rmus Saksamaalt S\u00f5rmuse kumer kuju seest ja v\u00e4ljast maksimaalse mugavuse tagamiseks Tasuta tarne","og_url":"https:\/\/fashiongold.lt\/et\/papuosalas\/5-mm-plaatinast-abielusormus-court\/","og_site_name":"FashionGold.lt","og_image":[{"width":1000,"height":1000,"url":"https:\/\/fashiongold.lt\/wp-content\/uploads\/2025\/10\/9350-2ab-5-mm-vestuvinis-ziedas-is-platinos-Court.webp","type":"image\/png"}],"twitter_card":"summary_large_image","twitter_misc":{"Est. reading time":"1 minut"},"schema":{"@context":"https:\/\/schema.org","@graph":[{"@type":"WebPage","@id":"https:\/\/fashiongold.lt\/et\/papuosalas\/5-mm-plaatinast-abielusormus-court\/","url":"https:\/\/fashiongold.lt\/et\/papuosalas\/5-mm-plaatinast-abielusormus-court\/","name":"5 mm plaatinast abielus\u00f5rmus Court I FashionGold","isPartOf":{"@id":"https:\/\/fashiongold.lt\/et\/#website"},"primaryImageOfPage":{"@id":"https:\/\/fashiongold.lt\/et\/papuosalas\/5-mm-plaatinast-abielusormus-court\/#primaryimage"},"image":{"@id":"https:\/\/fashiongold.lt\/et\/papuosalas\/5-mm-plaatinast-abielusormus-court\/#primaryimage"},"thumbnailUrl":"https:\/\/fashiongold.lt\/wp-content\/uploads\/2025\/10\/9350-2ab-5-mm-vestuvinis-ziedas-is-platinos-Court.png","datePublished":"2025-10-14T16:35:15+00:00","description":"5 mm plaatinast abielus\u00f5rmus K\u00f5rge kvaliteediga s\u00f5rmus Saksamaalt S\u00f5rmuse kumer kuju seest ja v\u00e4ljast maksimaalse mugavuse tagamiseks Tasuta tarne","breadcrumb":{"@id":"https:\/\/fashiongold.lt\/et\/papuosalas\/5-mm-plaatinast-abielusormus-court\/#breadcrumb"},"inLanguage":"et","potentialAction":[{"@type":"ReadAction","target":["https:\/\/fashiongold.lt\/et\/papuosalas\/5-mm-plaatinast-abielusormus-court\/"]}]},{"@type":"ImageObject","inLanguage":"et","@id":"https:\/\/fashiongold.lt\/et\/papuosalas\/5-mm-plaatinast-abielusormus-court\/#primaryimage","url":"https:\/\/fashiongold.lt\/wp-content\/uploads\/2025\/10\/9350-2ab-5-mm-vestuvinis-ziedas-is-platinos-Court.png","contentUrl":"https:\/\/fashiongold.lt\/wp-content\/uploads\/2025\/10\/9350-2ab-5-mm-vestuvinis-ziedas-is-platinos-Court.png","width":1000,"height":1000},{"@type":"BreadcrumbList","@id":"https:\/\/fashiongold.lt\/et\/papuosalas\/5-mm-plaatinast-abielusormus-court\/#breadcrumb","itemListElement":[{"@type":"ListItem","position":1,"name":"Home","item":"https:\/\/fashiongold.lt\/et\/"},{"@type":"ListItem","position":2,"name":"Teemantide pood Fashiongold.lt","item":"https:\/\/fashiongold.lt\/shop-2\/"},{"@type":"ListItem","position":3,"name":"5 mm plaatinast abielus\u00f5rmus Court"}]},{"@type":"WebSite","@id":"https:\/\/fashiongold.lt\/et\/#website","url":"https:\/\/fashiongold.lt\/et\/","name":"Fashion Gold","description":"Juvelyrikos namai","publisher":{"@id":"https:\/\/fashiongold.lt\/et\/#organization"},"potentialAction":[{"@type":"SearchAction","target":{"@type":"EntryPoint","urlTemplate":"https:\/\/fashiongold.lt\/et\/?s={search_term_string}"},"query-input":{"@type":"PropertyValueSpecification","valueRequired":true,"valueName":"search_term_string"}}],"inLanguage":"et"},{"@type":"Organization","@id":"https:\/\/fashiongold.lt\/et\/#organization","name":"Topdiamonds Online","url":"https:\/\/fashiongold.lt\/et\/","logo":{"@type":"ImageObject","inLanguage":"et","@id":"https:\/\/fashiongold.lt\/et\/#\/schema\/logo\/image\/","url":"https:\/\/fashiongold.lt\/wp-content\/uploads\/2025\/04\/cropped-fashion_gold_logotipas2-scaled-1.png","contentUrl":"https:\/\/fashiongold.lt\/wp-content\/uploads\/2025\/04\/cropped-fashion_gold_logotipas2-scaled-1.png","width":2559,"height":421,"caption":"Topdiamonds Online"},"image":{"@id":"https:\/\/fashiongold.lt\/et\/#\/schema\/logo\/image\/"}}]}},"_links":{"self":[{"href":"https:\/\/fashiongold.lt\/et\/wp-json\/wp\/v2\/product\/282737","targetHints":{"allow":["GET"]}}],"collection":[{"href":"https:\/\/fashiongold.lt\/et\/wp-json\/wp\/v2\/product"}],"about":[{"href":"https:\/\/fashiongold.lt\/et\/wp-json\/wp\/v2\/types\/product"}],"version-history":[{"count":0,"href":"https:\/\/fashiongold.lt\/et\/wp-json\/wp\/v2\/product\/282737\/revisions"}],"wp:featuredmedia":[{"embeddable":true,"href":"https:\/\/fashiongold.lt\/et\/wp-json\/wp\/v2\/media\/198994"}],"wp:attachment":[{"href":"https:\/\/fashiongold.lt\/et\/wp-json\/wp\/v2\/media?parent=282737"}],"wp:term":[{"taxonomy":"product_brand","embeddable":true,"href":"https:\/\/fashiongold.lt\/et\/wp-json\/wp\/v2\/product_brand?post=282737"},{"taxonomy":"product_cat","embeddable":true,"href":"https:\/\/fashiongold.lt\/et\/wp-json\/wp\/v2\/product_cat?post=282737"},{"taxonomy":"product_tag","embeddable":true,"href":"https:\/\/fashiongold.lt\/et\/wp-json\/wp\/v2\/product_tag?post=282737"}],"curies":[{"name":"wp","href":"https:\/\/api.w.org\/{rel}","templated":true}]}}