{"id":282907,"date":"2025-10-14T16:20:59","date_gmt":"2025-10-14T16:20:59","guid":{"rendered":"https:\/\/fashiongold.lt\/papuosalas\/meeste-abielusormus-court-i-430-mm\/"},"modified":"2026-02-14T06:24:21","modified_gmt":"2026-02-14T06:24:21","slug":"meeste-abielusormus-court-i-430-mm","status":"publish","type":"product","link":"https:\/\/fashiongold.lt\/et\/papuosalas\/meeste-abielusormus-court-i-430-mm\/","title":{"rendered":"Meeste abielus\u00f5rmus \u2013 Court I (4,30 mm)"},"content":{"rendered":"<p>Erakordse stiili ja k\u00f5rge kvaliteediga kuldne abielus\u00f5rmus, mugavustsooniga, mugav kanda. Tootmistehnoloogia on eriline \u2013 abielus\u00f5rmus on valmistatud karastatud kullast, mis on vastupidav mikropragudele, ei sisalda niklit ja kriimustub v\u00e4hem. S\u00f5rmust saab valmistada tellimust\u00f6\u00f6na: punasest, kollasest v\u00f5i valgest kullast, l\u00e4ikiva v\u00f5i matina, lisatasu eest erineva laiusega.<\/p>\n<p>\u2022 S\u00f5rmuse kuld: 14 K (proov 585), saame valmistada ka 10K (proov 375), 18K (proov 750)\u00a0 \u00a0 \u00a0<\/p>\n<p>\u2022 S\u00f5rmuse v\u00e4rvus: valida saab valge, kollase v\u00f5i punase kulla vahel, v\u00f5i muud v\u00e4rvi servadega.\u00a0 \u00a0 \u00a0 \u00a0<\/p>\n<p>\u2022 S\u00f5rmuse kaal (s\u00f5ltub suurusest ja proovist): umbes 4,00-6,00 g\u00a0 \u00a0 \u00a0 \u00a0<\/p>\n<p>\u2022 S\u00f5rmuse m\u00f5\u00f5dud: laius 4,30 mm (muudetav)\u00a0 \u00a0<\/p>\n<p>\u2022 S\u00f5rmuse mugavustsoon: on olemas\u00a0\u00a0 \u00a0 \u00a0\u00a0\u00a0 \u00a0 \u00a0\u00a0\u00a0<\/p>\n<p>\u2022 Sertifikaat: Leedu Proovikoda (LPR)<\/p>\n<p>\u2022 Graveerimine tasuta<\/p>\n<p>\u2022 \u00dchekordne tasuta s\u00f5rmuse suuruse muutmise garantii<\/p>\n<p>\u2022 Valmistamise ja tarne t\u00e4htaeg alates 14 t\u00f6\u00f6p\u00e4evast, kiirtellimusena 3 t\u00f6\u00f6p\u00e4eva jooksul.<\/p>\n<p><strong>Kas teil on oma kulda? V\u00f5tke \u00fchendust, arvutame hinna \u00fcmber \u2013 maksate vaid s\u00f5rmuste valmistamise eest.<\/strong><\/p>\n","protected":false},"excerpt":{"rendered":"<p>K\u00e4sit\u00f6\u00f6na valminud kuldne meeste abielus\u00f5rmus kahe joonega. S\u00f5rmuse kuju on kergelt \u00fcmar nii seest kui v\u00e4ljast. Seesmine mugavustsoon tagab mitte ainult stiili, vaid ka mugavuse igap\u00e4evasel kandmisel. See on erakordne valik meestele, kes hindavad k\u00f5rget mugavustaset.<\/p>\n","protected":false},"featured_media":198165,"template":"","meta":{"site-sidebar-layout":"","site-content-layout":"","ast-site-content-layout":"","site-content-style":"","site-sidebar-style":"","ast-global-header-display":"","ast-banner-title-visibility":"","ast-main-header-display":"","ast-hfb-above-header-display":"","ast-hfb-below-header-display":"","ast-hfb-mobile-header-display":"","site-post-title":"","ast-breadcrumbs-content":"","ast-featured-img":"","footer-sml-layout":"","ast-disable-related-posts":"","theme-transparent-header-meta":"","adv-header-id-meta":"","stick-header-meta":"","header-above-stick-meta":"","header-main-stick-meta":"","header-below-stick-meta":"","astra-migrate-meta-layouts":"default","ast-page-background-enabled":"default","ast-page-background-meta":{"desktop":{"background-color":"var(--ast-global-color-4)","background-image":"","background-repeat":"repeat","background-position":"center center","background-size":"auto","background-attachment":"scroll","background-type":"","background-media":"","overlay-type":"","overlay-color":"","overlay-opacity":"","overlay-gradient":""},"tablet":{"background-color":"","background-image":"","background-repeat":"repeat","background-position":"center center","background-size":"auto","background-attachment":"scroll","background-type":"","background-media":"","overlay-type":"","overlay-color":"","overlay-opacity":"","overlay-gradient":""},"mobile":{"background-color":"","background-image":"","background-repeat":"repeat","background-position":"center center","background-size":"auto","background-attachment":"scroll","background-type":"","background-media":"","overlay-type":"","overlay-color":"","overlay-opacity":"","overlay-gradient":""}},"ast-content-background-meta":{"desktop":{"background-color":"var(--ast-global-color-5)","background-image":"","background-repeat":"repeat","background-position":"center center","background-size":"auto","background-attachment":"scroll","background-type":"","background-media":"","overlay-type":"","overlay-color":"","overlay-opacity":"","overlay-gradient":""},"tablet":{"background-color":"var(--ast-global-color-5)","background-image":"","background-repeat":"repeat","background-position":"center center","background-size":"auto","background-attachment":"scroll","background-type":"","background-media":"","overlay-type":"","overlay-color":"","overlay-opacity":"","overlay-gradient":""},"mobile":{"background-color":"var(--ast-global-color-5)","background-image":"","background-repeat":"repeat","background-position":"center center","background-size":"auto","background-attachment":"scroll","background-type":"","background-media":"","overlay-type":"","overlay-color":"","overlay-opacity":"","overlay-gradient":""}}},"product_brand":[],"product_cat":[3594,3768],"product_tag":[],"class_list":{"0":"post-282907","1":"product","2":"type-product","3":"status-publish","4":"has-post-thumbnail","6":"product_cat-abielusormused","7":"product_cat-meeste-abielusormused","8":"desktop-align-center","9":"tablet-align-left","10":"mobile-align-left","11":"ast-product-gallery-layout-horizontal-slider","12":"ast-product-gallery-with-no-image","13":"ast-product-single-variable","14":"ast-product-tabs-layout-accordion","15":"ast-qv-on-image","17":"first","18":"instock","19":"taxable","20":"shipping-taxable","21":"purchasable","22":"product-type-variable"},"yoast_head":"<!-- This site is optimized with the Yoast SEO plugin v26.6 - https:\/\/yoast.com\/wordpress\/plugins\/seo\/ -->\n<title>Meeste abielus\u00f5rmus - Court I I Fashion Gold<\/title>\n<meta name=\"description\" content=\"K\u00e4sit\u00f6\u00f6na valminud kullast meeste abielus\u00f5rmus kahe joonega. Mugavustsoon sees tagab mitte ainult stiili, vaid ka mugavuse igap\u00e4evasel kandmisel.\" \/>\n<meta name=\"robots\" content=\"index, follow, max-snippet:-1, max-image-preview:large, max-video-preview:-1\" \/>\n<link rel=\"canonical\" href=\"https:\/\/fashiongold.lt\/et\/papuosalas\/meeste-abielusormus-court-i-430-mm\/\" \/>\n<meta property=\"og:locale\" content=\"et_EE\" \/>\n<meta property=\"og:type\" content=\"article\" \/>\n<meta property=\"og:title\" content=\"Meeste abielus\u00f5rmus - Court I I Fashion Gold\" \/>\n<meta property=\"og:description\" content=\"K\u00e4sit\u00f6\u00f6na valminud kullast meeste abielus\u00f5rmus kahe joonega. Mugavustsoon sees tagab mitte ainult stiili, vaid ka mugavuse igap\u00e4evasel kandmisel.\" \/>\n<meta property=\"og:url\" content=\"https:\/\/fashiongold.lt\/et\/papuosalas\/meeste-abielusormus-court-i-430-mm\/\" \/>\n<meta property=\"og:site_name\" content=\"FashionGold.lt\" \/>\n<meta property=\"article:modified_time\" content=\"2026-02-14T06:24:21+00:00\" \/>\n<meta property=\"og:image\" content=\"https:\/\/fashiongold.lt\/wp-content\/uploads\/2025\/10\/9145-227-Balto-aukso-vyriskas-vestuvinis-ziedas-Court-I.webp\" \/>\n\t<meta property=\"og:image:width\" content=\"1000\" \/>\n\t<meta property=\"og:image:height\" content=\"1000\" \/>\n\t<meta property=\"og:image:type\" content=\"image\/png\" \/>\n<meta name=\"twitter:card\" content=\"summary_large_image\" \/>\n<meta name=\"twitter:label1\" content=\"Est. reading time\" \/>\n\t<meta name=\"twitter:data1\" content=\"1 minut\" \/>\n<script type=\"application\/ld+json\" class=\"yoast-schema-graph\">{\"@context\":\"https:\/\/schema.org\",\"@graph\":[{\"@type\":\"WebPage\",\"@id\":\"https:\/\/fashiongold.lt\/et\/papuosalas\/meeste-abielusormus-court-i-430-mm\/\",\"url\":\"https:\/\/fashiongold.lt\/et\/papuosalas\/meeste-abielusormus-court-i-430-mm\/\",\"name\":\"Meeste abielus\u00f5rmus - Court I I Fashion Gold\",\"isPartOf\":{\"@id\":\"https:\/\/fashiongold.lt\/et\/#website\"},\"primaryImageOfPage\":{\"@id\":\"https:\/\/fashiongold.lt\/et\/papuosalas\/meeste-abielusormus-court-i-430-mm\/#primaryimage\"},\"image\":{\"@id\":\"https:\/\/fashiongold.lt\/et\/papuosalas\/meeste-abielusormus-court-i-430-mm\/#primaryimage\"},\"thumbnailUrl\":\"https:\/\/fashiongold.lt\/wp-content\/uploads\/2025\/10\/9145-227-Balto-aukso-vyriskas-vestuvinis-ziedas-Court-I.png\",\"datePublished\":\"2025-10-14T16:20:59+00:00\",\"dateModified\":\"2026-02-14T06:24:21+00:00\",\"description\":\"K\u00e4sit\u00f6\u00f6na valminud kullast meeste abielus\u00f5rmus kahe joonega. Mugavustsoon sees tagab mitte ainult stiili, vaid ka mugavuse igap\u00e4evasel kandmisel.\",\"breadcrumb\":{\"@id\":\"https:\/\/fashiongold.lt\/et\/papuosalas\/meeste-abielusormus-court-i-430-mm\/#breadcrumb\"},\"inLanguage\":\"et\",\"potentialAction\":[{\"@type\":\"ReadAction\",\"target\":[\"https:\/\/fashiongold.lt\/et\/papuosalas\/meeste-abielusormus-court-i-430-mm\/\"]}]},{\"@type\":\"ImageObject\",\"inLanguage\":\"et\",\"@id\":\"https:\/\/fashiongold.lt\/et\/papuosalas\/meeste-abielusormus-court-i-430-mm\/#primaryimage\",\"url\":\"https:\/\/fashiongold.lt\/wp-content\/uploads\/2025\/10\/9145-227-Balto-aukso-vyriskas-vestuvinis-ziedas-Court-I.png\",\"contentUrl\":\"https:\/\/fashiongold.lt\/wp-content\/uploads\/2025\/10\/9145-227-Balto-aukso-vyriskas-vestuvinis-ziedas-Court-I.png\",\"width\":1000,\"height\":1000},{\"@type\":\"BreadcrumbList\",\"@id\":\"https:\/\/fashiongold.lt\/et\/papuosalas\/meeste-abielusormus-court-i-430-mm\/#breadcrumb\",\"itemListElement\":[{\"@type\":\"ListItem\",\"position\":1,\"name\":\"Home\",\"item\":\"https:\/\/fashiongold.lt\/et\/\"},{\"@type\":\"ListItem\",\"position\":2,\"name\":\"Teemantide pood Fashiongold.lt\",\"item\":\"https:\/\/fashiongold.lt\/shop-2\/\"},{\"@type\":\"ListItem\",\"position\":3,\"name\":\"Meeste abielus\u00f5rmus \u2013 Court I (4,30 mm)\"}]},{\"@type\":\"WebSite\",\"@id\":\"https:\/\/fashiongold.lt\/et\/#website\",\"url\":\"https:\/\/fashiongold.lt\/et\/\",\"name\":\"Fashion Gold\",\"description\":\"Juvelyrikos namai\",\"publisher\":{\"@id\":\"https:\/\/fashiongold.lt\/et\/#organization\"},\"potentialAction\":[{\"@type\":\"SearchAction\",\"target\":{\"@type\":\"EntryPoint\",\"urlTemplate\":\"https:\/\/fashiongold.lt\/et\/?s={search_term_string}\"},\"query-input\":{\"@type\":\"PropertyValueSpecification\",\"valueRequired\":true,\"valueName\":\"search_term_string\"}}],\"inLanguage\":\"et\"},{\"@type\":\"Organization\",\"@id\":\"https:\/\/fashiongold.lt\/et\/#organization\",\"name\":\"Topdiamonds Online\",\"url\":\"https:\/\/fashiongold.lt\/et\/\",\"logo\":{\"@type\":\"ImageObject\",\"inLanguage\":\"et\",\"@id\":\"https:\/\/fashiongold.lt\/et\/#\/schema\/logo\/image\/\",\"url\":\"https:\/\/fashiongold.lt\/wp-content\/uploads\/2025\/04\/cropped-fashion_gold_logotipas2-scaled-1.png\",\"contentUrl\":\"https:\/\/fashiongold.lt\/wp-content\/uploads\/2025\/04\/cropped-fashion_gold_logotipas2-scaled-1.png\",\"width\":2559,\"height\":421,\"caption\":\"Topdiamonds Online\"},\"image\":{\"@id\":\"https:\/\/fashiongold.lt\/et\/#\/schema\/logo\/image\/\"}}]}<\/script>\n<!-- \/ Yoast SEO plugin. -->","yoast_head_json":{"title":"Meeste abielus\u00f5rmus - Court I I Fashion Gold","description":"K\u00e4sit\u00f6\u00f6na valminud kullast meeste abielus\u00f5rmus kahe joonega. Mugavustsoon sees tagab mitte ainult stiili, vaid ka mugavuse igap\u00e4evasel kandmisel.","robots":{"index":"index","follow":"follow","max-snippet":"max-snippet:-1","max-image-preview":"max-image-preview:large","max-video-preview":"max-video-preview:-1"},"canonical":"https:\/\/fashiongold.lt\/et\/papuosalas\/meeste-abielusormus-court-i-430-mm\/","og_locale":"et_EE","og_type":"article","og_title":"Meeste abielus\u00f5rmus - Court I I Fashion Gold","og_description":"K\u00e4sit\u00f6\u00f6na valminud kullast meeste abielus\u00f5rmus kahe joonega. Mugavustsoon sees tagab mitte ainult stiili, vaid ka mugavuse igap\u00e4evasel kandmisel.","og_url":"https:\/\/fashiongold.lt\/et\/papuosalas\/meeste-abielusormus-court-i-430-mm\/","og_site_name":"FashionGold.lt","article_modified_time":"2026-02-14T06:24:21+00:00","og_image":[{"width":1000,"height":1000,"url":"https:\/\/fashiongold.lt\/wp-content\/uploads\/2025\/10\/9145-227-Balto-aukso-vyriskas-vestuvinis-ziedas-Court-I.webp","type":"image\/png"}],"twitter_card":"summary_large_image","twitter_misc":{"Est. reading time":"1 minut"},"schema":{"@context":"https:\/\/schema.org","@graph":[{"@type":"WebPage","@id":"https:\/\/fashiongold.lt\/et\/papuosalas\/meeste-abielusormus-court-i-430-mm\/","url":"https:\/\/fashiongold.lt\/et\/papuosalas\/meeste-abielusormus-court-i-430-mm\/","name":"Meeste abielus\u00f5rmus - Court I I Fashion Gold","isPartOf":{"@id":"https:\/\/fashiongold.lt\/et\/#website"},"primaryImageOfPage":{"@id":"https:\/\/fashiongold.lt\/et\/papuosalas\/meeste-abielusormus-court-i-430-mm\/#primaryimage"},"image":{"@id":"https:\/\/fashiongold.lt\/et\/papuosalas\/meeste-abielusormus-court-i-430-mm\/#primaryimage"},"thumbnailUrl":"https:\/\/fashiongold.lt\/wp-content\/uploads\/2025\/10\/9145-227-Balto-aukso-vyriskas-vestuvinis-ziedas-Court-I.png","datePublished":"2025-10-14T16:20:59+00:00","dateModified":"2026-02-14T06:24:21+00:00","description":"K\u00e4sit\u00f6\u00f6na valminud kullast meeste abielus\u00f5rmus kahe joonega. Mugavustsoon sees tagab mitte ainult stiili, vaid ka mugavuse igap\u00e4evasel kandmisel.","breadcrumb":{"@id":"https:\/\/fashiongold.lt\/et\/papuosalas\/meeste-abielusormus-court-i-430-mm\/#breadcrumb"},"inLanguage":"et","potentialAction":[{"@type":"ReadAction","target":["https:\/\/fashiongold.lt\/et\/papuosalas\/meeste-abielusormus-court-i-430-mm\/"]}]},{"@type":"ImageObject","inLanguage":"et","@id":"https:\/\/fashiongold.lt\/et\/papuosalas\/meeste-abielusormus-court-i-430-mm\/#primaryimage","url":"https:\/\/fashiongold.lt\/wp-content\/uploads\/2025\/10\/9145-227-Balto-aukso-vyriskas-vestuvinis-ziedas-Court-I.png","contentUrl":"https:\/\/fashiongold.lt\/wp-content\/uploads\/2025\/10\/9145-227-Balto-aukso-vyriskas-vestuvinis-ziedas-Court-I.png","width":1000,"height":1000},{"@type":"BreadcrumbList","@id":"https:\/\/fashiongold.lt\/et\/papuosalas\/meeste-abielusormus-court-i-430-mm\/#breadcrumb","itemListElement":[{"@type":"ListItem","position":1,"name":"Home","item":"https:\/\/fashiongold.lt\/et\/"},{"@type":"ListItem","position":2,"name":"Teemantide pood Fashiongold.lt","item":"https:\/\/fashiongold.lt\/shop-2\/"},{"@type":"ListItem","position":3,"name":"Meeste abielus\u00f5rmus \u2013 Court I (4,30 mm)"}]},{"@type":"WebSite","@id":"https:\/\/fashiongold.lt\/et\/#website","url":"https:\/\/fashiongold.lt\/et\/","name":"Fashion Gold","description":"Juvelyrikos namai","publisher":{"@id":"https:\/\/fashiongold.lt\/et\/#organization"},"potentialAction":[{"@type":"SearchAction","target":{"@type":"EntryPoint","urlTemplate":"https:\/\/fashiongold.lt\/et\/?s={search_term_string}"},"query-input":{"@type":"PropertyValueSpecification","valueRequired":true,"valueName":"search_term_string"}}],"inLanguage":"et"},{"@type":"Organization","@id":"https:\/\/fashiongold.lt\/et\/#organization","name":"Topdiamonds Online","url":"https:\/\/fashiongold.lt\/et\/","logo":{"@type":"ImageObject","inLanguage":"et","@id":"https:\/\/fashiongold.lt\/et\/#\/schema\/logo\/image\/","url":"https:\/\/fashiongold.lt\/wp-content\/uploads\/2025\/04\/cropped-fashion_gold_logotipas2-scaled-1.png","contentUrl":"https:\/\/fashiongold.lt\/wp-content\/uploads\/2025\/04\/cropped-fashion_gold_logotipas2-scaled-1.png","width":2559,"height":421,"caption":"Topdiamonds Online"},"image":{"@id":"https:\/\/fashiongold.lt\/et\/#\/schema\/logo\/image\/"}}]}},"_links":{"self":[{"href":"https:\/\/fashiongold.lt\/et\/wp-json\/wp\/v2\/product\/282907","targetHints":{"allow":["GET"]}}],"collection":[{"href":"https:\/\/fashiongold.lt\/et\/wp-json\/wp\/v2\/product"}],"about":[{"href":"https:\/\/fashiongold.lt\/et\/wp-json\/wp\/v2\/types\/product"}],"version-history":[{"count":0,"href":"https:\/\/fashiongold.lt\/et\/wp-json\/wp\/v2\/product\/282907\/revisions"}],"wp:featuredmedia":[{"embeddable":true,"href":"https:\/\/fashiongold.lt\/et\/wp-json\/wp\/v2\/media\/198165"}],"wp:attachment":[{"href":"https:\/\/fashiongold.lt\/et\/wp-json\/wp\/v2\/media?parent=282907"}],"wp:term":[{"taxonomy":"product_brand","embeddable":true,"href":"https:\/\/fashiongold.lt\/et\/wp-json\/wp\/v2\/product_brand?post=282907"},{"taxonomy":"product_cat","embeddable":true,"href":"https:\/\/fashiongold.lt\/et\/wp-json\/wp\/v2\/product_cat?post=282907"},{"taxonomy":"product_tag","embeddable":true,"href":"https:\/\/fashiongold.lt\/et\/wp-json\/wp\/v2\/product_tag?post=282907"}],"curies":[{"name":"wp","href":"https:\/\/api.w.org\/{rel}","templated":true}]}}