{"id":283361,"date":"2025-10-20T07:01:28","date_gmt":"2025-10-20T07:01:28","guid":{"rendered":"https:\/\/fashiongold.lt\/papuosalas\/eksklusiivne-safiir-teemantide-ja-ovaalse-safiiriga-sormus-1-40-ct\/"},"modified":"2025-10-20T07:01:28","modified_gmt":"2025-10-20T07:01:28","slug":"eksklusiivne-safiir-teemantide-ja-ovaalse-safiiriga-sormus-1-40-ct","status":"publish","type":"product","link":"https:\/\/fashiongold.lt\/et\/papuosalas\/eksklusiivne-safiir-teemantide-ja-ovaalse-safiiriga-sormus-1-40-ct\/","title":{"rendered":"Eksklusiivne safiir \u2013 teemantide ja ovaalse safiiriga s\u00f5rmus (1.40 ct)"},"content":{"rendered":"<p>Valmistatud Saksamaal kvaliteetsetest v\u00e4\u00e4riskividest. Kordumatu iluga s\u00f5rmus, erakordne stiil ja k\u00f5rge kvaliteet. S\u00f5rmust saab valmistada eritellimusel: punasest, kollasest v\u00f5i valgest kullast. Safiir on j\u00f5u, optimismi ja aktiivsuse s\u00fcmbol. Safiiri maagiline v\u00e4gi \u2013 aitab leevendada pingeid konfliktide ajal ja lahendada terviseprobleeme. Safiir sobib j\u00e4rgmistele t\u00e4hem\u00e4rkidele \u2013 Kalad, Kaalud, Skorpion, Kaksikud, Neitsi, L\u00f5vi, J\u00e4\u00e4r, S\u00f5nn, Veevalaja, Ambur.\u00a0<\/p>\n<p>\u2022 S\u00f5rmuse kuld: 18 K (proov 750)\u00a0 \u00a0 \u00a0\u00a0<\/p>\n<p>\u2022 S\u00f5rmuse v\u00e4rvus: valida saab valge, kollase v\u00f5i punase kulla vahel<\/p>\n<p>\u2022 S\u00f5rmuse kaal (s\u00f5ltub suurusest ja proovist): u 4,00 &#8211; 5,00 g\u00a0 \u00a0 \u00a0 \u00a0 \u00a0<\/p>\n<p>\u2022 S\u00f5rmuse m\u00f5\u00f5tmed: h: 11,9 mm, w: 10,0 mm \u00a0 \u00a0\u00a0<\/p>\n<p>\u2022 S\u00f5rmuse mugavustsoon: olemas\u00a0<\/p>\n<p>\u2022 Teemandi t\u00fc\u00fcp: Looduslik teemant\u00a0 \u00a0 \u00a0 \u00a0<\/p>\n<p>\u2022 Teemandi kuju: \u00fcmar lihv (round shape)\u00a0 \u00a0 \u00a0 \u00a0<\/p>\n<p>\u2022 Teemandi omadused: 0,44 ct, v\u00e4rvus G-H (RW-W); puhtus SI\u00a0 \u00a0 \u00a0 \u00a0\u00a0<\/p>\n<p>\u2022 V\u00e4\u00e4riskivi t\u00fc\u00fcp: safiir\u00a0\u00a0<\/p>\n<p>\u2022 V\u00e4\u00e4riskivi kuju: ovaalne lihv (oval shape)\u00a0 \u00a0 \u00a0<\/p>\n<p>\u2022 V\u00e4\u00e4riskivi omadused: 0,96 ct (saab muuta)\u00a0 \u00a0 \u00a0<\/p>\n<p>\u2022 Sertifikaat: Leedu Proovikoda (LPR)\u00a0 \u00a0 \u00a0 \u00a0<\/p>\n<p>\u2022 Graveerimine tasuta\u00a0<\/p>\n<p>\u2022 \u00dchekordne tasuta s\u00f5rmuse suuruse muutmise garantii (v\u00f5imaluse korral)\u00a0<\/p>\n<p>\u2022 Tootmis- ja tarneaeg alates 14 t\u00f6\u00f6p\u00e4evast, kiirtellimusel 3 t\u00f6\u00f6p\u00e4eva jooksul.\u00a0<\/p>\n<p><strong>On teil oma kulda? V\u00f5tke \u00fchendust, arvutame hinna \u00fcmber \u2013 maksate ainult s\u00f5rmuste valmistamise eest.<\/strong><\/p>\n","protected":false},"excerpt":{"rendered":"<p>Teemantide ja ovaalse safiiriga s\u00f5rmus, v\u00e4\u00e4riskivide kogukaal 1,40 karaati. Ainulaadne valik iseendale ja suurep\u00e4rane kingitus stiilsete ehete austajatele.<\/p>\n","protected":false},"featured_media":234066,"template":"","meta":{"site-sidebar-layout":"default","site-content-layout":"","ast-site-content-layout":"default","site-content-style":"default","site-sidebar-style":"default","ast-global-header-display":"","ast-banner-title-visibility":"","ast-main-header-display":"","ast-hfb-above-header-display":"","ast-hfb-below-header-display":"","ast-hfb-mobile-header-display":"","site-post-title":"","ast-breadcrumbs-content":"","ast-featured-img":"","footer-sml-layout":"","ast-disable-related-posts":"","theme-transparent-header-meta":"","adv-header-id-meta":"","stick-header-meta":"","header-above-stick-meta":"","header-main-stick-meta":"","header-below-stick-meta":"","astra-migrate-meta-layouts":"default","ast-page-background-enabled":"default","ast-page-background-meta":{"desktop":{"background-color":"var(--ast-global-color-4)","background-image":"","background-repeat":"repeat","background-position":"center center","background-size":"auto","background-attachment":"scroll","background-type":"","background-media":"","overlay-type":"","overlay-color":"","overlay-opacity":"","overlay-gradient":""},"tablet":{"background-color":"","background-image":"","background-repeat":"repeat","background-position":"center center","background-size":"auto","background-attachment":"scroll","background-type":"","background-media":"","overlay-type":"","overlay-color":"","overlay-opacity":"","overlay-gradient":""},"mobile":{"background-color":"","background-image":"","background-repeat":"repeat","background-position":"center center","background-size":"auto","background-attachment":"scroll","background-type":"","background-media":"","overlay-type":"","overlay-color":"","overlay-opacity":"","overlay-gradient":""}},"ast-content-background-meta":{"desktop":{"background-color":"var(--ast-global-color-5)","background-image":"","background-repeat":"repeat","background-position":"center center","background-size":"auto","background-attachment":"scroll","background-type":"","background-media":"","overlay-type":"","overlay-color":"","overlay-opacity":"","overlay-gradient":""},"tablet":{"background-color":"var(--ast-global-color-5)","background-image":"","background-repeat":"repeat","background-position":"center center","background-size":"auto","background-attachment":"scroll","background-type":"","background-media":"","overlay-type":"","overlay-color":"","overlay-opacity":"","overlay-gradient":""},"mobile":{"background-color":"var(--ast-global-color-5)","background-image":"","background-repeat":"repeat","background-position":"center center","background-size":"auto","background-attachment":"scroll","background-type":"","background-media":"","overlay-type":"","overlay-color":"","overlay-opacity":"","overlay-gradient":""}}},"product_brand":[],"product_cat":[3058,2830,2826,3422,2829,2823,2828,2822,2824,2821,2846,2843,2849,2844,3448,2847,2845,2848],"product_tag":[],"class_list":{"0":"post-283361","1":"product","2":"type-product","3":"status-publish","4":"has-post-thumbnail","6":"product_cat-ehted","7":"product_cat-emadepaeva-kingitused","8":"product_cat-joulukingid","9":"product_cat-kihlasormused","10":"product_cat-kingitused-erilisteks-puhkudeks","11":"product_cat-kingitused-lapse-sunni-puhul","12":"product_cat-kingitused-lopetamise-puhul","13":"product_cat-kingitused-naistele","14":"product_cat-kingitused-pulma-aastapaeva-puhul","15":"product_cat-kingitused-sunnipaevaks","16":"product_cat-poolvaariskividega-ehted","17":"product_cat-safiir-ehted-safiiridega","18":"product_cat-safiiridega-sormused","19":"product_cat-safiiriga-kihlasormus","20":"product_cat-sinine-vaariskivi","21":"product_cat-siniste-vaariskividega-ehted","22":"product_cat-sobrapaeva-kingitused","23":"product_cat-vaariskividega-sormused","24":"desktop-align-center","25":"tablet-align-left","26":"mobile-align-left","27":"ast-product-gallery-layout-horizontal-slider","28":"ast-product-gallery-with-no-image","29":"ast-product-single-variable","30":"ast-product-tabs-layout-accordion","31":"ast-qv-on-image","33":"first","34":"instock","35":"taxable","36":"shipping-taxable","37":"purchasable","38":"product-type-variable"},"yoast_head":"<!-- This site is optimized with the Yoast SEO plugin v26.6 - https:\/\/yoast.com\/wordpress\/plugins\/seo\/ -->\n<title>Safiir - s\u00f5rmus teemantide ja ovaalse kujuga safiiriga (1.40 ct)<\/title>\n<meta name=\"description\" content=\"Teemantide ja ovaalse safiiriga s\u00f5rmus, v\u00e4\u00e4riskivide kogukaal 1,40 karaati. Suurep\u00e4rane kingitus iseendale ja neile, kes armastavad stiilseid ehteid.\" \/>\n<meta name=\"robots\" content=\"index, follow, max-snippet:-1, max-image-preview:large, max-video-preview:-1\" \/>\n<link rel=\"canonical\" href=\"https:\/\/fashiongold.lt\/et\/papuosalas\/eksklusiivne-safiir-teemantide-ja-ovaalse-safiiriga-sormus-1-40-ct\/\" \/>\n<meta property=\"og:locale\" content=\"et_EE\" \/>\n<meta property=\"og:type\" content=\"article\" \/>\n<meta property=\"og:title\" content=\"Safiir - s\u00f5rmus teemantide ja ovaalse kujuga safiiriga (1.40 ct)\" \/>\n<meta property=\"og:description\" content=\"Teemantide ja ovaalse safiiriga s\u00f5rmus, v\u00e4\u00e4riskivide kogukaal 1,40 karaati. Suurep\u00e4rane kingitus iseendale ja neile, kes armastavad stiilseid ehteid.\" \/>\n<meta property=\"og:url\" content=\"https:\/\/fashiongold.lt\/et\/papuosalas\/eksklusiivne-safiir-teemantide-ja-ovaalse-safiiriga-sormus-1-40-ct\/\" \/>\n<meta property=\"og:site_name\" content=\"FashionGold.lt\" \/>\n<meta property=\"og:image\" content=\"https:\/\/fashiongold.lt\/wp-content\/uploads\/2025\/10\/13332-296-Safyras-ziedas-su-deimantais-ir-ovalios-formos-safyru-1.40-ct.webp\" \/>\n\t<meta property=\"og:image:width\" content=\"1000\" \/>\n\t<meta property=\"og:image:height\" content=\"1000\" \/>\n\t<meta property=\"og:image:type\" content=\"image\/png\" \/>\n<meta name=\"twitter:card\" content=\"summary_large_image\" \/>\n<meta name=\"twitter:label1\" content=\"Est. reading time\" \/>\n\t<meta name=\"twitter:data1\" content=\"1 minut\" \/>\n<script type=\"application\/ld+json\" class=\"yoast-schema-graph\">{\"@context\":\"https:\/\/schema.org\",\"@graph\":[{\"@type\":\"WebPage\",\"@id\":\"https:\/\/fashiongold.lt\/et\/papuosalas\/eksklusiivne-safiir-teemantide-ja-ovaalse-safiiriga-sormus-1-40-ct\/\",\"url\":\"https:\/\/fashiongold.lt\/et\/papuosalas\/eksklusiivne-safiir-teemantide-ja-ovaalse-safiiriga-sormus-1-40-ct\/\",\"name\":\"Safiir - s\u00f5rmus teemantide ja ovaalse kujuga safiiriga (1.40 ct)\",\"isPartOf\":{\"@id\":\"https:\/\/fashiongold.lt\/et\/#website\"},\"primaryImageOfPage\":{\"@id\":\"https:\/\/fashiongold.lt\/et\/papuosalas\/eksklusiivne-safiir-teemantide-ja-ovaalse-safiiriga-sormus-1-40-ct\/#primaryimage\"},\"image\":{\"@id\":\"https:\/\/fashiongold.lt\/et\/papuosalas\/eksklusiivne-safiir-teemantide-ja-ovaalse-safiiriga-sormus-1-40-ct\/#primaryimage\"},\"thumbnailUrl\":\"https:\/\/fashiongold.lt\/wp-content\/uploads\/2025\/10\/13332-296-Safyras-ziedas-su-deimantais-ir-ovalios-formos-safyru-1.40-ct.png\",\"datePublished\":\"2025-10-20T07:01:28+00:00\",\"description\":\"Teemantide ja ovaalse safiiriga s\u00f5rmus, v\u00e4\u00e4riskivide kogukaal 1,40 karaati. Suurep\u00e4rane kingitus iseendale ja neile, kes armastavad stiilseid ehteid.\",\"breadcrumb\":{\"@id\":\"https:\/\/fashiongold.lt\/et\/papuosalas\/eksklusiivne-safiir-teemantide-ja-ovaalse-safiiriga-sormus-1-40-ct\/#breadcrumb\"},\"inLanguage\":\"et\",\"potentialAction\":[{\"@type\":\"ReadAction\",\"target\":[\"https:\/\/fashiongold.lt\/et\/papuosalas\/eksklusiivne-safiir-teemantide-ja-ovaalse-safiiriga-sormus-1-40-ct\/\"]}]},{\"@type\":\"ImageObject\",\"inLanguage\":\"et\",\"@id\":\"https:\/\/fashiongold.lt\/et\/papuosalas\/eksklusiivne-safiir-teemantide-ja-ovaalse-safiiriga-sormus-1-40-ct\/#primaryimage\",\"url\":\"https:\/\/fashiongold.lt\/wp-content\/uploads\/2025\/10\/13332-296-Safyras-ziedas-su-deimantais-ir-ovalios-formos-safyru-1.40-ct.png\",\"contentUrl\":\"https:\/\/fashiongold.lt\/wp-content\/uploads\/2025\/10\/13332-296-Safyras-ziedas-su-deimantais-ir-ovalios-formos-safyru-1.40-ct.png\",\"width\":1000,\"height\":1000},{\"@type\":\"BreadcrumbList\",\"@id\":\"https:\/\/fashiongold.lt\/et\/papuosalas\/eksklusiivne-safiir-teemantide-ja-ovaalse-safiiriga-sormus-1-40-ct\/#breadcrumb\",\"itemListElement\":[{\"@type\":\"ListItem\",\"position\":1,\"name\":\"Home\",\"item\":\"https:\/\/fashiongold.lt\/et\/\"},{\"@type\":\"ListItem\",\"position\":2,\"name\":\"Teemantide pood Fashiongold.lt\",\"item\":\"https:\/\/fashiongold.lt\/shop-2\/\"},{\"@type\":\"ListItem\",\"position\":3,\"name\":\"Eksklusiivne safiir \u2013 teemantide ja ovaalse safiiriga s\u00f5rmus (1.40 ct)\"}]},{\"@type\":\"WebSite\",\"@id\":\"https:\/\/fashiongold.lt\/et\/#website\",\"url\":\"https:\/\/fashiongold.lt\/et\/\",\"name\":\"Fashion Gold\",\"description\":\"Juvelyrikos namai\",\"publisher\":{\"@id\":\"https:\/\/fashiongold.lt\/et\/#organization\"},\"potentialAction\":[{\"@type\":\"SearchAction\",\"target\":{\"@type\":\"EntryPoint\",\"urlTemplate\":\"https:\/\/fashiongold.lt\/et\/?s={search_term_string}\"},\"query-input\":{\"@type\":\"PropertyValueSpecification\",\"valueRequired\":true,\"valueName\":\"search_term_string\"}}],\"inLanguage\":\"et\"},{\"@type\":\"Organization\",\"@id\":\"https:\/\/fashiongold.lt\/et\/#organization\",\"name\":\"Topdiamonds Online\",\"url\":\"https:\/\/fashiongold.lt\/et\/\",\"logo\":{\"@type\":\"ImageObject\",\"inLanguage\":\"et\",\"@id\":\"https:\/\/fashiongold.lt\/et\/#\/schema\/logo\/image\/\",\"url\":\"https:\/\/fashiongold.lt\/wp-content\/uploads\/2025\/04\/cropped-fashion_gold_logotipas2-scaled-1.png\",\"contentUrl\":\"https:\/\/fashiongold.lt\/wp-content\/uploads\/2025\/04\/cropped-fashion_gold_logotipas2-scaled-1.png\",\"width\":2559,\"height\":421,\"caption\":\"Topdiamonds Online\"},\"image\":{\"@id\":\"https:\/\/fashiongold.lt\/et\/#\/schema\/logo\/image\/\"}}]}<\/script>\n<!-- \/ Yoast SEO plugin. -->","yoast_head_json":{"title":"Safiir - s\u00f5rmus teemantide ja ovaalse kujuga safiiriga (1.40 ct)","description":"Teemantide ja ovaalse safiiriga s\u00f5rmus, v\u00e4\u00e4riskivide kogukaal 1,40 karaati. Suurep\u00e4rane kingitus iseendale ja neile, kes armastavad stiilseid ehteid.","robots":{"index":"index","follow":"follow","max-snippet":"max-snippet:-1","max-image-preview":"max-image-preview:large","max-video-preview":"max-video-preview:-1"},"canonical":"https:\/\/fashiongold.lt\/et\/papuosalas\/eksklusiivne-safiir-teemantide-ja-ovaalse-safiiriga-sormus-1-40-ct\/","og_locale":"et_EE","og_type":"article","og_title":"Safiir - s\u00f5rmus teemantide ja ovaalse kujuga safiiriga (1.40 ct)","og_description":"Teemantide ja ovaalse safiiriga s\u00f5rmus, v\u00e4\u00e4riskivide kogukaal 1,40 karaati. Suurep\u00e4rane kingitus iseendale ja neile, kes armastavad stiilseid ehteid.","og_url":"https:\/\/fashiongold.lt\/et\/papuosalas\/eksklusiivne-safiir-teemantide-ja-ovaalse-safiiriga-sormus-1-40-ct\/","og_site_name":"FashionGold.lt","og_image":[{"width":1000,"height":1000,"url":"https:\/\/fashiongold.lt\/wp-content\/uploads\/2025\/10\/13332-296-Safyras-ziedas-su-deimantais-ir-ovalios-formos-safyru-1.40-ct.webp","type":"image\/png"}],"twitter_card":"summary_large_image","twitter_misc":{"Est. reading time":"1 minut"},"schema":{"@context":"https:\/\/schema.org","@graph":[{"@type":"WebPage","@id":"https:\/\/fashiongold.lt\/et\/papuosalas\/eksklusiivne-safiir-teemantide-ja-ovaalse-safiiriga-sormus-1-40-ct\/","url":"https:\/\/fashiongold.lt\/et\/papuosalas\/eksklusiivne-safiir-teemantide-ja-ovaalse-safiiriga-sormus-1-40-ct\/","name":"Safiir - s\u00f5rmus teemantide ja ovaalse kujuga safiiriga (1.40 ct)","isPartOf":{"@id":"https:\/\/fashiongold.lt\/et\/#website"},"primaryImageOfPage":{"@id":"https:\/\/fashiongold.lt\/et\/papuosalas\/eksklusiivne-safiir-teemantide-ja-ovaalse-safiiriga-sormus-1-40-ct\/#primaryimage"},"image":{"@id":"https:\/\/fashiongold.lt\/et\/papuosalas\/eksklusiivne-safiir-teemantide-ja-ovaalse-safiiriga-sormus-1-40-ct\/#primaryimage"},"thumbnailUrl":"https:\/\/fashiongold.lt\/wp-content\/uploads\/2025\/10\/13332-296-Safyras-ziedas-su-deimantais-ir-ovalios-formos-safyru-1.40-ct.png","datePublished":"2025-10-20T07:01:28+00:00","description":"Teemantide ja ovaalse safiiriga s\u00f5rmus, v\u00e4\u00e4riskivide kogukaal 1,40 karaati. Suurep\u00e4rane kingitus iseendale ja neile, kes armastavad stiilseid ehteid.","breadcrumb":{"@id":"https:\/\/fashiongold.lt\/et\/papuosalas\/eksklusiivne-safiir-teemantide-ja-ovaalse-safiiriga-sormus-1-40-ct\/#breadcrumb"},"inLanguage":"et","potentialAction":[{"@type":"ReadAction","target":["https:\/\/fashiongold.lt\/et\/papuosalas\/eksklusiivne-safiir-teemantide-ja-ovaalse-safiiriga-sormus-1-40-ct\/"]}]},{"@type":"ImageObject","inLanguage":"et","@id":"https:\/\/fashiongold.lt\/et\/papuosalas\/eksklusiivne-safiir-teemantide-ja-ovaalse-safiiriga-sormus-1-40-ct\/#primaryimage","url":"https:\/\/fashiongold.lt\/wp-content\/uploads\/2025\/10\/13332-296-Safyras-ziedas-su-deimantais-ir-ovalios-formos-safyru-1.40-ct.png","contentUrl":"https:\/\/fashiongold.lt\/wp-content\/uploads\/2025\/10\/13332-296-Safyras-ziedas-su-deimantais-ir-ovalios-formos-safyru-1.40-ct.png","width":1000,"height":1000},{"@type":"BreadcrumbList","@id":"https:\/\/fashiongold.lt\/et\/papuosalas\/eksklusiivne-safiir-teemantide-ja-ovaalse-safiiriga-sormus-1-40-ct\/#breadcrumb","itemListElement":[{"@type":"ListItem","position":1,"name":"Home","item":"https:\/\/fashiongold.lt\/et\/"},{"@type":"ListItem","position":2,"name":"Teemantide pood Fashiongold.lt","item":"https:\/\/fashiongold.lt\/shop-2\/"},{"@type":"ListItem","position":3,"name":"Eksklusiivne safiir \u2013 teemantide ja ovaalse safiiriga s\u00f5rmus (1.40 ct)"}]},{"@type":"WebSite","@id":"https:\/\/fashiongold.lt\/et\/#website","url":"https:\/\/fashiongold.lt\/et\/","name":"Fashion Gold","description":"Juvelyrikos namai","publisher":{"@id":"https:\/\/fashiongold.lt\/et\/#organization"},"potentialAction":[{"@type":"SearchAction","target":{"@type":"EntryPoint","urlTemplate":"https:\/\/fashiongold.lt\/et\/?s={search_term_string}"},"query-input":{"@type":"PropertyValueSpecification","valueRequired":true,"valueName":"search_term_string"}}],"inLanguage":"et"},{"@type":"Organization","@id":"https:\/\/fashiongold.lt\/et\/#organization","name":"Topdiamonds Online","url":"https:\/\/fashiongold.lt\/et\/","logo":{"@type":"ImageObject","inLanguage":"et","@id":"https:\/\/fashiongold.lt\/et\/#\/schema\/logo\/image\/","url":"https:\/\/fashiongold.lt\/wp-content\/uploads\/2025\/04\/cropped-fashion_gold_logotipas2-scaled-1.png","contentUrl":"https:\/\/fashiongold.lt\/wp-content\/uploads\/2025\/04\/cropped-fashion_gold_logotipas2-scaled-1.png","width":2559,"height":421,"caption":"Topdiamonds Online"},"image":{"@id":"https:\/\/fashiongold.lt\/et\/#\/schema\/logo\/image\/"}}]}},"_links":{"self":[{"href":"https:\/\/fashiongold.lt\/et\/wp-json\/wp\/v2\/product\/283361","targetHints":{"allow":["GET"]}}],"collection":[{"href":"https:\/\/fashiongold.lt\/et\/wp-json\/wp\/v2\/product"}],"about":[{"href":"https:\/\/fashiongold.lt\/et\/wp-json\/wp\/v2\/types\/product"}],"version-history":[{"count":0,"href":"https:\/\/fashiongold.lt\/et\/wp-json\/wp\/v2\/product\/283361\/revisions"}],"wp:featuredmedia":[{"embeddable":true,"href":"https:\/\/fashiongold.lt\/et\/wp-json\/wp\/v2\/media\/234066"}],"wp:attachment":[{"href":"https:\/\/fashiongold.lt\/et\/wp-json\/wp\/v2\/media?parent=283361"}],"wp:term":[{"taxonomy":"product_brand","embeddable":true,"href":"https:\/\/fashiongold.lt\/et\/wp-json\/wp\/v2\/product_brand?post=283361"},{"taxonomy":"product_cat","embeddable":true,"href":"https:\/\/fashiongold.lt\/et\/wp-json\/wp\/v2\/product_cat?post=283361"},{"taxonomy":"product_tag","embeddable":true,"href":"https:\/\/fashiongold.lt\/et\/wp-json\/wp\/v2\/product_tag?post=283361"}],"curies":[{"name":"wp","href":"https:\/\/api.w.org\/{rel}","templated":true}]}}