{"id":283386,"date":"2025-10-19T19:57:34","date_gmt":"2025-10-19T19:57:34","guid":{"rendered":"https:\/\/fashiongold.lt\/papuosalas\/luksuslikud-ametustid-ametustide-ja-teemantidega-korvarongad-841-ct\/"},"modified":"2025-10-19T19:57:34","modified_gmt":"2025-10-19T19:57:34","slug":"luksuslikud-ametustid-ametustide-ja-teemantidega-korvarongad-841-ct","status":"publish","type":"product","link":"https:\/\/fashiongold.lt\/et\/papuosalas\/luksuslikud-ametustid-ametustide-ja-teemantidega-korvarongad-841-ct\/","title":{"rendered":"Luksuslikud amet\u00fcstid \u2013 amet\u00fcstide ja teemantidega k\u00f5rvar\u00f5ngad (8,41 ct)"},"content":{"rendered":"<p>Valmistatud Saksamaal kvaliteetsetest v\u00e4\u00e4riskividest. Suurep\u00e4rane valik stiilsele naisele. Maagiline amet\u00fcst \u2013 tarkuse v\u00e4\u00e4riskivi, harmoonia ja l\u00f5\u00f5gastuse kivi. Taastab tasakaalu, leevendab stressi, toob rahu. Amet\u00fcst sobib Amburile, Veevalajale, Kaladele, Kaljukitsele, J\u00e4\u00e4rale, Kaksikutele.<\/p>\n<p>\u2022 K\u00f5rvar\u00f5ngaste kuld: 18 karaati (proov 750)\u00a0<\/p>\n<p>\u2022 K\u00f5rvar\u00f5ngaste v\u00e4rvus: punane kuld\u00a0 \u00a0 \u00a0<\/p>\n<p>\u2022 K\u00f5rvar\u00f5ngaste kaal: umbes 4,00 &#8211; 5,00 g\u00a0 \u00a0<\/p>\n<p>\u2022 Teemandi t\u00fc\u00fcp: Looduslik teemant\u00a0<\/p>\n<p>\u2022 Teemandi kuju: \u00dcmar kuju (Round cut)\u00a0<\/p>\n<p>\u2022 Teemandi omadused: 0,51 ct, v\u00e4rvus G-H (RW-W); puhtus SI\u00a0<\/p>\n<p>\u2022 Keskne kivi: smaragdil\u00f5ikega amet\u00fcstid &#8211; 7.90 ct\u00a0 \u00a0<\/p>\n<p>\u2022 Sertifikaat: Leedu Proovikoda (LPR)\u00a0 \u00a0<\/p>\n<p>\u2022 S\u00f5rmuse m\u00f5\u00f5tmed: k\u00f5rgus 24,20 mm, laius 9,40 mm, paksus 4,80 mm<\/p>\n<p>\u2022 Graveerimine tasuta\u00a0<\/p>\n<p>\u2022 \u00dchekordne tasuta s\u00f5rmuse suuruse muutmise garantii\u00a0<\/p>\n<p>\u2022 Valmistamis- ja tarneaeg alates 21 t\u00f6\u00f6p\u00e4evast, kiireloomuline tellimus 3 t\u00f6\u00f6p\u00e4eva jooksul.\u00a0<\/p>\n<p><strong>Kas teil on oma kulda? V\u00f5tke \u00fchendust, arvutame hinna \u00fcmber \u2013 maksate vaid k\u00f5rvar\u00f5ngaste valmistamise eest.<\/strong><\/p>\n","protected":false},"excerpt":{"rendered":"<p>Luksuslikud kuldk\u00f5rvar\u00f5ngad inglise lukuga, 7,90 ct ristk\u00fclikukujuliste amet\u00fcstide ja teemantidega \u00fcmber amet\u00fcsti. Sobivad igap\u00e4evaseks kandmiseks ja erilisteks puhkudeks, silmapaistva stiili jaoks.<\/p>\n","protected":false},"featured_media":233945,"template":"","meta":{"site-sidebar-layout":"","site-content-layout":"","ast-site-content-layout":"","site-content-style":"","site-sidebar-style":"","ast-global-header-display":"","ast-banner-title-visibility":"","ast-main-header-display":"","ast-hfb-above-header-display":"","ast-hfb-below-header-display":"","ast-hfb-mobile-header-display":"","site-post-title":"","ast-breadcrumbs-content":"","ast-featured-img":"","footer-sml-layout":"","ast-disable-related-posts":"","theme-transparent-header-meta":"","adv-header-id-meta":"","stick-header-meta":"","header-above-stick-meta":"","header-main-stick-meta":"","header-below-stick-meta":"","astra-migrate-meta-layouts":"default","ast-page-background-enabled":"default","ast-page-background-meta":{"desktop":{"background-color":"var(--ast-global-color-4)","background-image":"","background-repeat":"repeat","background-position":"center center","background-size":"auto","background-attachment":"scroll","background-type":"","background-media":"","overlay-type":"","overlay-color":"","overlay-opacity":"","overlay-gradient":""},"tablet":{"background-color":"","background-image":"","background-repeat":"repeat","background-position":"center center","background-size":"auto","background-attachment":"scroll","background-type":"","background-media":"","overlay-type":"","overlay-color":"","overlay-opacity":"","overlay-gradient":""},"mobile":{"background-color":"","background-image":"","background-repeat":"repeat","background-position":"center center","background-size":"auto","background-attachment":"scroll","background-type":"","background-media":"","overlay-type":"","overlay-color":"","overlay-opacity":"","overlay-gradient":""}},"ast-content-background-meta":{"desktop":{"background-color":"var(--ast-global-color-5)","background-image":"","background-repeat":"repeat","background-position":"center center","background-size":"auto","background-attachment":"scroll","background-type":"","background-media":"","overlay-type":"","overlay-color":"","overlay-opacity":"","overlay-gradient":""},"tablet":{"background-color":"var(--ast-global-color-5)","background-image":"","background-repeat":"repeat","background-position":"center center","background-size":"auto","background-attachment":"scroll","background-type":"","background-media":"","overlay-type":"","overlay-color":"","overlay-opacity":"","overlay-gradient":""},"mobile":{"background-color":"var(--ast-global-color-5)","background-image":"","background-repeat":"repeat","background-position":"center center","background-size":"auto","background-attachment":"scroll","background-type":"","background-media":"","overlay-type":"","overlay-color":"","overlay-opacity":"","overlay-gradient":""}}},"product_brand":[],"product_cat":[3058,2830,3615,2826,2829,2823,2828,2822,2824,3392,2821,2988,3536,2846,2967,3391,2845,2966,2968],"product_tag":[],"class_list":{"0":"post-283386","1":"product","2":"type-product","3":"status-publish","4":"has-post-thumbnail","6":"product_cat-ehted","7":"product_cat-emadepaeva-kingitused","8":"product_cat-inglise-lukuga-korvarongad","9":"product_cat-joulukingid","10":"product_cat-kingitused-erilisteks-puhkudeks","11":"product_cat-kingitused-lapse-sunni-puhul","12":"product_cat-kingitused-lopetamise-puhul","13":"product_cat-kingitused-naistele","14":"product_cat-kingitused-pulma-aastapaeva-puhul","15":"product_cat-kingitused-pulmade-puhul","16":"product_cat-kingitused-sunnipaevaks","17":"product_cat-lillade-vaariskividega-ehted","18":"product_cat-pidulikud-korvarongad","19":"product_cat-poolvaariskividega-ehted","20":"product_cat-punasest-kullast-ehted","21":"product_cat-ristimiskingitused","22":"product_cat-sobrapaeva-kingitused","23":"product_cat-teemantidega-korvarongad","24":"product_cat-vaariskividega-korvarongad","25":"desktop-align-center","26":"tablet-align-left","27":"mobile-align-left","28":"ast-product-gallery-layout-horizontal-slider","29":"ast-product-gallery-with-no-image","30":"ast-product-tabs-layout-accordion","31":"ast-qv-on-image","33":"first","34":"instock","35":"taxable","36":"shipping-taxable","37":"purchasable","38":"product-type-simple"},"yoast_head":"<!-- This site is optimized with the Yoast SEO plugin v26.6 - https:\/\/yoast.com\/wordpress\/plugins\/seo\/ -->\n<title>Luksuslikud amet\u00fcstid - k\u00f5rvar\u00f5ngad amet\u00fcstide ja teemantidega<\/title>\n<meta name=\"description\" content=\"Luksuslikud inglise lukuga k\u00f5rvar\u00f5ngad 7,90 ct ristk\u00fclikukujuliste ametistide ja teemantidega. Sobivad igap\u00e4evaseks kandmiseks ja erilisteks puhkudeks, silmapaistva stiili jaoks.\" \/>\n<meta name=\"robots\" content=\"index, follow, max-snippet:-1, max-image-preview:large, max-video-preview:-1\" \/>\n<link rel=\"canonical\" href=\"https:\/\/fashiongold.lt\/et\/papuosalas\/luksuslikud-ametustid-ametustide-ja-teemantidega-korvarongad-841-ct\/\" \/>\n<meta property=\"og:locale\" content=\"et_EE\" \/>\n<meta property=\"og:type\" content=\"article\" \/>\n<meta property=\"og:title\" content=\"Luksuslikud amet\u00fcstid - k\u00f5rvar\u00f5ngad amet\u00fcstide ja teemantidega\" \/>\n<meta property=\"og:description\" content=\"Luksuslikud inglise lukuga k\u00f5rvar\u00f5ngad 7,90 ct ristk\u00fclikukujuliste ametistide ja teemantidega. Sobivad igap\u00e4evaseks kandmiseks ja erilisteks puhkudeks, silmapaistva stiili jaoks.\" \/>\n<meta property=\"og:url\" content=\"https:\/\/fashiongold.lt\/et\/papuosalas\/luksuslikud-ametustid-ametustide-ja-teemantidega-korvarongad-841-ct\/\" \/>\n<meta property=\"og:site_name\" content=\"FashionGold.lt\" \/>\n<meta property=\"og:image\" content=\"https:\/\/fashiongold.lt\/wp-content\/uploads\/2025\/10\/11797-e33-Prabangus-Ametistai-auskarai-su-ametistais-ir-deimantais.webp\" \/>\n\t<meta property=\"og:image:width\" content=\"1000\" \/>\n\t<meta property=\"og:image:height\" content=\"1000\" \/>\n\t<meta property=\"og:image:type\" content=\"image\/png\" \/>\n<meta name=\"twitter:card\" content=\"summary_large_image\" \/>\n<meta name=\"twitter:label1\" content=\"Est. reading time\" \/>\n\t<meta name=\"twitter:data1\" content=\"1 minut\" \/>\n<script type=\"application\/ld+json\" class=\"yoast-schema-graph\">{\"@context\":\"https:\/\/schema.org\",\"@graph\":[{\"@type\":\"WebPage\",\"@id\":\"https:\/\/fashiongold.lt\/et\/papuosalas\/luksuslikud-ametustid-ametustide-ja-teemantidega-korvarongad-841-ct\/\",\"url\":\"https:\/\/fashiongold.lt\/et\/papuosalas\/luksuslikud-ametustid-ametustide-ja-teemantidega-korvarongad-841-ct\/\",\"name\":\"Luksuslikud amet\u00fcstid - k\u00f5rvar\u00f5ngad amet\u00fcstide ja teemantidega\",\"isPartOf\":{\"@id\":\"https:\/\/fashiongold.lt\/et\/#website\"},\"primaryImageOfPage\":{\"@id\":\"https:\/\/fashiongold.lt\/et\/papuosalas\/luksuslikud-ametustid-ametustide-ja-teemantidega-korvarongad-841-ct\/#primaryimage\"},\"image\":{\"@id\":\"https:\/\/fashiongold.lt\/et\/papuosalas\/luksuslikud-ametustid-ametustide-ja-teemantidega-korvarongad-841-ct\/#primaryimage\"},\"thumbnailUrl\":\"https:\/\/fashiongold.lt\/wp-content\/uploads\/2025\/10\/11797-e33-Prabangus-Ametistai-auskarai-su-ametistais-ir-deimantais.png\",\"datePublished\":\"2025-10-19T19:57:34+00:00\",\"description\":\"Luksuslikud inglise lukuga k\u00f5rvar\u00f5ngad 7,90 ct ristk\u00fclikukujuliste ametistide ja teemantidega. Sobivad igap\u00e4evaseks kandmiseks ja erilisteks puhkudeks, silmapaistva stiili jaoks.\",\"breadcrumb\":{\"@id\":\"https:\/\/fashiongold.lt\/et\/papuosalas\/luksuslikud-ametustid-ametustide-ja-teemantidega-korvarongad-841-ct\/#breadcrumb\"},\"inLanguage\":\"et\",\"potentialAction\":[{\"@type\":\"ReadAction\",\"target\":[\"https:\/\/fashiongold.lt\/et\/papuosalas\/luksuslikud-ametustid-ametustide-ja-teemantidega-korvarongad-841-ct\/\"]}]},{\"@type\":\"ImageObject\",\"inLanguage\":\"et\",\"@id\":\"https:\/\/fashiongold.lt\/et\/papuosalas\/luksuslikud-ametustid-ametustide-ja-teemantidega-korvarongad-841-ct\/#primaryimage\",\"url\":\"https:\/\/fashiongold.lt\/wp-content\/uploads\/2025\/10\/11797-e33-Prabangus-Ametistai-auskarai-su-ametistais-ir-deimantais.png\",\"contentUrl\":\"https:\/\/fashiongold.lt\/wp-content\/uploads\/2025\/10\/11797-e33-Prabangus-Ametistai-auskarai-su-ametistais-ir-deimantais.png\",\"width\":1000,\"height\":1000},{\"@type\":\"BreadcrumbList\",\"@id\":\"https:\/\/fashiongold.lt\/et\/papuosalas\/luksuslikud-ametustid-ametustide-ja-teemantidega-korvarongad-841-ct\/#breadcrumb\",\"itemListElement\":[{\"@type\":\"ListItem\",\"position\":1,\"name\":\"Home\",\"item\":\"https:\/\/fashiongold.lt\/et\/\"},{\"@type\":\"ListItem\",\"position\":2,\"name\":\"Teemantide pood Fashiongold.lt\",\"item\":\"https:\/\/fashiongold.lt\/shop-2\/\"},{\"@type\":\"ListItem\",\"position\":3,\"name\":\"Luksuslikud amet\u00fcstid \u2013 amet\u00fcstide ja teemantidega k\u00f5rvar\u00f5ngad (8,41 ct)\"}]},{\"@type\":\"WebSite\",\"@id\":\"https:\/\/fashiongold.lt\/et\/#website\",\"url\":\"https:\/\/fashiongold.lt\/et\/\",\"name\":\"Fashion Gold\",\"description\":\"Juvelyrikos namai\",\"publisher\":{\"@id\":\"https:\/\/fashiongold.lt\/et\/#organization\"},\"potentialAction\":[{\"@type\":\"SearchAction\",\"target\":{\"@type\":\"EntryPoint\",\"urlTemplate\":\"https:\/\/fashiongold.lt\/et\/?s={search_term_string}\"},\"query-input\":{\"@type\":\"PropertyValueSpecification\",\"valueRequired\":true,\"valueName\":\"search_term_string\"}}],\"inLanguage\":\"et\"},{\"@type\":\"Organization\",\"@id\":\"https:\/\/fashiongold.lt\/et\/#organization\",\"name\":\"Topdiamonds Online\",\"url\":\"https:\/\/fashiongold.lt\/et\/\",\"logo\":{\"@type\":\"ImageObject\",\"inLanguage\":\"et\",\"@id\":\"https:\/\/fashiongold.lt\/et\/#\/schema\/logo\/image\/\",\"url\":\"https:\/\/fashiongold.lt\/wp-content\/uploads\/2025\/04\/cropped-fashion_gold_logotipas2-scaled-1.png\",\"contentUrl\":\"https:\/\/fashiongold.lt\/wp-content\/uploads\/2025\/04\/cropped-fashion_gold_logotipas2-scaled-1.png\",\"width\":2559,\"height\":421,\"caption\":\"Topdiamonds Online\"},\"image\":{\"@id\":\"https:\/\/fashiongold.lt\/et\/#\/schema\/logo\/image\/\"}}]}<\/script>\n<!-- \/ Yoast SEO plugin. -->","yoast_head_json":{"title":"Luksuslikud amet\u00fcstid - k\u00f5rvar\u00f5ngad amet\u00fcstide ja teemantidega","description":"Luksuslikud inglise lukuga k\u00f5rvar\u00f5ngad 7,90 ct ristk\u00fclikukujuliste ametistide ja teemantidega. Sobivad igap\u00e4evaseks kandmiseks ja erilisteks puhkudeks, silmapaistva stiili jaoks.","robots":{"index":"index","follow":"follow","max-snippet":"max-snippet:-1","max-image-preview":"max-image-preview:large","max-video-preview":"max-video-preview:-1"},"canonical":"https:\/\/fashiongold.lt\/et\/papuosalas\/luksuslikud-ametustid-ametustide-ja-teemantidega-korvarongad-841-ct\/","og_locale":"et_EE","og_type":"article","og_title":"Luksuslikud amet\u00fcstid - k\u00f5rvar\u00f5ngad amet\u00fcstide ja teemantidega","og_description":"Luksuslikud inglise lukuga k\u00f5rvar\u00f5ngad 7,90 ct ristk\u00fclikukujuliste ametistide ja teemantidega. Sobivad igap\u00e4evaseks kandmiseks ja erilisteks puhkudeks, silmapaistva stiili jaoks.","og_url":"https:\/\/fashiongold.lt\/et\/papuosalas\/luksuslikud-ametustid-ametustide-ja-teemantidega-korvarongad-841-ct\/","og_site_name":"FashionGold.lt","og_image":[{"width":1000,"height":1000,"url":"https:\/\/fashiongold.lt\/wp-content\/uploads\/2025\/10\/11797-e33-Prabangus-Ametistai-auskarai-su-ametistais-ir-deimantais.webp","type":"image\/png"}],"twitter_card":"summary_large_image","twitter_misc":{"Est. reading time":"1 minut"},"schema":{"@context":"https:\/\/schema.org","@graph":[{"@type":"WebPage","@id":"https:\/\/fashiongold.lt\/et\/papuosalas\/luksuslikud-ametustid-ametustide-ja-teemantidega-korvarongad-841-ct\/","url":"https:\/\/fashiongold.lt\/et\/papuosalas\/luksuslikud-ametustid-ametustide-ja-teemantidega-korvarongad-841-ct\/","name":"Luksuslikud amet\u00fcstid - k\u00f5rvar\u00f5ngad amet\u00fcstide ja teemantidega","isPartOf":{"@id":"https:\/\/fashiongold.lt\/et\/#website"},"primaryImageOfPage":{"@id":"https:\/\/fashiongold.lt\/et\/papuosalas\/luksuslikud-ametustid-ametustide-ja-teemantidega-korvarongad-841-ct\/#primaryimage"},"image":{"@id":"https:\/\/fashiongold.lt\/et\/papuosalas\/luksuslikud-ametustid-ametustide-ja-teemantidega-korvarongad-841-ct\/#primaryimage"},"thumbnailUrl":"https:\/\/fashiongold.lt\/wp-content\/uploads\/2025\/10\/11797-e33-Prabangus-Ametistai-auskarai-su-ametistais-ir-deimantais.png","datePublished":"2025-10-19T19:57:34+00:00","description":"Luksuslikud inglise lukuga k\u00f5rvar\u00f5ngad 7,90 ct ristk\u00fclikukujuliste ametistide ja teemantidega. Sobivad igap\u00e4evaseks kandmiseks ja erilisteks puhkudeks, silmapaistva stiili jaoks.","breadcrumb":{"@id":"https:\/\/fashiongold.lt\/et\/papuosalas\/luksuslikud-ametustid-ametustide-ja-teemantidega-korvarongad-841-ct\/#breadcrumb"},"inLanguage":"et","potentialAction":[{"@type":"ReadAction","target":["https:\/\/fashiongold.lt\/et\/papuosalas\/luksuslikud-ametustid-ametustide-ja-teemantidega-korvarongad-841-ct\/"]}]},{"@type":"ImageObject","inLanguage":"et","@id":"https:\/\/fashiongold.lt\/et\/papuosalas\/luksuslikud-ametustid-ametustide-ja-teemantidega-korvarongad-841-ct\/#primaryimage","url":"https:\/\/fashiongold.lt\/wp-content\/uploads\/2025\/10\/11797-e33-Prabangus-Ametistai-auskarai-su-ametistais-ir-deimantais.png","contentUrl":"https:\/\/fashiongold.lt\/wp-content\/uploads\/2025\/10\/11797-e33-Prabangus-Ametistai-auskarai-su-ametistais-ir-deimantais.png","width":1000,"height":1000},{"@type":"BreadcrumbList","@id":"https:\/\/fashiongold.lt\/et\/papuosalas\/luksuslikud-ametustid-ametustide-ja-teemantidega-korvarongad-841-ct\/#breadcrumb","itemListElement":[{"@type":"ListItem","position":1,"name":"Home","item":"https:\/\/fashiongold.lt\/et\/"},{"@type":"ListItem","position":2,"name":"Teemantide pood Fashiongold.lt","item":"https:\/\/fashiongold.lt\/shop-2\/"},{"@type":"ListItem","position":3,"name":"Luksuslikud amet\u00fcstid \u2013 amet\u00fcstide ja teemantidega k\u00f5rvar\u00f5ngad (8,41 ct)"}]},{"@type":"WebSite","@id":"https:\/\/fashiongold.lt\/et\/#website","url":"https:\/\/fashiongold.lt\/et\/","name":"Fashion Gold","description":"Juvelyrikos namai","publisher":{"@id":"https:\/\/fashiongold.lt\/et\/#organization"},"potentialAction":[{"@type":"SearchAction","target":{"@type":"EntryPoint","urlTemplate":"https:\/\/fashiongold.lt\/et\/?s={search_term_string}"},"query-input":{"@type":"PropertyValueSpecification","valueRequired":true,"valueName":"search_term_string"}}],"inLanguage":"et"},{"@type":"Organization","@id":"https:\/\/fashiongold.lt\/et\/#organization","name":"Topdiamonds Online","url":"https:\/\/fashiongold.lt\/et\/","logo":{"@type":"ImageObject","inLanguage":"et","@id":"https:\/\/fashiongold.lt\/et\/#\/schema\/logo\/image\/","url":"https:\/\/fashiongold.lt\/wp-content\/uploads\/2025\/04\/cropped-fashion_gold_logotipas2-scaled-1.png","contentUrl":"https:\/\/fashiongold.lt\/wp-content\/uploads\/2025\/04\/cropped-fashion_gold_logotipas2-scaled-1.png","width":2559,"height":421,"caption":"Topdiamonds Online"},"image":{"@id":"https:\/\/fashiongold.lt\/et\/#\/schema\/logo\/image\/"}}]}},"_links":{"self":[{"href":"https:\/\/fashiongold.lt\/et\/wp-json\/wp\/v2\/product\/283386","targetHints":{"allow":["GET"]}}],"collection":[{"href":"https:\/\/fashiongold.lt\/et\/wp-json\/wp\/v2\/product"}],"about":[{"href":"https:\/\/fashiongold.lt\/et\/wp-json\/wp\/v2\/types\/product"}],"version-history":[{"count":0,"href":"https:\/\/fashiongold.lt\/et\/wp-json\/wp\/v2\/product\/283386\/revisions"}],"wp:featuredmedia":[{"embeddable":true,"href":"https:\/\/fashiongold.lt\/et\/wp-json\/wp\/v2\/media\/233945"}],"wp:attachment":[{"href":"https:\/\/fashiongold.lt\/et\/wp-json\/wp\/v2\/media?parent=283386"}],"wp:term":[{"taxonomy":"product_brand","embeddable":true,"href":"https:\/\/fashiongold.lt\/et\/wp-json\/wp\/v2\/product_brand?post=283386"},{"taxonomy":"product_cat","embeddable":true,"href":"https:\/\/fashiongold.lt\/et\/wp-json\/wp\/v2\/product_cat?post=283386"},{"taxonomy":"product_tag","embeddable":true,"href":"https:\/\/fashiongold.lt\/et\/wp-json\/wp\/v2\/product_tag?post=283386"}],"curies":[{"name":"wp","href":"https:\/\/api.w.org\/{rel}","templated":true}]}}