{"id":283436,"date":"2025-10-19T19:57:28","date_gmt":"2025-10-19T19:57:28","guid":{"rendered":"https:\/\/fashiongold.lt\/papuosalas\/umarad-ametistid-korvarongad-ametistide-ja-teemantidega-392-ct\/"},"modified":"2025-10-19T19:57:28","modified_gmt":"2025-10-19T19:57:28","slug":"umarad-ametistid-korvarongad-ametistide-ja-teemantidega-392-ct","status":"publish","type":"product","link":"https:\/\/fashiongold.lt\/et\/papuosalas\/umarad-ametistid-korvarongad-ametistide-ja-teemantidega-392-ct\/","title":{"rendered":"\u00dcmarad ametistid \u2013 k\u00f5rvar\u00f5ngad ametistide ja teemantidega (3,92 ct)"},"content":{"rendered":"<p>Valmistatud Saksamaal kvaliteetsetest v\u00e4\u00e4riskividest. Suurep\u00e4rane valik stiilsele naisele. Maagiline amet\u00fcst \u2013 tarkuse v\u00e4\u00e4riskivi, harmoonia ja l\u00f5\u00f5gastumise kivi. Taastab tasakaalu, leevendab stressi, toob rahu. Amet\u00fcst sobib Amburile, Veevalajale, Kaladele, Kaljukitsele, J\u00e4\u00e4rale, Kaksikutele.<\/p>\n<p>\u2022 K\u00f5rvar\u00f5ngaste kuld: 18 karaati (proov 750)\u00a0<\/p>\n<p>\u2022 K\u00f5rvar\u00f5ngaste v\u00e4rvus: punane kuld\u00a0 \u00a0 \u00a0<\/p>\n<p>\u2022 K\u00f5rvar\u00f5ngaste kaal: umbes 3,20\u20133,50 g\u00a0 \u00a0<\/p>\n<p>\u2022 Teemandi t\u00fc\u00fcp: Looduslik teemant\u00a0<\/p>\n<p>\u2022 Teemandi kuju: \u00dcmar lihv (Round cut)\u00a0<\/p>\n<p>\u2022 Teemandi omadused: 0,12 ct, v\u00e4rvus G-H (RW-W); puhtus SI\u00a0<\/p>\n<p>\u2022 Keskne kivi: \u00fcmara lihviga amet\u00fcstid \u2013 3,80 ct\u00a0 \u00a0<\/p>\n<p>\u2022 Sertifikaat: Leedu Proovikoda (LPR)\u00a0 \u00a0<\/p>\n<p>\u2022 S\u00f5rmuse m\u00f5\u00f5tmed: k\u00f5rgus 22,30 mm, laius 8,90 mm, paksus 5,30 mm<\/p>\n<p>\u2022 Kaiverdamine tasuta\u00a0<\/p>\n<p>\u2022 \u00dchekordne tasuta s\u00f5rmuse suuruse muutmise garantii\u00a0<\/p>\n<p>\u2022 Valmistamis- ja tarneaeg alates 21 t\u00f6\u00f6p\u00e4evast, kiirtellimusel 3 t\u00f6\u00f6p\u00e4eva jooksul.\u00a0<\/p>\n<p><strong>On teil oma kulda? V\u00f5tke \u00fchendust, arvutame hinna \u00fcmber \u2013 maksate ainult k\u00f5rvar\u00f5ngaste valmistamise eest.<\/strong><\/p>\n","protected":false},"excerpt":{"rendered":"<p>Moodsa disainiga inglise lukuga kuldk\u00f5rvar\u00f5ngad \u00fcmarate amet\u00fcstide ja teemantidega. Sobivad igap\u00e4evaseks kandmiseks ja erilisteks puhkudeks, silmapaistva stiili loomiseks.<\/p>\n","protected":false},"featured_media":233755,"template":"","meta":{"site-sidebar-layout":"","site-content-layout":"","ast-site-content-layout":"","site-content-style":"","site-sidebar-style":"","ast-global-header-display":"","ast-banner-title-visibility":"","ast-main-header-display":"","ast-hfb-above-header-display":"","ast-hfb-below-header-display":"","ast-hfb-mobile-header-display":"","site-post-title":"","ast-breadcrumbs-content":"","ast-featured-img":"","footer-sml-layout":"","ast-disable-related-posts":"","theme-transparent-header-meta":"","adv-header-id-meta":"","stick-header-meta":"","header-above-stick-meta":"","header-main-stick-meta":"","header-below-stick-meta":"","astra-migrate-meta-layouts":"default","ast-page-background-enabled":"default","ast-page-background-meta":{"desktop":{"background-color":"var(--ast-global-color-4)","background-image":"","background-repeat":"repeat","background-position":"center center","background-size":"auto","background-attachment":"scroll","background-type":"","background-media":"","overlay-type":"","overlay-color":"","overlay-opacity":"","overlay-gradient":""},"tablet":{"background-color":"","background-image":"","background-repeat":"repeat","background-position":"center center","background-size":"auto","background-attachment":"scroll","background-type":"","background-media":"","overlay-type":"","overlay-color":"","overlay-opacity":"","overlay-gradient":""},"mobile":{"background-color":"","background-image":"","background-repeat":"repeat","background-position":"center center","background-size":"auto","background-attachment":"scroll","background-type":"","background-media":"","overlay-type":"","overlay-color":"","overlay-opacity":"","overlay-gradient":""}},"ast-content-background-meta":{"desktop":{"background-color":"var(--ast-global-color-5)","background-image":"","background-repeat":"repeat","background-position":"center center","background-size":"auto","background-attachment":"scroll","background-type":"","background-media":"","overlay-type":"","overlay-color":"","overlay-opacity":"","overlay-gradient":""},"tablet":{"background-color":"var(--ast-global-color-5)","background-image":"","background-repeat":"repeat","background-position":"center center","background-size":"auto","background-attachment":"scroll","background-type":"","background-media":"","overlay-type":"","overlay-color":"","overlay-opacity":"","overlay-gradient":""},"mobile":{"background-color":"var(--ast-global-color-5)","background-image":"","background-repeat":"repeat","background-position":"center center","background-size":"auto","background-attachment":"scroll","background-type":"","background-media":"","overlay-type":"","overlay-color":"","overlay-opacity":"","overlay-gradient":""}}},"product_brand":[],"product_cat":[3058,2830,3615,2826,2829,2823,2828,2822,2824,3392,2821,2988,2846,2967,3391,2845,2966,2968],"product_tag":[],"class_list":{"0":"post-283436","1":"product","2":"type-product","3":"status-publish","4":"has-post-thumbnail","6":"product_cat-ehted","7":"product_cat-emadepaeva-kingitused","8":"product_cat-inglise-lukuga-korvarongad","9":"product_cat-joulukingid","10":"product_cat-kingitused-erilisteks-puhkudeks","11":"product_cat-kingitused-lapse-sunni-puhul","12":"product_cat-kingitused-lopetamise-puhul","13":"product_cat-kingitused-naistele","14":"product_cat-kingitused-pulma-aastapaeva-puhul","15":"product_cat-kingitused-pulmade-puhul","16":"product_cat-kingitused-sunnipaevaks","17":"product_cat-lillade-vaariskividega-ehted","18":"product_cat-poolvaariskividega-ehted","19":"product_cat-punasest-kullast-ehted","20":"product_cat-ristimiskingitused","21":"product_cat-sobrapaeva-kingitused","22":"product_cat-teemantidega-korvarongad","23":"product_cat-vaariskividega-korvarongad","24":"desktop-align-center","25":"tablet-align-left","26":"mobile-align-left","27":"ast-product-gallery-layout-horizontal-slider","28":"ast-product-gallery-with-no-image","29":"ast-product-tabs-layout-accordion","30":"ast-qv-on-image","32":"first","33":"instock","34":"taxable","35":"shipping-taxable","36":"purchasable","37":"product-type-simple"},"yoast_head":"<!-- This site is optimized with the Yoast SEO plugin v26.6 - https:\/\/yoast.com\/wordpress\/plugins\/seo\/ -->\n<title>\u00dcmarad Amet\u00fcstid - amet\u00fcstide ja teemantidega k\u00f5rvar\u00f5ngad<\/title>\n<meta name=\"description\" content=\"Kaasaegse disainiga inglise lukkudega k\u00f5rvar\u00f5ngad \u00fcmmarguste amet\u00fcstide ja teemantidega. Sobivad igap\u00e4evaseks kandmiseks ja erilisteks puhkudeks, silmapaistva stiili loomiseks.\" \/>\n<meta name=\"robots\" content=\"index, follow, max-snippet:-1, max-image-preview:large, max-video-preview:-1\" \/>\n<link rel=\"canonical\" href=\"https:\/\/fashiongold.lt\/et\/papuosalas\/umarad-ametistid-korvarongad-ametistide-ja-teemantidega-392-ct\/\" \/>\n<meta property=\"og:locale\" content=\"et_EE\" \/>\n<meta property=\"og:type\" content=\"article\" \/>\n<meta property=\"og:title\" content=\"\u00dcmarad Amet\u00fcstid - amet\u00fcstide ja teemantidega k\u00f5rvar\u00f5ngad\" \/>\n<meta property=\"og:description\" content=\"Kaasaegse disainiga inglise lukkudega k\u00f5rvar\u00f5ngad \u00fcmmarguste amet\u00fcstide ja teemantidega. Sobivad igap\u00e4evaseks kandmiseks ja erilisteks puhkudeks, silmapaistva stiili loomiseks.\" \/>\n<meta property=\"og:url\" content=\"https:\/\/fashiongold.lt\/et\/papuosalas\/umarad-ametistid-korvarongad-ametistide-ja-teemantidega-392-ct\/\" \/>\n<meta property=\"og:site_name\" content=\"FashionGold.lt\" \/>\n<meta property=\"og:image\" content=\"https:\/\/fashiongold.lt\/wp-content\/uploads\/2025\/10\/11757-0e4-Apvalus-Ametistai-auskarai-su-ametistais-ir-deimantais.webp\" \/>\n\t<meta property=\"og:image:width\" content=\"1000\" \/>\n\t<meta property=\"og:image:height\" content=\"1000\" \/>\n\t<meta property=\"og:image:type\" content=\"image\/png\" \/>\n<meta name=\"twitter:card\" content=\"summary_large_image\" \/>\n<meta name=\"twitter:label1\" content=\"Est. reading time\" \/>\n\t<meta name=\"twitter:data1\" content=\"1 minut\" \/>\n<script type=\"application\/ld+json\" class=\"yoast-schema-graph\">{\"@context\":\"https:\/\/schema.org\",\"@graph\":[{\"@type\":\"WebPage\",\"@id\":\"https:\/\/fashiongold.lt\/et\/papuosalas\/umarad-ametistid-korvarongad-ametistide-ja-teemantidega-392-ct\/\",\"url\":\"https:\/\/fashiongold.lt\/et\/papuosalas\/umarad-ametistid-korvarongad-ametistide-ja-teemantidega-392-ct\/\",\"name\":\"\u00dcmarad Amet\u00fcstid - amet\u00fcstide ja teemantidega k\u00f5rvar\u00f5ngad\",\"isPartOf\":{\"@id\":\"https:\/\/fashiongold.lt\/et\/#website\"},\"primaryImageOfPage\":{\"@id\":\"https:\/\/fashiongold.lt\/et\/papuosalas\/umarad-ametistid-korvarongad-ametistide-ja-teemantidega-392-ct\/#primaryimage\"},\"image\":{\"@id\":\"https:\/\/fashiongold.lt\/et\/papuosalas\/umarad-ametistid-korvarongad-ametistide-ja-teemantidega-392-ct\/#primaryimage\"},\"thumbnailUrl\":\"https:\/\/fashiongold.lt\/wp-content\/uploads\/2025\/10\/11757-0e4-Apvalus-Ametistai-auskarai-su-ametistais-ir-deimantais.png\",\"datePublished\":\"2025-10-19T19:57:28+00:00\",\"description\":\"Kaasaegse disainiga inglise lukkudega k\u00f5rvar\u00f5ngad \u00fcmmarguste amet\u00fcstide ja teemantidega. Sobivad igap\u00e4evaseks kandmiseks ja erilisteks puhkudeks, silmapaistva stiili loomiseks.\",\"breadcrumb\":{\"@id\":\"https:\/\/fashiongold.lt\/et\/papuosalas\/umarad-ametistid-korvarongad-ametistide-ja-teemantidega-392-ct\/#breadcrumb\"},\"inLanguage\":\"et\",\"potentialAction\":[{\"@type\":\"ReadAction\",\"target\":[\"https:\/\/fashiongold.lt\/et\/papuosalas\/umarad-ametistid-korvarongad-ametistide-ja-teemantidega-392-ct\/\"]}]},{\"@type\":\"ImageObject\",\"inLanguage\":\"et\",\"@id\":\"https:\/\/fashiongold.lt\/et\/papuosalas\/umarad-ametistid-korvarongad-ametistide-ja-teemantidega-392-ct\/#primaryimage\",\"url\":\"https:\/\/fashiongold.lt\/wp-content\/uploads\/2025\/10\/11757-0e4-Apvalus-Ametistai-auskarai-su-ametistais-ir-deimantais.png\",\"contentUrl\":\"https:\/\/fashiongold.lt\/wp-content\/uploads\/2025\/10\/11757-0e4-Apvalus-Ametistai-auskarai-su-ametistais-ir-deimantais.png\",\"width\":1000,\"height\":1000},{\"@type\":\"BreadcrumbList\",\"@id\":\"https:\/\/fashiongold.lt\/et\/papuosalas\/umarad-ametistid-korvarongad-ametistide-ja-teemantidega-392-ct\/#breadcrumb\",\"itemListElement\":[{\"@type\":\"ListItem\",\"position\":1,\"name\":\"Home\",\"item\":\"https:\/\/fashiongold.lt\/et\/\"},{\"@type\":\"ListItem\",\"position\":2,\"name\":\"Teemantide pood Fashiongold.lt\",\"item\":\"https:\/\/fashiongold.lt\/shop-2\/\"},{\"@type\":\"ListItem\",\"position\":3,\"name\":\"\u00dcmarad ametistid \u2013 k\u00f5rvar\u00f5ngad ametistide ja teemantidega (3,92 ct)\"}]},{\"@type\":\"WebSite\",\"@id\":\"https:\/\/fashiongold.lt\/et\/#website\",\"url\":\"https:\/\/fashiongold.lt\/et\/\",\"name\":\"Fashion Gold\",\"description\":\"Juvelyrikos namai\",\"publisher\":{\"@id\":\"https:\/\/fashiongold.lt\/et\/#organization\"},\"potentialAction\":[{\"@type\":\"SearchAction\",\"target\":{\"@type\":\"EntryPoint\",\"urlTemplate\":\"https:\/\/fashiongold.lt\/et\/?s={search_term_string}\"},\"query-input\":{\"@type\":\"PropertyValueSpecification\",\"valueRequired\":true,\"valueName\":\"search_term_string\"}}],\"inLanguage\":\"et\"},{\"@type\":\"Organization\",\"@id\":\"https:\/\/fashiongold.lt\/et\/#organization\",\"name\":\"Topdiamonds Online\",\"url\":\"https:\/\/fashiongold.lt\/et\/\",\"logo\":{\"@type\":\"ImageObject\",\"inLanguage\":\"et\",\"@id\":\"https:\/\/fashiongold.lt\/et\/#\/schema\/logo\/image\/\",\"url\":\"https:\/\/fashiongold.lt\/wp-content\/uploads\/2025\/04\/cropped-fashion_gold_logotipas2-scaled-1.png\",\"contentUrl\":\"https:\/\/fashiongold.lt\/wp-content\/uploads\/2025\/04\/cropped-fashion_gold_logotipas2-scaled-1.png\",\"width\":2559,\"height\":421,\"caption\":\"Topdiamonds Online\"},\"image\":{\"@id\":\"https:\/\/fashiongold.lt\/et\/#\/schema\/logo\/image\/\"}}]}<\/script>\n<!-- \/ Yoast SEO plugin. -->","yoast_head_json":{"title":"\u00dcmarad Amet\u00fcstid - amet\u00fcstide ja teemantidega k\u00f5rvar\u00f5ngad","description":"Kaasaegse disainiga inglise lukkudega k\u00f5rvar\u00f5ngad \u00fcmmarguste amet\u00fcstide ja teemantidega. Sobivad igap\u00e4evaseks kandmiseks ja erilisteks puhkudeks, silmapaistva stiili loomiseks.","robots":{"index":"index","follow":"follow","max-snippet":"max-snippet:-1","max-image-preview":"max-image-preview:large","max-video-preview":"max-video-preview:-1"},"canonical":"https:\/\/fashiongold.lt\/et\/papuosalas\/umarad-ametistid-korvarongad-ametistide-ja-teemantidega-392-ct\/","og_locale":"et_EE","og_type":"article","og_title":"\u00dcmarad Amet\u00fcstid - amet\u00fcstide ja teemantidega k\u00f5rvar\u00f5ngad","og_description":"Kaasaegse disainiga inglise lukkudega k\u00f5rvar\u00f5ngad \u00fcmmarguste amet\u00fcstide ja teemantidega. Sobivad igap\u00e4evaseks kandmiseks ja erilisteks puhkudeks, silmapaistva stiili loomiseks.","og_url":"https:\/\/fashiongold.lt\/et\/papuosalas\/umarad-ametistid-korvarongad-ametistide-ja-teemantidega-392-ct\/","og_site_name":"FashionGold.lt","og_image":[{"width":1000,"height":1000,"url":"https:\/\/fashiongold.lt\/wp-content\/uploads\/2025\/10\/11757-0e4-Apvalus-Ametistai-auskarai-su-ametistais-ir-deimantais.webp","type":"image\/png"}],"twitter_card":"summary_large_image","twitter_misc":{"Est. reading time":"1 minut"},"schema":{"@context":"https:\/\/schema.org","@graph":[{"@type":"WebPage","@id":"https:\/\/fashiongold.lt\/et\/papuosalas\/umarad-ametistid-korvarongad-ametistide-ja-teemantidega-392-ct\/","url":"https:\/\/fashiongold.lt\/et\/papuosalas\/umarad-ametistid-korvarongad-ametistide-ja-teemantidega-392-ct\/","name":"\u00dcmarad Amet\u00fcstid - amet\u00fcstide ja teemantidega k\u00f5rvar\u00f5ngad","isPartOf":{"@id":"https:\/\/fashiongold.lt\/et\/#website"},"primaryImageOfPage":{"@id":"https:\/\/fashiongold.lt\/et\/papuosalas\/umarad-ametistid-korvarongad-ametistide-ja-teemantidega-392-ct\/#primaryimage"},"image":{"@id":"https:\/\/fashiongold.lt\/et\/papuosalas\/umarad-ametistid-korvarongad-ametistide-ja-teemantidega-392-ct\/#primaryimage"},"thumbnailUrl":"https:\/\/fashiongold.lt\/wp-content\/uploads\/2025\/10\/11757-0e4-Apvalus-Ametistai-auskarai-su-ametistais-ir-deimantais.png","datePublished":"2025-10-19T19:57:28+00:00","description":"Kaasaegse disainiga inglise lukkudega k\u00f5rvar\u00f5ngad \u00fcmmarguste amet\u00fcstide ja teemantidega. Sobivad igap\u00e4evaseks kandmiseks ja erilisteks puhkudeks, silmapaistva stiili loomiseks.","breadcrumb":{"@id":"https:\/\/fashiongold.lt\/et\/papuosalas\/umarad-ametistid-korvarongad-ametistide-ja-teemantidega-392-ct\/#breadcrumb"},"inLanguage":"et","potentialAction":[{"@type":"ReadAction","target":["https:\/\/fashiongold.lt\/et\/papuosalas\/umarad-ametistid-korvarongad-ametistide-ja-teemantidega-392-ct\/"]}]},{"@type":"ImageObject","inLanguage":"et","@id":"https:\/\/fashiongold.lt\/et\/papuosalas\/umarad-ametistid-korvarongad-ametistide-ja-teemantidega-392-ct\/#primaryimage","url":"https:\/\/fashiongold.lt\/wp-content\/uploads\/2025\/10\/11757-0e4-Apvalus-Ametistai-auskarai-su-ametistais-ir-deimantais.png","contentUrl":"https:\/\/fashiongold.lt\/wp-content\/uploads\/2025\/10\/11757-0e4-Apvalus-Ametistai-auskarai-su-ametistais-ir-deimantais.png","width":1000,"height":1000},{"@type":"BreadcrumbList","@id":"https:\/\/fashiongold.lt\/et\/papuosalas\/umarad-ametistid-korvarongad-ametistide-ja-teemantidega-392-ct\/#breadcrumb","itemListElement":[{"@type":"ListItem","position":1,"name":"Home","item":"https:\/\/fashiongold.lt\/et\/"},{"@type":"ListItem","position":2,"name":"Teemantide pood Fashiongold.lt","item":"https:\/\/fashiongold.lt\/shop-2\/"},{"@type":"ListItem","position":3,"name":"\u00dcmarad ametistid \u2013 k\u00f5rvar\u00f5ngad ametistide ja teemantidega (3,92 ct)"}]},{"@type":"WebSite","@id":"https:\/\/fashiongold.lt\/et\/#website","url":"https:\/\/fashiongold.lt\/et\/","name":"Fashion Gold","description":"Juvelyrikos namai","publisher":{"@id":"https:\/\/fashiongold.lt\/et\/#organization"},"potentialAction":[{"@type":"SearchAction","target":{"@type":"EntryPoint","urlTemplate":"https:\/\/fashiongold.lt\/et\/?s={search_term_string}"},"query-input":{"@type":"PropertyValueSpecification","valueRequired":true,"valueName":"search_term_string"}}],"inLanguage":"et"},{"@type":"Organization","@id":"https:\/\/fashiongold.lt\/et\/#organization","name":"Topdiamonds Online","url":"https:\/\/fashiongold.lt\/et\/","logo":{"@type":"ImageObject","inLanguage":"et","@id":"https:\/\/fashiongold.lt\/et\/#\/schema\/logo\/image\/","url":"https:\/\/fashiongold.lt\/wp-content\/uploads\/2025\/04\/cropped-fashion_gold_logotipas2-scaled-1.png","contentUrl":"https:\/\/fashiongold.lt\/wp-content\/uploads\/2025\/04\/cropped-fashion_gold_logotipas2-scaled-1.png","width":2559,"height":421,"caption":"Topdiamonds Online"},"image":{"@id":"https:\/\/fashiongold.lt\/et\/#\/schema\/logo\/image\/"}}]}},"_links":{"self":[{"href":"https:\/\/fashiongold.lt\/et\/wp-json\/wp\/v2\/product\/283436","targetHints":{"allow":["GET"]}}],"collection":[{"href":"https:\/\/fashiongold.lt\/et\/wp-json\/wp\/v2\/product"}],"about":[{"href":"https:\/\/fashiongold.lt\/et\/wp-json\/wp\/v2\/types\/product"}],"version-history":[{"count":0,"href":"https:\/\/fashiongold.lt\/et\/wp-json\/wp\/v2\/product\/283436\/revisions"}],"wp:featuredmedia":[{"embeddable":true,"href":"https:\/\/fashiongold.lt\/et\/wp-json\/wp\/v2\/media\/233755"}],"wp:attachment":[{"href":"https:\/\/fashiongold.lt\/et\/wp-json\/wp\/v2\/media?parent=283436"}],"wp:term":[{"taxonomy":"product_brand","embeddable":true,"href":"https:\/\/fashiongold.lt\/et\/wp-json\/wp\/v2\/product_brand?post=283436"},{"taxonomy":"product_cat","embeddable":true,"href":"https:\/\/fashiongold.lt\/et\/wp-json\/wp\/v2\/product_cat?post=283436"},{"taxonomy":"product_tag","embeddable":true,"href":"https:\/\/fashiongold.lt\/et\/wp-json\/wp\/v2\/product_tag?post=283436"}],"curies":[{"name":"wp","href":"https:\/\/api.w.org\/{rel}","templated":true}]}}