{"id":283466,"date":"2025-10-19T18:48:18","date_gmt":"2025-10-19T18:48:18","guid":{"rendered":"https:\/\/fashiongold.lt\/papuosalas\/kihlasormus-ametisti-ja-teemantidega-ametisti-klassika-0-53-ct\/"},"modified":"2025-10-19T18:48:18","modified_gmt":"2025-10-19T18:48:18","slug":"kihlasormus-ametisti-ja-teemantidega-ametisti-klassika-0-53-ct","status":"publish","type":"product","link":"https:\/\/fashiongold.lt\/et\/papuosalas\/kihlasormus-ametisti-ja-teemantidega-ametisti-klassika-0-53-ct\/","title":{"rendered":"Kihlas\u00f5rmus ametisti ja teemantidega \u2013 Ametisti klassika (0.53 ct)"},"content":{"rendered":"<h2>Amet\u00fcsti ja teemantidega kihlas\u00f5rmus &#8211; Amet\u00fcsti klassika (0.53 ct)<\/h2>\n<h3>Klassikaline kihlas\u00f5rmus 0.50-karaadise \u00fcmara kujuga amet\u00fcsti ja teemantidega m\u00f5lemal k\u00fcljel. Naturaalsed teemandid. Tasuta graveerimine.<\/h3>\n<p>Valmistatud Leedus. Suurep\u00e4rane valik stiilsele naisele. Maagiline amet\u00fcst &#8211; tarkuse v\u00e4\u00e4riskivi, kivi harmoonia ja l\u00f5\u00f5gastumise jaoks. Taastab tasakaalu, leevendab stressi, toob rahu. Amet\u00fcst sobib Amburile, Veevalajale, Kaladele, Kaljukitsele, J\u00e4\u00e4rale, Kaksikutele.<\/p>\n<p>\u2022 S\u00f5rmuse metall: 14K (proov 585), saame valmistada ka 10K (proov 375), 18K (proov 750) <\/p>\n<p>\u2022 S\u00f5rmuse v\u00e4rvus: valida saab valge, kollase v\u00f5i punase kulla vahel<\/p>\n<p>\u2022 S\u00f5rmuse kaal (s\u00f5ltub suurusest ja proovist): umbes 1,80 &#8211; 2,30 g <\/p>\n<p>\u2022 S\u00f5rmuse m\u00f5\u00f5tmed: krooni laius &#8211; umbes 4.90 mm, v\u00f5ru laius &#8211; umbes 1,70 mm (m\u00f5\u00f5tmed on ligikaudsed ja v\u00f5ivad s\u00f5ltuvalt s\u00f5rmuse suurusest erineda) <\/p>\n<p>\u2022 S\u00f5rmuse mugavustsoon: olemas <\/p>\n<p>\u2022 V\u00e4\u00e4riskivi t\u00fc\u00fcp: amet\u00fcst <\/p>\n<p>\u2022 V\u00e4\u00e4riskivi kuju: \u00fcmar amet\u00fcst (Round shape) <\/p>\n<p>\u2022 V\u00e4\u00e4riskivi omadused: 0.50 ct (v\u00f5imalik muuta) <\/p>\n<p>\u2022 Teemandi t\u00fc\u00fcp: Naturaalsed teemandid <\/p>\n<p>\u2022 Teemandi kuju: \u00fcmar kuju (round shape) <\/p>\n<p>\u2022 Teemandi omadused: 0,03 ct, v\u00e4rvus G-H (RW-W); puhtus SI <\/p>\n<p>\u2022 Sertifikaat: Leedu Proovikoda (LPR) <\/p>\n<p>\u2022 Tasuta graveerimine <\/p>\n<p>\u2022 \u00dchekordne tasuta s\u00f5rmuse suuruse muutmise garantii <\/p>\n<p>\u2022 Valmistamis- ja tarneaeg alates 14 t\u00f6\u00f6p\u00e4evast, kiirtellimusel 3 t\u00f6\u00f6p\u00e4eva jooksul <\/p>\n<p><strong>On teil oma kulda? V\u00f5tke \u00fchendust, arvutame hinna \u00fcmber \u2013 maksate ainult s\u00f5rmuse valmistamise eest.<\/strong><\/p>\n","protected":false},"excerpt":{"rendered":"<p>Klassikalise disainiga kihlas\u00f5rmus 0,50-karaadise ametisti ja teemantidega. See erakordne s\u00f5rmus sobib suurep\u00e4raselt stiilsele naisele, kes hindab modernsust ja elegantsi. Erakordne valik kihlumiseks ja erilisteks puhkudeks.\u00a0<\/p>\n","protected":false},"featured_media":226240,"template":"","meta":{"site-sidebar-layout":"default","site-content-layout":"","ast-site-content-layout":"default","site-content-style":"default","site-sidebar-style":"default","ast-global-header-display":"","ast-banner-title-visibility":"","ast-main-header-display":"","ast-hfb-above-header-display":"","ast-hfb-below-header-display":"","ast-hfb-mobile-header-display":"","site-post-title":"","ast-breadcrumbs-content":"","ast-featured-img":"","footer-sml-layout":"","ast-disable-related-posts":"","theme-transparent-header-meta":"","adv-header-id-meta":"","stick-header-meta":"","header-above-stick-meta":"","header-main-stick-meta":"","header-below-stick-meta":"","astra-migrate-meta-layouts":"default","ast-page-background-enabled":"default","ast-page-background-meta":{"desktop":{"background-color":"var(--ast-global-color-4)","background-image":"","background-repeat":"repeat","background-position":"center center","background-size":"auto","background-attachment":"scroll","background-type":"","background-media":"","overlay-type":"","overlay-color":"","overlay-opacity":"","overlay-gradient":""},"tablet":{"background-color":"","background-image":"","background-repeat":"repeat","background-position":"center center","background-size":"auto","background-attachment":"scroll","background-type":"","background-media":"","overlay-type":"","overlay-color":"","overlay-opacity":"","overlay-gradient":""},"mobile":{"background-color":"","background-image":"","background-repeat":"repeat","background-position":"center center","background-size":"auto","background-attachment":"scroll","background-type":"","background-media":"","overlay-type":"","overlay-color":"","overlay-opacity":"","overlay-gradient":""}},"ast-content-background-meta":{"desktop":{"background-color":"var(--ast-global-color-5)","background-image":"","background-repeat":"repeat","background-position":"center center","background-size":"auto","background-attachment":"scroll","background-type":"","background-media":"","overlay-type":"","overlay-color":"","overlay-opacity":"","overlay-gradient":""},"tablet":{"background-color":"var(--ast-global-color-5)","background-image":"","background-repeat":"repeat","background-position":"center center","background-size":"auto","background-attachment":"scroll","background-type":"","background-media":"","overlay-type":"","overlay-color":"","overlay-opacity":"","overlay-gradient":""},"mobile":{"background-color":"var(--ast-global-color-5)","background-image":"","background-repeat":"repeat","background-position":"center center","background-size":"auto","background-attachment":"scroll","background-type":"","background-media":"","overlay-type":"","overlay-color":"","overlay-opacity":"","overlay-gradient":""}}},"product_brand":[],"product_cat":[3422,3843,3423,2829,2823,2824,3392,3425,2988,3426,2845,3424],"product_tag":[],"class_list":{"0":"post-283466","1":"product","2":"type-product","3":"status-publish","4":"has-post-thumbnail","6":"product_cat-kihlasormused","7":"product_cat-kihlasormused-poolvaariskividega","8":"product_cat-kihlasormused-vaariskividega","9":"product_cat-kingitused-erilisteks-puhkudeks","10":"product_cat-kingitused-lapse-sunni-puhul","11":"product_cat-kingitused-pulma-aastapaeva-puhul","12":"product_cat-kingitused-pulmade-puhul","13":"product_cat-kollasest-kullast-kihlasormused","14":"product_cat-lillade-vaariskividega-ehted","15":"product_cat-punasest-kullast-kihlasormused","16":"product_cat-sobrapaeva-kingitused","17":"product_cat-valgest-kullast-kihlasormused","18":"desktop-align-center","19":"tablet-align-left","20":"mobile-align-left","21":"ast-product-gallery-layout-horizontal-slider","22":"ast-product-gallery-with-no-image","23":"ast-product-single-variable","24":"ast-product-tabs-layout-accordion","25":"ast-qv-on-image","27":"first","28":"instock","29":"taxable","30":"shipping-taxable","31":"purchasable","32":"product-type-variable"},"yoast_head":"<!-- This site is optimized with the Yoast SEO plugin v26.6 - https:\/\/yoast.com\/wordpress\/plugins\/seo\/ -->\n<title>Kihlas\u00f5rmus ametisti ja teemantidega - Ametisti klassika<\/title>\n<meta name=\"description\" content=\"Klassikaline kihlas\u00f5rmus 0.50 ct \u00fcmmarguse ametistiga ja teemantidega m\u00f5lemal k\u00fcljel. Looduslikud teemandid. Eksklusiivne s\u00f5rmus stiilsele naisele.\" \/>\n<meta name=\"robots\" content=\"index, follow, max-snippet:-1, max-image-preview:large, max-video-preview:-1\" \/>\n<link rel=\"canonical\" href=\"https:\/\/fashiongold.lt\/et\/papuosalas\/kihlasormus-ametisti-ja-teemantidega-ametisti-klassika-0-53-ct\/\" \/>\n<meta property=\"og:locale\" content=\"et_EE\" \/>\n<meta property=\"og:type\" content=\"article\" \/>\n<meta property=\"og:title\" content=\"Kihlas\u00f5rmus ametisti ja teemantidega - Ametisti klassika\" \/>\n<meta property=\"og:description\" content=\"Klassikaline kihlas\u00f5rmus 0.50 ct \u00fcmmarguse ametistiga ja teemantidega m\u00f5lemal k\u00fcljel. Looduslikud teemandid. Eksklusiivne s\u00f5rmus stiilsele naisele.\" \/>\n<meta property=\"og:url\" content=\"https:\/\/fashiongold.lt\/et\/papuosalas\/kihlasormus-ametisti-ja-teemantidega-ametisti-klassika-0-53-ct\/\" \/>\n<meta property=\"og:site_name\" content=\"FashionGold.lt\" \/>\n<meta property=\"og:image\" content=\"https:\/\/fashiongold.lt\/wp-content\/uploads\/2025\/10\/24534-bf3-Balto-aukso-modernus-suzadetuviu-ziedas-su-ametistu-ir-deimantais-Ametisto-klasika-0.53-ct-1.webp\" \/>\n\t<meta property=\"og:image:width\" content=\"1000\" \/>\n\t<meta property=\"og:image:height\" content=\"1000\" \/>\n\t<meta property=\"og:image:type\" content=\"image\/png\" \/>\n<meta name=\"twitter:card\" content=\"summary_large_image\" \/>\n<meta name=\"twitter:label1\" content=\"Est. reading time\" \/>\n\t<meta name=\"twitter:data1\" content=\"1 minut\" \/>\n<script type=\"application\/ld+json\" class=\"yoast-schema-graph\">{\"@context\":\"https:\/\/schema.org\",\"@graph\":[{\"@type\":\"WebPage\",\"@id\":\"https:\/\/fashiongold.lt\/et\/papuosalas\/kihlasormus-ametisti-ja-teemantidega-ametisti-klassika-0-53-ct\/\",\"url\":\"https:\/\/fashiongold.lt\/et\/papuosalas\/kihlasormus-ametisti-ja-teemantidega-ametisti-klassika-0-53-ct\/\",\"name\":\"Kihlas\u00f5rmus ametisti ja teemantidega - Ametisti klassika\",\"isPartOf\":{\"@id\":\"https:\/\/fashiongold.lt\/et\/#website\"},\"primaryImageOfPage\":{\"@id\":\"https:\/\/fashiongold.lt\/et\/papuosalas\/kihlasormus-ametisti-ja-teemantidega-ametisti-klassika-0-53-ct\/#primaryimage\"},\"image\":{\"@id\":\"https:\/\/fashiongold.lt\/et\/papuosalas\/kihlasormus-ametisti-ja-teemantidega-ametisti-klassika-0-53-ct\/#primaryimage\"},\"thumbnailUrl\":\"https:\/\/fashiongold.lt\/wp-content\/uploads\/2025\/10\/24534-bf3-Balto-aukso-modernus-suzadetuviu-ziedas-su-ametistu-ir-deimantais-Ametisto-klasika-0.53-ct-1.png\",\"datePublished\":\"2025-10-19T18:48:18+00:00\",\"description\":\"Klassikaline kihlas\u00f5rmus 0.50 ct \u00fcmmarguse ametistiga ja teemantidega m\u00f5lemal k\u00fcljel. Looduslikud teemandid. Eksklusiivne s\u00f5rmus stiilsele naisele.\",\"breadcrumb\":{\"@id\":\"https:\/\/fashiongold.lt\/et\/papuosalas\/kihlasormus-ametisti-ja-teemantidega-ametisti-klassika-0-53-ct\/#breadcrumb\"},\"inLanguage\":\"et\",\"potentialAction\":[{\"@type\":\"ReadAction\",\"target\":[\"https:\/\/fashiongold.lt\/et\/papuosalas\/kihlasormus-ametisti-ja-teemantidega-ametisti-klassika-0-53-ct\/\"]}]},{\"@type\":\"ImageObject\",\"inLanguage\":\"et\",\"@id\":\"https:\/\/fashiongold.lt\/et\/papuosalas\/kihlasormus-ametisti-ja-teemantidega-ametisti-klassika-0-53-ct\/#primaryimage\",\"url\":\"https:\/\/fashiongold.lt\/wp-content\/uploads\/2025\/10\/24534-bf3-Balto-aukso-modernus-suzadetuviu-ziedas-su-ametistu-ir-deimantais-Ametisto-klasika-0.53-ct-1.png\",\"contentUrl\":\"https:\/\/fashiongold.lt\/wp-content\/uploads\/2025\/10\/24534-bf3-Balto-aukso-modernus-suzadetuviu-ziedas-su-ametistu-ir-deimantais-Ametisto-klasika-0.53-ct-1.png\",\"width\":1000,\"height\":1000},{\"@type\":\"BreadcrumbList\",\"@id\":\"https:\/\/fashiongold.lt\/et\/papuosalas\/kihlasormus-ametisti-ja-teemantidega-ametisti-klassika-0-53-ct\/#breadcrumb\",\"itemListElement\":[{\"@type\":\"ListItem\",\"position\":1,\"name\":\"Home\",\"item\":\"https:\/\/fashiongold.lt\/et\/\"},{\"@type\":\"ListItem\",\"position\":2,\"name\":\"Teemantide pood Fashiongold.lt\",\"item\":\"https:\/\/fashiongold.lt\/shop-2\/\"},{\"@type\":\"ListItem\",\"position\":3,\"name\":\"Kihlas\u00f5rmus ametisti ja teemantidega \u2013 Ametisti klassika (0.53 ct)\"}]},{\"@type\":\"WebSite\",\"@id\":\"https:\/\/fashiongold.lt\/et\/#website\",\"url\":\"https:\/\/fashiongold.lt\/et\/\",\"name\":\"Fashion Gold\",\"description\":\"Juvelyrikos namai\",\"publisher\":{\"@id\":\"https:\/\/fashiongold.lt\/et\/#organization\"},\"potentialAction\":[{\"@type\":\"SearchAction\",\"target\":{\"@type\":\"EntryPoint\",\"urlTemplate\":\"https:\/\/fashiongold.lt\/et\/?s={search_term_string}\"},\"query-input\":{\"@type\":\"PropertyValueSpecification\",\"valueRequired\":true,\"valueName\":\"search_term_string\"}}],\"inLanguage\":\"et\"},{\"@type\":\"Organization\",\"@id\":\"https:\/\/fashiongold.lt\/et\/#organization\",\"name\":\"Topdiamonds Online\",\"url\":\"https:\/\/fashiongold.lt\/et\/\",\"logo\":{\"@type\":\"ImageObject\",\"inLanguage\":\"et\",\"@id\":\"https:\/\/fashiongold.lt\/et\/#\/schema\/logo\/image\/\",\"url\":\"https:\/\/fashiongold.lt\/wp-content\/uploads\/2025\/04\/cropped-fashion_gold_logotipas2-scaled-1.png\",\"contentUrl\":\"https:\/\/fashiongold.lt\/wp-content\/uploads\/2025\/04\/cropped-fashion_gold_logotipas2-scaled-1.png\",\"width\":2559,\"height\":421,\"caption\":\"Topdiamonds Online\"},\"image\":{\"@id\":\"https:\/\/fashiongold.lt\/et\/#\/schema\/logo\/image\/\"}}]}<\/script>\n<!-- \/ Yoast SEO plugin. -->","yoast_head_json":{"title":"Kihlas\u00f5rmus ametisti ja teemantidega - Ametisti klassika","description":"Klassikaline kihlas\u00f5rmus 0.50 ct \u00fcmmarguse ametistiga ja teemantidega m\u00f5lemal k\u00fcljel. Looduslikud teemandid. Eksklusiivne s\u00f5rmus stiilsele naisele.","robots":{"index":"index","follow":"follow","max-snippet":"max-snippet:-1","max-image-preview":"max-image-preview:large","max-video-preview":"max-video-preview:-1"},"canonical":"https:\/\/fashiongold.lt\/et\/papuosalas\/kihlasormus-ametisti-ja-teemantidega-ametisti-klassika-0-53-ct\/","og_locale":"et_EE","og_type":"article","og_title":"Kihlas\u00f5rmus ametisti ja teemantidega - Ametisti klassika","og_description":"Klassikaline kihlas\u00f5rmus 0.50 ct \u00fcmmarguse ametistiga ja teemantidega m\u00f5lemal k\u00fcljel. Looduslikud teemandid. Eksklusiivne s\u00f5rmus stiilsele naisele.","og_url":"https:\/\/fashiongold.lt\/et\/papuosalas\/kihlasormus-ametisti-ja-teemantidega-ametisti-klassika-0-53-ct\/","og_site_name":"FashionGold.lt","og_image":[{"width":1000,"height":1000,"url":"https:\/\/fashiongold.lt\/wp-content\/uploads\/2025\/10\/24534-bf3-Balto-aukso-modernus-suzadetuviu-ziedas-su-ametistu-ir-deimantais-Ametisto-klasika-0.53-ct-1.webp","type":"image\/png"}],"twitter_card":"summary_large_image","twitter_misc":{"Est. reading time":"1 minut"},"schema":{"@context":"https:\/\/schema.org","@graph":[{"@type":"WebPage","@id":"https:\/\/fashiongold.lt\/et\/papuosalas\/kihlasormus-ametisti-ja-teemantidega-ametisti-klassika-0-53-ct\/","url":"https:\/\/fashiongold.lt\/et\/papuosalas\/kihlasormus-ametisti-ja-teemantidega-ametisti-klassika-0-53-ct\/","name":"Kihlas\u00f5rmus ametisti ja teemantidega - Ametisti klassika","isPartOf":{"@id":"https:\/\/fashiongold.lt\/et\/#website"},"primaryImageOfPage":{"@id":"https:\/\/fashiongold.lt\/et\/papuosalas\/kihlasormus-ametisti-ja-teemantidega-ametisti-klassika-0-53-ct\/#primaryimage"},"image":{"@id":"https:\/\/fashiongold.lt\/et\/papuosalas\/kihlasormus-ametisti-ja-teemantidega-ametisti-klassika-0-53-ct\/#primaryimage"},"thumbnailUrl":"https:\/\/fashiongold.lt\/wp-content\/uploads\/2025\/10\/24534-bf3-Balto-aukso-modernus-suzadetuviu-ziedas-su-ametistu-ir-deimantais-Ametisto-klasika-0.53-ct-1.png","datePublished":"2025-10-19T18:48:18+00:00","description":"Klassikaline kihlas\u00f5rmus 0.50 ct \u00fcmmarguse ametistiga ja teemantidega m\u00f5lemal k\u00fcljel. Looduslikud teemandid. Eksklusiivne s\u00f5rmus stiilsele naisele.","breadcrumb":{"@id":"https:\/\/fashiongold.lt\/et\/papuosalas\/kihlasormus-ametisti-ja-teemantidega-ametisti-klassika-0-53-ct\/#breadcrumb"},"inLanguage":"et","potentialAction":[{"@type":"ReadAction","target":["https:\/\/fashiongold.lt\/et\/papuosalas\/kihlasormus-ametisti-ja-teemantidega-ametisti-klassika-0-53-ct\/"]}]},{"@type":"ImageObject","inLanguage":"et","@id":"https:\/\/fashiongold.lt\/et\/papuosalas\/kihlasormus-ametisti-ja-teemantidega-ametisti-klassika-0-53-ct\/#primaryimage","url":"https:\/\/fashiongold.lt\/wp-content\/uploads\/2025\/10\/24534-bf3-Balto-aukso-modernus-suzadetuviu-ziedas-su-ametistu-ir-deimantais-Ametisto-klasika-0.53-ct-1.png","contentUrl":"https:\/\/fashiongold.lt\/wp-content\/uploads\/2025\/10\/24534-bf3-Balto-aukso-modernus-suzadetuviu-ziedas-su-ametistu-ir-deimantais-Ametisto-klasika-0.53-ct-1.png","width":1000,"height":1000},{"@type":"BreadcrumbList","@id":"https:\/\/fashiongold.lt\/et\/papuosalas\/kihlasormus-ametisti-ja-teemantidega-ametisti-klassika-0-53-ct\/#breadcrumb","itemListElement":[{"@type":"ListItem","position":1,"name":"Home","item":"https:\/\/fashiongold.lt\/et\/"},{"@type":"ListItem","position":2,"name":"Teemantide pood Fashiongold.lt","item":"https:\/\/fashiongold.lt\/shop-2\/"},{"@type":"ListItem","position":3,"name":"Kihlas\u00f5rmus ametisti ja teemantidega \u2013 Ametisti klassika (0.53 ct)"}]},{"@type":"WebSite","@id":"https:\/\/fashiongold.lt\/et\/#website","url":"https:\/\/fashiongold.lt\/et\/","name":"Fashion Gold","description":"Juvelyrikos namai","publisher":{"@id":"https:\/\/fashiongold.lt\/et\/#organization"},"potentialAction":[{"@type":"SearchAction","target":{"@type":"EntryPoint","urlTemplate":"https:\/\/fashiongold.lt\/et\/?s={search_term_string}"},"query-input":{"@type":"PropertyValueSpecification","valueRequired":true,"valueName":"search_term_string"}}],"inLanguage":"et"},{"@type":"Organization","@id":"https:\/\/fashiongold.lt\/et\/#organization","name":"Topdiamonds Online","url":"https:\/\/fashiongold.lt\/et\/","logo":{"@type":"ImageObject","inLanguage":"et","@id":"https:\/\/fashiongold.lt\/et\/#\/schema\/logo\/image\/","url":"https:\/\/fashiongold.lt\/wp-content\/uploads\/2025\/04\/cropped-fashion_gold_logotipas2-scaled-1.png","contentUrl":"https:\/\/fashiongold.lt\/wp-content\/uploads\/2025\/04\/cropped-fashion_gold_logotipas2-scaled-1.png","width":2559,"height":421,"caption":"Topdiamonds Online"},"image":{"@id":"https:\/\/fashiongold.lt\/et\/#\/schema\/logo\/image\/"}}]}},"_links":{"self":[{"href":"https:\/\/fashiongold.lt\/et\/wp-json\/wp\/v2\/product\/283466","targetHints":{"allow":["GET"]}}],"collection":[{"href":"https:\/\/fashiongold.lt\/et\/wp-json\/wp\/v2\/product"}],"about":[{"href":"https:\/\/fashiongold.lt\/et\/wp-json\/wp\/v2\/types\/product"}],"version-history":[{"count":0,"href":"https:\/\/fashiongold.lt\/et\/wp-json\/wp\/v2\/product\/283466\/revisions"}],"wp:featuredmedia":[{"embeddable":true,"href":"https:\/\/fashiongold.lt\/et\/wp-json\/wp\/v2\/media\/226240"}],"wp:attachment":[{"href":"https:\/\/fashiongold.lt\/et\/wp-json\/wp\/v2\/media?parent=283466"}],"wp:term":[{"taxonomy":"product_brand","embeddable":true,"href":"https:\/\/fashiongold.lt\/et\/wp-json\/wp\/v2\/product_brand?post=283466"},{"taxonomy":"product_cat","embeddable":true,"href":"https:\/\/fashiongold.lt\/et\/wp-json\/wp\/v2\/product_cat?post=283466"},{"taxonomy":"product_tag","embeddable":true,"href":"https:\/\/fashiongold.lt\/et\/wp-json\/wp\/v2\/product_tag?post=283466"}],"curies":[{"name":"wp","href":"https:\/\/api.w.org\/{rel}","templated":true}]}}