{"id":283481,"date":"2025-10-19T18:48:06","date_gmt":"2025-10-19T18:48:06","guid":{"rendered":"https:\/\/fashiongold.lt\/papuosalas\/moodne-kihlasormus-topaasi-ja-teemantidega-ummargune-topaas-0-55-ct\/"},"modified":"2025-10-19T18:48:06","modified_gmt":"2025-10-19T18:48:06","slug":"moodne-kihlasormus-topaasi-ja-teemantidega-ummargune-topaas-0-55-ct","status":"publish","type":"product","link":"https:\/\/fashiongold.lt\/et\/papuosalas\/moodne-kihlasormus-topaasi-ja-teemantidega-ummargune-topaas-0-55-ct\/","title":{"rendered":"Moodne kihlas\u00f5rmus topaasi ja teemantidega \u2013 \u00fcmmargune topaas (0.55 ct)"},"content":{"rendered":"<h2>Kihlas\u00f5rmus topaasi ja teemantidega &#8211; \u00dcmmargune topaas (0.55 ct)<\/h2>\n<h3>Moodne kihlas\u00f5rmus 0,50-karaadise \u00fcmmarguse kujuga topaasi ja m\u00f5lemal k\u00fcljel asuvate teemantidega. Looduslikud teemandid.<\/h3>\n<p>Valmistatud Leedus. Suurep\u00e4rane valik stiilsele naisele. Topaasi maagiline j\u00f5ud &#8211; toimib amuleti v\u00f5i talismanina, toob rahu, tarkust ja headust, see on armastuse kivi. See muudab omaniku optimistiks, aitab nautida elu ja tunda sisemist rahu. Topaas sobib L\u00f5videle, Amburitele ja Skorpionitele.\u00a0<\/p>\n<p>\u2022 S\u00f5rmuse metall: 14K (proov 585), saame valmistada ka 10K (proov 375), 18K (proov 750), 950 plaatinast\u00a0 \u00a0 \u00a0 \u00a0<\/p>\n<p>\u2022 S\u00f5rmuse v\u00e4rvus: valida saab valge, kollase v\u00f5i punase kulla vahel<\/p>\n<p>\u2022 S\u00f5rmuse kaal (s\u00f5ltub suurusest ja proovist): umbes 1,90 &#8211; 2,40 g\u00a0 \u00a0 \u00a0 \u00a0 \u00a0<\/p>\n<p>\u2022 S\u00f5rmuse m\u00f5\u00f5tmed: krooni laius &#8211; umbes 5,00 mm, vitsa laius &#8211; umbes 1,80 mm (m\u00f5\u00f5tmed on ligikaudsed ja v\u00f5ivad erineda s\u00f5ltuvalt s\u00f5rmuse suurusest)\u00a0 \u00a0 \u00a0<\/p>\n<p>\u2022 S\u00f5rmuse mugavustsoon: olemas\u00a0 \u00a0 \u00a0 \u00a0<\/p>\n<p>\u2022 V\u00e4\u00e4riskivi t\u00fc\u00fcp: topaas\u00a0\u00a0<\/p>\n<p>\u2022 V\u00e4\u00e4riskivi kuju: \u00fcmmargune topaas (Round shape)\u00a0 \u00a0 \u00a0<\/p>\n<p>\u2022 V\u00e4\u00e4riskivi omadused: 0,50 ct (saab muuta)\u00a0<\/p>\n<p>\u2022 Teemandi t\u00fc\u00fcp: Looduslikud teemandid\u00a0 \u00a0 \u00a0 \u00a0<\/p>\n<p>\u2022 Teemandi kuju: \u00fcmmargune kuju (round shape)\u00a0 \u00a0 \u00a0 \u00a0<\/p>\n<p>\u2022 Teemandi omadused: 0,05 ct, v\u00e4rvus G-H (RW-W); puhtus SI\u00a0<\/p>\n<p>\u2022 Sertifikaat: Leedu Proovikoda (LPR)\u00a0 \u00a0 \u00a0<\/p>\n<p>\u2022 Graveerimine tasuta\u00a0 \u00a0<\/p>\n<p>\u2022 \u00dchekordne tasuta s\u00f5rmuse suuruse muutmise garantii\u00a0 \u00a0<\/p>\n<p>\u2022 Valmistamis- ja tarneaeg alates 14 t\u00f6\u00f6p\u00e4evast, kiirtellimusena 3 t\u00f6\u00f6p\u00e4eva jooksul.\u00a0 \u00a0<\/p>\n<p><strong>Kas teil on oma kulda? V\u00f5tke \u00fchendust, arvutame hinna \u00fcmber &#8211; maksate ainult s\u00f5rmuse valmistamise eest.<\/strong><\/p>\n","protected":false},"excerpt":{"rendered":"<p>Kihlas\u00f5rmus paistab silma modernse disaini ja erilise ilu poolest. Keskel s\u00e4rab 0,50-karadine \u00fcmmargune topaas, mis r\u00f5hutab delikaatselt s\u00f5rmuse elegantsust. M\u00f5lemal pool topaasi ritta asetatud teemandid lisavad t\u00e4iendavat s\u00e4ra ja luksust. See erakordne s\u00f5rmus sobib suurep\u00e4raselt stiilsele naisele, kes hindab modernsust ja elegantsi.<\/p>\n","protected":false},"featured_media":225812,"template":"","meta":{"site-sidebar-layout":"default","site-content-layout":"","ast-site-content-layout":"default","site-content-style":"default","site-sidebar-style":"default","ast-global-header-display":"","ast-banner-title-visibility":"","ast-main-header-display":"","ast-hfb-above-header-display":"","ast-hfb-below-header-display":"","ast-hfb-mobile-header-display":"","site-post-title":"","ast-breadcrumbs-content":"","ast-featured-img":"","footer-sml-layout":"","ast-disable-related-posts":"","theme-transparent-header-meta":"","adv-header-id-meta":"","stick-header-meta":"","header-above-stick-meta":"","header-main-stick-meta":"","header-below-stick-meta":"","astra-migrate-meta-layouts":"default","ast-page-background-enabled":"default","ast-page-background-meta":{"desktop":{"background-color":"var(--ast-global-color-4)","background-image":"","background-repeat":"repeat","background-position":"center center","background-size":"auto","background-attachment":"scroll","background-type":"","background-media":"","overlay-type":"","overlay-color":"","overlay-opacity":"","overlay-gradient":""},"tablet":{"background-color":"","background-image":"","background-repeat":"repeat","background-position":"center center","background-size":"auto","background-attachment":"scroll","background-type":"","background-media":"","overlay-type":"","overlay-color":"","overlay-opacity":"","overlay-gradient":""},"mobile":{"background-color":"","background-image":"","background-repeat":"repeat","background-position":"center center","background-size":"auto","background-attachment":"scroll","background-type":"","background-media":"","overlay-type":"","overlay-color":"","overlay-opacity":"","overlay-gradient":""}},"ast-content-background-meta":{"desktop":{"background-color":"var(--ast-global-color-5)","background-image":"","background-repeat":"repeat","background-position":"center center","background-size":"auto","background-attachment":"scroll","background-type":"","background-media":"","overlay-type":"","overlay-color":"","overlay-opacity":"","overlay-gradient":""},"tablet":{"background-color":"var(--ast-global-color-5)","background-image":"","background-repeat":"repeat","background-position":"center center","background-size":"auto","background-attachment":"scroll","background-type":"","background-media":"","overlay-type":"","overlay-color":"","overlay-opacity":"","overlay-gradient":""},"mobile":{"background-color":"var(--ast-global-color-5)","background-image":"","background-repeat":"repeat","background-position":"center center","background-size":"auto","background-attachment":"scroll","background-type":"","background-media":"","overlay-type":"","overlay-color":"","overlay-opacity":"","overlay-gradient":""}}},"product_brand":[],"product_cat":[3422,3843,3423,2829,2823,2824,3392,3425,3426,3448,2847,2845,3424],"product_tag":[],"class_list":{"0":"post-283481","1":"product","2":"type-product","3":"status-publish","4":"has-post-thumbnail","6":"product_cat-kihlasormused","7":"product_cat-kihlasormused-poolvaariskividega","8":"product_cat-kihlasormused-vaariskividega","9":"product_cat-kingitused-erilisteks-puhkudeks","10":"product_cat-kingitused-lapse-sunni-puhul","11":"product_cat-kingitused-pulma-aastapaeva-puhul","12":"product_cat-kingitused-pulmade-puhul","13":"product_cat-kollasest-kullast-kihlasormused","14":"product_cat-punasest-kullast-kihlasormused","15":"product_cat-sinine-vaariskivi","16":"product_cat-siniste-vaariskividega-ehted","17":"product_cat-sobrapaeva-kingitused","18":"product_cat-valgest-kullast-kihlasormused","19":"desktop-align-center","20":"tablet-align-left","21":"mobile-align-left","22":"ast-product-gallery-layout-horizontal-slider","23":"ast-product-gallery-with-no-image","24":"ast-product-single-variable","25":"ast-product-tabs-layout-accordion","26":"ast-qv-on-image","28":"first","29":"instock","30":"taxable","31":"shipping-taxable","32":"purchasable","33":"product-type-variable"},"yoast_head":"<!-- This site is optimized with the Yoast SEO plugin v26.6 - https:\/\/yoast.com\/wordpress\/plugins\/seo\/ -->\n<title>Kihlas\u00f5rmus topaasi ja teemantidega - \u00dcmar topaas (0.55 ct)<\/title>\n<meta name=\"description\" content=\"Moodne kihlas\u00f5rmus 0,50-karaatise \u00fcmara topaasi ja teemantidega m\u00f5lemal k\u00fcljel. Looduslikud teemandid. Eksklusiivne s\u00f5rmus stiilsele naisele.\" \/>\n<meta name=\"robots\" content=\"index, follow, max-snippet:-1, max-image-preview:large, max-video-preview:-1\" \/>\n<link rel=\"canonical\" href=\"https:\/\/fashiongold.lt\/et\/papuosalas\/moodne-kihlasormus-topaasi-ja-teemantidega-ummargune-topaas-0-55-ct\/\" \/>\n<meta property=\"og:locale\" content=\"et_EE\" \/>\n<meta property=\"og:type\" content=\"article\" \/>\n<meta property=\"og:title\" content=\"Kihlas\u00f5rmus topaasi ja teemantidega - \u00dcmar topaas (0.55 ct)\" \/>\n<meta property=\"og:description\" content=\"Moodne kihlas\u00f5rmus 0,50-karaatise \u00fcmara topaasi ja teemantidega m\u00f5lemal k\u00fcljel. Looduslikud teemandid. Eksklusiivne s\u00f5rmus stiilsele naisele.\" \/>\n<meta property=\"og:url\" content=\"https:\/\/fashiongold.lt\/et\/papuosalas\/moodne-kihlasormus-topaasi-ja-teemantidega-ummargune-topaas-0-55-ct\/\" \/>\n<meta property=\"og:site_name\" content=\"FashionGold.lt\" \/>\n<meta property=\"og:image\" content=\"https:\/\/fashiongold.lt\/wp-content\/uploads\/2025\/10\/24355-744-Geltono-aukso-modernus-suzadetuviu-ziedas-su-topazu-ir-deimantais-Apvalus-Topazas-0.55-ct.webp\" \/>\n\t<meta property=\"og:image:width\" content=\"1000\" \/>\n\t<meta property=\"og:image:height\" content=\"1000\" \/>\n\t<meta property=\"og:image:type\" content=\"image\/png\" \/>\n<meta name=\"twitter:card\" content=\"summary_large_image\" \/>\n<meta name=\"twitter:label1\" content=\"Est. reading time\" \/>\n\t<meta name=\"twitter:data1\" content=\"1 minut\" \/>\n<script type=\"application\/ld+json\" class=\"yoast-schema-graph\">{\"@context\":\"https:\/\/schema.org\",\"@graph\":[{\"@type\":\"WebPage\",\"@id\":\"https:\/\/fashiongold.lt\/et\/papuosalas\/moodne-kihlasormus-topaasi-ja-teemantidega-ummargune-topaas-0-55-ct\/\",\"url\":\"https:\/\/fashiongold.lt\/et\/papuosalas\/moodne-kihlasormus-topaasi-ja-teemantidega-ummargune-topaas-0-55-ct\/\",\"name\":\"Kihlas\u00f5rmus topaasi ja teemantidega - \u00dcmar topaas (0.55 ct)\",\"isPartOf\":{\"@id\":\"https:\/\/fashiongold.lt\/et\/#website\"},\"primaryImageOfPage\":{\"@id\":\"https:\/\/fashiongold.lt\/et\/papuosalas\/moodne-kihlasormus-topaasi-ja-teemantidega-ummargune-topaas-0-55-ct\/#primaryimage\"},\"image\":{\"@id\":\"https:\/\/fashiongold.lt\/et\/papuosalas\/moodne-kihlasormus-topaasi-ja-teemantidega-ummargune-topaas-0-55-ct\/#primaryimage\"},\"thumbnailUrl\":\"https:\/\/fashiongold.lt\/wp-content\/uploads\/2025\/10\/24355-744-Geltono-aukso-modernus-suzadetuviu-ziedas-su-topazu-ir-deimantais-Apvalus-Topazas-0.55-ct.png\",\"datePublished\":\"2025-10-19T18:48:06+00:00\",\"description\":\"Moodne kihlas\u00f5rmus 0,50-karaatise \u00fcmara topaasi ja teemantidega m\u00f5lemal k\u00fcljel. Looduslikud teemandid. Eksklusiivne s\u00f5rmus stiilsele naisele.\",\"breadcrumb\":{\"@id\":\"https:\/\/fashiongold.lt\/et\/papuosalas\/moodne-kihlasormus-topaasi-ja-teemantidega-ummargune-topaas-0-55-ct\/#breadcrumb\"},\"inLanguage\":\"et\",\"potentialAction\":[{\"@type\":\"ReadAction\",\"target\":[\"https:\/\/fashiongold.lt\/et\/papuosalas\/moodne-kihlasormus-topaasi-ja-teemantidega-ummargune-topaas-0-55-ct\/\"]}]},{\"@type\":\"ImageObject\",\"inLanguage\":\"et\",\"@id\":\"https:\/\/fashiongold.lt\/et\/papuosalas\/moodne-kihlasormus-topaasi-ja-teemantidega-ummargune-topaas-0-55-ct\/#primaryimage\",\"url\":\"https:\/\/fashiongold.lt\/wp-content\/uploads\/2025\/10\/24355-744-Geltono-aukso-modernus-suzadetuviu-ziedas-su-topazu-ir-deimantais-Apvalus-Topazas-0.55-ct.png\",\"contentUrl\":\"https:\/\/fashiongold.lt\/wp-content\/uploads\/2025\/10\/24355-744-Geltono-aukso-modernus-suzadetuviu-ziedas-su-topazu-ir-deimantais-Apvalus-Topazas-0.55-ct.png\",\"width\":1000,\"height\":1000},{\"@type\":\"BreadcrumbList\",\"@id\":\"https:\/\/fashiongold.lt\/et\/papuosalas\/moodne-kihlasormus-topaasi-ja-teemantidega-ummargune-topaas-0-55-ct\/#breadcrumb\",\"itemListElement\":[{\"@type\":\"ListItem\",\"position\":1,\"name\":\"Home\",\"item\":\"https:\/\/fashiongold.lt\/et\/\"},{\"@type\":\"ListItem\",\"position\":2,\"name\":\"Teemantide pood Fashiongold.lt\",\"item\":\"https:\/\/fashiongold.lt\/shop-2\/\"},{\"@type\":\"ListItem\",\"position\":3,\"name\":\"Moodne kihlas\u00f5rmus topaasi ja teemantidega \u2013 \u00fcmmargune topaas (0.55 ct)\"}]},{\"@type\":\"WebSite\",\"@id\":\"https:\/\/fashiongold.lt\/et\/#website\",\"url\":\"https:\/\/fashiongold.lt\/et\/\",\"name\":\"Fashion Gold\",\"description\":\"Juvelyrikos namai\",\"publisher\":{\"@id\":\"https:\/\/fashiongold.lt\/et\/#organization\"},\"potentialAction\":[{\"@type\":\"SearchAction\",\"target\":{\"@type\":\"EntryPoint\",\"urlTemplate\":\"https:\/\/fashiongold.lt\/et\/?s={search_term_string}\"},\"query-input\":{\"@type\":\"PropertyValueSpecification\",\"valueRequired\":true,\"valueName\":\"search_term_string\"}}],\"inLanguage\":\"et\"},{\"@type\":\"Organization\",\"@id\":\"https:\/\/fashiongold.lt\/et\/#organization\",\"name\":\"Topdiamonds Online\",\"url\":\"https:\/\/fashiongold.lt\/et\/\",\"logo\":{\"@type\":\"ImageObject\",\"inLanguage\":\"et\",\"@id\":\"https:\/\/fashiongold.lt\/et\/#\/schema\/logo\/image\/\",\"url\":\"https:\/\/fashiongold.lt\/wp-content\/uploads\/2025\/04\/cropped-fashion_gold_logotipas2-scaled-1.png\",\"contentUrl\":\"https:\/\/fashiongold.lt\/wp-content\/uploads\/2025\/04\/cropped-fashion_gold_logotipas2-scaled-1.png\",\"width\":2559,\"height\":421,\"caption\":\"Topdiamonds Online\"},\"image\":{\"@id\":\"https:\/\/fashiongold.lt\/et\/#\/schema\/logo\/image\/\"}}]}<\/script>\n<!-- \/ Yoast SEO plugin. -->","yoast_head_json":{"title":"Kihlas\u00f5rmus topaasi ja teemantidega - \u00dcmar topaas (0.55 ct)","description":"Moodne kihlas\u00f5rmus 0,50-karaatise \u00fcmara topaasi ja teemantidega m\u00f5lemal k\u00fcljel. Looduslikud teemandid. Eksklusiivne s\u00f5rmus stiilsele naisele.","robots":{"index":"index","follow":"follow","max-snippet":"max-snippet:-1","max-image-preview":"max-image-preview:large","max-video-preview":"max-video-preview:-1"},"canonical":"https:\/\/fashiongold.lt\/et\/papuosalas\/moodne-kihlasormus-topaasi-ja-teemantidega-ummargune-topaas-0-55-ct\/","og_locale":"et_EE","og_type":"article","og_title":"Kihlas\u00f5rmus topaasi ja teemantidega - \u00dcmar topaas (0.55 ct)","og_description":"Moodne kihlas\u00f5rmus 0,50-karaatise \u00fcmara topaasi ja teemantidega m\u00f5lemal k\u00fcljel. Looduslikud teemandid. Eksklusiivne s\u00f5rmus stiilsele naisele.","og_url":"https:\/\/fashiongold.lt\/et\/papuosalas\/moodne-kihlasormus-topaasi-ja-teemantidega-ummargune-topaas-0-55-ct\/","og_site_name":"FashionGold.lt","og_image":[{"width":1000,"height":1000,"url":"https:\/\/fashiongold.lt\/wp-content\/uploads\/2025\/10\/24355-744-Geltono-aukso-modernus-suzadetuviu-ziedas-su-topazu-ir-deimantais-Apvalus-Topazas-0.55-ct.webp","type":"image\/png"}],"twitter_card":"summary_large_image","twitter_misc":{"Est. reading time":"1 minut"},"schema":{"@context":"https:\/\/schema.org","@graph":[{"@type":"WebPage","@id":"https:\/\/fashiongold.lt\/et\/papuosalas\/moodne-kihlasormus-topaasi-ja-teemantidega-ummargune-topaas-0-55-ct\/","url":"https:\/\/fashiongold.lt\/et\/papuosalas\/moodne-kihlasormus-topaasi-ja-teemantidega-ummargune-topaas-0-55-ct\/","name":"Kihlas\u00f5rmus topaasi ja teemantidega - \u00dcmar topaas (0.55 ct)","isPartOf":{"@id":"https:\/\/fashiongold.lt\/et\/#website"},"primaryImageOfPage":{"@id":"https:\/\/fashiongold.lt\/et\/papuosalas\/moodne-kihlasormus-topaasi-ja-teemantidega-ummargune-topaas-0-55-ct\/#primaryimage"},"image":{"@id":"https:\/\/fashiongold.lt\/et\/papuosalas\/moodne-kihlasormus-topaasi-ja-teemantidega-ummargune-topaas-0-55-ct\/#primaryimage"},"thumbnailUrl":"https:\/\/fashiongold.lt\/wp-content\/uploads\/2025\/10\/24355-744-Geltono-aukso-modernus-suzadetuviu-ziedas-su-topazu-ir-deimantais-Apvalus-Topazas-0.55-ct.png","datePublished":"2025-10-19T18:48:06+00:00","description":"Moodne kihlas\u00f5rmus 0,50-karaatise \u00fcmara topaasi ja teemantidega m\u00f5lemal k\u00fcljel. Looduslikud teemandid. Eksklusiivne s\u00f5rmus stiilsele naisele.","breadcrumb":{"@id":"https:\/\/fashiongold.lt\/et\/papuosalas\/moodne-kihlasormus-topaasi-ja-teemantidega-ummargune-topaas-0-55-ct\/#breadcrumb"},"inLanguage":"et","potentialAction":[{"@type":"ReadAction","target":["https:\/\/fashiongold.lt\/et\/papuosalas\/moodne-kihlasormus-topaasi-ja-teemantidega-ummargune-topaas-0-55-ct\/"]}]},{"@type":"ImageObject","inLanguage":"et","@id":"https:\/\/fashiongold.lt\/et\/papuosalas\/moodne-kihlasormus-topaasi-ja-teemantidega-ummargune-topaas-0-55-ct\/#primaryimage","url":"https:\/\/fashiongold.lt\/wp-content\/uploads\/2025\/10\/24355-744-Geltono-aukso-modernus-suzadetuviu-ziedas-su-topazu-ir-deimantais-Apvalus-Topazas-0.55-ct.png","contentUrl":"https:\/\/fashiongold.lt\/wp-content\/uploads\/2025\/10\/24355-744-Geltono-aukso-modernus-suzadetuviu-ziedas-su-topazu-ir-deimantais-Apvalus-Topazas-0.55-ct.png","width":1000,"height":1000},{"@type":"BreadcrumbList","@id":"https:\/\/fashiongold.lt\/et\/papuosalas\/moodne-kihlasormus-topaasi-ja-teemantidega-ummargune-topaas-0-55-ct\/#breadcrumb","itemListElement":[{"@type":"ListItem","position":1,"name":"Home","item":"https:\/\/fashiongold.lt\/et\/"},{"@type":"ListItem","position":2,"name":"Teemantide pood Fashiongold.lt","item":"https:\/\/fashiongold.lt\/shop-2\/"},{"@type":"ListItem","position":3,"name":"Moodne kihlas\u00f5rmus topaasi ja teemantidega \u2013 \u00fcmmargune topaas (0.55 ct)"}]},{"@type":"WebSite","@id":"https:\/\/fashiongold.lt\/et\/#website","url":"https:\/\/fashiongold.lt\/et\/","name":"Fashion Gold","description":"Juvelyrikos namai","publisher":{"@id":"https:\/\/fashiongold.lt\/et\/#organization"},"potentialAction":[{"@type":"SearchAction","target":{"@type":"EntryPoint","urlTemplate":"https:\/\/fashiongold.lt\/et\/?s={search_term_string}"},"query-input":{"@type":"PropertyValueSpecification","valueRequired":true,"valueName":"search_term_string"}}],"inLanguage":"et"},{"@type":"Organization","@id":"https:\/\/fashiongold.lt\/et\/#organization","name":"Topdiamonds Online","url":"https:\/\/fashiongold.lt\/et\/","logo":{"@type":"ImageObject","inLanguage":"et","@id":"https:\/\/fashiongold.lt\/et\/#\/schema\/logo\/image\/","url":"https:\/\/fashiongold.lt\/wp-content\/uploads\/2025\/04\/cropped-fashion_gold_logotipas2-scaled-1.png","contentUrl":"https:\/\/fashiongold.lt\/wp-content\/uploads\/2025\/04\/cropped-fashion_gold_logotipas2-scaled-1.png","width":2559,"height":421,"caption":"Topdiamonds Online"},"image":{"@id":"https:\/\/fashiongold.lt\/et\/#\/schema\/logo\/image\/"}}]}},"_links":{"self":[{"href":"https:\/\/fashiongold.lt\/et\/wp-json\/wp\/v2\/product\/283481","targetHints":{"allow":["GET"]}}],"collection":[{"href":"https:\/\/fashiongold.lt\/et\/wp-json\/wp\/v2\/product"}],"about":[{"href":"https:\/\/fashiongold.lt\/et\/wp-json\/wp\/v2\/types\/product"}],"version-history":[{"count":0,"href":"https:\/\/fashiongold.lt\/et\/wp-json\/wp\/v2\/product\/283481\/revisions"}],"wp:featuredmedia":[{"embeddable":true,"href":"https:\/\/fashiongold.lt\/et\/wp-json\/wp\/v2\/media\/225812"}],"wp:attachment":[{"href":"https:\/\/fashiongold.lt\/et\/wp-json\/wp\/v2\/media?parent=283481"}],"wp:term":[{"taxonomy":"product_brand","embeddable":true,"href":"https:\/\/fashiongold.lt\/et\/wp-json\/wp\/v2\/product_brand?post=283481"},{"taxonomy":"product_cat","embeddable":true,"href":"https:\/\/fashiongold.lt\/et\/wp-json\/wp\/v2\/product_cat?post=283481"},{"taxonomy":"product_tag","embeddable":true,"href":"https:\/\/fashiongold.lt\/et\/wp-json\/wp\/v2\/product_tag?post=283481"}],"curies":[{"name":"wp","href":"https:\/\/api.w.org\/{rel}","templated":true}]}}