{"id":283486,"date":"2025-10-19T18:48:06","date_gmt":"2025-10-19T18:48:06","guid":{"rendered":"https:\/\/fashiongold.lt\/papuosalas\/klassikaline-topaasi-ja-teemantidega-kihlasormus-looduslik-topaas-0-17-ct\/"},"modified":"2025-10-19T18:48:06","modified_gmt":"2025-10-19T18:48:06","slug":"klassikaline-topaasi-ja-teemantidega-kihlasormus-looduslik-topaas-0-17-ct","status":"publish","type":"product","link":"https:\/\/fashiongold.lt\/et\/papuosalas\/klassikaline-topaasi-ja-teemantidega-kihlasormus-looduslik-topaas-0-17-ct\/","title":{"rendered":"Klassikaline topaasi ja teemantidega kihlas\u00f5rmus \u2013 Looduslik topaas (0.17 ct)"},"content":{"rendered":"<h2>Kihlas\u00f5rmus topaasi ja teemantidega &#8211; Looduslik topaas (0,17 ct)<\/h2>\n<h3>Klassikaline kihlas\u00f5rmus 0,10-karaatise \u00fcmara topaasiga ja teemantidega m\u00f5lemal k\u00fcljel. Looduslikud teemandid.<\/h3>\n<p>Valmistatud Leedus. Suurep\u00e4rane valik stiilsele naisele. Topaasi maagiline j\u00f5ud \u2013 toimib amuleti v\u00f5i talismanina, toob rahu, tarkust ja headust, see on armastuse kivi. See muudab oma omaniku optimistlikuks, aitab nautida elu ja tunda sisemist rahu. Topaas sobib L\u00f5videle, Amburitele ja Skorpionitele.<\/p>\n<p>\u2022 S\u00f5rmuse metall: 14K (proov 585), saame valmistada ka 10K (proov 375), 18K (proov 750), 950 plaatinast<\/p>\n<p>\u2022 S\u00f5rmuse v\u00e4rvus: valida saab valge, kollase v\u00f5i punase kulla vahel<\/p>\n<p>\u2022 S\u00f5rmuse kaal (s\u00f5ltub suurusest ja proovist): u 2,00 &#8211; 2,40 g<\/p>\n<p>\u2022 S\u00f5rmuse m\u00f5\u00f5tmed: krooni laius &#8211; u 3,35 mm, v\u00f5ru laius &#8211; u 1,80 mm (m\u00f5\u00f5tmed on ligikaudsed ja v\u00f5ivad varieeruda s\u00f5ltuvalt s\u00f5rmuse suurusest)<\/p>\n<p>\u2022 S\u00f5rmuse mugavustsoon: olemas<\/p>\n<p>\u2022 V\u00e4\u00e4riskivi t\u00fc\u00fcp: topaas<\/p>\n<p>\u2022 V\u00e4\u00e4riskivi kuju: \u00fcmar topaas (Oval shape)<\/p>\n<p>\u2022 V\u00e4\u00e4riskivi omadused: 0,15 ct (v\u00f5imalik muuta)<\/p>\n<p>\u2022 Teemandi t\u00fc\u00fcp: Looduslikud teemandid<\/p>\n<p>\u2022 Teemandi kuju: \u00fcmar kuju (round shape)<\/p>\n<p>\u2022 Teemandi omadused: 0,02 ct, v\u00e4rvus G-H (RW-W); puhtus SI<\/p>\n<p>\u2022 Sertifikaat: Leedu Proovikoda (LPR)<\/p>\n<p>\u2022 Graveerimine tasuta<\/p>\n<p>\u2022 \u00dchekordne tasuta s\u00f5rmuse suuruse muutmise garantii<\/p>\n<p>\u2022 Valmistamise ja tarne t\u00e4htaeg alates 14 t\u00f6\u00f6p\u00e4evast, kiirtellimusel 3 t\u00f6\u00f6p\u00e4eva jooksul<\/p>\n<p><strong>On teil oma kulda? V\u00f5tke \u00fchendust, arvutame hinna \u00fcmber \u2013 maksate vaid s\u00f5rmuse valmistamise eest.<\/strong><\/p><\/p>\n","protected":false},"excerpt":{"rendered":"<p>See loodusmotiividest \u00fcmbritsetud \u00fcmara topaasiga kihlas\u00f5rmus, millel on unikaalse disainiga liblikakujulised kulddetailid ja m\u00f5lemal k\u00fcljel teemandid, on t\u00f5eline stiilsuse ja elegantsi s\u00fcmbol. Sobib suurep\u00e4raselt igap\u00e4evaseks kandmiseks, kihluseks ja erilisteks s\u00fcndmusteks.<\/p>\n","protected":false},"featured_media":225773,"template":"","meta":{"site-sidebar-layout":"default","site-content-layout":"","ast-site-content-layout":"default","site-content-style":"default","site-sidebar-style":"default","ast-global-header-display":"","ast-banner-title-visibility":"","ast-main-header-display":"","ast-hfb-above-header-display":"","ast-hfb-below-header-display":"","ast-hfb-mobile-header-display":"","site-post-title":"","ast-breadcrumbs-content":"","ast-featured-img":"","footer-sml-layout":"","ast-disable-related-posts":"","theme-transparent-header-meta":"","adv-header-id-meta":"","stick-header-meta":"","header-above-stick-meta":"","header-main-stick-meta":"","header-below-stick-meta":"","astra-migrate-meta-layouts":"default","ast-page-background-enabled":"default","ast-page-background-meta":{"desktop":{"background-color":"var(--ast-global-color-4)","background-image":"","background-repeat":"repeat","background-position":"center center","background-size":"auto","background-attachment":"scroll","background-type":"","background-media":"","overlay-type":"","overlay-color":"","overlay-opacity":"","overlay-gradient":""},"tablet":{"background-color":"","background-image":"","background-repeat":"repeat","background-position":"center center","background-size":"auto","background-attachment":"scroll","background-type":"","background-media":"","overlay-type":"","overlay-color":"","overlay-opacity":"","overlay-gradient":""},"mobile":{"background-color":"","background-image":"","background-repeat":"repeat","background-position":"center center","background-size":"auto","background-attachment":"scroll","background-type":"","background-media":"","overlay-type":"","overlay-color":"","overlay-opacity":"","overlay-gradient":""}},"ast-content-background-meta":{"desktop":{"background-color":"var(--ast-global-color-5)","background-image":"","background-repeat":"repeat","background-position":"center center","background-size":"auto","background-attachment":"scroll","background-type":"","background-media":"","overlay-type":"","overlay-color":"","overlay-opacity":"","overlay-gradient":""},"tablet":{"background-color":"var(--ast-global-color-5)","background-image":"","background-repeat":"repeat","background-position":"center center","background-size":"auto","background-attachment":"scroll","background-type":"","background-media":"","overlay-type":"","overlay-color":"","overlay-opacity":"","overlay-gradient":""},"mobile":{"background-color":"var(--ast-global-color-5)","background-image":"","background-repeat":"repeat","background-position":"center center","background-size":"auto","background-attachment":"scroll","background-type":"","background-media":"","overlay-type":"","overlay-color":"","overlay-opacity":"","overlay-gradient":""}}},"product_brand":[],"product_cat":[3422,3843,3423,2829,2823,2824,3392,3425,3426,3391,3448,2847,2845,3424],"product_tag":[],"class_list":{"0":"post-283486","1":"product","2":"type-product","3":"status-publish","4":"has-post-thumbnail","6":"product_cat-kihlasormused","7":"product_cat-kihlasormused-poolvaariskividega","8":"product_cat-kihlasormused-vaariskividega","9":"product_cat-kingitused-erilisteks-puhkudeks","10":"product_cat-kingitused-lapse-sunni-puhul","11":"product_cat-kingitused-pulma-aastapaeva-puhul","12":"product_cat-kingitused-pulmade-puhul","13":"product_cat-kollasest-kullast-kihlasormused","14":"product_cat-punasest-kullast-kihlasormused","15":"product_cat-ristimiskingitused","16":"product_cat-sinine-vaariskivi","17":"product_cat-siniste-vaariskividega-ehted","18":"product_cat-sobrapaeva-kingitused","19":"product_cat-valgest-kullast-kihlasormused","20":"desktop-align-center","21":"tablet-align-left","22":"mobile-align-left","23":"ast-product-gallery-layout-horizontal-slider","24":"ast-product-gallery-with-no-image","25":"ast-product-single-variable","26":"ast-product-tabs-layout-accordion","27":"ast-qv-on-image","29":"first","30":"instock","31":"taxable","32":"shipping-taxable","33":"purchasable","34":"product-type-variable"},"yoast_head":"<!-- This site is optimized with the Yoast SEO plugin v26.6 - https:\/\/yoast.com\/wordpress\/plugins\/seo\/ -->\n<title>Kihlas\u00f5rmus topaasi ja teemantidega - Topaas (0.17 ct)<\/title>\n<meta name=\"description\" content=\"Topaasiga kihlas\u00f5rmus, millel on unikaalse disainiga liblikakujulised detailid ja teemandid m\u00f5lemal k\u00fcljel. Sobib suurep\u00e4raselt igap\u00e4evaseks kandmiseks ja kihlumiseks.\" \/>\n<meta name=\"robots\" content=\"index, follow, max-snippet:-1, max-image-preview:large, max-video-preview:-1\" \/>\n<link rel=\"canonical\" href=\"https:\/\/fashiongold.lt\/et\/papuosalas\/klassikaline-topaasi-ja-teemantidega-kihlasormus-looduslik-topaas-0-17-ct\/\" \/>\n<meta property=\"og:locale\" content=\"et_EE\" \/>\n<meta property=\"og:type\" content=\"article\" \/>\n<meta property=\"og:title\" content=\"Kihlas\u00f5rmus topaasi ja teemantidega - Topaas (0.17 ct)\" \/>\n<meta property=\"og:description\" content=\"Topaasiga kihlas\u00f5rmus, millel on unikaalse disainiga liblikakujulised detailid ja teemandid m\u00f5lemal k\u00fcljel. Sobib suurep\u00e4raselt igap\u00e4evaseks kandmiseks ja kihlumiseks.\" \/>\n<meta property=\"og:url\" content=\"https:\/\/fashiongold.lt\/et\/papuosalas\/klassikaline-topaasi-ja-teemantidega-kihlasormus-looduslik-topaas-0-17-ct\/\" \/>\n<meta property=\"og:site_name\" content=\"FashionGold.lt\" \/>\n<meta property=\"og:image\" content=\"https:\/\/fashiongold.lt\/wp-content\/uploads\/2025\/10\/24327-369-Balto-aukso-klasikinis-suzadetuviu-ziedas-su-topazu-ir-deimantais-Gamtos-topazas-0.17-ct.webp\" \/>\n\t<meta property=\"og:image:width\" content=\"1000\" \/>\n\t<meta property=\"og:image:height\" content=\"1000\" \/>\n\t<meta property=\"og:image:type\" content=\"image\/png\" \/>\n<meta name=\"twitter:card\" content=\"summary_large_image\" \/>\n<meta name=\"twitter:label1\" content=\"Est. reading time\" \/>\n\t<meta name=\"twitter:data1\" content=\"1 minut\" \/>\n<script type=\"application\/ld+json\" class=\"yoast-schema-graph\">{\"@context\":\"https:\/\/schema.org\",\"@graph\":[{\"@type\":\"WebPage\",\"@id\":\"https:\/\/fashiongold.lt\/et\/papuosalas\/klassikaline-topaasi-ja-teemantidega-kihlasormus-looduslik-topaas-0-17-ct\/\",\"url\":\"https:\/\/fashiongold.lt\/et\/papuosalas\/klassikaline-topaasi-ja-teemantidega-kihlasormus-looduslik-topaas-0-17-ct\/\",\"name\":\"Kihlas\u00f5rmus topaasi ja teemantidega - Topaas (0.17 ct)\",\"isPartOf\":{\"@id\":\"https:\/\/fashiongold.lt\/et\/#website\"},\"primaryImageOfPage\":{\"@id\":\"https:\/\/fashiongold.lt\/et\/papuosalas\/klassikaline-topaasi-ja-teemantidega-kihlasormus-looduslik-topaas-0-17-ct\/#primaryimage\"},\"image\":{\"@id\":\"https:\/\/fashiongold.lt\/et\/papuosalas\/klassikaline-topaasi-ja-teemantidega-kihlasormus-looduslik-topaas-0-17-ct\/#primaryimage\"},\"thumbnailUrl\":\"https:\/\/fashiongold.lt\/wp-content\/uploads\/2025\/10\/24327-369-Balto-aukso-klasikinis-suzadetuviu-ziedas-su-topazu-ir-deimantais-Gamtos-topazas-0.17-ct.png\",\"datePublished\":\"2025-10-19T18:48:06+00:00\",\"description\":\"Topaasiga kihlas\u00f5rmus, millel on unikaalse disainiga liblikakujulised detailid ja teemandid m\u00f5lemal k\u00fcljel. Sobib suurep\u00e4raselt igap\u00e4evaseks kandmiseks ja kihlumiseks.\",\"breadcrumb\":{\"@id\":\"https:\/\/fashiongold.lt\/et\/papuosalas\/klassikaline-topaasi-ja-teemantidega-kihlasormus-looduslik-topaas-0-17-ct\/#breadcrumb\"},\"inLanguage\":\"et\",\"potentialAction\":[{\"@type\":\"ReadAction\",\"target\":[\"https:\/\/fashiongold.lt\/et\/papuosalas\/klassikaline-topaasi-ja-teemantidega-kihlasormus-looduslik-topaas-0-17-ct\/\"]}]},{\"@type\":\"ImageObject\",\"inLanguage\":\"et\",\"@id\":\"https:\/\/fashiongold.lt\/et\/papuosalas\/klassikaline-topaasi-ja-teemantidega-kihlasormus-looduslik-topaas-0-17-ct\/#primaryimage\",\"url\":\"https:\/\/fashiongold.lt\/wp-content\/uploads\/2025\/10\/24327-369-Balto-aukso-klasikinis-suzadetuviu-ziedas-su-topazu-ir-deimantais-Gamtos-topazas-0.17-ct.png\",\"contentUrl\":\"https:\/\/fashiongold.lt\/wp-content\/uploads\/2025\/10\/24327-369-Balto-aukso-klasikinis-suzadetuviu-ziedas-su-topazu-ir-deimantais-Gamtos-topazas-0.17-ct.png\",\"width\":1000,\"height\":1000},{\"@type\":\"BreadcrumbList\",\"@id\":\"https:\/\/fashiongold.lt\/et\/papuosalas\/klassikaline-topaasi-ja-teemantidega-kihlasormus-looduslik-topaas-0-17-ct\/#breadcrumb\",\"itemListElement\":[{\"@type\":\"ListItem\",\"position\":1,\"name\":\"Home\",\"item\":\"https:\/\/fashiongold.lt\/et\/\"},{\"@type\":\"ListItem\",\"position\":2,\"name\":\"Teemantide pood Fashiongold.lt\",\"item\":\"https:\/\/fashiongold.lt\/shop-2\/\"},{\"@type\":\"ListItem\",\"position\":3,\"name\":\"Klassikaline topaasi ja teemantidega kihlas\u00f5rmus \u2013 Looduslik topaas (0.17 ct)\"}]},{\"@type\":\"WebSite\",\"@id\":\"https:\/\/fashiongold.lt\/et\/#website\",\"url\":\"https:\/\/fashiongold.lt\/et\/\",\"name\":\"Fashion Gold\",\"description\":\"Juvelyrikos namai\",\"publisher\":{\"@id\":\"https:\/\/fashiongold.lt\/et\/#organization\"},\"potentialAction\":[{\"@type\":\"SearchAction\",\"target\":{\"@type\":\"EntryPoint\",\"urlTemplate\":\"https:\/\/fashiongold.lt\/et\/?s={search_term_string}\"},\"query-input\":{\"@type\":\"PropertyValueSpecification\",\"valueRequired\":true,\"valueName\":\"search_term_string\"}}],\"inLanguage\":\"et\"},{\"@type\":\"Organization\",\"@id\":\"https:\/\/fashiongold.lt\/et\/#organization\",\"name\":\"Topdiamonds Online\",\"url\":\"https:\/\/fashiongold.lt\/et\/\",\"logo\":{\"@type\":\"ImageObject\",\"inLanguage\":\"et\",\"@id\":\"https:\/\/fashiongold.lt\/et\/#\/schema\/logo\/image\/\",\"url\":\"https:\/\/fashiongold.lt\/wp-content\/uploads\/2025\/04\/cropped-fashion_gold_logotipas2-scaled-1.png\",\"contentUrl\":\"https:\/\/fashiongold.lt\/wp-content\/uploads\/2025\/04\/cropped-fashion_gold_logotipas2-scaled-1.png\",\"width\":2559,\"height\":421,\"caption\":\"Topdiamonds Online\"},\"image\":{\"@id\":\"https:\/\/fashiongold.lt\/et\/#\/schema\/logo\/image\/\"}}]}<\/script>\n<!-- \/ Yoast SEO plugin. -->","yoast_head_json":{"title":"Kihlas\u00f5rmus topaasi ja teemantidega - Topaas (0.17 ct)","description":"Topaasiga kihlas\u00f5rmus, millel on unikaalse disainiga liblikakujulised detailid ja teemandid m\u00f5lemal k\u00fcljel. Sobib suurep\u00e4raselt igap\u00e4evaseks kandmiseks ja kihlumiseks.","robots":{"index":"index","follow":"follow","max-snippet":"max-snippet:-1","max-image-preview":"max-image-preview:large","max-video-preview":"max-video-preview:-1"},"canonical":"https:\/\/fashiongold.lt\/et\/papuosalas\/klassikaline-topaasi-ja-teemantidega-kihlasormus-looduslik-topaas-0-17-ct\/","og_locale":"et_EE","og_type":"article","og_title":"Kihlas\u00f5rmus topaasi ja teemantidega - Topaas (0.17 ct)","og_description":"Topaasiga kihlas\u00f5rmus, millel on unikaalse disainiga liblikakujulised detailid ja teemandid m\u00f5lemal k\u00fcljel. Sobib suurep\u00e4raselt igap\u00e4evaseks kandmiseks ja kihlumiseks.","og_url":"https:\/\/fashiongold.lt\/et\/papuosalas\/klassikaline-topaasi-ja-teemantidega-kihlasormus-looduslik-topaas-0-17-ct\/","og_site_name":"FashionGold.lt","og_image":[{"width":1000,"height":1000,"url":"https:\/\/fashiongold.lt\/wp-content\/uploads\/2025\/10\/24327-369-Balto-aukso-klasikinis-suzadetuviu-ziedas-su-topazu-ir-deimantais-Gamtos-topazas-0.17-ct.webp","type":"image\/png"}],"twitter_card":"summary_large_image","twitter_misc":{"Est. reading time":"1 minut"},"schema":{"@context":"https:\/\/schema.org","@graph":[{"@type":"WebPage","@id":"https:\/\/fashiongold.lt\/et\/papuosalas\/klassikaline-topaasi-ja-teemantidega-kihlasormus-looduslik-topaas-0-17-ct\/","url":"https:\/\/fashiongold.lt\/et\/papuosalas\/klassikaline-topaasi-ja-teemantidega-kihlasormus-looduslik-topaas-0-17-ct\/","name":"Kihlas\u00f5rmus topaasi ja teemantidega - Topaas (0.17 ct)","isPartOf":{"@id":"https:\/\/fashiongold.lt\/et\/#website"},"primaryImageOfPage":{"@id":"https:\/\/fashiongold.lt\/et\/papuosalas\/klassikaline-topaasi-ja-teemantidega-kihlasormus-looduslik-topaas-0-17-ct\/#primaryimage"},"image":{"@id":"https:\/\/fashiongold.lt\/et\/papuosalas\/klassikaline-topaasi-ja-teemantidega-kihlasormus-looduslik-topaas-0-17-ct\/#primaryimage"},"thumbnailUrl":"https:\/\/fashiongold.lt\/wp-content\/uploads\/2025\/10\/24327-369-Balto-aukso-klasikinis-suzadetuviu-ziedas-su-topazu-ir-deimantais-Gamtos-topazas-0.17-ct.png","datePublished":"2025-10-19T18:48:06+00:00","description":"Topaasiga kihlas\u00f5rmus, millel on unikaalse disainiga liblikakujulised detailid ja teemandid m\u00f5lemal k\u00fcljel. Sobib suurep\u00e4raselt igap\u00e4evaseks kandmiseks ja kihlumiseks.","breadcrumb":{"@id":"https:\/\/fashiongold.lt\/et\/papuosalas\/klassikaline-topaasi-ja-teemantidega-kihlasormus-looduslik-topaas-0-17-ct\/#breadcrumb"},"inLanguage":"et","potentialAction":[{"@type":"ReadAction","target":["https:\/\/fashiongold.lt\/et\/papuosalas\/klassikaline-topaasi-ja-teemantidega-kihlasormus-looduslik-topaas-0-17-ct\/"]}]},{"@type":"ImageObject","inLanguage":"et","@id":"https:\/\/fashiongold.lt\/et\/papuosalas\/klassikaline-topaasi-ja-teemantidega-kihlasormus-looduslik-topaas-0-17-ct\/#primaryimage","url":"https:\/\/fashiongold.lt\/wp-content\/uploads\/2025\/10\/24327-369-Balto-aukso-klasikinis-suzadetuviu-ziedas-su-topazu-ir-deimantais-Gamtos-topazas-0.17-ct.png","contentUrl":"https:\/\/fashiongold.lt\/wp-content\/uploads\/2025\/10\/24327-369-Balto-aukso-klasikinis-suzadetuviu-ziedas-su-topazu-ir-deimantais-Gamtos-topazas-0.17-ct.png","width":1000,"height":1000},{"@type":"BreadcrumbList","@id":"https:\/\/fashiongold.lt\/et\/papuosalas\/klassikaline-topaasi-ja-teemantidega-kihlasormus-looduslik-topaas-0-17-ct\/#breadcrumb","itemListElement":[{"@type":"ListItem","position":1,"name":"Home","item":"https:\/\/fashiongold.lt\/et\/"},{"@type":"ListItem","position":2,"name":"Teemantide pood Fashiongold.lt","item":"https:\/\/fashiongold.lt\/shop-2\/"},{"@type":"ListItem","position":3,"name":"Klassikaline topaasi ja teemantidega kihlas\u00f5rmus \u2013 Looduslik topaas (0.17 ct)"}]},{"@type":"WebSite","@id":"https:\/\/fashiongold.lt\/et\/#website","url":"https:\/\/fashiongold.lt\/et\/","name":"Fashion Gold","description":"Juvelyrikos namai","publisher":{"@id":"https:\/\/fashiongold.lt\/et\/#organization"},"potentialAction":[{"@type":"SearchAction","target":{"@type":"EntryPoint","urlTemplate":"https:\/\/fashiongold.lt\/et\/?s={search_term_string}"},"query-input":{"@type":"PropertyValueSpecification","valueRequired":true,"valueName":"search_term_string"}}],"inLanguage":"et"},{"@type":"Organization","@id":"https:\/\/fashiongold.lt\/et\/#organization","name":"Topdiamonds Online","url":"https:\/\/fashiongold.lt\/et\/","logo":{"@type":"ImageObject","inLanguage":"et","@id":"https:\/\/fashiongold.lt\/et\/#\/schema\/logo\/image\/","url":"https:\/\/fashiongold.lt\/wp-content\/uploads\/2025\/04\/cropped-fashion_gold_logotipas2-scaled-1.png","contentUrl":"https:\/\/fashiongold.lt\/wp-content\/uploads\/2025\/04\/cropped-fashion_gold_logotipas2-scaled-1.png","width":2559,"height":421,"caption":"Topdiamonds Online"},"image":{"@id":"https:\/\/fashiongold.lt\/et\/#\/schema\/logo\/image\/"}}]}},"_links":{"self":[{"href":"https:\/\/fashiongold.lt\/et\/wp-json\/wp\/v2\/product\/283486","targetHints":{"allow":["GET"]}}],"collection":[{"href":"https:\/\/fashiongold.lt\/et\/wp-json\/wp\/v2\/product"}],"about":[{"href":"https:\/\/fashiongold.lt\/et\/wp-json\/wp\/v2\/types\/product"}],"version-history":[{"count":0,"href":"https:\/\/fashiongold.lt\/et\/wp-json\/wp\/v2\/product\/283486\/revisions"}],"wp:featuredmedia":[{"embeddable":true,"href":"https:\/\/fashiongold.lt\/et\/wp-json\/wp\/v2\/media\/225773"}],"wp:attachment":[{"href":"https:\/\/fashiongold.lt\/et\/wp-json\/wp\/v2\/media?parent=283486"}],"wp:term":[{"taxonomy":"product_brand","embeddable":true,"href":"https:\/\/fashiongold.lt\/et\/wp-json\/wp\/v2\/product_brand?post=283486"},{"taxonomy":"product_cat","embeddable":true,"href":"https:\/\/fashiongold.lt\/et\/wp-json\/wp\/v2\/product_cat?post=283486"},{"taxonomy":"product_tag","embeddable":true,"href":"https:\/\/fashiongold.lt\/et\/wp-json\/wp\/v2\/product_tag?post=283486"}],"curies":[{"name":"wp","href":"https:\/\/api.w.org\/{rel}","templated":true}]}}