{"id":283536,"date":"2025-10-17T13:38:52","date_gmt":"2025-10-17T13:38:52","guid":{"rendered":"https:\/\/fashiongold.lt\/papuosalas\/valcambi-5-g-investeerimiskulla-kang\/"},"modified":"2025-10-17T13:38:52","modified_gmt":"2025-10-17T13:38:52","slug":"valcambi-5-g-investeerimiskulla-kang","status":"publish","type":"product","link":"https:\/\/fashiongold.lt\/et\/toode\/valcambi-5-g-investeerimiskulla-kang\/","title":{"rendered":"Valcambi 5 g investeerimiskulla kang"},"content":{"rendered":"<h2><span style=\"font-size: 11px;\">Kullakangi tehnilised andmed<\/span><\/h2>\n<ul>\n<li><strong>Metall<\/strong> &#8211; Kuld<\/li>\n<li><strong>Proov<\/strong> &#8211; 999.9<\/li>\n<li><strong>Netokaal<\/strong> &#8211; 5.00 g<\/li>\n<li><strong>Kogukaal<\/strong> &#8211; 5 g<\/li>\n<li><strong>M\u00f5\u00f5tmed<\/strong> &#8211; 13 x 23 x 1 mm<\/li>\n<li><strong>P\u00e4ritoluriik<\/strong> &#8211; \u0160veits<\/li>\n<li><strong>Tootja<\/strong> &#8211; Valcambi<\/li>\n<li><strong>Seerianumber<\/strong> &#8211; 5 g GOLD 999.9 AA******<\/li>\n<\/ul>\n<h2 data-pm-slice=\"1 1 []\"><strong>5 g investeerimiskullakang \u2013 optimaalne valik<\/strong><\/h2>\n<p>5 g kullakangid on armastatud nii kogenud investorite kui ka uustulnukate seas. See kaal tagab investeerimiskullakangile piisava v\u00e4\u00e4rtuse, kuid j\u00e4\u00e4b mugavaks k\u00e4sitsemiseks ja hoiustamiseks. 5 g kang eristub j\u00e4rgmiste omaduste poolest:<\/p>\n<ul>\n<li><strong>K\u00f5rge likviidsus<\/strong> \u2013 lihtne realiseerida kohalike kullapoodide v\u00f5i rahvusvaheliste b\u00f6rside kaudu.<\/li>\n<li><strong>Elegantne kingitus<\/strong> \u2013 eksklusiivne ja sentimentaalne valik juubeliks v\u00f5i ristimisteks.<\/li>\n<\/ul>\n<div class=\"detail_item key_custom_manufacturers\" style=\"margin: 0px 0px 3px; padding: 0px; border-width: 0px; border-image: initial; background: #ffffff; box-sizing: border-box; image-rendering: -webkit-optimize-contrast; float: left; width: 1030px; line-height: initial; font-family: Everett; font-size: 14px; letter-spacing: 0.1px; border-color: initial initial #f4f3f3 initial; border-style: initial initial solid initial;\">\n<div class=\"right\" style=\"margin: 0px; padding: 0px 0px 0px 15px; border: 0px; background: transparent; box-sizing: border-box; image-rendering: -webkit-optimize-contrast; float: left; width: calc(100% - 185px);\">\n<p data-pm-slice=\"1 1 []\">Selle kullakangi esik\u00fcljel (aversil) on kirjas \u201eValcambi Suisse\u201c ja tagak\u00fcljel (reversil) kangi tehnilised andmed ja Valcambi logo. K\u00f5ik Fashiongold.lt pakutavad kangid tarnitakse spetsiaalses PVC-pakendis, mis on tootja autentne sertifikaat. Igal pakendil olev ainulaadne sertifikaadi number vastab t\u00e4ielikult kangile graveeritud seerianumbrile.<\/p>\n<\/div>\n<\/div>\n<h2>Valcambi \u2013 \u0160veitsi kullakangide liider<\/h2>\n<p><strong>Valcambi Suisse<\/strong> on \u00fcks maailma juhtivaid investeerimiskulla tootjaid, asutatud 1961. aastal. See ettev\u00f5te on tuntud rangete tootmisstandardite ja <strong>LBMA<\/strong> (London Bullion Market Association) akrediteeringu poolest. <strong>Valcambi kangid<\/strong> iseloomustavad:<\/p>\n<ul>\n<li><strong>Proov 999.9<\/strong> \u2013 99,99% puhas kuld<\/li>\n<li><strong>Ainulaadsed seerianumbrid<\/strong> \u2013 igal kangil on oma identifikaator<\/li>\n<li><strong>Hermeetiline pakend<\/strong> \u2013 sertifikaat ja kaitse kahjustuste eest<\/li>\n<li><strong>Rahvusvaheline tunnustus<\/strong> \u2013 lihtne osta ja m\u00fc\u00fca \u00fcle kogu maailma.<\/li>\n<\/ul>\n<p>Lisaks m\u00e4rgistatakse Valcambi kange sageli ingliskeelse terminiga &#8216;Green Gold&#8217;, r\u00f5hutades nende \u0160veitsi p\u00e4ritolu ja rahvusvahelist tunnustust.<\/p>\n<hr \/>\n<p>Investeerimiskulda on ammu peetud \u00fcheks turvalisemaks ja usaldusv\u00e4\u00e4rsemaks viisiks kapitali kaitsmiseks ja kasvatamiseks. Investeerimiskuld on \u00fcks populaarsemaid metalle investeerimiseks, r\u00f5hutades metallide t\u00e4htsust investeerimisportfellis. <a href=\"http:\/\/FashionGold.lt\" target=\"_blank\" rel=\"noopener noreferrer\">FashionGold.lt<\/a> pakub tootja Valcambi investeerimiskullakange \u2013 \u00fcht parimat turul. Selles kirjelduses tutvute 5 g investeerimiskullakangiga, selle omadustega, kullakangi hinnaga, kulla ostmisega <a href=\"http:\/\/FashionGold.lt\" target=\"_blank\" rel=\"noopener noreferrer\">FashionGold.lt<\/a> lehelt ja miks investeerimiskuld on teie t\u00e4helepanu v\u00e4\u00e4rt.<\/p>\n<h2>Mis on investeerimiskullakang?<\/h2>\n<p>Investeerimiskullakang on \u00fchtlane, ainult ehtsast k\u00f5rge 999.9 prooviga kullast valmistatud metall, mis on pakendatud nii, et see s\u00e4ilitaks oma puhtuse ja autentsuse. Kullakangid on m\u00f5eldud v\u00e4\u00e4rtuse s\u00e4ilitamiseks ja investeerimiseks, mitte ehete valmistamiseks. Valcambi 5 g kang on suurep\u00e4rane n\u00e4ide, kus investeerimiskulla hind ja kvaliteet sobivad kokku elegantsi ja funktsionaalsusega.<\/p>\n<h2>Kullakangide t\u00fc\u00fcbid<\/h2>\n<p>Kullakangid on \u00fcks populaarsemaid investeerimiskulla valikuid, pakkudes laia valikut suurusi ja vorme. K\u00f5ik investeerimiskullakangid on valmistatud k\u00f5rgeima 999.9 prooviga kullast, mis tagab nende kvaliteedi ja puhtuse. Tuntumate tootjate seast eristuvad PAMP ja Valcambi \u2013 neid kaubam\u00e4rke hinnatakse kogu maailmas usaldusv\u00e4\u00e4rsuse, innovaatiliste tootmistehnoloogiate ja laia tootevaliku t\u00f5ttu.<\/p>\n<p>Kullakangide valik on v\u00e4ga lai: valida saab v\u00e4ikestest, vaid 1-grammistest kuni suuremate, isegi 100-grammiste v\u00f5i suuremateni. See v\u00f5imaldab igal investoril leida optimaalse variandi vastavalt oma vajadustele ja v\u00f5imalustele. Algajad valivad sageli v\u00e4iksemaid kange, kogenud investorid aga suuremaid, et oma portfelli t\u00f5husamalt diversifitseerida.<\/p>\n<h2>Hinnatrendid ja investeerimiskulla hind<\/h2>\n<p>Investeerimiskulla hindade j\u00e4lgimine on v\u00e4ga oluline. Kullakangi hind s\u00f5ltub:<\/p>\n<ul>\n<li>Kulla maailmaturu hinnast b\u00f6rsil<\/li>\n<li>Euro kursist<\/li>\n<li>Makromajanduslikest teguritest (inflatsioon, geopoliitika)<\/li>\n<li>Tootja marginaalist ja sertifitseerimiskuludest.<\/li>\n<\/ul>\n<p>Kuna kulla hinnad muutuvad pidevalt, on oluline j\u00e4lgida turusuundumusi ja hinnaprognoose kuni 2025. aastani.<\/p>\n<p><a href=\"http:\/\/FashionGold.lt\" target=\"_blank\" rel=\"noopener noreferrer\">FashionGold.lt<\/a> uuendab kullakangide hindu iga p\u00e4ev, seega v\u00f5ite olla kindlad, et esitatud kullakangi hind on t\u00e4pne ja asjakohane. Samuti on plaanis hindu uuendada ka 2025. aastal, et tagada klientidele asjakohane teave. Praegu k\u00f5igub 5 g investeerimiskullakangi hind vahemikus 506\u2013580 EUR, s\u00f5ltuvalt turumuutustest.<\/p>\n<h2>Miks investeerida kulda?<\/h2>\n<p>Investeerimiskullal on mitu peamist eelist:<\/p>\n<ol>\n<li>V\u00e4\u00e4rtuse kaitse \u2013 investeerimiskuld kaitseb kapitali inflatsiooni eest.<\/li>\n<li>Diversifitseerimine \u2013 kulla lisamine portfelli v\u00e4hendab portfelli \u00fcldist riski.<\/li>\n<li>Likviidsus \u2013 investeerimiskullakangid on kergesti realiseeritavad mis tahes maailma keskuses.<\/li>\n<li>K\u00e4ibemaksuvaba \u2013 investeerimiskullakangile ei lisandu k\u00e4ibemaksu, mis suurendab tootlust.<\/li>\n<\/ol>\n<hr \/>\n<h2>Kulla ostmine <a href=\"http:\/\/FashionGold.lt\" target=\"_blank\" rel=\"noopener noreferrer\">FashionGold.lt<\/a> lehelt<\/h2>\n<p><strong>Kulla ostmine<\/strong> meilt:<\/p>\n<ul>\n<li><strong>Tellimine internetist<\/strong> \u2013 valige m\u00f5ne klikiga <strong>Valcambi 5 g kang<\/strong> ja esitage tellimus.<\/li>\n<li><strong>Kiire tarne<\/strong> \u2013 1\u20132 t\u00f6\u00f6p\u00e4eva jooksul saab saaja originaalse, sertifitseeritud pakendi.<\/li>\n<li><strong>Turvaline maksmine<\/strong> \u2013 v\u00f5imalikud on maksed panga\u00fclekandega, kaartidega v\u00f5i Paysera kaudu.<\/li>\n<li><strong>Garantii<\/strong> \u2013 igal <strong>investeerimiskullakangil<\/strong> on LBMA akrediteering ja autentsussertifikaat.<\/li>\n<\/ul>\n<hr \/>\n<h2>Kingiideed kullaga<\/h2>\n<p><strong>Kullakangid<\/strong> on eksklusiivne kingitus:<\/p>\n<ul>\n<li><strong>Juubel<\/strong> \u2013 5 g investeerimiskullakang s\u00fcmboliseerib v\u00e4\u00e4rtuslikke aastap\u00e4evi.<\/li>\n<li><strong>Ristimine<\/strong> \u2013 v\u00e4ike <strong>1 g kang<\/strong> meenutab elu algust ja pikaajalist v\u00e4\u00e4rtust.<\/li>\n<li><strong>\u00c4ripartnerid<\/strong> \u2013 prestii\u017ene kingitus, mis aitab luua tugevaid suhteid.<\/li>\n<li><strong>Pulmad<\/strong> \u2013 <strong>Valcambi kange<\/strong> saab kinkida koos t\u00e4nukirjaga.<\/li>\n<\/ul>\n<hr \/>\n<h2>Kuidas kullakange hoida ja s\u00e4ilitada?<\/h2>\n<p>\u00d5ige hoiustamine tagab investeeringute turvalisuse:<\/p>\n<ul>\n<li><strong>Seif<\/strong> \u2013 parim valik kodus.<\/li>\n<li><strong>Pangaseif<\/strong> \u2013 k\u00f5rgeim turvatase.<\/li>\n<li><strong>Originaalpakend<\/strong> \u2013 hermeetiliselt suletud sertifikaat kaitseb kahjustuste eest.<\/li>\n<\/ul>\n<hr \/>\n<h2>Investeerimiskullakangid vs m\u00fcndid<\/h2>\n<p>Erinevad <strong>kulla ostmise<\/strong> viisid v\u00f5ivad h\u00f5lmata ka <strong>kuldm\u00fcnte<\/strong>. Erinevused:<\/p>\n<ul>\n<li><strong>Kangid<\/strong> \u2013 ideaalsed puhta kulla koguse saamiseks: <strong>Valcambi 5 g<\/strong>.<\/li>\n<li><strong>M\u00fcndid<\/strong> \u2013 neil on ka kollektsiooniv\u00e4\u00e4rtus, kuid \u00fchiku <strong>investeerimiskulla hind<\/strong> on turun\u00f5udluse t\u00f5ttu sageli k\u00f5rgem.<\/li>\n<\/ul>\n","protected":false},"excerpt":{"rendered":"<h2 data-pm-slice=\"1 1 []\">5 g kang<\/h2>\n<p data-pm-slice=\"1 1 []\">5 g kullakang on kuldne kesktee v\u00e4ikeste ja keskmiste kaalude vahel. See investeerimiskullast kang pakub laiemat v\u00f5imalust j\u00e4lgida investeerimiskulla hinna k\u00f5ikumisi ning selle \u00fcksikasjalik sertifikaat kinnitab k\u00f5rget proovi.<\/p>\n","protected":false},"featured_media":232292,"template":"","meta":{"site-sidebar-layout":"default","site-content-layout":"","ast-site-content-layout":"default","site-content-style":"default","site-sidebar-style":"default","ast-global-header-display":"","ast-banner-title-visibility":"","ast-main-header-display":"","ast-hfb-above-header-display":"","ast-hfb-below-header-display":"","ast-hfb-mobile-header-display":"","site-post-title":"","ast-breadcrumbs-content":"","ast-featured-img":"","footer-sml-layout":"","ast-disable-related-posts":"","theme-transparent-header-meta":"default","adv-header-id-meta":"","stick-header-meta":"","header-above-stick-meta":"","header-main-stick-meta":"","header-below-stick-meta":"","astra-migrate-meta-layouts":"default","ast-page-background-enabled":"default","ast-page-background-meta":{"desktop":{"background-color":"var(--ast-global-color-4)","background-image":"","background-repeat":"repeat","background-position":"center center","background-size":"auto","background-attachment":"scroll","background-type":"","background-media":"","overlay-type":"","overlay-color":"","overlay-opacity":"","overlay-gradient":""},"tablet":{"background-color":"","background-image":"","background-repeat":"repeat","background-position":"center center","background-size":"auto","background-attachment":"scroll","background-type":"","background-media":"","overlay-type":"","overlay-color":"","overlay-opacity":"","overlay-gradient":""},"mobile":{"background-color":"","background-image":"","background-repeat":"repeat","background-position":"center center","background-size":"auto","background-attachment":"scroll","background-type":"","background-media":"","overlay-type":"","overlay-color":"","overlay-opacity":"","overlay-gradient":""}},"ast-content-background-meta":{"desktop":{"background-color":"var(--ast-global-color-5)","background-image":"","background-repeat":"repeat","background-position":"center center","background-size":"auto","background-attachment":"scroll","background-type":"","background-media":"","overlay-type":"","overlay-color":"","overlay-opacity":"","overlay-gradient":""},"tablet":{"background-color":"var(--ast-global-color-5)","background-image":"","background-repeat":"repeat","background-position":"center center","background-size":"auto","background-attachment":"scroll","background-type":"","background-media":"","overlay-type":"","overlay-color":"","overlay-opacity":"","overlay-gradient":""},"mobile":{"background-color":"var(--ast-global-color-5)","background-image":"","background-repeat":"repeat","background-position":"center center","background-size":"auto","background-attachment":"scroll","background-type":"","background-media":"","overlay-type":"","overlay-color":"","overlay-opacity":"","overlay-gradient":""}}},"product_brand":[],"product_cat":[2830,3850,2826,3482,2829,2823,2828,2825,2822,2824,3392,2821,3849,3391,3502,2845],"product_tag":[],"class_list":{"0":"post-283536","1":"product","2":"type-product","3":"status-publish","4":"has-post-thumbnail","6":"product_cat-emadepaeva-kingitused","7":"product_cat-investeerimiskuld","8":"product_cat-joulukingid","9":"product_cat-kingitus-esimese-armulaua-puhul","10":"product_cat-kingitused-erilisteks-puhkudeks","11":"product_cat-kingitused-lapse-sunni-puhul","12":"product_cat-kingitused-lopetamise-puhul","13":"product_cat-kingitused-meestele","14":"product_cat-kingitused-naistele","15":"product_cat-kingitused-pulma-aastapaeva-puhul","16":"product_cat-kingitused-pulmade-puhul","17":"product_cat-kingitused-sunnipaevaks","18":"product_cat-kullakangid","19":"product_cat-ristimiskingitused","20":"product_cat-roosipulm-10-aastat","21":"product_cat-sobrapaeva-kingitused","22":"desktop-align-center","23":"tablet-align-left","24":"mobile-align-left","25":"ast-product-gallery-layout-horizontal-slider","26":"ast-product-tabs-layout-accordion","27":"ast-qv-on-image","29":"first","30":"instock","31":"taxable","32":"shipping-taxable","33":"purchasable","34":"product-type-simple"},"yoast_head":"<!-- This site is optimized with the Yoast SEO plugin v26.6 - https:\/\/yoast.com\/wordpress\/plugins\/seo\/ -->\n<title>Valcambi 5 g investeerimiskulla kang - FashionGold.lt<\/title>\n<meta name=\"description\" content=\"Valcambi 5 g investeerimiskuldkang \u2013 sertifitseeritud, puhas ja kergesti realiseeritav kuld turvaliseks s\u00e4\u00e4stmiseks ning pikaajaliseks investeeringuks.\" \/>\n<meta name=\"robots\" content=\"index, follow, max-snippet:-1, max-image-preview:large, max-video-preview:-1\" \/>\n<link rel=\"canonical\" href=\"https:\/\/fashiongold.lt\/et\/toode\/valcambi-5-g-investeerimiskulla-kang\/\" \/>\n<meta property=\"og:locale\" content=\"et_EE\" \/>\n<meta property=\"og:type\" content=\"article\" \/>\n<meta property=\"og:title\" content=\"Valcambi 5 g investeerimiskulla kang - FashionGold.lt\" \/>\n<meta property=\"og:description\" content=\"Valcambi 5 g investeerimiskuldkang \u2013 sertifitseeritud, puhas ja kergesti realiseeritav kuld turvaliseks s\u00e4\u00e4stmiseks ning pikaajaliseks investeeringuks.\" \/>\n<meta property=\"og:url\" content=\"https:\/\/fashiongold.lt\/et\/toode\/valcambi-5-g-investeerimiskulla-kang\/\" \/>\n<meta property=\"og:site_name\" content=\"FashionGold.lt\" \/>\n<meta property=\"og:image\" content=\"https:\/\/fashiongold.lt\/wp-content\/uploads\/2025\/10\/26052-59d-Valcambi-5-g-Investicinio-Aukso-Luitas.webp\" \/>\n\t<meta property=\"og:image:width\" content=\"1000\" \/>\n\t<meta property=\"og:image:height\" content=\"1000\" \/>\n\t<meta property=\"og:image:type\" content=\"image\/png\" \/>\n<meta name=\"twitter:card\" content=\"summary_large_image\" \/>\n<meta name=\"twitter:label1\" content=\"Est. reading time\" \/>\n\t<meta name=\"twitter:data1\" content=\"4 minutit\" \/>\n<script type=\"application\/ld+json\" class=\"yoast-schema-graph\">{\"@context\":\"https:\/\/schema.org\",\"@graph\":[{\"@type\":\"WebPage\",\"@id\":\"https:\/\/fashiongold.lt\/et\/toode\/valcambi-5-g-investeerimiskulla-kang\/\",\"url\":\"https:\/\/fashiongold.lt\/et\/toode\/valcambi-5-g-investeerimiskulla-kang\/\",\"name\":\"Valcambi 5 g investeerimiskulla kang - FashionGold.lt\",\"isPartOf\":{\"@id\":\"https:\/\/fashiongold.lt\/et\/#website\"},\"primaryImageOfPage\":{\"@id\":\"https:\/\/fashiongold.lt\/et\/toode\/valcambi-5-g-investeerimiskulla-kang\/#primaryimage\"},\"image\":{\"@id\":\"https:\/\/fashiongold.lt\/et\/toode\/valcambi-5-g-investeerimiskulla-kang\/#primaryimage\"},\"thumbnailUrl\":\"https:\/\/fashiongold.lt\/wp-content\/uploads\/2025\/10\/26052-59d-Valcambi-5-g-Investicinio-Aukso-Luitas.png\",\"datePublished\":\"2025-10-17T13:38:52+00:00\",\"description\":\"Valcambi 5 g investeerimiskuldkang \u2013 sertifitseeritud, puhas ja kergesti realiseeritav kuld turvaliseks s\u00e4\u00e4stmiseks ning pikaajaliseks investeeringuks.\",\"breadcrumb\":{\"@id\":\"https:\/\/fashiongold.lt\/et\/toode\/valcambi-5-g-investeerimiskulla-kang\/#breadcrumb\"},\"inLanguage\":\"et\",\"potentialAction\":[{\"@type\":\"ReadAction\",\"target\":[\"https:\/\/fashiongold.lt\/et\/toode\/valcambi-5-g-investeerimiskulla-kang\/\"]}]},{\"@type\":\"ImageObject\",\"inLanguage\":\"et\",\"@id\":\"https:\/\/fashiongold.lt\/et\/toode\/valcambi-5-g-investeerimiskulla-kang\/#primaryimage\",\"url\":\"https:\/\/fashiongold.lt\/wp-content\/uploads\/2025\/10\/26052-59d-Valcambi-5-g-Investicinio-Aukso-Luitas.png\",\"contentUrl\":\"https:\/\/fashiongold.lt\/wp-content\/uploads\/2025\/10\/26052-59d-Valcambi-5-g-Investicinio-Aukso-Luitas.png\",\"width\":1000,\"height\":1000},{\"@type\":\"BreadcrumbList\",\"@id\":\"https:\/\/fashiongold.lt\/et\/toode\/valcambi-5-g-investeerimiskulla-kang\/#breadcrumb\",\"itemListElement\":[{\"@type\":\"ListItem\",\"position\":1,\"name\":\"Home\",\"item\":\"https:\/\/fashiongold.lt\/et\/\"},{\"@type\":\"ListItem\",\"position\":2,\"name\":\"Teemantide pood Fashiongold.lt\",\"item\":\"https:\/\/fashiongold.lt\/shop-2\/\"},{\"@type\":\"ListItem\",\"position\":3,\"name\":\"Valcambi 5 g investeerimiskulla kang\"}]},{\"@type\":\"WebSite\",\"@id\":\"https:\/\/fashiongold.lt\/et\/#website\",\"url\":\"https:\/\/fashiongold.lt\/et\/\",\"name\":\"Fashion Gold\",\"description\":\"Ehtemaja\",\"publisher\":{\"@id\":\"https:\/\/fashiongold.lt\/et\/#organization\"},\"potentialAction\":[{\"@type\":\"SearchAction\",\"target\":{\"@type\":\"EntryPoint\",\"urlTemplate\":\"https:\/\/fashiongold.lt\/et\/?s={search_term_string}\"},\"query-input\":{\"@type\":\"PropertyValueSpecification\",\"valueRequired\":true,\"valueName\":\"search_term_string\"}}],\"inLanguage\":\"et\"},{\"@type\":\"Organization\",\"@id\":\"https:\/\/fashiongold.lt\/et\/#organization\",\"name\":\"Topdiamonds Online\",\"url\":\"https:\/\/fashiongold.lt\/et\/\",\"logo\":{\"@type\":\"ImageObject\",\"inLanguage\":\"et\",\"@id\":\"https:\/\/fashiongold.lt\/et\/#\/schema\/logo\/image\/\",\"url\":\"https:\/\/fashiongold.lt\/wp-content\/uploads\/2025\/04\/cropped-fashion_gold_logotipas2-scaled-1.png\",\"contentUrl\":\"https:\/\/fashiongold.lt\/wp-content\/uploads\/2025\/04\/cropped-fashion_gold_logotipas2-scaled-1.png\",\"width\":2559,\"height\":421,\"caption\":\"Topdiamonds Online\"},\"image\":{\"@id\":\"https:\/\/fashiongold.lt\/et\/#\/schema\/logo\/image\/\"}}]}<\/script>\n<!-- \/ Yoast SEO plugin. -->","yoast_head_json":{"title":"Valcambi 5 g investeerimiskulla kang - FashionGold.lt","description":"Valcambi 5 g investeerimiskuldkang \u2013 sertifitseeritud, puhas ja kergesti realiseeritav kuld turvaliseks s\u00e4\u00e4stmiseks ning pikaajaliseks investeeringuks.","robots":{"index":"index","follow":"follow","max-snippet":"max-snippet:-1","max-image-preview":"max-image-preview:large","max-video-preview":"max-video-preview:-1"},"canonical":"https:\/\/fashiongold.lt\/et\/toode\/valcambi-5-g-investeerimiskulla-kang\/","og_locale":"et_EE","og_type":"article","og_title":"Valcambi 5 g investeerimiskulla kang - FashionGold.lt","og_description":"Valcambi 5 g investeerimiskuldkang \u2013 sertifitseeritud, puhas ja kergesti realiseeritav kuld turvaliseks s\u00e4\u00e4stmiseks ning pikaajaliseks investeeringuks.","og_url":"https:\/\/fashiongold.lt\/et\/toode\/valcambi-5-g-investeerimiskulla-kang\/","og_site_name":"FashionGold.lt","og_image":[{"width":1000,"height":1000,"url":"https:\/\/fashiongold.lt\/wp-content\/uploads\/2025\/10\/26052-59d-Valcambi-5-g-Investicinio-Aukso-Luitas.webp","type":"image\/png"}],"twitter_card":"summary_large_image","twitter_misc":{"Est. reading time":"4 minutit"},"schema":{"@context":"https:\/\/schema.org","@graph":[{"@type":"WebPage","@id":"https:\/\/fashiongold.lt\/et\/toode\/valcambi-5-g-investeerimiskulla-kang\/","url":"https:\/\/fashiongold.lt\/et\/toode\/valcambi-5-g-investeerimiskulla-kang\/","name":"Valcambi 5 g investeerimiskulla kang - FashionGold.lt","isPartOf":{"@id":"https:\/\/fashiongold.lt\/et\/#website"},"primaryImageOfPage":{"@id":"https:\/\/fashiongold.lt\/et\/toode\/valcambi-5-g-investeerimiskulla-kang\/#primaryimage"},"image":{"@id":"https:\/\/fashiongold.lt\/et\/toode\/valcambi-5-g-investeerimiskulla-kang\/#primaryimage"},"thumbnailUrl":"https:\/\/fashiongold.lt\/wp-content\/uploads\/2025\/10\/26052-59d-Valcambi-5-g-Investicinio-Aukso-Luitas.png","datePublished":"2025-10-17T13:38:52+00:00","description":"Valcambi 5 g investeerimiskuldkang \u2013 sertifitseeritud, puhas ja kergesti realiseeritav kuld turvaliseks s\u00e4\u00e4stmiseks ning pikaajaliseks investeeringuks.","breadcrumb":{"@id":"https:\/\/fashiongold.lt\/et\/toode\/valcambi-5-g-investeerimiskulla-kang\/#breadcrumb"},"inLanguage":"et","potentialAction":[{"@type":"ReadAction","target":["https:\/\/fashiongold.lt\/et\/toode\/valcambi-5-g-investeerimiskulla-kang\/"]}]},{"@type":"ImageObject","inLanguage":"et","@id":"https:\/\/fashiongold.lt\/et\/toode\/valcambi-5-g-investeerimiskulla-kang\/#primaryimage","url":"https:\/\/fashiongold.lt\/wp-content\/uploads\/2025\/10\/26052-59d-Valcambi-5-g-Investicinio-Aukso-Luitas.png","contentUrl":"https:\/\/fashiongold.lt\/wp-content\/uploads\/2025\/10\/26052-59d-Valcambi-5-g-Investicinio-Aukso-Luitas.png","width":1000,"height":1000},{"@type":"BreadcrumbList","@id":"https:\/\/fashiongold.lt\/et\/toode\/valcambi-5-g-investeerimiskulla-kang\/#breadcrumb","itemListElement":[{"@type":"ListItem","position":1,"name":"Home","item":"https:\/\/fashiongold.lt\/et\/"},{"@type":"ListItem","position":2,"name":"Teemantide pood Fashiongold.lt","item":"https:\/\/fashiongold.lt\/shop-2\/"},{"@type":"ListItem","position":3,"name":"Valcambi 5 g investeerimiskulla kang"}]},{"@type":"WebSite","@id":"https:\/\/fashiongold.lt\/et\/#website","url":"https:\/\/fashiongold.lt\/et\/","name":"Fashion Gold","description":"Ehtemaja","publisher":{"@id":"https:\/\/fashiongold.lt\/et\/#organization"},"potentialAction":[{"@type":"SearchAction","target":{"@type":"EntryPoint","urlTemplate":"https:\/\/fashiongold.lt\/et\/?s={search_term_string}"},"query-input":{"@type":"PropertyValueSpecification","valueRequired":true,"valueName":"search_term_string"}}],"inLanguage":"et"},{"@type":"Organization","@id":"https:\/\/fashiongold.lt\/et\/#organization","name":"Topdiamonds Online","url":"https:\/\/fashiongold.lt\/et\/","logo":{"@type":"ImageObject","inLanguage":"et","@id":"https:\/\/fashiongold.lt\/et\/#\/schema\/logo\/image\/","url":"https:\/\/fashiongold.lt\/wp-content\/uploads\/2025\/04\/cropped-fashion_gold_logotipas2-scaled-1.png","contentUrl":"https:\/\/fashiongold.lt\/wp-content\/uploads\/2025\/04\/cropped-fashion_gold_logotipas2-scaled-1.png","width":2559,"height":421,"caption":"Topdiamonds Online"},"image":{"@id":"https:\/\/fashiongold.lt\/et\/#\/schema\/logo\/image\/"}}]}},"_links":{"self":[{"href":"https:\/\/fashiongold.lt\/et\/wp-json\/wp\/v2\/product\/283536","targetHints":{"allow":["GET"]}}],"collection":[{"href":"https:\/\/fashiongold.lt\/et\/wp-json\/wp\/v2\/product"}],"about":[{"href":"https:\/\/fashiongold.lt\/et\/wp-json\/wp\/v2\/types\/product"}],"version-history":[{"count":0,"href":"https:\/\/fashiongold.lt\/et\/wp-json\/wp\/v2\/product\/283536\/revisions"}],"wp:featuredmedia":[{"embeddable":true,"href":"https:\/\/fashiongold.lt\/et\/wp-json\/wp\/v2\/media\/232292"}],"wp:attachment":[{"href":"https:\/\/fashiongold.lt\/et\/wp-json\/wp\/v2\/media?parent=283536"}],"wp:term":[{"taxonomy":"product_brand","embeddable":true,"href":"https:\/\/fashiongold.lt\/et\/wp-json\/wp\/v2\/product_brand?post=283536"},{"taxonomy":"product_cat","embeddable":true,"href":"https:\/\/fashiongold.lt\/et\/wp-json\/wp\/v2\/product_cat?post=283536"},{"taxonomy":"product_tag","embeddable":true,"href":"https:\/\/fashiongold.lt\/et\/wp-json\/wp\/v2\/product_tag?post=283536"}],"curies":[{"name":"wp","href":"https:\/\/api.w.org\/{rel}","templated":true}]}}