{"id":285099,"date":"2025-10-09T17:25:11","date_gmt":"2025-10-09T17:25:11","guid":{"rendered":"https:\/\/fashiongold.lt\/papuosalas\/kuldne-ripats-ingrid-inzi-ehtekollektsioon\/"},"modified":"2025-10-09T17:25:11","modified_gmt":"2025-10-09T17:25:11","slug":"kuldne-ripats-ingrid-inzi-ehtekollektsioon","status":"publish","type":"product","link":"https:\/\/fashiongold.lt\/et\/toode\/kuldne-ripats-ingrid-inzi-ehtekollektsioon\/","title":{"rendered":"Kuldne ripats \u201cINGRID IN\u017dI\u201d ehtekollektsioon"},"content":{"rendered":"<p>\u201eINGRID IN\u017dI\u201c ehtekollektsioon on eksklusiivne v\u00e4\u00e4riskividega kuldripats, mis vastab igale t\u0161akrale \u2013 energiapunktide hoidjad. Ehtesari on loodud k\u00f5igi seitsme piki selgroogu asuva energiapunkti ehk t\u0161akra kaitseks ja tasakaalustamiseks. Valige v\u00e4\u00e4riskivi ja me valmistame ehte Teie eritellimuse j\u00e4rgi!<\/p>\n","protected":false},"excerpt":{"rendered":"<p>585 prooviga kuld. Kaal \u2013 umbes 8,00 g.<\/p>\n<p>V\u00e4\u00e4riskivid: amet\u00fcst, safiir, akvamariin, peridoot, tsitriin, mervaik, granaat. Saate valida v\u00e4\u00e4riskivi amet\u00fcsti, safiiri, akvamariini, peridoodi, tsitriini, merivaigu ja granaadi hulgast ning me valmistame ehte vastavalt Teie individuaalsele tellimusele!<\/p>\n","protected":false},"featured_media":47760,"template":"","meta":{"site-sidebar-layout":"","site-content-layout":"","ast-site-content-layout":"","site-content-style":"","site-sidebar-style":"","ast-global-header-display":"","ast-banner-title-visibility":"","ast-main-header-display":"","ast-hfb-above-header-display":"","ast-hfb-below-header-display":"","ast-hfb-mobile-header-display":"","site-post-title":"","ast-breadcrumbs-content":"","ast-featured-img":"","footer-sml-layout":"","ast-disable-related-posts":"","theme-transparent-header-meta":"","adv-header-id-meta":"","stick-header-meta":"","header-above-stick-meta":"","header-main-stick-meta":"","header-below-stick-meta":"","astra-migrate-meta-layouts":"default","ast-page-background-enabled":"default","ast-page-background-meta":{"desktop":{"background-color":"var(--ast-global-color-4)","background-image":"","background-repeat":"repeat","background-position":"center center","background-size":"auto","background-attachment":"scroll","background-type":"","background-media":"","overlay-type":"","overlay-color":"","overlay-opacity":"","overlay-gradient":""},"tablet":{"background-color":"","background-image":"","background-repeat":"repeat","background-position":"center center","background-size":"auto","background-attachment":"scroll","background-type":"","background-media":"","overlay-type":"","overlay-color":"","overlay-opacity":"","overlay-gradient":""},"mobile":{"background-color":"","background-image":"","background-repeat":"repeat","background-position":"center center","background-size":"auto","background-attachment":"scroll","background-type":"","background-media":"","overlay-type":"","overlay-color":"","overlay-opacity":"","overlay-gradient":""}},"ast-content-background-meta":{"desktop":{"background-color":"var(--ast-global-color-5)","background-image":"","background-repeat":"repeat","background-position":"center center","background-size":"auto","background-attachment":"scroll","background-type":"","background-media":"","overlay-type":"","overlay-color":"","overlay-opacity":"","overlay-gradient":""},"tablet":{"background-color":"var(--ast-global-color-5)","background-image":"","background-repeat":"repeat","background-position":"center center","background-size":"auto","background-attachment":"scroll","background-type":"","background-media":"","overlay-type":"","overlay-color":"","overlay-opacity":"","overlay-gradient":""},"mobile":{"background-color":"var(--ast-global-color-5)","background-image":"","background-repeat":"repeat","background-position":"center center","background-size":"auto","background-attachment":"scroll","background-type":"","background-media":"","overlay-type":"","overlay-color":"","overlay-opacity":"","overlay-gradient":""}}},"product_brand":[],"product_cat":[3933,2843,3448,2847],"product_tag":[],"class_list":{"0":"post-285099","1":"product","2":"type-product","3":"status-publish","4":"has-post-thumbnail","6":"product_cat-ingrid-inzi-et","7":"product_cat-safiir-ehted-safiiridega","8":"product_cat-sinine-vaariskivi","9":"product_cat-siniste-vaariskividega-ehted","10":"desktop-align-center","11":"tablet-align-left","12":"mobile-align-left","13":"ast-product-gallery-layout-horizontal-slider","14":"ast-product-gallery-with-no-image","15":"ast-product-tabs-layout-accordion","16":"ast-qv-on-image","18":"first","19":"instock","20":"taxable","21":"shipping-taxable","22":"purchasable","23":"product-type-simple"},"yoast_head":"<!-- This site is optimized with the Yoast SEO plugin v26.6 - https:\/\/yoast.com\/wordpress\/plugins\/seo\/ -->\n<title>Kuldne ripats \u201cINGRID IN\u017dI\u201d ehtekollektsioon<\/title>\n<meta name=\"description\" content=\"\u201cINGRID IN\u017dI\u201d ehtekollektsioon, Kuldne ripats, Kuldk\u00f5rvar\u00f5ngad \u201cINGRID IN\u017dI\u201d ehtekollektsioon, amet\u00fcst, safiir, akvamariin, peridoot, tsitriin, merivaik, granaat, t\u0161akrad, t\u0161akrad, kivid vastavalt t\u0161akratele,\" \/>\n<meta name=\"robots\" content=\"index, follow, max-snippet:-1, max-image-preview:large, max-video-preview:-1\" \/>\n<link rel=\"canonical\" href=\"https:\/\/fashiongold.lt\/et\/toode\/kuldne-ripats-ingrid-inzi-ehtekollektsioon\/\" \/>\n<meta property=\"og:locale\" content=\"et_EE\" \/>\n<meta property=\"og:type\" content=\"article\" \/>\n<meta property=\"og:title\" content=\"Kuldne ripats \u201cINGRID IN\u017dI\u201d ehtekollektsioon\" \/>\n<meta property=\"og:description\" content=\"\u201cINGRID IN\u017dI\u201d ehtekollektsioon, Kuldne ripats, Kuldk\u00f5rvar\u00f5ngad \u201cINGRID IN\u017dI\u201d ehtekollektsioon, amet\u00fcst, safiir, akvamariin, peridoot, tsitriin, merivaik, granaat, t\u0161akrad, t\u0161akrad, kivid vastavalt t\u0161akratele,\" \/>\n<meta property=\"og:url\" content=\"https:\/\/fashiongold.lt\/et\/toode\/kuldne-ripats-ingrid-inzi-ehtekollektsioon\/\" \/>\n<meta property=\"og:site_name\" content=\"FashionGold.lt\" \/>\n<meta property=\"og:image\" content=\"https:\/\/fashiongold.lt\/wp-content\/uploads\/2025\/10\/1128-b68-Auksinis-pakabukas-INGRID-INZI-papuosalu-kolekcija.webp\" \/>\n\t<meta property=\"og:image:width\" content=\"1603\" \/>\n\t<meta property=\"og:image:height\" content=\"1603\" \/>\n\t<meta property=\"og:image:type\" content=\"image\/jpeg\" \/>\n<meta name=\"twitter:card\" content=\"summary_large_image\" \/>\n<script type=\"application\/ld+json\" class=\"yoast-schema-graph\">{\"@context\":\"https:\/\/schema.org\",\"@graph\":[{\"@type\":\"WebPage\",\"@id\":\"https:\/\/fashiongold.lt\/et\/toode\/kuldne-ripats-ingrid-inzi-ehtekollektsioon\/\",\"url\":\"https:\/\/fashiongold.lt\/et\/toode\/kuldne-ripats-ingrid-inzi-ehtekollektsioon\/\",\"name\":\"Kuldne ripats \u201cINGRID IN\u017dI\u201d ehtekollektsioon\",\"isPartOf\":{\"@id\":\"https:\/\/fashiongold.lt\/et\/#website\"},\"primaryImageOfPage\":{\"@id\":\"https:\/\/fashiongold.lt\/et\/toode\/kuldne-ripats-ingrid-inzi-ehtekollektsioon\/#primaryimage\"},\"image\":{\"@id\":\"https:\/\/fashiongold.lt\/et\/toode\/kuldne-ripats-ingrid-inzi-ehtekollektsioon\/#primaryimage\"},\"thumbnailUrl\":\"https:\/\/fashiongold.lt\/wp-content\/uploads\/2025\/10\/1128-b68-Auksinis-pakabukas-INGRID-INZI-papuosalu-kolekcija.jpg\",\"datePublished\":\"2025-10-09T17:25:11+00:00\",\"description\":\"\u201cINGRID IN\u017dI\u201d ehtekollektsioon, Kuldne ripats, Kuldk\u00f5rvar\u00f5ngad \u201cINGRID IN\u017dI\u201d ehtekollektsioon, amet\u00fcst, safiir, akvamariin, peridoot, tsitriin, merivaik, granaat, t\u0161akrad, t\u0161akrad, kivid vastavalt t\u0161akratele,\",\"breadcrumb\":{\"@id\":\"https:\/\/fashiongold.lt\/et\/toode\/kuldne-ripats-ingrid-inzi-ehtekollektsioon\/#breadcrumb\"},\"inLanguage\":\"et\",\"potentialAction\":[{\"@type\":\"ReadAction\",\"target\":[\"https:\/\/fashiongold.lt\/et\/toode\/kuldne-ripats-ingrid-inzi-ehtekollektsioon\/\"]}]},{\"@type\":\"ImageObject\",\"inLanguage\":\"et\",\"@id\":\"https:\/\/fashiongold.lt\/et\/toode\/kuldne-ripats-ingrid-inzi-ehtekollektsioon\/#primaryimage\",\"url\":\"https:\/\/fashiongold.lt\/wp-content\/uploads\/2025\/10\/1128-b68-Auksinis-pakabukas-INGRID-INZI-papuosalu-kolekcija.jpg\",\"contentUrl\":\"https:\/\/fashiongold.lt\/wp-content\/uploads\/2025\/10\/1128-b68-Auksinis-pakabukas-INGRID-INZI-papuosalu-kolekcija.jpg\",\"width\":1603,\"height\":1603},{\"@type\":\"BreadcrumbList\",\"@id\":\"https:\/\/fashiongold.lt\/et\/toode\/kuldne-ripats-ingrid-inzi-ehtekollektsioon\/#breadcrumb\",\"itemListElement\":[{\"@type\":\"ListItem\",\"position\":1,\"name\":\"Home\",\"item\":\"https:\/\/fashiongold.lt\/et\/\"},{\"@type\":\"ListItem\",\"position\":2,\"name\":\"Teemantide pood Fashiongold.lt\",\"item\":\"https:\/\/fashiongold.lt\/shop-2\/\"},{\"@type\":\"ListItem\",\"position\":3,\"name\":\"Kuldne ripats \u201cINGRID IN\u017dI\u201d ehtekollektsioon\"}]},{\"@type\":\"WebSite\",\"@id\":\"https:\/\/fashiongold.lt\/et\/#website\",\"url\":\"https:\/\/fashiongold.lt\/et\/\",\"name\":\"Fashion Gold\",\"description\":\"Ehtemaja\",\"publisher\":{\"@id\":\"https:\/\/fashiongold.lt\/et\/#organization\"},\"potentialAction\":[{\"@type\":\"SearchAction\",\"target\":{\"@type\":\"EntryPoint\",\"urlTemplate\":\"https:\/\/fashiongold.lt\/et\/?s={search_term_string}\"},\"query-input\":{\"@type\":\"PropertyValueSpecification\",\"valueRequired\":true,\"valueName\":\"search_term_string\"}}],\"inLanguage\":\"et\"},{\"@type\":\"Organization\",\"@id\":\"https:\/\/fashiongold.lt\/et\/#organization\",\"name\":\"Topdiamonds Online\",\"url\":\"https:\/\/fashiongold.lt\/et\/\",\"logo\":{\"@type\":\"ImageObject\",\"inLanguage\":\"et\",\"@id\":\"https:\/\/fashiongold.lt\/et\/#\/schema\/logo\/image\/\",\"url\":\"https:\/\/fashiongold.lt\/wp-content\/uploads\/2025\/04\/cropped-fashion_gold_logotipas2-scaled-1.png\",\"contentUrl\":\"https:\/\/fashiongold.lt\/wp-content\/uploads\/2025\/04\/cropped-fashion_gold_logotipas2-scaled-1.png\",\"width\":2559,\"height\":421,\"caption\":\"Topdiamonds Online\"},\"image\":{\"@id\":\"https:\/\/fashiongold.lt\/et\/#\/schema\/logo\/image\/\"}}]}<\/script>\n<!-- \/ Yoast SEO plugin. -->","yoast_head_json":{"title":"Kuldne ripats \u201cINGRID IN\u017dI\u201d ehtekollektsioon","description":"\u201cINGRID IN\u017dI\u201d ehtekollektsioon, Kuldne ripats, Kuldk\u00f5rvar\u00f5ngad \u201cINGRID IN\u017dI\u201d ehtekollektsioon, amet\u00fcst, safiir, akvamariin, peridoot, tsitriin, merivaik, granaat, t\u0161akrad, t\u0161akrad, kivid vastavalt t\u0161akratele,","robots":{"index":"index","follow":"follow","max-snippet":"max-snippet:-1","max-image-preview":"max-image-preview:large","max-video-preview":"max-video-preview:-1"},"canonical":"https:\/\/fashiongold.lt\/et\/toode\/kuldne-ripats-ingrid-inzi-ehtekollektsioon\/","og_locale":"et_EE","og_type":"article","og_title":"Kuldne ripats \u201cINGRID IN\u017dI\u201d ehtekollektsioon","og_description":"\u201cINGRID IN\u017dI\u201d ehtekollektsioon, Kuldne ripats, Kuldk\u00f5rvar\u00f5ngad \u201cINGRID IN\u017dI\u201d ehtekollektsioon, amet\u00fcst, safiir, akvamariin, peridoot, tsitriin, merivaik, granaat, t\u0161akrad, t\u0161akrad, kivid vastavalt t\u0161akratele,","og_url":"https:\/\/fashiongold.lt\/et\/toode\/kuldne-ripats-ingrid-inzi-ehtekollektsioon\/","og_site_name":"FashionGold.lt","og_image":[{"width":1603,"height":1603,"url":"https:\/\/fashiongold.lt\/wp-content\/uploads\/2025\/10\/1128-b68-Auksinis-pakabukas-INGRID-INZI-papuosalu-kolekcija.webp","type":"image\/jpeg"}],"twitter_card":"summary_large_image","schema":{"@context":"https:\/\/schema.org","@graph":[{"@type":"WebPage","@id":"https:\/\/fashiongold.lt\/et\/toode\/kuldne-ripats-ingrid-inzi-ehtekollektsioon\/","url":"https:\/\/fashiongold.lt\/et\/toode\/kuldne-ripats-ingrid-inzi-ehtekollektsioon\/","name":"Kuldne ripats \u201cINGRID IN\u017dI\u201d ehtekollektsioon","isPartOf":{"@id":"https:\/\/fashiongold.lt\/et\/#website"},"primaryImageOfPage":{"@id":"https:\/\/fashiongold.lt\/et\/toode\/kuldne-ripats-ingrid-inzi-ehtekollektsioon\/#primaryimage"},"image":{"@id":"https:\/\/fashiongold.lt\/et\/toode\/kuldne-ripats-ingrid-inzi-ehtekollektsioon\/#primaryimage"},"thumbnailUrl":"https:\/\/fashiongold.lt\/wp-content\/uploads\/2025\/10\/1128-b68-Auksinis-pakabukas-INGRID-INZI-papuosalu-kolekcija.jpg","datePublished":"2025-10-09T17:25:11+00:00","description":"\u201cINGRID IN\u017dI\u201d ehtekollektsioon, Kuldne ripats, Kuldk\u00f5rvar\u00f5ngad \u201cINGRID IN\u017dI\u201d ehtekollektsioon, amet\u00fcst, safiir, akvamariin, peridoot, tsitriin, merivaik, granaat, t\u0161akrad, t\u0161akrad, kivid vastavalt t\u0161akratele,","breadcrumb":{"@id":"https:\/\/fashiongold.lt\/et\/toode\/kuldne-ripats-ingrid-inzi-ehtekollektsioon\/#breadcrumb"},"inLanguage":"et","potentialAction":[{"@type":"ReadAction","target":["https:\/\/fashiongold.lt\/et\/toode\/kuldne-ripats-ingrid-inzi-ehtekollektsioon\/"]}]},{"@type":"ImageObject","inLanguage":"et","@id":"https:\/\/fashiongold.lt\/et\/toode\/kuldne-ripats-ingrid-inzi-ehtekollektsioon\/#primaryimage","url":"https:\/\/fashiongold.lt\/wp-content\/uploads\/2025\/10\/1128-b68-Auksinis-pakabukas-INGRID-INZI-papuosalu-kolekcija.jpg","contentUrl":"https:\/\/fashiongold.lt\/wp-content\/uploads\/2025\/10\/1128-b68-Auksinis-pakabukas-INGRID-INZI-papuosalu-kolekcija.jpg","width":1603,"height":1603},{"@type":"BreadcrumbList","@id":"https:\/\/fashiongold.lt\/et\/toode\/kuldne-ripats-ingrid-inzi-ehtekollektsioon\/#breadcrumb","itemListElement":[{"@type":"ListItem","position":1,"name":"Home","item":"https:\/\/fashiongold.lt\/et\/"},{"@type":"ListItem","position":2,"name":"Teemantide pood Fashiongold.lt","item":"https:\/\/fashiongold.lt\/shop-2\/"},{"@type":"ListItem","position":3,"name":"Kuldne ripats \u201cINGRID IN\u017dI\u201d ehtekollektsioon"}]},{"@type":"WebSite","@id":"https:\/\/fashiongold.lt\/et\/#website","url":"https:\/\/fashiongold.lt\/et\/","name":"Fashion Gold","description":"Ehtemaja","publisher":{"@id":"https:\/\/fashiongold.lt\/et\/#organization"},"potentialAction":[{"@type":"SearchAction","target":{"@type":"EntryPoint","urlTemplate":"https:\/\/fashiongold.lt\/et\/?s={search_term_string}"},"query-input":{"@type":"PropertyValueSpecification","valueRequired":true,"valueName":"search_term_string"}}],"inLanguage":"et"},{"@type":"Organization","@id":"https:\/\/fashiongold.lt\/et\/#organization","name":"Topdiamonds Online","url":"https:\/\/fashiongold.lt\/et\/","logo":{"@type":"ImageObject","inLanguage":"et","@id":"https:\/\/fashiongold.lt\/et\/#\/schema\/logo\/image\/","url":"https:\/\/fashiongold.lt\/wp-content\/uploads\/2025\/04\/cropped-fashion_gold_logotipas2-scaled-1.png","contentUrl":"https:\/\/fashiongold.lt\/wp-content\/uploads\/2025\/04\/cropped-fashion_gold_logotipas2-scaled-1.png","width":2559,"height":421,"caption":"Topdiamonds Online"},"image":{"@id":"https:\/\/fashiongold.lt\/et\/#\/schema\/logo\/image\/"}}]}},"_links":{"self":[{"href":"https:\/\/fashiongold.lt\/et\/wp-json\/wp\/v2\/product\/285099","targetHints":{"allow":["GET"]}}],"collection":[{"href":"https:\/\/fashiongold.lt\/et\/wp-json\/wp\/v2\/product"}],"about":[{"href":"https:\/\/fashiongold.lt\/et\/wp-json\/wp\/v2\/types\/product"}],"version-history":[{"count":0,"href":"https:\/\/fashiongold.lt\/et\/wp-json\/wp\/v2\/product\/285099\/revisions"}],"wp:featuredmedia":[{"embeddable":true,"href":"https:\/\/fashiongold.lt\/et\/wp-json\/wp\/v2\/media\/47760"}],"wp:attachment":[{"href":"https:\/\/fashiongold.lt\/et\/wp-json\/wp\/v2\/media?parent=285099"}],"wp:term":[{"taxonomy":"product_brand","embeddable":true,"href":"https:\/\/fashiongold.lt\/et\/wp-json\/wp\/v2\/product_brand?post=285099"},{"taxonomy":"product_cat","embeddable":true,"href":"https:\/\/fashiongold.lt\/et\/wp-json\/wp\/v2\/product_cat?post=285099"},{"taxonomy":"product_tag","embeddable":true,"href":"https:\/\/fashiongold.lt\/et\/wp-json\/wp\/v2\/product_tag?post=285099"}],"curies":[{"name":"wp","href":"https:\/\/api.w.org\/{rel}","templated":true}]}}