{"id":285109,"date":"2025-10-09T17:25:10","date_gmt":"2025-10-09T17:25:10","guid":{"rendered":"https:\/\/fashiongold.lt\/papuosalas\/kullast-ja-hobedast-korvarongad-ingrid-inzi-ehtekollektsioon\/"},"modified":"2025-10-09T17:25:10","modified_gmt":"2025-10-09T17:25:10","slug":"kullast-ja-hobedast-korvarongad-ingrid-inzi-ehtekollektsioon","status":"publish","type":"product","link":"https:\/\/fashiongold.lt\/et\/papuosalas\/kullast-ja-hobedast-korvarongad-ingrid-inzi-ehtekollektsioon\/","title":{"rendered":"Kullast ja h\u00f5bedast k\u00f5rvar\u00f5ngad \u201eINGRID IN\u017dI\u201c ehtekollektsioon."},"content":{"rendered":"<p>\u201eINGRID IN\u017dI\u201c ehtekollektsioon \u2013 need on eksklusiivsed kuldk\u00f5rvar\u00f5ngad v\u00e4\u00e4riskividega ning v\u00e4\u00e4riskivid, mis vastavad igale t\u0161akrale, energiapunktide hoidjad. Ehtesari on loodud k\u00f5igi seitsme piki selgroogu paikneva energiapunkti ehk t\u0161akra kaitsmiseks ja tasakaalustamiseks. Need inglid sobivad igaks puhuks ning kui on vaja tugevdada teatud t\u0161akrat, siis me hoolitseme selle eest, et inglike oleks koos seda t\u0161akrat tervendava kivikesega. V\u00f5ite valida v\u00e4\u00e4riskivi amet\u00fcsti, safiiri, akvamariini, peridoodi, tsitriini, merevaigu v\u00f5i granaadi hulgast ning me valmistame ehte vastavalt Teie individuaalsele tellimusele.<\/p>\n","protected":false},"excerpt":{"rendered":"<p>585 prooviga kuld. Kaal \u2013 umbes 16,00 g.<\/p>\n<p>V\u00e4\u00e4riskivid: amet\u00fcst, safiir, akvamariin, peridoot, tsitriin, merevaik, granaat. Saate valida v\u00e4\u00e4riskivi amet\u00fcsti, safiiri, akvamariini, peridoodi, tsitriini, merevaigu v\u00f5i granaadi hulgast ning me valmistame ehte vastavalt Teie eritellimusele!<\/p>\n","protected":false},"featured_media":47698,"template":"","meta":{"site-sidebar-layout":"","site-content-layout":"","ast-site-content-layout":"","site-content-style":"","site-sidebar-style":"","ast-global-header-display":"","ast-banner-title-visibility":"","ast-main-header-display":"","ast-hfb-above-header-display":"","ast-hfb-below-header-display":"","ast-hfb-mobile-header-display":"","site-post-title":"","ast-breadcrumbs-content":"","ast-featured-img":"","footer-sml-layout":"","ast-disable-related-posts":"","theme-transparent-header-meta":"","adv-header-id-meta":"","stick-header-meta":"","header-above-stick-meta":"","header-main-stick-meta":"","header-below-stick-meta":"","astra-migrate-meta-layouts":"default","ast-page-background-enabled":"default","ast-page-background-meta":{"desktop":{"background-color":"var(--ast-global-color-4)","background-image":"","background-repeat":"repeat","background-position":"center center","background-size":"auto","background-attachment":"scroll","background-type":"","background-media":"","overlay-type":"","overlay-color":"","overlay-opacity":"","overlay-gradient":""},"tablet":{"background-color":"","background-image":"","background-repeat":"repeat","background-position":"center center","background-size":"auto","background-attachment":"scroll","background-type":"","background-media":"","overlay-type":"","overlay-color":"","overlay-opacity":"","overlay-gradient":""},"mobile":{"background-color":"","background-image":"","background-repeat":"repeat","background-position":"center center","background-size":"auto","background-attachment":"scroll","background-type":"","background-media":"","overlay-type":"","overlay-color":"","overlay-opacity":"","overlay-gradient":""}},"ast-content-background-meta":{"desktop":{"background-color":"var(--ast-global-color-5)","background-image":"","background-repeat":"repeat","background-position":"center center","background-size":"auto","background-attachment":"scroll","background-type":"","background-media":"","overlay-type":"","overlay-color":"","overlay-opacity":"","overlay-gradient":""},"tablet":{"background-color":"var(--ast-global-color-5)","background-image":"","background-repeat":"repeat","background-position":"center center","background-size":"auto","background-attachment":"scroll","background-type":"","background-media":"","overlay-type":"","overlay-color":"","overlay-opacity":"","overlay-gradient":""},"mobile":{"background-color":"var(--ast-global-color-5)","background-image":"","background-repeat":"repeat","background-position":"center center","background-size":"auto","background-attachment":"scroll","background-type":"","background-media":"","overlay-type":"","overlay-color":"","overlay-opacity":"","overlay-gradient":""}}},"product_brand":[],"product_cat":[3933,2843,3448,2847],"product_tag":[],"class_list":{"0":"post-285109","1":"product","2":"type-product","3":"status-publish","4":"has-post-thumbnail","6":"product_cat-ingrid-inzi-et","7":"product_cat-safiir-ehted-safiiridega","8":"product_cat-sinine-vaariskivi","9":"product_cat-siniste-vaariskividega-ehted","10":"desktop-align-center","11":"tablet-align-left","12":"mobile-align-left","13":"ast-product-gallery-layout-horizontal-slider","14":"ast-product-gallery-with-no-image","15":"ast-product-tabs-layout-accordion","16":"ast-qv-on-image","18":"first","19":"instock","20":"taxable","21":"shipping-taxable","22":"purchasable","23":"product-type-simple"},"yoast_head":"<!-- This site is optimized with the Yoast SEO plugin v26.6 - https:\/\/yoast.com\/wordpress\/plugins\/seo\/ -->\n<title>Kulla ja h\u00f5bedaga k\u00f5rvar\u00f5ngad \u201cINGRID IN\u017dI\u201d ehtekollektsioon.<\/title>\n<meta name=\"description\" content=\"\u201cINGRID IN\u017dI\u201d ehtekollektsioon, Kuldk\u00f5rvar\u00f5ngad, Kuldk\u00f5rvar\u00f5ngad \u201cINGRID IN\u017dI\u201d ehtekollektsioonist, amet\u00fcst, safiir, akvamariin, peridoot, tsitriin, merivaik, granaat, t\u0161akrad, t\u0161akrad, kivid t\u0161akrate j\u00e4rgi,\" \/>\n<meta name=\"robots\" content=\"index, follow, max-snippet:-1, max-image-preview:large, max-video-preview:-1\" \/>\n<link rel=\"canonical\" href=\"https:\/\/fashiongold.lt\/et\/papuosalas\/kullast-ja-hobedast-korvarongad-ingrid-inzi-ehtekollektsioon\/\" \/>\n<meta property=\"og:locale\" content=\"et_EE\" \/>\n<meta property=\"og:type\" content=\"article\" \/>\n<meta property=\"og:title\" content=\"Kulla ja h\u00f5bedaga k\u00f5rvar\u00f5ngad \u201cINGRID IN\u017dI\u201d ehtekollektsioon.\" \/>\n<meta property=\"og:description\" content=\"\u201cINGRID IN\u017dI\u201d ehtekollektsioon, Kuldk\u00f5rvar\u00f5ngad, Kuldk\u00f5rvar\u00f5ngad \u201cINGRID IN\u017dI\u201d ehtekollektsioonist, amet\u00fcst, safiir, akvamariin, peridoot, tsitriin, merivaik, granaat, t\u0161akrad, t\u0161akrad, kivid t\u0161akrate j\u00e4rgi,\" \/>\n<meta property=\"og:url\" content=\"https:\/\/fashiongold.lt\/et\/papuosalas\/kullast-ja-hobedast-korvarongad-ingrid-inzi-ehtekollektsioon\/\" \/>\n<meta property=\"og:site_name\" content=\"FashionGold.lt\" \/>\n<meta property=\"og:image\" content=\"https:\/\/fashiongold.lt\/wp-content\/uploads\/2025\/10\/1872-18b-Aukso-su-sidabru-auskarai-INGRID-INZI-papuosalu-kolekcija.webp\" \/>\n\t<meta property=\"og:image:width\" content=\"270\" \/>\n\t<meta property=\"og:image:height\" content=\"359\" \/>\n\t<meta property=\"og:image:type\" content=\"image\/jpeg\" \/>\n<meta name=\"twitter:card\" content=\"summary_large_image\" \/>\n<script type=\"application\/ld+json\" class=\"yoast-schema-graph\">{\"@context\":\"https:\/\/schema.org\",\"@graph\":[{\"@type\":\"WebPage\",\"@id\":\"https:\/\/fashiongold.lt\/et\/papuosalas\/kullast-ja-hobedast-korvarongad-ingrid-inzi-ehtekollektsioon\/\",\"url\":\"https:\/\/fashiongold.lt\/et\/papuosalas\/kullast-ja-hobedast-korvarongad-ingrid-inzi-ehtekollektsioon\/\",\"name\":\"Kulla ja h\u00f5bedaga k\u00f5rvar\u00f5ngad \u201cINGRID IN\u017dI\u201d ehtekollektsioon.\",\"isPartOf\":{\"@id\":\"https:\/\/fashiongold.lt\/et\/#website\"},\"primaryImageOfPage\":{\"@id\":\"https:\/\/fashiongold.lt\/et\/papuosalas\/kullast-ja-hobedast-korvarongad-ingrid-inzi-ehtekollektsioon\/#primaryimage\"},\"image\":{\"@id\":\"https:\/\/fashiongold.lt\/et\/papuosalas\/kullast-ja-hobedast-korvarongad-ingrid-inzi-ehtekollektsioon\/#primaryimage\"},\"thumbnailUrl\":\"https:\/\/fashiongold.lt\/wp-content\/uploads\/2025\/10\/1872-18b-Aukso-su-sidabru-auskarai-INGRID-INZI-papuosalu-kolekcija.jpg\",\"datePublished\":\"2025-10-09T17:25:10+00:00\",\"description\":\"\u201cINGRID IN\u017dI\u201d ehtekollektsioon, Kuldk\u00f5rvar\u00f5ngad, Kuldk\u00f5rvar\u00f5ngad \u201cINGRID IN\u017dI\u201d ehtekollektsioonist, amet\u00fcst, safiir, akvamariin, peridoot, tsitriin, merivaik, granaat, t\u0161akrad, t\u0161akrad, kivid t\u0161akrate j\u00e4rgi,\",\"breadcrumb\":{\"@id\":\"https:\/\/fashiongold.lt\/et\/papuosalas\/kullast-ja-hobedast-korvarongad-ingrid-inzi-ehtekollektsioon\/#breadcrumb\"},\"inLanguage\":\"et\",\"potentialAction\":[{\"@type\":\"ReadAction\",\"target\":[\"https:\/\/fashiongold.lt\/et\/papuosalas\/kullast-ja-hobedast-korvarongad-ingrid-inzi-ehtekollektsioon\/\"]}]},{\"@type\":\"ImageObject\",\"inLanguage\":\"et\",\"@id\":\"https:\/\/fashiongold.lt\/et\/papuosalas\/kullast-ja-hobedast-korvarongad-ingrid-inzi-ehtekollektsioon\/#primaryimage\",\"url\":\"https:\/\/fashiongold.lt\/wp-content\/uploads\/2025\/10\/1872-18b-Aukso-su-sidabru-auskarai-INGRID-INZI-papuosalu-kolekcija.jpg\",\"contentUrl\":\"https:\/\/fashiongold.lt\/wp-content\/uploads\/2025\/10\/1872-18b-Aukso-su-sidabru-auskarai-INGRID-INZI-papuosalu-kolekcija.jpg\",\"width\":270,\"height\":359},{\"@type\":\"BreadcrumbList\",\"@id\":\"https:\/\/fashiongold.lt\/et\/papuosalas\/kullast-ja-hobedast-korvarongad-ingrid-inzi-ehtekollektsioon\/#breadcrumb\",\"itemListElement\":[{\"@type\":\"ListItem\",\"position\":1,\"name\":\"Home\",\"item\":\"https:\/\/fashiongold.lt\/et\/\"},{\"@type\":\"ListItem\",\"position\":2,\"name\":\"Teemantide pood Fashiongold.lt\",\"item\":\"https:\/\/fashiongold.lt\/shop-2\/\"},{\"@type\":\"ListItem\",\"position\":3,\"name\":\"Kullast ja h\u00f5bedast k\u00f5rvar\u00f5ngad \u201eINGRID IN\u017dI\u201c ehtekollektsioon.\"}]},{\"@type\":\"WebSite\",\"@id\":\"https:\/\/fashiongold.lt\/et\/#website\",\"url\":\"https:\/\/fashiongold.lt\/et\/\",\"name\":\"Fashion Gold\",\"description\":\"Juvelyrikos namai\",\"publisher\":{\"@id\":\"https:\/\/fashiongold.lt\/et\/#organization\"},\"potentialAction\":[{\"@type\":\"SearchAction\",\"target\":{\"@type\":\"EntryPoint\",\"urlTemplate\":\"https:\/\/fashiongold.lt\/et\/?s={search_term_string}\"},\"query-input\":{\"@type\":\"PropertyValueSpecification\",\"valueRequired\":true,\"valueName\":\"search_term_string\"}}],\"inLanguage\":\"et\"},{\"@type\":\"Organization\",\"@id\":\"https:\/\/fashiongold.lt\/et\/#organization\",\"name\":\"Topdiamonds Online\",\"url\":\"https:\/\/fashiongold.lt\/et\/\",\"logo\":{\"@type\":\"ImageObject\",\"inLanguage\":\"et\",\"@id\":\"https:\/\/fashiongold.lt\/et\/#\/schema\/logo\/image\/\",\"url\":\"https:\/\/fashiongold.lt\/wp-content\/uploads\/2025\/04\/cropped-fashion_gold_logotipas2-scaled-1.png\",\"contentUrl\":\"https:\/\/fashiongold.lt\/wp-content\/uploads\/2025\/04\/cropped-fashion_gold_logotipas2-scaled-1.png\",\"width\":2559,\"height\":421,\"caption\":\"Topdiamonds Online\"},\"image\":{\"@id\":\"https:\/\/fashiongold.lt\/et\/#\/schema\/logo\/image\/\"}}]}<\/script>\n<!-- \/ Yoast SEO plugin. -->","yoast_head_json":{"title":"Kulla ja h\u00f5bedaga k\u00f5rvar\u00f5ngad \u201cINGRID IN\u017dI\u201d ehtekollektsioon.","description":"\u201cINGRID IN\u017dI\u201d ehtekollektsioon, Kuldk\u00f5rvar\u00f5ngad, Kuldk\u00f5rvar\u00f5ngad \u201cINGRID IN\u017dI\u201d ehtekollektsioonist, amet\u00fcst, safiir, akvamariin, peridoot, tsitriin, merivaik, granaat, t\u0161akrad, t\u0161akrad, kivid t\u0161akrate j\u00e4rgi,","robots":{"index":"index","follow":"follow","max-snippet":"max-snippet:-1","max-image-preview":"max-image-preview:large","max-video-preview":"max-video-preview:-1"},"canonical":"https:\/\/fashiongold.lt\/et\/papuosalas\/kullast-ja-hobedast-korvarongad-ingrid-inzi-ehtekollektsioon\/","og_locale":"et_EE","og_type":"article","og_title":"Kulla ja h\u00f5bedaga k\u00f5rvar\u00f5ngad \u201cINGRID IN\u017dI\u201d ehtekollektsioon.","og_description":"\u201cINGRID IN\u017dI\u201d ehtekollektsioon, Kuldk\u00f5rvar\u00f5ngad, Kuldk\u00f5rvar\u00f5ngad \u201cINGRID IN\u017dI\u201d ehtekollektsioonist, amet\u00fcst, safiir, akvamariin, peridoot, tsitriin, merivaik, granaat, t\u0161akrad, t\u0161akrad, kivid t\u0161akrate j\u00e4rgi,","og_url":"https:\/\/fashiongold.lt\/et\/papuosalas\/kullast-ja-hobedast-korvarongad-ingrid-inzi-ehtekollektsioon\/","og_site_name":"FashionGold.lt","og_image":[{"width":270,"height":359,"url":"https:\/\/fashiongold.lt\/wp-content\/uploads\/2025\/10\/1872-18b-Aukso-su-sidabru-auskarai-INGRID-INZI-papuosalu-kolekcija.webp","type":"image\/jpeg"}],"twitter_card":"summary_large_image","schema":{"@context":"https:\/\/schema.org","@graph":[{"@type":"WebPage","@id":"https:\/\/fashiongold.lt\/et\/papuosalas\/kullast-ja-hobedast-korvarongad-ingrid-inzi-ehtekollektsioon\/","url":"https:\/\/fashiongold.lt\/et\/papuosalas\/kullast-ja-hobedast-korvarongad-ingrid-inzi-ehtekollektsioon\/","name":"Kulla ja h\u00f5bedaga k\u00f5rvar\u00f5ngad \u201cINGRID IN\u017dI\u201d ehtekollektsioon.","isPartOf":{"@id":"https:\/\/fashiongold.lt\/et\/#website"},"primaryImageOfPage":{"@id":"https:\/\/fashiongold.lt\/et\/papuosalas\/kullast-ja-hobedast-korvarongad-ingrid-inzi-ehtekollektsioon\/#primaryimage"},"image":{"@id":"https:\/\/fashiongold.lt\/et\/papuosalas\/kullast-ja-hobedast-korvarongad-ingrid-inzi-ehtekollektsioon\/#primaryimage"},"thumbnailUrl":"https:\/\/fashiongold.lt\/wp-content\/uploads\/2025\/10\/1872-18b-Aukso-su-sidabru-auskarai-INGRID-INZI-papuosalu-kolekcija.jpg","datePublished":"2025-10-09T17:25:10+00:00","description":"\u201cINGRID IN\u017dI\u201d ehtekollektsioon, Kuldk\u00f5rvar\u00f5ngad, Kuldk\u00f5rvar\u00f5ngad \u201cINGRID IN\u017dI\u201d ehtekollektsioonist, amet\u00fcst, safiir, akvamariin, peridoot, tsitriin, merivaik, granaat, t\u0161akrad, t\u0161akrad, kivid t\u0161akrate j\u00e4rgi,","breadcrumb":{"@id":"https:\/\/fashiongold.lt\/et\/papuosalas\/kullast-ja-hobedast-korvarongad-ingrid-inzi-ehtekollektsioon\/#breadcrumb"},"inLanguage":"et","potentialAction":[{"@type":"ReadAction","target":["https:\/\/fashiongold.lt\/et\/papuosalas\/kullast-ja-hobedast-korvarongad-ingrid-inzi-ehtekollektsioon\/"]}]},{"@type":"ImageObject","inLanguage":"et","@id":"https:\/\/fashiongold.lt\/et\/papuosalas\/kullast-ja-hobedast-korvarongad-ingrid-inzi-ehtekollektsioon\/#primaryimage","url":"https:\/\/fashiongold.lt\/wp-content\/uploads\/2025\/10\/1872-18b-Aukso-su-sidabru-auskarai-INGRID-INZI-papuosalu-kolekcija.jpg","contentUrl":"https:\/\/fashiongold.lt\/wp-content\/uploads\/2025\/10\/1872-18b-Aukso-su-sidabru-auskarai-INGRID-INZI-papuosalu-kolekcija.jpg","width":270,"height":359},{"@type":"BreadcrumbList","@id":"https:\/\/fashiongold.lt\/et\/papuosalas\/kullast-ja-hobedast-korvarongad-ingrid-inzi-ehtekollektsioon\/#breadcrumb","itemListElement":[{"@type":"ListItem","position":1,"name":"Home","item":"https:\/\/fashiongold.lt\/et\/"},{"@type":"ListItem","position":2,"name":"Teemantide pood Fashiongold.lt","item":"https:\/\/fashiongold.lt\/shop-2\/"},{"@type":"ListItem","position":3,"name":"Kullast ja h\u00f5bedast k\u00f5rvar\u00f5ngad \u201eINGRID IN\u017dI\u201c ehtekollektsioon."}]},{"@type":"WebSite","@id":"https:\/\/fashiongold.lt\/et\/#website","url":"https:\/\/fashiongold.lt\/et\/","name":"Fashion Gold","description":"Juvelyrikos namai","publisher":{"@id":"https:\/\/fashiongold.lt\/et\/#organization"},"potentialAction":[{"@type":"SearchAction","target":{"@type":"EntryPoint","urlTemplate":"https:\/\/fashiongold.lt\/et\/?s={search_term_string}"},"query-input":{"@type":"PropertyValueSpecification","valueRequired":true,"valueName":"search_term_string"}}],"inLanguage":"et"},{"@type":"Organization","@id":"https:\/\/fashiongold.lt\/et\/#organization","name":"Topdiamonds Online","url":"https:\/\/fashiongold.lt\/et\/","logo":{"@type":"ImageObject","inLanguage":"et","@id":"https:\/\/fashiongold.lt\/et\/#\/schema\/logo\/image\/","url":"https:\/\/fashiongold.lt\/wp-content\/uploads\/2025\/04\/cropped-fashion_gold_logotipas2-scaled-1.png","contentUrl":"https:\/\/fashiongold.lt\/wp-content\/uploads\/2025\/04\/cropped-fashion_gold_logotipas2-scaled-1.png","width":2559,"height":421,"caption":"Topdiamonds Online"},"image":{"@id":"https:\/\/fashiongold.lt\/et\/#\/schema\/logo\/image\/"}}]}},"_links":{"self":[{"href":"https:\/\/fashiongold.lt\/et\/wp-json\/wp\/v2\/product\/285109","targetHints":{"allow":["GET"]}}],"collection":[{"href":"https:\/\/fashiongold.lt\/et\/wp-json\/wp\/v2\/product"}],"about":[{"href":"https:\/\/fashiongold.lt\/et\/wp-json\/wp\/v2\/types\/product"}],"version-history":[{"count":0,"href":"https:\/\/fashiongold.lt\/et\/wp-json\/wp\/v2\/product\/285109\/revisions"}],"wp:featuredmedia":[{"embeddable":true,"href":"https:\/\/fashiongold.lt\/et\/wp-json\/wp\/v2\/media\/47698"}],"wp:attachment":[{"href":"https:\/\/fashiongold.lt\/et\/wp-json\/wp\/v2\/media?parent=285109"}],"wp:term":[{"taxonomy":"product_brand","embeddable":true,"href":"https:\/\/fashiongold.lt\/et\/wp-json\/wp\/v2\/product_brand?post=285109"},{"taxonomy":"product_cat","embeddable":true,"href":"https:\/\/fashiongold.lt\/et\/wp-json\/wp\/v2\/product_cat?post=285109"},{"taxonomy":"product_tag","embeddable":true,"href":"https:\/\/fashiongold.lt\/et\/wp-json\/wp\/v2\/product_tag?post=285109"}],"curies":[{"name":"wp","href":"https:\/\/api.w.org\/{rel}","templated":true}]}}