{"id":285323,"date":"2025-10-09T17:20:52","date_gmt":"2025-10-09T17:20:52","guid":{"rendered":"https:\/\/fashiongold.lt\/papuosalas\/kaasaegne-abielusormus-ilma-teemandita-reljeef-i\/"},"modified":"2025-10-09T17:20:52","modified_gmt":"2025-10-09T17:20:52","slug":"kaasaegne-abielusormus-ilma-teemandita-reljeef-i","status":"publish","type":"product","link":"https:\/\/fashiongold.lt\/et\/papuosalas\/kaasaegne-abielusormus-ilma-teemandita-reljeef-i\/","title":{"rendered":"Kaasaegne abielus\u00f5rmus ilma teemandita \u2013 Reljeef I"},"content":{"rendered":"<p>&#8220;Gerstner&#8221;, 150-aastase kogemusega Saksa abielus\u00f5rmuste tootja, pakub k\u00f5rgeima kvaliteediga s\u00f5rmuseid. Kordumatu iluga abielus\u00f5rmused on eksklusiivse stiili, k\u00f5rge kvaliteedi ja mugavustsooniga. Suurep\u00e4rane valik, mis peegeldab teie armastuslugu. Nende tehnoloogia paistab silma &#8211; abielus\u00f5rmused on valmistatud karastatud kullast, mis on vastupidav mikrom\u00f5radele, ei sisalda niklit ja kriimustub v\u00e4hem. S\u00f5rmust saab valmistada eritellimusel: punasest, kollasest v\u00f5i valgest kullast, lisatasu eest, erineva laiusega v\u00f5i teemantidega.<\/p>\n<p>\u2022 S\u00f5rmuse kuld: 14 K (proov 585), saame valmistada 10K (proov 375), 18K (proov 750), Pt600, Pt950        <\/p>\n<p>\u2022 S\u00f5rmuse v\u00e4rvus: valida saab valge, kollase v\u00f5i punase kulla vahel, v\u00f5i muud v\u00e4rvi \u00e4\u00e4rtega.          <\/p>\n<p>\u2022 S\u00f5rmustepaari kaal (s\u00f5ltub suurusest ja proovist): vastavalt faktile          <\/p>\n<p>\u2022 S\u00f5rmuse m\u00f5\u00f5tmed: laius 2.5 mm, k\u00f5rgus 1.3 mm (muudetav)     <\/p>\n<p>\u2022 S\u00f5rmuse mugavustsoon: olemas   <\/p>\n<p>\u2022 Teemandi t\u00fc\u00fcp: puudub (muudetav)            <\/p>\n<p>\u2022 Teemandi kuju: puudub (muudetav)            <\/p>\n<p>\u2022 Teemandi karakteristikud: puudub (muudetav)          <\/p>\n<p>\u2022 Sertifikaat: Leedu Anal\u00fc\u00fcsiamet (LPR) ja Gerstneri ettev\u00f5tte oma     <\/p>\n<p>\u2022 Graveerimine tasuta <\/p>\n<p>\u2022 \u00dchekordne tasuta s\u00f5rmuse suuruse muutmise garantii <\/p>\n<p>\u2022 Valmistamis- ja tarneaeg alates 14 t\u00f6\u00f6p\u00e4evast, kiirtellimusel 3 t\u00f6\u00f6p\u00e4eva jooksul. <\/p>\n<p><strong>On teil oma kulda? V\u00f5tke \u00fchendust, arvutame hinna \u00fcmber \u2013 maksate ainult s\u00f5rmuste valmistamise eest.<\/strong><\/p>\n","protected":false},"excerpt":{"rendered":"<p>Modernne 2,5 mm kullast abielus\u00f5rmus erilise valatud reljeefse tekstuuriga. K\u00f5rgeima kvaliteediga Saksa meistriteos ettev\u00f5ttelt \u201eGerstner\u201c, mis vastab k\u00f5ige rangematele standarditele. Sirge kuju ja minimaalne sisemine mugavustsoon tagavad maksimaalse mugavuse igap\u00e4evaseks kandmiseks.<\/p>\n","protected":false},"featured_media":46254,"template":"","meta":{"site-sidebar-layout":"","site-content-layout":"","ast-site-content-layout":"","site-content-style":"","site-sidebar-style":"","ast-global-header-display":"","ast-banner-title-visibility":"","ast-main-header-display":"","ast-hfb-above-header-display":"","ast-hfb-below-header-display":"","ast-hfb-mobile-header-display":"","site-post-title":"","ast-breadcrumbs-content":"","ast-featured-img":"","footer-sml-layout":"","ast-disable-related-posts":"","theme-transparent-header-meta":"","adv-header-id-meta":"","stick-header-meta":"","header-above-stick-meta":"","header-main-stick-meta":"","header-below-stick-meta":"","astra-migrate-meta-layouts":"default","ast-page-background-enabled":"default","ast-page-background-meta":{"desktop":{"background-color":"var(--ast-global-color-4)","background-image":"","background-repeat":"repeat","background-position":"center center","background-size":"auto","background-attachment":"scroll","background-type":"","background-media":"","overlay-type":"","overlay-color":"","overlay-opacity":"","overlay-gradient":""},"tablet":{"background-color":"","background-image":"","background-repeat":"repeat","background-position":"center center","background-size":"auto","background-attachment":"scroll","background-type":"","background-media":"","overlay-type":"","overlay-color":"","overlay-opacity":"","overlay-gradient":""},"mobile":{"background-color":"","background-image":"","background-repeat":"repeat","background-position":"center center","background-size":"auto","background-attachment":"scroll","background-type":"","background-media":"","overlay-type":"","overlay-color":"","overlay-opacity":"","overlay-gradient":""}},"ast-content-background-meta":{"desktop":{"background-color":"var(--ast-global-color-5)","background-image":"","background-repeat":"repeat","background-position":"center center","background-size":"auto","background-attachment":"scroll","background-type":"","background-media":"","overlay-type":"","overlay-color":"","overlay-opacity":"","overlay-gradient":""},"tablet":{"background-color":"var(--ast-global-color-5)","background-image":"","background-repeat":"repeat","background-position":"center center","background-size":"auto","background-attachment":"scroll","background-type":"","background-media":"","overlay-type":"","overlay-color":"","overlay-opacity":"","overlay-gradient":""},"mobile":{"background-color":"var(--ast-global-color-5)","background-image":"","background-repeat":"repeat","background-position":"center center","background-size":"auto","background-attachment":"scroll","background-type":"","background-media":"","overlay-type":"","overlay-color":"","overlay-opacity":"","overlay-gradient":""}}},"product_brand":[],"product_cat":[3594,3739,3828,3597,3567,3807,3592],"product_tag":[],"class_list":{"0":"post-285323","1":"product","2":"type-product","3":"status-publish","4":"has-post-thumbnail","6":"product_cat-abielusormused","7":"product_cat-eksklusiivsed-abielusormused-disainerite-loodud","8":"product_cat-minimalistlikud-abielusormused","9":"product_cat-modernsed-pulmasormused","10":"product_cat-naiste-abielusormused","11":"product_cat-saksa-abielusormused-gerstner","12":"product_cat-valgest-kullast-abielusormused","13":"desktop-align-center","14":"tablet-align-left","15":"mobile-align-left","16":"ast-product-gallery-layout-horizontal-slider","17":"ast-product-gallery-with-no-image","18":"ast-product-single-variable","19":"ast-product-tabs-layout-accordion","20":"ast-qv-on-image","22":"first","23":"instock","24":"taxable","25":"shipping-taxable","26":"purchasable","27":"product-type-variable"},"yoast_head":"<!-- This site is optimized with the Yoast SEO plugin v26.6 - https:\/\/yoast.com\/wordpress\/plugins\/seo\/ -->\n<title>Modernne abielus\u00f5rmus ilma teemandita - Reljeef I I FashionGold.lt<\/title>\n<meta name=\"description\" content=\"Moodne 2,5 mm kullast abielus\u00f5rmus erakordse valatud reljeefse tekstuuriga. K\u00f5rgeima kvaliteediga Saksa toode ettev\u00f5ttelt \u201eGerstner\u201c.\" \/>\n<meta name=\"robots\" content=\"index, follow, max-snippet:-1, max-image-preview:large, max-video-preview:-1\" \/>\n<link rel=\"canonical\" href=\"https:\/\/fashiongold.lt\/et\/papuosalas\/kaasaegne-abielusormus-ilma-teemandita-reljeef-i\/\" \/>\n<meta property=\"og:locale\" content=\"et_EE\" \/>\n<meta property=\"og:type\" content=\"article\" \/>\n<meta property=\"og:title\" content=\"Modernne abielus\u00f5rmus ilma teemandita - Reljeef I I FashionGold.lt\" \/>\n<meta property=\"og:description\" content=\"Moodne 2,5 mm kullast abielus\u00f5rmus erakordse valatud reljeefse tekstuuriga. K\u00f5rgeima kvaliteediga Saksa toode ettev\u00f5ttelt \u201eGerstner\u201c.\" \/>\n<meta property=\"og:url\" content=\"https:\/\/fashiongold.lt\/et\/papuosalas\/kaasaegne-abielusormus-ilma-teemandita-reljeef-i\/\" \/>\n<meta property=\"og:site_name\" content=\"FashionGold.lt\" \/>\n<meta property=\"og:image\" content=\"https:\/\/fashiongold.lt\/wp-content\/uploads\/2025\/10\/9662-731-Geltono-aukso-modernus-vestuvinis-ziedas-be-deimanto-Reljefas-I.webp\" \/>\n\t<meta property=\"og:image:width\" content=\"1000\" \/>\n\t<meta property=\"og:image:height\" content=\"1000\" \/>\n\t<meta property=\"og:image:type\" content=\"image\/png\" \/>\n<meta name=\"twitter:card\" content=\"summary_large_image\" \/>\n<meta name=\"twitter:label1\" content=\"Est. reading time\" \/>\n\t<meta name=\"twitter:data1\" content=\"1 minut\" \/>\n<script type=\"application\/ld+json\" class=\"yoast-schema-graph\">{\"@context\":\"https:\/\/schema.org\",\"@graph\":[{\"@type\":\"WebPage\",\"@id\":\"https:\/\/fashiongold.lt\/et\/papuosalas\/kaasaegne-abielusormus-ilma-teemandita-reljeef-i\/\",\"url\":\"https:\/\/fashiongold.lt\/et\/papuosalas\/kaasaegne-abielusormus-ilma-teemandita-reljeef-i\/\",\"name\":\"Modernne abielus\u00f5rmus ilma teemandita - Reljeef I I FashionGold.lt\",\"isPartOf\":{\"@id\":\"https:\/\/fashiongold.lt\/et\/#website\"},\"primaryImageOfPage\":{\"@id\":\"https:\/\/fashiongold.lt\/et\/papuosalas\/kaasaegne-abielusormus-ilma-teemandita-reljeef-i\/#primaryimage\"},\"image\":{\"@id\":\"https:\/\/fashiongold.lt\/et\/papuosalas\/kaasaegne-abielusormus-ilma-teemandita-reljeef-i\/#primaryimage\"},\"thumbnailUrl\":\"https:\/\/fashiongold.lt\/wp-content\/uploads\/2025\/10\/9662-731-Geltono-aukso-modernus-vestuvinis-ziedas-be-deimanto-Reljefas-I.png\",\"datePublished\":\"2025-10-09T17:20:52+00:00\",\"description\":\"Moodne 2,5 mm kullast abielus\u00f5rmus erakordse valatud reljeefse tekstuuriga. K\u00f5rgeima kvaliteediga Saksa toode ettev\u00f5ttelt \u201eGerstner\u201c.\",\"breadcrumb\":{\"@id\":\"https:\/\/fashiongold.lt\/et\/papuosalas\/kaasaegne-abielusormus-ilma-teemandita-reljeef-i\/#breadcrumb\"},\"inLanguage\":\"et\",\"potentialAction\":[{\"@type\":\"ReadAction\",\"target\":[\"https:\/\/fashiongold.lt\/et\/papuosalas\/kaasaegne-abielusormus-ilma-teemandita-reljeef-i\/\"]}]},{\"@type\":\"ImageObject\",\"inLanguage\":\"et\",\"@id\":\"https:\/\/fashiongold.lt\/et\/papuosalas\/kaasaegne-abielusormus-ilma-teemandita-reljeef-i\/#primaryimage\",\"url\":\"https:\/\/fashiongold.lt\/wp-content\/uploads\/2025\/10\/9662-731-Geltono-aukso-modernus-vestuvinis-ziedas-be-deimanto-Reljefas-I.png\",\"contentUrl\":\"https:\/\/fashiongold.lt\/wp-content\/uploads\/2025\/10\/9662-731-Geltono-aukso-modernus-vestuvinis-ziedas-be-deimanto-Reljefas-I.png\",\"width\":1000,\"height\":1000},{\"@type\":\"BreadcrumbList\",\"@id\":\"https:\/\/fashiongold.lt\/et\/papuosalas\/kaasaegne-abielusormus-ilma-teemandita-reljeef-i\/#breadcrumb\",\"itemListElement\":[{\"@type\":\"ListItem\",\"position\":1,\"name\":\"Home\",\"item\":\"https:\/\/fashiongold.lt\/et\/\"},{\"@type\":\"ListItem\",\"position\":2,\"name\":\"Teemantide pood Fashiongold.lt\",\"item\":\"https:\/\/fashiongold.lt\/shop-2\/\"},{\"@type\":\"ListItem\",\"position\":3,\"name\":\"Kaasaegne abielus\u00f5rmus ilma teemandita \u2013 Reljeef I\"}]},{\"@type\":\"WebSite\",\"@id\":\"https:\/\/fashiongold.lt\/et\/#website\",\"url\":\"https:\/\/fashiongold.lt\/et\/\",\"name\":\"Fashion Gold\",\"description\":\"Juvelyrikos namai\",\"publisher\":{\"@id\":\"https:\/\/fashiongold.lt\/et\/#organization\"},\"potentialAction\":[{\"@type\":\"SearchAction\",\"target\":{\"@type\":\"EntryPoint\",\"urlTemplate\":\"https:\/\/fashiongold.lt\/et\/?s={search_term_string}\"},\"query-input\":{\"@type\":\"PropertyValueSpecification\",\"valueRequired\":true,\"valueName\":\"search_term_string\"}}],\"inLanguage\":\"et\"},{\"@type\":\"Organization\",\"@id\":\"https:\/\/fashiongold.lt\/et\/#organization\",\"name\":\"Topdiamonds Online\",\"url\":\"https:\/\/fashiongold.lt\/et\/\",\"logo\":{\"@type\":\"ImageObject\",\"inLanguage\":\"et\",\"@id\":\"https:\/\/fashiongold.lt\/et\/#\/schema\/logo\/image\/\",\"url\":\"https:\/\/fashiongold.lt\/wp-content\/uploads\/2025\/04\/cropped-fashion_gold_logotipas2-scaled-1.png\",\"contentUrl\":\"https:\/\/fashiongold.lt\/wp-content\/uploads\/2025\/04\/cropped-fashion_gold_logotipas2-scaled-1.png\",\"width\":2559,\"height\":421,\"caption\":\"Topdiamonds Online\"},\"image\":{\"@id\":\"https:\/\/fashiongold.lt\/et\/#\/schema\/logo\/image\/\"}}]}<\/script>\n<!-- \/ Yoast SEO plugin. -->","yoast_head_json":{"title":"Modernne abielus\u00f5rmus ilma teemandita - Reljeef I I FashionGold.lt","description":"Moodne 2,5 mm kullast abielus\u00f5rmus erakordse valatud reljeefse tekstuuriga. K\u00f5rgeima kvaliteediga Saksa toode ettev\u00f5ttelt \u201eGerstner\u201c.","robots":{"index":"index","follow":"follow","max-snippet":"max-snippet:-1","max-image-preview":"max-image-preview:large","max-video-preview":"max-video-preview:-1"},"canonical":"https:\/\/fashiongold.lt\/et\/papuosalas\/kaasaegne-abielusormus-ilma-teemandita-reljeef-i\/","og_locale":"et_EE","og_type":"article","og_title":"Modernne abielus\u00f5rmus ilma teemandita - Reljeef I I FashionGold.lt","og_description":"Moodne 2,5 mm kullast abielus\u00f5rmus erakordse valatud reljeefse tekstuuriga. K\u00f5rgeima kvaliteediga Saksa toode ettev\u00f5ttelt \u201eGerstner\u201c.","og_url":"https:\/\/fashiongold.lt\/et\/papuosalas\/kaasaegne-abielusormus-ilma-teemandita-reljeef-i\/","og_site_name":"FashionGold.lt","og_image":[{"width":1000,"height":1000,"url":"https:\/\/fashiongold.lt\/wp-content\/uploads\/2025\/10\/9662-731-Geltono-aukso-modernus-vestuvinis-ziedas-be-deimanto-Reljefas-I.webp","type":"image\/png"}],"twitter_card":"summary_large_image","twitter_misc":{"Est. reading time":"1 minut"},"schema":{"@context":"https:\/\/schema.org","@graph":[{"@type":"WebPage","@id":"https:\/\/fashiongold.lt\/et\/papuosalas\/kaasaegne-abielusormus-ilma-teemandita-reljeef-i\/","url":"https:\/\/fashiongold.lt\/et\/papuosalas\/kaasaegne-abielusormus-ilma-teemandita-reljeef-i\/","name":"Modernne abielus\u00f5rmus ilma teemandita - Reljeef I I FashionGold.lt","isPartOf":{"@id":"https:\/\/fashiongold.lt\/et\/#website"},"primaryImageOfPage":{"@id":"https:\/\/fashiongold.lt\/et\/papuosalas\/kaasaegne-abielusormus-ilma-teemandita-reljeef-i\/#primaryimage"},"image":{"@id":"https:\/\/fashiongold.lt\/et\/papuosalas\/kaasaegne-abielusormus-ilma-teemandita-reljeef-i\/#primaryimage"},"thumbnailUrl":"https:\/\/fashiongold.lt\/wp-content\/uploads\/2025\/10\/9662-731-Geltono-aukso-modernus-vestuvinis-ziedas-be-deimanto-Reljefas-I.png","datePublished":"2025-10-09T17:20:52+00:00","description":"Moodne 2,5 mm kullast abielus\u00f5rmus erakordse valatud reljeefse tekstuuriga. K\u00f5rgeima kvaliteediga Saksa toode ettev\u00f5ttelt \u201eGerstner\u201c.","breadcrumb":{"@id":"https:\/\/fashiongold.lt\/et\/papuosalas\/kaasaegne-abielusormus-ilma-teemandita-reljeef-i\/#breadcrumb"},"inLanguage":"et","potentialAction":[{"@type":"ReadAction","target":["https:\/\/fashiongold.lt\/et\/papuosalas\/kaasaegne-abielusormus-ilma-teemandita-reljeef-i\/"]}]},{"@type":"ImageObject","inLanguage":"et","@id":"https:\/\/fashiongold.lt\/et\/papuosalas\/kaasaegne-abielusormus-ilma-teemandita-reljeef-i\/#primaryimage","url":"https:\/\/fashiongold.lt\/wp-content\/uploads\/2025\/10\/9662-731-Geltono-aukso-modernus-vestuvinis-ziedas-be-deimanto-Reljefas-I.png","contentUrl":"https:\/\/fashiongold.lt\/wp-content\/uploads\/2025\/10\/9662-731-Geltono-aukso-modernus-vestuvinis-ziedas-be-deimanto-Reljefas-I.png","width":1000,"height":1000},{"@type":"BreadcrumbList","@id":"https:\/\/fashiongold.lt\/et\/papuosalas\/kaasaegne-abielusormus-ilma-teemandita-reljeef-i\/#breadcrumb","itemListElement":[{"@type":"ListItem","position":1,"name":"Home","item":"https:\/\/fashiongold.lt\/et\/"},{"@type":"ListItem","position":2,"name":"Teemantide pood Fashiongold.lt","item":"https:\/\/fashiongold.lt\/shop-2\/"},{"@type":"ListItem","position":3,"name":"Kaasaegne abielus\u00f5rmus ilma teemandita \u2013 Reljeef I"}]},{"@type":"WebSite","@id":"https:\/\/fashiongold.lt\/et\/#website","url":"https:\/\/fashiongold.lt\/et\/","name":"Fashion Gold","description":"Juvelyrikos namai","publisher":{"@id":"https:\/\/fashiongold.lt\/et\/#organization"},"potentialAction":[{"@type":"SearchAction","target":{"@type":"EntryPoint","urlTemplate":"https:\/\/fashiongold.lt\/et\/?s={search_term_string}"},"query-input":{"@type":"PropertyValueSpecification","valueRequired":true,"valueName":"search_term_string"}}],"inLanguage":"et"},{"@type":"Organization","@id":"https:\/\/fashiongold.lt\/et\/#organization","name":"Topdiamonds Online","url":"https:\/\/fashiongold.lt\/et\/","logo":{"@type":"ImageObject","inLanguage":"et","@id":"https:\/\/fashiongold.lt\/et\/#\/schema\/logo\/image\/","url":"https:\/\/fashiongold.lt\/wp-content\/uploads\/2025\/04\/cropped-fashion_gold_logotipas2-scaled-1.png","contentUrl":"https:\/\/fashiongold.lt\/wp-content\/uploads\/2025\/04\/cropped-fashion_gold_logotipas2-scaled-1.png","width":2559,"height":421,"caption":"Topdiamonds Online"},"image":{"@id":"https:\/\/fashiongold.lt\/et\/#\/schema\/logo\/image\/"}}]}},"_links":{"self":[{"href":"https:\/\/fashiongold.lt\/et\/wp-json\/wp\/v2\/product\/285323","targetHints":{"allow":["GET"]}}],"collection":[{"href":"https:\/\/fashiongold.lt\/et\/wp-json\/wp\/v2\/product"}],"about":[{"href":"https:\/\/fashiongold.lt\/et\/wp-json\/wp\/v2\/types\/product"}],"version-history":[{"count":0,"href":"https:\/\/fashiongold.lt\/et\/wp-json\/wp\/v2\/product\/285323\/revisions"}],"wp:featuredmedia":[{"embeddable":true,"href":"https:\/\/fashiongold.lt\/et\/wp-json\/wp\/v2\/media\/46254"}],"wp:attachment":[{"href":"https:\/\/fashiongold.lt\/et\/wp-json\/wp\/v2\/media?parent=285323"}],"wp:term":[{"taxonomy":"product_brand","embeddable":true,"href":"https:\/\/fashiongold.lt\/et\/wp-json\/wp\/v2\/product_brand?post=285323"},{"taxonomy":"product_cat","embeddable":true,"href":"https:\/\/fashiongold.lt\/et\/wp-json\/wp\/v2\/product_cat?post=285323"},{"taxonomy":"product_tag","embeddable":true,"href":"https:\/\/fashiongold.lt\/et\/wp-json\/wp\/v2\/product_tag?post=285323"}],"curies":[{"name":"wp","href":"https:\/\/api.w.org\/{rel}","templated":true}]}}