{"id":285503,"date":"2025-10-09T17:18:15","date_gmt":"2025-10-09T17:18:15","guid":{"rendered":"https:\/\/fashiongold.lt\/papuosalas\/abielusormus-ruudukujuliste-teemantidega-modernne-010-ct\/"},"modified":"2025-10-09T17:18:15","modified_gmt":"2025-10-09T17:18:15","slug":"abielusormus-ruudukujuliste-teemantidega-modernne-010-ct","status":"publish","type":"product","link":"https:\/\/fashiongold.lt\/et\/papuosalas\/abielusormus-ruudukujuliste-teemantidega-modernne-010-ct\/","title":{"rendered":"Abielus\u00f5rmus ruudukujuliste teemantidega \u2013 Modernne (0,10 ct)"},"content":{"rendered":"<p>Abielus\u00f5rmuste traditsioonid on pikaajalised, mist\u00f5ttu on oluline valida usaldusv\u00e4\u00e4rne juveelitootja. Esindame Saksamaa kaubam\u00e4rki &#8220;Gerstner&#8221;, mis on Euroopa abielus\u00f5rmuste tootjate seas liider. Nende tehnoloogia on eriline \u2013 abielus\u00f5rmused valmistatakse karastatud kullast, mis on vastupidav mikropragudele, ei sisalda niklit ning kriimustub v\u00e4hem. &#8220;Fashion Gold&#8221; on teie usaldusv\u00e4\u00e4rne abielus\u00f5rmuste ekspert.<\/p>\n<p>Valmistatud Saksamaal eritehnoloogia abil. Nende tehnoloogia on eriline \u2013 abielus\u00f5rmused valmistatakse karastatud kullast, mis on vastupidav mikropragudele, ei sisalda niklit ning kriimustub v\u00e4hem. S\u00f5rmust saab tellida punasest, kollasest ja valgest kullast.<\/p>\n<p>\u2022 S\u00f5rmuse kuld: 10 K (proov 375), saame valmistada 14 K (proov 585), 18 K (proov 750) <span style=\"white-space: pre;\"> <\/span><\/p>\n<p>\u2022 S\u00f5rmuse v\u00e4rv: valida saab valge, kollase ja punase kulla vahel <span style=\"white-space: pre;\"> <\/span><\/p>\n<p>\u2022 S\u00f5rmuse kaal (s\u00f5ltub suurusest ja proovist): umbes 6 g <span style=\"white-space: pre;\"> <\/span><\/p>\n<p>\u2022 S\u00f5rmuse m\u00f5\u00f5tmed: laius 7 mm (muudetav)<span style=\"white-space: pre;\"> <\/span><\/p>\n<p>\u2022 S\u00f5rmuse mugavustsoon: olemas<span style=\"white-space: pre;\"> <\/span><\/p>\n<p>\u2022 Teemandi t\u00fc\u00fcp: Looduslik teemant<span style=\"white-space: pre;\"> <\/span><\/p>\n<p>\u2022 Teemandi kuju: Ruudukujuline (Princess cut)<span style=\"white-space: pre;\"> <\/span><\/p>\n<p>\u2022 Teemandi omadused: 0,10 ct (2 x 0,05 ct), v\u00e4rvus H(W); puhtus VS<span style=\"white-space: pre;\"> <\/span><\/p>\n<p>\u2022 Sertifikaat: Leedu Proovikoda (LPR) <span style=\"white-space: pre;\"> <\/span><\/p>\n<p>\u2022 Tootmis- ja tarneaeg alates 14 t\u00f6\u00f6p\u00e4evast<\/p>\n<p><strong>On teil oma kulda? V\u00f5tke \u00fchendust, arvutame hinna \u00fcmber \u2013 maksate ainult s\u00f5rmuste valmistamise eest.<\/strong><\/p>\n","protected":false},"excerpt":{"rendered":"<p>V\u00f5rratu iluga abielus\u00f5rmus kandiliste teemantide ja moodsa disainiga. Eksklusiivse stiiliga, k\u00f5rge kvaliteediga, mugavusprofiiliga. S\u00f5rmuse \u00e4\u00e4red t\u00f5stavad esile teist kullatooni, lisades unikaalse aktsendi. Suurep\u00e4rane valik, mis peegeldab teie armastuslugu.<\/p>\n","protected":false},"featured_media":45299,"template":"","meta":{"site-sidebar-layout":"","site-content-layout":"","ast-site-content-layout":"","site-content-style":"","site-sidebar-style":"","ast-global-header-display":"","ast-banner-title-visibility":"","ast-main-header-display":"","ast-hfb-above-header-display":"","ast-hfb-below-header-display":"","ast-hfb-mobile-header-display":"","site-post-title":"","ast-breadcrumbs-content":"","ast-featured-img":"","footer-sml-layout":"","ast-disable-related-posts":"","theme-transparent-header-meta":"","adv-header-id-meta":"","stick-header-meta":"","header-above-stick-meta":"","header-main-stick-meta":"","header-below-stick-meta":"","astra-migrate-meta-layouts":"default","ast-page-background-enabled":"default","ast-page-background-meta":{"desktop":{"background-color":"var(--ast-global-color-4)","background-image":"","background-repeat":"repeat","background-position":"center center","background-size":"auto","background-attachment":"scroll","background-type":"","background-media":"","overlay-type":"","overlay-color":"","overlay-opacity":"","overlay-gradient":""},"tablet":{"background-color":"","background-image":"","background-repeat":"repeat","background-position":"center center","background-size":"auto","background-attachment":"scroll","background-type":"","background-media":"","overlay-type":"","overlay-color":"","overlay-opacity":"","overlay-gradient":""},"mobile":{"background-color":"","background-image":"","background-repeat":"repeat","background-position":"center center","background-size":"auto","background-attachment":"scroll","background-type":"","background-media":"","overlay-type":"","overlay-color":"","overlay-opacity":"","overlay-gradient":""}},"ast-content-background-meta":{"desktop":{"background-color":"var(--ast-global-color-5)","background-image":"","background-repeat":"repeat","background-position":"center center","background-size":"auto","background-attachment":"scroll","background-type":"","background-media":"","overlay-type":"","overlay-color":"","overlay-opacity":"","overlay-gradient":""},"tablet":{"background-color":"var(--ast-global-color-5)","background-image":"","background-repeat":"repeat","background-position":"center center","background-size":"auto","background-attachment":"scroll","background-type":"","background-media":"","overlay-type":"","overlay-color":"","overlay-opacity":"","overlay-gradient":""},"mobile":{"background-color":"var(--ast-global-color-5)","background-image":"","background-repeat":"repeat","background-position":"center center","background-size":"auto","background-attachment":"scroll","background-type":"","background-media":"","overlay-type":"","overlay-color":"","overlay-opacity":"","overlay-gradient":""}}},"product_brand":[],"product_cat":[3594,3596,3597,3567,3592],"product_tag":[],"class_list":{"0":"post-285503","1":"product","2":"type-product","3":"status-publish","4":"has-post-thumbnail","6":"product_cat-abielusormused","7":"product_cat-abielusormused-teemantidega","8":"product_cat-modernsed-pulmasormused","9":"product_cat-naiste-abielusormused","10":"product_cat-valgest-kullast-abielusormused","11":"desktop-align-center","12":"tablet-align-left","13":"mobile-align-left","14":"ast-product-gallery-layout-horizontal-slider","15":"ast-product-gallery-with-no-image","16":"ast-product-single-variable","17":"ast-product-tabs-layout-accordion","18":"ast-qv-on-image","20":"first","21":"instock","22":"taxable","23":"shipping-taxable","24":"purchasable","25":"product-type-variable"},"yoast_head":"<!-- This site is optimized with the Yoast SEO plugin v26.6 - https:\/\/yoast.com\/wordpress\/plugins\/seo\/ -->\n<title>Abielus\u00f5rmus ruudukujuliste teemantidega - Moodne<\/title>\n<meta name=\"description\" content=\"Eriline kvaliteet ja tehnoloogia \u2013 valmistatud karastatud kullast, mis on vastupidav mikropragudele, ei sisalda niklit ning kriimustub v\u00e4hem. Tasuta konsultatsioon.\" \/>\n<meta name=\"robots\" content=\"index, follow, max-snippet:-1, max-image-preview:large, max-video-preview:-1\" \/>\n<link rel=\"canonical\" href=\"https:\/\/fashiongold.lt\/et\/papuosalas\/abielusormus-ruudukujuliste-teemantidega-modernne-010-ct\/\" \/>\n<meta property=\"og:locale\" content=\"et_EE\" \/>\n<meta property=\"og:type\" content=\"article\" \/>\n<meta property=\"og:title\" content=\"Abielus\u00f5rmus ruudukujuliste teemantidega - Moodne\" \/>\n<meta property=\"og:description\" content=\"Eriline kvaliteet ja tehnoloogia \u2013 valmistatud karastatud kullast, mis on vastupidav mikropragudele, ei sisalda niklit ning kriimustub v\u00e4hem. Tasuta konsultatsioon.\" \/>\n<meta property=\"og:url\" content=\"https:\/\/fashiongold.lt\/et\/papuosalas\/abielusormus-ruudukujuliste-teemantidega-modernne-010-ct\/\" \/>\n<meta property=\"og:site_name\" content=\"FashionGold.lt\" \/>\n<meta property=\"og:image\" content=\"https:\/\/fashiongold.lt\/wp-content\/uploads\/2025\/10\/582-b7c-Vestuvinis-ziedas-su-kvadratiniais-deimantais.webp\" \/>\n\t<meta property=\"og:image:width\" content=\"500\" \/>\n\t<meta property=\"og:image:height\" content=\"475\" \/>\n\t<meta property=\"og:image:type\" content=\"image\/jpeg\" \/>\n<meta name=\"twitter:card\" content=\"summary_large_image\" \/>\n<meta name=\"twitter:label1\" content=\"Est. reading time\" \/>\n\t<meta name=\"twitter:data1\" content=\"1 minut\" \/>\n<script type=\"application\/ld+json\" class=\"yoast-schema-graph\">{\"@context\":\"https:\/\/schema.org\",\"@graph\":[{\"@type\":\"WebPage\",\"@id\":\"https:\/\/fashiongold.lt\/et\/papuosalas\/abielusormus-ruudukujuliste-teemantidega-modernne-010-ct\/\",\"url\":\"https:\/\/fashiongold.lt\/et\/papuosalas\/abielusormus-ruudukujuliste-teemantidega-modernne-010-ct\/\",\"name\":\"Abielus\u00f5rmus ruudukujuliste teemantidega - Moodne\",\"isPartOf\":{\"@id\":\"https:\/\/fashiongold.lt\/et\/#website\"},\"primaryImageOfPage\":{\"@id\":\"https:\/\/fashiongold.lt\/et\/papuosalas\/abielusormus-ruudukujuliste-teemantidega-modernne-010-ct\/#primaryimage\"},\"image\":{\"@id\":\"https:\/\/fashiongold.lt\/et\/papuosalas\/abielusormus-ruudukujuliste-teemantidega-modernne-010-ct\/#primaryimage\"},\"thumbnailUrl\":\"https:\/\/fashiongold.lt\/wp-content\/uploads\/2025\/10\/582-b7c-Vestuvinis-ziedas-su-kvadratiniais-deimantais.jpg\",\"datePublished\":\"2025-10-09T17:18:15+00:00\",\"description\":\"Eriline kvaliteet ja tehnoloogia \u2013 valmistatud karastatud kullast, mis on vastupidav mikropragudele, ei sisalda niklit ning kriimustub v\u00e4hem. Tasuta konsultatsioon.\",\"breadcrumb\":{\"@id\":\"https:\/\/fashiongold.lt\/et\/papuosalas\/abielusormus-ruudukujuliste-teemantidega-modernne-010-ct\/#breadcrumb\"},\"inLanguage\":\"et\",\"potentialAction\":[{\"@type\":\"ReadAction\",\"target\":[\"https:\/\/fashiongold.lt\/et\/papuosalas\/abielusormus-ruudukujuliste-teemantidega-modernne-010-ct\/\"]}]},{\"@type\":\"ImageObject\",\"inLanguage\":\"et\",\"@id\":\"https:\/\/fashiongold.lt\/et\/papuosalas\/abielusormus-ruudukujuliste-teemantidega-modernne-010-ct\/#primaryimage\",\"url\":\"https:\/\/fashiongold.lt\/wp-content\/uploads\/2025\/10\/582-b7c-Vestuvinis-ziedas-su-kvadratiniais-deimantais.jpg\",\"contentUrl\":\"https:\/\/fashiongold.lt\/wp-content\/uploads\/2025\/10\/582-b7c-Vestuvinis-ziedas-su-kvadratiniais-deimantais.jpg\",\"width\":500,\"height\":475},{\"@type\":\"BreadcrumbList\",\"@id\":\"https:\/\/fashiongold.lt\/et\/papuosalas\/abielusormus-ruudukujuliste-teemantidega-modernne-010-ct\/#breadcrumb\",\"itemListElement\":[{\"@type\":\"ListItem\",\"position\":1,\"name\":\"Home\",\"item\":\"https:\/\/fashiongold.lt\/et\/\"},{\"@type\":\"ListItem\",\"position\":2,\"name\":\"Teemantide pood Fashiongold.lt\",\"item\":\"https:\/\/fashiongold.lt\/shop-2\/\"},{\"@type\":\"ListItem\",\"position\":3,\"name\":\"Abielus\u00f5rmus ruudukujuliste teemantidega \u2013 Modernne (0,10 ct)\"}]},{\"@type\":\"WebSite\",\"@id\":\"https:\/\/fashiongold.lt\/et\/#website\",\"url\":\"https:\/\/fashiongold.lt\/et\/\",\"name\":\"Fashion Gold\",\"description\":\"Juvelyrikos namai\",\"publisher\":{\"@id\":\"https:\/\/fashiongold.lt\/et\/#organization\"},\"potentialAction\":[{\"@type\":\"SearchAction\",\"target\":{\"@type\":\"EntryPoint\",\"urlTemplate\":\"https:\/\/fashiongold.lt\/et\/?s={search_term_string}\"},\"query-input\":{\"@type\":\"PropertyValueSpecification\",\"valueRequired\":true,\"valueName\":\"search_term_string\"}}],\"inLanguage\":\"et\"},{\"@type\":\"Organization\",\"@id\":\"https:\/\/fashiongold.lt\/et\/#organization\",\"name\":\"Topdiamonds Online\",\"url\":\"https:\/\/fashiongold.lt\/et\/\",\"logo\":{\"@type\":\"ImageObject\",\"inLanguage\":\"et\",\"@id\":\"https:\/\/fashiongold.lt\/et\/#\/schema\/logo\/image\/\",\"url\":\"https:\/\/fashiongold.lt\/wp-content\/uploads\/2025\/04\/cropped-fashion_gold_logotipas2-scaled-1.png\",\"contentUrl\":\"https:\/\/fashiongold.lt\/wp-content\/uploads\/2025\/04\/cropped-fashion_gold_logotipas2-scaled-1.png\",\"width\":2559,\"height\":421,\"caption\":\"Topdiamonds Online\"},\"image\":{\"@id\":\"https:\/\/fashiongold.lt\/et\/#\/schema\/logo\/image\/\"}}]}<\/script>\n<!-- \/ Yoast SEO plugin. -->","yoast_head_json":{"title":"Abielus\u00f5rmus ruudukujuliste teemantidega - Moodne","description":"Eriline kvaliteet ja tehnoloogia \u2013 valmistatud karastatud kullast, mis on vastupidav mikropragudele, ei sisalda niklit ning kriimustub v\u00e4hem. Tasuta konsultatsioon.","robots":{"index":"index","follow":"follow","max-snippet":"max-snippet:-1","max-image-preview":"max-image-preview:large","max-video-preview":"max-video-preview:-1"},"canonical":"https:\/\/fashiongold.lt\/et\/papuosalas\/abielusormus-ruudukujuliste-teemantidega-modernne-010-ct\/","og_locale":"et_EE","og_type":"article","og_title":"Abielus\u00f5rmus ruudukujuliste teemantidega - Moodne","og_description":"Eriline kvaliteet ja tehnoloogia \u2013 valmistatud karastatud kullast, mis on vastupidav mikropragudele, ei sisalda niklit ning kriimustub v\u00e4hem. Tasuta konsultatsioon.","og_url":"https:\/\/fashiongold.lt\/et\/papuosalas\/abielusormus-ruudukujuliste-teemantidega-modernne-010-ct\/","og_site_name":"FashionGold.lt","og_image":[{"width":500,"height":475,"url":"https:\/\/fashiongold.lt\/wp-content\/uploads\/2025\/10\/582-b7c-Vestuvinis-ziedas-su-kvadratiniais-deimantais.webp","type":"image\/jpeg"}],"twitter_card":"summary_large_image","twitter_misc":{"Est. reading time":"1 minut"},"schema":{"@context":"https:\/\/schema.org","@graph":[{"@type":"WebPage","@id":"https:\/\/fashiongold.lt\/et\/papuosalas\/abielusormus-ruudukujuliste-teemantidega-modernne-010-ct\/","url":"https:\/\/fashiongold.lt\/et\/papuosalas\/abielusormus-ruudukujuliste-teemantidega-modernne-010-ct\/","name":"Abielus\u00f5rmus ruudukujuliste teemantidega - Moodne","isPartOf":{"@id":"https:\/\/fashiongold.lt\/et\/#website"},"primaryImageOfPage":{"@id":"https:\/\/fashiongold.lt\/et\/papuosalas\/abielusormus-ruudukujuliste-teemantidega-modernne-010-ct\/#primaryimage"},"image":{"@id":"https:\/\/fashiongold.lt\/et\/papuosalas\/abielusormus-ruudukujuliste-teemantidega-modernne-010-ct\/#primaryimage"},"thumbnailUrl":"https:\/\/fashiongold.lt\/wp-content\/uploads\/2025\/10\/582-b7c-Vestuvinis-ziedas-su-kvadratiniais-deimantais.jpg","datePublished":"2025-10-09T17:18:15+00:00","description":"Eriline kvaliteet ja tehnoloogia \u2013 valmistatud karastatud kullast, mis on vastupidav mikropragudele, ei sisalda niklit ning kriimustub v\u00e4hem. Tasuta konsultatsioon.","breadcrumb":{"@id":"https:\/\/fashiongold.lt\/et\/papuosalas\/abielusormus-ruudukujuliste-teemantidega-modernne-010-ct\/#breadcrumb"},"inLanguage":"et","potentialAction":[{"@type":"ReadAction","target":["https:\/\/fashiongold.lt\/et\/papuosalas\/abielusormus-ruudukujuliste-teemantidega-modernne-010-ct\/"]}]},{"@type":"ImageObject","inLanguage":"et","@id":"https:\/\/fashiongold.lt\/et\/papuosalas\/abielusormus-ruudukujuliste-teemantidega-modernne-010-ct\/#primaryimage","url":"https:\/\/fashiongold.lt\/wp-content\/uploads\/2025\/10\/582-b7c-Vestuvinis-ziedas-su-kvadratiniais-deimantais.jpg","contentUrl":"https:\/\/fashiongold.lt\/wp-content\/uploads\/2025\/10\/582-b7c-Vestuvinis-ziedas-su-kvadratiniais-deimantais.jpg","width":500,"height":475},{"@type":"BreadcrumbList","@id":"https:\/\/fashiongold.lt\/et\/papuosalas\/abielusormus-ruudukujuliste-teemantidega-modernne-010-ct\/#breadcrumb","itemListElement":[{"@type":"ListItem","position":1,"name":"Home","item":"https:\/\/fashiongold.lt\/et\/"},{"@type":"ListItem","position":2,"name":"Teemantide pood Fashiongold.lt","item":"https:\/\/fashiongold.lt\/shop-2\/"},{"@type":"ListItem","position":3,"name":"Abielus\u00f5rmus ruudukujuliste teemantidega \u2013 Modernne (0,10 ct)"}]},{"@type":"WebSite","@id":"https:\/\/fashiongold.lt\/et\/#website","url":"https:\/\/fashiongold.lt\/et\/","name":"Fashion Gold","description":"Juvelyrikos namai","publisher":{"@id":"https:\/\/fashiongold.lt\/et\/#organization"},"potentialAction":[{"@type":"SearchAction","target":{"@type":"EntryPoint","urlTemplate":"https:\/\/fashiongold.lt\/et\/?s={search_term_string}"},"query-input":{"@type":"PropertyValueSpecification","valueRequired":true,"valueName":"search_term_string"}}],"inLanguage":"et"},{"@type":"Organization","@id":"https:\/\/fashiongold.lt\/et\/#organization","name":"Topdiamonds Online","url":"https:\/\/fashiongold.lt\/et\/","logo":{"@type":"ImageObject","inLanguage":"et","@id":"https:\/\/fashiongold.lt\/et\/#\/schema\/logo\/image\/","url":"https:\/\/fashiongold.lt\/wp-content\/uploads\/2025\/04\/cropped-fashion_gold_logotipas2-scaled-1.png","contentUrl":"https:\/\/fashiongold.lt\/wp-content\/uploads\/2025\/04\/cropped-fashion_gold_logotipas2-scaled-1.png","width":2559,"height":421,"caption":"Topdiamonds Online"},"image":{"@id":"https:\/\/fashiongold.lt\/et\/#\/schema\/logo\/image\/"}}]}},"_links":{"self":[{"href":"https:\/\/fashiongold.lt\/et\/wp-json\/wp\/v2\/product\/285503","targetHints":{"allow":["GET"]}}],"collection":[{"href":"https:\/\/fashiongold.lt\/et\/wp-json\/wp\/v2\/product"}],"about":[{"href":"https:\/\/fashiongold.lt\/et\/wp-json\/wp\/v2\/types\/product"}],"version-history":[{"count":0,"href":"https:\/\/fashiongold.lt\/et\/wp-json\/wp\/v2\/product\/285503\/revisions"}],"wp:featuredmedia":[{"embeddable":true,"href":"https:\/\/fashiongold.lt\/et\/wp-json\/wp\/v2\/media\/45299"}],"wp:attachment":[{"href":"https:\/\/fashiongold.lt\/et\/wp-json\/wp\/v2\/media?parent=285503"}],"wp:term":[{"taxonomy":"product_brand","embeddable":true,"href":"https:\/\/fashiongold.lt\/et\/wp-json\/wp\/v2\/product_brand?post=285503"},{"taxonomy":"product_cat","embeddable":true,"href":"https:\/\/fashiongold.lt\/et\/wp-json\/wp\/v2\/product_cat?post=285503"},{"taxonomy":"product_tag","embeddable":true,"href":"https:\/\/fashiongold.lt\/et\/wp-json\/wp\/v2\/product_tag?post=285503"}],"curies":[{"name":"wp","href":"https:\/\/api.w.org\/{rel}","templated":true}]}}