{"id":285508,"date":"2025-10-09T17:17:52","date_gmt":"2025-10-09T17:17:52","guid":{"rendered":"https:\/\/fashiongold.lt\/papuosalas\/modernne-abielusormus-ilma-teemandita-princess\/"},"modified":"2025-10-09T17:17:52","modified_gmt":"2025-10-09T17:17:52","slug":"modernne-abielusormus-ilma-teemandita-princess","status":"publish","type":"product","link":"https:\/\/fashiongold.lt\/et\/papuosalas\/modernne-abielusormus-ilma-teemandita-princess\/","title":{"rendered":"Modernne abielus\u00f5rmus ilma teemandita \u2013 Princess"},"content":{"rendered":"<p>&#8220;Gerstner&#8221;, 150-aastase kogemusega Saksamaa abielus\u00f5rmuste tootja, pakub k\u00f5rgeima kvaliteediga s\u00f5rmuseid. Kordumatu iluga abielus\u00f5rmused on eksklusiivse stiili, k\u00f5rge kvaliteedi ja mugavustsooniga (comfort fit). Suurep\u00e4rane valik, mis peegeldab teie armastuslugu. Nende tehnoloogia on eriline &#8211; abielus\u00f5rmused on valmistatud karastatud kullast, mis on vastupidav mikrom\u00f5radele, ei sisalda niklit ning kriimustub v\u00e4hem. S\u00f5rmust saab valmistada tellimuse j\u00e4rgi: punasest, kollasest v\u00f5i valgest kullast, lisatasu eest erineva laiusega v\u00f5i teemantidega.<\/p>\n<p>\u2022 S\u00f5rmuse kuld: 14 K (proov 585), saame valmistada ka 10K (proov 375), 18K (proov 750), Pt600, Pt950 <\/p>\n<p>\u2022 S\u00f5rmuse v\u00e4rv: valida saab valge, kollase, punase kulla vahel v\u00f5i teist v\u00e4rvi servadega. <\/p>\n<p>\u2022 S\u00f5rmusepaari kaal (s\u00f5ltub suurusest ja proovist): vastavalt faktilisele kaalule <\/p>\n<p>\u2022 S\u00f5rmuse m\u00f5\u00f5tmed: laius 6 mm, k\u00f5rgus 2,2 mm (muudetav) <\/p>\n<p>\u2022 S\u00f5rmuse mugavustsoon: olemas <\/p>\n<p>\u2022 Teemandi t\u00fc\u00fcp: puudub (muudetav) <\/p>\n<p>\u2022 Teemandi kuju: puudub (muudetav) <\/p>\n<p>\u2022 Teemandi omadused: puuduvad (muudetav) <\/p>\n<p>\u2022 Sertifikaat: Leedu Proovikoda (LPR) ja Gerstner ettev\u00f5tte oma <\/p>\n<p>\u2022 Graveerimine tasuta <\/p>\n<p>\u2022 \u00dchekordne tasuta s\u00f5rmuse suuruse muutmise garantii <\/p>\n<p>\u2022 Tootmis- ja tarneaeg alates 14 t\u00f6\u00f6p\u00e4evast, kiirtellimusel 3 t\u00f6\u00f6p\u00e4eva jooksul <\/p>\n<p><strong>On teil oma kulda? V\u00f5tke \u00fchendust, arvutame hinna \u00fcmber \u2013 maksate ainult s\u00f5rmuste valmistamise eest.<\/strong><\/p>\n","protected":false},"excerpt":{"rendered":"<p>Moodne 6 mm kullast abielus\u00f5rmus, k\u00e4sit\u00f6\u00f6. Ideaalne valik neile, kes hindavad k\u00f5rget kvaliteeti ja mugavust. Valmistatud Saksamaal ettev\u00f5ttes \u201eGerstner\u201c, j\u00e4rgides k\u00f5rgeimaid standardeid. S\u00f5rmuse kuju on v\u00e4ljastpoolt kergelt kumer ja sees on minimaalne mugavustsoon, tagades maksimaalse mugavuse igap\u00e4evaseks kandmiseks.<\/p>\n","protected":false},"featured_media":45280,"template":"","meta":{"site-sidebar-layout":"","site-content-layout":"","ast-site-content-layout":"","site-content-style":"","site-sidebar-style":"","ast-global-header-display":"","ast-banner-title-visibility":"","ast-main-header-display":"","ast-hfb-above-header-display":"","ast-hfb-below-header-display":"","ast-hfb-mobile-header-display":"","site-post-title":"","ast-breadcrumbs-content":"","ast-featured-img":"","footer-sml-layout":"","ast-disable-related-posts":"","theme-transparent-header-meta":"","adv-header-id-meta":"","stick-header-meta":"","header-above-stick-meta":"","header-main-stick-meta":"","header-below-stick-meta":"","astra-migrate-meta-layouts":"default","ast-page-background-enabled":"default","ast-page-background-meta":{"desktop":{"background-color":"var(--ast-global-color-4)","background-image":"","background-repeat":"repeat","background-position":"center center","background-size":"auto","background-attachment":"scroll","background-type":"","background-media":"","overlay-type":"","overlay-color":"","overlay-opacity":"","overlay-gradient":""},"tablet":{"background-color":"","background-image":"","background-repeat":"repeat","background-position":"center center","background-size":"auto","background-attachment":"scroll","background-type":"","background-media":"","overlay-type":"","overlay-color":"","overlay-opacity":"","overlay-gradient":""},"mobile":{"background-color":"","background-image":"","background-repeat":"repeat","background-position":"center center","background-size":"auto","background-attachment":"scroll","background-type":"","background-media":"","overlay-type":"","overlay-color":"","overlay-opacity":"","overlay-gradient":""}},"ast-content-background-meta":{"desktop":{"background-color":"var(--ast-global-color-5)","background-image":"","background-repeat":"repeat","background-position":"center center","background-size":"auto","background-attachment":"scroll","background-type":"","background-media":"","overlay-type":"","overlay-color":"","overlay-opacity":"","overlay-gradient":""},"tablet":{"background-color":"var(--ast-global-color-5)","background-image":"","background-repeat":"repeat","background-position":"center center","background-size":"auto","background-attachment":"scroll","background-type":"","background-media":"","overlay-type":"","overlay-color":"","overlay-opacity":"","overlay-gradient":""},"mobile":{"background-color":"var(--ast-global-color-5)","background-image":"","background-repeat":"repeat","background-position":"center center","background-size":"auto","background-attachment":"scroll","background-type":"","background-media":"","overlay-type":"","overlay-color":"","overlay-opacity":"","overlay-gradient":""}}},"product_brand":[],"product_cat":[3594,3768,3597,3807],"product_tag":[],"class_list":{"0":"post-285508","1":"product","2":"type-product","3":"status-publish","4":"has-post-thumbnail","6":"product_cat-abielusormused","7":"product_cat-meeste-abielusormused","8":"product_cat-modernsed-pulmasormused","9":"product_cat-saksa-abielusormused-gerstner","10":"desktop-align-center","11":"tablet-align-left","12":"mobile-align-left","13":"ast-product-gallery-layout-horizontal-slider","14":"ast-product-gallery-with-no-image","15":"ast-product-single-variable","16":"ast-product-tabs-layout-accordion","17":"ast-qv-on-image","19":"first","20":"instock","21":"taxable","22":"shipping-taxable","23":"purchasable","24":"product-type-variable"},"yoast_head":"<!-- This site is optimized with the Yoast SEO plugin v26.6 - https:\/\/yoast.com\/wordpress\/plugins\/seo\/ -->\n<title>Moodne abielus\u00f5rmus ilma teemandita - Princess I FashionGold.lt<\/title>\n<meta name=\"description\" content=\"Moodne 6 mm abielus\u00f5rmus. Valmistatud Saksamaal, ettev\u00f5ttes \u201eGerstner\u201c, j\u00e4rgides k\u00f5rgeimaid standardeid. K\u00e4sit\u00f6\u00f6. Tasuta tarne.\" \/>\n<meta name=\"robots\" content=\"index, follow, max-snippet:-1, max-image-preview:large, max-video-preview:-1\" \/>\n<link rel=\"canonical\" href=\"https:\/\/fashiongold.lt\/et\/papuosalas\/modernne-abielusormus-ilma-teemandita-princess\/\" \/>\n<meta property=\"og:locale\" content=\"et_EE\" \/>\n<meta property=\"og:type\" content=\"article\" \/>\n<meta property=\"og:title\" content=\"Moodne abielus\u00f5rmus ilma teemandita - Princess I FashionGold.lt\" \/>\n<meta property=\"og:description\" content=\"Moodne 6 mm abielus\u00f5rmus. Valmistatud Saksamaal, ettev\u00f5ttes \u201eGerstner\u201c, j\u00e4rgides k\u00f5rgeimaid standardeid. K\u00e4sit\u00f6\u00f6. Tasuta tarne.\" \/>\n<meta property=\"og:url\" content=\"https:\/\/fashiongold.lt\/et\/papuosalas\/modernne-abielusormus-ilma-teemandita-princess\/\" \/>\n<meta property=\"og:site_name\" content=\"FashionGold.lt\" \/>\n<meta property=\"og:image\" content=\"https:\/\/fashiongold.lt\/wp-content\/uploads\/2025\/10\/581-c9e-Modernus-vestuvinis-ziedas-be-deimanto-Princess.webp\" \/>\n\t<meta property=\"og:image:width\" content=\"570\" \/>\n\t<meta property=\"og:image:height\" content=\"660\" \/>\n\t<meta property=\"og:image:type\" content=\"image\/jpeg\" \/>\n<meta name=\"twitter:card\" content=\"summary_large_image\" \/>\n<meta name=\"twitter:label1\" content=\"Est. reading time\" \/>\n\t<meta name=\"twitter:data1\" content=\"1 minut\" \/>\n<script type=\"application\/ld+json\" class=\"yoast-schema-graph\">{\"@context\":\"https:\/\/schema.org\",\"@graph\":[{\"@type\":\"WebPage\",\"@id\":\"https:\/\/fashiongold.lt\/et\/papuosalas\/modernne-abielusormus-ilma-teemandita-princess\/\",\"url\":\"https:\/\/fashiongold.lt\/et\/papuosalas\/modernne-abielusormus-ilma-teemandita-princess\/\",\"name\":\"Moodne abielus\u00f5rmus ilma teemandita - Princess I FashionGold.lt\",\"isPartOf\":{\"@id\":\"https:\/\/fashiongold.lt\/et\/#website\"},\"primaryImageOfPage\":{\"@id\":\"https:\/\/fashiongold.lt\/et\/papuosalas\/modernne-abielusormus-ilma-teemandita-princess\/#primaryimage\"},\"image\":{\"@id\":\"https:\/\/fashiongold.lt\/et\/papuosalas\/modernne-abielusormus-ilma-teemandita-princess\/#primaryimage\"},\"thumbnailUrl\":\"https:\/\/fashiongold.lt\/wp-content\/uploads\/2025\/10\/581-c9e-Modernus-vestuvinis-ziedas-be-deimanto-Princess.jpg\",\"datePublished\":\"2025-10-09T17:17:52+00:00\",\"description\":\"Moodne 6 mm abielus\u00f5rmus. Valmistatud Saksamaal, ettev\u00f5ttes \u201eGerstner\u201c, j\u00e4rgides k\u00f5rgeimaid standardeid. K\u00e4sit\u00f6\u00f6. Tasuta tarne.\",\"breadcrumb\":{\"@id\":\"https:\/\/fashiongold.lt\/et\/papuosalas\/modernne-abielusormus-ilma-teemandita-princess\/#breadcrumb\"},\"inLanguage\":\"et\",\"potentialAction\":[{\"@type\":\"ReadAction\",\"target\":[\"https:\/\/fashiongold.lt\/et\/papuosalas\/modernne-abielusormus-ilma-teemandita-princess\/\"]}]},{\"@type\":\"ImageObject\",\"inLanguage\":\"et\",\"@id\":\"https:\/\/fashiongold.lt\/et\/papuosalas\/modernne-abielusormus-ilma-teemandita-princess\/#primaryimage\",\"url\":\"https:\/\/fashiongold.lt\/wp-content\/uploads\/2025\/10\/581-c9e-Modernus-vestuvinis-ziedas-be-deimanto-Princess.jpg\",\"contentUrl\":\"https:\/\/fashiongold.lt\/wp-content\/uploads\/2025\/10\/581-c9e-Modernus-vestuvinis-ziedas-be-deimanto-Princess.jpg\",\"width\":570,\"height\":660},{\"@type\":\"BreadcrumbList\",\"@id\":\"https:\/\/fashiongold.lt\/et\/papuosalas\/modernne-abielusormus-ilma-teemandita-princess\/#breadcrumb\",\"itemListElement\":[{\"@type\":\"ListItem\",\"position\":1,\"name\":\"Home\",\"item\":\"https:\/\/fashiongold.lt\/et\/\"},{\"@type\":\"ListItem\",\"position\":2,\"name\":\"Teemantide pood Fashiongold.lt\",\"item\":\"https:\/\/fashiongold.lt\/shop-2\/\"},{\"@type\":\"ListItem\",\"position\":3,\"name\":\"Modernne abielus\u00f5rmus ilma teemandita \u2013 Princess\"}]},{\"@type\":\"WebSite\",\"@id\":\"https:\/\/fashiongold.lt\/et\/#website\",\"url\":\"https:\/\/fashiongold.lt\/et\/\",\"name\":\"Fashion Gold\",\"description\":\"Juvelyrikos namai\",\"publisher\":{\"@id\":\"https:\/\/fashiongold.lt\/et\/#organization\"},\"potentialAction\":[{\"@type\":\"SearchAction\",\"target\":{\"@type\":\"EntryPoint\",\"urlTemplate\":\"https:\/\/fashiongold.lt\/et\/?s={search_term_string}\"},\"query-input\":{\"@type\":\"PropertyValueSpecification\",\"valueRequired\":true,\"valueName\":\"search_term_string\"}}],\"inLanguage\":\"et\"},{\"@type\":\"Organization\",\"@id\":\"https:\/\/fashiongold.lt\/et\/#organization\",\"name\":\"Topdiamonds Online\",\"url\":\"https:\/\/fashiongold.lt\/et\/\",\"logo\":{\"@type\":\"ImageObject\",\"inLanguage\":\"et\",\"@id\":\"https:\/\/fashiongold.lt\/et\/#\/schema\/logo\/image\/\",\"url\":\"https:\/\/fashiongold.lt\/wp-content\/uploads\/2025\/04\/cropped-fashion_gold_logotipas2-scaled-1.png\",\"contentUrl\":\"https:\/\/fashiongold.lt\/wp-content\/uploads\/2025\/04\/cropped-fashion_gold_logotipas2-scaled-1.png\",\"width\":2559,\"height\":421,\"caption\":\"Topdiamonds Online\"},\"image\":{\"@id\":\"https:\/\/fashiongold.lt\/et\/#\/schema\/logo\/image\/\"}}]}<\/script>\n<!-- \/ Yoast SEO plugin. -->","yoast_head_json":{"title":"Moodne abielus\u00f5rmus ilma teemandita - Princess I FashionGold.lt","description":"Moodne 6 mm abielus\u00f5rmus. Valmistatud Saksamaal, ettev\u00f5ttes \u201eGerstner\u201c, j\u00e4rgides k\u00f5rgeimaid standardeid. K\u00e4sit\u00f6\u00f6. Tasuta tarne.","robots":{"index":"index","follow":"follow","max-snippet":"max-snippet:-1","max-image-preview":"max-image-preview:large","max-video-preview":"max-video-preview:-1"},"canonical":"https:\/\/fashiongold.lt\/et\/papuosalas\/modernne-abielusormus-ilma-teemandita-princess\/","og_locale":"et_EE","og_type":"article","og_title":"Moodne abielus\u00f5rmus ilma teemandita - Princess I FashionGold.lt","og_description":"Moodne 6 mm abielus\u00f5rmus. Valmistatud Saksamaal, ettev\u00f5ttes \u201eGerstner\u201c, j\u00e4rgides k\u00f5rgeimaid standardeid. K\u00e4sit\u00f6\u00f6. Tasuta tarne.","og_url":"https:\/\/fashiongold.lt\/et\/papuosalas\/modernne-abielusormus-ilma-teemandita-princess\/","og_site_name":"FashionGold.lt","og_image":[{"width":570,"height":660,"url":"https:\/\/fashiongold.lt\/wp-content\/uploads\/2025\/10\/581-c9e-Modernus-vestuvinis-ziedas-be-deimanto-Princess.webp","type":"image\/jpeg"}],"twitter_card":"summary_large_image","twitter_misc":{"Est. reading time":"1 minut"},"schema":{"@context":"https:\/\/schema.org","@graph":[{"@type":"WebPage","@id":"https:\/\/fashiongold.lt\/et\/papuosalas\/modernne-abielusormus-ilma-teemandita-princess\/","url":"https:\/\/fashiongold.lt\/et\/papuosalas\/modernne-abielusormus-ilma-teemandita-princess\/","name":"Moodne abielus\u00f5rmus ilma teemandita - Princess I FashionGold.lt","isPartOf":{"@id":"https:\/\/fashiongold.lt\/et\/#website"},"primaryImageOfPage":{"@id":"https:\/\/fashiongold.lt\/et\/papuosalas\/modernne-abielusormus-ilma-teemandita-princess\/#primaryimage"},"image":{"@id":"https:\/\/fashiongold.lt\/et\/papuosalas\/modernne-abielusormus-ilma-teemandita-princess\/#primaryimage"},"thumbnailUrl":"https:\/\/fashiongold.lt\/wp-content\/uploads\/2025\/10\/581-c9e-Modernus-vestuvinis-ziedas-be-deimanto-Princess.jpg","datePublished":"2025-10-09T17:17:52+00:00","description":"Moodne 6 mm abielus\u00f5rmus. Valmistatud Saksamaal, ettev\u00f5ttes \u201eGerstner\u201c, j\u00e4rgides k\u00f5rgeimaid standardeid. K\u00e4sit\u00f6\u00f6. Tasuta tarne.","breadcrumb":{"@id":"https:\/\/fashiongold.lt\/et\/papuosalas\/modernne-abielusormus-ilma-teemandita-princess\/#breadcrumb"},"inLanguage":"et","potentialAction":[{"@type":"ReadAction","target":["https:\/\/fashiongold.lt\/et\/papuosalas\/modernne-abielusormus-ilma-teemandita-princess\/"]}]},{"@type":"ImageObject","inLanguage":"et","@id":"https:\/\/fashiongold.lt\/et\/papuosalas\/modernne-abielusormus-ilma-teemandita-princess\/#primaryimage","url":"https:\/\/fashiongold.lt\/wp-content\/uploads\/2025\/10\/581-c9e-Modernus-vestuvinis-ziedas-be-deimanto-Princess.jpg","contentUrl":"https:\/\/fashiongold.lt\/wp-content\/uploads\/2025\/10\/581-c9e-Modernus-vestuvinis-ziedas-be-deimanto-Princess.jpg","width":570,"height":660},{"@type":"BreadcrumbList","@id":"https:\/\/fashiongold.lt\/et\/papuosalas\/modernne-abielusormus-ilma-teemandita-princess\/#breadcrumb","itemListElement":[{"@type":"ListItem","position":1,"name":"Home","item":"https:\/\/fashiongold.lt\/et\/"},{"@type":"ListItem","position":2,"name":"Teemantide pood Fashiongold.lt","item":"https:\/\/fashiongold.lt\/shop-2\/"},{"@type":"ListItem","position":3,"name":"Modernne abielus\u00f5rmus ilma teemandita \u2013 Princess"}]},{"@type":"WebSite","@id":"https:\/\/fashiongold.lt\/et\/#website","url":"https:\/\/fashiongold.lt\/et\/","name":"Fashion Gold","description":"Juvelyrikos namai","publisher":{"@id":"https:\/\/fashiongold.lt\/et\/#organization"},"potentialAction":[{"@type":"SearchAction","target":{"@type":"EntryPoint","urlTemplate":"https:\/\/fashiongold.lt\/et\/?s={search_term_string}"},"query-input":{"@type":"PropertyValueSpecification","valueRequired":true,"valueName":"search_term_string"}}],"inLanguage":"et"},{"@type":"Organization","@id":"https:\/\/fashiongold.lt\/et\/#organization","name":"Topdiamonds Online","url":"https:\/\/fashiongold.lt\/et\/","logo":{"@type":"ImageObject","inLanguage":"et","@id":"https:\/\/fashiongold.lt\/et\/#\/schema\/logo\/image\/","url":"https:\/\/fashiongold.lt\/wp-content\/uploads\/2025\/04\/cropped-fashion_gold_logotipas2-scaled-1.png","contentUrl":"https:\/\/fashiongold.lt\/wp-content\/uploads\/2025\/04\/cropped-fashion_gold_logotipas2-scaled-1.png","width":2559,"height":421,"caption":"Topdiamonds Online"},"image":{"@id":"https:\/\/fashiongold.lt\/et\/#\/schema\/logo\/image\/"}}]}},"_links":{"self":[{"href":"https:\/\/fashiongold.lt\/et\/wp-json\/wp\/v2\/product\/285508","targetHints":{"allow":["GET"]}}],"collection":[{"href":"https:\/\/fashiongold.lt\/et\/wp-json\/wp\/v2\/product"}],"about":[{"href":"https:\/\/fashiongold.lt\/et\/wp-json\/wp\/v2\/types\/product"}],"version-history":[{"count":0,"href":"https:\/\/fashiongold.lt\/et\/wp-json\/wp\/v2\/product\/285508\/revisions"}],"wp:featuredmedia":[{"embeddable":true,"href":"https:\/\/fashiongold.lt\/et\/wp-json\/wp\/v2\/media\/45280"}],"wp:attachment":[{"href":"https:\/\/fashiongold.lt\/et\/wp-json\/wp\/v2\/media?parent=285508"}],"wp:term":[{"taxonomy":"product_brand","embeddable":true,"href":"https:\/\/fashiongold.lt\/et\/wp-json\/wp\/v2\/product_brand?post=285508"},{"taxonomy":"product_cat","embeddable":true,"href":"https:\/\/fashiongold.lt\/et\/wp-json\/wp\/v2\/product_cat?post=285508"},{"taxonomy":"product_tag","embeddable":true,"href":"https:\/\/fashiongold.lt\/et\/wp-json\/wp\/v2\/product_tag?post=285508"}],"curies":[{"name":"wp","href":"https:\/\/api.w.org\/{rel}","templated":true}]}}